{"id":18925,"date":"2024-08-15T14:36:01","date_gmt":"2024-08-15T14:36:01","guid":{"rendered":"https:\/\/aztex.ee\/muugitingimused\/"},"modified":"2024-10-01T20:16:48","modified_gmt":"2024-10-01T20:16:48","slug":"myyntiehdot","status":"publish","type":"page","link":"https:\/\/aztex.ee\/fi\/myyntiehdot\/","title":{"rendered":"Myyntiehdot"},"content":{"rendered":"\n<p>Verkkokaupan <strong>aztex.ee<\/strong> (j\u00e4ljemp\u00e4n\u00e4 Verkkokauppa) omistaja on <strong>Minu Baltic O\u00dc<\/strong> (rekisteritunnus <strong>16809904<\/strong>), joka sijaitsee Ida-Viru l\u00e4\u00e4niss\u00e4, L\u00fcganusen kaupungissa, Papli 4-6, postinumero 43301.<\/p>\n\n\n\n<ol class=\"wp-block-list\">\n<li>Myyntisopimuksen voimassaolo, tuote- ja hintatiedot<\/li>\n<\/ol>\n\n\n\n<p>Myyntiehdot koskevat tavaroiden ostamista Minu Baltic O\u00dc:n verkkokaupasta. Verkkokaupassa myyt\u00e4vien tuotteiden hinnat on ilmoitettu tuotteiden vieress\u00e4. Hinta sis\u00e4lt\u00e4\u00e4 toimitusmaksun, ellei toisin mainita. Verkkokaupassa myyt\u00e4vien tuotteiden hinnat ovat euroissa ja my\u00f6s maksu suoritetaan euroissa. Tuotteen tiedot l\u00f6ytyv\u00e4t verkkokaupassa suoraan tuotteen vierest\u00e4.<\/p>\n\n\n\n<ol start=\"2\" class=\"wp-block-list\">\n<li>Tilauksen\/maksuvaihtoehtojen muodostaminen<\/li>\n<\/ol>\n\n\n\n<p>Tavaran tilaamiseksi sinun tulee lis\u00e4t\u00e4 haluamasi tuotteet ostoskoriin. Tilauksen viimeistelemiseksi sinun tulee t\u00e4ytt\u00e4\u00e4 vaaditut tietokent\u00e4t ja valita sopiva tuotteen toimitustapa. T\u00e4m\u00e4n j\u00e4lkeen n\u00e4yt\u00f6ll\u00e4 n\u00e4kyy maksun m\u00e4\u00e4r\u00e4, jonka voi maksaa turvallisesti seuraavilla maksutavoilla:<\/p>\n\n\n\n<p>\u2013 Pankkisiirto;<\/p>\n\n\n\n<p>\u2013 Viron, Latvian, Liettuan ja Suomen pankkilinkit;<\/p>\n\n\n\n<p>\u2013 Luottokorttimaksu.<\/p>\n\n\n\n<p>Maksaaksesi pankkilinkill\u00e4, klikkaa kotipankkisi logoa ja sinut ohjataan verkkopankkisivulle, jossa sinua odottaa esit\u00e4ytetty maksum\u00e4\u00e4r\u00e4ys. Varmista, ett\u00e4 summa on oikea ja vahvista tapahtuma. Muista sitten napsauttaa &#8221;Takaisin kauppiaalle&#8221; -painiketta &#8211; t\u00e4m\u00e4 on ainoa tapa saada v\u00e4litt\u00f6m\u00e4sti viesti j\u00e4rjestelm\u00e4st\u00e4mme, ett\u00e4 olet suorittanut maksun onnistuneesti.<\/p>\n\n\n\n<p>Sy\u00f6t\u00e4t pankkitietosi suoraan Pankkikorttikeskusj\u00e4rjestelm\u00e4\u00e4n. Pankkitiliisi ja maksuun liittyvi\u00e4 tietoja ei tallenneta, tiedonsiirtoon k\u00e4ytet\u00e4\u00e4n suojattua SSL-yhteytt\u00e4.<\/p>\n\n\n\n<p>Minu Baltic O\u00dc on henkil\u00f6tietojen rekisterinpit\u00e4j\u00e4, Minu Baltic O\u00dc siirt\u00e4\u00e4 maksujen suorittamiseen tarvittavat henkil\u00f6tiedot valtuutetulle k\u00e4sittelij\u00e4lle <strong>Maksekeskus AS<\/strong>.<\/p>\n\n\n\n<p>Sopimus astuu voimaan, kun maksettava summa on saapunut verkkokaupan k\u00e4ytt\u00f6tilille.<\/p>\n\n\n\n<ol start=\"3\" class=\"wp-block-list\">\n<li>Toimitus<\/li>\n<\/ol>\n\n\n\n<p>Tavarat l\u00e4hetet\u00e4\u00e4n seuraaviin maihin: Viro ja muut Euroopan maat ostoskorissa n\u00e4kyv\u00e4n hinnan ja kuljetustavan mukaan. Toimitus muihin maihin ja alueille erillisell\u00e4 sopimuksella.<\/p>\n\n\n\n<p>Ostetut tuotteet ovat postimaksuja (ellei toisin mainita), jonka ostaja maksaa. Toimitamme tilaukset valitsemasi kuljetustavan mukaan. L\u00e4het\u00e4mme tilauksesi 1-3 arkip\u00e4iv\u00e4n kuluessa, kun tilauksesta maksamasi summa on saapunut Minu Baltic O\u00dc:n k\u00e4ytt\u00f6tilille. Poikkeustapauksissa toimitusaika voi olla pidempi, jolloin ilmoitamme siit\u00e4 erikseen.<\/p>\n\n\n\n<p>Mik\u00e4li tilattua tavaraa ei voida toimittaa tavaran loppumisen vuoksi tai jostain muusta syyst\u00e4, siit\u00e4 ilmoitetaan ostajalle mahdollisimman pian ja maksetut rahat (mukaan lukien tavaran toimituskulut) palautetaan viipym\u00e4tt\u00e4, mutta viimeist\u00e4\u00e4n 14 p\u00e4iv\u00e4n kuluessa ilmoituksen l\u00e4hett\u00e4misest\u00e4.<\/p>\n\n\n\n<ol start=\"4\" class=\"wp-block-list\">\n<li>Tuotteet ja tuotteiden saatavuus<\/li>\n<\/ol>\n\n\n\n<p>P\u00e4ivit\u00e4mme jatkuvasti tuotevalikoimaamme. Saattaa kuitenkin k\u00e4yd\u00e4 niin, ett\u00e4 tuotteiden saatavuus loppuu ennen kuin tuoteluettelo p\u00e4ivitet\u00e4\u00e4n. T\u00e4ss\u00e4 tapauksessa otamme sinuun yhteytt\u00e4 ja sopimuksen mukaan vaihdamme tuotteen tai peruutamme tilauksen. Jos tilaus peruutetaan varaston loppumisen vuoksi, hyvit\u00e4mme rahat 7 arkip\u00e4iv\u00e4n kuluessa.<\/p>\n\n\n\n<ol start=\"5\" class=\"wp-block-list\">\n<li>Muut ehdot<\/li>\n<\/ol>\n\n\n\n<p>Pid\u00e4t\u00e4mme oikeuden muuttaa ja t\u00e4ydent\u00e4\u00e4 tarjottujen tuotteiden hintoja. T\u00e4h\u00e4n liittyv\u00e4t muutokset astuvat voimaan heti, kun ne ilmestyv\u00e4t verkkokauppaamme.<\/p>\n\n\n\n<p>Myyj\u00e4 ei vastaa tuotteen virheist\u00e4, jotka ovat syntyneet ostajan tuottamuksesta tai jos virhe on syntynyt tuotteen virheellisen k\u00e4yt\u00f6n seurauksena.<\/p>\n\n\n\n<p>Myyj\u00e4ll\u00e4 on oikeus peruuttaa tilaus, jos tilatun tavaran varasto on loppunut.<\/p>\n\n\n\n<p>Mik\u00e4li verkkokaupassa tarjotun tuotteen hinta on teknisen virheen vuoksi muuttunut\/tehty kohtuuttoman halvaksi verrattuna tuotteen normaaliin markkinahintaan, myyj\u00e4ll\u00e4 on oikeus vet\u00e4yty\u00e4 tuotteen myynnist\u00e4. teknisest\u00e4 virheest\u00e4 johtuen v\u00e4\u00e4r\u00e4ll\u00e4 hinnalla, mik\u00e4li myyj\u00e4 ei ole viel\u00e4 l\u00e4hett\u00e4nyt tuotetta ostajalle.<\/p>\n\n\n\n<ol start=\"6\" class=\"wp-block-list\">\n<li>Reklamaatioiden esitt\u00e4minen ja tavaroiden palautus<\/li>\n<\/ol>\n\n\n\n<p>Kaikki tuotteet ovat siviililain 218 \u00a7:n mukaisen reklamaatioajan alaisia. Ostolasku toimii palautustodistuksena. Tuotteiden osalta noudata tuotteen mukana tulleita k\u00e4ytt\u00f6ohjeita ja hoito-ohjeita. Reklamaatio-oikeus ei ole voimassa, jos tavaran puute johtuu tuotteen virheellisest\u00e4 k\u00e4yt\u00f6st\u00e4 tai tuotteen vaurioitumisesta. Reklamaatiota varten l\u00e4het\u00e4 tarkka kuvaus virheest\u00e4, tilauksen tehneen henkil\u00f6n nimi, puhelinnumero ja tilausnumero osoitteeseen info@aztex.ee<\/p>\n\n\n\n<p>Tuotteiden palautusoikeus on 14 p\u00e4iv\u00e4\u00e4. Tavaran tulee olla alkuper\u00e4isess\u00e4 pakkauksessaan, jossa on alkuper\u00e4inen lasku ja kaikki merkinn\u00e4t. Tavaraa ei saa k\u00e4ytt\u00e4\u00e4. Peruuttamisilmoituksen saatuaan elinkeinonharjoittajan on palautettava kuluttajalle viipym\u00e4tt\u00e4, mutta viimeist\u00e4\u00e4n 14 p\u00e4iv\u00e4n kuluessa, kaikki kuluttajalta sopimuksen perusteella saamansa maksut, mukaan lukien kuluttajan tapauksen toimituskulut. Jos kuluttaja on nimenomaisesti valinnut elinkeinonharjoittajan tarjoamasta halvimmasta tavanomaisesta toimitustavasta poikkeavan toimitustavan, yritt\u00e4j\u00e4n ei tarvitse palauttaa kuluttajalle kuluja, jotka ylitt\u00e4v\u00e4t tavanomaiseen toimitustapaan liittyv\u00e4t kulut (V\u00d5S \u00a7 492). ). Jos palautettava tuote on avattu tai vahingoittunut muulla tavalla, tuote ei ole palautusoikeutta ja se katsotaan k\u00e4ytetyksi. Palautusosoite ja toimitustapa sovitaan tapauskohtaisesti.<\/p>\n\n\n\n<p>Tavaran palauttamiseksi sinun tulee tehd\u00e4 peruuttamishakemus tuotteen ostosta, jonka lomake l\u00f6ytyy t\u00e4\u00e4lt\u00e4: peruuttamishakemus ja l\u00e4hetett\u00e4v\u00e4 se s\u00e4hk\u00f6postiosoitteeseen info@aztex.ee<br>viimeist\u00e4\u00e4n 14 p\u00e4iv\u00e4n kuluessa tavaran vastaanottamisesta.<\/p>\n\n\n\n<p>Tavaran palautuskulut maksaa ostaja, ellei palautuksen syyn\u00e4 ole se, ett\u00e4 palautettava tuote ei vastaa tilattua (esim. v\u00e4\u00e4r\u00e4 tai viallinen tuote).<\/p>\n\n\n\n<p>Mik\u00e4li Asiakas ei nouta tilausta postitoimistosta\/pakettiautomaatista s\u00e4ilytysajan kuluessa, tilaus palautetaan Minu Baltic O\u00dc:lle. Tilauksen vastaanottamiseksi asiakkaan tulee maksaa Minu Baltic O\u00dc:lle paketin palautus- ja uudelleenl\u00e4hetyskulut voimassa olevan Omniva\/Itella Smartpost\/DPD hinnaston mukaisesti. Alkuper\u00e4ist\u00e4 kuljetusmaksua ei palauteta mainitun kohdan mukaisesti.<\/p>\n\n\n\n<p>Palveluntarjoaja vastaa myydyn tavaran sopimusehtojen vastaisista tai virheist\u00e4, jotka ilmenev\u00e4t kahden vuoden kuluessa tavaran luovuttamisesta kuluttajalle. Ensimm\u00e4isen kuuden kuukauden kuluessa tavaran toimittamisesta ostajalle oletetaan, ett\u00e4 virhe oli olemassa jo tavaran toimitushetkell\u00e4.<\/p>\n\n\n\n<p>Jos tavarassa ilmenee virhe, kuluttajan on ilmoitettava siit\u00e4 myyj\u00e4lle viimeist\u00e4\u00e4n kahden kuukauden kuluessa tai teht\u00e4v\u00e4 reklamaatio (V\u00d5S 220 \u00a7:n 1 momentti).<\/p>\n\n\n\n<p>Jos vika havaitaan, tuotteen k\u00e4ytt\u00f6 on lopetettava v\u00e4litt\u00f6m\u00e4sti.<\/p>\n\n\n\n<p>Vaatimus on esitett\u00e4v\u00e4 muodossa, joka mahdollistaa kirjallisen j\u00e4ljent\u00e4misen, ja siin\u00e4 on mainittava:<\/p>\n\n\n\n<p>\u2013 kuluttajan nimi ja yhteystiedot;<\/p>\n\n\n\n<p>\u2013 valituksen tekop\u00e4iv\u00e4;<\/p>\n\n\n\n<p>\u2013 tavaroiden tai palveluiden puute;<\/p>\n\n\n\n<p>\u2013 vaatimus yritt\u00e4j\u00e4lle;<\/p>\n\n\n\n<p>\u2013 Reklamaatioon on viitattava liiketoimen tai takuun suorittamisen todistavaan asiakirjaan tai liitett\u00e4v\u00e4 siit\u00e4 kopio.<\/p>\n\n\n\n<ol start=\"7\" class=\"wp-block-list\">\n<li>Erimielisyydet<\/li>\n<\/ol>\n\n\n\n<p>Kaikki erimielisyydet ratkaistaan \u200b\u200bkohtuullisin keskin\u00e4isin neuvotteluin. Jos osapuolet eiv\u00e4t p\u00e4\u00e4se sopimukseen, erimielisyydet ratkaistaan \u200b\u200bViron tasavallan lains\u00e4\u00e4d\u00e4nn\u00f6n mukaisesti.<\/p>\n","protected":false},"excerpt":{"rendered":"<p>Verkkokaupan aztex.ee (j\u00e4ljemp\u00e4n\u00e4 Verkkokauppa) omistaja on Minu Baltic O\u00dc (rekisteritunnus 16809904), joka sijaitsee Ida-Viru l\u00e4\u00e4niss\u00e4, L\u00fcganusen kaupungissa, Papli 4-6, postinumero<\/p>\n","protected":false},"author":1,"featured_media":0,"parent":0,"menu_order":0,"comment_status":"closed","ping_status":"closed","template":"","meta":{"footnotes":""},"class_list":["post-18925","page","type-page","status-publish","hentry"],"yoast_head":"<!-- This site is optimized with the Yoast SEO plugin v27.4 - https:\/\/yoast.com\/product\/yoast-seo-wordpress\/ -->\n<title>Myyntiehdot | AZTEX<\/title>\n<meta name=\"description\" content=\"Verkkokaupan aztex.ee (j\u00e4ljemp\u00e4n\u00e4 Verkkokauppa) omistaja on Minu Baltic O\u00dc (rekisteritunnus 16809904), joka sijaitsee Ida-Viru l\u00e4\u00e4niss\u00e4\" \/>\n<meta name=\"robots\" content=\"index, follow, max-snippet:-1, max-image-preview:large, max-video-preview:-1\" \/>\n<link rel=\"canonical\" href=\"https:\/\/aztex.ee\/fi\/myyntiehdot\/\" \/>\n<meta property=\"og:locale\" content=\"fi_FI\" \/>\n<meta property=\"og:type\" content=\"article\" \/>\n<meta property=\"og:title\" content=\"Myyntiehdot | AZTEX\" \/>\n<meta property=\"og:description\" content=\"Verkkokaupan aztex.ee (j\u00e4ljemp\u00e4n\u00e4 Verkkokauppa) omistaja on Minu Baltic O\u00dc (rekisteritunnus 16809904), joka sijaitsee Ida-Viru l\u00e4\u00e4niss\u00e4\" \/>\n<meta property=\"og:url\" content=\"https:\/\/aztex.ee\/fi\/myyntiehdot\/\" \/>\n<meta property=\"og:site_name\" content=\"AZTEX\" \/>\n<meta property=\"article:publisher\" content=\"https:\/\/www.facebook.com\/AztexEE\" \/>\n<meta property=\"article:modified_time\" content=\"2024-10-01T20:16:48+00:00\" \/>\n<meta name=\"twitter:card\" content=\"summary_large_image\" \/>\n<meta name=\"twitter:label1\" content=\"Arvioitu lukuaika\" \/>\n\t<meta name=\"twitter:data1\" content=\"5 minuuttia\" \/>\n<script type=\"application\/ld+json\" class=\"yoast-schema-graph\">{\"@context\":\"https:\\\/\\\/schema.org\",\"@graph\":[{\"@type\":\"WebPage\",\"@id\":\"https:\\\/\\\/aztex.ee\\\/fi\\\/myyntiehdot\\\/\",\"url\":\"https:\\\/\\\/aztex.ee\\\/fi\\\/myyntiehdot\\\/\",\"name\":\"Myyntiehdot | AZTEX\",\"isPartOf\":{\"@id\":\"https:\\\/\\\/aztex.ee\\\/fi\\\/#website\"},\"datePublished\":\"2024-08-15T14:36:01+00:00\",\"dateModified\":\"2024-10-01T20:16:48+00:00\",\"description\":\"Verkkokaupan aztex.ee (j\u00e4ljemp\u00e4n\u00e4 Verkkokauppa) omistaja on Minu Baltic O\u00dc (rekisteritunnus 16809904), joka sijaitsee Ida-Viru l\u00e4\u00e4niss\u00e4\",\"breadcrumb\":{\"@id\":\"https:\\\/\\\/aztex.ee\\\/fi\\\/myyntiehdot\\\/#breadcrumb\"},\"inLanguage\":\"fi\",\"potentialAction\":[{\"@type\":\"ReadAction\",\"target\":[\"https:\\\/\\\/aztex.ee\\\/fi\\\/myyntiehdot\\\/\"]}]},{\"@type\":\"BreadcrumbList\",\"@id\":\"https:\\\/\\\/aztex.ee\\\/fi\\\/myyntiehdot\\\/#breadcrumb\",\"itemListElement\":[{\"@type\":\"ListItem\",\"position\":1,\"name\":\"Etusivu\",\"item\":\"https:\\\/\\\/aztex.ee\\\/fi\\\/\"},{\"@type\":\"ListItem\",\"position\":2,\"name\":\"Myyntiehdot\"}]},{\"@type\":\"WebSite\",\"@id\":\"https:\\\/\\\/aztex.ee\\\/fi\\\/#website\",\"url\":\"https:\\\/\\\/aztex.ee\\\/fi\\\/\",\"name\":\"AZTEX\",\"description\":\"\",\"publisher\":{\"@id\":\"https:\\\/\\\/aztex.ee\\\/fi\\\/#organization\"},\"potentialAction\":[{\"@type\":\"SearchAction\",\"target\":{\"@type\":\"EntryPoint\",\"urlTemplate\":\"https:\\\/\\\/aztex.ee\\\/fi\\\/?s={search_term_string}\"},\"query-input\":{\"@type\":\"PropertyValueSpecification\",\"valueRequired\":true,\"valueName\":\"search_term_string\"}}],\"inLanguage\":\"fi\"},{\"@type\":\"Organization\",\"@id\":\"https:\\\/\\\/aztex.ee\\\/fi\\\/#organization\",\"name\":\"AZTEX\",\"url\":\"https:\\\/\\\/aztex.ee\\\/fi\\\/\",\"logo\":{\"@type\":\"ImageObject\",\"inLanguage\":\"fi\",\"@id\":\"https:\\\/\\\/aztex.ee\\\/fi\\\/#\\\/schema\\\/logo\\\/image\\\/\",\"url\":\"https:\\\/\\\/aztex.ee\\\/wp-content\\\/uploads\\\/2026\\\/01\\\/AZTEX.png\",\"contentUrl\":\"https:\\\/\\\/aztex.ee\\\/wp-content\\\/uploads\\\/2026\\\/01\\\/AZTEX.png\",\"width\":500,\"height\":500,\"caption\":\"AZTEX\"},\"image\":{\"@id\":\"https:\\\/\\\/aztex.ee\\\/fi\\\/#\\\/schema\\\/logo\\\/image\\\/\"},\"sameAs\":[\"https:\\\/\\\/www.facebook.com\\\/AztexEE\",\"https:\\\/\\\/www.instagram.com\\\/aztexeesti\\\/\",\"https:\\\/\\\/www.youtube.com\\\/@AZTEXEE\",\"https:\\\/\\\/www.pinterest.com\\\/aztex_eesti\\\/\",\"https:\\\/\\\/www.tiktok.com\\\/@aztexeesti\",\"https:\\\/\\\/www.trustpilot.com\\\/review\\\/aztex.ee\",\"https:\\\/\\\/www.linkedin.com\\\/company\\\/aztex-ee\\\/\",\"https:\\\/\\\/www.wikidata.org\\\/wiki\\\/Q137560182\"]}]}<\/script>\n<!-- \/ Yoast SEO plugin. -->","yoast_head_json":{"title":"Myyntiehdot | AZTEX","description":"Verkkokaupan aztex.ee (j\u00e4ljemp\u00e4n\u00e4 Verkkokauppa) omistaja on Minu Baltic O\u00dc (rekisteritunnus 16809904), joka sijaitsee Ida-Viru l\u00e4\u00e4niss\u00e4","robots":{"index":"index","follow":"follow","max-snippet":"max-snippet:-1","max-image-preview":"max-image-preview:large","max-video-preview":"max-video-preview:-1"},"canonical":"https:\/\/aztex.ee\/fi\/myyntiehdot\/","og_locale":"fi_FI","og_type":"article","og_title":"Myyntiehdot | AZTEX","og_description":"Verkkokaupan aztex.ee (j\u00e4ljemp\u00e4n\u00e4 Verkkokauppa) omistaja on Minu Baltic O\u00dc (rekisteritunnus 16809904), joka sijaitsee Ida-Viru l\u00e4\u00e4niss\u00e4","og_url":"https:\/\/aztex.ee\/fi\/myyntiehdot\/","og_site_name":"AZTEX","article_publisher":"https:\/\/www.facebook.com\/AztexEE","article_modified_time":"2024-10-01T20:16:48+00:00","twitter_card":"summary_large_image","twitter_misc":{"Arvioitu lukuaika":"5 minuuttia"},"schema":{"@context":"https:\/\/schema.org","@graph":[{"@type":"WebPage","@id":"https:\/\/aztex.ee\/fi\/myyntiehdot\/","url":"https:\/\/aztex.ee\/fi\/myyntiehdot\/","name":"Myyntiehdot | AZTEX","isPartOf":{"@id":"https:\/\/aztex.ee\/fi\/#website"},"datePublished":"2024-08-15T14:36:01+00:00","dateModified":"2024-10-01T20:16:48+00:00","description":"Verkkokaupan aztex.ee (j\u00e4ljemp\u00e4n\u00e4 Verkkokauppa) omistaja on Minu Baltic O\u00dc (rekisteritunnus 16809904), joka sijaitsee Ida-Viru l\u00e4\u00e4niss\u00e4","breadcrumb":{"@id":"https:\/\/aztex.ee\/fi\/myyntiehdot\/#breadcrumb"},"inLanguage":"fi","potentialAction":[{"@type":"ReadAction","target":["https:\/\/aztex.ee\/fi\/myyntiehdot\/"]}]},{"@type":"BreadcrumbList","@id":"https:\/\/aztex.ee\/fi\/myyntiehdot\/#breadcrumb","itemListElement":[{"@type":"ListItem","position":1,"name":"Etusivu","item":"https:\/\/aztex.ee\/fi\/"},{"@type":"ListItem","position":2,"name":"Myyntiehdot"}]},{"@type":"WebSite","@id":"https:\/\/aztex.ee\/fi\/#website","url":"https:\/\/aztex.ee\/fi\/","name":"AZTEX","description":"","publisher":{"@id":"https:\/\/aztex.ee\/fi\/#organization"},"potentialAction":[{"@type":"SearchAction","target":{"@type":"EntryPoint","urlTemplate":"https:\/\/aztex.ee\/fi\/?s={search_term_string}"},"query-input":{"@type":"PropertyValueSpecification","valueRequired":true,"valueName":"search_term_string"}}],"inLanguage":"fi"},{"@type":"Organization","@id":"https:\/\/aztex.ee\/fi\/#organization","name":"AZTEX","url":"https:\/\/aztex.ee\/fi\/","logo":{"@type":"ImageObject","inLanguage":"fi","@id":"https:\/\/aztex.ee\/fi\/#\/schema\/logo\/image\/","url":"https:\/\/aztex.ee\/wp-content\/uploads\/2026\/01\/AZTEX.png","contentUrl":"https:\/\/aztex.ee\/wp-content\/uploads\/2026\/01\/AZTEX.png","width":500,"height":500,"caption":"AZTEX"},"image":{"@id":"https:\/\/aztex.ee\/fi\/#\/schema\/logo\/image\/"},"sameAs":["https:\/\/www.facebook.com\/AztexEE","https:\/\/www.instagram.com\/aztexeesti\/","https:\/\/www.youtube.com\/@AZTEXEE","https:\/\/www.pinterest.com\/aztex_eesti\/","https:\/\/www.tiktok.com\/@aztexeesti","https:\/\/www.trustpilot.com\/review\/aztex.ee","https:\/\/www.linkedin.com\/company\/aztex-ee\/","https:\/\/www.wikidata.org\/wiki\/Q137560182"]}]}},"_links":{"self":[{"href":"https:\/\/aztex.ee\/fi\/wp-json\/wp\/v2\/pages\/18925","targetHints":{"allow":["GET"]}}],"collection":[{"href":"https:\/\/aztex.ee\/fi\/wp-json\/wp\/v2\/pages"}],"about":[{"href":"https:\/\/aztex.ee\/fi\/wp-json\/wp\/v2\/types\/page"}],"author":[{"embeddable":true,"href":"https:\/\/aztex.ee\/fi\/wp-json\/wp\/v2\/users\/1"}],"replies":[{"embeddable":true,"href":"https:\/\/aztex.ee\/fi\/wp-json\/wp\/v2\/comments?post=18925"}],"version-history":[{"count":0,"href":"https:\/\/aztex.ee\/fi\/wp-json\/wp\/v2\/pages\/18925\/revisions"}],"wp:attachment":[{"href":"https:\/\/aztex.ee\/fi\/wp-json\/wp\/v2\/media?parent=18925"}],"curies":[{"name":"wp","href":"https:\/\/api.w.org\/{rel}","templated":true}]}}