{"id":18900,"date":"2024-08-15T14:21:44","date_gmt":"2024-08-15T14:21:44","guid":{"rendered":"https:\/\/aztex.ee\/taganemisavalduse-vorm\/"},"modified":"2025-01-28T15:31:31","modified_gmt":"2025-01-28T15:31:31","slug":"tuotteen-palautus","status":"publish","type":"page","link":"https:\/\/aztex.ee\/fi\/tuotteen-palautus\/","title":{"rendered":"Tuotteen palautus"},"content":{"rendered":"\t\t<div data-elementor-type=\"wp-page\" data-elementor-id=\"18900\" class=\"elementor elementor-18900 elementor-9\">\n\t\t\t\t<div class=\"wd-negative-gap elementor-element elementor-element-f8ce9e6 e-flex e-con-boxed e-con e-parent\" data-id=\"f8ce9e6\" data-element_type=\"container\" data-e-type=\"container\">\n\t\t\t\t\t<div class=\"e-con-inner\">\n\t\t\t\t<div class=\"elementor-element elementor-element-051e165 elementor-widget elementor-widget-wd_text_block\" data-id=\"051e165\" data-element_type=\"widget\" data-e-type=\"widget\" data-widget_type=\"wd_text_block.default\">\n\t\t\t\t<div class=\"elementor-widget-container\">\n\t\t\t\t\t\t\t<div class=\"wd-text-block reset-last-child text-left\">\n\t\t\t\n\t\t\t<p>***<\/p>\n\t\t\t\t\t<\/div>\n\t\t\t\t\t\t<\/div>\n\t\t\t\t<\/div>\n\t\t\t\t\t<\/div>\n\t\t\t\t<\/div>\n\t\t<div class=\"wd-negative-gap elementor-element elementor-element-35ae08a e-flex e-con-boxed e-con e-parent\" data-id=\"35ae08a\" data-element_type=\"container\" data-e-type=\"container\">\n\t\t\t\t\t<div class=\"e-con-inner\">\n\t\t\t\t<div class=\"elementor-element elementor-element-bda06b1 elementor-widget elementor-widget-html\" data-id=\"bda06b1\" data-element_type=\"widget\" data-e-type=\"widget\" data-widget_type=\"html.default\">\n\t\t\t\t<div class=\"elementor-widget-container\">\n\t\t\t\t\t\n<div class=\"wpcf7 no-js\" id=\"wpcf7-f27469-o1\" lang=\"fi\" dir=\"ltr\" data-wpcf7-id=\"27469\">\n<div class=\"screen-reader-response\"><p role=\"status\" aria-live=\"polite\" aria-atomic=\"true\"><\/p> <ul><\/ul><\/div>\n<form action=\"\/fi\/wp-json\/wp\/v2\/pages\/18900#wpcf7-f27469-o1\" method=\"post\" class=\"wpcf7-form init\" aria-label=\"Yhteydenottolomake\" novalidate=\"novalidate\" data-status=\"init\">\n<fieldset class=\"hidden-fields-container\"><input type=\"hidden\" name=\"_wpcf7\" value=\"27469\" \/><input type=\"hidden\" name=\"_wpcf7_version\" value=\"6.1.5\" \/><input type=\"hidden\" name=\"_wpcf7_locale\" value=\"fi\" \/><input type=\"hidden\" name=\"_wpcf7_unit_tag\" value=\"wpcf7-f27469-o1\" \/><input type=\"hidden\" name=\"_wpcf7_container_post\" value=\"0\" \/><input type=\"hidden\" name=\"_wpcf7_posted_data_hash\" value=\"\" \/>\n<\/fieldset>\n<p><label> Kuluttajan nimi \/ kuluttajien nimet <span class=\"wpcf7-form-control-wrap\" data-name=\"your-name\"><input size=\"40\" maxlength=\"400\" class=\"wpcf7-form-control wpcf7-text wpcf7-validates-as-required\" autocomplete=\"name\" aria-required=\"true\" aria-invalid=\"false\" value=\"\" type=\"text\" name=\"your-name\" \/><\/span> <\/label>\n<\/p>\n<p><label> S\u00e4hk\u00f6postiosoite <span class=\"wpcf7-form-control-wrap\" data-name=\"your-email\"><input size=\"40\" maxlength=\"400\" class=\"wpcf7-form-control wpcf7-email wpcf7-validates-as-required wpcf7-text wpcf7-validates-as-email\" autocomplete=\"email\" aria-required=\"true\" aria-invalid=\"false\" value=\"\" type=\"email\" name=\"your-email\" \/><\/span> <\/label>\n<\/p>\n<p><label> Puhelinnumero <span class=\"wpcf7-form-control-wrap\" data-name=\"tel-952\"><input size=\"40\" maxlength=\"400\" class=\"wpcf7-form-control wpcf7-tel wpcf7-text wpcf7-validates-as-tel\" aria-invalid=\"false\" value=\"\" type=\"tel\" name=\"tel-952\" \/><\/span> <\/label>\n<\/p>\n<p><label> Tilausp\u00e4iv\u00e4m\u00e4\u00e4r\u00e4 <span class=\"wpcf7-form-control-wrap\" data-name=\"date-127\"><input class=\"wpcf7-form-control wpcf7-date wpcf7-validates-as-date\" aria-invalid=\"false\" value=\"\" type=\"date\" name=\"date-127\" \/><\/span> <\/label>\n<\/p>\n<p><label> Tilauksen vastaanottop\u00e4iv\u00e4 <span class=\"wpcf7-form-control-wrap\" data-name=\"date-752\"><input class=\"wpcf7-form-control wpcf7-date wpcf7-validates-as-date\" aria-invalid=\"false\" value=\"\" type=\"date\" name=\"date-752\" \/><\/span><\/label>\n<\/p>\n<p><label> Kuluttajan osoite \/ kuluttaja osoitteet <span class=\"wpcf7-form-control-wrap\" data-name=\"your-subject\"><input size=\"40\" maxlength=\"400\" class=\"wpcf7-form-control wpcf7-text wpcf7-validates-as-required\" aria-required=\"true\" aria-invalid=\"false\" value=\"\" type=\"text\" name=\"your-subject\" \/><\/span> <\/label>\n<\/p>\n<p><label>Syy viestint\u00e4v\u00e4lineill\u00e4 tehdyist\u00e4 sopimuksista ja ty\u00f6paikan ulkopuolella tehdyist\u00e4 sopimuksista irtisanoutumiseen <span class=\"wpcf7-form-control-wrap\" data-name=\"text-18\"><input size=\"40\" maxlength=\"400\" class=\"wpcf7-form-control wpcf7-text\" aria-invalid=\"false\" value=\"\" type=\"text\" name=\"text-18\" \/><\/span> <\/label>\n<\/p>\n<p><label> Sopimuksen peruutusp\u00e4iv\u00e4 <span class=\"wpcf7-form-control-wrap\" data-name=\"date-755\"><input class=\"wpcf7-form-control wpcf7-date wpcf7-validates-as-date\" aria-invalid=\"false\" value=\"\" type=\"date\" name=\"date-755\" \/><\/span> <\/label>\n<\/p>\n<p><div class=\"cf7-cf-turnstile\" style=\"margin-top: 0px; margin-bottom: -15px;\"> <div id=\"cf-turnstile-cf7-2242157351\" class=\"cf-turnstile\" data-sitekey=\"0x4AAAAAAA7arUNLcrDS5gcQ\" data-theme=\"light\" data-language=\"auto\" data-size=\"normal\" data-retry=\"auto\" data-retry-interval=\"1000\" data-refresh-expired=\"auto\" data-refresh-timeout=\"auto\" data-action=\"contact-form-7\" data-callback=\"turnstileCF7Callback\" data-appearance=\"always\"><\/div> <script>document.addEventListener(\"DOMContentLoaded\", function() { setTimeout(function(){ var e=document.getElementById(\"cf-turnstile-cf7-2242157351\"); if(e&&!e.innerHTML.trim()){turnstile.render(e, {sitekey:\"0x4AAAAAAA7arUNLcrDS5gcQ\"});} }, 200); });<\/script> <br class=\"cf-turnstile-br cf-turnstile-br-cf7-2242157351\"> <style>#cf-turnstile-cf7-2242157351 { margin-left: -15px; }<\/style> <script>document.addEventListener(\"DOMContentLoaded\",function(){document.querySelectorAll('.wpcf7-form').forEach(function(e){e.addEventListener('submit',function(){if(document.getElementById('cf-turnstile-cf7-2242157351')){setTimeout(function(){turnstile.reset('#cf-turnstile-cf7-2242157351');},1000)}})})});<\/script> <\/div><br\/><input class=\"wpcf7-form-control wpcf7-submit has-spinner\" type=\"submit\" value=\"L\u00e4hett\u00e4\u00e4\" \/>\n<\/p><div class=\"wpcf7-response-output\" aria-hidden=\"true\"><\/div>\n<\/form>\n<\/div>\n\t\t\t\t<\/div>\n\t\t\t\t<\/div>\n\t\t\t\t\t<\/div>\n\t\t\t\t<\/div>\n\t\t\t\t<\/div>\n\t\t","protected":false},"excerpt":{"rendered":"<p>***<\/p>\n","protected":false},"author":1,"featured_media":0,"parent":0,"menu_order":0,"comment_status":"closed","ping_status":"closed","template":"","meta":{"footnotes":""},"class_list":["post-18900","page","type-page","status-publish","hentry"],"yoast_head":"<!-- This site is optimized with the Yoast SEO plugin v27.4 - https:\/\/yoast.com\/product\/yoast-seo-wordpress\/ -->\n<title>Tuotteen palautus | AZTEX<\/title>\n<meta name=\"description\" content=\"Justiitsministri 17.12.2013. a m\u00e4\u00e4rus nr 41\u201eSidevahendi abil s\u00f5lmitud lepingust jav\u00e4ljaspool \u00e4riruume s\u00f5lmitud lepingust\" \/>\n<meta name=\"robots\" content=\"index, follow, max-snippet:-1, max-image-preview:large, max-video-preview:-1\" \/>\n<link rel=\"canonical\" href=\"https:\/\/aztex.ee\/fi\/tuotteen-palautus\/\" \/>\n<meta property=\"og:locale\" content=\"fi_FI\" \/>\n<meta property=\"og:type\" content=\"article\" \/>\n<meta property=\"og:title\" content=\"Tuotteen palautus | AZTEX\" \/>\n<meta property=\"og:description\" content=\"Justiitsministri 17.12.2013. a m\u00e4\u00e4rus nr 41\u201eSidevahendi abil s\u00f5lmitud lepingust jav\u00e4ljaspool \u00e4riruume s\u00f5lmitud lepingust\" \/>\n<meta property=\"og:url\" content=\"https:\/\/aztex.ee\/fi\/tuotteen-palautus\/\" \/>\n<meta property=\"og:site_name\" content=\"AZTEX\" \/>\n<meta property=\"article:publisher\" content=\"https:\/\/www.facebook.com\/AztexEE\" \/>\n<meta property=\"article:modified_time\" content=\"2025-01-28T15:31:31+00:00\" \/>\n<meta name=\"twitter:card\" content=\"summary_large_image\" \/>\n<meta name=\"twitter:label1\" content=\"Arvioitu lukuaika\" \/>\n\t<meta name=\"twitter:data1\" content=\"1 minuutti\" \/>\n<script type=\"application\/ld+json\" class=\"yoast-schema-graph\">{\"@context\":\"https:\\\/\\\/schema.org\",\"@graph\":[{\"@type\":\"WebPage\",\"@id\":\"https:\\\/\\\/aztex.ee\\\/fi\\\/tuotteen-palautus\\\/\",\"url\":\"https:\\\/\\\/aztex.ee\\\/fi\\\/tuotteen-palautus\\\/\",\"name\":\"Tuotteen palautus | AZTEX\",\"isPartOf\":{\"@id\":\"https:\\\/\\\/aztex.ee\\\/fi\\\/#website\"},\"datePublished\":\"2024-08-15T14:21:44+00:00\",\"dateModified\":\"2025-01-28T15:31:31+00:00\",\"description\":\"Justiitsministri 17.12.2013. a m\u00e4\u00e4rus nr 41\u201eSidevahendi abil s\u00f5lmitud lepingust jav\u00e4ljaspool \u00e4riruume s\u00f5lmitud lepingust\",\"breadcrumb\":{\"@id\":\"https:\\\/\\\/aztex.ee\\\/fi\\\/tuotteen-palautus\\\/#breadcrumb\"},\"inLanguage\":\"fi\",\"potentialAction\":[{\"@type\":\"ReadAction\",\"target\":[\"https:\\\/\\\/aztex.ee\\\/fi\\\/tuotteen-palautus\\\/\"]}]},{\"@type\":\"BreadcrumbList\",\"@id\":\"https:\\\/\\\/aztex.ee\\\/fi\\\/tuotteen-palautus\\\/#breadcrumb\",\"itemListElement\":[{\"@type\":\"ListItem\",\"position\":1,\"name\":\"Etusivu\",\"item\":\"https:\\\/\\\/aztex.ee\\\/fi\\\/\"},{\"@type\":\"ListItem\",\"position\":2,\"name\":\"Tuotteen palautus\"}]},{\"@type\":\"WebSite\",\"@id\":\"https:\\\/\\\/aztex.ee\\\/fi\\\/#website\",\"url\":\"https:\\\/\\\/aztex.ee\\\/fi\\\/\",\"name\":\"AZTEX\",\"description\":\"\",\"publisher\":{\"@id\":\"https:\\\/\\\/aztex.ee\\\/fi\\\/#organization\"},\"potentialAction\":[{\"@type\":\"SearchAction\",\"target\":{\"@type\":\"EntryPoint\",\"urlTemplate\":\"https:\\\/\\\/aztex.ee\\\/fi\\\/?s={search_term_string}\"},\"query-input\":{\"@type\":\"PropertyValueSpecification\",\"valueRequired\":true,\"valueName\":\"search_term_string\"}}],\"inLanguage\":\"fi\"},{\"@type\":\"Organization\",\"@id\":\"https:\\\/\\\/aztex.ee\\\/fi\\\/#organization\",\"name\":\"AZTEX\",\"url\":\"https:\\\/\\\/aztex.ee\\\/fi\\\/\",\"logo\":{\"@type\":\"ImageObject\",\"inLanguage\":\"fi\",\"@id\":\"https:\\\/\\\/aztex.ee\\\/fi\\\/#\\\/schema\\\/logo\\\/image\\\/\",\"url\":\"https:\\\/\\\/aztex.ee\\\/wp-content\\\/uploads\\\/2026\\\/01\\\/AZTEX.png\",\"contentUrl\":\"https:\\\/\\\/aztex.ee\\\/wp-content\\\/uploads\\\/2026\\\/01\\\/AZTEX.png\",\"width\":500,\"height\":500,\"caption\":\"AZTEX\"},\"image\":{\"@id\":\"https:\\\/\\\/aztex.ee\\\/fi\\\/#\\\/schema\\\/logo\\\/image\\\/\"},\"sameAs\":[\"https:\\\/\\\/www.facebook.com\\\/AztexEE\",\"https:\\\/\\\/www.instagram.com\\\/aztexeesti\\\/\",\"https:\\\/\\\/www.youtube.com\\\/@AZTEXEE\",\"https:\\\/\\\/www.pinterest.com\\\/aztex_eesti\\\/\",\"https:\\\/\\\/www.tiktok.com\\\/@aztexeesti\",\"https:\\\/\\\/www.trustpilot.com\\\/review\\\/aztex.ee\",\"https:\\\/\\\/www.linkedin.com\\\/company\\\/aztex-ee\\\/\",\"https:\\\/\\\/www.wikidata.org\\\/wiki\\\/Q137560182\"]}]}<\/script>\n<!-- \/ Yoast SEO plugin. -->","yoast_head_json":{"title":"Tuotteen palautus | AZTEX","description":"Justiitsministri 17.12.2013. a m\u00e4\u00e4rus nr 41\u201eSidevahendi abil s\u00f5lmitud lepingust jav\u00e4ljaspool \u00e4riruume s\u00f5lmitud lepingust","robots":{"index":"index","follow":"follow","max-snippet":"max-snippet:-1","max-image-preview":"max-image-preview:large","max-video-preview":"max-video-preview:-1"},"canonical":"https:\/\/aztex.ee\/fi\/tuotteen-palautus\/","og_locale":"fi_FI","og_type":"article","og_title":"Tuotteen palautus | AZTEX","og_description":"Justiitsministri 17.12.2013. a m\u00e4\u00e4rus nr 41\u201eSidevahendi abil s\u00f5lmitud lepingust jav\u00e4ljaspool \u00e4riruume s\u00f5lmitud lepingust","og_url":"https:\/\/aztex.ee\/fi\/tuotteen-palautus\/","og_site_name":"AZTEX","article_publisher":"https:\/\/www.facebook.com\/AztexEE","article_modified_time":"2025-01-28T15:31:31+00:00","twitter_card":"summary_large_image","twitter_misc":{"Arvioitu lukuaika":"1 minuutti"},"schema":{"@context":"https:\/\/schema.org","@graph":[{"@type":"WebPage","@id":"https:\/\/aztex.ee\/fi\/tuotteen-palautus\/","url":"https:\/\/aztex.ee\/fi\/tuotteen-palautus\/","name":"Tuotteen palautus | AZTEX","isPartOf":{"@id":"https:\/\/aztex.ee\/fi\/#website"},"datePublished":"2024-08-15T14:21:44+00:00","dateModified":"2025-01-28T15:31:31+00:00","description":"Justiitsministri 17.12.2013. a m\u00e4\u00e4rus nr 41\u201eSidevahendi abil s\u00f5lmitud lepingust jav\u00e4ljaspool \u00e4riruume s\u00f5lmitud lepingust","breadcrumb":{"@id":"https:\/\/aztex.ee\/fi\/tuotteen-palautus\/#breadcrumb"},"inLanguage":"fi","potentialAction":[{"@type":"ReadAction","target":["https:\/\/aztex.ee\/fi\/tuotteen-palautus\/"]}]},{"@type":"BreadcrumbList","@id":"https:\/\/aztex.ee\/fi\/tuotteen-palautus\/#breadcrumb","itemListElement":[{"@type":"ListItem","position":1,"name":"Etusivu","item":"https:\/\/aztex.ee\/fi\/"},{"@type":"ListItem","position":2,"name":"Tuotteen palautus"}]},{"@type":"WebSite","@id":"https:\/\/aztex.ee\/fi\/#website","url":"https:\/\/aztex.ee\/fi\/","name":"AZTEX","description":"","publisher":{"@id":"https:\/\/aztex.ee\/fi\/#organization"},"potentialAction":[{"@type":"SearchAction","target":{"@type":"EntryPoint","urlTemplate":"https:\/\/aztex.ee\/fi\/?s={search_term_string}"},"query-input":{"@type":"PropertyValueSpecification","valueRequired":true,"valueName":"search_term_string"}}],"inLanguage":"fi"},{"@type":"Organization","@id":"https:\/\/aztex.ee\/fi\/#organization","name":"AZTEX","url":"https:\/\/aztex.ee\/fi\/","logo":{"@type":"ImageObject","inLanguage":"fi","@id":"https:\/\/aztex.ee\/fi\/#\/schema\/logo\/image\/","url":"https:\/\/aztex.ee\/wp-content\/uploads\/2026\/01\/AZTEX.png","contentUrl":"https:\/\/aztex.ee\/wp-content\/uploads\/2026\/01\/AZTEX.png","width":500,"height":500,"caption":"AZTEX"},"image":{"@id":"https:\/\/aztex.ee\/fi\/#\/schema\/logo\/image\/"},"sameAs":["https:\/\/www.facebook.com\/AztexEE","https:\/\/www.instagram.com\/aztexeesti\/","https:\/\/www.youtube.com\/@AZTEXEE","https:\/\/www.pinterest.com\/aztex_eesti\/","https:\/\/www.tiktok.com\/@aztexeesti","https:\/\/www.trustpilot.com\/review\/aztex.ee","https:\/\/www.linkedin.com\/company\/aztex-ee\/","https:\/\/www.wikidata.org\/wiki\/Q137560182"]}]}},"_links":{"self":[{"href":"https:\/\/aztex.ee\/fi\/wp-json\/wp\/v2\/pages\/18900","targetHints":{"allow":["GET"]}}],"collection":[{"href":"https:\/\/aztex.ee\/fi\/wp-json\/wp\/v2\/pages"}],"about":[{"href":"https:\/\/aztex.ee\/fi\/wp-json\/wp\/v2\/types\/page"}],"author":[{"embeddable":true,"href":"https:\/\/aztex.ee\/fi\/wp-json\/wp\/v2\/users\/1"}],"replies":[{"embeddable":true,"href":"https:\/\/aztex.ee\/fi\/wp-json\/wp\/v2\/comments?post=18900"}],"version-history":[{"count":0,"href":"https:\/\/aztex.ee\/fi\/wp-json\/wp\/v2\/pages\/18900\/revisions"}],"wp:attachment":[{"href":"https:\/\/aztex.ee\/fi\/wp-json\/wp\/v2\/media?parent=18900"}],"curies":[{"name":"wp","href":"https:\/\/api.w.org\/{rel}","templated":true}]}}