{"id":18874,"date":"2024-08-03T17:33:06","date_gmt":"2024-08-03T17:33:06","guid":{"rendered":"https:\/\/aztex.ee\/privaatsuspoliitika\/"},"modified":"2024-10-01T20:17:16","modified_gmt":"2024-10-01T20:17:16","slug":"tietosuojaseloste","status":"publish","type":"page","link":"https:\/\/aztex.ee\/fi\/tietosuojaseloste\/","title":{"rendered":"Tietosuojaseloste"},"content":{"rendered":"\n<ol class=\"wp-block-list\">\n<li><strong>Yleiset m\u00e4\u00e4r\u00e4ykset<\/strong><\/li>\n<\/ol>\n\n\n\n<p>1.1. T\u00e4m\u00e4 tietosuojaseloste s\u00e4\u00e4telee henkil\u00f6tietojen ker\u00e4\u00e4misen, k\u00e4sittelyn ja s\u00e4ilytt\u00e4misen periaatteita. Henkil\u00f6tietoja ker\u00e4\u00e4, k\u00e4sittelee ja tallentaa vastuullinen henkil\u00f6tietojen k\u00e4sittelij\u00e4 <strong>Minu Baltic O\u00dc<\/strong> (j\u00e4ljemp\u00e4n\u00e4 tietojen k\u00e4sittelij\u00e4).<\/p>\n\n\n\n<p>1.2. Tietosuojaselosteen mukaan rekister\u00f6ity on asiakas tai muu luonnollinen henkil\u00f6, jonka henkil\u00f6tietoja tietosuojaselosteen k\u00e4sittelij\u00e4 k\u00e4sittelee.<\/p>\n\n\n\n<p>1.3. Asiakas on tietosuojaselosteen mukaan jokainen, joka ostaa tavaroita tai palveluita tietojenk\u00e4sittelij\u00e4n verkkosivuilta.<\/p>\n\n\n\n<p>1.4. Tietojen k\u00e4sittelij\u00e4 noudattaa lains\u00e4\u00e4d\u00e4nn\u00f6ss\u00e4 s\u00e4\u00e4dettyj\u00e4 tietojenk\u00e4sittelyn periaatteita, muun muassa k\u00e4sittelee henkil\u00f6tietoja laillisesti, oikeudenmukaisesti ja turvallisesti. Tietojen k\u00e4sittelij\u00e4 voi vahvistaa, ett\u00e4 henkil\u00f6tietoja on k\u00e4sitelty lain s\u00e4\u00e4nn\u00f6sten mukaisesti.<\/p>\n\n\n\n<ol start=\"2\" class=\"wp-block-list\">\n<li><strong>Henkil\u00f6tietojen ker\u00e4\u00e4minen, k\u00e4sittely ja s\u00e4ilytt\u00e4minen<\/strong><\/li>\n<\/ol>\n\n\n\n<p>2.1. Henkil\u00f6tiedot, joita tietojenk\u00e4sittelij\u00e4 ker\u00e4\u00e4, k\u00e4sittelee ja tallentaa, ker\u00e4t\u00e4\u00e4n s\u00e4hk\u00f6isesti, p\u00e4\u00e4asiassa verkkosivuston ja s\u00e4hk\u00f6postin kautta.<\/p>\n\n\n\n<p>2.2. Jakamalla henkil\u00f6tietojaan rekister\u00f6ity antaa tietojenk\u00e4sittelij\u00e4lle oikeuden ker\u00e4t\u00e4, j\u00e4rjest\u00e4\u00e4, k\u00e4ytt\u00e4\u00e4 ja hallita henkil\u00f6tietoja tietosuojaselosteessa m\u00e4\u00e4riteltyihin tarkoituksiin, jotka rekister\u00f6ity suoraan tai v\u00e4lillisesti jakaa tietojen k\u00e4sittelij\u00e4lle ostaessaan tavaroita tai palvelut verkkosivuilla.<\/p>\n\n\n\n<p>2.3. Rekister\u00f6idyn vastuulla on varmistaa, ett\u00e4 h\u00e4nen antamansa tiedot ovat tarkkoja, oikeita ja t\u00e4ydellisi\u00e4. Tietoinen v\u00e4\u00e4rien tietojen antaminen katsotaan tietosuojak\u00e4yt\u00e4nn\u00f6n rikkomiseksi. Rekister\u00f6ity on velvollinen v\u00e4litt\u00f6m\u00e4sti ilmoittamaan tietojen k\u00e4sittelij\u00e4lle antamissaan tiedoissa tapahtuvista muutoksista.<\/p>\n\n\n\n<p>2.4. Tietojen k\u00e4sittelij\u00e4 ei vastaa rekister\u00f6idylle tai kolmansille osapuolille aiheutuneista vahingoista, jotka aiheutuvat rekister\u00f6idyn v\u00e4\u00e4rien tietojen antamisesta.<\/p>\n\n\n\n<ol start=\"3\" class=\"wp-block-list\">\n<li><strong>Asiakkaiden henkil\u00f6tietojen k\u00e4sittely<\/strong><\/li>\n<\/ol>\n\n\n\n<p>3.1. Tietojen k\u00e4sittelij\u00e4 voi k\u00e4sitell\u00e4 seuraavia rekister\u00f6idyn henkil\u00f6tietoja:<\/p>\n\n\n\n<p>3.1.1. Etu- ja sukunimi;<\/p>\n\n\n\n<p>3.1.2. Puhelinnumero;<\/p>\n\n\n\n<p>3.1.3. S\u00e4hk\u00f6postiosoite;<\/p>\n\n\n\n<p>3.1.4. Toimitusosoite;<\/p>\n\n\n\n<p>3.1.5. K\u00e4ytt\u00f6tilin numero;<\/p>\n\n\n\n<p>3.1.6. Maksukortin tiedot;<\/p>\n\n\n\n<p>3.2. Tietojen k\u00e4sittelij\u00e4ll\u00e4 on edell\u00e4 mainitun lis\u00e4ksi oikeus ker\u00e4t\u00e4 asiakkaasta tietoja, jotka ovat saatavilla julkisista rekistereist\u00e4.<\/p>\n\n\n\n<p>3.3. Henkil\u00f6tietojen k\u00e4sittelyn oikeusperusta on henkil\u00f6tietojen suojaa koskevan yleisasetuksen 6 artiklan 1 kohdan a, b, c ja f alakohta:<\/p>\n\n\n\n<p>a) rekister\u00f6ity on antanut suostumuksensa henkil\u00f6tietojensa k\u00e4sittelyyn yht\u00e4 tai useampaa erityist\u00e4 tarkoitusta varten;<\/p>\n\n\n\n<p>b) henkil\u00f6tietojen k\u00e4sittely on tarpeen rekister\u00f6idyn kanssa tehdyn sopimuksen t\u00e4yt\u00e4nt\u00f6\u00f6npanemiseksi tai toimenpiteiden toteuttamiseksi ennen sopimuksen tekemist\u00e4 rekister\u00f6idyn pyynn\u00f6st\u00e4;<\/p>\n\n\n\n<p>c) henkil\u00f6tietojen k\u00e4sittely on tarpeen rekisterinpit\u00e4j\u00e4n lakis\u00e4\u00e4teisen velvoitteen t\u00e4ytt\u00e4miseksi;<\/p>\n\n\n\n<p>f) henkil\u00f6tietojen k\u00e4sittely on tarpeen rekisterinpit\u00e4j\u00e4n tai kolmannen osapuolen oikeutetun edun vuoksi, paitsi jos rekister\u00f6idyn edut tai perusoikeudet ja -vapaudet, joiden vuoksi henkil\u00f6tietoja on suojattava , varsinkin jos rekister\u00f6ity on lapsi.<\/p>\n\n\n\n<p>3.4. Henkil\u00f6tietojen k\u00e4sittely k\u00e4sittelyn tarkoituksen mukaisesti:<\/p>\n\n\n\n<p>3.4.1. K\u00e4sittelyn tarkoitus \u2013 turvallisuus ja turvallisuus<br>Henkil\u00f6tietojen enimm\u00e4iss\u00e4ilytysaika &#8211; laissa m\u00e4\u00e4riteltyjen m\u00e4\u00e4r\u00e4aikojen mukaisesti<\/p>\n\n\n\n<p>3.4.2. K\u00e4sittelyn tarkoitus &#8211; tilausten k\u00e4sittely<br>Henkil\u00f6tietojen enimm\u00e4iss\u00e4ilytysaika \u2013 <strong>12 kuukautta<\/strong><\/p>\n\n\n\n<p>3.4.3. K\u00e4sittelyn tarkoitus \u2013 verkkokaupan palveluiden toimivuuden varmistaminen<br>Henkil\u00f6tietojen enimm\u00e4iss\u00e4ilytysaika \u2013 <strong>12 kuukautta<\/strong><\/p>\n\n\n\n<p>3.4.4. K\u00e4sittelyn tarkoitus &#8211; asiakashallinta<br>Henkil\u00f6tietojen enimm\u00e4iss\u00e4ilytysaika \u2013<strong> 12 kuukautta<\/strong><\/p>\n\n\n\n<p>3.4.5. K\u00e4sittelyn tarkoitus \u2013 taloudellinen toiminta, kirjanpito<br>Henkil\u00f6tietojen enimm\u00e4iss\u00e4ilytysaika &#8211; laissa m\u00e4\u00e4riteltyjen m\u00e4\u00e4r\u00e4aikojen mukaisesti<\/p>\n\n\n\n<p>3.4.6. K\u00e4sittelyn tarkoitus &#8211; markkinointi<br>Henkil\u00f6tietojen enimm\u00e4iss\u00e4ilytysaika \u2013 <strong>12 kuukautta<\/strong><\/p>\n\n\n\n<p>3.5. Tietojen k\u00e4sittelij\u00e4ll\u00e4 on oikeus jakaa asiakkaiden henkil\u00f6tietoja kolmansille osapuolille, kuten valtuutetuille tietojenk\u00e4sittelij\u00f6ille, kirjanpit\u00e4jille, kuljetus- ja kuriiriyrityksille, siirtopalveluita tarjoaville yrityksille. Tietojen k\u00e4sittelij\u00e4 on henkil\u00f6tietojen rekisterinpit\u00e4j\u00e4. Tietojen k\u00e4sittelij\u00e4 v\u00e4litt\u00e4\u00e4 maksujen suorittamiseen tarvittavat henkil\u00f6tiedot valtuutetulle k\u00e4sittelij\u00e4lle <strong>Maksekeskus AS<\/strong>.<\/p>\n\n\n\n<p>3.6. Rekister\u00f6ityjen henkil\u00f6tietoja k\u00e4sitelless\u00e4\u00e4n ja tallentaessaan tietojenk\u00e4sittelij\u00e4 toteuttaa organisatorisia ja teknisi\u00e4 toimenpiteit\u00e4, joilla varmistetaan henkil\u00f6tietojen suoja vahingossa tapahtuvalta tai laittomalta tuhoamiselta, muuttamiselta, luovuttamiselta ja muulta laittomalta k\u00e4sittelylt\u00e4.<\/p>\n\n\n\n<p>3.7. Tietojen k\u00e4sittelij\u00e4 s\u00e4ilytt\u00e4\u00e4 rekister\u00f6ityjen tietoja k\u00e4sittelyn tarkoituksesta riippuen, kuitenkin enint\u00e4\u00e4n 1 vuoden.<\/p>\n\n\n\n<ol start=\"4\" class=\"wp-block-list\">\n<li><strong>Rekister\u00f6idyn oikeudet<\/strong><\/li>\n<\/ol>\n\n\n\n<p>4.1. Rekister\u00f6idyll\u00e4 on oikeus saada p\u00e4\u00e4sy henkil\u00f6tietoihinsa ja tutustua niihin.<\/p>\n\n\n\n<p>4.2. Rekister\u00f6idyll\u00e4 on oikeus saada tietoa henkil\u00f6tietojensa k\u00e4sittelyst\u00e4.<\/p>\n\n\n\n<p>4.3. Rekister\u00f6idyll\u00e4 on oikeus t\u00e4ydent\u00e4\u00e4 tai korjata virheellisi\u00e4 tietoja.<\/p>\n\n\n\n<p>4.4 Jos tietojenk\u00e4sittelij\u00e4 k\u00e4sittelee rekister\u00f6idyn henkil\u00f6tietoja rekister\u00f6idyn suostumuksen perusteella, rekister\u00f6idyll\u00e4 on oikeus peruuttaa suostumus milloin tahansa.<\/p>\n\n\n\n<p>4.5. Rekister\u00f6ity voi ottaa yhteytt\u00e4 verkkokaupan asiakastukeen osoitteessa <strong>info@aztex.ee<\/strong> k\u00e4ytt\u00e4\u00e4kseen oikeuksiaan<\/p>\n\n\n\n<p>4.6. Rekister\u00f6ity voi tehd\u00e4 valituksen Tietosuojatarkastukselle suojellakseen oikeuksiaan.<\/p>\n\n\n\n<ol start=\"5\" class=\"wp-block-list\">\n<li><strong>Loppum\u00e4\u00e4r\u00e4ykset<\/strong><\/li>\n<\/ol>\n\n\n\n<p>5.1. N\u00e4m\u00e4 tietosuojaehdot on laadittu luonnollisten henkil\u00f6iden suojelusta henkil\u00f6tietojen k\u00e4sittelyss\u00e4 ja n\u00e4iden tietojen vapaasta liikkuvuudesta annetun Euroopan parlamentin ja neuvoston asetuksen (EU) N:o 2016\/679 mukaisesti. direktiivin 95\/46\/EY\/EY (yleinen tietosuoja-asetus), Viron tasavallan henkil\u00f6tietosuojalain sek\u00e4 Viron tasavallan ja Euroopan unionin lains\u00e4\u00e4d\u00e4nn\u00f6n kumoaminen.<\/p>\n\n\n\n<p>5.2. Tietojen k\u00e4sittelij\u00e4ll\u00e4 on oikeus muuttaa tietosuojaehtoja osittain tai kokonaan ilmoittamalla muutoksista rekister\u00f6idyille <strong>aztex.ee<\/strong> -sivuston kautta.<\/p>\n","protected":false},"excerpt":{"rendered":"<p>1.1. T\u00e4m\u00e4 tietosuojaseloste s\u00e4\u00e4telee henkil\u00f6tietojen ker\u00e4\u00e4misen, k\u00e4sittelyn ja s\u00e4ilytt\u00e4misen periaatteita. Henkil\u00f6tietoja ker\u00e4\u00e4, k\u00e4sittelee ja tallentaa vastuullinen henkil\u00f6tietojen k\u00e4sittelij\u00e4 Minu Baltic<\/p>\n","protected":false},"author":1,"featured_media":0,"parent":0,"menu_order":0,"comment_status":"closed","ping_status":"closed","template":"","meta":{"footnotes":""},"class_list":["post-18874","page","type-page","status-publish","hentry"],"yoast_head":"<!-- This site is optimized with the Yoast SEO plugin v27.4 - https:\/\/yoast.com\/product\/yoast-seo-wordpress\/ -->\n<title>Tietosuojaseloste | AZTEX<\/title>\n<meta name=\"description\" content=\"T\u00e4m\u00e4 tietosuojaseloste s\u00e4\u00e4telee henkil\u00f6tietojen ker\u00e4\u00e4misen, k\u00e4sittelyn ja s\u00e4ilytt\u00e4misen periaatteita. AZTEX\" \/>\n<meta name=\"robots\" content=\"index, follow, max-snippet:-1, max-image-preview:large, max-video-preview:-1\" \/>\n<link rel=\"canonical\" href=\"https:\/\/aztex.ee\/fi\/tietosuojaseloste\/\" \/>\n<meta property=\"og:locale\" content=\"fi_FI\" \/>\n<meta property=\"og:type\" content=\"article\" \/>\n<meta property=\"og:title\" content=\"Tietosuojaseloste | AZTEX\" \/>\n<meta property=\"og:description\" content=\"T\u00e4m\u00e4 tietosuojaseloste s\u00e4\u00e4telee henkil\u00f6tietojen ker\u00e4\u00e4misen, k\u00e4sittelyn ja s\u00e4ilytt\u00e4misen periaatteita. AZTEX\" \/>\n<meta property=\"og:url\" content=\"https:\/\/aztex.ee\/fi\/tietosuojaseloste\/\" \/>\n<meta property=\"og:site_name\" content=\"AZTEX\" \/>\n<meta property=\"article:publisher\" content=\"https:\/\/www.facebook.com\/AztexEE\" \/>\n<meta property=\"article:modified_time\" content=\"2024-10-01T20:17:16+00:00\" \/>\n<meta name=\"twitter:card\" content=\"summary_large_image\" \/>\n<meta name=\"twitter:label1\" content=\"Arvioitu lukuaika\" \/>\n\t<meta name=\"twitter:data1\" content=\"4 minuuttia\" \/>\n<script type=\"application\/ld+json\" class=\"yoast-schema-graph\">{\"@context\":\"https:\\\/\\\/schema.org\",\"@graph\":[{\"@type\":\"WebPage\",\"@id\":\"https:\\\/\\\/aztex.ee\\\/fi\\\/tietosuojaseloste\\\/\",\"url\":\"https:\\\/\\\/aztex.ee\\\/fi\\\/tietosuojaseloste\\\/\",\"name\":\"Tietosuojaseloste | AZTEX\",\"isPartOf\":{\"@id\":\"https:\\\/\\\/aztex.ee\\\/fi\\\/#website\"},\"datePublished\":\"2024-08-03T17:33:06+00:00\",\"dateModified\":\"2024-10-01T20:17:16+00:00\",\"description\":\"T\u00e4m\u00e4 tietosuojaseloste s\u00e4\u00e4telee henkil\u00f6tietojen ker\u00e4\u00e4misen, k\u00e4sittelyn ja s\u00e4ilytt\u00e4misen periaatteita. AZTEX\",\"breadcrumb\":{\"@id\":\"https:\\\/\\\/aztex.ee\\\/fi\\\/tietosuojaseloste\\\/#breadcrumb\"},\"inLanguage\":\"fi\",\"potentialAction\":[{\"@type\":\"ReadAction\",\"target\":[\"https:\\\/\\\/aztex.ee\\\/fi\\\/tietosuojaseloste\\\/\"]}]},{\"@type\":\"BreadcrumbList\",\"@id\":\"https:\\\/\\\/aztex.ee\\\/fi\\\/tietosuojaseloste\\\/#breadcrumb\",\"itemListElement\":[{\"@type\":\"ListItem\",\"position\":1,\"name\":\"Etusivu\",\"item\":\"https:\\\/\\\/aztex.ee\\\/fi\\\/\"},{\"@type\":\"ListItem\",\"position\":2,\"name\":\"Tietosuojaseloste\"}]},{\"@type\":\"WebSite\",\"@id\":\"https:\\\/\\\/aztex.ee\\\/fi\\\/#website\",\"url\":\"https:\\\/\\\/aztex.ee\\\/fi\\\/\",\"name\":\"AZTEX\",\"description\":\"\",\"publisher\":{\"@id\":\"https:\\\/\\\/aztex.ee\\\/fi\\\/#organization\"},\"potentialAction\":[{\"@type\":\"SearchAction\",\"target\":{\"@type\":\"EntryPoint\",\"urlTemplate\":\"https:\\\/\\\/aztex.ee\\\/fi\\\/?s={search_term_string}\"},\"query-input\":{\"@type\":\"PropertyValueSpecification\",\"valueRequired\":true,\"valueName\":\"search_term_string\"}}],\"inLanguage\":\"fi\"},{\"@type\":\"Organization\",\"@id\":\"https:\\\/\\\/aztex.ee\\\/fi\\\/#organization\",\"name\":\"AZTEX\",\"url\":\"https:\\\/\\\/aztex.ee\\\/fi\\\/\",\"logo\":{\"@type\":\"ImageObject\",\"inLanguage\":\"fi\",\"@id\":\"https:\\\/\\\/aztex.ee\\\/fi\\\/#\\\/schema\\\/logo\\\/image\\\/\",\"url\":\"https:\\\/\\\/aztex.ee\\\/wp-content\\\/uploads\\\/2026\\\/01\\\/AZTEX.png\",\"contentUrl\":\"https:\\\/\\\/aztex.ee\\\/wp-content\\\/uploads\\\/2026\\\/01\\\/AZTEX.png\",\"width\":500,\"height\":500,\"caption\":\"AZTEX\"},\"image\":{\"@id\":\"https:\\\/\\\/aztex.ee\\\/fi\\\/#\\\/schema\\\/logo\\\/image\\\/\"},\"sameAs\":[\"https:\\\/\\\/www.facebook.com\\\/AztexEE\",\"https:\\\/\\\/www.instagram.com\\\/aztexeesti\\\/\",\"https:\\\/\\\/www.youtube.com\\\/@AZTEXEE\",\"https:\\\/\\\/www.pinterest.com\\\/aztex_eesti\\\/\",\"https:\\\/\\\/www.tiktok.com\\\/@aztexeesti\",\"https:\\\/\\\/www.trustpilot.com\\\/review\\\/aztex.ee\",\"https:\\\/\\\/www.linkedin.com\\\/company\\\/aztex-ee\\\/\",\"https:\\\/\\\/www.wikidata.org\\\/wiki\\\/Q137560182\"]}]}<\/script>\n<!-- \/ Yoast SEO plugin. -->","yoast_head_json":{"title":"Tietosuojaseloste | AZTEX","description":"T\u00e4m\u00e4 tietosuojaseloste s\u00e4\u00e4telee henkil\u00f6tietojen ker\u00e4\u00e4misen, k\u00e4sittelyn ja s\u00e4ilytt\u00e4misen periaatteita. AZTEX","robots":{"index":"index","follow":"follow","max-snippet":"max-snippet:-1","max-image-preview":"max-image-preview:large","max-video-preview":"max-video-preview:-1"},"canonical":"https:\/\/aztex.ee\/fi\/tietosuojaseloste\/","og_locale":"fi_FI","og_type":"article","og_title":"Tietosuojaseloste | AZTEX","og_description":"T\u00e4m\u00e4 tietosuojaseloste s\u00e4\u00e4telee henkil\u00f6tietojen ker\u00e4\u00e4misen, k\u00e4sittelyn ja s\u00e4ilytt\u00e4misen periaatteita. AZTEX","og_url":"https:\/\/aztex.ee\/fi\/tietosuojaseloste\/","og_site_name":"AZTEX","article_publisher":"https:\/\/www.facebook.com\/AztexEE","article_modified_time":"2024-10-01T20:17:16+00:00","twitter_card":"summary_large_image","twitter_misc":{"Arvioitu lukuaika":"4 minuuttia"},"schema":{"@context":"https:\/\/schema.org","@graph":[{"@type":"WebPage","@id":"https:\/\/aztex.ee\/fi\/tietosuojaseloste\/","url":"https:\/\/aztex.ee\/fi\/tietosuojaseloste\/","name":"Tietosuojaseloste | AZTEX","isPartOf":{"@id":"https:\/\/aztex.ee\/fi\/#website"},"datePublished":"2024-08-03T17:33:06+00:00","dateModified":"2024-10-01T20:17:16+00:00","description":"T\u00e4m\u00e4 tietosuojaseloste s\u00e4\u00e4telee henkil\u00f6tietojen ker\u00e4\u00e4misen, k\u00e4sittelyn ja s\u00e4ilytt\u00e4misen periaatteita. AZTEX","breadcrumb":{"@id":"https:\/\/aztex.ee\/fi\/tietosuojaseloste\/#breadcrumb"},"inLanguage":"fi","potentialAction":[{"@type":"ReadAction","target":["https:\/\/aztex.ee\/fi\/tietosuojaseloste\/"]}]},{"@type":"BreadcrumbList","@id":"https:\/\/aztex.ee\/fi\/tietosuojaseloste\/#breadcrumb","itemListElement":[{"@type":"ListItem","position":1,"name":"Etusivu","item":"https:\/\/aztex.ee\/fi\/"},{"@type":"ListItem","position":2,"name":"Tietosuojaseloste"}]},{"@type":"WebSite","@id":"https:\/\/aztex.ee\/fi\/#website","url":"https:\/\/aztex.ee\/fi\/","name":"AZTEX","description":"","publisher":{"@id":"https:\/\/aztex.ee\/fi\/#organization"},"potentialAction":[{"@type":"SearchAction","target":{"@type":"EntryPoint","urlTemplate":"https:\/\/aztex.ee\/fi\/?s={search_term_string}"},"query-input":{"@type":"PropertyValueSpecification","valueRequired":true,"valueName":"search_term_string"}}],"inLanguage":"fi"},{"@type":"Organization","@id":"https:\/\/aztex.ee\/fi\/#organization","name":"AZTEX","url":"https:\/\/aztex.ee\/fi\/","logo":{"@type":"ImageObject","inLanguage":"fi","@id":"https:\/\/aztex.ee\/fi\/#\/schema\/logo\/image\/","url":"https:\/\/aztex.ee\/wp-content\/uploads\/2026\/01\/AZTEX.png","contentUrl":"https:\/\/aztex.ee\/wp-content\/uploads\/2026\/01\/AZTEX.png","width":500,"height":500,"caption":"AZTEX"},"image":{"@id":"https:\/\/aztex.ee\/fi\/#\/schema\/logo\/image\/"},"sameAs":["https:\/\/www.facebook.com\/AztexEE","https:\/\/www.instagram.com\/aztexeesti\/","https:\/\/www.youtube.com\/@AZTEXEE","https:\/\/www.pinterest.com\/aztex_eesti\/","https:\/\/www.tiktok.com\/@aztexeesti","https:\/\/www.trustpilot.com\/review\/aztex.ee","https:\/\/www.linkedin.com\/company\/aztex-ee\/","https:\/\/www.wikidata.org\/wiki\/Q137560182"]}]}},"_links":{"self":[{"href":"https:\/\/aztex.ee\/fi\/wp-json\/wp\/v2\/pages\/18874","targetHints":{"allow":["GET"]}}],"collection":[{"href":"https:\/\/aztex.ee\/fi\/wp-json\/wp\/v2\/pages"}],"about":[{"href":"https:\/\/aztex.ee\/fi\/wp-json\/wp\/v2\/types\/page"}],"author":[{"embeddable":true,"href":"https:\/\/aztex.ee\/fi\/wp-json\/wp\/v2\/users\/1"}],"replies":[{"embeddable":true,"href":"https:\/\/aztex.ee\/fi\/wp-json\/wp\/v2\/comments?post=18874"}],"version-history":[{"count":0,"href":"https:\/\/aztex.ee\/fi\/wp-json\/wp\/v2\/pages\/18874\/revisions"}],"wp:attachment":[{"href":"https:\/\/aztex.ee\/fi\/wp-json\/wp\/v2\/media?parent=18874"}],"curies":[{"name":"wp","href":"https:\/\/api.w.org\/{rel}","templated":true}]}}