{"id":98876,"date":"2026-01-13T10:11:26","date_gmt":"2026-01-13T10:11:26","guid":{"rendered":"https:\/\/aztex.ee\/?post_type=product&#038;p=98876"},"modified":"2026-01-13T11:19:30","modified_gmt":"2026-01-13T11:19:30","slug":"sabana-de-canamo-blanco","status":"publish","type":"product","link":"https:\/\/aztex.ee\/es\/pood\/sabanas-de-canamo\/sabana-de-canamo-blanco\/","title":{"rendered":"S\u00e1bana de c\u00e1\u00f1amo | Blanco"},"content":{"rendered":"<p>La s\u00e1bana de c\u00e1\u00f1amo es la elecci\u00f3n perfecta que combina practicidad, durabilidad y estilo en cualquier dormitorio. La textura natural y el color neutro de la tela de c\u00e1\u00f1amo crean un ambiente elegante y r\u00fastico que complementa varios estilos de interiores. Adem\u00e1s de la comodidad, la s\u00e1bana de c\u00e1\u00f1amo tambi\u00e9n es hipoalerg\u00e9nica y antibacteriana, lo que ofrece un sue\u00f1o transpirable y saludable durante toda la noche.<\/p>\n<p>La ropa de cama de c\u00e1\u00f1amo es f\u00e1cil de cuidar: se puede lavar a m\u00e1quina y conserva su calidad incluso despu\u00e9s de numerosos lavados. Las fibras de c\u00e1\u00f1amo se secan r\u00e1pidamente, lo que es una caracter\u00edstica ideal para quienes valoran la practicidad y la comodidad. Adem\u00e1s, el c\u00e1\u00f1amo es un material respetuoso con el medio ambiente porque su cultivo es ecol\u00f3gico y sostenible, lo que hace que la ropa de cama de c\u00e1\u00f1amo sea una opci\u00f3n ecol\u00f3gica y respetuosa con la naturaleza.<\/p>\n","protected":false},"excerpt":{"rendered":"<p>La s\u00e1bana 100% c\u00e1\u00f1amo es hipoalerg\u00e9nica y antibacteriana.<\/p>\n<ul>\n<li>Color: Blanco<\/li>\n<li>Material: 100% c\u00e1\u00f1amo, 180 g\/m2<\/li>\n<li>Tama\u00f1o: 220\u00d7240 cm<\/li>\n<\/ul>\n<p><img loading=\"lazy\" decoding=\"async\" class=\"alignnone size-full wp-image-20226\" src=\"https:\/\/aztex.ee\/wp-content\/uploads\/2024\/09\/oekotex100.png\" alt=\"\" width=\"204\" height=\"72\" srcset=\"https:\/\/aztex.ee\/wp-content\/uploads\/2024\/09\/oekotex100.png 204w, https:\/\/aztex.ee\/wp-content\/uploads\/2024\/09\/oekotex100-150x53.png 150w\" sizes=\"auto, (max-width: 204px) 100vw, 204px\" \/><img loading=\"lazy\" decoding=\"async\" class=\"alignnone wp-image-20896\" src=\"https:\/\/aztex.ee\/wp-content\/uploads\/2024\/09\/NATURALHEMP.png\" alt=\"\" width=\"79\" height=\"79\" srcset=\"https:\/\/aztex.ee\/wp-content\/uploads\/2024\/09\/NATURALHEMP.png 300w, https:\/\/aztex.ee\/wp-content\/uploads\/2024\/09\/NATURALHEMP-150x150.png 150w\" sizes=\"auto, (max-width: 79px) 100vw, 79px\" \/><\/p>\n","protected":false},"featured_media":98897,"comment_status":"open","ping_status":"closed","template":"","meta":[],"product_brand":[],"product_cat":[1808,450],"product_tag":[],"class_list":{"0":"post-98876","1":"product","2":"type-product","3":"status-publish","4":"has-post-thumbnail","6":"product_cat-sabanas","7":"product_cat-sabanas-de-canamo","9":"first","10":"instock","11":"shipping-taxable","12":"purchasable","13":"product-type-simple"},"yoast_head":"<!-- This site is optimized with the Yoast SEO plugin v27.4 - https:\/\/yoast.com\/product\/yoast-seo-wordpress\/ -->\n<title>S\u00e1bana de c\u00e1\u00f1amo natural - Blanco | AZTEX<\/title>\n<meta name=\"description\" content=\"S\u00e1bana de c\u00e1\u00f1amo blanca premium, confeccionada con tejido 100% natural. Excepcionalmente transpirable, antibacteriana y duradera, ofrece una experiencia de sue\u00f1o fresca y lujosa.\" \/>\n<meta name=\"robots\" content=\"index, follow, max-snippet:-1, max-image-preview:large, max-video-preview:-1\" \/>\n<link rel=\"canonical\" href=\"https:\/\/aztex.ee\/es\/pood\/sabanas-de-canamo\/sabana-de-canamo-blanco\/\" \/>\n<meta property=\"og:locale\" content=\"es_ES\" \/>\n<meta property=\"og:type\" content=\"article\" \/>\n<meta property=\"og:title\" content=\"S\u00e1bana de c\u00e1\u00f1amo natural - Blanco | AZTEX\" \/>\n<meta property=\"og:description\" content=\"S\u00e1bana de c\u00e1\u00f1amo blanca premium, confeccionada con tejido 100% natural. Excepcionalmente transpirable, antibacteriana y duradera, ofrece una experiencia de sue\u00f1o fresca y lujosa.\" \/>\n<meta property=\"og:url\" content=\"https:\/\/aztex.ee\/es\/pood\/sabanas-de-canamo\/sabana-de-canamo-blanco\/\" \/>\n<meta property=\"og:site_name\" content=\"AZTEX\" \/>\n<meta property=\"article:publisher\" content=\"https:\/\/www.facebook.com\/AztexEE\" \/>\n<meta property=\"article:modified_time\" content=\"2026-01-13T11:19:30+00:00\" \/>\n<meta property=\"og:image\" content=\"https:\/\/aztex.ee\/wp-content\/uploads\/2026\/01\/Kanepist-voodilina-Valge.jpg\" \/>\n\t<meta property=\"og:image:width\" content=\"800\" \/>\n\t<meta property=\"og:image:height\" content=\"800\" \/>\n\t<meta property=\"og:image:type\" content=\"image\/jpeg\" \/>\n<meta name=\"twitter:card\" content=\"summary_large_image\" \/>\n<meta name=\"twitter:label1\" content=\"Tiempo de lectura\" \/>\n\t<meta name=\"twitter:data1\" content=\"2 minutos\" \/>\n<script type=\"application\/ld+json\" class=\"yoast-schema-graph\">{\"@context\":\"https:\\\/\\\/schema.org\",\"@graph\":[{\"@type\":[\"WebPage\",\"ItemPage\"],\"@id\":\"https:\\\/\\\/aztex.ee\\\/es\\\/pood\\\/sabanas-de-canamo\\\/sabana-de-canamo-blanco\\\/\",\"url\":\"https:\\\/\\\/aztex.ee\\\/es\\\/pood\\\/sabanas-de-canamo\\\/sabana-de-canamo-blanco\\\/\",\"name\":\"S\u00e1bana de c\u00e1\u00f1amo natural - Blanco | AZTEX\",\"isPartOf\":{\"@id\":\"https:\\\/\\\/aztex.ee\\\/es\\\/#website\"},\"primaryImageOfPage\":{\"@id\":\"https:\\\/\\\/aztex.ee\\\/es\\\/pood\\\/sabanas-de-canamo\\\/sabana-de-canamo-blanco\\\/#primaryimage\"},\"image\":{\"@id\":\"https:\\\/\\\/aztex.ee\\\/es\\\/pood\\\/sabanas-de-canamo\\\/sabana-de-canamo-blanco\\\/#primaryimage\"},\"thumbnailUrl\":\"https:\\\/\\\/aztex.ee\\\/wp-content\\\/uploads\\\/2026\\\/01\\\/Kanepist-voodilina-Valge.jpg\",\"datePublished\":\"2026-01-13T10:11:26+00:00\",\"dateModified\":\"2026-01-13T11:19:30+00:00\",\"description\":\"S\u00e1bana de c\u00e1\u00f1amo blanca premium, confeccionada con tejido 100% natural. Excepcionalmente transpirable, antibacteriana y duradera, ofrece una experiencia de sue\u00f1o fresca y lujosa.\",\"breadcrumb\":{\"@id\":\"https:\\\/\\\/aztex.ee\\\/es\\\/pood\\\/sabanas-de-canamo\\\/sabana-de-canamo-blanco\\\/#breadcrumb\"},\"inLanguage\":\"es\",\"potentialAction\":[{\"@type\":\"ReadAction\",\"target\":[\"https:\\\/\\\/aztex.ee\\\/es\\\/pood\\\/sabanas-de-canamo\\\/sabana-de-canamo-blanco\\\/\"]}]},{\"@type\":\"ImageObject\",\"inLanguage\":\"es\",\"@id\":\"https:\\\/\\\/aztex.ee\\\/es\\\/pood\\\/sabanas-de-canamo\\\/sabana-de-canamo-blanco\\\/#primaryimage\",\"url\":\"https:\\\/\\\/aztex.ee\\\/wp-content\\\/uploads\\\/2026\\\/01\\\/Kanepist-voodilina-Valge.jpg\",\"contentUrl\":\"https:\\\/\\\/aztex.ee\\\/wp-content\\\/uploads\\\/2026\\\/01\\\/Kanepist-voodilina-Valge.jpg\",\"width\":800,\"height\":800,\"caption\":\"Kanepist voodilina Valge\"},{\"@type\":\"BreadcrumbList\",\"@id\":\"https:\\\/\\\/aztex.ee\\\/es\\\/pood\\\/sabanas-de-canamo\\\/sabana-de-canamo-blanco\\\/#breadcrumb\",\"itemListElement\":[{\"@type\":\"ListItem\",\"position\":1,\"name\":\"Inicio\",\"item\":\"https:\\\/\\\/aztex.ee\\\/es\\\/\"},{\"@type\":\"ListItem\",\"position\":2,\"name\":\"Tienda\",\"item\":\"https:\\\/\\\/aztex.ee\\\/es\\\/tienda\\\/\"},{\"@type\":\"ListItem\",\"position\":3,\"name\":\"S\u00e1bana de c\u00e1\u00f1amo | Blanco\"}]},{\"@type\":\"WebSite\",\"@id\":\"https:\\\/\\\/aztex.ee\\\/es\\\/#website\",\"url\":\"https:\\\/\\\/aztex.ee\\\/es\\\/\",\"name\":\"AZTEX\",\"description\":\"\",\"publisher\":{\"@id\":\"https:\\\/\\\/aztex.ee\\\/es\\\/#organization\"},\"potentialAction\":[{\"@type\":\"SearchAction\",\"target\":{\"@type\":\"EntryPoint\",\"urlTemplate\":\"https:\\\/\\\/aztex.ee\\\/es\\\/?s={search_term_string}\"},\"query-input\":{\"@type\":\"PropertyValueSpecification\",\"valueRequired\":true,\"valueName\":\"search_term_string\"}}],\"inLanguage\":\"es\"},{\"@type\":\"Organization\",\"@id\":\"https:\\\/\\\/aztex.ee\\\/es\\\/#organization\",\"name\":\"AZTEX\",\"url\":\"https:\\\/\\\/aztex.ee\\\/es\\\/\",\"logo\":{\"@type\":\"ImageObject\",\"inLanguage\":\"es\",\"@id\":\"https:\\\/\\\/aztex.ee\\\/es\\\/#\\\/schema\\\/logo\\\/image\\\/\",\"url\":\"https:\\\/\\\/aztex.ee\\\/wp-content\\\/uploads\\\/2026\\\/01\\\/AZTEX.png\",\"contentUrl\":\"https:\\\/\\\/aztex.ee\\\/wp-content\\\/uploads\\\/2026\\\/01\\\/AZTEX.png\",\"width\":500,\"height\":500,\"caption\":\"AZTEX\"},\"image\":{\"@id\":\"https:\\\/\\\/aztex.ee\\\/es\\\/#\\\/schema\\\/logo\\\/image\\\/\"},\"sameAs\":[\"https:\\\/\\\/www.facebook.com\\\/AztexEE\",\"https:\\\/\\\/www.instagram.com\\\/aztexeesti\\\/\",\"https:\\\/\\\/www.youtube.com\\\/@AZTEXEE\",\"https:\\\/\\\/www.pinterest.com\\\/aztex_eesti\\\/\",\"https:\\\/\\\/www.tiktok.com\\\/@aztexeesti\",\"https:\\\/\\\/www.trustpilot.com\\\/review\\\/aztex.ee\",\"https:\\\/\\\/www.linkedin.com\\\/company\\\/aztex-ee\\\/\",\"https:\\\/\\\/www.wikidata.org\\\/wiki\\\/Q137560182\"]}]}<\/script>\n<!-- \/ Yoast SEO plugin. -->","yoast_head_json":{"title":"S\u00e1bana de c\u00e1\u00f1amo natural - Blanco | AZTEX","description":"S\u00e1bana de c\u00e1\u00f1amo blanca premium, confeccionada con tejido 100% natural. Excepcionalmente transpirable, antibacteriana y duradera, ofrece una experiencia de sue\u00f1o fresca y lujosa.","robots":{"index":"index","follow":"follow","max-snippet":"max-snippet:-1","max-image-preview":"max-image-preview:large","max-video-preview":"max-video-preview:-1"},"canonical":"https:\/\/aztex.ee\/es\/pood\/sabanas-de-canamo\/sabana-de-canamo-blanco\/","og_locale":"es_ES","og_type":"article","og_title":"S\u00e1bana de c\u00e1\u00f1amo natural - Blanco | AZTEX","og_description":"S\u00e1bana de c\u00e1\u00f1amo blanca premium, confeccionada con tejido 100% natural. Excepcionalmente transpirable, antibacteriana y duradera, ofrece una experiencia de sue\u00f1o fresca y lujosa.","og_url":"https:\/\/aztex.ee\/es\/pood\/sabanas-de-canamo\/sabana-de-canamo-blanco\/","og_site_name":"AZTEX","article_publisher":"https:\/\/www.facebook.com\/AztexEE","article_modified_time":"2026-01-13T11:19:30+00:00","og_image":[{"width":800,"height":800,"url":"https:\/\/aztex.ee\/wp-content\/uploads\/2026\/01\/Kanepist-voodilina-Valge.jpg","type":"image\/jpeg"}],"twitter_card":"summary_large_image","twitter_misc":{"Tiempo de lectura":"2 minutos"},"schema":{"@context":"https:\/\/schema.org","@graph":[{"@type":["WebPage","ItemPage"],"@id":"https:\/\/aztex.ee\/es\/pood\/sabanas-de-canamo\/sabana-de-canamo-blanco\/","url":"https:\/\/aztex.ee\/es\/pood\/sabanas-de-canamo\/sabana-de-canamo-blanco\/","name":"S\u00e1bana de c\u00e1\u00f1amo natural - Blanco | AZTEX","isPartOf":{"@id":"https:\/\/aztex.ee\/es\/#website"},"primaryImageOfPage":{"@id":"https:\/\/aztex.ee\/es\/pood\/sabanas-de-canamo\/sabana-de-canamo-blanco\/#primaryimage"},"image":{"@id":"https:\/\/aztex.ee\/es\/pood\/sabanas-de-canamo\/sabana-de-canamo-blanco\/#primaryimage"},"thumbnailUrl":"https:\/\/aztex.ee\/wp-content\/uploads\/2026\/01\/Kanepist-voodilina-Valge.jpg","datePublished":"2026-01-13T10:11:26+00:00","dateModified":"2026-01-13T11:19:30+00:00","description":"S\u00e1bana de c\u00e1\u00f1amo blanca premium, confeccionada con tejido 100% natural. Excepcionalmente transpirable, antibacteriana y duradera, ofrece una experiencia de sue\u00f1o fresca y lujosa.","breadcrumb":{"@id":"https:\/\/aztex.ee\/es\/pood\/sabanas-de-canamo\/sabana-de-canamo-blanco\/#breadcrumb"},"inLanguage":"es","potentialAction":[{"@type":"ReadAction","target":["https:\/\/aztex.ee\/es\/pood\/sabanas-de-canamo\/sabana-de-canamo-blanco\/"]}]},{"@type":"ImageObject","inLanguage":"es","@id":"https:\/\/aztex.ee\/es\/pood\/sabanas-de-canamo\/sabana-de-canamo-blanco\/#primaryimage","url":"https:\/\/aztex.ee\/wp-content\/uploads\/2026\/01\/Kanepist-voodilina-Valge.jpg","contentUrl":"https:\/\/aztex.ee\/wp-content\/uploads\/2026\/01\/Kanepist-voodilina-Valge.jpg","width":800,"height":800,"caption":"Kanepist voodilina Valge"},{"@type":"BreadcrumbList","@id":"https:\/\/aztex.ee\/es\/pood\/sabanas-de-canamo\/sabana-de-canamo-blanco\/#breadcrumb","itemListElement":[{"@type":"ListItem","position":1,"name":"Inicio","item":"https:\/\/aztex.ee\/es\/"},{"@type":"ListItem","position":2,"name":"Tienda","item":"https:\/\/aztex.ee\/es\/tienda\/"},{"@type":"ListItem","position":3,"name":"S\u00e1bana de c\u00e1\u00f1amo | Blanco"}]},{"@type":"WebSite","@id":"https:\/\/aztex.ee\/es\/#website","url":"https:\/\/aztex.ee\/es\/","name":"AZTEX","description":"","publisher":{"@id":"https:\/\/aztex.ee\/es\/#organization"},"potentialAction":[{"@type":"SearchAction","target":{"@type":"EntryPoint","urlTemplate":"https:\/\/aztex.ee\/es\/?s={search_term_string}"},"query-input":{"@type":"PropertyValueSpecification","valueRequired":true,"valueName":"search_term_string"}}],"inLanguage":"es"},{"@type":"Organization","@id":"https:\/\/aztex.ee\/es\/#organization","name":"AZTEX","url":"https:\/\/aztex.ee\/es\/","logo":{"@type":"ImageObject","inLanguage":"es","@id":"https:\/\/aztex.ee\/es\/#\/schema\/logo\/image\/","url":"https:\/\/aztex.ee\/wp-content\/uploads\/2026\/01\/AZTEX.png","contentUrl":"https:\/\/aztex.ee\/wp-content\/uploads\/2026\/01\/AZTEX.png","width":500,"height":500,"caption":"AZTEX"},"image":{"@id":"https:\/\/aztex.ee\/es\/#\/schema\/logo\/image\/"},"sameAs":["https:\/\/www.facebook.com\/AztexEE","https:\/\/www.instagram.com\/aztexeesti\/","https:\/\/www.youtube.com\/@AZTEXEE","https:\/\/www.pinterest.com\/aztex_eesti\/","https:\/\/www.tiktok.com\/@aztexeesti","https:\/\/www.trustpilot.com\/review\/aztex.ee","https:\/\/www.linkedin.com\/company\/aztex-ee\/","https:\/\/www.wikidata.org\/wiki\/Q137560182"]}]}},"_links":{"self":[{"href":"https:\/\/aztex.ee\/es\/wp-json\/wp\/v2\/product\/98876","targetHints":{"allow":["GET"]}}],"collection":[{"href":"https:\/\/aztex.ee\/es\/wp-json\/wp\/v2\/product"}],"about":[{"href":"https:\/\/aztex.ee\/es\/wp-json\/wp\/v2\/types\/product"}],"replies":[{"embeddable":true,"href":"https:\/\/aztex.ee\/es\/wp-json\/wp\/v2\/comments?post=98876"}],"version-history":[{"count":2,"href":"https:\/\/aztex.ee\/es\/wp-json\/wp\/v2\/product\/98876\/revisions"}],"predecessor-version":[{"id":98983,"href":"https:\/\/aztex.ee\/es\/wp-json\/wp\/v2\/product\/98876\/revisions\/98983"}],"wp:featuredmedia":[{"embeddable":true,"href":"https:\/\/aztex.ee\/es\/wp-json\/wp\/v2\/media\/98897"}],"wp:attachment":[{"href":"https:\/\/aztex.ee\/es\/wp-json\/wp\/v2\/media?parent=98876"}],"wp:term":[{"taxonomy":"product_brand","embeddable":true,"href":"https:\/\/aztex.ee\/es\/wp-json\/wp\/v2\/product_brand?post=98876"},{"taxonomy":"product_cat","embeddable":true,"href":"https:\/\/aztex.ee\/es\/wp-json\/wp\/v2\/product_cat?post=98876"},{"taxonomy":"product_tag","embeddable":true,"href":"https:\/\/aztex.ee\/es\/wp-json\/wp\/v2\/product_tag?post=98876"}],"curies":[{"name":"wp","href":"https:\/\/api.w.org\/{rel}","templated":true}]}}