{"id":95331,"date":"2025-10-07T06:07:07","date_gmt":"2025-10-07T06:07:07","guid":{"rendered":"https:\/\/aztex.ee\/?post_type=product&#038;p=95331"},"modified":"2026-03-21T17:22:32","modified_gmt":"2026-03-21T17:22:32","slug":"juego-de-cama-de-saten-de-algodon-jardin-de-perlas","status":"publish","type":"product","link":"https:\/\/aztex.ee\/es\/pood\/ropa-de-cama\/juego-de-cama-de-saten-de-algodon-jardin-de-perlas\/","title":{"rendered":"Juego de cama de sat\u00e9n de algod\u00f3n | Jard\u00edn de perlas"},"content":{"rendered":"<p>El juego de cama de sat\u00e9n de algod\u00f3n aporta suavidad y comodidad a tu dormitorio. Combina la naturalidad del algod\u00f3n con la suavidad del sat\u00e9n, ofreciendo un material transpirable y agradable para la piel, ideal para el uso diario. El tejido es duradero y f\u00e1cil de cuidar, y conserva su suavidad incluso despu\u00e9s de varios lavados. La ropa de cama de sat\u00e9n de algod\u00f3n es una gran opci\u00f3n si valoras la calidad del sue\u00f1o y un tacto agradable por la noche.<\/p>\n","protected":false},"excerpt":{"rendered":"<p>El juego de cama de sat\u00e9n de algod\u00f3n garantiza comodidad y un sue\u00f1o de calidad.<\/p>\n<ul>\n<li>Material: 100% algod\u00f3n<\/li>\n<li>Tejido: Sat\u00edn<\/li>\n<li>N\u00famero de hilos: 300 TC<\/li>\n<li>Funda n\u00f3rdica: 200\u00d7220 cm<\/li>\n<li>Funda de almohada: 50\u00d775 cm (2 piezas)<\/li>\n<li>S\u00e1bana: No incluida<\/li>\n<li>Comodidad: Transpirable y textura suave<\/li>\n<\/ul>\n<p><img loading=\"lazy\" decoding=\"async\" class=\"alignnone size-full wp-image-25964\" src=\"https:\/\/aztex.ee\/wp-content\/uploads\/2024\/09\/cotton87.png\" alt=\"\" width=\"188\" height=\"71\" srcset=\"https:\/\/aztex.ee\/wp-content\/uploads\/2024\/09\/cotton87.png 188w, https:\/\/aztex.ee\/wp-content\/uploads\/2024\/09\/cotton87-150x57.png 150w\" sizes=\"auto, (max-width: 188px) 100vw, 188px\" \/><\/p>\n","protected":false},"featured_media":95353,"comment_status":"open","ping_status":"closed","template":"","meta":[],"product_brand":[],"product_cat":[506,304,607,112,172,390],"product_tag":[],"class_list":{"0":"post-95331","1":"product","2":"type-product","3":"status-publish","4":"has-post-thumbnail","6":"product_cat-juegos-de-cama","7":"product_cat-juegos-de-cama-de-algodon-200-220","8":"product_cat-juegos-de-cama-de-saten","9":"product_cat-ropa-de-cama","10":"product_cat-ropa-de-cama-de-algodon","11":"product_cat-ropa-de-cama-de-saten","13":"first","14":"instock","15":"shipping-taxable","16":"purchasable","17":"product-type-simple"},"yoast_head":"<!-- This site is optimized with the Yoast SEO plugin v27.3 - https:\/\/yoast.com\/product\/yoast-seo-wordpress\/ -->\n<title>Juego de funda n\u00f3rdica 200 x 220 algod\u00f3n sat\u00e9n | Jard\u00edn de perlas<\/title>\n<meta name=\"description\" content=\"Juego de funda n\u00f3rdica de 200 x 220 cm: lujosa ropa de cama de sat\u00e9n de algod\u00f3n. Fabricada en sat\u00e9n de algod\u00f3n 100% de alta calidad para garantizar un sue\u00f1o confortable y un dormitorio elegante.\" \/>\n<meta name=\"robots\" content=\"index, follow, max-snippet:-1, max-image-preview:large, max-video-preview:-1\" \/>\n<link rel=\"canonical\" href=\"https:\/\/aztex.ee\/es\/pood\/ropa-de-cama\/juego-de-cama-de-saten-de-algodon-jardin-de-perlas\/\" \/>\n<meta property=\"og:locale\" content=\"es_ES\" \/>\n<meta property=\"og:type\" content=\"article\" \/>\n<meta property=\"og:title\" content=\"Juego de funda n\u00f3rdica 200 x 220 algod\u00f3n sat\u00e9n | Jard\u00edn de perlas\" \/>\n<meta property=\"og:description\" content=\"Juego de funda n\u00f3rdica de 200 x 220 cm: lujosa ropa de cama de sat\u00e9n de algod\u00f3n. Fabricada en sat\u00e9n de algod\u00f3n 100% de alta calidad para garantizar un sue\u00f1o confortable y un dormitorio elegante.\" \/>\n<meta property=\"og:url\" content=\"https:\/\/aztex.ee\/es\/pood\/ropa-de-cama\/juego-de-cama-de-saten-de-algodon-jardin-de-perlas\/\" \/>\n<meta property=\"og:site_name\" content=\"AZTEX\" \/>\n<meta property=\"article:publisher\" content=\"https:\/\/www.facebook.com\/AztexEE\" \/>\n<meta property=\"article:modified_time\" content=\"2026-03-21T17:22:32+00:00\" \/>\n<meta property=\"og:image\" content=\"https:\/\/aztex.ee\/wp-content\/uploads\/2025\/10\/Voodipesukomplekt-200x220-Parliaed.jpg\" \/>\n\t<meta property=\"og:image:width\" content=\"800\" \/>\n\t<meta property=\"og:image:height\" content=\"800\" \/>\n\t<meta property=\"og:image:type\" content=\"image\/jpeg\" \/>\n<meta name=\"twitter:card\" content=\"summary_large_image\" \/>\n<meta name=\"twitter:label1\" content=\"Tiempo de lectura\" \/>\n\t<meta name=\"twitter:data1\" content=\"1 minuto\" \/>\n<script type=\"application\/ld+json\" class=\"yoast-schema-graph\">{\"@context\":\"https:\\\/\\\/schema.org\",\"@graph\":[{\"@type\":[\"WebPage\",\"ItemPage\"],\"@id\":\"https:\\\/\\\/aztex.ee\\\/es\\\/pood\\\/ropa-de-cama\\\/juego-de-cama-de-saten-de-algodon-jardin-de-perlas\\\/\",\"url\":\"https:\\\/\\\/aztex.ee\\\/es\\\/pood\\\/ropa-de-cama\\\/juego-de-cama-de-saten-de-algodon-jardin-de-perlas\\\/\",\"name\":\"Juego de funda n\u00f3rdica 200 x 220 algod\u00f3n sat\u00e9n | Jard\u00edn de perlas\",\"isPartOf\":{\"@id\":\"https:\\\/\\\/aztex.ee\\\/es\\\/#website\"},\"primaryImageOfPage\":{\"@id\":\"https:\\\/\\\/aztex.ee\\\/es\\\/pood\\\/ropa-de-cama\\\/juego-de-cama-de-saten-de-algodon-jardin-de-perlas\\\/#primaryimage\"},\"image\":{\"@id\":\"https:\\\/\\\/aztex.ee\\\/es\\\/pood\\\/ropa-de-cama\\\/juego-de-cama-de-saten-de-algodon-jardin-de-perlas\\\/#primaryimage\"},\"thumbnailUrl\":\"https:\\\/\\\/aztex.ee\\\/wp-content\\\/uploads\\\/2025\\\/10\\\/Voodipesukomplekt-200x220-Parliaed.jpg\",\"datePublished\":\"2025-10-07T06:07:07+00:00\",\"dateModified\":\"2026-03-21T17:22:32+00:00\",\"description\":\"Juego de funda n\u00f3rdica de 200 x 220 cm: lujosa ropa de cama de sat\u00e9n de algod\u00f3n. Fabricada en sat\u00e9n de algod\u00f3n 100% de alta calidad para garantizar un sue\u00f1o confortable y un dormitorio elegante.\",\"breadcrumb\":{\"@id\":\"https:\\\/\\\/aztex.ee\\\/es\\\/pood\\\/ropa-de-cama\\\/juego-de-cama-de-saten-de-algodon-jardin-de-perlas\\\/#breadcrumb\"},\"inLanguage\":\"es\",\"potentialAction\":[{\"@type\":\"ReadAction\",\"target\":[\"https:\\\/\\\/aztex.ee\\\/es\\\/pood\\\/ropa-de-cama\\\/juego-de-cama-de-saten-de-algodon-jardin-de-perlas\\\/\"]}]},{\"@type\":\"ImageObject\",\"inLanguage\":\"es\",\"@id\":\"https:\\\/\\\/aztex.ee\\\/es\\\/pood\\\/ropa-de-cama\\\/juego-de-cama-de-saten-de-algodon-jardin-de-perlas\\\/#primaryimage\",\"url\":\"https:\\\/\\\/aztex.ee\\\/wp-content\\\/uploads\\\/2025\\\/10\\\/Voodipesukomplekt-200x220-Parliaed.jpg\",\"contentUrl\":\"https:\\\/\\\/aztex.ee\\\/wp-content\\\/uploads\\\/2025\\\/10\\\/Voodipesukomplekt-200x220-Parliaed.jpg\",\"width\":800,\"height\":800,\"caption\":\"Voodipesukomplekt 200x220 P\u00e4rliaed\"},{\"@type\":\"BreadcrumbList\",\"@id\":\"https:\\\/\\\/aztex.ee\\\/es\\\/pood\\\/ropa-de-cama\\\/juego-de-cama-de-saten-de-algodon-jardin-de-perlas\\\/#breadcrumb\",\"itemListElement\":[{\"@type\":\"ListItem\",\"position\":1,\"name\":\"Inicio\",\"item\":\"https:\\\/\\\/aztex.ee\\\/es\\\/\"},{\"@type\":\"ListItem\",\"position\":2,\"name\":\"Tienda\",\"item\":\"https:\\\/\\\/aztex.ee\\\/es\\\/tienda\\\/\"},{\"@type\":\"ListItem\",\"position\":3,\"name\":\"Juego de cama de sat\u00e9n de algod\u00f3n | Jard\u00edn de perlas\"}]},{\"@type\":\"WebSite\",\"@id\":\"https:\\\/\\\/aztex.ee\\\/es\\\/#website\",\"url\":\"https:\\\/\\\/aztex.ee\\\/es\\\/\",\"name\":\"AZTEX\",\"description\":\"\",\"publisher\":{\"@id\":\"https:\\\/\\\/aztex.ee\\\/es\\\/#organization\"},\"potentialAction\":[{\"@type\":\"SearchAction\",\"target\":{\"@type\":\"EntryPoint\",\"urlTemplate\":\"https:\\\/\\\/aztex.ee\\\/es\\\/?s={search_term_string}\"},\"query-input\":{\"@type\":\"PropertyValueSpecification\",\"valueRequired\":true,\"valueName\":\"search_term_string\"}}],\"inLanguage\":\"es\"},{\"@type\":\"Organization\",\"@id\":\"https:\\\/\\\/aztex.ee\\\/es\\\/#organization\",\"name\":\"AZTEX\",\"url\":\"https:\\\/\\\/aztex.ee\\\/es\\\/\",\"logo\":{\"@type\":\"ImageObject\",\"inLanguage\":\"es\",\"@id\":\"https:\\\/\\\/aztex.ee\\\/es\\\/#\\\/schema\\\/logo\\\/image\\\/\",\"url\":\"https:\\\/\\\/aztex.ee\\\/wp-content\\\/uploads\\\/2026\\\/01\\\/AZTEX.png\",\"contentUrl\":\"https:\\\/\\\/aztex.ee\\\/wp-content\\\/uploads\\\/2026\\\/01\\\/AZTEX.png\",\"width\":500,\"height\":500,\"caption\":\"AZTEX\"},\"image\":{\"@id\":\"https:\\\/\\\/aztex.ee\\\/es\\\/#\\\/schema\\\/logo\\\/image\\\/\"},\"sameAs\":[\"https:\\\/\\\/www.facebook.com\\\/AztexEE\",\"https:\\\/\\\/www.instagram.com\\\/aztexeesti\\\/\",\"https:\\\/\\\/www.youtube.com\\\/@AZTEXEE\",\"https:\\\/\\\/www.pinterest.com\\\/aztex_eesti\\\/\",\"https:\\\/\\\/www.tiktok.com\\\/@aztexeesti\",\"https:\\\/\\\/www.trustpilot.com\\\/review\\\/aztex.ee\",\"https:\\\/\\\/www.linkedin.com\\\/company\\\/aztex-ee\\\/\",\"https:\\\/\\\/www.wikidata.org\\\/wiki\\\/Q137560182\"]}]}<\/script>\n<!-- \/ Yoast SEO plugin. -->","yoast_head_json":{"title":"Juego de funda n\u00f3rdica 200 x 220 algod\u00f3n sat\u00e9n | Jard\u00edn de perlas","description":"Juego de funda n\u00f3rdica de 200 x 220 cm: lujosa ropa de cama de sat\u00e9n de algod\u00f3n. Fabricada en sat\u00e9n de algod\u00f3n 100% de alta calidad para garantizar un sue\u00f1o confortable y un dormitorio elegante.","robots":{"index":"index","follow":"follow","max-snippet":"max-snippet:-1","max-image-preview":"max-image-preview:large","max-video-preview":"max-video-preview:-1"},"canonical":"https:\/\/aztex.ee\/es\/pood\/ropa-de-cama\/juego-de-cama-de-saten-de-algodon-jardin-de-perlas\/","og_locale":"es_ES","og_type":"article","og_title":"Juego de funda n\u00f3rdica 200 x 220 algod\u00f3n sat\u00e9n | Jard\u00edn de perlas","og_description":"Juego de funda n\u00f3rdica de 200 x 220 cm: lujosa ropa de cama de sat\u00e9n de algod\u00f3n. Fabricada en sat\u00e9n de algod\u00f3n 100% de alta calidad para garantizar un sue\u00f1o confortable y un dormitorio elegante.","og_url":"https:\/\/aztex.ee\/es\/pood\/ropa-de-cama\/juego-de-cama-de-saten-de-algodon-jardin-de-perlas\/","og_site_name":"AZTEX","article_publisher":"https:\/\/www.facebook.com\/AztexEE","article_modified_time":"2026-03-21T17:22:32+00:00","og_image":[{"width":800,"height":800,"url":"https:\/\/aztex.ee\/wp-content\/uploads\/2025\/10\/Voodipesukomplekt-200x220-Parliaed.jpg","type":"image\/jpeg"}],"twitter_card":"summary_large_image","twitter_misc":{"Tiempo de lectura":"1 minuto"},"schema":{"@context":"https:\/\/schema.org","@graph":[{"@type":["WebPage","ItemPage"],"@id":"https:\/\/aztex.ee\/es\/pood\/ropa-de-cama\/juego-de-cama-de-saten-de-algodon-jardin-de-perlas\/","url":"https:\/\/aztex.ee\/es\/pood\/ropa-de-cama\/juego-de-cama-de-saten-de-algodon-jardin-de-perlas\/","name":"Juego de funda n\u00f3rdica 200 x 220 algod\u00f3n sat\u00e9n | Jard\u00edn de perlas","isPartOf":{"@id":"https:\/\/aztex.ee\/es\/#website"},"primaryImageOfPage":{"@id":"https:\/\/aztex.ee\/es\/pood\/ropa-de-cama\/juego-de-cama-de-saten-de-algodon-jardin-de-perlas\/#primaryimage"},"image":{"@id":"https:\/\/aztex.ee\/es\/pood\/ropa-de-cama\/juego-de-cama-de-saten-de-algodon-jardin-de-perlas\/#primaryimage"},"thumbnailUrl":"https:\/\/aztex.ee\/wp-content\/uploads\/2025\/10\/Voodipesukomplekt-200x220-Parliaed.jpg","datePublished":"2025-10-07T06:07:07+00:00","dateModified":"2026-03-21T17:22:32+00:00","description":"Juego de funda n\u00f3rdica de 200 x 220 cm: lujosa ropa de cama de sat\u00e9n de algod\u00f3n. Fabricada en sat\u00e9n de algod\u00f3n 100% de alta calidad para garantizar un sue\u00f1o confortable y un dormitorio elegante.","breadcrumb":{"@id":"https:\/\/aztex.ee\/es\/pood\/ropa-de-cama\/juego-de-cama-de-saten-de-algodon-jardin-de-perlas\/#breadcrumb"},"inLanguage":"es","potentialAction":[{"@type":"ReadAction","target":["https:\/\/aztex.ee\/es\/pood\/ropa-de-cama\/juego-de-cama-de-saten-de-algodon-jardin-de-perlas\/"]}]},{"@type":"ImageObject","inLanguage":"es","@id":"https:\/\/aztex.ee\/es\/pood\/ropa-de-cama\/juego-de-cama-de-saten-de-algodon-jardin-de-perlas\/#primaryimage","url":"https:\/\/aztex.ee\/wp-content\/uploads\/2025\/10\/Voodipesukomplekt-200x220-Parliaed.jpg","contentUrl":"https:\/\/aztex.ee\/wp-content\/uploads\/2025\/10\/Voodipesukomplekt-200x220-Parliaed.jpg","width":800,"height":800,"caption":"Voodipesukomplekt 200x220 P\u00e4rliaed"},{"@type":"BreadcrumbList","@id":"https:\/\/aztex.ee\/es\/pood\/ropa-de-cama\/juego-de-cama-de-saten-de-algodon-jardin-de-perlas\/#breadcrumb","itemListElement":[{"@type":"ListItem","position":1,"name":"Inicio","item":"https:\/\/aztex.ee\/es\/"},{"@type":"ListItem","position":2,"name":"Tienda","item":"https:\/\/aztex.ee\/es\/tienda\/"},{"@type":"ListItem","position":3,"name":"Juego de cama de sat\u00e9n de algod\u00f3n | Jard\u00edn de perlas"}]},{"@type":"WebSite","@id":"https:\/\/aztex.ee\/es\/#website","url":"https:\/\/aztex.ee\/es\/","name":"AZTEX","description":"","publisher":{"@id":"https:\/\/aztex.ee\/es\/#organization"},"potentialAction":[{"@type":"SearchAction","target":{"@type":"EntryPoint","urlTemplate":"https:\/\/aztex.ee\/es\/?s={search_term_string}"},"query-input":{"@type":"PropertyValueSpecification","valueRequired":true,"valueName":"search_term_string"}}],"inLanguage":"es"},{"@type":"Organization","@id":"https:\/\/aztex.ee\/es\/#organization","name":"AZTEX","url":"https:\/\/aztex.ee\/es\/","logo":{"@type":"ImageObject","inLanguage":"es","@id":"https:\/\/aztex.ee\/es\/#\/schema\/logo\/image\/","url":"https:\/\/aztex.ee\/wp-content\/uploads\/2026\/01\/AZTEX.png","contentUrl":"https:\/\/aztex.ee\/wp-content\/uploads\/2026\/01\/AZTEX.png","width":500,"height":500,"caption":"AZTEX"},"image":{"@id":"https:\/\/aztex.ee\/es\/#\/schema\/logo\/image\/"},"sameAs":["https:\/\/www.facebook.com\/AztexEE","https:\/\/www.instagram.com\/aztexeesti\/","https:\/\/www.youtube.com\/@AZTEXEE","https:\/\/www.pinterest.com\/aztex_eesti\/","https:\/\/www.tiktok.com\/@aztexeesti","https:\/\/www.trustpilot.com\/review\/aztex.ee","https:\/\/www.linkedin.com\/company\/aztex-ee\/","https:\/\/www.wikidata.org\/wiki\/Q137560182"]}]}},"_links":{"self":[{"href":"https:\/\/aztex.ee\/es\/wp-json\/wp\/v2\/product\/95331","targetHints":{"allow":["GET"]}}],"collection":[{"href":"https:\/\/aztex.ee\/es\/wp-json\/wp\/v2\/product"}],"about":[{"href":"https:\/\/aztex.ee\/es\/wp-json\/wp\/v2\/types\/product"}],"replies":[{"embeddable":true,"href":"https:\/\/aztex.ee\/es\/wp-json\/wp\/v2\/comments?post=95331"}],"version-history":[{"count":2,"href":"https:\/\/aztex.ee\/es\/wp-json\/wp\/v2\/product\/95331\/revisions"}],"predecessor-version":[{"id":95463,"href":"https:\/\/aztex.ee\/es\/wp-json\/wp\/v2\/product\/95331\/revisions\/95463"}],"wp:featuredmedia":[{"embeddable":true,"href":"https:\/\/aztex.ee\/es\/wp-json\/wp\/v2\/media\/95353"}],"wp:attachment":[{"href":"https:\/\/aztex.ee\/es\/wp-json\/wp\/v2\/media?parent=95331"}],"wp:term":[{"taxonomy":"product_brand","embeddable":true,"href":"https:\/\/aztex.ee\/es\/wp-json\/wp\/v2\/product_brand?post=95331"},{"taxonomy":"product_cat","embeddable":true,"href":"https:\/\/aztex.ee\/es\/wp-json\/wp\/v2\/product_cat?post=95331"},{"taxonomy":"product_tag","embeddable":true,"href":"https:\/\/aztex.ee\/es\/wp-json\/wp\/v2\/product_tag?post=95331"}],"curies":[{"name":"wp","href":"https:\/\/api.w.org\/{rel}","templated":true}]}}