{"id":94470,"date":"2025-09-15T09:06:50","date_gmt":"2025-09-15T09:06:50","guid":{"rendered":"https:\/\/aztex.ee\/?post_type=product&#038;p=94470"},"modified":"2026-04-08T10:43:53","modified_gmt":"2026-04-08T10:43:53","slug":"almohada-de-plumas-de-pato","status":"publish","type":"product","link":"https:\/\/aztex.ee\/es\/pood\/almohadas\/almohada-de-plumas-de-pato\/","title":{"rendered":"Almohada de plumas de pato"},"content":{"rendered":"<p><strong>Tacto suave y lujoso<\/strong><\/p>\n<p>La almohada de plum\u00f3n de pato es excepcionalmente suave y delicada, y ofrece un soporte natural para la cabeza y el cuello. El relleno conserva su forma y elasticidad, garantizando comodidad y estabilidad en todo momento. Gracias a sus materiales de alta calidad, esta almohada de plum\u00f3n de pato es ideal para cualquier dormitorio, ofreciendo una soluci\u00f3n fiable y c\u00f3moda para el uso diario.<\/p>\n<p><strong>Transpirable y c\u00f3moda<\/strong><\/p>\n<p>La almohada ecol\u00f3gica de plum\u00f3n de pato permite la libre circulaci\u00f3n del aire, manteni\u00e9ndola fresca y seca. Gracias a su transpirabilidad, no se sobrecalienta ni acumula humedad, manteniendo la comodidad tanto de d\u00eda como de noche. Esta caracter\u00edstica la hace ideal para quienes valoran la buena circulaci\u00f3n del aire y un soporte agradable.<\/p>\n<p><strong>Duradera y con forma estable<\/strong><\/p>\n<p>Los materiales naturales de alta calidad garantizan que esta almohada de plum\u00f3n de pato conserve su forma y elasticidad incluso despu\u00e9s de a\u00f1os. Incluso con un uso frecuente, la almohada no se hunde ni pierde su comodidad, proporcionando un soporte estable y fiable a largo plazo. Esto la convierte en una inversi\u00f3n pr\u00e1ctica y duradera, ideal para el uso diario.<\/p>\n<p><strong>Ecol\u00f3gica y cercana a la naturaleza<\/strong><\/p>\n<p>Esta almohada est\u00e1 hecha de plumas de pato de origen ecol\u00f3gico, naturales y respetuosas con el medio ambiente. Es una opci\u00f3n saludable y sostenible, respetuosa tanto con las personas como con el medio ambiente. Esta almohada ecol\u00f3gica garantiza calidad y comodidad, manteniendo un equilibrio entre practicidad y respeto por el medio ambiente.<\/p>\n<p><strong>Opci\u00f3n asequible y de alta calidad<\/strong><\/p>\n<p>Esta almohada asequible combina un precio asequible con alta calidad. Esta almohada de plumas de pato garantiza comodidad, durabilidad y propiedades ecol\u00f3gicas sin comprometer la calidad. Es una opci\u00f3n pr\u00e1ctica y econ\u00f3mica para cualquier hogar, con una excelente relaci\u00f3n calidad-precio que la convierte en una compra satisfactoria y beneficiosa a largo plazo.<\/p>\n","protected":false},"excerpt":{"rendered":"<p>Esta almohada hecha de plumas de pato naturales, que es suave, transpirable y duradera, garantiza la m\u00e1xima comodidad.<\/p>\n<ul>\n<li>Relleno de almohada: 90% pluma de pato \/ 10% plum\u00f3n de pato<\/li>\n<li>Tela de la funda: 100% Algod\u00f3n Egipcio<\/li>\n<li>Lavable a m\u00e1quina: S\u00ed<\/li>\n<li>Altura de la almohada: Mediana<\/li>\n<\/ul>\n<p><img loading=\"lazy\" decoding=\"async\" class=\"alignnone wp-image-94116\" src=\"https:\/\/aztex.ee\/wp-content\/uploads\/2025\/09\/globalrecyled-400x201.png\" alt=\"\" width=\"111\" height=\"56\" srcset=\"https:\/\/aztex.ee\/wp-content\/uploads\/2025\/09\/globalrecyled-400x201.png 400w, https:\/\/aztex.ee\/wp-content\/uploads\/2025\/09\/globalrecyled-430x216.png 430w, https:\/\/aztex.ee\/wp-content\/uploads\/2025\/09\/globalrecyled-150x75.png 150w, https:\/\/aztex.ee\/wp-content\/uploads\/2025\/09\/globalrecyled.png 600w\" sizes=\"auto, (max-width: 111px) 100vw, 111px\" \/><img loading=\"lazy\" decoding=\"async\" class=\"alignnone wp-image-94119\" src=\"https:\/\/aztex.ee\/wp-content\/uploads\/2025\/09\/oeko100ser.png\" alt=\"\" width=\"53\" height=\"50\" srcset=\"https:\/\/aztex.ee\/wp-content\/uploads\/2025\/09\/oeko100ser.png 200w, https:\/\/aztex.ee\/wp-content\/uploads\/2025\/09\/oeko100ser-150x142.png 150w\" sizes=\"auto, (max-width: 53px) 100vw, 53px\" \/><img loading=\"lazy\" decoding=\"async\" class=\"alignnone wp-image-94114\" src=\"https:\/\/aztex.ee\/wp-content\/uploads\/2025\/09\/RDS.png\" alt=\"\" width=\"55\" height=\"55\" srcset=\"https:\/\/aztex.ee\/wp-content\/uploads\/2025\/09\/RDS.png 200w, https:\/\/aztex.ee\/wp-content\/uploads\/2025\/09\/RDS-150x150.png 150w\" sizes=\"auto, (max-width: 55px) 100vw, 55px\" \/><img loading=\"lazy\" decoding=\"async\" class=\"alignnone wp-image-94115\" src=\"https:\/\/aztex.ee\/wp-content\/uploads\/2025\/09\/BSCI.png\" alt=\"\" width=\"55\" height=\"55\" srcset=\"https:\/\/aztex.ee\/wp-content\/uploads\/2025\/09\/BSCI.png 200w, https:\/\/aztex.ee\/wp-content\/uploads\/2025\/09\/BSCI-150x150.png 150w\" sizes=\"auto, (max-width: 55px) 100vw, 55px\" \/><img loading=\"lazy\" decoding=\"async\" class=\"alignnone wp-image-94112\" src=\"https:\/\/aztex.ee\/wp-content\/uploads\/2025\/09\/logo_downpass_en.png\" alt=\"\" width=\"49\" height=\"53\" srcset=\"https:\/\/aztex.ee\/wp-content\/uploads\/2025\/09\/logo_downpass_en.png 240w, https:\/\/aztex.ee\/wp-content\/uploads\/2025\/09\/logo_downpass_en-150x163.png 150w\" sizes=\"auto, (max-width: 49px) 100vw, 49px\" \/><\/p>\n","protected":false},"featured_media":94557,"comment_status":"open","ping_status":"closed","template":"","meta":[],"product_brand":[],"product_cat":[6110,6157],"product_tag":[],"class_list":{"0":"post-94470","1":"product","2":"type-product","3":"status-publish","4":"has-post-thumbnail","6":"product_cat-almohadas","7":"product_cat-almohadas-de-plumas-y-plumon","9":"first","10":"instock","11":"shipping-taxable","12":"purchasable","13":"product-type-variable"},"yoast_head":"<!-- This site is optimized with the Yoast SEO plugin v27.3 - https:\/\/yoast.com\/product\/yoast-seo-wordpress\/ -->\n<title>Almohada de plumas de pato | AZTEX<\/title>\n<meta name=\"description\" content=\"Suave, transpirable y duradera, esta almohada de plum\u00f3n de pato garantiza un sue\u00f1o reparador y confortable cada noche. El material ecol\u00f3gico y natural es suave, indeformable y duradero.\" \/>\n<meta name=\"robots\" content=\"index, follow, max-snippet:-1, max-image-preview:large, max-video-preview:-1\" \/>\n<link rel=\"canonical\" href=\"https:\/\/aztex.ee\/es\/pood\/almohadas\/almohada-de-plumas-de-pato\/\" \/>\n<meta property=\"og:locale\" content=\"es_ES\" \/>\n<meta property=\"og:type\" content=\"article\" \/>\n<meta property=\"og:title\" content=\"Almohada de plumas de pato | AZTEX\" \/>\n<meta property=\"og:description\" content=\"Suave, transpirable y duradera, esta almohada de plum\u00f3n de pato garantiza un sue\u00f1o reparador y confortable cada noche. El material ecol\u00f3gico y natural es suave, indeformable y duradero.\" \/>\n<meta property=\"og:url\" content=\"https:\/\/aztex.ee\/es\/pood\/almohadas\/almohada-de-plumas-de-pato\/\" \/>\n<meta property=\"og:site_name\" content=\"AZTEX\" \/>\n<meta property=\"article:publisher\" content=\"https:\/\/www.facebook.com\/AztexEE\" \/>\n<meta property=\"article:modified_time\" content=\"2026-04-08T10:43:53+00:00\" \/>\n<meta property=\"og:image\" content=\"https:\/\/aztex.ee\/wp-content\/uploads\/2025\/09\/Pardisulgedest-padi.jpg\" \/>\n\t<meta property=\"og:image:width\" content=\"800\" \/>\n\t<meta property=\"og:image:height\" content=\"800\" \/>\n\t<meta property=\"og:image:type\" content=\"image\/jpeg\" \/>\n<meta name=\"twitter:card\" content=\"summary_large_image\" \/>\n<meta name=\"twitter:label1\" content=\"Tiempo de lectura\" \/>\n\t<meta name=\"twitter:data1\" content=\"2 minutos\" \/>\n<script type=\"application\/ld+json\" class=\"yoast-schema-graph\">{\"@context\":\"https:\\\/\\\/schema.org\",\"@graph\":[{\"@type\":[\"WebPage\",\"ItemPage\"],\"@id\":\"https:\\\/\\\/aztex.ee\\\/es\\\/pood\\\/almohadas\\\/almohada-de-plumas-de-pato\\\/\",\"url\":\"https:\\\/\\\/aztex.ee\\\/es\\\/pood\\\/almohadas\\\/almohada-de-plumas-de-pato\\\/\",\"name\":\"Almohada de plumas de pato | AZTEX\",\"isPartOf\":{\"@id\":\"https:\\\/\\\/aztex.ee\\\/es\\\/#website\"},\"primaryImageOfPage\":{\"@id\":\"https:\\\/\\\/aztex.ee\\\/es\\\/pood\\\/almohadas\\\/almohada-de-plumas-de-pato\\\/#primaryimage\"},\"image\":{\"@id\":\"https:\\\/\\\/aztex.ee\\\/es\\\/pood\\\/almohadas\\\/almohada-de-plumas-de-pato\\\/#primaryimage\"},\"thumbnailUrl\":\"https:\\\/\\\/aztex.ee\\\/wp-content\\\/uploads\\\/2025\\\/09\\\/Pardisulgedest-padi.jpg\",\"datePublished\":\"2025-09-15T09:06:50+00:00\",\"dateModified\":\"2026-04-08T10:43:53+00:00\",\"description\":\"Suave, transpirable y duradera, esta almohada de plum\u00f3n de pato garantiza un sue\u00f1o reparador y confortable cada noche. El material ecol\u00f3gico y natural es suave, indeformable y duradero.\",\"breadcrumb\":{\"@id\":\"https:\\\/\\\/aztex.ee\\\/es\\\/pood\\\/almohadas\\\/almohada-de-plumas-de-pato\\\/#breadcrumb\"},\"inLanguage\":\"es\",\"potentialAction\":[{\"@type\":\"ReadAction\",\"target\":[\"https:\\\/\\\/aztex.ee\\\/es\\\/pood\\\/almohadas\\\/almohada-de-plumas-de-pato\\\/\"]}]},{\"@type\":\"ImageObject\",\"inLanguage\":\"es\",\"@id\":\"https:\\\/\\\/aztex.ee\\\/es\\\/pood\\\/almohadas\\\/almohada-de-plumas-de-pato\\\/#primaryimage\",\"url\":\"https:\\\/\\\/aztex.ee\\\/wp-content\\\/uploads\\\/2025\\\/09\\\/Pardisulgedest-padi.jpg\",\"contentUrl\":\"https:\\\/\\\/aztex.ee\\\/wp-content\\\/uploads\\\/2025\\\/09\\\/Pardisulgedest-padi.jpg\",\"width\":800,\"height\":800,\"caption\":\"Pardisulgedest padi\"},{\"@type\":\"BreadcrumbList\",\"@id\":\"https:\\\/\\\/aztex.ee\\\/es\\\/pood\\\/almohadas\\\/almohada-de-plumas-de-pato\\\/#breadcrumb\",\"itemListElement\":[{\"@type\":\"ListItem\",\"position\":1,\"name\":\"Inicio\",\"item\":\"https:\\\/\\\/aztex.ee\\\/es\\\/\"},{\"@type\":\"ListItem\",\"position\":2,\"name\":\"Tienda\",\"item\":\"https:\\\/\\\/aztex.ee\\\/es\\\/tienda\\\/\"},{\"@type\":\"ListItem\",\"position\":3,\"name\":\"Almohada de plumas de pato\"}]},{\"@type\":\"WebSite\",\"@id\":\"https:\\\/\\\/aztex.ee\\\/es\\\/#website\",\"url\":\"https:\\\/\\\/aztex.ee\\\/es\\\/\",\"name\":\"AZTEX\",\"description\":\"\",\"publisher\":{\"@id\":\"https:\\\/\\\/aztex.ee\\\/es\\\/#organization\"},\"potentialAction\":[{\"@type\":\"SearchAction\",\"target\":{\"@type\":\"EntryPoint\",\"urlTemplate\":\"https:\\\/\\\/aztex.ee\\\/es\\\/?s={search_term_string}\"},\"query-input\":{\"@type\":\"PropertyValueSpecification\",\"valueRequired\":true,\"valueName\":\"search_term_string\"}}],\"inLanguage\":\"es\"},{\"@type\":\"Organization\",\"@id\":\"https:\\\/\\\/aztex.ee\\\/es\\\/#organization\",\"name\":\"AZTEX\",\"url\":\"https:\\\/\\\/aztex.ee\\\/es\\\/\",\"logo\":{\"@type\":\"ImageObject\",\"inLanguage\":\"es\",\"@id\":\"https:\\\/\\\/aztex.ee\\\/es\\\/#\\\/schema\\\/logo\\\/image\\\/\",\"url\":\"https:\\\/\\\/aztex.ee\\\/wp-content\\\/uploads\\\/2026\\\/01\\\/AZTEX.png\",\"contentUrl\":\"https:\\\/\\\/aztex.ee\\\/wp-content\\\/uploads\\\/2026\\\/01\\\/AZTEX.png\",\"width\":500,\"height\":500,\"caption\":\"AZTEX\"},\"image\":{\"@id\":\"https:\\\/\\\/aztex.ee\\\/es\\\/#\\\/schema\\\/logo\\\/image\\\/\"},\"sameAs\":[\"https:\\\/\\\/www.facebook.com\\\/AztexEE\",\"https:\\\/\\\/www.instagram.com\\\/aztexeesti\\\/\",\"https:\\\/\\\/www.youtube.com\\\/@AZTEXEE\",\"https:\\\/\\\/www.pinterest.com\\\/aztex_eesti\\\/\",\"https:\\\/\\\/www.tiktok.com\\\/@aztexeesti\",\"https:\\\/\\\/www.trustpilot.com\\\/review\\\/aztex.ee\",\"https:\\\/\\\/www.linkedin.com\\\/company\\\/aztex-ee\\\/\",\"https:\\\/\\\/www.wikidata.org\\\/wiki\\\/Q137560182\"]}]}<\/script>\n<!-- \/ Yoast SEO plugin. -->","yoast_head_json":{"title":"Almohada de plumas de pato | AZTEX","description":"Suave, transpirable y duradera, esta almohada de plum\u00f3n de pato garantiza un sue\u00f1o reparador y confortable cada noche. El material ecol\u00f3gico y natural es suave, indeformable y duradero.","robots":{"index":"index","follow":"follow","max-snippet":"max-snippet:-1","max-image-preview":"max-image-preview:large","max-video-preview":"max-video-preview:-1"},"canonical":"https:\/\/aztex.ee\/es\/pood\/almohadas\/almohada-de-plumas-de-pato\/","og_locale":"es_ES","og_type":"article","og_title":"Almohada de plumas de pato | AZTEX","og_description":"Suave, transpirable y duradera, esta almohada de plum\u00f3n de pato garantiza un sue\u00f1o reparador y confortable cada noche. El material ecol\u00f3gico y natural es suave, indeformable y duradero.","og_url":"https:\/\/aztex.ee\/es\/pood\/almohadas\/almohada-de-plumas-de-pato\/","og_site_name":"AZTEX","article_publisher":"https:\/\/www.facebook.com\/AztexEE","article_modified_time":"2026-04-08T10:43:53+00:00","og_image":[{"width":800,"height":800,"url":"https:\/\/aztex.ee\/wp-content\/uploads\/2025\/09\/Pardisulgedest-padi.jpg","type":"image\/jpeg"}],"twitter_card":"summary_large_image","twitter_misc":{"Tiempo de lectura":"2 minutos"},"schema":{"@context":"https:\/\/schema.org","@graph":[{"@type":["WebPage","ItemPage"],"@id":"https:\/\/aztex.ee\/es\/pood\/almohadas\/almohada-de-plumas-de-pato\/","url":"https:\/\/aztex.ee\/es\/pood\/almohadas\/almohada-de-plumas-de-pato\/","name":"Almohada de plumas de pato | AZTEX","isPartOf":{"@id":"https:\/\/aztex.ee\/es\/#website"},"primaryImageOfPage":{"@id":"https:\/\/aztex.ee\/es\/pood\/almohadas\/almohada-de-plumas-de-pato\/#primaryimage"},"image":{"@id":"https:\/\/aztex.ee\/es\/pood\/almohadas\/almohada-de-plumas-de-pato\/#primaryimage"},"thumbnailUrl":"https:\/\/aztex.ee\/wp-content\/uploads\/2025\/09\/Pardisulgedest-padi.jpg","datePublished":"2025-09-15T09:06:50+00:00","dateModified":"2026-04-08T10:43:53+00:00","description":"Suave, transpirable y duradera, esta almohada de plum\u00f3n de pato garantiza un sue\u00f1o reparador y confortable cada noche. El material ecol\u00f3gico y natural es suave, indeformable y duradero.","breadcrumb":{"@id":"https:\/\/aztex.ee\/es\/pood\/almohadas\/almohada-de-plumas-de-pato\/#breadcrumb"},"inLanguage":"es","potentialAction":[{"@type":"ReadAction","target":["https:\/\/aztex.ee\/es\/pood\/almohadas\/almohada-de-plumas-de-pato\/"]}]},{"@type":"ImageObject","inLanguage":"es","@id":"https:\/\/aztex.ee\/es\/pood\/almohadas\/almohada-de-plumas-de-pato\/#primaryimage","url":"https:\/\/aztex.ee\/wp-content\/uploads\/2025\/09\/Pardisulgedest-padi.jpg","contentUrl":"https:\/\/aztex.ee\/wp-content\/uploads\/2025\/09\/Pardisulgedest-padi.jpg","width":800,"height":800,"caption":"Pardisulgedest padi"},{"@type":"BreadcrumbList","@id":"https:\/\/aztex.ee\/es\/pood\/almohadas\/almohada-de-plumas-de-pato\/#breadcrumb","itemListElement":[{"@type":"ListItem","position":1,"name":"Inicio","item":"https:\/\/aztex.ee\/es\/"},{"@type":"ListItem","position":2,"name":"Tienda","item":"https:\/\/aztex.ee\/es\/tienda\/"},{"@type":"ListItem","position":3,"name":"Almohada de plumas de pato"}]},{"@type":"WebSite","@id":"https:\/\/aztex.ee\/es\/#website","url":"https:\/\/aztex.ee\/es\/","name":"AZTEX","description":"","publisher":{"@id":"https:\/\/aztex.ee\/es\/#organization"},"potentialAction":[{"@type":"SearchAction","target":{"@type":"EntryPoint","urlTemplate":"https:\/\/aztex.ee\/es\/?s={search_term_string}"},"query-input":{"@type":"PropertyValueSpecification","valueRequired":true,"valueName":"search_term_string"}}],"inLanguage":"es"},{"@type":"Organization","@id":"https:\/\/aztex.ee\/es\/#organization","name":"AZTEX","url":"https:\/\/aztex.ee\/es\/","logo":{"@type":"ImageObject","inLanguage":"es","@id":"https:\/\/aztex.ee\/es\/#\/schema\/logo\/image\/","url":"https:\/\/aztex.ee\/wp-content\/uploads\/2026\/01\/AZTEX.png","contentUrl":"https:\/\/aztex.ee\/wp-content\/uploads\/2026\/01\/AZTEX.png","width":500,"height":500,"caption":"AZTEX"},"image":{"@id":"https:\/\/aztex.ee\/es\/#\/schema\/logo\/image\/"},"sameAs":["https:\/\/www.facebook.com\/AztexEE","https:\/\/www.instagram.com\/aztexeesti\/","https:\/\/www.youtube.com\/@AZTEXEE","https:\/\/www.pinterest.com\/aztex_eesti\/","https:\/\/www.tiktok.com\/@aztexeesti","https:\/\/www.trustpilot.com\/review\/aztex.ee","https:\/\/www.linkedin.com\/company\/aztex-ee\/","https:\/\/www.wikidata.org\/wiki\/Q137560182"]}]}},"_links":{"self":[{"href":"https:\/\/aztex.ee\/es\/wp-json\/wp\/v2\/product\/94470","targetHints":{"allow":["GET"]}}],"collection":[{"href":"https:\/\/aztex.ee\/es\/wp-json\/wp\/v2\/product"}],"about":[{"href":"https:\/\/aztex.ee\/es\/wp-json\/wp\/v2\/types\/product"}],"replies":[{"embeddable":true,"href":"https:\/\/aztex.ee\/es\/wp-json\/wp\/v2\/comments?post=94470"}],"version-history":[{"count":0,"href":"https:\/\/aztex.ee\/es\/wp-json\/wp\/v2\/product\/94470\/revisions"}],"wp:featuredmedia":[{"embeddable":true,"href":"https:\/\/aztex.ee\/es\/wp-json\/wp\/v2\/media\/94557"}],"wp:attachment":[{"href":"https:\/\/aztex.ee\/es\/wp-json\/wp\/v2\/media?parent=94470"}],"wp:term":[{"taxonomy":"product_brand","embeddable":true,"href":"https:\/\/aztex.ee\/es\/wp-json\/wp\/v2\/product_brand?post=94470"},{"taxonomy":"product_cat","embeddable":true,"href":"https:\/\/aztex.ee\/es\/wp-json\/wp\/v2\/product_cat?post=94470"},{"taxonomy":"product_tag","embeddable":true,"href":"https:\/\/aztex.ee\/es\/wp-json\/wp\/v2\/product_tag?post=94470"}],"curies":[{"name":"wp","href":"https:\/\/api.w.org\/{rel}","templated":true}]}}