{"id":91813,"date":"2025-08-17T11:03:58","date_gmt":"2025-08-17T11:03:58","guid":{"rendered":"https:\/\/aztex.ee\/?post_type=product&#038;p=91813"},"modified":"2026-04-02T14:07:22","modified_gmt":"2026-04-02T14:07:22","slug":"funda-de-almohada-de-canamo-gris","status":"publish","type":"product","link":"https:\/\/aztex.ee\/es\/pood\/fundas-de-almohada-de-canamo\/funda-de-almohada-de-canamo-gris\/","title":{"rendered":"Funda de almohada de c\u00e1\u00f1amo | Gris"},"content":{"rendered":"<p>Una funda de almohada de c\u00e1\u00f1amo aporta un aspecto lujoso y moderno a cualquier dormitorio gracias a la naturalidad del c\u00e1\u00f1amo. Este material proporciona durabilidad y longevidad a la funda de almohada, lo que la convierte en una excelente opci\u00f3n para quienes prefieren un estilo de vida ecol\u00f3gico.<\/p>\n<p>El uso de una funda de almohada de c\u00e1\u00f1amo promueve un buen sue\u00f1o y mejora el bienestar general. Las propiedades antibacterianas y antial\u00e9rgicas del c\u00e1\u00f1amo lo convierten en una opci\u00f3n ideal para las personas al\u00e9rgicas y asm\u00e1ticas, ya que el c\u00e1\u00f1amo repele las bacterias y mantiene la funda de almohada limpia durante m\u00e1s tiempo.<\/p>\n","protected":false},"excerpt":{"rendered":"<p>La funda de almohada de c\u00e1\u00f1amo es una opci\u00f3n duradera, transpirable y agradable para la piel para un sue\u00f1o confortable.<\/p>\n<ul>\n<li>Color: Gris<\/li>\n<li>Material: 100% c\u00e1\u00f1amo, 180 g\/m2<\/li>\n<\/ul>\n<p><img loading=\"lazy\" decoding=\"async\" class=\"alignnone size-full wp-image-20226\" src=\"https:\/\/aztex.ee\/wp-content\/uploads\/2024\/09\/oekotex100.png\" alt=\"\" width=\"204\" height=\"72\" srcset=\"https:\/\/aztex.ee\/wp-content\/uploads\/2024\/09\/oekotex100.png 204w, https:\/\/aztex.ee\/wp-content\/uploads\/2024\/09\/oekotex100-150x53.png 150w\" sizes=\"auto, (max-width: 204px) 100vw, 204px\" \/><img loading=\"lazy\" decoding=\"async\" class=\"alignnone wp-image-20896\" src=\"https:\/\/aztex.ee\/wp-content\/uploads\/2024\/09\/NATURALHEMP.png\" alt=\"\" width=\"79\" height=\"79\" srcset=\"https:\/\/aztex.ee\/wp-content\/uploads\/2024\/09\/NATURALHEMP.png 300w, https:\/\/aztex.ee\/wp-content\/uploads\/2024\/09\/NATURALHEMP-150x150.png 150w\" sizes=\"auto, (max-width: 79px) 100vw, 79px\" \/><\/p>\n","protected":false},"featured_media":92000,"comment_status":"open","ping_status":"closed","template":"","meta":[],"product_brand":[],"product_cat":[1787,469],"product_tag":[],"class_list":{"0":"post-91813","1":"product","2":"type-product","3":"status-publish","4":"has-post-thumbnail","6":"product_cat-fundas-de-almohada","7":"product_cat-fundas-de-almohada-de-canamo","9":"first","10":"instock","11":"shipping-taxable","12":"purchasable","13":"product-type-variable"},"yoast_head":"<!-- This site is optimized with the Yoast SEO plugin v27.3 - https:\/\/yoast.com\/product\/yoast-seo-wordpress\/ -->\n<title>Funda de almohada de c\u00e1\u00f1amo natural - Gris | AZTEX<\/title>\n<meta name=\"description\" content=\"La funda de almohada de c\u00e1\u00f1amo proporciona una comodidad natural, transpirable y antibacteriana. Una funda ecol\u00f3gica y duradera te permite disfrutar de un sue\u00f1o profundo, tranquilo y relajante cada noche.\" \/>\n<meta name=\"robots\" content=\"index, follow, max-snippet:-1, max-image-preview:large, max-video-preview:-1\" \/>\n<link rel=\"canonical\" href=\"https:\/\/aztex.ee\/es\/pood\/fundas-de-almohada-de-canamo\/funda-de-almohada-de-canamo-gris\/\" \/>\n<meta property=\"og:locale\" content=\"es_ES\" \/>\n<meta property=\"og:type\" content=\"article\" \/>\n<meta property=\"og:title\" content=\"Funda de almohada de c\u00e1\u00f1amo natural - Gris | AZTEX\" \/>\n<meta property=\"og:description\" content=\"La funda de almohada de c\u00e1\u00f1amo proporciona una comodidad natural, transpirable y antibacteriana. Una funda ecol\u00f3gica y duradera te permite disfrutar de un sue\u00f1o profundo, tranquilo y relajante cada noche.\" \/>\n<meta property=\"og:url\" content=\"https:\/\/aztex.ee\/es\/pood\/fundas-de-almohada-de-canamo\/funda-de-almohada-de-canamo-gris\/\" \/>\n<meta property=\"og:site_name\" content=\"AZTEX\" \/>\n<meta property=\"article:publisher\" content=\"https:\/\/www.facebook.com\/AztexEE\" \/>\n<meta property=\"article:modified_time\" content=\"2026-04-02T14:07:22+00:00\" \/>\n<meta property=\"og:image\" content=\"https:\/\/aztex.ee\/wp-content\/uploads\/2025\/08\/Kanepist-padjapuur-Hall.jpg\" \/>\n\t<meta property=\"og:image:width\" content=\"800\" \/>\n\t<meta property=\"og:image:height\" content=\"800\" \/>\n\t<meta property=\"og:image:type\" content=\"image\/jpeg\" \/>\n<meta name=\"twitter:card\" content=\"summary_large_image\" \/>\n<meta name=\"twitter:label1\" content=\"Tiempo de lectura\" \/>\n\t<meta name=\"twitter:data1\" content=\"1 minuto\" \/>\n<script type=\"application\/ld+json\" class=\"yoast-schema-graph\">{\"@context\":\"https:\\\/\\\/schema.org\",\"@graph\":[{\"@type\":[\"WebPage\",\"ItemPage\"],\"@id\":\"https:\\\/\\\/aztex.ee\\\/es\\\/pood\\\/fundas-de-almohada-de-canamo\\\/funda-de-almohada-de-canamo-gris\\\/\",\"url\":\"https:\\\/\\\/aztex.ee\\\/es\\\/pood\\\/fundas-de-almohada-de-canamo\\\/funda-de-almohada-de-canamo-gris\\\/\",\"name\":\"Funda de almohada de c\u00e1\u00f1amo natural - Gris | AZTEX\",\"isPartOf\":{\"@id\":\"https:\\\/\\\/aztex.ee\\\/es\\\/#website\"},\"primaryImageOfPage\":{\"@id\":\"https:\\\/\\\/aztex.ee\\\/es\\\/pood\\\/fundas-de-almohada-de-canamo\\\/funda-de-almohada-de-canamo-gris\\\/#primaryimage\"},\"image\":{\"@id\":\"https:\\\/\\\/aztex.ee\\\/es\\\/pood\\\/fundas-de-almohada-de-canamo\\\/funda-de-almohada-de-canamo-gris\\\/#primaryimage\"},\"thumbnailUrl\":\"https:\\\/\\\/aztex.ee\\\/wp-content\\\/uploads\\\/2025\\\/08\\\/Kanepist-padjapuur-Hall.jpg\",\"datePublished\":\"2025-08-17T11:03:58+00:00\",\"dateModified\":\"2026-04-02T14:07:22+00:00\",\"description\":\"La funda de almohada de c\u00e1\u00f1amo proporciona una comodidad natural, transpirable y antibacteriana. Una funda ecol\u00f3gica y duradera te permite disfrutar de un sue\u00f1o profundo, tranquilo y relajante cada noche.\",\"breadcrumb\":{\"@id\":\"https:\\\/\\\/aztex.ee\\\/es\\\/pood\\\/fundas-de-almohada-de-canamo\\\/funda-de-almohada-de-canamo-gris\\\/#breadcrumb\"},\"inLanguage\":\"es\",\"potentialAction\":[{\"@type\":\"ReadAction\",\"target\":[\"https:\\\/\\\/aztex.ee\\\/es\\\/pood\\\/fundas-de-almohada-de-canamo\\\/funda-de-almohada-de-canamo-gris\\\/\"]}]},{\"@type\":\"ImageObject\",\"inLanguage\":\"es\",\"@id\":\"https:\\\/\\\/aztex.ee\\\/es\\\/pood\\\/fundas-de-almohada-de-canamo\\\/funda-de-almohada-de-canamo-gris\\\/#primaryimage\",\"url\":\"https:\\\/\\\/aztex.ee\\\/wp-content\\\/uploads\\\/2025\\\/08\\\/Kanepist-padjapuur-Hall.jpg\",\"contentUrl\":\"https:\\\/\\\/aztex.ee\\\/wp-content\\\/uploads\\\/2025\\\/08\\\/Kanepist-padjapuur-Hall.jpg\",\"width\":800,\"height\":800,\"caption\":\"Kanepist padjap\u00fc\u00fcr Hall\"},{\"@type\":\"BreadcrumbList\",\"@id\":\"https:\\\/\\\/aztex.ee\\\/es\\\/pood\\\/fundas-de-almohada-de-canamo\\\/funda-de-almohada-de-canamo-gris\\\/#breadcrumb\",\"itemListElement\":[{\"@type\":\"ListItem\",\"position\":1,\"name\":\"Inicio\",\"item\":\"https:\\\/\\\/aztex.ee\\\/es\\\/\"},{\"@type\":\"ListItem\",\"position\":2,\"name\":\"Tienda\",\"item\":\"https:\\\/\\\/aztex.ee\\\/es\\\/tienda\\\/\"},{\"@type\":\"ListItem\",\"position\":3,\"name\":\"Funda de almohada de c\u00e1\u00f1amo | Gris\"}]},{\"@type\":\"WebSite\",\"@id\":\"https:\\\/\\\/aztex.ee\\\/es\\\/#website\",\"url\":\"https:\\\/\\\/aztex.ee\\\/es\\\/\",\"name\":\"AZTEX\",\"description\":\"\",\"publisher\":{\"@id\":\"https:\\\/\\\/aztex.ee\\\/es\\\/#organization\"},\"potentialAction\":[{\"@type\":\"SearchAction\",\"target\":{\"@type\":\"EntryPoint\",\"urlTemplate\":\"https:\\\/\\\/aztex.ee\\\/es\\\/?s={search_term_string}\"},\"query-input\":{\"@type\":\"PropertyValueSpecification\",\"valueRequired\":true,\"valueName\":\"search_term_string\"}}],\"inLanguage\":\"es\"},{\"@type\":\"Organization\",\"@id\":\"https:\\\/\\\/aztex.ee\\\/es\\\/#organization\",\"name\":\"AZTEX\",\"url\":\"https:\\\/\\\/aztex.ee\\\/es\\\/\",\"logo\":{\"@type\":\"ImageObject\",\"inLanguage\":\"es\",\"@id\":\"https:\\\/\\\/aztex.ee\\\/es\\\/#\\\/schema\\\/logo\\\/image\\\/\",\"url\":\"https:\\\/\\\/aztex.ee\\\/wp-content\\\/uploads\\\/2026\\\/01\\\/AZTEX.png\",\"contentUrl\":\"https:\\\/\\\/aztex.ee\\\/wp-content\\\/uploads\\\/2026\\\/01\\\/AZTEX.png\",\"width\":500,\"height\":500,\"caption\":\"AZTEX\"},\"image\":{\"@id\":\"https:\\\/\\\/aztex.ee\\\/es\\\/#\\\/schema\\\/logo\\\/image\\\/\"},\"sameAs\":[\"https:\\\/\\\/www.facebook.com\\\/AztexEE\",\"https:\\\/\\\/www.instagram.com\\\/aztexeesti\\\/\",\"https:\\\/\\\/www.youtube.com\\\/@AZTEXEE\",\"https:\\\/\\\/www.pinterest.com\\\/aztex_eesti\\\/\",\"https:\\\/\\\/www.tiktok.com\\\/@aztexeesti\",\"https:\\\/\\\/www.trustpilot.com\\\/review\\\/aztex.ee\",\"https:\\\/\\\/www.linkedin.com\\\/company\\\/aztex-ee\\\/\",\"https:\\\/\\\/www.wikidata.org\\\/wiki\\\/Q137560182\"]}]}<\/script>\n<!-- \/ Yoast SEO plugin. -->","yoast_head_json":{"title":"Funda de almohada de c\u00e1\u00f1amo natural - Gris | AZTEX","description":"La funda de almohada de c\u00e1\u00f1amo proporciona una comodidad natural, transpirable y antibacteriana. Una funda ecol\u00f3gica y duradera te permite disfrutar de un sue\u00f1o profundo, tranquilo y relajante cada noche.","robots":{"index":"index","follow":"follow","max-snippet":"max-snippet:-1","max-image-preview":"max-image-preview:large","max-video-preview":"max-video-preview:-1"},"canonical":"https:\/\/aztex.ee\/es\/pood\/fundas-de-almohada-de-canamo\/funda-de-almohada-de-canamo-gris\/","og_locale":"es_ES","og_type":"article","og_title":"Funda de almohada de c\u00e1\u00f1amo natural - Gris | AZTEX","og_description":"La funda de almohada de c\u00e1\u00f1amo proporciona una comodidad natural, transpirable y antibacteriana. Una funda ecol\u00f3gica y duradera te permite disfrutar de un sue\u00f1o profundo, tranquilo y relajante cada noche.","og_url":"https:\/\/aztex.ee\/es\/pood\/fundas-de-almohada-de-canamo\/funda-de-almohada-de-canamo-gris\/","og_site_name":"AZTEX","article_publisher":"https:\/\/www.facebook.com\/AztexEE","article_modified_time":"2026-04-02T14:07:22+00:00","og_image":[{"width":800,"height":800,"url":"https:\/\/aztex.ee\/wp-content\/uploads\/2025\/08\/Kanepist-padjapuur-Hall.jpg","type":"image\/jpeg"}],"twitter_card":"summary_large_image","twitter_misc":{"Tiempo de lectura":"1 minuto"},"schema":{"@context":"https:\/\/schema.org","@graph":[{"@type":["WebPage","ItemPage"],"@id":"https:\/\/aztex.ee\/es\/pood\/fundas-de-almohada-de-canamo\/funda-de-almohada-de-canamo-gris\/","url":"https:\/\/aztex.ee\/es\/pood\/fundas-de-almohada-de-canamo\/funda-de-almohada-de-canamo-gris\/","name":"Funda de almohada de c\u00e1\u00f1amo natural - Gris | AZTEX","isPartOf":{"@id":"https:\/\/aztex.ee\/es\/#website"},"primaryImageOfPage":{"@id":"https:\/\/aztex.ee\/es\/pood\/fundas-de-almohada-de-canamo\/funda-de-almohada-de-canamo-gris\/#primaryimage"},"image":{"@id":"https:\/\/aztex.ee\/es\/pood\/fundas-de-almohada-de-canamo\/funda-de-almohada-de-canamo-gris\/#primaryimage"},"thumbnailUrl":"https:\/\/aztex.ee\/wp-content\/uploads\/2025\/08\/Kanepist-padjapuur-Hall.jpg","datePublished":"2025-08-17T11:03:58+00:00","dateModified":"2026-04-02T14:07:22+00:00","description":"La funda de almohada de c\u00e1\u00f1amo proporciona una comodidad natural, transpirable y antibacteriana. Una funda ecol\u00f3gica y duradera te permite disfrutar de un sue\u00f1o profundo, tranquilo y relajante cada noche.","breadcrumb":{"@id":"https:\/\/aztex.ee\/es\/pood\/fundas-de-almohada-de-canamo\/funda-de-almohada-de-canamo-gris\/#breadcrumb"},"inLanguage":"es","potentialAction":[{"@type":"ReadAction","target":["https:\/\/aztex.ee\/es\/pood\/fundas-de-almohada-de-canamo\/funda-de-almohada-de-canamo-gris\/"]}]},{"@type":"ImageObject","inLanguage":"es","@id":"https:\/\/aztex.ee\/es\/pood\/fundas-de-almohada-de-canamo\/funda-de-almohada-de-canamo-gris\/#primaryimage","url":"https:\/\/aztex.ee\/wp-content\/uploads\/2025\/08\/Kanepist-padjapuur-Hall.jpg","contentUrl":"https:\/\/aztex.ee\/wp-content\/uploads\/2025\/08\/Kanepist-padjapuur-Hall.jpg","width":800,"height":800,"caption":"Kanepist padjap\u00fc\u00fcr Hall"},{"@type":"BreadcrumbList","@id":"https:\/\/aztex.ee\/es\/pood\/fundas-de-almohada-de-canamo\/funda-de-almohada-de-canamo-gris\/#breadcrumb","itemListElement":[{"@type":"ListItem","position":1,"name":"Inicio","item":"https:\/\/aztex.ee\/es\/"},{"@type":"ListItem","position":2,"name":"Tienda","item":"https:\/\/aztex.ee\/es\/tienda\/"},{"@type":"ListItem","position":3,"name":"Funda de almohada de c\u00e1\u00f1amo | Gris"}]},{"@type":"WebSite","@id":"https:\/\/aztex.ee\/es\/#website","url":"https:\/\/aztex.ee\/es\/","name":"AZTEX","description":"","publisher":{"@id":"https:\/\/aztex.ee\/es\/#organization"},"potentialAction":[{"@type":"SearchAction","target":{"@type":"EntryPoint","urlTemplate":"https:\/\/aztex.ee\/es\/?s={search_term_string}"},"query-input":{"@type":"PropertyValueSpecification","valueRequired":true,"valueName":"search_term_string"}}],"inLanguage":"es"},{"@type":"Organization","@id":"https:\/\/aztex.ee\/es\/#organization","name":"AZTEX","url":"https:\/\/aztex.ee\/es\/","logo":{"@type":"ImageObject","inLanguage":"es","@id":"https:\/\/aztex.ee\/es\/#\/schema\/logo\/image\/","url":"https:\/\/aztex.ee\/wp-content\/uploads\/2026\/01\/AZTEX.png","contentUrl":"https:\/\/aztex.ee\/wp-content\/uploads\/2026\/01\/AZTEX.png","width":500,"height":500,"caption":"AZTEX"},"image":{"@id":"https:\/\/aztex.ee\/es\/#\/schema\/logo\/image\/"},"sameAs":["https:\/\/www.facebook.com\/AztexEE","https:\/\/www.instagram.com\/aztexeesti\/","https:\/\/www.youtube.com\/@AZTEXEE","https:\/\/www.pinterest.com\/aztex_eesti\/","https:\/\/www.tiktok.com\/@aztexeesti","https:\/\/www.trustpilot.com\/review\/aztex.ee","https:\/\/www.linkedin.com\/company\/aztex-ee\/","https:\/\/www.wikidata.org\/wiki\/Q137560182"]}]}},"_links":{"self":[{"href":"https:\/\/aztex.ee\/es\/wp-json\/wp\/v2\/product\/91813","targetHints":{"allow":["GET"]}}],"collection":[{"href":"https:\/\/aztex.ee\/es\/wp-json\/wp\/v2\/product"}],"about":[{"href":"https:\/\/aztex.ee\/es\/wp-json\/wp\/v2\/types\/product"}],"replies":[{"embeddable":true,"href":"https:\/\/aztex.ee\/es\/wp-json\/wp\/v2\/comments?post=91813"}],"version-history":[{"count":0,"href":"https:\/\/aztex.ee\/es\/wp-json\/wp\/v2\/product\/91813\/revisions"}],"wp:featuredmedia":[{"embeddable":true,"href":"https:\/\/aztex.ee\/es\/wp-json\/wp\/v2\/media\/92000"}],"wp:attachment":[{"href":"https:\/\/aztex.ee\/es\/wp-json\/wp\/v2\/media?parent=91813"}],"wp:term":[{"taxonomy":"product_brand","embeddable":true,"href":"https:\/\/aztex.ee\/es\/wp-json\/wp\/v2\/product_brand?post=91813"},{"taxonomy":"product_cat","embeddable":true,"href":"https:\/\/aztex.ee\/es\/wp-json\/wp\/v2\/product_cat?post=91813"},{"taxonomy":"product_tag","embeddable":true,"href":"https:\/\/aztex.ee\/es\/wp-json\/wp\/v2\/product_tag?post=91813"}],"curies":[{"name":"wp","href":"https:\/\/api.w.org\/{rel}","templated":true}]}}