{"id":86676,"date":"2025-05-15T22:08:29","date_gmt":"2025-05-15T22:08:29","guid":{"rendered":"https:\/\/aztex.ee\/?post_type=product&#038;p=86676"},"modified":"2026-02-01T16:43:46","modified_gmt":"2026-02-01T16:43:46","slug":"juego-de-cama-de-primera-calidad-bambu-oceano","status":"publish","type":"product","link":"https:\/\/aztex.ee\/es\/pood\/ropa-de-cama\/juego-de-cama-de-primera-calidad-bambu-oceano\/","title":{"rendered":"Juego de cama de primera calidad 100% bamb\u00fa | Oc\u00e9ano"},"content":{"rendered":"<p>Los juegos de cama de bamb\u00fa son productos textiles de alta calidad, suaves y transpirables fabricados con fibra de bamb\u00fa natural. Estos conjuntos est\u00e1n especialmente dise\u00f1ados para garantizar un sue\u00f1o confortable. La fibra de bamb\u00fa es naturalmente transpirable y tiene la capacidad de eliminar la humedad, lo que previene la sudoraci\u00f3n y te mantiene limpio y fresco por m\u00e1s tiempo.<\/p>\n<p>Los juegos de cama de bamb\u00fa suelen utilizar materiales ecol\u00f3gicos y sostenibles. La planta de bamb\u00fa es conocida por su r\u00e1pido crecimiento y bajo consumo de agua, lo que reduce el impacto ambiental del proceso de producci\u00f3n. Adem\u00e1s, la fibra de bamb\u00fa crea una sensaci\u00f3n de lujo con su textura suave y es agradable para la piel sin da\u00f1arla.<\/p>\n<p>Los juegos de cama de bamb\u00fa tienen propiedades antibacterianas y antial\u00e9rgicas naturales que mantienen la higiene y brindan comodidad al dormir. Son conocidos por su efecto refrescante y refrescante en climas c\u00e1lidos.<\/p>\n<p>Como resultado, los juegos de cama de bamb\u00fa son productos c\u00f3modos y ecol\u00f3gicos que ofrecen un sue\u00f1o de calidad a sus usuarios.<\/p>\n","protected":false},"excerpt":{"rendered":"<p>La ropa de cama fabricada al 100% con bamb\u00fa cultivado de forma sostenible es hipoalerg\u00e9nica y antibacteriana.<\/p>\n<ul>\n<li>Color: Oc\u00e9ano<\/li>\n<li>Material: 100% bamb\u00fa<\/li>\n<li>N\u00famero de hilos: 300 TC<\/li>\n<li>Funda n\u00f3rdica: 200\u00d7220 cm<\/li>\n<li>Funda de almohada: 50\u00d770 cm (2 piezas)<\/li>\n<li>S\u00e1bana: 220\u00d7240 cm<\/li>\n<\/ul>\n<p><img loading=\"lazy\" decoding=\"async\" class=\"alignnone wp-image-20226\" src=\"https:\/\/aztex.ee\/wp-content\/uploads\/2024\/09\/oekotex100.png\" alt=\"\" width=\"196\" height=\"69\" srcset=\"https:\/\/aztex.ee\/wp-content\/uploads\/2024\/09\/oekotex100.png 204w, https:\/\/aztex.ee\/wp-content\/uploads\/2024\/09\/oekotex100-150x53.png 150w\" sizes=\"auto, (max-width: 196px) 100vw, 196px\" \/><img loading=\"lazy\" decoding=\"async\" class=\"alignnone wp-image-20260\" src=\"https:\/\/aztex.ee\/wp-content\/uploads\/2024\/09\/bambuuss.png\" alt=\"\" width=\"75\" height=\"75\" srcset=\"https:\/\/aztex.ee\/wp-content\/uploads\/2024\/09\/bambuuss.png 204w, https:\/\/aztex.ee\/wp-content\/uploads\/2024\/09\/bambuuss-150x150.png 150w\" sizes=\"auto, (max-width: 75px) 100vw, 75px\" \/><\/p>\n<p>Hipoalerg\u00e9nico y absorbe la humedad.<br \/>\nUna opci\u00f3n ideal para pieles sensibles o con eczema, especialmente para personas que tienden a sudar por la noche. Los juegos de cama de bamb\u00fa se empaquetan en una bolsa hecha del mismo tejido.<\/p>\n","protected":false},"featured_media":86735,"comment_status":"open","ping_status":"closed","template":"","meta":[],"product_brand":[],"product_cat":[506,410,112,146],"product_tag":[],"class_list":{"0":"post-86676","1":"product","2":"type-product","3":"status-publish","4":"has-post-thumbnail","6":"product_cat-juegos-de-cama","7":"product_cat-juegos-de-sabanas-de-bambu","8":"product_cat-ropa-de-cama","9":"product_cat-ropa-de-cama-de-bambu","11":"first","12":"instock","13":"sale","14":"shipping-taxable","15":"purchasable","16":"product-type-simple"},"yoast_head":"<!-- This site is optimized with the Yoast SEO plugin v27.3 - https:\/\/yoast.com\/product\/yoast-seo-wordpress\/ -->\n<title>Juego S\u00e1banas de Bamb\u00fa 100% Natural y Ecol\u00f3gico | Oc\u00e9ano<\/title>\n<meta name=\"description\" content=\"El juego de cama de bamb\u00fa es la elecci\u00f3n perfecta para quienes buscan un material natural, transpirable y de alta calidad que brinde comodidad constante durante toda la noche.\" \/>\n<meta name=\"robots\" content=\"index, follow, max-snippet:-1, max-image-preview:large, max-video-preview:-1\" \/>\n<link rel=\"canonical\" href=\"https:\/\/aztex.ee\/es\/pood\/ropa-de-cama\/juego-de-cama-de-primera-calidad-bambu-oceano\/\" \/>\n<meta property=\"og:locale\" content=\"es_ES\" \/>\n<meta property=\"og:type\" content=\"article\" \/>\n<meta property=\"og:title\" content=\"Juego S\u00e1banas de Bamb\u00fa 100% Natural y Ecol\u00f3gico | Oc\u00e9ano\" \/>\n<meta property=\"og:description\" content=\"El juego de cama de bamb\u00fa es la elecci\u00f3n perfecta para quienes buscan un material natural, transpirable y de alta calidad que brinde comodidad constante durante toda la noche.\" \/>\n<meta property=\"og:url\" content=\"https:\/\/aztex.ee\/es\/pood\/ropa-de-cama\/juego-de-cama-de-primera-calidad-bambu-oceano\/\" \/>\n<meta property=\"og:site_name\" content=\"AZTEX\" \/>\n<meta property=\"article:publisher\" content=\"https:\/\/www.facebook.com\/AztexEE\" \/>\n<meta property=\"article:modified_time\" content=\"2026-02-01T16:43:46+00:00\" \/>\n<meta property=\"og:image\" content=\"https:\/\/aztex.ee\/wp-content\/uploads\/2025\/05\/Premium-voodipesukomplekt-bambus-Ookean.jpg\" \/>\n\t<meta property=\"og:image:width\" content=\"800\" \/>\n\t<meta property=\"og:image:height\" content=\"800\" \/>\n\t<meta property=\"og:image:type\" content=\"image\/jpeg\" \/>\n<meta name=\"twitter:card\" content=\"summary_large_image\" \/>\n<meta name=\"twitter:label1\" content=\"Tiempo de lectura\" \/>\n\t<meta name=\"twitter:data1\" content=\"2 minutos\" \/>\n<script type=\"application\/ld+json\" class=\"yoast-schema-graph\">{\"@context\":\"https:\\\/\\\/schema.org\",\"@graph\":[{\"@type\":[\"WebPage\",\"ItemPage\"],\"@id\":\"https:\\\/\\\/aztex.ee\\\/es\\\/pood\\\/ropa-de-cama\\\/juego-de-cama-de-primera-calidad-bambu-oceano\\\/\",\"url\":\"https:\\\/\\\/aztex.ee\\\/es\\\/pood\\\/ropa-de-cama\\\/juego-de-cama-de-primera-calidad-bambu-oceano\\\/\",\"name\":\"Juego S\u00e1banas de Bamb\u00fa 100% Natural y Ecol\u00f3gico | Oc\u00e9ano\",\"isPartOf\":{\"@id\":\"https:\\\/\\\/aztex.ee\\\/es\\\/#website\"},\"primaryImageOfPage\":{\"@id\":\"https:\\\/\\\/aztex.ee\\\/es\\\/pood\\\/ropa-de-cama\\\/juego-de-cama-de-primera-calidad-bambu-oceano\\\/#primaryimage\"},\"image\":{\"@id\":\"https:\\\/\\\/aztex.ee\\\/es\\\/pood\\\/ropa-de-cama\\\/juego-de-cama-de-primera-calidad-bambu-oceano\\\/#primaryimage\"},\"thumbnailUrl\":\"https:\\\/\\\/aztex.ee\\\/wp-content\\\/uploads\\\/2025\\\/05\\\/Premium-voodipesukomplekt-bambus-Ookean.jpg\",\"datePublished\":\"2025-05-15T22:08:29+00:00\",\"dateModified\":\"2026-02-01T16:43:46+00:00\",\"description\":\"El juego de cama de bamb\u00fa es la elecci\u00f3n perfecta para quienes buscan un material natural, transpirable y de alta calidad que brinde comodidad constante durante toda la noche.\",\"breadcrumb\":{\"@id\":\"https:\\\/\\\/aztex.ee\\\/es\\\/pood\\\/ropa-de-cama\\\/juego-de-cama-de-primera-calidad-bambu-oceano\\\/#breadcrumb\"},\"inLanguage\":\"es\",\"potentialAction\":[{\"@type\":\"ReadAction\",\"target\":[\"https:\\\/\\\/aztex.ee\\\/es\\\/pood\\\/ropa-de-cama\\\/juego-de-cama-de-primera-calidad-bambu-oceano\\\/\"]}]},{\"@type\":\"ImageObject\",\"inLanguage\":\"es\",\"@id\":\"https:\\\/\\\/aztex.ee\\\/es\\\/pood\\\/ropa-de-cama\\\/juego-de-cama-de-primera-calidad-bambu-oceano\\\/#primaryimage\",\"url\":\"https:\\\/\\\/aztex.ee\\\/wp-content\\\/uploads\\\/2025\\\/05\\\/Premium-voodipesukomplekt-bambus-Ookean.jpg\",\"contentUrl\":\"https:\\\/\\\/aztex.ee\\\/wp-content\\\/uploads\\\/2025\\\/05\\\/Premium-voodipesukomplekt-bambus-Ookean.jpg\",\"width\":800,\"height\":800,\"caption\":\"Premium voodipesukomplekt bambus Ookean\"},{\"@type\":\"BreadcrumbList\",\"@id\":\"https:\\\/\\\/aztex.ee\\\/es\\\/pood\\\/ropa-de-cama\\\/juego-de-cama-de-primera-calidad-bambu-oceano\\\/#breadcrumb\",\"itemListElement\":[{\"@type\":\"ListItem\",\"position\":1,\"name\":\"Inicio\",\"item\":\"https:\\\/\\\/aztex.ee\\\/es\\\/\"},{\"@type\":\"ListItem\",\"position\":2,\"name\":\"Tienda\",\"item\":\"https:\\\/\\\/aztex.ee\\\/es\\\/tienda\\\/\"},{\"@type\":\"ListItem\",\"position\":3,\"name\":\"Juego de cama de primera calidad 100% bamb\u00fa | Oc\u00e9ano\"}]},{\"@type\":\"WebSite\",\"@id\":\"https:\\\/\\\/aztex.ee\\\/es\\\/#website\",\"url\":\"https:\\\/\\\/aztex.ee\\\/es\\\/\",\"name\":\"AZTEX\",\"description\":\"\",\"publisher\":{\"@id\":\"https:\\\/\\\/aztex.ee\\\/es\\\/#organization\"},\"potentialAction\":[{\"@type\":\"SearchAction\",\"target\":{\"@type\":\"EntryPoint\",\"urlTemplate\":\"https:\\\/\\\/aztex.ee\\\/es\\\/?s={search_term_string}\"},\"query-input\":{\"@type\":\"PropertyValueSpecification\",\"valueRequired\":true,\"valueName\":\"search_term_string\"}}],\"inLanguage\":\"es\"},{\"@type\":\"Organization\",\"@id\":\"https:\\\/\\\/aztex.ee\\\/es\\\/#organization\",\"name\":\"AZTEX\",\"url\":\"https:\\\/\\\/aztex.ee\\\/es\\\/\",\"logo\":{\"@type\":\"ImageObject\",\"inLanguage\":\"es\",\"@id\":\"https:\\\/\\\/aztex.ee\\\/es\\\/#\\\/schema\\\/logo\\\/image\\\/\",\"url\":\"https:\\\/\\\/aztex.ee\\\/wp-content\\\/uploads\\\/2026\\\/01\\\/AZTEX.png\",\"contentUrl\":\"https:\\\/\\\/aztex.ee\\\/wp-content\\\/uploads\\\/2026\\\/01\\\/AZTEX.png\",\"width\":500,\"height\":500,\"caption\":\"AZTEX\"},\"image\":{\"@id\":\"https:\\\/\\\/aztex.ee\\\/es\\\/#\\\/schema\\\/logo\\\/image\\\/\"},\"sameAs\":[\"https:\\\/\\\/www.facebook.com\\\/AztexEE\",\"https:\\\/\\\/www.instagram.com\\\/aztexeesti\\\/\",\"https:\\\/\\\/www.youtube.com\\\/@AZTEXEE\",\"https:\\\/\\\/www.pinterest.com\\\/aztex_eesti\\\/\",\"https:\\\/\\\/www.tiktok.com\\\/@aztexeesti\",\"https:\\\/\\\/www.trustpilot.com\\\/review\\\/aztex.ee\",\"https:\\\/\\\/www.linkedin.com\\\/company\\\/aztex-ee\\\/\",\"https:\\\/\\\/www.wikidata.org\\\/wiki\\\/Q137560182\"]}]}<\/script>\n<!-- \/ Yoast SEO plugin. -->","yoast_head_json":{"title":"Juego S\u00e1banas de Bamb\u00fa 100% Natural y Ecol\u00f3gico | Oc\u00e9ano","description":"El juego de cama de bamb\u00fa es la elecci\u00f3n perfecta para quienes buscan un material natural, transpirable y de alta calidad que brinde comodidad constante durante toda la noche.","robots":{"index":"index","follow":"follow","max-snippet":"max-snippet:-1","max-image-preview":"max-image-preview:large","max-video-preview":"max-video-preview:-1"},"canonical":"https:\/\/aztex.ee\/es\/pood\/ropa-de-cama\/juego-de-cama-de-primera-calidad-bambu-oceano\/","og_locale":"es_ES","og_type":"article","og_title":"Juego S\u00e1banas de Bamb\u00fa 100% Natural y Ecol\u00f3gico | Oc\u00e9ano","og_description":"El juego de cama de bamb\u00fa es la elecci\u00f3n perfecta para quienes buscan un material natural, transpirable y de alta calidad que brinde comodidad constante durante toda la noche.","og_url":"https:\/\/aztex.ee\/es\/pood\/ropa-de-cama\/juego-de-cama-de-primera-calidad-bambu-oceano\/","og_site_name":"AZTEX","article_publisher":"https:\/\/www.facebook.com\/AztexEE","article_modified_time":"2026-02-01T16:43:46+00:00","og_image":[{"width":800,"height":800,"url":"https:\/\/aztex.ee\/wp-content\/uploads\/2025\/05\/Premium-voodipesukomplekt-bambus-Ookean.jpg","type":"image\/jpeg"}],"twitter_card":"summary_large_image","twitter_misc":{"Tiempo de lectura":"2 minutos"},"schema":{"@context":"https:\/\/schema.org","@graph":[{"@type":["WebPage","ItemPage"],"@id":"https:\/\/aztex.ee\/es\/pood\/ropa-de-cama\/juego-de-cama-de-primera-calidad-bambu-oceano\/","url":"https:\/\/aztex.ee\/es\/pood\/ropa-de-cama\/juego-de-cama-de-primera-calidad-bambu-oceano\/","name":"Juego S\u00e1banas de Bamb\u00fa 100% Natural y Ecol\u00f3gico | Oc\u00e9ano","isPartOf":{"@id":"https:\/\/aztex.ee\/es\/#website"},"primaryImageOfPage":{"@id":"https:\/\/aztex.ee\/es\/pood\/ropa-de-cama\/juego-de-cama-de-primera-calidad-bambu-oceano\/#primaryimage"},"image":{"@id":"https:\/\/aztex.ee\/es\/pood\/ropa-de-cama\/juego-de-cama-de-primera-calidad-bambu-oceano\/#primaryimage"},"thumbnailUrl":"https:\/\/aztex.ee\/wp-content\/uploads\/2025\/05\/Premium-voodipesukomplekt-bambus-Ookean.jpg","datePublished":"2025-05-15T22:08:29+00:00","dateModified":"2026-02-01T16:43:46+00:00","description":"El juego de cama de bamb\u00fa es la elecci\u00f3n perfecta para quienes buscan un material natural, transpirable y de alta calidad que brinde comodidad constante durante toda la noche.","breadcrumb":{"@id":"https:\/\/aztex.ee\/es\/pood\/ropa-de-cama\/juego-de-cama-de-primera-calidad-bambu-oceano\/#breadcrumb"},"inLanguage":"es","potentialAction":[{"@type":"ReadAction","target":["https:\/\/aztex.ee\/es\/pood\/ropa-de-cama\/juego-de-cama-de-primera-calidad-bambu-oceano\/"]}]},{"@type":"ImageObject","inLanguage":"es","@id":"https:\/\/aztex.ee\/es\/pood\/ropa-de-cama\/juego-de-cama-de-primera-calidad-bambu-oceano\/#primaryimage","url":"https:\/\/aztex.ee\/wp-content\/uploads\/2025\/05\/Premium-voodipesukomplekt-bambus-Ookean.jpg","contentUrl":"https:\/\/aztex.ee\/wp-content\/uploads\/2025\/05\/Premium-voodipesukomplekt-bambus-Ookean.jpg","width":800,"height":800,"caption":"Premium voodipesukomplekt bambus Ookean"},{"@type":"BreadcrumbList","@id":"https:\/\/aztex.ee\/es\/pood\/ropa-de-cama\/juego-de-cama-de-primera-calidad-bambu-oceano\/#breadcrumb","itemListElement":[{"@type":"ListItem","position":1,"name":"Inicio","item":"https:\/\/aztex.ee\/es\/"},{"@type":"ListItem","position":2,"name":"Tienda","item":"https:\/\/aztex.ee\/es\/tienda\/"},{"@type":"ListItem","position":3,"name":"Juego de cama de primera calidad 100% bamb\u00fa | Oc\u00e9ano"}]},{"@type":"WebSite","@id":"https:\/\/aztex.ee\/es\/#website","url":"https:\/\/aztex.ee\/es\/","name":"AZTEX","description":"","publisher":{"@id":"https:\/\/aztex.ee\/es\/#organization"},"potentialAction":[{"@type":"SearchAction","target":{"@type":"EntryPoint","urlTemplate":"https:\/\/aztex.ee\/es\/?s={search_term_string}"},"query-input":{"@type":"PropertyValueSpecification","valueRequired":true,"valueName":"search_term_string"}}],"inLanguage":"es"},{"@type":"Organization","@id":"https:\/\/aztex.ee\/es\/#organization","name":"AZTEX","url":"https:\/\/aztex.ee\/es\/","logo":{"@type":"ImageObject","inLanguage":"es","@id":"https:\/\/aztex.ee\/es\/#\/schema\/logo\/image\/","url":"https:\/\/aztex.ee\/wp-content\/uploads\/2026\/01\/AZTEX.png","contentUrl":"https:\/\/aztex.ee\/wp-content\/uploads\/2026\/01\/AZTEX.png","width":500,"height":500,"caption":"AZTEX"},"image":{"@id":"https:\/\/aztex.ee\/es\/#\/schema\/logo\/image\/"},"sameAs":["https:\/\/www.facebook.com\/AztexEE","https:\/\/www.instagram.com\/aztexeesti\/","https:\/\/www.youtube.com\/@AZTEXEE","https:\/\/www.pinterest.com\/aztex_eesti\/","https:\/\/www.tiktok.com\/@aztexeesti","https:\/\/www.trustpilot.com\/review\/aztex.ee","https:\/\/www.linkedin.com\/company\/aztex-ee\/","https:\/\/www.wikidata.org\/wiki\/Q137560182"]}]}},"_links":{"self":[{"href":"https:\/\/aztex.ee\/es\/wp-json\/wp\/v2\/product\/86676","targetHints":{"allow":["GET"]}}],"collection":[{"href":"https:\/\/aztex.ee\/es\/wp-json\/wp\/v2\/product"}],"about":[{"href":"https:\/\/aztex.ee\/es\/wp-json\/wp\/v2\/types\/product"}],"replies":[{"embeddable":true,"href":"https:\/\/aztex.ee\/es\/wp-json\/wp\/v2\/comments?post=86676"}],"version-history":[{"count":0,"href":"https:\/\/aztex.ee\/es\/wp-json\/wp\/v2\/product\/86676\/revisions"}],"wp:featuredmedia":[{"embeddable":true,"href":"https:\/\/aztex.ee\/es\/wp-json\/wp\/v2\/media\/86735"}],"wp:attachment":[{"href":"https:\/\/aztex.ee\/es\/wp-json\/wp\/v2\/media?parent=86676"}],"wp:term":[{"taxonomy":"product_brand","embeddable":true,"href":"https:\/\/aztex.ee\/es\/wp-json\/wp\/v2\/product_brand?post=86676"},{"taxonomy":"product_cat","embeddable":true,"href":"https:\/\/aztex.ee\/es\/wp-json\/wp\/v2\/product_cat?post=86676"},{"taxonomy":"product_tag","embeddable":true,"href":"https:\/\/aztex.ee\/es\/wp-json\/wp\/v2\/product_tag?post=86676"}],"curies":[{"name":"wp","href":"https:\/\/api.w.org\/{rel}","templated":true}]}}