{"id":83249,"date":"2025-04-29T22:47:29","date_gmt":"2025-04-29T22:47:29","guid":{"rendered":"https:\/\/aztex.ee\/?post_type=product&#038;p=83249"},"modified":"2025-04-30T03:13:10","modified_gmt":"2025-04-30T03:13:10","slug":"funda-de-almohada-de-tencel-rosa-claro","status":"publish","type":"product","link":"https:\/\/aztex.ee\/es\/pood\/fundas-de-almohada\/funda-de-almohada-de-tencel-rosa-claro\/","title":{"rendered":"Funda de almohada de tencel \u2013 Rosa claro"},"content":{"rendered":"<p><strong>Naturalmente suave<\/strong><\/p>\n<p>El tejido Tencel est\u00e1 hecho de celulosa de eucalipto, procesada mediante el proceso ecol\u00f3gico Lyocell. La celulosa se disuelve en un disolvente no t\u00f3xico, se prensa para formar fibras y se transforma en hilo, lo que lo convierte en una opci\u00f3n suave, transpirable, resistente y ecol\u00f3gicamente sostenible.<\/p>\n<p><strong>Agradable a la piel<\/strong><\/p>\n<p>El Tencel es ideal para pieles sensibles, ya que es hipoalerg\u00e9nico. Su superficie lisa reduce la irritaci\u00f3n causada por la fricci\u00f3n y ayuda a mantener el equilibrio de hidrataci\u00f3n natural de la piel. Una funda de almohada de Tencel garantiza un sue\u00f1o reparador y cuida la piel.<\/p>\n<p><strong>Apariencia elegante<\/strong><\/p>\n<p>Una funda de almohada de Tencel combina a la perfecci\u00f3n con cualquier juego de cama, aportando un toque sencillo y elegante al dormitorio que complementa cualquier estilo de decoraci\u00f3n. Su aspecto cl\u00e1sico y elegante se adapta a todo tipo de interiores, desde dormitorios modernos hasta tradicionales. Una funda de almohada de Tencel tiene una apariencia lujosa y elegante que hace que cada momento de sue\u00f1o sea m\u00e1s placentero.<\/p>\n<p><strong>Instrucciones de lavado<\/strong><\/p>\n<p>F\u00e1cil cuidado: lavar a m\u00e1quina a baja temperatura para conservar las propiedades del tejido. Recomendamos secar al aire para garantizar una mayor durabilidad y suavidad.<\/p>\n","protected":false},"excerpt":{"rendered":"<p>Las fundas de almohada de tencel est\u00e1n hechas de fibras de eucalipto.<\/p>\n<ul>\n<li>Color: Rosa claro<\/li>\n<li>Material: 100% Tencel<\/li>\n<li>N\u00famero de hilos: 60S \/ 300TC<\/li>\n<\/ul>\n<p><img loading=\"lazy\" decoding=\"async\" class=\"alignnone wp-image-63145\" src=\"https:\/\/aztex.ee\/wp-content\/uploads\/2025\/03\/tencel-certified-400x129.png\" alt=\"\" width=\"131\" height=\"42\" srcset=\"https:\/\/aztex.ee\/wp-content\/uploads\/2025\/03\/tencel-certified-400x129.png 400w, https:\/\/aztex.ee\/wp-content\/uploads\/2025\/03\/tencel-certified-430x139.png 430w, https:\/\/aztex.ee\/wp-content\/uploads\/2025\/03\/tencel-certified-150x49.png 150w, https:\/\/aztex.ee\/wp-content\/uploads\/2025\/03\/tencel-certified.png 516w\" sizes=\"auto, (max-width: 131px) 100vw, 131px\" \/><img loading=\"lazy\" decoding=\"async\" class=\"alignnone wp-image-63168\" src=\"https:\/\/aztex.ee\/wp-content\/uploads\/2025\/03\/oeko-tex-standard-100.png\" alt=\"\" width=\"130\" height=\"43\" srcset=\"https:\/\/aztex.ee\/wp-content\/uploads\/2025\/03\/oeko-tex-standard-100.png 200w, https:\/\/aztex.ee\/wp-content\/uploads\/2025\/03\/oeko-tex-standard-100-150x50.png 150w\" sizes=\"auto, (max-width: 130px) 100vw, 130px\" \/><\/p>\n","protected":false},"featured_media":83636,"comment_status":"open","ping_status":"closed","template":"","meta":[],"product_brand":[],"product_cat":[1787,6041],"product_tag":[],"class_list":{"0":"post-83249","1":"product","2":"type-product","3":"status-publish","4":"has-post-thumbnail","6":"product_cat-fundas-de-almohada","7":"product_cat-fundas-de-almohada-de-tencel","9":"first","10":"instock","11":"shipping-taxable","12":"purchasable","13":"product-type-variable"},"yoast_head":"<!-- This site is optimized with the Yoast SEO plugin v27.6 - https:\/\/yoast.com\/product\/yoast-seo-wordpress\/ -->\n<title>Funda de almohada de TENCEL\u2122 Lyocell - Rosa claro | AZTEX<\/title>\n<meta name=\"description\" content=\"La funda de almohada de TENCEL\u2122 Lyocell Rosa claro es una opci\u00f3n duradera y agradable para la piel que proporciona una agradable sensaci\u00f3n de frescura mientras duerme\" \/>\n<meta name=\"robots\" content=\"index, follow, max-snippet:-1, max-image-preview:large, max-video-preview:-1\" \/>\n<link rel=\"canonical\" href=\"https:\/\/aztex.ee\/es\/pood\/fundas-de-almohada\/funda-de-almohada-de-tencel-rosa-claro\/\" \/>\n<meta property=\"og:locale\" content=\"es_ES\" \/>\n<meta property=\"og:type\" content=\"article\" \/>\n<meta property=\"og:title\" content=\"Funda de almohada de TENCEL\u2122 Lyocell - Rosa claro | AZTEX\" \/>\n<meta property=\"og:description\" content=\"La funda de almohada de TENCEL\u2122 Lyocell Rosa claro es una opci\u00f3n duradera y agradable para la piel que proporciona una agradable sensaci\u00f3n de frescura mientras duerme\" \/>\n<meta property=\"og:url\" content=\"https:\/\/aztex.ee\/es\/pood\/fundas-de-almohada\/funda-de-almohada-de-tencel-rosa-claro\/\" \/>\n<meta property=\"og:site_name\" content=\"AZTEX\" \/>\n<meta property=\"article:publisher\" content=\"https:\/\/www.facebook.com\/AztexEE\" \/>\n<meta property=\"article:modified_time\" content=\"2025-04-30T03:13:10+00:00\" \/>\n<meta property=\"og:image\" content=\"https:\/\/aztex.ee\/wp-content\/uploads\/2025\/04\/Tencel-padjapuur-Heleroosa-2.jpg\" \/>\n\t<meta property=\"og:image:width\" content=\"800\" \/>\n\t<meta property=\"og:image:height\" content=\"800\" \/>\n\t<meta property=\"og:image:type\" content=\"image\/jpeg\" \/>\n<meta name=\"twitter:card\" content=\"summary_large_image\" \/>\n<meta name=\"twitter:label1\" content=\"Tiempo de lectura\" \/>\n\t<meta name=\"twitter:data1\" content=\"2 minutos\" \/>\n<script type=\"application\/ld+json\" class=\"yoast-schema-graph\">{\"@context\":\"https:\\\/\\\/schema.org\",\"@graph\":[{\"@type\":[\"WebPage\",\"ItemPage\"],\"@id\":\"https:\\\/\\\/aztex.ee\\\/es\\\/pood\\\/fundas-de-almohada\\\/funda-de-almohada-de-tencel-rosa-claro\\\/\",\"url\":\"https:\\\/\\\/aztex.ee\\\/es\\\/pood\\\/fundas-de-almohada\\\/funda-de-almohada-de-tencel-rosa-claro\\\/\",\"name\":\"Funda de almohada de TENCEL\u2122 Lyocell - Rosa claro | AZTEX\",\"isPartOf\":{\"@id\":\"https:\\\/\\\/aztex.ee\\\/es\\\/#website\"},\"primaryImageOfPage\":{\"@id\":\"https:\\\/\\\/aztex.ee\\\/es\\\/pood\\\/fundas-de-almohada\\\/funda-de-almohada-de-tencel-rosa-claro\\\/#primaryimage\"},\"image\":{\"@id\":\"https:\\\/\\\/aztex.ee\\\/es\\\/pood\\\/fundas-de-almohada\\\/funda-de-almohada-de-tencel-rosa-claro\\\/#primaryimage\"},\"thumbnailUrl\":\"https:\\\/\\\/aztex.ee\\\/wp-content\\\/uploads\\\/2025\\\/04\\\/Tencel-padjapuur-Heleroosa-2.jpg\",\"datePublished\":\"2025-04-29T22:47:29+00:00\",\"dateModified\":\"2025-04-30T03:13:10+00:00\",\"description\":\"La funda de almohada de TENCEL\u2122 Lyocell Rosa claro es una opci\u00f3n duradera y agradable para la piel que proporciona una agradable sensaci\u00f3n de frescura mientras duerme\",\"breadcrumb\":{\"@id\":\"https:\\\/\\\/aztex.ee\\\/es\\\/pood\\\/fundas-de-almohada\\\/funda-de-almohada-de-tencel-rosa-claro\\\/#breadcrumb\"},\"inLanguage\":\"es\",\"potentialAction\":[{\"@type\":\"ReadAction\",\"target\":[\"https:\\\/\\\/aztex.ee\\\/es\\\/pood\\\/fundas-de-almohada\\\/funda-de-almohada-de-tencel-rosa-claro\\\/\"]}]},{\"@type\":\"ImageObject\",\"inLanguage\":\"es\",\"@id\":\"https:\\\/\\\/aztex.ee\\\/es\\\/pood\\\/fundas-de-almohada\\\/funda-de-almohada-de-tencel-rosa-claro\\\/#primaryimage\",\"url\":\"https:\\\/\\\/aztex.ee\\\/wp-content\\\/uploads\\\/2025\\\/04\\\/Tencel-padjapuur-Heleroosa-2.jpg\",\"contentUrl\":\"https:\\\/\\\/aztex.ee\\\/wp-content\\\/uploads\\\/2025\\\/04\\\/Tencel-padjapuur-Heleroosa-2.jpg\",\"width\":800,\"height\":800,\"caption\":\"Tencel padjap\u00fc\u00fcr Heleroosa\"},{\"@type\":\"BreadcrumbList\",\"@id\":\"https:\\\/\\\/aztex.ee\\\/es\\\/pood\\\/fundas-de-almohada\\\/funda-de-almohada-de-tencel-rosa-claro\\\/#breadcrumb\",\"itemListElement\":[{\"@type\":\"ListItem\",\"position\":1,\"name\":\"Inicio\",\"item\":\"https:\\\/\\\/aztex.ee\\\/es\\\/\"},{\"@type\":\"ListItem\",\"position\":2,\"name\":\"Tienda\",\"item\":\"https:\\\/\\\/aztex.ee\\\/es\\\/tienda\\\/\"},{\"@type\":\"ListItem\",\"position\":3,\"name\":\"Funda de almohada de tencel \u2013 Rosa claro\"}]},{\"@type\":\"WebSite\",\"@id\":\"https:\\\/\\\/aztex.ee\\\/es\\\/#website\",\"url\":\"https:\\\/\\\/aztex.ee\\\/es\\\/\",\"name\":\"AZTEX\",\"description\":\"\",\"publisher\":{\"@id\":\"https:\\\/\\\/aztex.ee\\\/es\\\/#organization\"},\"potentialAction\":[{\"@type\":\"SearchAction\",\"target\":{\"@type\":\"EntryPoint\",\"urlTemplate\":\"https:\\\/\\\/aztex.ee\\\/es\\\/?s={search_term_string}\"},\"query-input\":{\"@type\":\"PropertyValueSpecification\",\"valueRequired\":true,\"valueName\":\"search_term_string\"}}],\"inLanguage\":\"es\"},{\"@type\":\"Organization\",\"@id\":\"https:\\\/\\\/aztex.ee\\\/es\\\/#organization\",\"name\":\"AZTEX\",\"url\":\"https:\\\/\\\/aztex.ee\\\/es\\\/\",\"logo\":{\"@type\":\"ImageObject\",\"inLanguage\":\"es\",\"@id\":\"https:\\\/\\\/aztex.ee\\\/es\\\/#\\\/schema\\\/logo\\\/image\\\/\",\"url\":\"https:\\\/\\\/aztex.ee\\\/wp-content\\\/uploads\\\/2026\\\/01\\\/AZTEX.png\",\"contentUrl\":\"https:\\\/\\\/aztex.ee\\\/wp-content\\\/uploads\\\/2026\\\/01\\\/AZTEX.png\",\"width\":500,\"height\":500,\"caption\":\"AZTEX\"},\"image\":{\"@id\":\"https:\\\/\\\/aztex.ee\\\/es\\\/#\\\/schema\\\/logo\\\/image\\\/\"},\"sameAs\":[\"https:\\\/\\\/www.facebook.com\\\/AztexEE\",\"https:\\\/\\\/www.instagram.com\\\/aztexeesti\\\/\",\"https:\\\/\\\/www.youtube.com\\\/@AZTEXEE\",\"https:\\\/\\\/www.pinterest.com\\\/aztex_eesti\\\/\",\"https:\\\/\\\/www.tiktok.com\\\/@aztexeesti\",\"https:\\\/\\\/www.trustpilot.com\\\/review\\\/aztex.ee\",\"https:\\\/\\\/www.linkedin.com\\\/company\\\/aztex-ee\\\/\",\"https:\\\/\\\/www.wikidata.org\\\/wiki\\\/Q137560182\"]}]}<\/script>\n<!-- \/ Yoast SEO plugin. -->","yoast_head_json":{"title":"Funda de almohada de TENCEL\u2122 Lyocell - Rosa claro | AZTEX","description":"La funda de almohada de TENCEL\u2122 Lyocell Rosa claro es una opci\u00f3n duradera y agradable para la piel que proporciona una agradable sensaci\u00f3n de frescura mientras duerme","robots":{"index":"index","follow":"follow","max-snippet":"max-snippet:-1","max-image-preview":"max-image-preview:large","max-video-preview":"max-video-preview:-1"},"canonical":"https:\/\/aztex.ee\/es\/pood\/fundas-de-almohada\/funda-de-almohada-de-tencel-rosa-claro\/","og_locale":"es_ES","og_type":"article","og_title":"Funda de almohada de TENCEL\u2122 Lyocell - Rosa claro | AZTEX","og_description":"La funda de almohada de TENCEL\u2122 Lyocell Rosa claro es una opci\u00f3n duradera y agradable para la piel que proporciona una agradable sensaci\u00f3n de frescura mientras duerme","og_url":"https:\/\/aztex.ee\/es\/pood\/fundas-de-almohada\/funda-de-almohada-de-tencel-rosa-claro\/","og_site_name":"AZTEX","article_publisher":"https:\/\/www.facebook.com\/AztexEE","article_modified_time":"2025-04-30T03:13:10+00:00","og_image":[{"width":800,"height":800,"url":"https:\/\/aztex.ee\/wp-content\/uploads\/2025\/04\/Tencel-padjapuur-Heleroosa-2.jpg","type":"image\/jpeg"}],"twitter_card":"summary_large_image","twitter_misc":{"Tiempo de lectura":"2 minutos"},"schema":{"@context":"https:\/\/schema.org","@graph":[{"@type":["WebPage","ItemPage"],"@id":"https:\/\/aztex.ee\/es\/pood\/fundas-de-almohada\/funda-de-almohada-de-tencel-rosa-claro\/","url":"https:\/\/aztex.ee\/es\/pood\/fundas-de-almohada\/funda-de-almohada-de-tencel-rosa-claro\/","name":"Funda de almohada de TENCEL\u2122 Lyocell - Rosa claro | AZTEX","isPartOf":{"@id":"https:\/\/aztex.ee\/es\/#website"},"primaryImageOfPage":{"@id":"https:\/\/aztex.ee\/es\/pood\/fundas-de-almohada\/funda-de-almohada-de-tencel-rosa-claro\/#primaryimage"},"image":{"@id":"https:\/\/aztex.ee\/es\/pood\/fundas-de-almohada\/funda-de-almohada-de-tencel-rosa-claro\/#primaryimage"},"thumbnailUrl":"https:\/\/aztex.ee\/wp-content\/uploads\/2025\/04\/Tencel-padjapuur-Heleroosa-2.jpg","datePublished":"2025-04-29T22:47:29+00:00","dateModified":"2025-04-30T03:13:10+00:00","description":"La funda de almohada de TENCEL\u2122 Lyocell Rosa claro es una opci\u00f3n duradera y agradable para la piel que proporciona una agradable sensaci\u00f3n de frescura mientras duerme","breadcrumb":{"@id":"https:\/\/aztex.ee\/es\/pood\/fundas-de-almohada\/funda-de-almohada-de-tencel-rosa-claro\/#breadcrumb"},"inLanguage":"es","potentialAction":[{"@type":"ReadAction","target":["https:\/\/aztex.ee\/es\/pood\/fundas-de-almohada\/funda-de-almohada-de-tencel-rosa-claro\/"]}]},{"@type":"ImageObject","inLanguage":"es","@id":"https:\/\/aztex.ee\/es\/pood\/fundas-de-almohada\/funda-de-almohada-de-tencel-rosa-claro\/#primaryimage","url":"https:\/\/aztex.ee\/wp-content\/uploads\/2025\/04\/Tencel-padjapuur-Heleroosa-2.jpg","contentUrl":"https:\/\/aztex.ee\/wp-content\/uploads\/2025\/04\/Tencel-padjapuur-Heleroosa-2.jpg","width":800,"height":800,"caption":"Tencel padjap\u00fc\u00fcr Heleroosa"},{"@type":"BreadcrumbList","@id":"https:\/\/aztex.ee\/es\/pood\/fundas-de-almohada\/funda-de-almohada-de-tencel-rosa-claro\/#breadcrumb","itemListElement":[{"@type":"ListItem","position":1,"name":"Inicio","item":"https:\/\/aztex.ee\/es\/"},{"@type":"ListItem","position":2,"name":"Tienda","item":"https:\/\/aztex.ee\/es\/tienda\/"},{"@type":"ListItem","position":3,"name":"Funda de almohada de tencel \u2013 Rosa claro"}]},{"@type":"WebSite","@id":"https:\/\/aztex.ee\/es\/#website","url":"https:\/\/aztex.ee\/es\/","name":"AZTEX","description":"","publisher":{"@id":"https:\/\/aztex.ee\/es\/#organization"},"potentialAction":[{"@type":"SearchAction","target":{"@type":"EntryPoint","urlTemplate":"https:\/\/aztex.ee\/es\/?s={search_term_string}"},"query-input":{"@type":"PropertyValueSpecification","valueRequired":true,"valueName":"search_term_string"}}],"inLanguage":"es"},{"@type":"Organization","@id":"https:\/\/aztex.ee\/es\/#organization","name":"AZTEX","url":"https:\/\/aztex.ee\/es\/","logo":{"@type":"ImageObject","inLanguage":"es","@id":"https:\/\/aztex.ee\/es\/#\/schema\/logo\/image\/","url":"https:\/\/aztex.ee\/wp-content\/uploads\/2026\/01\/AZTEX.png","contentUrl":"https:\/\/aztex.ee\/wp-content\/uploads\/2026\/01\/AZTEX.png","width":500,"height":500,"caption":"AZTEX"},"image":{"@id":"https:\/\/aztex.ee\/es\/#\/schema\/logo\/image\/"},"sameAs":["https:\/\/www.facebook.com\/AztexEE","https:\/\/www.instagram.com\/aztexeesti\/","https:\/\/www.youtube.com\/@AZTEXEE","https:\/\/www.pinterest.com\/aztex_eesti\/","https:\/\/www.tiktok.com\/@aztexeesti","https:\/\/www.trustpilot.com\/review\/aztex.ee","https:\/\/www.linkedin.com\/company\/aztex-ee\/","https:\/\/www.wikidata.org\/wiki\/Q137560182"]}]}},"_links":{"self":[{"href":"https:\/\/aztex.ee\/es\/wp-json\/wp\/v2\/product\/83249","targetHints":{"allow":["GET"]}}],"collection":[{"href":"https:\/\/aztex.ee\/es\/wp-json\/wp\/v2\/product"}],"about":[{"href":"https:\/\/aztex.ee\/es\/wp-json\/wp\/v2\/types\/product"}],"replies":[{"embeddable":true,"href":"https:\/\/aztex.ee\/es\/wp-json\/wp\/v2\/comments?post=83249"}],"version-history":[{"count":0,"href":"https:\/\/aztex.ee\/es\/wp-json\/wp\/v2\/product\/83249\/revisions"}],"wp:featuredmedia":[{"embeddable":true,"href":"https:\/\/aztex.ee\/es\/wp-json\/wp\/v2\/media\/83636"}],"wp:attachment":[{"href":"https:\/\/aztex.ee\/es\/wp-json\/wp\/v2\/media?parent=83249"}],"wp:term":[{"taxonomy":"product_brand","embeddable":true,"href":"https:\/\/aztex.ee\/es\/wp-json\/wp\/v2\/product_brand?post=83249"},{"taxonomy":"product_cat","embeddable":true,"href":"https:\/\/aztex.ee\/es\/wp-json\/wp\/v2\/product_cat?post=83249"},{"taxonomy":"product_tag","embeddable":true,"href":"https:\/\/aztex.ee\/es\/wp-json\/wp\/v2\/product_tag?post=83249"}],"curies":[{"name":"wp","href":"https:\/\/api.w.org\/{rel}","templated":true}]}}