{"id":74559,"date":"2025-03-29T16:14:25","date_gmt":"2025-03-29T16:14:25","guid":{"rendered":"https:\/\/aztex.ee\/?post_type=product&#038;p=74559"},"modified":"2026-04-13T10:06:27","modified_gmt":"2026-04-13T10:06:27","slug":"toalla-bano-algodon","status":"publish","type":"product","link":"https:\/\/aztex.ee\/es\/pood\/toallas-y-toallas-de-bano\/toalla-bano-algodon\/","title":{"rendered":"Toalla de ba\u00f1o 70&#215;140 cm"},"content":{"rendered":"<p><strong>Toalla de ba\u00f1o de algod\u00f3n: suavidad y practicidad juntas<\/strong><\/p>\n<p>Una toalla de ba\u00f1o de algod\u00f3n est\u00e1 hecha de fibra natural, agradable para la piel y con excelente transpirabilidad. Su textura suave y delicada la hace adecuada incluso para pieles sensibles, proporcionando una sensaci\u00f3n agradable con cada uso. Gracias a la permeabilidad natural del algod\u00f3n al aire, la toalla se seca r\u00e1pidamente y se mantiene fresca durante m\u00e1s tiempo.<\/p>\n<p><strong>Buena absorci\u00f3n de la humedad<\/strong><\/p>\n<p>Una toalla de ba\u00f1o de alta calidad y tejido tupido absorbe la humedad eficazmente, ayudando a que el cuerpo se seque r\u00e1pidamente despu\u00e9s de la ducha, el ba\u00f1o o la sauna. Las suaves fibras de algod\u00f3n garantizan una excelente absorci\u00f3n y un secado r\u00e1pido, lo que la hace perfecta para el uso diario, as\u00ed como para llevarla de viaje o al spa.<\/p>\n<p><strong>Duradera y f\u00e1cil de cuidar<\/strong><\/p>\n<p>El algod\u00f3n es un material duradero y resistente que soporta lavados frecuentes y conserva su suavidad y calidad incluso despu\u00e9s de a\u00f1os. La toalla de ba\u00f1o es lavable a m\u00e1quina y f\u00e1cil de cuidar: si se lava y se seca correctamente, se mantendr\u00e1 fresca y esponjosa durante mucho tiempo. El tejido de alta calidad conserva su forma y color, proporcionando un placer duradero.<\/p>\n<p><strong>Una opci\u00f3n cl\u00e1sica para cualquier ba\u00f1o<\/strong><\/p>\n<p>Una toalla de ba\u00f1o de algod\u00f3n combina practicidad y un estilo atemporal. Sus tonos naturales y su dise\u00f1o cl\u00e1sico combinan a la perfecci\u00f3n con diferentes estilos de ba\u00f1o, aportando calidez y elegancia. Hay varios tonos para elegir, para que todos encuentren el que mejor se adapte a sus preferencias.<\/p>\n<p>Una toalla de ba\u00f1o de algod\u00f3n es la opci\u00f3n ideal para quienes valoran la comodidad, la calidad y la durabilidad. Su composici\u00f3n natural garantiza un cuidado suave de la piel, mientras que su excelente absorci\u00f3n y f\u00e1cil cuidado la convierten en una pr\u00e1ctica compa\u00f1era para el d\u00eda a d\u00eda. Ya sea para regalar o para renovar su ba\u00f1o, una toalla de ba\u00f1o de algod\u00f3n de alta calidad siempre ofrece una sensaci\u00f3n de lujo y la m\u00e1xima comodidad.<\/p>\n","protected":false},"excerpt":{"rendered":"<ul>\n<li>Material: 100% algod\u00f3n<\/li>\n<li>Tama\u00f1o: 70&#215;140 cm \u00b13<\/li>\n<li>Peso: 400g\/m2<\/li>\n<\/ul>\n","protected":false},"featured_media":74658,"comment_status":"open","ping_status":"closed","template":"","meta":[],"product_brand":[],"product_cat":[1602,1719,489],"product_tag":[],"class_list":{"0":"post-74559","1":"product","2":"type-product","3":"status-publish","4":"has-post-thumbnail","6":"product_cat-toallas-de-bano","7":"product_cat-toallas-de-bano-70x140-cm","8":"product_cat-toallas-y-toallas-de-bano","10":"first","11":"instock","12":"shipping-taxable","13":"purchasable","14":"product-type-variable"},"yoast_head":"<!-- This site is optimized with the Yoast SEO plugin v27.3 - https:\/\/yoast.com\/product\/yoast-seo-wordpress\/ -->\n<title>Toalla de ba\u00f1o 100% algod\u00f3n - Alta calidad y suave | AZTEX<\/title>\n<meta name=\"description\" content=\"La toalla de ba\u00f1o de algod\u00f3n es suave, absorbente, duradera y perfecta para despu\u00e9s de una ducha caliente o un ba\u00f1o relajante. Su material natural cuida\" \/>\n<meta name=\"robots\" content=\"index, follow, max-snippet:-1, max-image-preview:large, max-video-preview:-1\" \/>\n<link rel=\"canonical\" href=\"https:\/\/aztex.ee\/es\/pood\/toallas-y-toallas-de-bano\/toalla-bano-algodon\/\" \/>\n<meta property=\"og:locale\" content=\"es_ES\" \/>\n<meta property=\"og:type\" content=\"article\" \/>\n<meta property=\"og:title\" content=\"Toalla de ba\u00f1o 100% algod\u00f3n - Alta calidad y suave | AZTEX\" \/>\n<meta property=\"og:description\" content=\"La toalla de ba\u00f1o de algod\u00f3n es suave, absorbente, duradera y perfecta para despu\u00e9s de una ducha caliente o un ba\u00f1o relajante. Su material natural cuida\" \/>\n<meta property=\"og:url\" content=\"https:\/\/aztex.ee\/es\/pood\/toallas-y-toallas-de-bano\/toalla-bano-algodon\/\" \/>\n<meta property=\"og:site_name\" content=\"AZTEX\" \/>\n<meta property=\"article:publisher\" content=\"https:\/\/www.facebook.com\/AztexEE\" \/>\n<meta property=\"article:modified_time\" content=\"2026-04-13T10:06:27+00:00\" \/>\n<meta property=\"og:image\" content=\"https:\/\/aztex.ee\/wp-content\/uploads\/2025\/03\/Vanniratik-70x140-cm-2.jpg\" \/>\n\t<meta property=\"og:image:width\" content=\"800\" \/>\n\t<meta property=\"og:image:height\" content=\"800\" \/>\n\t<meta property=\"og:image:type\" content=\"image\/jpeg\" \/>\n<meta name=\"twitter:card\" content=\"summary_large_image\" \/>\n<meta name=\"twitter:label1\" content=\"Tiempo de lectura\" \/>\n\t<meta name=\"twitter:data1\" content=\"3 minutos\" \/>\n<script type=\"application\/ld+json\" class=\"yoast-schema-graph\">{\"@context\":\"https:\\\/\\\/schema.org\",\"@graph\":[{\"@type\":[\"WebPage\",\"ItemPage\"],\"@id\":\"https:\\\/\\\/aztex.ee\\\/es\\\/pood\\\/toallas-y-toallas-de-bano\\\/toalla-bano-algodon\\\/\",\"url\":\"https:\\\/\\\/aztex.ee\\\/es\\\/pood\\\/toallas-y-toallas-de-bano\\\/toalla-bano-algodon\\\/\",\"name\":\"Toalla de ba\u00f1o 100% algod\u00f3n - Alta calidad y suave | AZTEX\",\"isPartOf\":{\"@id\":\"https:\\\/\\\/aztex.ee\\\/es\\\/#website\"},\"primaryImageOfPage\":{\"@id\":\"https:\\\/\\\/aztex.ee\\\/es\\\/pood\\\/toallas-y-toallas-de-bano\\\/toalla-bano-algodon\\\/#primaryimage\"},\"image\":{\"@id\":\"https:\\\/\\\/aztex.ee\\\/es\\\/pood\\\/toallas-y-toallas-de-bano\\\/toalla-bano-algodon\\\/#primaryimage\"},\"thumbnailUrl\":\"https:\\\/\\\/aztex.ee\\\/wp-content\\\/uploads\\\/2025\\\/03\\\/Vanniratik-70x140-cm-2.jpg\",\"datePublished\":\"2025-03-29T16:14:25+00:00\",\"dateModified\":\"2026-04-13T10:06:27+00:00\",\"description\":\"La toalla de ba\u00f1o de algod\u00f3n es suave, absorbente, duradera y perfecta para despu\u00e9s de una ducha caliente o un ba\u00f1o relajante. Su material natural cuida\",\"breadcrumb\":{\"@id\":\"https:\\\/\\\/aztex.ee\\\/es\\\/pood\\\/toallas-y-toallas-de-bano\\\/toalla-bano-algodon\\\/#breadcrumb\"},\"inLanguage\":\"es\",\"potentialAction\":[{\"@type\":\"ReadAction\",\"target\":[\"https:\\\/\\\/aztex.ee\\\/es\\\/pood\\\/toallas-y-toallas-de-bano\\\/toalla-bano-algodon\\\/\"]}]},{\"@type\":\"ImageObject\",\"inLanguage\":\"es\",\"@id\":\"https:\\\/\\\/aztex.ee\\\/es\\\/pood\\\/toallas-y-toallas-de-bano\\\/toalla-bano-algodon\\\/#primaryimage\",\"url\":\"https:\\\/\\\/aztex.ee\\\/wp-content\\\/uploads\\\/2025\\\/03\\\/Vanniratik-70x140-cm-2.jpg\",\"contentUrl\":\"https:\\\/\\\/aztex.ee\\\/wp-content\\\/uploads\\\/2025\\\/03\\\/Vanniratik-70x140-cm-2.jpg\",\"width\":800,\"height\":800,\"caption\":\"Vannir\u00e4tik 70x140 cm\"},{\"@type\":\"BreadcrumbList\",\"@id\":\"https:\\\/\\\/aztex.ee\\\/es\\\/pood\\\/toallas-y-toallas-de-bano\\\/toalla-bano-algodon\\\/#breadcrumb\",\"itemListElement\":[{\"@type\":\"ListItem\",\"position\":1,\"name\":\"Inicio\",\"item\":\"https:\\\/\\\/aztex.ee\\\/es\\\/\"},{\"@type\":\"ListItem\",\"position\":2,\"name\":\"Tienda\",\"item\":\"https:\\\/\\\/aztex.ee\\\/es\\\/tienda\\\/\"},{\"@type\":\"ListItem\",\"position\":3,\"name\":\"Toalla de ba\u00f1o 70&#215;140 cm\"}]},{\"@type\":\"WebSite\",\"@id\":\"https:\\\/\\\/aztex.ee\\\/es\\\/#website\",\"url\":\"https:\\\/\\\/aztex.ee\\\/es\\\/\",\"name\":\"AZTEX\",\"description\":\"\",\"publisher\":{\"@id\":\"https:\\\/\\\/aztex.ee\\\/es\\\/#organization\"},\"potentialAction\":[{\"@type\":\"SearchAction\",\"target\":{\"@type\":\"EntryPoint\",\"urlTemplate\":\"https:\\\/\\\/aztex.ee\\\/es\\\/?s={search_term_string}\"},\"query-input\":{\"@type\":\"PropertyValueSpecification\",\"valueRequired\":true,\"valueName\":\"search_term_string\"}}],\"inLanguage\":\"es\"},{\"@type\":\"Organization\",\"@id\":\"https:\\\/\\\/aztex.ee\\\/es\\\/#organization\",\"name\":\"AZTEX\",\"url\":\"https:\\\/\\\/aztex.ee\\\/es\\\/\",\"logo\":{\"@type\":\"ImageObject\",\"inLanguage\":\"es\",\"@id\":\"https:\\\/\\\/aztex.ee\\\/es\\\/#\\\/schema\\\/logo\\\/image\\\/\",\"url\":\"https:\\\/\\\/aztex.ee\\\/wp-content\\\/uploads\\\/2026\\\/01\\\/AZTEX.png\",\"contentUrl\":\"https:\\\/\\\/aztex.ee\\\/wp-content\\\/uploads\\\/2026\\\/01\\\/AZTEX.png\",\"width\":500,\"height\":500,\"caption\":\"AZTEX\"},\"image\":{\"@id\":\"https:\\\/\\\/aztex.ee\\\/es\\\/#\\\/schema\\\/logo\\\/image\\\/\"},\"sameAs\":[\"https:\\\/\\\/www.facebook.com\\\/AztexEE\",\"https:\\\/\\\/www.instagram.com\\\/aztexeesti\\\/\",\"https:\\\/\\\/www.youtube.com\\\/@AZTEXEE\",\"https:\\\/\\\/www.pinterest.com\\\/aztex_eesti\\\/\",\"https:\\\/\\\/www.tiktok.com\\\/@aztexeesti\",\"https:\\\/\\\/www.trustpilot.com\\\/review\\\/aztex.ee\",\"https:\\\/\\\/www.linkedin.com\\\/company\\\/aztex-ee\\\/\",\"https:\\\/\\\/www.wikidata.org\\\/wiki\\\/Q137560182\"]}]}<\/script>\n<!-- \/ Yoast SEO plugin. -->","yoast_head_json":{"title":"Toalla de ba\u00f1o 100% algod\u00f3n - Alta calidad y suave | AZTEX","description":"La toalla de ba\u00f1o de algod\u00f3n es suave, absorbente, duradera y perfecta para despu\u00e9s de una ducha caliente o un ba\u00f1o relajante. Su material natural cuida","robots":{"index":"index","follow":"follow","max-snippet":"max-snippet:-1","max-image-preview":"max-image-preview:large","max-video-preview":"max-video-preview:-1"},"canonical":"https:\/\/aztex.ee\/es\/pood\/toallas-y-toallas-de-bano\/toalla-bano-algodon\/","og_locale":"es_ES","og_type":"article","og_title":"Toalla de ba\u00f1o 100% algod\u00f3n - Alta calidad y suave | AZTEX","og_description":"La toalla de ba\u00f1o de algod\u00f3n es suave, absorbente, duradera y perfecta para despu\u00e9s de una ducha caliente o un ba\u00f1o relajante. Su material natural cuida","og_url":"https:\/\/aztex.ee\/es\/pood\/toallas-y-toallas-de-bano\/toalla-bano-algodon\/","og_site_name":"AZTEX","article_publisher":"https:\/\/www.facebook.com\/AztexEE","article_modified_time":"2026-04-13T10:06:27+00:00","og_image":[{"width":800,"height":800,"url":"https:\/\/aztex.ee\/wp-content\/uploads\/2025\/03\/Vanniratik-70x140-cm-2.jpg","type":"image\/jpeg"}],"twitter_card":"summary_large_image","twitter_misc":{"Tiempo de lectura":"3 minutos"},"schema":{"@context":"https:\/\/schema.org","@graph":[{"@type":["WebPage","ItemPage"],"@id":"https:\/\/aztex.ee\/es\/pood\/toallas-y-toallas-de-bano\/toalla-bano-algodon\/","url":"https:\/\/aztex.ee\/es\/pood\/toallas-y-toallas-de-bano\/toalla-bano-algodon\/","name":"Toalla de ba\u00f1o 100% algod\u00f3n - Alta calidad y suave | AZTEX","isPartOf":{"@id":"https:\/\/aztex.ee\/es\/#website"},"primaryImageOfPage":{"@id":"https:\/\/aztex.ee\/es\/pood\/toallas-y-toallas-de-bano\/toalla-bano-algodon\/#primaryimage"},"image":{"@id":"https:\/\/aztex.ee\/es\/pood\/toallas-y-toallas-de-bano\/toalla-bano-algodon\/#primaryimage"},"thumbnailUrl":"https:\/\/aztex.ee\/wp-content\/uploads\/2025\/03\/Vanniratik-70x140-cm-2.jpg","datePublished":"2025-03-29T16:14:25+00:00","dateModified":"2026-04-13T10:06:27+00:00","description":"La toalla de ba\u00f1o de algod\u00f3n es suave, absorbente, duradera y perfecta para despu\u00e9s de una ducha caliente o un ba\u00f1o relajante. Su material natural cuida","breadcrumb":{"@id":"https:\/\/aztex.ee\/es\/pood\/toallas-y-toallas-de-bano\/toalla-bano-algodon\/#breadcrumb"},"inLanguage":"es","potentialAction":[{"@type":"ReadAction","target":["https:\/\/aztex.ee\/es\/pood\/toallas-y-toallas-de-bano\/toalla-bano-algodon\/"]}]},{"@type":"ImageObject","inLanguage":"es","@id":"https:\/\/aztex.ee\/es\/pood\/toallas-y-toallas-de-bano\/toalla-bano-algodon\/#primaryimage","url":"https:\/\/aztex.ee\/wp-content\/uploads\/2025\/03\/Vanniratik-70x140-cm-2.jpg","contentUrl":"https:\/\/aztex.ee\/wp-content\/uploads\/2025\/03\/Vanniratik-70x140-cm-2.jpg","width":800,"height":800,"caption":"Vannir\u00e4tik 70x140 cm"},{"@type":"BreadcrumbList","@id":"https:\/\/aztex.ee\/es\/pood\/toallas-y-toallas-de-bano\/toalla-bano-algodon\/#breadcrumb","itemListElement":[{"@type":"ListItem","position":1,"name":"Inicio","item":"https:\/\/aztex.ee\/es\/"},{"@type":"ListItem","position":2,"name":"Tienda","item":"https:\/\/aztex.ee\/es\/tienda\/"},{"@type":"ListItem","position":3,"name":"Toalla de ba\u00f1o 70&#215;140 cm"}]},{"@type":"WebSite","@id":"https:\/\/aztex.ee\/es\/#website","url":"https:\/\/aztex.ee\/es\/","name":"AZTEX","description":"","publisher":{"@id":"https:\/\/aztex.ee\/es\/#organization"},"potentialAction":[{"@type":"SearchAction","target":{"@type":"EntryPoint","urlTemplate":"https:\/\/aztex.ee\/es\/?s={search_term_string}"},"query-input":{"@type":"PropertyValueSpecification","valueRequired":true,"valueName":"search_term_string"}}],"inLanguage":"es"},{"@type":"Organization","@id":"https:\/\/aztex.ee\/es\/#organization","name":"AZTEX","url":"https:\/\/aztex.ee\/es\/","logo":{"@type":"ImageObject","inLanguage":"es","@id":"https:\/\/aztex.ee\/es\/#\/schema\/logo\/image\/","url":"https:\/\/aztex.ee\/wp-content\/uploads\/2026\/01\/AZTEX.png","contentUrl":"https:\/\/aztex.ee\/wp-content\/uploads\/2026\/01\/AZTEX.png","width":500,"height":500,"caption":"AZTEX"},"image":{"@id":"https:\/\/aztex.ee\/es\/#\/schema\/logo\/image\/"},"sameAs":["https:\/\/www.facebook.com\/AztexEE","https:\/\/www.instagram.com\/aztexeesti\/","https:\/\/www.youtube.com\/@AZTEXEE","https:\/\/www.pinterest.com\/aztex_eesti\/","https:\/\/www.tiktok.com\/@aztexeesti","https:\/\/www.trustpilot.com\/review\/aztex.ee","https:\/\/www.linkedin.com\/company\/aztex-ee\/","https:\/\/www.wikidata.org\/wiki\/Q137560182"]}]}},"_links":{"self":[{"href":"https:\/\/aztex.ee\/es\/wp-json\/wp\/v2\/product\/74559","targetHints":{"allow":["GET"]}}],"collection":[{"href":"https:\/\/aztex.ee\/es\/wp-json\/wp\/v2\/product"}],"about":[{"href":"https:\/\/aztex.ee\/es\/wp-json\/wp\/v2\/types\/product"}],"replies":[{"embeddable":true,"href":"https:\/\/aztex.ee\/es\/wp-json\/wp\/v2\/comments?post=74559"}],"version-history":[{"count":0,"href":"https:\/\/aztex.ee\/es\/wp-json\/wp\/v2\/product\/74559\/revisions"}],"wp:featuredmedia":[{"embeddable":true,"href":"https:\/\/aztex.ee\/es\/wp-json\/wp\/v2\/media\/74658"}],"wp:attachment":[{"href":"https:\/\/aztex.ee\/es\/wp-json\/wp\/v2\/media?parent=74559"}],"wp:term":[{"taxonomy":"product_brand","embeddable":true,"href":"https:\/\/aztex.ee\/es\/wp-json\/wp\/v2\/product_brand?post=74559"},{"taxonomy":"product_cat","embeddable":true,"href":"https:\/\/aztex.ee\/es\/wp-json\/wp\/v2\/product_cat?post=74559"},{"taxonomy":"product_tag","embeddable":true,"href":"https:\/\/aztex.ee\/es\/wp-json\/wp\/v2\/product_tag?post=74559"}],"curies":[{"name":"wp","href":"https:\/\/api.w.org\/{rel}","templated":true}]}}