{"id":73685,"date":"2025-03-28T22:57:25","date_gmt":"2025-03-28T22:57:25","guid":{"rendered":"https:\/\/aztex.ee\/?post_type=product&#038;p=73685"},"modified":"2026-04-12T18:52:29","modified_gmt":"2026-04-12T18:52:29","slug":"toalla-de-bano","status":"publish","type":"product","link":"https:\/\/aztex.ee\/es\/pood\/toallas-y-toallas-de-bano\/toalla-de-bano\/","title":{"rendered":"Toalla de ba\u00f1o 70&#215;140 cm"},"content":{"rendered":"<p><strong>Toalla de ba\u00f1o de algod\u00f3n: material suave y agradable para la piel<\/strong><\/p>\n<p>Esta toalla de ba\u00f1o de algod\u00f3n est\u00e1 hecha 100% de algod\u00f3n de alta calidad, lo que proporciona una suavidad y comodidad excepcionales. Cada uso proporciona un tacto suave en la piel, convirtiendo cada lavado en una experiencia placentera. El algod\u00f3n es agradable para la piel y apto para pieles sensibles, lo que proporciona una protecci\u00f3n eficaz contra la irritaci\u00f3n.<\/p>\n<p><strong>Excelente absorci\u00f3n y secado r\u00e1pido<\/strong><\/p>\n<p>El tejido denso de la toalla de ba\u00f1o garantiza una excelente absorci\u00f3n, lo que ayuda a absorber r\u00e1pidamente la humedad y secar el cuerpo. Esto es especialmente importante para una sensaci\u00f3n de frescura y sequedad r\u00e1pidas. Adem\u00e1s, se seca r\u00e1pidamente, quedando lista para el siguiente uso en poco tiempo, sin perder su suavidad.<\/p>\n<p><strong>Duradera y resistente<\/strong><\/p>\n<p>Gracias al algod\u00f3n de alta calidad, esta toalla de ba\u00f1o es extremadamente duradera, manteniendo su aspecto y propiedades incluso despu\u00e9s de varios lavados. No pierde su suavidad ni capacidad de absorci\u00f3n incluso con el uso y los lavados frecuentes. Es una excelente inversi\u00f3n que ofrece comodidad y durabilidad a largo plazo.<\/p>\n<p><strong>Uso vers\u00e1til<\/strong><\/p>\n<p>Una toalla de ba\u00f1o de algod\u00f3n es perfecta para cualquier ba\u00f1o, pero tambi\u00e9n es una excelente opci\u00f3n para un spa, sauna o playa. Ya sea para una ducha matutina, un ba\u00f1o vespertino o para disfrutar de un d\u00eda libre, esta toalla aportar\u00e1 suavidad y calidez extra a cada momento.<\/p>\n<p><strong>F\u00e1cil cuidado<\/strong><\/p>\n<p>Esta toalla es f\u00e1cil de cuidar: se puede lavar a m\u00e1quina y se seca r\u00e1pidamente, manteniendo su calidad y frescura con cada uso. La propiedad natural del algod\u00f3n la hace resistente al lavado, por lo que siempre estar\u00e1 lista para el siguiente uso. No hay que preocuparse por la decoloraci\u00f3n, ya que est\u00e1 dise\u00f1ada para durar y brindar un disfrute a largo plazo.<\/p>\n<p>Una toalla de ba\u00f1o de algod\u00f3n es el complemento perfecto para cualquier ba\u00f1o. Su elegante dise\u00f1o y su material de alta calidad har\u00e1n que tus rutinas diarias sean especiales, aportando calidez y suavidad con cada uso. La durabilidad y el f\u00e1cil cuidado de la toalla garantizan un disfrute duradero, siempre lista para brindar comodidad a diario.<\/p>\n","protected":false},"excerpt":{"rendered":"<ul>\n<li>Material: 100% algod\u00f3n<\/li>\n<li>Tama\u00f1o: 70&#215;140 cm \u00b13<\/li>\n<li>Peso: 450g\/m2<\/li>\n<\/ul>\n","protected":false},"featured_media":73784,"comment_status":"open","ping_status":"closed","template":"","meta":[],"product_brand":[],"product_cat":[1602,1719,489],"product_tag":[],"class_list":{"0":"post-73685","1":"product","2":"type-product","3":"status-publish","4":"has-post-thumbnail","6":"product_cat-toallas-de-bano","7":"product_cat-toallas-de-bano-70x140-cm","8":"product_cat-toallas-y-toallas-de-bano","10":"first","11":"instock","12":"shipping-taxable","13":"purchasable","14":"product-type-variable"},"yoast_head":"<!-- This site is optimized with the Yoast SEO plugin v27.3 - https:\/\/yoast.com\/product\/yoast-seo-wordpress\/ -->\n<title>Toalla de ba\u00f1o de algod\u00f3n - Natural y Suave | AZTEX<\/title>\n<meta name=\"description\" content=\"Toalla de ba\u00f1o de algod\u00f3n lujosa, suave y muy absorbente, de secado r\u00e1pido. Duradera y suave al tacto, perfecta para el d\u00eda a d\u00eda.\" \/>\n<meta name=\"robots\" content=\"index, follow, max-snippet:-1, max-image-preview:large, max-video-preview:-1\" \/>\n<link rel=\"canonical\" href=\"https:\/\/aztex.ee\/es\/pood\/toallas-y-toallas-de-bano\/toalla-de-bano\/\" \/>\n<meta property=\"og:locale\" content=\"es_ES\" \/>\n<meta property=\"og:type\" content=\"article\" \/>\n<meta property=\"og:title\" content=\"Toalla de ba\u00f1o de algod\u00f3n - Natural y Suave | AZTEX\" \/>\n<meta property=\"og:description\" content=\"Toalla de ba\u00f1o de algod\u00f3n lujosa, suave y muy absorbente, de secado r\u00e1pido. Duradera y suave al tacto, perfecta para el d\u00eda a d\u00eda.\" \/>\n<meta property=\"og:url\" content=\"https:\/\/aztex.ee\/es\/pood\/toallas-y-toallas-de-bano\/toalla-de-bano\/\" \/>\n<meta property=\"og:site_name\" content=\"AZTEX\" \/>\n<meta property=\"article:publisher\" content=\"https:\/\/www.facebook.com\/AztexEE\" \/>\n<meta property=\"article:modified_time\" content=\"2026-04-12T18:52:29+00:00\" \/>\n<meta property=\"og:image\" content=\"https:\/\/aztex.ee\/wp-content\/uploads\/2025\/03\/Vanniratik-70x140-2.jpg\" \/>\n\t<meta property=\"og:image:width\" content=\"800\" \/>\n\t<meta property=\"og:image:height\" content=\"800\" \/>\n\t<meta property=\"og:image:type\" content=\"image\/jpeg\" \/>\n<meta name=\"twitter:card\" content=\"summary_large_image\" \/>\n<meta name=\"twitter:label1\" content=\"Tiempo de lectura\" \/>\n\t<meta name=\"twitter:data1\" content=\"3 minutos\" \/>\n<script type=\"application\/ld+json\" class=\"yoast-schema-graph\">{\"@context\":\"https:\\\/\\\/schema.org\",\"@graph\":[{\"@type\":[\"WebPage\",\"ItemPage\"],\"@id\":\"https:\\\/\\\/aztex.ee\\\/es\\\/pood\\\/toallas-y-toallas-de-bano\\\/toalla-de-bano\\\/\",\"url\":\"https:\\\/\\\/aztex.ee\\\/es\\\/pood\\\/toallas-y-toallas-de-bano\\\/toalla-de-bano\\\/\",\"name\":\"Toalla de ba\u00f1o de algod\u00f3n - Natural y Suave | AZTEX\",\"isPartOf\":{\"@id\":\"https:\\\/\\\/aztex.ee\\\/es\\\/#website\"},\"primaryImageOfPage\":{\"@id\":\"https:\\\/\\\/aztex.ee\\\/es\\\/pood\\\/toallas-y-toallas-de-bano\\\/toalla-de-bano\\\/#primaryimage\"},\"image\":{\"@id\":\"https:\\\/\\\/aztex.ee\\\/es\\\/pood\\\/toallas-y-toallas-de-bano\\\/toalla-de-bano\\\/#primaryimage\"},\"thumbnailUrl\":\"https:\\\/\\\/aztex.ee\\\/wp-content\\\/uploads\\\/2025\\\/03\\\/Vanniratik-70x140-2.jpg\",\"datePublished\":\"2025-03-28T22:57:25+00:00\",\"dateModified\":\"2026-04-12T18:52:29+00:00\",\"description\":\"Toalla de ba\u00f1o de algod\u00f3n lujosa, suave y muy absorbente, de secado r\u00e1pido. Duradera y suave al tacto, perfecta para el d\u00eda a d\u00eda.\",\"breadcrumb\":{\"@id\":\"https:\\\/\\\/aztex.ee\\\/es\\\/pood\\\/toallas-y-toallas-de-bano\\\/toalla-de-bano\\\/#breadcrumb\"},\"inLanguage\":\"es\",\"potentialAction\":[{\"@type\":\"ReadAction\",\"target\":[\"https:\\\/\\\/aztex.ee\\\/es\\\/pood\\\/toallas-y-toallas-de-bano\\\/toalla-de-bano\\\/\"]}]},{\"@type\":\"ImageObject\",\"inLanguage\":\"es\",\"@id\":\"https:\\\/\\\/aztex.ee\\\/es\\\/pood\\\/toallas-y-toallas-de-bano\\\/toalla-de-bano\\\/#primaryimage\",\"url\":\"https:\\\/\\\/aztex.ee\\\/wp-content\\\/uploads\\\/2025\\\/03\\\/Vanniratik-70x140-2.jpg\",\"contentUrl\":\"https:\\\/\\\/aztex.ee\\\/wp-content\\\/uploads\\\/2025\\\/03\\\/Vanniratik-70x140-2.jpg\",\"width\":800,\"height\":800,\"caption\":\"Vannir\u00e4tik 70x140\"},{\"@type\":\"BreadcrumbList\",\"@id\":\"https:\\\/\\\/aztex.ee\\\/es\\\/pood\\\/toallas-y-toallas-de-bano\\\/toalla-de-bano\\\/#breadcrumb\",\"itemListElement\":[{\"@type\":\"ListItem\",\"position\":1,\"name\":\"Inicio\",\"item\":\"https:\\\/\\\/aztex.ee\\\/es\\\/\"},{\"@type\":\"ListItem\",\"position\":2,\"name\":\"Tienda\",\"item\":\"https:\\\/\\\/aztex.ee\\\/es\\\/tienda\\\/\"},{\"@type\":\"ListItem\",\"position\":3,\"name\":\"Toalla de ba\u00f1o 70&#215;140 cm\"}]},{\"@type\":\"WebSite\",\"@id\":\"https:\\\/\\\/aztex.ee\\\/es\\\/#website\",\"url\":\"https:\\\/\\\/aztex.ee\\\/es\\\/\",\"name\":\"AZTEX\",\"description\":\"\",\"publisher\":{\"@id\":\"https:\\\/\\\/aztex.ee\\\/es\\\/#organization\"},\"potentialAction\":[{\"@type\":\"SearchAction\",\"target\":{\"@type\":\"EntryPoint\",\"urlTemplate\":\"https:\\\/\\\/aztex.ee\\\/es\\\/?s={search_term_string}\"},\"query-input\":{\"@type\":\"PropertyValueSpecification\",\"valueRequired\":true,\"valueName\":\"search_term_string\"}}],\"inLanguage\":\"es\"},{\"@type\":\"Organization\",\"@id\":\"https:\\\/\\\/aztex.ee\\\/es\\\/#organization\",\"name\":\"AZTEX\",\"url\":\"https:\\\/\\\/aztex.ee\\\/es\\\/\",\"logo\":{\"@type\":\"ImageObject\",\"inLanguage\":\"es\",\"@id\":\"https:\\\/\\\/aztex.ee\\\/es\\\/#\\\/schema\\\/logo\\\/image\\\/\",\"url\":\"https:\\\/\\\/aztex.ee\\\/wp-content\\\/uploads\\\/2026\\\/01\\\/AZTEX.png\",\"contentUrl\":\"https:\\\/\\\/aztex.ee\\\/wp-content\\\/uploads\\\/2026\\\/01\\\/AZTEX.png\",\"width\":500,\"height\":500,\"caption\":\"AZTEX\"},\"image\":{\"@id\":\"https:\\\/\\\/aztex.ee\\\/es\\\/#\\\/schema\\\/logo\\\/image\\\/\"},\"sameAs\":[\"https:\\\/\\\/www.facebook.com\\\/AztexEE\",\"https:\\\/\\\/www.instagram.com\\\/aztexeesti\\\/\",\"https:\\\/\\\/www.youtube.com\\\/@AZTEXEE\",\"https:\\\/\\\/www.pinterest.com\\\/aztex_eesti\\\/\",\"https:\\\/\\\/www.tiktok.com\\\/@aztexeesti\",\"https:\\\/\\\/www.trustpilot.com\\\/review\\\/aztex.ee\",\"https:\\\/\\\/www.linkedin.com\\\/company\\\/aztex-ee\\\/\",\"https:\\\/\\\/www.wikidata.org\\\/wiki\\\/Q137560182\"]}]}<\/script>\n<!-- \/ Yoast SEO plugin. -->","yoast_head_json":{"title":"Toalla de ba\u00f1o de algod\u00f3n - Natural y Suave | AZTEX","description":"Toalla de ba\u00f1o de algod\u00f3n lujosa, suave y muy absorbente, de secado r\u00e1pido. Duradera y suave al tacto, perfecta para el d\u00eda a d\u00eda.","robots":{"index":"index","follow":"follow","max-snippet":"max-snippet:-1","max-image-preview":"max-image-preview:large","max-video-preview":"max-video-preview:-1"},"canonical":"https:\/\/aztex.ee\/es\/pood\/toallas-y-toallas-de-bano\/toalla-de-bano\/","og_locale":"es_ES","og_type":"article","og_title":"Toalla de ba\u00f1o de algod\u00f3n - Natural y Suave | AZTEX","og_description":"Toalla de ba\u00f1o de algod\u00f3n lujosa, suave y muy absorbente, de secado r\u00e1pido. Duradera y suave al tacto, perfecta para el d\u00eda a d\u00eda.","og_url":"https:\/\/aztex.ee\/es\/pood\/toallas-y-toallas-de-bano\/toalla-de-bano\/","og_site_name":"AZTEX","article_publisher":"https:\/\/www.facebook.com\/AztexEE","article_modified_time":"2026-04-12T18:52:29+00:00","og_image":[{"width":800,"height":800,"url":"https:\/\/aztex.ee\/wp-content\/uploads\/2025\/03\/Vanniratik-70x140-2.jpg","type":"image\/jpeg"}],"twitter_card":"summary_large_image","twitter_misc":{"Tiempo de lectura":"3 minutos"},"schema":{"@context":"https:\/\/schema.org","@graph":[{"@type":["WebPage","ItemPage"],"@id":"https:\/\/aztex.ee\/es\/pood\/toallas-y-toallas-de-bano\/toalla-de-bano\/","url":"https:\/\/aztex.ee\/es\/pood\/toallas-y-toallas-de-bano\/toalla-de-bano\/","name":"Toalla de ba\u00f1o de algod\u00f3n - Natural y Suave | AZTEX","isPartOf":{"@id":"https:\/\/aztex.ee\/es\/#website"},"primaryImageOfPage":{"@id":"https:\/\/aztex.ee\/es\/pood\/toallas-y-toallas-de-bano\/toalla-de-bano\/#primaryimage"},"image":{"@id":"https:\/\/aztex.ee\/es\/pood\/toallas-y-toallas-de-bano\/toalla-de-bano\/#primaryimage"},"thumbnailUrl":"https:\/\/aztex.ee\/wp-content\/uploads\/2025\/03\/Vanniratik-70x140-2.jpg","datePublished":"2025-03-28T22:57:25+00:00","dateModified":"2026-04-12T18:52:29+00:00","description":"Toalla de ba\u00f1o de algod\u00f3n lujosa, suave y muy absorbente, de secado r\u00e1pido. Duradera y suave al tacto, perfecta para el d\u00eda a d\u00eda.","breadcrumb":{"@id":"https:\/\/aztex.ee\/es\/pood\/toallas-y-toallas-de-bano\/toalla-de-bano\/#breadcrumb"},"inLanguage":"es","potentialAction":[{"@type":"ReadAction","target":["https:\/\/aztex.ee\/es\/pood\/toallas-y-toallas-de-bano\/toalla-de-bano\/"]}]},{"@type":"ImageObject","inLanguage":"es","@id":"https:\/\/aztex.ee\/es\/pood\/toallas-y-toallas-de-bano\/toalla-de-bano\/#primaryimage","url":"https:\/\/aztex.ee\/wp-content\/uploads\/2025\/03\/Vanniratik-70x140-2.jpg","contentUrl":"https:\/\/aztex.ee\/wp-content\/uploads\/2025\/03\/Vanniratik-70x140-2.jpg","width":800,"height":800,"caption":"Vannir\u00e4tik 70x140"},{"@type":"BreadcrumbList","@id":"https:\/\/aztex.ee\/es\/pood\/toallas-y-toallas-de-bano\/toalla-de-bano\/#breadcrumb","itemListElement":[{"@type":"ListItem","position":1,"name":"Inicio","item":"https:\/\/aztex.ee\/es\/"},{"@type":"ListItem","position":2,"name":"Tienda","item":"https:\/\/aztex.ee\/es\/tienda\/"},{"@type":"ListItem","position":3,"name":"Toalla de ba\u00f1o 70&#215;140 cm"}]},{"@type":"WebSite","@id":"https:\/\/aztex.ee\/es\/#website","url":"https:\/\/aztex.ee\/es\/","name":"AZTEX","description":"","publisher":{"@id":"https:\/\/aztex.ee\/es\/#organization"},"potentialAction":[{"@type":"SearchAction","target":{"@type":"EntryPoint","urlTemplate":"https:\/\/aztex.ee\/es\/?s={search_term_string}"},"query-input":{"@type":"PropertyValueSpecification","valueRequired":true,"valueName":"search_term_string"}}],"inLanguage":"es"},{"@type":"Organization","@id":"https:\/\/aztex.ee\/es\/#organization","name":"AZTEX","url":"https:\/\/aztex.ee\/es\/","logo":{"@type":"ImageObject","inLanguage":"es","@id":"https:\/\/aztex.ee\/es\/#\/schema\/logo\/image\/","url":"https:\/\/aztex.ee\/wp-content\/uploads\/2026\/01\/AZTEX.png","contentUrl":"https:\/\/aztex.ee\/wp-content\/uploads\/2026\/01\/AZTEX.png","width":500,"height":500,"caption":"AZTEX"},"image":{"@id":"https:\/\/aztex.ee\/es\/#\/schema\/logo\/image\/"},"sameAs":["https:\/\/www.facebook.com\/AztexEE","https:\/\/www.instagram.com\/aztexeesti\/","https:\/\/www.youtube.com\/@AZTEXEE","https:\/\/www.pinterest.com\/aztex_eesti\/","https:\/\/www.tiktok.com\/@aztexeesti","https:\/\/www.trustpilot.com\/review\/aztex.ee","https:\/\/www.linkedin.com\/company\/aztex-ee\/","https:\/\/www.wikidata.org\/wiki\/Q137560182"]}]}},"_links":{"self":[{"href":"https:\/\/aztex.ee\/es\/wp-json\/wp\/v2\/product\/73685","targetHints":{"allow":["GET"]}}],"collection":[{"href":"https:\/\/aztex.ee\/es\/wp-json\/wp\/v2\/product"}],"about":[{"href":"https:\/\/aztex.ee\/es\/wp-json\/wp\/v2\/types\/product"}],"replies":[{"embeddable":true,"href":"https:\/\/aztex.ee\/es\/wp-json\/wp\/v2\/comments?post=73685"}],"version-history":[{"count":0,"href":"https:\/\/aztex.ee\/es\/wp-json\/wp\/v2\/product\/73685\/revisions"}],"wp:featuredmedia":[{"embeddable":true,"href":"https:\/\/aztex.ee\/es\/wp-json\/wp\/v2\/media\/73784"}],"wp:attachment":[{"href":"https:\/\/aztex.ee\/es\/wp-json\/wp\/v2\/media?parent=73685"}],"wp:term":[{"taxonomy":"product_brand","embeddable":true,"href":"https:\/\/aztex.ee\/es\/wp-json\/wp\/v2\/product_brand?post=73685"},{"taxonomy":"product_cat","embeddable":true,"href":"https:\/\/aztex.ee\/es\/wp-json\/wp\/v2\/product_cat?post=73685"},{"taxonomy":"product_tag","embeddable":true,"href":"https:\/\/aztex.ee\/es\/wp-json\/wp\/v2\/product_tag?post=73685"}],"curies":[{"name":"wp","href":"https:\/\/api.w.org\/{rel}","templated":true}]}}