{"id":69153,"date":"2025-03-20T07:14:30","date_gmt":"2025-03-20T07:14:30","guid":{"rendered":"https:\/\/aztex.ee\/?post_type=product&#038;p=69153"},"modified":"2026-03-27T14:59:30","modified_gmt":"2026-03-27T14:59:30","slug":"almohada-cobija-2-en-1","status":"publish","type":"product","link":"https:\/\/aztex.ee\/es\/pood\/mundo-infantil-es\/almohada-cobija-2-en-1\/","title":{"rendered":"Almohada Cobija 2 en 1"},"content":{"rendered":"<p><strong>Almohada y manta infantil 2 en 1: comodidad y practicidad perfectas en cualquier situaci\u00f3n<\/strong><\/p>\n<p><strong>Una soluci\u00f3n compacta y compacta para cualquier entorno<\/strong><\/p>\n<p>La almohada y manta infantil 2 en 1 es la soluci\u00f3n ideal para ni\u00f1os que necesitan comodidad y calidez en cualquier situaci\u00f3n. Su dise\u00f1o compacto y f\u00e1cil de transportar la convierte en una excelente opci\u00f3n para el hogar, viajes o la habitaci\u00f3n de los ni\u00f1os. Su excepcional dise\u00f1o compacto permite que el producto tambi\u00e9n quepa perfectamente en el coche, proporcionando a los ni\u00f1os calidez y comodidad cuando m\u00e1s la necesitan. No importa si est\u00e1 en casa o de viaje: esta soluci\u00f3n 2 en 1 garantiza unas vacaciones c\u00f3modas en cualquier lugar.<\/p>\n<p><strong>Vers\u00e1til y pr\u00e1ctico en cualquier situaci\u00f3n<\/strong><\/p>\n<p>Este vers\u00e1til producto es adecuado para cualquier ocasi\u00f3n, incluso para el d\u00eda a d\u00eda de los ni\u00f1os. Ya sea para relajarse en casa despu\u00e9s del colegio o de viaje, este producto ofrece justo lo que su hijo necesita en cualquier momento. Compacto y f\u00e1cil de usar, tambi\u00e9n es perfecto para acampar, vacaciones e incluso viajes en coche. Este producto proporciona calidez y comodidad a los ni\u00f1os donde m\u00e1s lo necesiten.<\/p>\n<p><strong>F\u00e1cil de usar y mantener<\/strong><\/p>\n<p>La almohada y manta infantil 2 en 1 est\u00e1 fabricada con los mejores materiales para garantizar una larga duraci\u00f3n. Su dise\u00f1o es f\u00e1cil de usar y mantener. Para familias con ni\u00f1os, donde la rapidez y la simplicidad son importantes, este producto ofrece gran comodidad y practicidad. Gracias a su f\u00e1cil cuidado, se puede lavar f\u00e1cilmente para garantizar la higiene y la frescura en el uso diario.<\/p>\n<p><strong>El compa\u00f1ero de viaje perfecto y el complemento perfecto para el hogar de los ni\u00f1os<\/strong><\/p>\n<p>Esta almohada y manta 2 en 1 es el compa\u00f1ero de viaje ideal, ya que es ligera, compacta y pr\u00e1ctica. Ll\u00e9vala siempre contigo para garantizar la relajaci\u00f3n y la calidez de los ni\u00f1os en cualquier momento. En casa, complementar\u00e1 a la perfecci\u00f3n la habitaci\u00f3n de los ni\u00f1os, proporcionando la comodidad perfecta para cada usuario. Ya sea de viaje o de relax en casa, la almohada y manta 2 en 1 har\u00e1 que cada momento sea m\u00e1s agradable, siendo el compa\u00f1ero perfecto para cada peque\u00f1a aventura.<\/p>\n","protected":false},"excerpt":{"rendered":"<ul>\n<li>Material: Vell\u00f3n de coral<\/li>\n<li>Tama\u00f1o: 40&#215;40 cm \u2013 abierto 105&#215;155 cm<\/li>\n<li>Peso: 1,1 kg<\/li>\n<\/ul>\n","protected":false},"featured_media":69316,"comment_status":"open","ping_status":"closed","template":"","meta":[],"product_brand":[],"product_cat":[2246,2224],"product_tag":[],"class_list":{"0":"post-69153","1":"product","2":"type-product","3":"status-publish","4":"has-post-thumbnail","6":"product_cat-mantas-infantiles","7":"product_cat-mundo-infantil-es","9":"first","10":"instock","11":"shipping-taxable","12":"purchasable","13":"product-type-variable"},"yoast_head":"<!-- This site is optimized with the Yoast SEO plugin v27.3 - https:\/\/yoast.com\/product\/yoast-seo-wordpress\/ -->\n<title>Almohada Cobija 2 en 1 | AZTEX<\/title>\n<meta name=\"description\" content=\"La almohada y manta infantil 2 en 1 es una soluci\u00f3n compacta, de alta calidad y que ahorra espacio, ideal para relajarse en casa o mientras viaja.\" \/>\n<meta name=\"robots\" content=\"index, follow, max-snippet:-1, max-image-preview:large, max-video-preview:-1\" \/>\n<link rel=\"canonical\" href=\"https:\/\/aztex.ee\/es\/pood\/mundo-infantil-es\/almohada-cobija-2-en-1\/\" \/>\n<meta property=\"og:locale\" content=\"es_ES\" \/>\n<meta property=\"og:type\" content=\"article\" \/>\n<meta property=\"og:title\" content=\"Almohada Cobija 2 en 1 | AZTEX\" \/>\n<meta property=\"og:description\" content=\"La almohada y manta infantil 2 en 1 es una soluci\u00f3n compacta, de alta calidad y que ahorra espacio, ideal para relajarse en casa o mientras viaja.\" \/>\n<meta property=\"og:url\" content=\"https:\/\/aztex.ee\/es\/pood\/mundo-infantil-es\/almohada-cobija-2-en-1\/\" \/>\n<meta property=\"og:site_name\" content=\"AZTEX\" \/>\n<meta property=\"article:publisher\" content=\"https:\/\/www.facebook.com\/AztexEE\" \/>\n<meta property=\"article:modified_time\" content=\"2026-03-27T14:59:30+00:00\" \/>\n<meta property=\"og:image\" content=\"https:\/\/aztex.ee\/wp-content\/uploads\/2025\/03\/Padi-ja-tekk-2-in-1.jpg\" \/>\n\t<meta property=\"og:image:width\" content=\"800\" \/>\n\t<meta property=\"og:image:height\" content=\"800\" \/>\n\t<meta property=\"og:image:type\" content=\"image\/jpeg\" \/>\n<meta name=\"twitter:card\" content=\"summary_large_image\" \/>\n<meta name=\"twitter:label1\" content=\"Tiempo de lectura\" \/>\n\t<meta name=\"twitter:data1\" content=\"3 minutos\" \/>\n<script type=\"application\/ld+json\" class=\"yoast-schema-graph\">{\"@context\":\"https:\\\/\\\/schema.org\",\"@graph\":[{\"@type\":[\"WebPage\",\"ItemPage\"],\"@id\":\"https:\\\/\\\/aztex.ee\\\/es\\\/pood\\\/mundo-infantil-es\\\/almohada-cobija-2-en-1\\\/\",\"url\":\"https:\\\/\\\/aztex.ee\\\/es\\\/pood\\\/mundo-infantil-es\\\/almohada-cobija-2-en-1\\\/\",\"name\":\"Almohada Cobija 2 en 1 | AZTEX\",\"isPartOf\":{\"@id\":\"https:\\\/\\\/aztex.ee\\\/es\\\/#website\"},\"primaryImageOfPage\":{\"@id\":\"https:\\\/\\\/aztex.ee\\\/es\\\/pood\\\/mundo-infantil-es\\\/almohada-cobija-2-en-1\\\/#primaryimage\"},\"image\":{\"@id\":\"https:\\\/\\\/aztex.ee\\\/es\\\/pood\\\/mundo-infantil-es\\\/almohada-cobija-2-en-1\\\/#primaryimage\"},\"thumbnailUrl\":\"https:\\\/\\\/aztex.ee\\\/wp-content\\\/uploads\\\/2025\\\/03\\\/Padi-ja-tekk-2-in-1.jpg\",\"datePublished\":\"2025-03-20T07:14:30+00:00\",\"dateModified\":\"2026-03-27T14:59:30+00:00\",\"description\":\"La almohada y manta infantil 2 en 1 es una soluci\u00f3n compacta, de alta calidad y que ahorra espacio, ideal para relajarse en casa o mientras viaja.\",\"breadcrumb\":{\"@id\":\"https:\\\/\\\/aztex.ee\\\/es\\\/pood\\\/mundo-infantil-es\\\/almohada-cobija-2-en-1\\\/#breadcrumb\"},\"inLanguage\":\"es\",\"potentialAction\":[{\"@type\":\"ReadAction\",\"target\":[\"https:\\\/\\\/aztex.ee\\\/es\\\/pood\\\/mundo-infantil-es\\\/almohada-cobija-2-en-1\\\/\"]}]},{\"@type\":\"ImageObject\",\"inLanguage\":\"es\",\"@id\":\"https:\\\/\\\/aztex.ee\\\/es\\\/pood\\\/mundo-infantil-es\\\/almohada-cobija-2-en-1\\\/#primaryimage\",\"url\":\"https:\\\/\\\/aztex.ee\\\/wp-content\\\/uploads\\\/2025\\\/03\\\/Padi-ja-tekk-2-in-1.jpg\",\"contentUrl\":\"https:\\\/\\\/aztex.ee\\\/wp-content\\\/uploads\\\/2025\\\/03\\\/Padi-ja-tekk-2-in-1.jpg\",\"width\":800,\"height\":800,\"caption\":\"Padi ja tekk 2 in 1\"},{\"@type\":\"BreadcrumbList\",\"@id\":\"https:\\\/\\\/aztex.ee\\\/es\\\/pood\\\/mundo-infantil-es\\\/almohada-cobija-2-en-1\\\/#breadcrumb\",\"itemListElement\":[{\"@type\":\"ListItem\",\"position\":1,\"name\":\"Inicio\",\"item\":\"https:\\\/\\\/aztex.ee\\\/es\\\/\"},{\"@type\":\"ListItem\",\"position\":2,\"name\":\"Tienda\",\"item\":\"https:\\\/\\\/aztex.ee\\\/es\\\/tienda\\\/\"},{\"@type\":\"ListItem\",\"position\":3,\"name\":\"Almohada Cobija 2 en 1\"}]},{\"@type\":\"WebSite\",\"@id\":\"https:\\\/\\\/aztex.ee\\\/es\\\/#website\",\"url\":\"https:\\\/\\\/aztex.ee\\\/es\\\/\",\"name\":\"AZTEX\",\"description\":\"\",\"publisher\":{\"@id\":\"https:\\\/\\\/aztex.ee\\\/es\\\/#organization\"},\"potentialAction\":[{\"@type\":\"SearchAction\",\"target\":{\"@type\":\"EntryPoint\",\"urlTemplate\":\"https:\\\/\\\/aztex.ee\\\/es\\\/?s={search_term_string}\"},\"query-input\":{\"@type\":\"PropertyValueSpecification\",\"valueRequired\":true,\"valueName\":\"search_term_string\"}}],\"inLanguage\":\"es\"},{\"@type\":\"Organization\",\"@id\":\"https:\\\/\\\/aztex.ee\\\/es\\\/#organization\",\"name\":\"AZTEX\",\"url\":\"https:\\\/\\\/aztex.ee\\\/es\\\/\",\"logo\":{\"@type\":\"ImageObject\",\"inLanguage\":\"es\",\"@id\":\"https:\\\/\\\/aztex.ee\\\/es\\\/#\\\/schema\\\/logo\\\/image\\\/\",\"url\":\"https:\\\/\\\/aztex.ee\\\/wp-content\\\/uploads\\\/2026\\\/01\\\/AZTEX.png\",\"contentUrl\":\"https:\\\/\\\/aztex.ee\\\/wp-content\\\/uploads\\\/2026\\\/01\\\/AZTEX.png\",\"width\":500,\"height\":500,\"caption\":\"AZTEX\"},\"image\":{\"@id\":\"https:\\\/\\\/aztex.ee\\\/es\\\/#\\\/schema\\\/logo\\\/image\\\/\"},\"sameAs\":[\"https:\\\/\\\/www.facebook.com\\\/AztexEE\",\"https:\\\/\\\/www.instagram.com\\\/aztexeesti\\\/\",\"https:\\\/\\\/www.youtube.com\\\/@AZTEXEE\",\"https:\\\/\\\/www.pinterest.com\\\/aztex_eesti\\\/\",\"https:\\\/\\\/www.tiktok.com\\\/@aztexeesti\",\"https:\\\/\\\/www.trustpilot.com\\\/review\\\/aztex.ee\",\"https:\\\/\\\/www.linkedin.com\\\/company\\\/aztex-ee\\\/\",\"https:\\\/\\\/www.wikidata.org\\\/wiki\\\/Q137560182\"]}]}<\/script>\n<!-- \/ Yoast SEO plugin. -->","yoast_head_json":{"title":"Almohada Cobija 2 en 1 | AZTEX","description":"La almohada y manta infantil 2 en 1 es una soluci\u00f3n compacta, de alta calidad y que ahorra espacio, ideal para relajarse en casa o mientras viaja.","robots":{"index":"index","follow":"follow","max-snippet":"max-snippet:-1","max-image-preview":"max-image-preview:large","max-video-preview":"max-video-preview:-1"},"canonical":"https:\/\/aztex.ee\/es\/pood\/mundo-infantil-es\/almohada-cobija-2-en-1\/","og_locale":"es_ES","og_type":"article","og_title":"Almohada Cobija 2 en 1 | AZTEX","og_description":"La almohada y manta infantil 2 en 1 es una soluci\u00f3n compacta, de alta calidad y que ahorra espacio, ideal para relajarse en casa o mientras viaja.","og_url":"https:\/\/aztex.ee\/es\/pood\/mundo-infantil-es\/almohada-cobija-2-en-1\/","og_site_name":"AZTEX","article_publisher":"https:\/\/www.facebook.com\/AztexEE","article_modified_time":"2026-03-27T14:59:30+00:00","og_image":[{"width":800,"height":800,"url":"https:\/\/aztex.ee\/wp-content\/uploads\/2025\/03\/Padi-ja-tekk-2-in-1.jpg","type":"image\/jpeg"}],"twitter_card":"summary_large_image","twitter_misc":{"Tiempo de lectura":"3 minutos"},"schema":{"@context":"https:\/\/schema.org","@graph":[{"@type":["WebPage","ItemPage"],"@id":"https:\/\/aztex.ee\/es\/pood\/mundo-infantil-es\/almohada-cobija-2-en-1\/","url":"https:\/\/aztex.ee\/es\/pood\/mundo-infantil-es\/almohada-cobija-2-en-1\/","name":"Almohada Cobija 2 en 1 | AZTEX","isPartOf":{"@id":"https:\/\/aztex.ee\/es\/#website"},"primaryImageOfPage":{"@id":"https:\/\/aztex.ee\/es\/pood\/mundo-infantil-es\/almohada-cobija-2-en-1\/#primaryimage"},"image":{"@id":"https:\/\/aztex.ee\/es\/pood\/mundo-infantil-es\/almohada-cobija-2-en-1\/#primaryimage"},"thumbnailUrl":"https:\/\/aztex.ee\/wp-content\/uploads\/2025\/03\/Padi-ja-tekk-2-in-1.jpg","datePublished":"2025-03-20T07:14:30+00:00","dateModified":"2026-03-27T14:59:30+00:00","description":"La almohada y manta infantil 2 en 1 es una soluci\u00f3n compacta, de alta calidad y que ahorra espacio, ideal para relajarse en casa o mientras viaja.","breadcrumb":{"@id":"https:\/\/aztex.ee\/es\/pood\/mundo-infantil-es\/almohada-cobija-2-en-1\/#breadcrumb"},"inLanguage":"es","potentialAction":[{"@type":"ReadAction","target":["https:\/\/aztex.ee\/es\/pood\/mundo-infantil-es\/almohada-cobija-2-en-1\/"]}]},{"@type":"ImageObject","inLanguage":"es","@id":"https:\/\/aztex.ee\/es\/pood\/mundo-infantil-es\/almohada-cobija-2-en-1\/#primaryimage","url":"https:\/\/aztex.ee\/wp-content\/uploads\/2025\/03\/Padi-ja-tekk-2-in-1.jpg","contentUrl":"https:\/\/aztex.ee\/wp-content\/uploads\/2025\/03\/Padi-ja-tekk-2-in-1.jpg","width":800,"height":800,"caption":"Padi ja tekk 2 in 1"},{"@type":"BreadcrumbList","@id":"https:\/\/aztex.ee\/es\/pood\/mundo-infantil-es\/almohada-cobija-2-en-1\/#breadcrumb","itemListElement":[{"@type":"ListItem","position":1,"name":"Inicio","item":"https:\/\/aztex.ee\/es\/"},{"@type":"ListItem","position":2,"name":"Tienda","item":"https:\/\/aztex.ee\/es\/tienda\/"},{"@type":"ListItem","position":3,"name":"Almohada Cobija 2 en 1"}]},{"@type":"WebSite","@id":"https:\/\/aztex.ee\/es\/#website","url":"https:\/\/aztex.ee\/es\/","name":"AZTEX","description":"","publisher":{"@id":"https:\/\/aztex.ee\/es\/#organization"},"potentialAction":[{"@type":"SearchAction","target":{"@type":"EntryPoint","urlTemplate":"https:\/\/aztex.ee\/es\/?s={search_term_string}"},"query-input":{"@type":"PropertyValueSpecification","valueRequired":true,"valueName":"search_term_string"}}],"inLanguage":"es"},{"@type":"Organization","@id":"https:\/\/aztex.ee\/es\/#organization","name":"AZTEX","url":"https:\/\/aztex.ee\/es\/","logo":{"@type":"ImageObject","inLanguage":"es","@id":"https:\/\/aztex.ee\/es\/#\/schema\/logo\/image\/","url":"https:\/\/aztex.ee\/wp-content\/uploads\/2026\/01\/AZTEX.png","contentUrl":"https:\/\/aztex.ee\/wp-content\/uploads\/2026\/01\/AZTEX.png","width":500,"height":500,"caption":"AZTEX"},"image":{"@id":"https:\/\/aztex.ee\/es\/#\/schema\/logo\/image\/"},"sameAs":["https:\/\/www.facebook.com\/AztexEE","https:\/\/www.instagram.com\/aztexeesti\/","https:\/\/www.youtube.com\/@AZTEXEE","https:\/\/www.pinterest.com\/aztex_eesti\/","https:\/\/www.tiktok.com\/@aztexeesti","https:\/\/www.trustpilot.com\/review\/aztex.ee","https:\/\/www.linkedin.com\/company\/aztex-ee\/","https:\/\/www.wikidata.org\/wiki\/Q137560182"]}]}},"_links":{"self":[{"href":"https:\/\/aztex.ee\/es\/wp-json\/wp\/v2\/product\/69153","targetHints":{"allow":["GET"]}}],"collection":[{"href":"https:\/\/aztex.ee\/es\/wp-json\/wp\/v2\/product"}],"about":[{"href":"https:\/\/aztex.ee\/es\/wp-json\/wp\/v2\/types\/product"}],"replies":[{"embeddable":true,"href":"https:\/\/aztex.ee\/es\/wp-json\/wp\/v2\/comments?post=69153"}],"version-history":[{"count":0,"href":"https:\/\/aztex.ee\/es\/wp-json\/wp\/v2\/product\/69153\/revisions"}],"wp:featuredmedia":[{"embeddable":true,"href":"https:\/\/aztex.ee\/es\/wp-json\/wp\/v2\/media\/69316"}],"wp:attachment":[{"href":"https:\/\/aztex.ee\/es\/wp-json\/wp\/v2\/media?parent=69153"}],"wp:term":[{"taxonomy":"product_brand","embeddable":true,"href":"https:\/\/aztex.ee\/es\/wp-json\/wp\/v2\/product_brand?post=69153"},{"taxonomy":"product_cat","embeddable":true,"href":"https:\/\/aztex.ee\/es\/wp-json\/wp\/v2\/product_cat?post=69153"},{"taxonomy":"product_tag","embeddable":true,"href":"https:\/\/aztex.ee\/es\/wp-json\/wp\/v2\/product_tag?post=69153"}],"curies":[{"name":"wp","href":"https:\/\/api.w.org\/{rel}","templated":true}]}}