{"id":66808,"date":"2025-03-14T22:39:46","date_gmt":"2025-03-14T22:39:46","guid":{"rendered":"https:\/\/aztex.ee\/?post_type=product&#038;p=66808"},"modified":"2026-04-13T17:42:01","modified_gmt":"2026-04-13T17:42:01","slug":"manta-raschel-150x200-cm","status":"publish","type":"product","link":"https:\/\/aztex.ee\/es\/pood\/mantas-y-plaids\/manta-raschel-150x200-cm\/","title":{"rendered":"Manta Raschel 150&#215;200 cm | 2 kg"},"content":{"rendered":"<p><strong>Elegante y suave manta Raschel: comodidad de lujo para cada momento<\/strong><\/p>\n<p>Descubre el equilibrio perfecto entre estilo refinado y m\u00e1xima comodidad. Esta manta Raschel de 150 x 200 cm te envuelve en una c\u00e1lida suavidad y aporta una elegancia atemporal a tu hogar. Su rica textura y su delicado tacto crean una agradable sensaci\u00f3n que convierte cada momento en una experiencia inolvidable.<\/p>\n<p><strong>Lujosamente suave y acogedora<\/strong><\/p>\n<p>El material excepcionalmente suave de la manta Raschel mima la piel y te invita a disfrutar de su calidez y su delicado tacto. Su textura ligera y esponjosa crea la sensaci\u00f3n de estar envuelto en una lujosa nube. Disfrutando de tu caf\u00e9 de la ma\u00f1ana, relaj\u00e1ndote en el sof\u00e1 por la noche o necesitando un extra de calor en una noche fr\u00eda, esta manta har\u00e1 que cada momento sea a\u00fan m\u00e1s confortable.<\/p>\n<p><strong>Un complemento elegante para cualquier hogar<\/strong><\/p>\n<p>Adem\u00e1s de su excepcional comodidad, esta manta tambi\u00e9n es un hermoso elemento de decoraci\u00f3n. Su elegante dise\u00f1o y sus cuidados detalles aportan suavidad y calidez a la habitaci\u00f3n. Perfecta tanto para interiores modernos como cl\u00e1sicos, haciendo que tu sof\u00e1 o cama sean a\u00fan m\u00e1s acogedores. Atractiva y lujosa, esta manta realzar\u00e1 el ambiente de cualquier habitaci\u00f3n y le aportar\u00e1 estilo.<\/p>\n<p><strong>Un verdadero placer para cada momento<\/strong><\/p>\n<p>La manta Raschel est\u00e1 dise\u00f1ada para ofrecerte momentos de confort, calidez y relajaci\u00f3n. Envu\u00e9lvete en su suavidad, olv\u00eddate del ajetreo diario y disfruta de una paz y un bienestar absolutos. El regalo perfecto para ti o tus seres queridos: un cl\u00e1sico atemporal que aporta un toque de lujo y un ambiente acogedor a tu d\u00eda a d\u00eda.<\/p>\n","protected":false},"excerpt":{"rendered":"<ul>\n<li>Material: Poli\u00e9ster<\/li>\n<li>Tama\u00f1o: 150&#215;200 cm \u00b13<\/li>\n<li>Peso: 2 kg<\/li>\n<\/ul>\n","protected":false},"featured_media":66939,"comment_status":"open","ping_status":"closed","template":"","meta":[],"product_brand":[],"product_cat":[3053,3074,1878],"product_tag":[],"class_list":{"0":"post-66808","1":"product","2":"type-product","3":"status-publish","4":"has-post-thumbnail","6":"product_cat-mantas-raschel","7":"product_cat-mantas-raschel-150x200-cm","8":"product_cat-mantas-y-plaids","10":"first","11":"instock","12":"shipping-taxable","13":"purchasable","14":"product-type-variable"},"yoast_head":"<!-- This site is optimized with the Yoast SEO plugin v27.4 - https:\/\/yoast.com\/product\/yoast-seo-wordpress\/ -->\n<title>Manta suave de doble capa 150x200 cm | AZTEX<\/title>\n<meta name=\"description\" content=\"La lujosa y suave manta Raschel aporta elegancia, calidez y confort a cualquier hogar. Su suave textura y estilo atemporal complementan cualquier espacio\" \/>\n<meta name=\"robots\" content=\"index, follow, max-snippet:-1, max-image-preview:large, max-video-preview:-1\" \/>\n<link rel=\"canonical\" href=\"https:\/\/aztex.ee\/es\/pood\/mantas-y-plaids\/manta-raschel-150x200-cm\/\" \/>\n<meta property=\"og:locale\" content=\"es_ES\" \/>\n<meta property=\"og:type\" content=\"article\" \/>\n<meta property=\"og:title\" content=\"Manta suave de doble capa 150x200 cm | AZTEX\" \/>\n<meta property=\"og:description\" content=\"La lujosa y suave manta Raschel aporta elegancia, calidez y confort a cualquier hogar. Su suave textura y estilo atemporal complementan cualquier espacio\" \/>\n<meta property=\"og:url\" content=\"https:\/\/aztex.ee\/es\/pood\/mantas-y-plaids\/manta-raschel-150x200-cm\/\" \/>\n<meta property=\"og:site_name\" content=\"AZTEX\" \/>\n<meta property=\"article:publisher\" content=\"https:\/\/www.facebook.com\/AztexEE\" \/>\n<meta property=\"article:modified_time\" content=\"2026-04-13T17:42:01+00:00\" \/>\n<meta property=\"og:image\" content=\"https:\/\/aztex.ee\/wp-content\/uploads\/2025\/03\/Raschel-tekk-150x200-cm.jpg\" \/>\n\t<meta property=\"og:image:width\" content=\"800\" \/>\n\t<meta property=\"og:image:height\" content=\"800\" \/>\n\t<meta property=\"og:image:type\" content=\"image\/jpeg\" \/>\n<meta name=\"twitter:card\" content=\"summary_large_image\" \/>\n<meta name=\"twitter:label1\" content=\"Tiempo de lectura\" \/>\n\t<meta name=\"twitter:data1\" content=\"2 minutos\" \/>\n<script type=\"application\/ld+json\" class=\"yoast-schema-graph\">{\"@context\":\"https:\\\/\\\/schema.org\",\"@graph\":[{\"@type\":[\"WebPage\",\"ItemPage\"],\"@id\":\"https:\\\/\\\/aztex.ee\\\/es\\\/pood\\\/mantas-y-plaids\\\/manta-raschel-150x200-cm\\\/\",\"url\":\"https:\\\/\\\/aztex.ee\\\/es\\\/pood\\\/mantas-y-plaids\\\/manta-raschel-150x200-cm\\\/\",\"name\":\"Manta suave de doble capa 150x200 cm | AZTEX\",\"isPartOf\":{\"@id\":\"https:\\\/\\\/aztex.ee\\\/es\\\/#website\"},\"primaryImageOfPage\":{\"@id\":\"https:\\\/\\\/aztex.ee\\\/es\\\/pood\\\/mantas-y-plaids\\\/manta-raschel-150x200-cm\\\/#primaryimage\"},\"image\":{\"@id\":\"https:\\\/\\\/aztex.ee\\\/es\\\/pood\\\/mantas-y-plaids\\\/manta-raschel-150x200-cm\\\/#primaryimage\"},\"thumbnailUrl\":\"https:\\\/\\\/aztex.ee\\\/wp-content\\\/uploads\\\/2025\\\/03\\\/Raschel-tekk-150x200-cm.jpg\",\"datePublished\":\"2025-03-14T22:39:46+00:00\",\"dateModified\":\"2026-04-13T17:42:01+00:00\",\"description\":\"La lujosa y suave manta Raschel aporta elegancia, calidez y confort a cualquier hogar. Su suave textura y estilo atemporal complementan cualquier espacio\",\"breadcrumb\":{\"@id\":\"https:\\\/\\\/aztex.ee\\\/es\\\/pood\\\/mantas-y-plaids\\\/manta-raschel-150x200-cm\\\/#breadcrumb\"},\"inLanguage\":\"es\",\"potentialAction\":[{\"@type\":\"ReadAction\",\"target\":[\"https:\\\/\\\/aztex.ee\\\/es\\\/pood\\\/mantas-y-plaids\\\/manta-raschel-150x200-cm\\\/\"]}]},{\"@type\":\"ImageObject\",\"inLanguage\":\"es\",\"@id\":\"https:\\\/\\\/aztex.ee\\\/es\\\/pood\\\/mantas-y-plaids\\\/manta-raschel-150x200-cm\\\/#primaryimage\",\"url\":\"https:\\\/\\\/aztex.ee\\\/wp-content\\\/uploads\\\/2025\\\/03\\\/Raschel-tekk-150x200-cm.jpg\",\"contentUrl\":\"https:\\\/\\\/aztex.ee\\\/wp-content\\\/uploads\\\/2025\\\/03\\\/Raschel-tekk-150x200-cm.jpg\",\"width\":800,\"height\":800,\"caption\":\"Raschel tekk 150x200 cm\"},{\"@type\":\"BreadcrumbList\",\"@id\":\"https:\\\/\\\/aztex.ee\\\/es\\\/pood\\\/mantas-y-plaids\\\/manta-raschel-150x200-cm\\\/#breadcrumb\",\"itemListElement\":[{\"@type\":\"ListItem\",\"position\":1,\"name\":\"Inicio\",\"item\":\"https:\\\/\\\/aztex.ee\\\/es\\\/\"},{\"@type\":\"ListItem\",\"position\":2,\"name\":\"Tienda\",\"item\":\"https:\\\/\\\/aztex.ee\\\/es\\\/tienda\\\/\"},{\"@type\":\"ListItem\",\"position\":3,\"name\":\"Manta Raschel 150&#215;200 cm | 2 kg\"}]},{\"@type\":\"WebSite\",\"@id\":\"https:\\\/\\\/aztex.ee\\\/es\\\/#website\",\"url\":\"https:\\\/\\\/aztex.ee\\\/es\\\/\",\"name\":\"AZTEX\",\"description\":\"\",\"publisher\":{\"@id\":\"https:\\\/\\\/aztex.ee\\\/es\\\/#organization\"},\"potentialAction\":[{\"@type\":\"SearchAction\",\"target\":{\"@type\":\"EntryPoint\",\"urlTemplate\":\"https:\\\/\\\/aztex.ee\\\/es\\\/?s={search_term_string}\"},\"query-input\":{\"@type\":\"PropertyValueSpecification\",\"valueRequired\":true,\"valueName\":\"search_term_string\"}}],\"inLanguage\":\"es\"},{\"@type\":\"Organization\",\"@id\":\"https:\\\/\\\/aztex.ee\\\/es\\\/#organization\",\"name\":\"AZTEX\",\"url\":\"https:\\\/\\\/aztex.ee\\\/es\\\/\",\"logo\":{\"@type\":\"ImageObject\",\"inLanguage\":\"es\",\"@id\":\"https:\\\/\\\/aztex.ee\\\/es\\\/#\\\/schema\\\/logo\\\/image\\\/\",\"url\":\"https:\\\/\\\/aztex.ee\\\/wp-content\\\/uploads\\\/2026\\\/01\\\/AZTEX.png\",\"contentUrl\":\"https:\\\/\\\/aztex.ee\\\/wp-content\\\/uploads\\\/2026\\\/01\\\/AZTEX.png\",\"width\":500,\"height\":500,\"caption\":\"AZTEX\"},\"image\":{\"@id\":\"https:\\\/\\\/aztex.ee\\\/es\\\/#\\\/schema\\\/logo\\\/image\\\/\"},\"sameAs\":[\"https:\\\/\\\/www.facebook.com\\\/AztexEE\",\"https:\\\/\\\/www.instagram.com\\\/aztexeesti\\\/\",\"https:\\\/\\\/www.youtube.com\\\/@AZTEXEE\",\"https:\\\/\\\/www.pinterest.com\\\/aztex_eesti\\\/\",\"https:\\\/\\\/www.tiktok.com\\\/@aztexeesti\",\"https:\\\/\\\/www.trustpilot.com\\\/review\\\/aztex.ee\",\"https:\\\/\\\/www.linkedin.com\\\/company\\\/aztex-ee\\\/\",\"https:\\\/\\\/www.wikidata.org\\\/wiki\\\/Q137560182\"]}]}<\/script>\n<!-- \/ Yoast SEO plugin. -->","yoast_head_json":{"title":"Manta suave de doble capa 150x200 cm | AZTEX","description":"La lujosa y suave manta Raschel aporta elegancia, calidez y confort a cualquier hogar. Su suave textura y estilo atemporal complementan cualquier espacio","robots":{"index":"index","follow":"follow","max-snippet":"max-snippet:-1","max-image-preview":"max-image-preview:large","max-video-preview":"max-video-preview:-1"},"canonical":"https:\/\/aztex.ee\/es\/pood\/mantas-y-plaids\/manta-raschel-150x200-cm\/","og_locale":"es_ES","og_type":"article","og_title":"Manta suave de doble capa 150x200 cm | AZTEX","og_description":"La lujosa y suave manta Raschel aporta elegancia, calidez y confort a cualquier hogar. Su suave textura y estilo atemporal complementan cualquier espacio","og_url":"https:\/\/aztex.ee\/es\/pood\/mantas-y-plaids\/manta-raschel-150x200-cm\/","og_site_name":"AZTEX","article_publisher":"https:\/\/www.facebook.com\/AztexEE","article_modified_time":"2026-04-13T17:42:01+00:00","og_image":[{"width":800,"height":800,"url":"https:\/\/aztex.ee\/wp-content\/uploads\/2025\/03\/Raschel-tekk-150x200-cm.jpg","type":"image\/jpeg"}],"twitter_card":"summary_large_image","twitter_misc":{"Tiempo de lectura":"2 minutos"},"schema":{"@context":"https:\/\/schema.org","@graph":[{"@type":["WebPage","ItemPage"],"@id":"https:\/\/aztex.ee\/es\/pood\/mantas-y-plaids\/manta-raschel-150x200-cm\/","url":"https:\/\/aztex.ee\/es\/pood\/mantas-y-plaids\/manta-raschel-150x200-cm\/","name":"Manta suave de doble capa 150x200 cm | AZTEX","isPartOf":{"@id":"https:\/\/aztex.ee\/es\/#website"},"primaryImageOfPage":{"@id":"https:\/\/aztex.ee\/es\/pood\/mantas-y-plaids\/manta-raschel-150x200-cm\/#primaryimage"},"image":{"@id":"https:\/\/aztex.ee\/es\/pood\/mantas-y-plaids\/manta-raschel-150x200-cm\/#primaryimage"},"thumbnailUrl":"https:\/\/aztex.ee\/wp-content\/uploads\/2025\/03\/Raschel-tekk-150x200-cm.jpg","datePublished":"2025-03-14T22:39:46+00:00","dateModified":"2026-04-13T17:42:01+00:00","description":"La lujosa y suave manta Raschel aporta elegancia, calidez y confort a cualquier hogar. Su suave textura y estilo atemporal complementan cualquier espacio","breadcrumb":{"@id":"https:\/\/aztex.ee\/es\/pood\/mantas-y-plaids\/manta-raschel-150x200-cm\/#breadcrumb"},"inLanguage":"es","potentialAction":[{"@type":"ReadAction","target":["https:\/\/aztex.ee\/es\/pood\/mantas-y-plaids\/manta-raschel-150x200-cm\/"]}]},{"@type":"ImageObject","inLanguage":"es","@id":"https:\/\/aztex.ee\/es\/pood\/mantas-y-plaids\/manta-raschel-150x200-cm\/#primaryimage","url":"https:\/\/aztex.ee\/wp-content\/uploads\/2025\/03\/Raschel-tekk-150x200-cm.jpg","contentUrl":"https:\/\/aztex.ee\/wp-content\/uploads\/2025\/03\/Raschel-tekk-150x200-cm.jpg","width":800,"height":800,"caption":"Raschel tekk 150x200 cm"},{"@type":"BreadcrumbList","@id":"https:\/\/aztex.ee\/es\/pood\/mantas-y-plaids\/manta-raschel-150x200-cm\/#breadcrumb","itemListElement":[{"@type":"ListItem","position":1,"name":"Inicio","item":"https:\/\/aztex.ee\/es\/"},{"@type":"ListItem","position":2,"name":"Tienda","item":"https:\/\/aztex.ee\/es\/tienda\/"},{"@type":"ListItem","position":3,"name":"Manta Raschel 150&#215;200 cm | 2 kg"}]},{"@type":"WebSite","@id":"https:\/\/aztex.ee\/es\/#website","url":"https:\/\/aztex.ee\/es\/","name":"AZTEX","description":"","publisher":{"@id":"https:\/\/aztex.ee\/es\/#organization"},"potentialAction":[{"@type":"SearchAction","target":{"@type":"EntryPoint","urlTemplate":"https:\/\/aztex.ee\/es\/?s={search_term_string}"},"query-input":{"@type":"PropertyValueSpecification","valueRequired":true,"valueName":"search_term_string"}}],"inLanguage":"es"},{"@type":"Organization","@id":"https:\/\/aztex.ee\/es\/#organization","name":"AZTEX","url":"https:\/\/aztex.ee\/es\/","logo":{"@type":"ImageObject","inLanguage":"es","@id":"https:\/\/aztex.ee\/es\/#\/schema\/logo\/image\/","url":"https:\/\/aztex.ee\/wp-content\/uploads\/2026\/01\/AZTEX.png","contentUrl":"https:\/\/aztex.ee\/wp-content\/uploads\/2026\/01\/AZTEX.png","width":500,"height":500,"caption":"AZTEX"},"image":{"@id":"https:\/\/aztex.ee\/es\/#\/schema\/logo\/image\/"},"sameAs":["https:\/\/www.facebook.com\/AztexEE","https:\/\/www.instagram.com\/aztexeesti\/","https:\/\/www.youtube.com\/@AZTEXEE","https:\/\/www.pinterest.com\/aztex_eesti\/","https:\/\/www.tiktok.com\/@aztexeesti","https:\/\/www.trustpilot.com\/review\/aztex.ee","https:\/\/www.linkedin.com\/company\/aztex-ee\/","https:\/\/www.wikidata.org\/wiki\/Q137560182"]}]}},"_links":{"self":[{"href":"https:\/\/aztex.ee\/es\/wp-json\/wp\/v2\/product\/66808","targetHints":{"allow":["GET"]}}],"collection":[{"href":"https:\/\/aztex.ee\/es\/wp-json\/wp\/v2\/product"}],"about":[{"href":"https:\/\/aztex.ee\/es\/wp-json\/wp\/v2\/types\/product"}],"replies":[{"embeddable":true,"href":"https:\/\/aztex.ee\/es\/wp-json\/wp\/v2\/comments?post=66808"}],"version-history":[{"count":0,"href":"https:\/\/aztex.ee\/es\/wp-json\/wp\/v2\/product\/66808\/revisions"}],"wp:featuredmedia":[{"embeddable":true,"href":"https:\/\/aztex.ee\/es\/wp-json\/wp\/v2\/media\/66939"}],"wp:attachment":[{"href":"https:\/\/aztex.ee\/es\/wp-json\/wp\/v2\/media?parent=66808"}],"wp:term":[{"taxonomy":"product_brand","embeddable":true,"href":"https:\/\/aztex.ee\/es\/wp-json\/wp\/v2\/product_brand?post=66808"},{"taxonomy":"product_cat","embeddable":true,"href":"https:\/\/aztex.ee\/es\/wp-json\/wp\/v2\/product_cat?post=66808"},{"taxonomy":"product_tag","embeddable":true,"href":"https:\/\/aztex.ee\/es\/wp-json\/wp\/v2\/product_tag?post=66808"}],"curies":[{"name":"wp","href":"https:\/\/api.w.org\/{rel}","templated":true}]}}