{"id":64384,"date":"2025-03-08T22:43:38","date_gmt":"2025-03-08T22:43:38","guid":{"rendered":"https:\/\/aztex.ee\/?post_type=product&#038;p=64384"},"modified":"2025-03-09T19:51:08","modified_gmt":"2025-03-09T19:51:08","slug":"juego-de-cama-tencel-verde-claro","status":"publish","type":"product","link":"https:\/\/aztex.ee\/es\/pood\/ropa-de-cama\/juego-de-cama-tencel-verde-claro\/","title":{"rendered":"Juego de Cama Tencel | Verde claro"},"content":{"rendered":"<p><strong>Lujoso juego de cama de Tencel de eucalipto: suave como la seda, transpirable y excepcionalmente c\u00f3modo<\/strong><\/p>\n<p><strong>Comodidad y calidad extraordinarias<\/strong><br \/>\nEl juego de cama de Tencel est\u00e1 dise\u00f1ado para garantizar el sue\u00f1o m\u00e1s reparador y reparador, ofreciendo una comodidad y una calidad excepcionales. Est\u00e1 fabricado con tejido Tencel, que se deriva del \u00e1rbol de eucalipto, que es conocido por su suavidad sedosa, transpirabilidad y propiedades que absorben la humedad. La ropa de cama de Tencel te mantiene fresco en verano y c\u00e1lido en invierno, para que tu sue\u00f1o sea refrescante y reparador en todo momento.<\/p>\n<p><strong>Textura lujosa y apariencia elegante<\/strong><br \/>\nLa tela es suave, delicada y agradable para la piel, lo que proporciona una experiencia verdaderamente lujosa durante el sue\u00f1o. La ropa de cama de Tencel se adapta maravillosamente, lo que le da a la cama un aspecto elegante y acogedor, haciendo del dormitorio un lugar con estilo. La ligereza y la ligereza ayudan a garantizar un movimiento de aire constante para evitar los sudores nocturnos y mantener la ropa de cama siempre fresca.<\/p>\n<p><strong>Durabilidad<\/strong><br \/>\nLa ropa de cama Tencel es duradera y resistente: incluso despu\u00e9s de varios lavados, conserva su suavidad, su hermosa ca\u00edda y su calidad. Acostarse todas las noches se convierte en un verdadero placer, ya que la ropa de cama se mantiene fresca y agradable, proporcionando la mejor experiencia de sue\u00f1o.<\/p>\n<p><strong>La opci\u00f3n ideal para los amantes de la naturaleza y la comodidad<\/strong><br \/>\nEl juego de cama Tencel es la opci\u00f3n ideal para quienes aprecian los materiales naturales y desean disfrutar de una mayor calidad, una comodidad lujosa y un sue\u00f1o perfecto.<\/p>\n","protected":false},"excerpt":{"rendered":"<p>El juego de cama Tencel de eucalipto 100% ecol\u00f3gico es excepcionalmente suave, transpirable y lujoso.<\/p>\n<ul>\n<li>Material: 100% Tencel<\/li>\n<li>N\u00famero de hilos: 60S \/ 300TC<\/li>\n<li>Funda n\u00f3rdica: 200\u00d7220 cm<\/li>\n<li>Funda de almohada: 50\u00d770 cm (2 piezas)<\/li>\n<li>S\u00e1bana: 220\u00d7240 cm<\/li>\n<\/ul>\n<p><img loading=\"lazy\" decoding=\"async\" class=\"alignnone wp-image-63145\" src=\"https:\/\/aztex.ee\/wp-content\/uploads\/2025\/03\/tencel-certified-400x129.png\" alt=\"\" width=\"131\" height=\"42\" srcset=\"https:\/\/aztex.ee\/wp-content\/uploads\/2025\/03\/tencel-certified-400x129.png 400w, https:\/\/aztex.ee\/wp-content\/uploads\/2025\/03\/tencel-certified-430x139.png 430w, https:\/\/aztex.ee\/wp-content\/uploads\/2025\/03\/tencel-certified-150x49.png 150w, https:\/\/aztex.ee\/wp-content\/uploads\/2025\/03\/tencel-certified.png 516w\" sizes=\"auto, (max-width: 131px) 100vw, 131px\" \/><img loading=\"lazy\" decoding=\"async\" class=\"alignnone wp-image-63168\" src=\"https:\/\/aztex.ee\/wp-content\/uploads\/2025\/03\/oeko-tex-standard-100.png\" alt=\"\" width=\"130\" height=\"43\" srcset=\"https:\/\/aztex.ee\/wp-content\/uploads\/2025\/03\/oeko-tex-standard-100.png 200w, https:\/\/aztex.ee\/wp-content\/uploads\/2025\/03\/oeko-tex-standard-100-150x50.png 150w\" sizes=\"auto, (max-width: 130px) 100vw, 130px\" \/><\/p>\n<p>El juego de cama de Tencel se presenta en una bolsa hecha del mismo tejido Tencel, lo que a\u00f1ade elegancia extra al producto y lo hace a\u00fan m\u00e1s especial.<\/p>\n","protected":false},"featured_media":64412,"comment_status":"open","ping_status":"closed","template":"","meta":[],"product_brand":[],"product_cat":[506,4568,112,186],"product_tag":[],"class_list":{"0":"post-64384","1":"product","2":"type-product","3":"status-publish","4":"has-post-thumbnail","6":"product_cat-juegos-de-cama","7":"product_cat-juegos-de-cama-de-tencel","8":"product_cat-ropa-de-cama","9":"product_cat-ropa-de-cama-de-tencel","11":"first","12":"outofstock","13":"shipping-taxable","14":"purchasable","15":"product-type-simple"},"yoast_head":"<!-- This site is optimized with the Yoast SEO plugin v27.4 - https:\/\/yoast.com\/product\/yoast-seo-wordpress\/ -->\n<title>Juego de Cama Tencel - Verde claro | AZTEX<\/title>\n<meta name=\"description\" content=\"El lujoso juego de cama de 100% TENCEL\u2122 en color Verde claro es suave como la seda, transpirable y delicado con la piel. Su textura ligera y suave ...\" \/>\n<meta name=\"robots\" content=\"index, follow, max-snippet:-1, max-image-preview:large, max-video-preview:-1\" \/>\n<link rel=\"canonical\" href=\"https:\/\/aztex.ee\/es\/pood\/ropa-de-cama\/juego-de-cama-tencel-verde-claro\/\" \/>\n<meta property=\"og:locale\" content=\"es_ES\" \/>\n<meta property=\"og:type\" content=\"article\" \/>\n<meta property=\"og:title\" content=\"Juego de Cama Tencel - Verde claro | AZTEX\" \/>\n<meta property=\"og:description\" content=\"El lujoso juego de cama de 100% TENCEL\u2122 en color Verde claro es suave como la seda, transpirable y delicado con la piel. Su textura ligera y suave ...\" \/>\n<meta property=\"og:url\" content=\"https:\/\/aztex.ee\/es\/pood\/ropa-de-cama\/juego-de-cama-tencel-verde-claro\/\" \/>\n<meta property=\"og:site_name\" content=\"AZTEX\" \/>\n<meta property=\"article:publisher\" content=\"https:\/\/www.facebook.com\/AztexEE\" \/>\n<meta property=\"article:modified_time\" content=\"2025-03-09T19:51:08+00:00\" \/>\n<meta property=\"og:image\" content=\"https:\/\/aztex.ee\/wp-content\/uploads\/2025\/03\/Tencel-voodipesukomplekt-Heleroheline.jpg\" \/>\n\t<meta property=\"og:image:width\" content=\"800\" \/>\n\t<meta property=\"og:image:height\" content=\"800\" \/>\n\t<meta property=\"og:image:type\" content=\"image\/jpeg\" \/>\n<meta name=\"twitter:card\" content=\"summary_large_image\" \/>\n<meta name=\"twitter:label1\" content=\"Tiempo de lectura\" \/>\n\t<meta name=\"twitter:data1\" content=\"2 minutos\" \/>\n<script type=\"application\/ld+json\" class=\"yoast-schema-graph\">{\"@context\":\"https:\\\/\\\/schema.org\",\"@graph\":[{\"@type\":[\"WebPage\",\"ItemPage\"],\"@id\":\"https:\\\/\\\/aztex.ee\\\/es\\\/pood\\\/ropa-de-cama\\\/juego-de-cama-tencel-verde-claro\\\/\",\"url\":\"https:\\\/\\\/aztex.ee\\\/es\\\/pood\\\/ropa-de-cama\\\/juego-de-cama-tencel-verde-claro\\\/\",\"name\":\"Juego de Cama Tencel - Verde claro | AZTEX\",\"isPartOf\":{\"@id\":\"https:\\\/\\\/aztex.ee\\\/es\\\/#website\"},\"primaryImageOfPage\":{\"@id\":\"https:\\\/\\\/aztex.ee\\\/es\\\/pood\\\/ropa-de-cama\\\/juego-de-cama-tencel-verde-claro\\\/#primaryimage\"},\"image\":{\"@id\":\"https:\\\/\\\/aztex.ee\\\/es\\\/pood\\\/ropa-de-cama\\\/juego-de-cama-tencel-verde-claro\\\/#primaryimage\"},\"thumbnailUrl\":\"https:\\\/\\\/aztex.ee\\\/wp-content\\\/uploads\\\/2025\\\/03\\\/Tencel-voodipesukomplekt-Heleroheline.jpg\",\"datePublished\":\"2025-03-08T22:43:38+00:00\",\"dateModified\":\"2025-03-09T19:51:08+00:00\",\"description\":\"El lujoso juego de cama de 100% TENCEL\u2122 en color Verde claro es suave como la seda, transpirable y delicado con la piel. Su textura ligera y suave ...\",\"breadcrumb\":{\"@id\":\"https:\\\/\\\/aztex.ee\\\/es\\\/pood\\\/ropa-de-cama\\\/juego-de-cama-tencel-verde-claro\\\/#breadcrumb\"},\"inLanguage\":\"es\",\"potentialAction\":[{\"@type\":\"ReadAction\",\"target\":[\"https:\\\/\\\/aztex.ee\\\/es\\\/pood\\\/ropa-de-cama\\\/juego-de-cama-tencel-verde-claro\\\/\"]}]},{\"@type\":\"ImageObject\",\"inLanguage\":\"es\",\"@id\":\"https:\\\/\\\/aztex.ee\\\/es\\\/pood\\\/ropa-de-cama\\\/juego-de-cama-tencel-verde-claro\\\/#primaryimage\",\"url\":\"https:\\\/\\\/aztex.ee\\\/wp-content\\\/uploads\\\/2025\\\/03\\\/Tencel-voodipesukomplekt-Heleroheline.jpg\",\"contentUrl\":\"https:\\\/\\\/aztex.ee\\\/wp-content\\\/uploads\\\/2025\\\/03\\\/Tencel-voodipesukomplekt-Heleroheline.jpg\",\"width\":800,\"height\":800,\"caption\":\"Tencel voodipesukomplekt Heleroheline\"},{\"@type\":\"BreadcrumbList\",\"@id\":\"https:\\\/\\\/aztex.ee\\\/es\\\/pood\\\/ropa-de-cama\\\/juego-de-cama-tencel-verde-claro\\\/#breadcrumb\",\"itemListElement\":[{\"@type\":\"ListItem\",\"position\":1,\"name\":\"Inicio\",\"item\":\"https:\\\/\\\/aztex.ee\\\/es\\\/\"},{\"@type\":\"ListItem\",\"position\":2,\"name\":\"Tienda\",\"item\":\"https:\\\/\\\/aztex.ee\\\/es\\\/tienda\\\/\"},{\"@type\":\"ListItem\",\"position\":3,\"name\":\"Juego de Cama Tencel | Verde claro\"}]},{\"@type\":\"WebSite\",\"@id\":\"https:\\\/\\\/aztex.ee\\\/es\\\/#website\",\"url\":\"https:\\\/\\\/aztex.ee\\\/es\\\/\",\"name\":\"AZTEX\",\"description\":\"\",\"publisher\":{\"@id\":\"https:\\\/\\\/aztex.ee\\\/es\\\/#organization\"},\"potentialAction\":[{\"@type\":\"SearchAction\",\"target\":{\"@type\":\"EntryPoint\",\"urlTemplate\":\"https:\\\/\\\/aztex.ee\\\/es\\\/?s={search_term_string}\"},\"query-input\":{\"@type\":\"PropertyValueSpecification\",\"valueRequired\":true,\"valueName\":\"search_term_string\"}}],\"inLanguage\":\"es\"},{\"@type\":\"Organization\",\"@id\":\"https:\\\/\\\/aztex.ee\\\/es\\\/#organization\",\"name\":\"AZTEX\",\"url\":\"https:\\\/\\\/aztex.ee\\\/es\\\/\",\"logo\":{\"@type\":\"ImageObject\",\"inLanguage\":\"es\",\"@id\":\"https:\\\/\\\/aztex.ee\\\/es\\\/#\\\/schema\\\/logo\\\/image\\\/\",\"url\":\"https:\\\/\\\/aztex.ee\\\/wp-content\\\/uploads\\\/2026\\\/01\\\/AZTEX.png\",\"contentUrl\":\"https:\\\/\\\/aztex.ee\\\/wp-content\\\/uploads\\\/2026\\\/01\\\/AZTEX.png\",\"width\":500,\"height\":500,\"caption\":\"AZTEX\"},\"image\":{\"@id\":\"https:\\\/\\\/aztex.ee\\\/es\\\/#\\\/schema\\\/logo\\\/image\\\/\"},\"sameAs\":[\"https:\\\/\\\/www.facebook.com\\\/AztexEE\",\"https:\\\/\\\/www.instagram.com\\\/aztexeesti\\\/\",\"https:\\\/\\\/www.youtube.com\\\/@AZTEXEE\",\"https:\\\/\\\/www.pinterest.com\\\/aztex_eesti\\\/\",\"https:\\\/\\\/www.tiktok.com\\\/@aztexeesti\",\"https:\\\/\\\/www.trustpilot.com\\\/review\\\/aztex.ee\",\"https:\\\/\\\/www.linkedin.com\\\/company\\\/aztex-ee\\\/\",\"https:\\\/\\\/www.wikidata.org\\\/wiki\\\/Q137560182\"]}]}<\/script>\n<!-- \/ Yoast SEO plugin. -->","yoast_head_json":{"title":"Juego de Cama Tencel - Verde claro | AZTEX","description":"El lujoso juego de cama de 100% TENCEL\u2122 en color Verde claro es suave como la seda, transpirable y delicado con la piel. Su textura ligera y suave ...","robots":{"index":"index","follow":"follow","max-snippet":"max-snippet:-1","max-image-preview":"max-image-preview:large","max-video-preview":"max-video-preview:-1"},"canonical":"https:\/\/aztex.ee\/es\/pood\/ropa-de-cama\/juego-de-cama-tencel-verde-claro\/","og_locale":"es_ES","og_type":"article","og_title":"Juego de Cama Tencel - Verde claro | AZTEX","og_description":"El lujoso juego de cama de 100% TENCEL\u2122 en color Verde claro es suave como la seda, transpirable y delicado con la piel. Su textura ligera y suave ...","og_url":"https:\/\/aztex.ee\/es\/pood\/ropa-de-cama\/juego-de-cama-tencel-verde-claro\/","og_site_name":"AZTEX","article_publisher":"https:\/\/www.facebook.com\/AztexEE","article_modified_time":"2025-03-09T19:51:08+00:00","og_image":[{"width":800,"height":800,"url":"https:\/\/aztex.ee\/wp-content\/uploads\/2025\/03\/Tencel-voodipesukomplekt-Heleroheline.jpg","type":"image\/jpeg"}],"twitter_card":"summary_large_image","twitter_misc":{"Tiempo de lectura":"2 minutos"},"schema":{"@context":"https:\/\/schema.org","@graph":[{"@type":["WebPage","ItemPage"],"@id":"https:\/\/aztex.ee\/es\/pood\/ropa-de-cama\/juego-de-cama-tencel-verde-claro\/","url":"https:\/\/aztex.ee\/es\/pood\/ropa-de-cama\/juego-de-cama-tencel-verde-claro\/","name":"Juego de Cama Tencel - Verde claro | AZTEX","isPartOf":{"@id":"https:\/\/aztex.ee\/es\/#website"},"primaryImageOfPage":{"@id":"https:\/\/aztex.ee\/es\/pood\/ropa-de-cama\/juego-de-cama-tencel-verde-claro\/#primaryimage"},"image":{"@id":"https:\/\/aztex.ee\/es\/pood\/ropa-de-cama\/juego-de-cama-tencel-verde-claro\/#primaryimage"},"thumbnailUrl":"https:\/\/aztex.ee\/wp-content\/uploads\/2025\/03\/Tencel-voodipesukomplekt-Heleroheline.jpg","datePublished":"2025-03-08T22:43:38+00:00","dateModified":"2025-03-09T19:51:08+00:00","description":"El lujoso juego de cama de 100% TENCEL\u2122 en color Verde claro es suave como la seda, transpirable y delicado con la piel. Su textura ligera y suave ...","breadcrumb":{"@id":"https:\/\/aztex.ee\/es\/pood\/ropa-de-cama\/juego-de-cama-tencel-verde-claro\/#breadcrumb"},"inLanguage":"es","potentialAction":[{"@type":"ReadAction","target":["https:\/\/aztex.ee\/es\/pood\/ropa-de-cama\/juego-de-cama-tencel-verde-claro\/"]}]},{"@type":"ImageObject","inLanguage":"es","@id":"https:\/\/aztex.ee\/es\/pood\/ropa-de-cama\/juego-de-cama-tencel-verde-claro\/#primaryimage","url":"https:\/\/aztex.ee\/wp-content\/uploads\/2025\/03\/Tencel-voodipesukomplekt-Heleroheline.jpg","contentUrl":"https:\/\/aztex.ee\/wp-content\/uploads\/2025\/03\/Tencel-voodipesukomplekt-Heleroheline.jpg","width":800,"height":800,"caption":"Tencel voodipesukomplekt Heleroheline"},{"@type":"BreadcrumbList","@id":"https:\/\/aztex.ee\/es\/pood\/ropa-de-cama\/juego-de-cama-tencel-verde-claro\/#breadcrumb","itemListElement":[{"@type":"ListItem","position":1,"name":"Inicio","item":"https:\/\/aztex.ee\/es\/"},{"@type":"ListItem","position":2,"name":"Tienda","item":"https:\/\/aztex.ee\/es\/tienda\/"},{"@type":"ListItem","position":3,"name":"Juego de Cama Tencel | Verde claro"}]},{"@type":"WebSite","@id":"https:\/\/aztex.ee\/es\/#website","url":"https:\/\/aztex.ee\/es\/","name":"AZTEX","description":"","publisher":{"@id":"https:\/\/aztex.ee\/es\/#organization"},"potentialAction":[{"@type":"SearchAction","target":{"@type":"EntryPoint","urlTemplate":"https:\/\/aztex.ee\/es\/?s={search_term_string}"},"query-input":{"@type":"PropertyValueSpecification","valueRequired":true,"valueName":"search_term_string"}}],"inLanguage":"es"},{"@type":"Organization","@id":"https:\/\/aztex.ee\/es\/#organization","name":"AZTEX","url":"https:\/\/aztex.ee\/es\/","logo":{"@type":"ImageObject","inLanguage":"es","@id":"https:\/\/aztex.ee\/es\/#\/schema\/logo\/image\/","url":"https:\/\/aztex.ee\/wp-content\/uploads\/2026\/01\/AZTEX.png","contentUrl":"https:\/\/aztex.ee\/wp-content\/uploads\/2026\/01\/AZTEX.png","width":500,"height":500,"caption":"AZTEX"},"image":{"@id":"https:\/\/aztex.ee\/es\/#\/schema\/logo\/image\/"},"sameAs":["https:\/\/www.facebook.com\/AztexEE","https:\/\/www.instagram.com\/aztexeesti\/","https:\/\/www.youtube.com\/@AZTEXEE","https:\/\/www.pinterest.com\/aztex_eesti\/","https:\/\/www.tiktok.com\/@aztexeesti","https:\/\/www.trustpilot.com\/review\/aztex.ee","https:\/\/www.linkedin.com\/company\/aztex-ee\/","https:\/\/www.wikidata.org\/wiki\/Q137560182"]}]}},"_links":{"self":[{"href":"https:\/\/aztex.ee\/es\/wp-json\/wp\/v2\/product\/64384","targetHints":{"allow":["GET"]}}],"collection":[{"href":"https:\/\/aztex.ee\/es\/wp-json\/wp\/v2\/product"}],"about":[{"href":"https:\/\/aztex.ee\/es\/wp-json\/wp\/v2\/types\/product"}],"replies":[{"embeddable":true,"href":"https:\/\/aztex.ee\/es\/wp-json\/wp\/v2\/comments?post=64384"}],"version-history":[{"count":0,"href":"https:\/\/aztex.ee\/es\/wp-json\/wp\/v2\/product\/64384\/revisions"}],"wp:featuredmedia":[{"embeddable":true,"href":"https:\/\/aztex.ee\/es\/wp-json\/wp\/v2\/media\/64412"}],"wp:attachment":[{"href":"https:\/\/aztex.ee\/es\/wp-json\/wp\/v2\/media?parent=64384"}],"wp:term":[{"taxonomy":"product_brand","embeddable":true,"href":"https:\/\/aztex.ee\/es\/wp-json\/wp\/v2\/product_brand?post=64384"},{"taxonomy":"product_cat","embeddable":true,"href":"https:\/\/aztex.ee\/es\/wp-json\/wp\/v2\/product_cat?post=64384"},{"taxonomy":"product_tag","embeddable":true,"href":"https:\/\/aztex.ee\/es\/wp-json\/wp\/v2\/product_tag?post=64384"}],"curies":[{"name":"wp","href":"https:\/\/api.w.org\/{rel}","templated":true}]}}