{"id":61045,"date":"2025-02-26T10:54:14","date_gmt":"2025-02-26T10:54:14","guid":{"rendered":"https:\/\/aztex.ee\/?post_type=product&#038;p=61045"},"modified":"2026-04-30T16:47:06","modified_gmt":"2026-04-30T16:47:06","slug":"manta-sherpa","status":"publish","type":"product","link":"https:\/\/aztex.ee\/es\/pood\/mantas-y-plaids\/manta-sherpa\/","title":{"rendered":"Manta sherpa 180&#215;200 cm"},"content":{"rendered":"<p><strong>Manta de vell\u00f3n Sherpa 180\u00d7200 cm \u2013 Suavidad y comodidad para cada momento<\/strong><\/p>\n<p>La manta de vell\u00f3n Sherpa 180\u00d7200 cm ofrece una suavidad y calidez excepcionales, haciendo que la vida cotidiana sea mucho m\u00e1s c\u00f3moda. Su textura esponjosa y su material suave crean la comodidad perfecta para disfrutar de momentos de relax. La manta es perfecta tanto para el dormitorio como para el sal\u00f3n, proporcionando una experiencia c\u00e1lida y c\u00f3moda en todas las condiciones.<\/p>\n<p><strong>Estilo y funcionalidad<\/strong><br \/>\nLa manta de vell\u00f3n Sherpa se puede utilizar como un elegante complemento para el interior o como una manta pr\u00e1ctica, ofreciendo el equilibrio perfecto entre estilo y comodidad. La manta tiene un aspecto cl\u00e1sico y elegante que se adapta a cualquier dise\u00f1o de interiores.<\/p>\n<p><strong>Vers\u00e1til y pr\u00e1ctica<\/strong><br \/>\nLa manta de vell\u00f3n Sherpa es una gran opci\u00f3n para el uso diario, ya que es lo suficientemente grande como para cubrir la cama o utilizarla en el sof\u00e1. Las mantas de vell\u00f3n Sherpa son f\u00e1ciles de cuidar y conservan su suavidad incluso despu\u00e9s de varios lavados, lo que las convierte en una opci\u00f3n pr\u00e1ctica para el uso diario.<\/p>\n<p><strong>La elecci\u00f3n perfecta para regalar<\/strong><br \/>\nSi buscas el regalo perfecto para tus seres queridos, una manta de vell\u00f3n Sherpa es una gran opci\u00f3n. Su lujosa suavidad y practicidad la convierten en el regalo perfecto para cualquier ocasi\u00f3n, ya sea un cumplea\u00f1os o simplemente una agradable sorpresa.<\/p>\n","protected":false},"excerpt":{"rendered":"<ul>\n<li>Material: Vell\u00f3n de coral<\/li>\n<li>Tama\u00f1o: 180&#215;200 cm \u00b13<\/li>\n<li>Peso: 1,4 kg<\/li>\n<\/ul>\n","protected":false},"featured_media":61100,"comment_status":"open","ping_status":"closed","template":"","meta":[],"product_brand":[],"product_cat":[4479,4509,1878],"product_tag":[],"class_list":{"0":"post-61045","1":"product","2":"type-product","3":"status-publish","4":"has-post-thumbnail","6":"product_cat-mantas-de-vellon-sherpa","7":"product_cat-mantas-de-vellon-sherpa-180x200-cm","8":"product_cat-mantas-y-plaids","10":"first","11":"instock","12":"shipping-taxable","13":"purchasable","14":"product-type-variable"},"yoast_head":"<!-- This site is optimized with the Yoast SEO plugin v27.6 - https:\/\/yoast.com\/product\/yoast-seo-wordpress\/ -->\n<title>Manta sherpa 180x200 cm | AZTEX<\/title>\n<meta name=\"description\" content=\"La manta de vell\u00f3n Sherpa de 180 x 200 cm es excepcionalmente suave, agradablemente c\u00e1lida y mullida. Un elemento de interior elegante y pr\u00e1ctico que\" \/>\n<meta name=\"robots\" content=\"index, follow, max-snippet:-1, max-image-preview:large, max-video-preview:-1\" \/>\n<link rel=\"canonical\" href=\"https:\/\/aztex.ee\/es\/pood\/mantas-y-plaids\/manta-sherpa\/\" \/>\n<meta property=\"og:locale\" content=\"es_ES\" \/>\n<meta property=\"og:type\" content=\"article\" \/>\n<meta property=\"og:title\" content=\"Manta sherpa 180x200 cm | AZTEX\" \/>\n<meta property=\"og:description\" content=\"La manta de vell\u00f3n Sherpa de 180 x 200 cm es excepcionalmente suave, agradablemente c\u00e1lida y mullida. Un elemento de interior elegante y pr\u00e1ctico que\" \/>\n<meta property=\"og:url\" content=\"https:\/\/aztex.ee\/es\/pood\/mantas-y-plaids\/manta-sherpa\/\" \/>\n<meta property=\"og:site_name\" content=\"AZTEX\" \/>\n<meta property=\"article:publisher\" content=\"https:\/\/www.facebook.com\/AztexEE\" \/>\n<meta property=\"article:modified_time\" content=\"2026-04-30T16:47:06+00:00\" \/>\n<meta property=\"og:image\" content=\"https:\/\/aztex.ee\/wp-content\/uploads\/2025\/02\/Sherpa-fliis-tekk-180x200-1.jpg\" \/>\n\t<meta property=\"og:image:width\" content=\"800\" \/>\n\t<meta property=\"og:image:height\" content=\"800\" \/>\n\t<meta property=\"og:image:type\" content=\"image\/jpeg\" \/>\n<meta name=\"twitter:card\" content=\"summary_large_image\" \/>\n<meta name=\"twitter:label1\" content=\"Tiempo de lectura\" \/>\n\t<meta name=\"twitter:data1\" content=\"2 minutos\" \/>\n<script type=\"application\/ld+json\" class=\"yoast-schema-graph\">{\"@context\":\"https:\\\/\\\/schema.org\",\"@graph\":[{\"@type\":[\"WebPage\",\"ItemPage\"],\"@id\":\"https:\\\/\\\/aztex.ee\\\/es\\\/pood\\\/mantas-y-plaids\\\/manta-sherpa\\\/\",\"url\":\"https:\\\/\\\/aztex.ee\\\/es\\\/pood\\\/mantas-y-plaids\\\/manta-sherpa\\\/\",\"name\":\"Manta sherpa 180x200 cm | AZTEX\",\"isPartOf\":{\"@id\":\"https:\\\/\\\/aztex.ee\\\/es\\\/#website\"},\"primaryImageOfPage\":{\"@id\":\"https:\\\/\\\/aztex.ee\\\/es\\\/pood\\\/mantas-y-plaids\\\/manta-sherpa\\\/#primaryimage\"},\"image\":{\"@id\":\"https:\\\/\\\/aztex.ee\\\/es\\\/pood\\\/mantas-y-plaids\\\/manta-sherpa\\\/#primaryimage\"},\"thumbnailUrl\":\"https:\\\/\\\/aztex.ee\\\/wp-content\\\/uploads\\\/2025\\\/02\\\/Sherpa-fliis-tekk-180x200-1.jpg\",\"datePublished\":\"2025-02-26T10:54:14+00:00\",\"dateModified\":\"2026-04-30T16:47:06+00:00\",\"description\":\"La manta de vell\u00f3n Sherpa de 180 x 200 cm es excepcionalmente suave, agradablemente c\u00e1lida y mullida. Un elemento de interior elegante y pr\u00e1ctico que\",\"breadcrumb\":{\"@id\":\"https:\\\/\\\/aztex.ee\\\/es\\\/pood\\\/mantas-y-plaids\\\/manta-sherpa\\\/#breadcrumb\"},\"inLanguage\":\"es\",\"potentialAction\":[{\"@type\":\"ReadAction\",\"target\":[\"https:\\\/\\\/aztex.ee\\\/es\\\/pood\\\/mantas-y-plaids\\\/manta-sherpa\\\/\"]}]},{\"@type\":\"ImageObject\",\"inLanguage\":\"es\",\"@id\":\"https:\\\/\\\/aztex.ee\\\/es\\\/pood\\\/mantas-y-plaids\\\/manta-sherpa\\\/#primaryimage\",\"url\":\"https:\\\/\\\/aztex.ee\\\/wp-content\\\/uploads\\\/2025\\\/02\\\/Sherpa-fliis-tekk-180x200-1.jpg\",\"contentUrl\":\"https:\\\/\\\/aztex.ee\\\/wp-content\\\/uploads\\\/2025\\\/02\\\/Sherpa-fliis-tekk-180x200-1.jpg\",\"width\":800,\"height\":800,\"caption\":\"Sherpa fliis tekk 180x200\"},{\"@type\":\"BreadcrumbList\",\"@id\":\"https:\\\/\\\/aztex.ee\\\/es\\\/pood\\\/mantas-y-plaids\\\/manta-sherpa\\\/#breadcrumb\",\"itemListElement\":[{\"@type\":\"ListItem\",\"position\":1,\"name\":\"Inicio\",\"item\":\"https:\\\/\\\/aztex.ee\\\/es\\\/\"},{\"@type\":\"ListItem\",\"position\":2,\"name\":\"Tienda\",\"item\":\"https:\\\/\\\/aztex.ee\\\/es\\\/tienda\\\/\"},{\"@type\":\"ListItem\",\"position\":3,\"name\":\"Manta sherpa 180&#215;200 cm\"}]},{\"@type\":\"WebSite\",\"@id\":\"https:\\\/\\\/aztex.ee\\\/es\\\/#website\",\"url\":\"https:\\\/\\\/aztex.ee\\\/es\\\/\",\"name\":\"AZTEX\",\"description\":\"\",\"publisher\":{\"@id\":\"https:\\\/\\\/aztex.ee\\\/es\\\/#organization\"},\"potentialAction\":[{\"@type\":\"SearchAction\",\"target\":{\"@type\":\"EntryPoint\",\"urlTemplate\":\"https:\\\/\\\/aztex.ee\\\/es\\\/?s={search_term_string}\"},\"query-input\":{\"@type\":\"PropertyValueSpecification\",\"valueRequired\":true,\"valueName\":\"search_term_string\"}}],\"inLanguage\":\"es\"},{\"@type\":\"Organization\",\"@id\":\"https:\\\/\\\/aztex.ee\\\/es\\\/#organization\",\"name\":\"AZTEX\",\"url\":\"https:\\\/\\\/aztex.ee\\\/es\\\/\",\"logo\":{\"@type\":\"ImageObject\",\"inLanguage\":\"es\",\"@id\":\"https:\\\/\\\/aztex.ee\\\/es\\\/#\\\/schema\\\/logo\\\/image\\\/\",\"url\":\"https:\\\/\\\/aztex.ee\\\/wp-content\\\/uploads\\\/2026\\\/01\\\/AZTEX.png\",\"contentUrl\":\"https:\\\/\\\/aztex.ee\\\/wp-content\\\/uploads\\\/2026\\\/01\\\/AZTEX.png\",\"width\":500,\"height\":500,\"caption\":\"AZTEX\"},\"image\":{\"@id\":\"https:\\\/\\\/aztex.ee\\\/es\\\/#\\\/schema\\\/logo\\\/image\\\/\"},\"sameAs\":[\"https:\\\/\\\/www.facebook.com\\\/AztexEE\",\"https:\\\/\\\/www.instagram.com\\\/aztexeesti\\\/\",\"https:\\\/\\\/www.youtube.com\\\/@AZTEXEE\",\"https:\\\/\\\/www.pinterest.com\\\/aztex_eesti\\\/\",\"https:\\\/\\\/www.tiktok.com\\\/@aztexeesti\",\"https:\\\/\\\/www.trustpilot.com\\\/review\\\/aztex.ee\",\"https:\\\/\\\/www.linkedin.com\\\/company\\\/aztex-ee\\\/\",\"https:\\\/\\\/www.wikidata.org\\\/wiki\\\/Q137560182\"]}]}<\/script>\n<!-- \/ Yoast SEO plugin. -->","yoast_head_json":{"title":"Manta sherpa 180x200 cm | AZTEX","description":"La manta de vell\u00f3n Sherpa de 180 x 200 cm es excepcionalmente suave, agradablemente c\u00e1lida y mullida. Un elemento de interior elegante y pr\u00e1ctico que","robots":{"index":"index","follow":"follow","max-snippet":"max-snippet:-1","max-image-preview":"max-image-preview:large","max-video-preview":"max-video-preview:-1"},"canonical":"https:\/\/aztex.ee\/es\/pood\/mantas-y-plaids\/manta-sherpa\/","og_locale":"es_ES","og_type":"article","og_title":"Manta sherpa 180x200 cm | AZTEX","og_description":"La manta de vell\u00f3n Sherpa de 180 x 200 cm es excepcionalmente suave, agradablemente c\u00e1lida y mullida. Un elemento de interior elegante y pr\u00e1ctico que","og_url":"https:\/\/aztex.ee\/es\/pood\/mantas-y-plaids\/manta-sherpa\/","og_site_name":"AZTEX","article_publisher":"https:\/\/www.facebook.com\/AztexEE","article_modified_time":"2026-04-30T16:47:06+00:00","og_image":[{"width":800,"height":800,"url":"https:\/\/aztex.ee\/wp-content\/uploads\/2025\/02\/Sherpa-fliis-tekk-180x200-1.jpg","type":"image\/jpeg"}],"twitter_card":"summary_large_image","twitter_misc":{"Tiempo de lectura":"2 minutos"},"schema":{"@context":"https:\/\/schema.org","@graph":[{"@type":["WebPage","ItemPage"],"@id":"https:\/\/aztex.ee\/es\/pood\/mantas-y-plaids\/manta-sherpa\/","url":"https:\/\/aztex.ee\/es\/pood\/mantas-y-plaids\/manta-sherpa\/","name":"Manta sherpa 180x200 cm | AZTEX","isPartOf":{"@id":"https:\/\/aztex.ee\/es\/#website"},"primaryImageOfPage":{"@id":"https:\/\/aztex.ee\/es\/pood\/mantas-y-plaids\/manta-sherpa\/#primaryimage"},"image":{"@id":"https:\/\/aztex.ee\/es\/pood\/mantas-y-plaids\/manta-sherpa\/#primaryimage"},"thumbnailUrl":"https:\/\/aztex.ee\/wp-content\/uploads\/2025\/02\/Sherpa-fliis-tekk-180x200-1.jpg","datePublished":"2025-02-26T10:54:14+00:00","dateModified":"2026-04-30T16:47:06+00:00","description":"La manta de vell\u00f3n Sherpa de 180 x 200 cm es excepcionalmente suave, agradablemente c\u00e1lida y mullida. Un elemento de interior elegante y pr\u00e1ctico que","breadcrumb":{"@id":"https:\/\/aztex.ee\/es\/pood\/mantas-y-plaids\/manta-sherpa\/#breadcrumb"},"inLanguage":"es","potentialAction":[{"@type":"ReadAction","target":["https:\/\/aztex.ee\/es\/pood\/mantas-y-plaids\/manta-sherpa\/"]}]},{"@type":"ImageObject","inLanguage":"es","@id":"https:\/\/aztex.ee\/es\/pood\/mantas-y-plaids\/manta-sherpa\/#primaryimage","url":"https:\/\/aztex.ee\/wp-content\/uploads\/2025\/02\/Sherpa-fliis-tekk-180x200-1.jpg","contentUrl":"https:\/\/aztex.ee\/wp-content\/uploads\/2025\/02\/Sherpa-fliis-tekk-180x200-1.jpg","width":800,"height":800,"caption":"Sherpa fliis tekk 180x200"},{"@type":"BreadcrumbList","@id":"https:\/\/aztex.ee\/es\/pood\/mantas-y-plaids\/manta-sherpa\/#breadcrumb","itemListElement":[{"@type":"ListItem","position":1,"name":"Inicio","item":"https:\/\/aztex.ee\/es\/"},{"@type":"ListItem","position":2,"name":"Tienda","item":"https:\/\/aztex.ee\/es\/tienda\/"},{"@type":"ListItem","position":3,"name":"Manta sherpa 180&#215;200 cm"}]},{"@type":"WebSite","@id":"https:\/\/aztex.ee\/es\/#website","url":"https:\/\/aztex.ee\/es\/","name":"AZTEX","description":"","publisher":{"@id":"https:\/\/aztex.ee\/es\/#organization"},"potentialAction":[{"@type":"SearchAction","target":{"@type":"EntryPoint","urlTemplate":"https:\/\/aztex.ee\/es\/?s={search_term_string}"},"query-input":{"@type":"PropertyValueSpecification","valueRequired":true,"valueName":"search_term_string"}}],"inLanguage":"es"},{"@type":"Organization","@id":"https:\/\/aztex.ee\/es\/#organization","name":"AZTEX","url":"https:\/\/aztex.ee\/es\/","logo":{"@type":"ImageObject","inLanguage":"es","@id":"https:\/\/aztex.ee\/es\/#\/schema\/logo\/image\/","url":"https:\/\/aztex.ee\/wp-content\/uploads\/2026\/01\/AZTEX.png","contentUrl":"https:\/\/aztex.ee\/wp-content\/uploads\/2026\/01\/AZTEX.png","width":500,"height":500,"caption":"AZTEX"},"image":{"@id":"https:\/\/aztex.ee\/es\/#\/schema\/logo\/image\/"},"sameAs":["https:\/\/www.facebook.com\/AztexEE","https:\/\/www.instagram.com\/aztexeesti\/","https:\/\/www.youtube.com\/@AZTEXEE","https:\/\/www.pinterest.com\/aztex_eesti\/","https:\/\/www.tiktok.com\/@aztexeesti","https:\/\/www.trustpilot.com\/review\/aztex.ee","https:\/\/www.linkedin.com\/company\/aztex-ee\/","https:\/\/www.wikidata.org\/wiki\/Q137560182"]}]}},"_links":{"self":[{"href":"https:\/\/aztex.ee\/es\/wp-json\/wp\/v2\/product\/61045","targetHints":{"allow":["GET"]}}],"collection":[{"href":"https:\/\/aztex.ee\/es\/wp-json\/wp\/v2\/product"}],"about":[{"href":"https:\/\/aztex.ee\/es\/wp-json\/wp\/v2\/types\/product"}],"replies":[{"embeddable":true,"href":"https:\/\/aztex.ee\/es\/wp-json\/wp\/v2\/comments?post=61045"}],"version-history":[{"count":0,"href":"https:\/\/aztex.ee\/es\/wp-json\/wp\/v2\/product\/61045\/revisions"}],"wp:featuredmedia":[{"embeddable":true,"href":"https:\/\/aztex.ee\/es\/wp-json\/wp\/v2\/media\/61100"}],"wp:attachment":[{"href":"https:\/\/aztex.ee\/es\/wp-json\/wp\/v2\/media?parent=61045"}],"wp:term":[{"taxonomy":"product_brand","embeddable":true,"href":"https:\/\/aztex.ee\/es\/wp-json\/wp\/v2\/product_brand?post=61045"},{"taxonomy":"product_cat","embeddable":true,"href":"https:\/\/aztex.ee\/es\/wp-json\/wp\/v2\/product_cat?post=61045"},{"taxonomy":"product_tag","embeddable":true,"href":"https:\/\/aztex.ee\/es\/wp-json\/wp\/v2\/product_tag?post=61045"}],"curies":[{"name":"wp","href":"https:\/\/api.w.org\/{rel}","templated":true}]}}