{"id":55290,"date":"2025-02-13T18:53:53","date_gmt":"2025-02-13T18:53:53","guid":{"rendered":"https:\/\/aztex.ee\/?post_type=product&#038;p=55290"},"modified":"2026-03-29T18:06:29","modified_gmt":"2026-03-29T18:06:29","slug":"manta-de-vellon-suave-180x200-cm","status":"publish","type":"product","link":"https:\/\/aztex.ee\/es\/pood\/mantas-y-plaids\/manta-de-vellon-suave-180x200-cm\/","title":{"rendered":"Manta de vell\u00f3n suave 180&#215;200 cm"},"content":{"rendered":"<p><strong>Manta polar suave y c\u00e1lida de 180\u00d7200 cm: comodidad para todos los d\u00edas<\/strong><\/p>\n<p>\u00a1Disfruta de la m\u00e1xima comodidad con una manta polar suave y de alta calidad! La manta grande de 180\u00d7200 cm es perfecta tanto para la cama como para el sof\u00e1, y proporciona calidez y comodidad en cualquier \u00e9poca del a\u00f1o. Su material ligero, transpirable y duradero hace que cada momento de descanso sea a\u00fan m\u00e1s agradable.<\/p>\n<p><strong>Material duradero y de alta calidad<\/strong><br \/>\nEl material polar garantiza el equilibrio perfecto entre calidez y movimiento del aire. La manta es ligera pero c\u00e1lida, y proporciona comodidad incluso en las noches m\u00e1s fr\u00edas. El tejido duradero conserva su forma y color incluso despu\u00e9s de varios lavados, lo que la convierte en una opci\u00f3n duradera.<\/p>\n<p><strong>F\u00e1cil cuidado y practicidad<\/strong><br \/>\nLa manta polar est\u00e1 dise\u00f1ada para el uso diario y es f\u00e1cil de cuidar. El material lavable a m\u00e1quina no pierde su suavidad ni su color incluso despu\u00e9s de varios lavados. Adem\u00e1s, la manta se seca r\u00e1pidamente, lo que la hace ideal para quienes valoran la practicidad y la comodidad.<\/p>\n<p><strong>Uso vers\u00e1til<\/strong><br \/>\nLa manta es perfecta tanto para la cama como para el sof\u00e1, ya que proporciona calidez y suavidad adicionales. Gracias a su ligereza, es una gran compa\u00f1era para viajes, campamentos y picnics: es f\u00e1cil de doblar y llevar contigo. En las noches frescas, la manta tambi\u00e9n proporciona calidez mientras te sientas en la terraza o el balc\u00f3n.<\/p>\n<p><strong>Gran idea de regalo<\/strong><br \/>\nUna manta de vell\u00f3n es el regalo perfecto para los seres queridos a quienes les gusta disfrutar de la comodidad y la calidez. Su material suave y lujoso la convierte en una compa\u00f1era adorada en todos los hogares.<\/p>\n<p>\u00a1Agrega m\u00e1s comodidad y calidez a tu vida con esta suave manta de vell\u00f3n y disfruta de momentos acogedores en cualquier \u00e9poca del a\u00f1o!<\/p>\n","protected":false},"excerpt":{"rendered":"<ul>\n<li>Material: Vell\u00f3n de coral<\/li>\n<li>Tama\u00f1o: 180&#215;200 cm \u00b13<\/li>\n<li>Peso: 1,2 kg<\/li>\n<\/ul>\n","protected":false},"featured_media":55368,"comment_status":"open","ping_status":"closed","template":"","meta":[],"product_brand":[],"product_cat":[3143,3456,1878],"product_tag":[],"class_list":{"0":"post-55290","1":"product","2":"type-product","3":"status-publish","4":"has-post-thumbnail","6":"product_cat-mantas-de-vellon","7":"product_cat-mantas-de-vellon-180x200-cm","8":"product_cat-mantas-y-plaids","10":"first","11":"instock","12":"shipping-taxable","13":"purchasable","14":"product-type-variable"},"yoast_head":"<!-- This site is optimized with the Yoast SEO plugin v27.4 - https:\/\/yoast.com\/product\/yoast-seo-wordpress\/ -->\n<title>Manta de vell\u00f3n suave 180x200 cm | AZTEX<\/title>\n<meta name=\"description\" content=\"C\u00f3moda y c\u00e1lida manta polar en tama\u00f1o 180x200 cm. Ideal para uso diario, ofrece una agradable suavidad sobre la piel que crea una buena sensaci\u00f3n.\" \/>\n<meta name=\"robots\" content=\"index, follow, max-snippet:-1, max-image-preview:large, max-video-preview:-1\" \/>\n<link rel=\"canonical\" href=\"https:\/\/aztex.ee\/es\/pood\/mantas-y-plaids\/manta-de-vellon-suave-180x200-cm\/\" \/>\n<meta property=\"og:locale\" content=\"es_ES\" \/>\n<meta property=\"og:type\" content=\"article\" \/>\n<meta property=\"og:title\" content=\"Manta de vell\u00f3n suave 180x200 cm | AZTEX\" \/>\n<meta property=\"og:description\" content=\"C\u00f3moda y c\u00e1lida manta polar en tama\u00f1o 180x200 cm. Ideal para uso diario, ofrece una agradable suavidad sobre la piel que crea una buena sensaci\u00f3n.\" \/>\n<meta property=\"og:url\" content=\"https:\/\/aztex.ee\/es\/pood\/mantas-y-plaids\/manta-de-vellon-suave-180x200-cm\/\" \/>\n<meta property=\"og:site_name\" content=\"AZTEX\" \/>\n<meta property=\"article:publisher\" content=\"https:\/\/www.facebook.com\/AztexEE\" \/>\n<meta property=\"article:modified_time\" content=\"2026-03-29T18:06:29+00:00\" \/>\n<meta property=\"og:image\" content=\"https:\/\/aztex.ee\/wp-content\/uploads\/2025\/02\/Pehme-fliistekk-180\u00d7200-cm.jpg\" \/>\n\t<meta property=\"og:image:width\" content=\"800\" \/>\n\t<meta property=\"og:image:height\" content=\"800\" \/>\n\t<meta property=\"og:image:type\" content=\"image\/jpeg\" \/>\n<meta name=\"twitter:card\" content=\"summary_large_image\" \/>\n<meta name=\"twitter:label1\" content=\"Tiempo de lectura\" \/>\n\t<meta name=\"twitter:data1\" content=\"2 minutos\" \/>\n<script type=\"application\/ld+json\" class=\"yoast-schema-graph\">{\"@context\":\"https:\\\/\\\/schema.org\",\"@graph\":[{\"@type\":[\"WebPage\",\"ItemPage\"],\"@id\":\"https:\\\/\\\/aztex.ee\\\/es\\\/pood\\\/mantas-y-plaids\\\/manta-de-vellon-suave-180x200-cm\\\/\",\"url\":\"https:\\\/\\\/aztex.ee\\\/es\\\/pood\\\/mantas-y-plaids\\\/manta-de-vellon-suave-180x200-cm\\\/\",\"name\":\"Manta de vell\u00f3n suave 180x200 cm | AZTEX\",\"isPartOf\":{\"@id\":\"https:\\\/\\\/aztex.ee\\\/es\\\/#website\"},\"primaryImageOfPage\":{\"@id\":\"https:\\\/\\\/aztex.ee\\\/es\\\/pood\\\/mantas-y-plaids\\\/manta-de-vellon-suave-180x200-cm\\\/#primaryimage\"},\"image\":{\"@id\":\"https:\\\/\\\/aztex.ee\\\/es\\\/pood\\\/mantas-y-plaids\\\/manta-de-vellon-suave-180x200-cm\\\/#primaryimage\"},\"thumbnailUrl\":\"https:\\\/\\\/aztex.ee\\\/wp-content\\\/uploads\\\/2025\\\/02\\\/Pehme-fliistekk-180\u00d7200-cm.jpg\",\"datePublished\":\"2025-02-13T18:53:53+00:00\",\"dateModified\":\"2026-03-29T18:06:29+00:00\",\"description\":\"C\u00f3moda y c\u00e1lida manta polar en tama\u00f1o 180x200 cm. Ideal para uso diario, ofrece una agradable suavidad sobre la piel que crea una buena sensaci\u00f3n.\",\"breadcrumb\":{\"@id\":\"https:\\\/\\\/aztex.ee\\\/es\\\/pood\\\/mantas-y-plaids\\\/manta-de-vellon-suave-180x200-cm\\\/#breadcrumb\"},\"inLanguage\":\"es\",\"potentialAction\":[{\"@type\":\"ReadAction\",\"target\":[\"https:\\\/\\\/aztex.ee\\\/es\\\/pood\\\/mantas-y-plaids\\\/manta-de-vellon-suave-180x200-cm\\\/\"]}]},{\"@type\":\"ImageObject\",\"inLanguage\":\"es\",\"@id\":\"https:\\\/\\\/aztex.ee\\\/es\\\/pood\\\/mantas-y-plaids\\\/manta-de-vellon-suave-180x200-cm\\\/#primaryimage\",\"url\":\"https:\\\/\\\/aztex.ee\\\/wp-content\\\/uploads\\\/2025\\\/02\\\/Pehme-fliistekk-180\u00d7200-cm.jpg\",\"contentUrl\":\"https:\\\/\\\/aztex.ee\\\/wp-content\\\/uploads\\\/2025\\\/02\\\/Pehme-fliistekk-180\u00d7200-cm.jpg\",\"width\":800,\"height\":800,\"caption\":\"Pehme fliistekk 180\u00d7200 cm\"},{\"@type\":\"BreadcrumbList\",\"@id\":\"https:\\\/\\\/aztex.ee\\\/es\\\/pood\\\/mantas-y-plaids\\\/manta-de-vellon-suave-180x200-cm\\\/#breadcrumb\",\"itemListElement\":[{\"@type\":\"ListItem\",\"position\":1,\"name\":\"Inicio\",\"item\":\"https:\\\/\\\/aztex.ee\\\/es\\\/\"},{\"@type\":\"ListItem\",\"position\":2,\"name\":\"Tienda\",\"item\":\"https:\\\/\\\/aztex.ee\\\/es\\\/tienda\\\/\"},{\"@type\":\"ListItem\",\"position\":3,\"name\":\"Manta de vell\u00f3n suave 180&#215;200 cm\"}]},{\"@type\":\"WebSite\",\"@id\":\"https:\\\/\\\/aztex.ee\\\/es\\\/#website\",\"url\":\"https:\\\/\\\/aztex.ee\\\/es\\\/\",\"name\":\"AZTEX\",\"description\":\"\",\"publisher\":{\"@id\":\"https:\\\/\\\/aztex.ee\\\/es\\\/#organization\"},\"potentialAction\":[{\"@type\":\"SearchAction\",\"target\":{\"@type\":\"EntryPoint\",\"urlTemplate\":\"https:\\\/\\\/aztex.ee\\\/es\\\/?s={search_term_string}\"},\"query-input\":{\"@type\":\"PropertyValueSpecification\",\"valueRequired\":true,\"valueName\":\"search_term_string\"}}],\"inLanguage\":\"es\"},{\"@type\":\"Organization\",\"@id\":\"https:\\\/\\\/aztex.ee\\\/es\\\/#organization\",\"name\":\"AZTEX\",\"url\":\"https:\\\/\\\/aztex.ee\\\/es\\\/\",\"logo\":{\"@type\":\"ImageObject\",\"inLanguage\":\"es\",\"@id\":\"https:\\\/\\\/aztex.ee\\\/es\\\/#\\\/schema\\\/logo\\\/image\\\/\",\"url\":\"https:\\\/\\\/aztex.ee\\\/wp-content\\\/uploads\\\/2026\\\/01\\\/AZTEX.png\",\"contentUrl\":\"https:\\\/\\\/aztex.ee\\\/wp-content\\\/uploads\\\/2026\\\/01\\\/AZTEX.png\",\"width\":500,\"height\":500,\"caption\":\"AZTEX\"},\"image\":{\"@id\":\"https:\\\/\\\/aztex.ee\\\/es\\\/#\\\/schema\\\/logo\\\/image\\\/\"},\"sameAs\":[\"https:\\\/\\\/www.facebook.com\\\/AztexEE\",\"https:\\\/\\\/www.instagram.com\\\/aztexeesti\\\/\",\"https:\\\/\\\/www.youtube.com\\\/@AZTEXEE\",\"https:\\\/\\\/www.pinterest.com\\\/aztex_eesti\\\/\",\"https:\\\/\\\/www.tiktok.com\\\/@aztexeesti\",\"https:\\\/\\\/www.trustpilot.com\\\/review\\\/aztex.ee\",\"https:\\\/\\\/www.linkedin.com\\\/company\\\/aztex-ee\\\/\",\"https:\\\/\\\/www.wikidata.org\\\/wiki\\\/Q137560182\"]}]}<\/script>\n<!-- \/ Yoast SEO plugin. -->","yoast_head_json":{"title":"Manta de vell\u00f3n suave 180x200 cm | AZTEX","description":"C\u00f3moda y c\u00e1lida manta polar en tama\u00f1o 180x200 cm. Ideal para uso diario, ofrece una agradable suavidad sobre la piel que crea una buena sensaci\u00f3n.","robots":{"index":"index","follow":"follow","max-snippet":"max-snippet:-1","max-image-preview":"max-image-preview:large","max-video-preview":"max-video-preview:-1"},"canonical":"https:\/\/aztex.ee\/es\/pood\/mantas-y-plaids\/manta-de-vellon-suave-180x200-cm\/","og_locale":"es_ES","og_type":"article","og_title":"Manta de vell\u00f3n suave 180x200 cm | AZTEX","og_description":"C\u00f3moda y c\u00e1lida manta polar en tama\u00f1o 180x200 cm. Ideal para uso diario, ofrece una agradable suavidad sobre la piel que crea una buena sensaci\u00f3n.","og_url":"https:\/\/aztex.ee\/es\/pood\/mantas-y-plaids\/manta-de-vellon-suave-180x200-cm\/","og_site_name":"AZTEX","article_publisher":"https:\/\/www.facebook.com\/AztexEE","article_modified_time":"2026-03-29T18:06:29+00:00","og_image":[{"width":800,"height":800,"url":"https:\/\/aztex.ee\/wp-content\/uploads\/2025\/02\/Pehme-fliistekk-180\u00d7200-cm.jpg","type":"image\/jpeg"}],"twitter_card":"summary_large_image","twitter_misc":{"Tiempo de lectura":"2 minutos"},"schema":{"@context":"https:\/\/schema.org","@graph":[{"@type":["WebPage","ItemPage"],"@id":"https:\/\/aztex.ee\/es\/pood\/mantas-y-plaids\/manta-de-vellon-suave-180x200-cm\/","url":"https:\/\/aztex.ee\/es\/pood\/mantas-y-plaids\/manta-de-vellon-suave-180x200-cm\/","name":"Manta de vell\u00f3n suave 180x200 cm | AZTEX","isPartOf":{"@id":"https:\/\/aztex.ee\/es\/#website"},"primaryImageOfPage":{"@id":"https:\/\/aztex.ee\/es\/pood\/mantas-y-plaids\/manta-de-vellon-suave-180x200-cm\/#primaryimage"},"image":{"@id":"https:\/\/aztex.ee\/es\/pood\/mantas-y-plaids\/manta-de-vellon-suave-180x200-cm\/#primaryimage"},"thumbnailUrl":"https:\/\/aztex.ee\/wp-content\/uploads\/2025\/02\/Pehme-fliistekk-180\u00d7200-cm.jpg","datePublished":"2025-02-13T18:53:53+00:00","dateModified":"2026-03-29T18:06:29+00:00","description":"C\u00f3moda y c\u00e1lida manta polar en tama\u00f1o 180x200 cm. Ideal para uso diario, ofrece una agradable suavidad sobre la piel que crea una buena sensaci\u00f3n.","breadcrumb":{"@id":"https:\/\/aztex.ee\/es\/pood\/mantas-y-plaids\/manta-de-vellon-suave-180x200-cm\/#breadcrumb"},"inLanguage":"es","potentialAction":[{"@type":"ReadAction","target":["https:\/\/aztex.ee\/es\/pood\/mantas-y-plaids\/manta-de-vellon-suave-180x200-cm\/"]}]},{"@type":"ImageObject","inLanguage":"es","@id":"https:\/\/aztex.ee\/es\/pood\/mantas-y-plaids\/manta-de-vellon-suave-180x200-cm\/#primaryimage","url":"https:\/\/aztex.ee\/wp-content\/uploads\/2025\/02\/Pehme-fliistekk-180\u00d7200-cm.jpg","contentUrl":"https:\/\/aztex.ee\/wp-content\/uploads\/2025\/02\/Pehme-fliistekk-180\u00d7200-cm.jpg","width":800,"height":800,"caption":"Pehme fliistekk 180\u00d7200 cm"},{"@type":"BreadcrumbList","@id":"https:\/\/aztex.ee\/es\/pood\/mantas-y-plaids\/manta-de-vellon-suave-180x200-cm\/#breadcrumb","itemListElement":[{"@type":"ListItem","position":1,"name":"Inicio","item":"https:\/\/aztex.ee\/es\/"},{"@type":"ListItem","position":2,"name":"Tienda","item":"https:\/\/aztex.ee\/es\/tienda\/"},{"@type":"ListItem","position":3,"name":"Manta de vell\u00f3n suave 180&#215;200 cm"}]},{"@type":"WebSite","@id":"https:\/\/aztex.ee\/es\/#website","url":"https:\/\/aztex.ee\/es\/","name":"AZTEX","description":"","publisher":{"@id":"https:\/\/aztex.ee\/es\/#organization"},"potentialAction":[{"@type":"SearchAction","target":{"@type":"EntryPoint","urlTemplate":"https:\/\/aztex.ee\/es\/?s={search_term_string}"},"query-input":{"@type":"PropertyValueSpecification","valueRequired":true,"valueName":"search_term_string"}}],"inLanguage":"es"},{"@type":"Organization","@id":"https:\/\/aztex.ee\/es\/#organization","name":"AZTEX","url":"https:\/\/aztex.ee\/es\/","logo":{"@type":"ImageObject","inLanguage":"es","@id":"https:\/\/aztex.ee\/es\/#\/schema\/logo\/image\/","url":"https:\/\/aztex.ee\/wp-content\/uploads\/2026\/01\/AZTEX.png","contentUrl":"https:\/\/aztex.ee\/wp-content\/uploads\/2026\/01\/AZTEX.png","width":500,"height":500,"caption":"AZTEX"},"image":{"@id":"https:\/\/aztex.ee\/es\/#\/schema\/logo\/image\/"},"sameAs":["https:\/\/www.facebook.com\/AztexEE","https:\/\/www.instagram.com\/aztexeesti\/","https:\/\/www.youtube.com\/@AZTEXEE","https:\/\/www.pinterest.com\/aztex_eesti\/","https:\/\/www.tiktok.com\/@aztexeesti","https:\/\/www.trustpilot.com\/review\/aztex.ee","https:\/\/www.linkedin.com\/company\/aztex-ee\/","https:\/\/www.wikidata.org\/wiki\/Q137560182"]}]}},"_links":{"self":[{"href":"https:\/\/aztex.ee\/es\/wp-json\/wp\/v2\/product\/55290","targetHints":{"allow":["GET"]}}],"collection":[{"href":"https:\/\/aztex.ee\/es\/wp-json\/wp\/v2\/product"}],"about":[{"href":"https:\/\/aztex.ee\/es\/wp-json\/wp\/v2\/types\/product"}],"replies":[{"embeddable":true,"href":"https:\/\/aztex.ee\/es\/wp-json\/wp\/v2\/comments?post=55290"}],"version-history":[{"count":0,"href":"https:\/\/aztex.ee\/es\/wp-json\/wp\/v2\/product\/55290\/revisions"}],"wp:featuredmedia":[{"embeddable":true,"href":"https:\/\/aztex.ee\/es\/wp-json\/wp\/v2\/media\/55368"}],"wp:attachment":[{"href":"https:\/\/aztex.ee\/es\/wp-json\/wp\/v2\/media?parent=55290"}],"wp:term":[{"taxonomy":"product_brand","embeddable":true,"href":"https:\/\/aztex.ee\/es\/wp-json\/wp\/v2\/product_brand?post=55290"},{"taxonomy":"product_cat","embeddable":true,"href":"https:\/\/aztex.ee\/es\/wp-json\/wp\/v2\/product_cat?post=55290"},{"taxonomy":"product_tag","embeddable":true,"href":"https:\/\/aztex.ee\/es\/wp-json\/wp\/v2\/product_tag?post=55290"}],"curies":[{"name":"wp","href":"https:\/\/api.w.org\/{rel}","templated":true}]}}