{"id":50208,"date":"2025-02-05T22:02:46","date_gmt":"2025-02-05T22:02:46","guid":{"rendered":"https:\/\/aztex.ee\/?post_type=product&#038;p=50208"},"modified":"2026-04-29T11:46:28","modified_gmt":"2026-04-29T11:46:28","slug":"manta-raschel-200x230-cm","status":"publish","type":"product","link":"https:\/\/aztex.ee\/es\/pood\/mantas-y-plaids\/manta-raschel-200x230-cm\/","title":{"rendered":"Manta Raschel 200&#215;230 cm | 3,5 kg"},"content":{"rendered":"<p><strong>Manta Raschel: suavidad y estilo lujosos<\/strong><\/p>\n<p>Una manta Raschel combina calidez, comodidad y estilo en un solo producto. Su suavidad lujosa hace que el uso diario sea acogedor y agradable. La textura de la manta ofrece una experiencia agradable, ya que es suave y, al mismo tiempo, lo suficientemente duradera como para garantizar un uso a largo plazo. Los diferentes tonos de color y los hermosos patrones se adaptan a cualquier dise\u00f1o de interiores y brindan calidez, elegancia y estilo a las habitaciones.<\/p>\n<p>Una manta Raschel est\u00e1 dise\u00f1ada para usarse no solo en la cama, sino tambi\u00e9n en el sof\u00e1 o en otras habitaciones donde se desee agregar calidez y un ambiente lujoso. El grosor de la manta Raschel garantiza un efecto de retenci\u00f3n de calor, mientras que la textura suave hace que cada uso sea especial y c\u00f3modo.<\/p>\n<p><strong>Calidez y comodidad<\/strong><\/p>\n<p>Una manta Raschel ofrece una calidez y comodidad excepcionales, siendo la opci\u00f3n perfecta para los d\u00edas m\u00e1s fr\u00edos. Sus propiedades de retenci\u00f3n de calor garantizan un ambiente agradable y acogedor, brindando comodidad adicional cuando se necesita un entorno c\u00e1lido y acogedor. El dise\u00f1o de la manta est\u00e1 dise\u00f1ado para brindar una sensaci\u00f3n adicional de calidez, sin ser demasiado pesada ni inc\u00f3moda.<\/p>\n<p><strong>Elegancia y estilo en cada habitaci\u00f3n<\/strong><\/p>\n<p>El dise\u00f1o de la manta es sencillo y elegante, y se adapta a cualquier interior. La variedad de colores, desde los neutros cl\u00e1sicos hasta los tonos m\u00e1s atrevidos, hace que la manta Raschel sea adecuada para cualquier habitaci\u00f3n, ya sea cl\u00e1sica, moderna o minimalista. La manta a\u00f1ade calidez y estilo a cualquier habitaci\u00f3n, siendo el complemento perfecto para cualquier dise\u00f1o de interiores. El dise\u00f1o de la manta complementa cualquier habitaci\u00f3n, aportando calidez y un ambiente lujoso. La manta Raschel es el producto ideal que combina calidez, comodidad y estilo en una experiencia de lujo.<\/p>\n","protected":false},"excerpt":{"rendered":"<ul>\n<li>Material: Poli\u00e9ster<\/li>\n<li>Tama\u00f1o: 200&#215;230 cm \u00b13<\/li>\n<li>Peso: 3,5 kg<\/li>\n<\/ul>\n","protected":false},"featured_media":50255,"comment_status":"open","ping_status":"closed","template":"","meta":[],"product_brand":[],"product_cat":[3053,3096,1878],"product_tag":[],"class_list":{"0":"post-50208","1":"product","2":"type-product","3":"status-publish","4":"has-post-thumbnail","6":"product_cat-mantas-raschel","7":"product_cat-mantas-raschel-200x230-cm","8":"product_cat-mantas-y-plaids","10":"first","11":"instock","12":"shipping-taxable","13":"purchasable","14":"product-type-variable"},"yoast_head":"<!-- This site is optimized with the Yoast SEO plugin v27.6 - https:\/\/yoast.com\/product\/yoast-seo-wordpress\/ -->\n<title>Manta suave de doble capa 200x230 cm | AZTEX<\/title>\n<meta name=\"description\" content=\"La manta Raschel combina suavidad y elegancia, y se adapta a cualquier interior. Ofrece calidez y comodidad de lujo, es la opci\u00f3n perfecta\" \/>\n<meta name=\"robots\" content=\"index, follow, max-snippet:-1, max-image-preview:large, max-video-preview:-1\" \/>\n<link rel=\"canonical\" href=\"https:\/\/aztex.ee\/es\/pood\/mantas-y-plaids\/manta-raschel-200x230-cm\/\" \/>\n<meta property=\"og:locale\" content=\"es_ES\" \/>\n<meta property=\"og:type\" content=\"article\" \/>\n<meta property=\"og:title\" content=\"Manta suave de doble capa 200x230 cm | AZTEX\" \/>\n<meta property=\"og:description\" content=\"La manta Raschel combina suavidad y elegancia, y se adapta a cualquier interior. Ofrece calidez y comodidad de lujo, es la opci\u00f3n perfecta\" \/>\n<meta property=\"og:url\" content=\"https:\/\/aztex.ee\/es\/pood\/mantas-y-plaids\/manta-raschel-200x230-cm\/\" \/>\n<meta property=\"og:site_name\" content=\"AZTEX\" \/>\n<meta property=\"article:publisher\" content=\"https:\/\/www.facebook.com\/AztexEE\" \/>\n<meta property=\"article:modified_time\" content=\"2026-04-29T11:46:28+00:00\" \/>\n<meta property=\"og:image\" content=\"https:\/\/aztex.ee\/wp-content\/uploads\/2025\/02\/Raschel-tekk.jpg\" \/>\n\t<meta property=\"og:image:width\" content=\"800\" \/>\n\t<meta property=\"og:image:height\" content=\"800\" \/>\n\t<meta property=\"og:image:type\" content=\"image\/jpeg\" \/>\n<meta name=\"twitter:card\" content=\"summary_large_image\" \/>\n<meta name=\"twitter:label1\" content=\"Tiempo de lectura\" \/>\n\t<meta name=\"twitter:data1\" content=\"2 minutos\" \/>\n<script type=\"application\/ld+json\" class=\"yoast-schema-graph\">{\"@context\":\"https:\\\/\\\/schema.org\",\"@graph\":[{\"@type\":[\"WebPage\",\"ItemPage\"],\"@id\":\"https:\\\/\\\/aztex.ee\\\/es\\\/pood\\\/mantas-y-plaids\\\/manta-raschel-200x230-cm\\\/\",\"url\":\"https:\\\/\\\/aztex.ee\\\/es\\\/pood\\\/mantas-y-plaids\\\/manta-raschel-200x230-cm\\\/\",\"name\":\"Manta suave de doble capa 200x230 cm | AZTEX\",\"isPartOf\":{\"@id\":\"https:\\\/\\\/aztex.ee\\\/es\\\/#website\"},\"primaryImageOfPage\":{\"@id\":\"https:\\\/\\\/aztex.ee\\\/es\\\/pood\\\/mantas-y-plaids\\\/manta-raschel-200x230-cm\\\/#primaryimage\"},\"image\":{\"@id\":\"https:\\\/\\\/aztex.ee\\\/es\\\/pood\\\/mantas-y-plaids\\\/manta-raschel-200x230-cm\\\/#primaryimage\"},\"thumbnailUrl\":\"https:\\\/\\\/aztex.ee\\\/wp-content\\\/uploads\\\/2025\\\/02\\\/Raschel-tekk.jpg\",\"datePublished\":\"2025-02-05T22:02:46+00:00\",\"dateModified\":\"2026-04-29T11:46:28+00:00\",\"description\":\"La manta Raschel combina suavidad y elegancia, y se adapta a cualquier interior. Ofrece calidez y comodidad de lujo, es la opci\u00f3n perfecta\",\"breadcrumb\":{\"@id\":\"https:\\\/\\\/aztex.ee\\\/es\\\/pood\\\/mantas-y-plaids\\\/manta-raschel-200x230-cm\\\/#breadcrumb\"},\"inLanguage\":\"es\",\"potentialAction\":[{\"@type\":\"ReadAction\",\"target\":[\"https:\\\/\\\/aztex.ee\\\/es\\\/pood\\\/mantas-y-plaids\\\/manta-raschel-200x230-cm\\\/\"]}]},{\"@type\":\"ImageObject\",\"inLanguage\":\"es\",\"@id\":\"https:\\\/\\\/aztex.ee\\\/es\\\/pood\\\/mantas-y-plaids\\\/manta-raschel-200x230-cm\\\/#primaryimage\",\"url\":\"https:\\\/\\\/aztex.ee\\\/wp-content\\\/uploads\\\/2025\\\/02\\\/Raschel-tekk.jpg\",\"contentUrl\":\"https:\\\/\\\/aztex.ee\\\/wp-content\\\/uploads\\\/2025\\\/02\\\/Raschel-tekk.jpg\",\"width\":800,\"height\":800,\"caption\":\"Raschel tekk\"},{\"@type\":\"BreadcrumbList\",\"@id\":\"https:\\\/\\\/aztex.ee\\\/es\\\/pood\\\/mantas-y-plaids\\\/manta-raschel-200x230-cm\\\/#breadcrumb\",\"itemListElement\":[{\"@type\":\"ListItem\",\"position\":1,\"name\":\"Inicio\",\"item\":\"https:\\\/\\\/aztex.ee\\\/es\\\/\"},{\"@type\":\"ListItem\",\"position\":2,\"name\":\"Tienda\",\"item\":\"https:\\\/\\\/aztex.ee\\\/es\\\/tienda\\\/\"},{\"@type\":\"ListItem\",\"position\":3,\"name\":\"Manta Raschel 200&#215;230 cm | 3,5 kg\"}]},{\"@type\":\"WebSite\",\"@id\":\"https:\\\/\\\/aztex.ee\\\/es\\\/#website\",\"url\":\"https:\\\/\\\/aztex.ee\\\/es\\\/\",\"name\":\"AZTEX\",\"description\":\"\",\"publisher\":{\"@id\":\"https:\\\/\\\/aztex.ee\\\/es\\\/#organization\"},\"potentialAction\":[{\"@type\":\"SearchAction\",\"target\":{\"@type\":\"EntryPoint\",\"urlTemplate\":\"https:\\\/\\\/aztex.ee\\\/es\\\/?s={search_term_string}\"},\"query-input\":{\"@type\":\"PropertyValueSpecification\",\"valueRequired\":true,\"valueName\":\"search_term_string\"}}],\"inLanguage\":\"es\"},{\"@type\":\"Organization\",\"@id\":\"https:\\\/\\\/aztex.ee\\\/es\\\/#organization\",\"name\":\"AZTEX\",\"url\":\"https:\\\/\\\/aztex.ee\\\/es\\\/\",\"logo\":{\"@type\":\"ImageObject\",\"inLanguage\":\"es\",\"@id\":\"https:\\\/\\\/aztex.ee\\\/es\\\/#\\\/schema\\\/logo\\\/image\\\/\",\"url\":\"https:\\\/\\\/aztex.ee\\\/wp-content\\\/uploads\\\/2026\\\/01\\\/AZTEX.png\",\"contentUrl\":\"https:\\\/\\\/aztex.ee\\\/wp-content\\\/uploads\\\/2026\\\/01\\\/AZTEX.png\",\"width\":500,\"height\":500,\"caption\":\"AZTEX\"},\"image\":{\"@id\":\"https:\\\/\\\/aztex.ee\\\/es\\\/#\\\/schema\\\/logo\\\/image\\\/\"},\"sameAs\":[\"https:\\\/\\\/www.facebook.com\\\/AztexEE\",\"https:\\\/\\\/www.instagram.com\\\/aztexeesti\\\/\",\"https:\\\/\\\/www.youtube.com\\\/@AZTEXEE\",\"https:\\\/\\\/www.pinterest.com\\\/aztex_eesti\\\/\",\"https:\\\/\\\/www.tiktok.com\\\/@aztexeesti\",\"https:\\\/\\\/www.trustpilot.com\\\/review\\\/aztex.ee\",\"https:\\\/\\\/www.linkedin.com\\\/company\\\/aztex-ee\\\/\",\"https:\\\/\\\/www.wikidata.org\\\/wiki\\\/Q137560182\"]}]}<\/script>\n<!-- \/ Yoast SEO plugin. -->","yoast_head_json":{"title":"Manta suave de doble capa 200x230 cm | AZTEX","description":"La manta Raschel combina suavidad y elegancia, y se adapta a cualquier interior. Ofrece calidez y comodidad de lujo, es la opci\u00f3n perfecta","robots":{"index":"index","follow":"follow","max-snippet":"max-snippet:-1","max-image-preview":"max-image-preview:large","max-video-preview":"max-video-preview:-1"},"canonical":"https:\/\/aztex.ee\/es\/pood\/mantas-y-plaids\/manta-raschel-200x230-cm\/","og_locale":"es_ES","og_type":"article","og_title":"Manta suave de doble capa 200x230 cm | AZTEX","og_description":"La manta Raschel combina suavidad y elegancia, y se adapta a cualquier interior. Ofrece calidez y comodidad de lujo, es la opci\u00f3n perfecta","og_url":"https:\/\/aztex.ee\/es\/pood\/mantas-y-plaids\/manta-raschel-200x230-cm\/","og_site_name":"AZTEX","article_publisher":"https:\/\/www.facebook.com\/AztexEE","article_modified_time":"2026-04-29T11:46:28+00:00","og_image":[{"width":800,"height":800,"url":"https:\/\/aztex.ee\/wp-content\/uploads\/2025\/02\/Raschel-tekk.jpg","type":"image\/jpeg"}],"twitter_card":"summary_large_image","twitter_misc":{"Tiempo de lectura":"2 minutos"},"schema":{"@context":"https:\/\/schema.org","@graph":[{"@type":["WebPage","ItemPage"],"@id":"https:\/\/aztex.ee\/es\/pood\/mantas-y-plaids\/manta-raschel-200x230-cm\/","url":"https:\/\/aztex.ee\/es\/pood\/mantas-y-plaids\/manta-raschel-200x230-cm\/","name":"Manta suave de doble capa 200x230 cm | AZTEX","isPartOf":{"@id":"https:\/\/aztex.ee\/es\/#website"},"primaryImageOfPage":{"@id":"https:\/\/aztex.ee\/es\/pood\/mantas-y-plaids\/manta-raschel-200x230-cm\/#primaryimage"},"image":{"@id":"https:\/\/aztex.ee\/es\/pood\/mantas-y-plaids\/manta-raschel-200x230-cm\/#primaryimage"},"thumbnailUrl":"https:\/\/aztex.ee\/wp-content\/uploads\/2025\/02\/Raschel-tekk.jpg","datePublished":"2025-02-05T22:02:46+00:00","dateModified":"2026-04-29T11:46:28+00:00","description":"La manta Raschel combina suavidad y elegancia, y se adapta a cualquier interior. Ofrece calidez y comodidad de lujo, es la opci\u00f3n perfecta","breadcrumb":{"@id":"https:\/\/aztex.ee\/es\/pood\/mantas-y-plaids\/manta-raschel-200x230-cm\/#breadcrumb"},"inLanguage":"es","potentialAction":[{"@type":"ReadAction","target":["https:\/\/aztex.ee\/es\/pood\/mantas-y-plaids\/manta-raschel-200x230-cm\/"]}]},{"@type":"ImageObject","inLanguage":"es","@id":"https:\/\/aztex.ee\/es\/pood\/mantas-y-plaids\/manta-raschel-200x230-cm\/#primaryimage","url":"https:\/\/aztex.ee\/wp-content\/uploads\/2025\/02\/Raschel-tekk.jpg","contentUrl":"https:\/\/aztex.ee\/wp-content\/uploads\/2025\/02\/Raschel-tekk.jpg","width":800,"height":800,"caption":"Raschel tekk"},{"@type":"BreadcrumbList","@id":"https:\/\/aztex.ee\/es\/pood\/mantas-y-plaids\/manta-raschel-200x230-cm\/#breadcrumb","itemListElement":[{"@type":"ListItem","position":1,"name":"Inicio","item":"https:\/\/aztex.ee\/es\/"},{"@type":"ListItem","position":2,"name":"Tienda","item":"https:\/\/aztex.ee\/es\/tienda\/"},{"@type":"ListItem","position":3,"name":"Manta Raschel 200&#215;230 cm | 3,5 kg"}]},{"@type":"WebSite","@id":"https:\/\/aztex.ee\/es\/#website","url":"https:\/\/aztex.ee\/es\/","name":"AZTEX","description":"","publisher":{"@id":"https:\/\/aztex.ee\/es\/#organization"},"potentialAction":[{"@type":"SearchAction","target":{"@type":"EntryPoint","urlTemplate":"https:\/\/aztex.ee\/es\/?s={search_term_string}"},"query-input":{"@type":"PropertyValueSpecification","valueRequired":true,"valueName":"search_term_string"}}],"inLanguage":"es"},{"@type":"Organization","@id":"https:\/\/aztex.ee\/es\/#organization","name":"AZTEX","url":"https:\/\/aztex.ee\/es\/","logo":{"@type":"ImageObject","inLanguage":"es","@id":"https:\/\/aztex.ee\/es\/#\/schema\/logo\/image\/","url":"https:\/\/aztex.ee\/wp-content\/uploads\/2026\/01\/AZTEX.png","contentUrl":"https:\/\/aztex.ee\/wp-content\/uploads\/2026\/01\/AZTEX.png","width":500,"height":500,"caption":"AZTEX"},"image":{"@id":"https:\/\/aztex.ee\/es\/#\/schema\/logo\/image\/"},"sameAs":["https:\/\/www.facebook.com\/AztexEE","https:\/\/www.instagram.com\/aztexeesti\/","https:\/\/www.youtube.com\/@AZTEXEE","https:\/\/www.pinterest.com\/aztex_eesti\/","https:\/\/www.tiktok.com\/@aztexeesti","https:\/\/www.trustpilot.com\/review\/aztex.ee","https:\/\/www.linkedin.com\/company\/aztex-ee\/","https:\/\/www.wikidata.org\/wiki\/Q137560182"]}]}},"_links":{"self":[{"href":"https:\/\/aztex.ee\/es\/wp-json\/wp\/v2\/product\/50208","targetHints":{"allow":["GET"]}}],"collection":[{"href":"https:\/\/aztex.ee\/es\/wp-json\/wp\/v2\/product"}],"about":[{"href":"https:\/\/aztex.ee\/es\/wp-json\/wp\/v2\/types\/product"}],"replies":[{"embeddable":true,"href":"https:\/\/aztex.ee\/es\/wp-json\/wp\/v2\/comments?post=50208"}],"version-history":[{"count":0,"href":"https:\/\/aztex.ee\/es\/wp-json\/wp\/v2\/product\/50208\/revisions"}],"wp:featuredmedia":[{"embeddable":true,"href":"https:\/\/aztex.ee\/es\/wp-json\/wp\/v2\/media\/50255"}],"wp:attachment":[{"href":"https:\/\/aztex.ee\/es\/wp-json\/wp\/v2\/media?parent=50208"}],"wp:term":[{"taxonomy":"product_brand","embeddable":true,"href":"https:\/\/aztex.ee\/es\/wp-json\/wp\/v2\/product_brand?post=50208"},{"taxonomy":"product_cat","embeddable":true,"href":"https:\/\/aztex.ee\/es\/wp-json\/wp\/v2\/product_cat?post=50208"},{"taxonomy":"product_tag","embeddable":true,"href":"https:\/\/aztex.ee\/es\/wp-json\/wp\/v2\/product_tag?post=50208"}],"curies":[{"name":"wp","href":"https:\/\/api.w.org\/{rel}","templated":true}]}}