{"id":49165,"date":"2025-01-31T21:52:03","date_gmt":"2025-01-31T21:52:03","guid":{"rendered":"https:\/\/aztex.ee\/pood\/sin%20categor\u00eda\/laste-tekk-110x140-cm\/"},"modified":"2026-01-04T14:20:09","modified_gmt":"2026-01-04T14:20:09","slug":"manta-para-ninos-110x140-cm","status":"publish","type":"product","link":"https:\/\/aztex.ee\/es\/pood\/mundo-infantil-es\/manta-para-ninos-110x140-cm\/","title":{"rendered":"Manta para ni\u00f1os 110&#215;140 cm"},"content":{"rendered":"<p><strong>Mantas para ni\u00f1os: \u00a1compa\u00f1eras coloridas y divertidas para cada momento!<\/strong><\/p>\n<p>Las mantas para ni\u00f1os son m\u00e1s que simples mantas: est\u00e1n especialmente dise\u00f1adas para peque\u00f1os aventureros para brindarles calidez, comodidad y muchas sonrisas.<\/p>\n<p><strong>Comodidad y calidez<\/strong><br \/>\nEstas mantas para ni\u00f1os son suaves y c\u00e1lidas, lo que las hace ideales tanto para dormir como para descansar. Sus hermosos tonos y dise\u00f1os brindan alegr\u00eda a todos los d\u00edas, ya sea jugando en casa o en aventuras al aire libre.<\/p>\n<p><strong>Versatilidad<\/strong><br \/>\nLas mantas para ni\u00f1os se pueden usar para dormir en la cama, ver una pel\u00edcula en el sof\u00e1 o jugar en el piso. Tambi\u00e9n son perfectas para picnics, caminatas o viajes, brindando comodidad para su hijo en todas partes.<\/p>\n<p><strong>Calidad y practicidad<\/strong><br \/>\nEstas mantas para ni\u00f1os est\u00e1n hechas de materiales de alta calidad que son duraderos y f\u00e1ciles de lavar. Esto las convierte en la opci\u00f3n ideal para cualquier familia que busque una soluci\u00f3n que sea hermosa y pr\u00e1ctica.<\/p>\n<p>Las mantas para ni\u00f1os son m\u00e1s que simples objetos: son parte de las aventuras y recuerdos diarios de un ni\u00f1o. \u00a1Elija la manta perfecta para su hijo y haga que cada momento sea a\u00fan m\u00e1s especial!<\/p>\n","protected":false},"excerpt":{"rendered":"<ul>\n<li>Material: Poli\u00e9ster<\/li>\n<li>Tama\u00f1o: 110&#215;140 cm \u00b13<\/li>\n<li>Peso: 1 kg<\/li>\n<\/ul>\n","protected":false},"featured_media":48895,"comment_status":"open","ping_status":"closed","template":"","meta":[],"product_brand":[],"product_cat":[2246,2224],"product_tag":[],"class_list":{"0":"post-49165","1":"product","2":"type-product","3":"status-publish","4":"has-post-thumbnail","6":"product_cat-mantas-infantiles","7":"product_cat-mundo-infantil-es","9":"first","10":"instock","11":"shipping-taxable","12":"purchasable","13":"product-type-variable"},"yoast_head":"<!-- This site is optimized with the Yoast SEO plugin v27.3 - https:\/\/yoast.com\/product\/yoast-seo-wordpress\/ -->\n<title>Manta para ni\u00f1os 110x140 cm | AZTEX<\/title>\n<meta name=\"description\" content=\"Manta infantil suave, c\u00e1lida e ideal para el uso diario. El material c\u00f3modo y de alta calidad garantiza un sue\u00f1o tranquilo en todo momento.\" \/>\n<meta name=\"robots\" content=\"index, follow, max-snippet:-1, max-image-preview:large, max-video-preview:-1\" \/>\n<link rel=\"canonical\" href=\"https:\/\/aztex.ee\/es\/pood\/mundo-infantil-es\/manta-para-ninos-110x140-cm\/\" \/>\n<meta property=\"og:locale\" content=\"es_ES\" \/>\n<meta property=\"og:type\" content=\"article\" \/>\n<meta property=\"og:title\" content=\"Manta para ni\u00f1os 110x140 cm | AZTEX\" \/>\n<meta property=\"og:description\" content=\"Manta infantil suave, c\u00e1lida e ideal para el uso diario. El material c\u00f3modo y de alta calidad garantiza un sue\u00f1o tranquilo en todo momento.\" \/>\n<meta property=\"og:url\" content=\"https:\/\/aztex.ee\/es\/pood\/mundo-infantil-es\/manta-para-ninos-110x140-cm\/\" \/>\n<meta property=\"og:site_name\" content=\"AZTEX\" \/>\n<meta property=\"article:publisher\" content=\"https:\/\/www.facebook.com\/AztexEE\" \/>\n<meta property=\"article:modified_time\" content=\"2026-01-04T14:20:09+00:00\" \/>\n<meta property=\"og:image\" content=\"https:\/\/aztex.ee\/wp-content\/uploads\/2025\/01\/Laste-tekk-110x140-cm.jpg\" \/>\n\t<meta property=\"og:image:width\" content=\"800\" \/>\n\t<meta property=\"og:image:height\" content=\"800\" \/>\n\t<meta property=\"og:image:type\" content=\"image\/jpeg\" \/>\n<meta name=\"twitter:card\" content=\"summary_large_image\" \/>\n<meta name=\"twitter:label1\" content=\"Tiempo de lectura\" \/>\n\t<meta name=\"twitter:data1\" content=\"2 minutos\" \/>\n<script type=\"application\/ld+json\" class=\"yoast-schema-graph\">{\"@context\":\"https:\\\/\\\/schema.org\",\"@graph\":[{\"@type\":[\"WebPage\",\"ItemPage\"],\"@id\":\"https:\\\/\\\/aztex.ee\\\/es\\\/pood\\\/mundo-infantil-es\\\/manta-para-ninos-110x140-cm\\\/\",\"url\":\"https:\\\/\\\/aztex.ee\\\/es\\\/pood\\\/mundo-infantil-es\\\/manta-para-ninos-110x140-cm\\\/\",\"name\":\"Manta para ni\u00f1os 110x140 cm | AZTEX\",\"isPartOf\":{\"@id\":\"https:\\\/\\\/aztex.ee\\\/es\\\/#website\"},\"primaryImageOfPage\":{\"@id\":\"https:\\\/\\\/aztex.ee\\\/es\\\/pood\\\/mundo-infantil-es\\\/manta-para-ninos-110x140-cm\\\/#primaryimage\"},\"image\":{\"@id\":\"https:\\\/\\\/aztex.ee\\\/es\\\/pood\\\/mundo-infantil-es\\\/manta-para-ninos-110x140-cm\\\/#primaryimage\"},\"thumbnailUrl\":\"https:\\\/\\\/aztex.ee\\\/wp-content\\\/uploads\\\/2025\\\/01\\\/Laste-tekk-110x140-cm.jpg\",\"datePublished\":\"2025-01-31T21:52:03+00:00\",\"dateModified\":\"2026-01-04T14:20:09+00:00\",\"description\":\"Manta infantil suave, c\u00e1lida e ideal para el uso diario. El material c\u00f3modo y de alta calidad garantiza un sue\u00f1o tranquilo en todo momento.\",\"breadcrumb\":{\"@id\":\"https:\\\/\\\/aztex.ee\\\/es\\\/pood\\\/mundo-infantil-es\\\/manta-para-ninos-110x140-cm\\\/#breadcrumb\"},\"inLanguage\":\"es\",\"potentialAction\":[{\"@type\":\"ReadAction\",\"target\":[\"https:\\\/\\\/aztex.ee\\\/es\\\/pood\\\/mundo-infantil-es\\\/manta-para-ninos-110x140-cm\\\/\"]}]},{\"@type\":\"ImageObject\",\"inLanguage\":\"es\",\"@id\":\"https:\\\/\\\/aztex.ee\\\/es\\\/pood\\\/mundo-infantil-es\\\/manta-para-ninos-110x140-cm\\\/#primaryimage\",\"url\":\"https:\\\/\\\/aztex.ee\\\/wp-content\\\/uploads\\\/2025\\\/01\\\/Laste-tekk-110x140-cm.jpg\",\"contentUrl\":\"https:\\\/\\\/aztex.ee\\\/wp-content\\\/uploads\\\/2025\\\/01\\\/Laste-tekk-110x140-cm.jpg\",\"width\":800,\"height\":800,\"caption\":\"Laste tekk 110x140 cm\"},{\"@type\":\"BreadcrumbList\",\"@id\":\"https:\\\/\\\/aztex.ee\\\/es\\\/pood\\\/mundo-infantil-es\\\/manta-para-ninos-110x140-cm\\\/#breadcrumb\",\"itemListElement\":[{\"@type\":\"ListItem\",\"position\":1,\"name\":\"Inicio\",\"item\":\"https:\\\/\\\/aztex.ee\\\/es\\\/\"},{\"@type\":\"ListItem\",\"position\":2,\"name\":\"Tienda\",\"item\":\"https:\\\/\\\/aztex.ee\\\/es\\\/tienda\\\/\"},{\"@type\":\"ListItem\",\"position\":3,\"name\":\"Manta para ni\u00f1os 110&#215;140 cm\"}]},{\"@type\":\"WebSite\",\"@id\":\"https:\\\/\\\/aztex.ee\\\/es\\\/#website\",\"url\":\"https:\\\/\\\/aztex.ee\\\/es\\\/\",\"name\":\"AZTEX\",\"description\":\"\",\"publisher\":{\"@id\":\"https:\\\/\\\/aztex.ee\\\/es\\\/#organization\"},\"potentialAction\":[{\"@type\":\"SearchAction\",\"target\":{\"@type\":\"EntryPoint\",\"urlTemplate\":\"https:\\\/\\\/aztex.ee\\\/es\\\/?s={search_term_string}\"},\"query-input\":{\"@type\":\"PropertyValueSpecification\",\"valueRequired\":true,\"valueName\":\"search_term_string\"}}],\"inLanguage\":\"es\"},{\"@type\":\"Organization\",\"@id\":\"https:\\\/\\\/aztex.ee\\\/es\\\/#organization\",\"name\":\"AZTEX\",\"url\":\"https:\\\/\\\/aztex.ee\\\/es\\\/\",\"logo\":{\"@type\":\"ImageObject\",\"inLanguage\":\"es\",\"@id\":\"https:\\\/\\\/aztex.ee\\\/es\\\/#\\\/schema\\\/logo\\\/image\\\/\",\"url\":\"https:\\\/\\\/aztex.ee\\\/wp-content\\\/uploads\\\/2026\\\/01\\\/AZTEX.png\",\"contentUrl\":\"https:\\\/\\\/aztex.ee\\\/wp-content\\\/uploads\\\/2026\\\/01\\\/AZTEX.png\",\"width\":500,\"height\":500,\"caption\":\"AZTEX\"},\"image\":{\"@id\":\"https:\\\/\\\/aztex.ee\\\/es\\\/#\\\/schema\\\/logo\\\/image\\\/\"},\"sameAs\":[\"https:\\\/\\\/www.facebook.com\\\/AztexEE\",\"https:\\\/\\\/www.instagram.com\\\/aztexeesti\\\/\",\"https:\\\/\\\/www.youtube.com\\\/@AZTEXEE\",\"https:\\\/\\\/www.pinterest.com\\\/aztex_eesti\\\/\",\"https:\\\/\\\/www.tiktok.com\\\/@aztexeesti\",\"https:\\\/\\\/www.trustpilot.com\\\/review\\\/aztex.ee\",\"https:\\\/\\\/www.linkedin.com\\\/company\\\/aztex-ee\\\/\",\"https:\\\/\\\/www.wikidata.org\\\/wiki\\\/Q137560182\"]}]}<\/script>\n<!-- \/ Yoast SEO plugin. -->","yoast_head_json":{"title":"Manta para ni\u00f1os 110x140 cm | AZTEX","description":"Manta infantil suave, c\u00e1lida e ideal para el uso diario. El material c\u00f3modo y de alta calidad garantiza un sue\u00f1o tranquilo en todo momento.","robots":{"index":"index","follow":"follow","max-snippet":"max-snippet:-1","max-image-preview":"max-image-preview:large","max-video-preview":"max-video-preview:-1"},"canonical":"https:\/\/aztex.ee\/es\/pood\/mundo-infantil-es\/manta-para-ninos-110x140-cm\/","og_locale":"es_ES","og_type":"article","og_title":"Manta para ni\u00f1os 110x140 cm | AZTEX","og_description":"Manta infantil suave, c\u00e1lida e ideal para el uso diario. El material c\u00f3modo y de alta calidad garantiza un sue\u00f1o tranquilo en todo momento.","og_url":"https:\/\/aztex.ee\/es\/pood\/mundo-infantil-es\/manta-para-ninos-110x140-cm\/","og_site_name":"AZTEX","article_publisher":"https:\/\/www.facebook.com\/AztexEE","article_modified_time":"2026-01-04T14:20:09+00:00","og_image":[{"width":800,"height":800,"url":"https:\/\/aztex.ee\/wp-content\/uploads\/2025\/01\/Laste-tekk-110x140-cm.jpg","type":"image\/jpeg"}],"twitter_card":"summary_large_image","twitter_misc":{"Tiempo de lectura":"2 minutos"},"schema":{"@context":"https:\/\/schema.org","@graph":[{"@type":["WebPage","ItemPage"],"@id":"https:\/\/aztex.ee\/es\/pood\/mundo-infantil-es\/manta-para-ninos-110x140-cm\/","url":"https:\/\/aztex.ee\/es\/pood\/mundo-infantil-es\/manta-para-ninos-110x140-cm\/","name":"Manta para ni\u00f1os 110x140 cm | AZTEX","isPartOf":{"@id":"https:\/\/aztex.ee\/es\/#website"},"primaryImageOfPage":{"@id":"https:\/\/aztex.ee\/es\/pood\/mundo-infantil-es\/manta-para-ninos-110x140-cm\/#primaryimage"},"image":{"@id":"https:\/\/aztex.ee\/es\/pood\/mundo-infantil-es\/manta-para-ninos-110x140-cm\/#primaryimage"},"thumbnailUrl":"https:\/\/aztex.ee\/wp-content\/uploads\/2025\/01\/Laste-tekk-110x140-cm.jpg","datePublished":"2025-01-31T21:52:03+00:00","dateModified":"2026-01-04T14:20:09+00:00","description":"Manta infantil suave, c\u00e1lida e ideal para el uso diario. El material c\u00f3modo y de alta calidad garantiza un sue\u00f1o tranquilo en todo momento.","breadcrumb":{"@id":"https:\/\/aztex.ee\/es\/pood\/mundo-infantil-es\/manta-para-ninos-110x140-cm\/#breadcrumb"},"inLanguage":"es","potentialAction":[{"@type":"ReadAction","target":["https:\/\/aztex.ee\/es\/pood\/mundo-infantil-es\/manta-para-ninos-110x140-cm\/"]}]},{"@type":"ImageObject","inLanguage":"es","@id":"https:\/\/aztex.ee\/es\/pood\/mundo-infantil-es\/manta-para-ninos-110x140-cm\/#primaryimage","url":"https:\/\/aztex.ee\/wp-content\/uploads\/2025\/01\/Laste-tekk-110x140-cm.jpg","contentUrl":"https:\/\/aztex.ee\/wp-content\/uploads\/2025\/01\/Laste-tekk-110x140-cm.jpg","width":800,"height":800,"caption":"Laste tekk 110x140 cm"},{"@type":"BreadcrumbList","@id":"https:\/\/aztex.ee\/es\/pood\/mundo-infantil-es\/manta-para-ninos-110x140-cm\/#breadcrumb","itemListElement":[{"@type":"ListItem","position":1,"name":"Inicio","item":"https:\/\/aztex.ee\/es\/"},{"@type":"ListItem","position":2,"name":"Tienda","item":"https:\/\/aztex.ee\/es\/tienda\/"},{"@type":"ListItem","position":3,"name":"Manta para ni\u00f1os 110&#215;140 cm"}]},{"@type":"WebSite","@id":"https:\/\/aztex.ee\/es\/#website","url":"https:\/\/aztex.ee\/es\/","name":"AZTEX","description":"","publisher":{"@id":"https:\/\/aztex.ee\/es\/#organization"},"potentialAction":[{"@type":"SearchAction","target":{"@type":"EntryPoint","urlTemplate":"https:\/\/aztex.ee\/es\/?s={search_term_string}"},"query-input":{"@type":"PropertyValueSpecification","valueRequired":true,"valueName":"search_term_string"}}],"inLanguage":"es"},{"@type":"Organization","@id":"https:\/\/aztex.ee\/es\/#organization","name":"AZTEX","url":"https:\/\/aztex.ee\/es\/","logo":{"@type":"ImageObject","inLanguage":"es","@id":"https:\/\/aztex.ee\/es\/#\/schema\/logo\/image\/","url":"https:\/\/aztex.ee\/wp-content\/uploads\/2026\/01\/AZTEX.png","contentUrl":"https:\/\/aztex.ee\/wp-content\/uploads\/2026\/01\/AZTEX.png","width":500,"height":500,"caption":"AZTEX"},"image":{"@id":"https:\/\/aztex.ee\/es\/#\/schema\/logo\/image\/"},"sameAs":["https:\/\/www.facebook.com\/AztexEE","https:\/\/www.instagram.com\/aztexeesti\/","https:\/\/www.youtube.com\/@AZTEXEE","https:\/\/www.pinterest.com\/aztex_eesti\/","https:\/\/www.tiktok.com\/@aztexeesti","https:\/\/www.trustpilot.com\/review\/aztex.ee","https:\/\/www.linkedin.com\/company\/aztex-ee\/","https:\/\/www.wikidata.org\/wiki\/Q137560182"]}]}},"_links":{"self":[{"href":"https:\/\/aztex.ee\/es\/wp-json\/wp\/v2\/product\/49165","targetHints":{"allow":["GET"]}}],"collection":[{"href":"https:\/\/aztex.ee\/es\/wp-json\/wp\/v2\/product"}],"about":[{"href":"https:\/\/aztex.ee\/es\/wp-json\/wp\/v2\/types\/product"}],"replies":[{"embeddable":true,"href":"https:\/\/aztex.ee\/es\/wp-json\/wp\/v2\/comments?post=49165"}],"version-history":[{"count":0,"href":"https:\/\/aztex.ee\/es\/wp-json\/wp\/v2\/product\/49165\/revisions"}],"wp:featuredmedia":[{"embeddable":true,"href":"https:\/\/aztex.ee\/es\/wp-json\/wp\/v2\/media\/48895"}],"wp:attachment":[{"href":"https:\/\/aztex.ee\/es\/wp-json\/wp\/v2\/media?parent=49165"}],"wp:term":[{"taxonomy":"product_brand","embeddable":true,"href":"https:\/\/aztex.ee\/es\/wp-json\/wp\/v2\/product_brand?post=49165"},{"taxonomy":"product_cat","embeddable":true,"href":"https:\/\/aztex.ee\/es\/wp-json\/wp\/v2\/product_cat?post=49165"},{"taxonomy":"product_tag","embeddable":true,"href":"https:\/\/aztex.ee\/es\/wp-json\/wp\/v2\/product_tag?post=49165"}],"curies":[{"name":"wp","href":"https:\/\/api.w.org\/{rel}","templated":true}]}}