{"id":47654,"date":"2025-01-28T08:48:05","date_gmt":"2025-01-28T08:48:05","guid":{"rendered":"https:\/\/aztex.ee\/?post_type=product&#038;p=47654"},"modified":"2026-04-18T10:59:19","modified_gmt":"2026-04-18T10:59:19","slug":"toalla-de-algodon","status":"publish","type":"product","link":"https:\/\/aztex.ee\/es\/pood\/toallas-y-toallas-de-bano\/toalla-de-algodon\/","title":{"rendered":"Toalla 100% algod\u00f3n"},"content":{"rendered":"<p><strong>Toalla de algod\u00f3n: una opci\u00f3n pr\u00e1ctica y elegante para el uso diario<\/strong><\/p>\n<p>Una toalla de algod\u00f3n de alta calidad combina comodidad, durabilidad y apariencia est\u00e9tica. Est\u00e1 hecha de algod\u00f3n 100% natural, por lo que la toalla es suave y absorbente, ideal para el uso diario. El dise\u00f1o vers\u00e1til complementa el interior de su hogar y es una opci\u00f3n pr\u00e1ctica para cualquier ocasi\u00f3n.<\/p>\n<p><strong>Caracter\u00edsticas principales:<\/strong><\/p>\n<p><strong>Material<\/strong><br \/>\nLa toalla est\u00e1 hecha de algod\u00f3n 100% puro, lo que garantiza su especial suavidad y transpirabilidad. Gracias al material natural, se siente agradable en la piel y tambi\u00e9n es adecuada para personas con piel sensible.<\/p>\n<p><strong>Absorbencia<\/strong><br \/>\nLa tela de algod\u00f3n absorbe eficazmente la humedad, proporcionando un secado r\u00e1pido y c\u00f3modo. Esto hace que la toalla sea adecuada para el uso diario.<\/p>\n<p><strong>Durabilidad<\/strong><br \/>\nUna toalla de algod\u00f3n es duradera y conserva sus propiedades incluso despu\u00e9s de repetidos lavados. Sus fuertes fibras evitan el desgaste, lo que garantiza una larga vida \u00fatil.<\/p>\n<p><strong>Dise\u00f1o<\/strong><br \/>\nLa toalla est\u00e1 disponible en diferentes colores, combinando con diferentes estilos e interiores. Ya sea de estilo minimalista o cl\u00e1sico, esta toalla realzar\u00e1 cualquier habitaci\u00f3n.<\/p>\n<p><strong>Cuidado<\/strong><br \/>\nLa toalla es f\u00e1cil de cuidar: se puede lavar a m\u00e1quina y se seca r\u00e1pidamente. El material conserva su suavidad y el brillo del color incluso despu\u00e9s de lavados frecuentes, lo que siempre proporciona una experiencia agradable.<\/p>\n<p>La toalla de algod\u00f3n es ideal tanto para el uso diario como para un regalo pr\u00e1ctico. Su material de alta calidad y su dise\u00f1o elegante garantizan una excelente comodidad de uso.<\/p>\n","protected":false},"excerpt":{"rendered":"<ul>\n<li>Material: 100% algod\u00f3n<\/li>\n<li>Tama\u00f1o: 35\u00d775 cm \u00b13<\/li>\n<li>Peso: 450g\/m2<\/li>\n<\/ul>\n","protected":false},"featured_media":47984,"comment_status":"open","ping_status":"closed","template":"","meta":[],"product_brand":[],"product_cat":[1741,785,489],"product_tag":[],"class_list":{"0":"post-47654","1":"product","2":"type-product","3":"status-publish","4":"has-post-thumbnail","6":"product_cat-toallas","7":"product_cat-toallas-35x75-cm","8":"product_cat-toallas-y-toallas-de-bano","10":"first","11":"instock","12":"sale","13":"shipping-taxable","14":"purchasable","15":"product-type-variable"},"yoast_head":"<!-- This site is optimized with the Yoast SEO plugin v27.4 - https:\/\/yoast.com\/product\/yoast-seo-wordpress\/ -->\n<title>Toalla 100% algod\u00f3n | Natural y Suave - AZTEX<\/title>\n<meta name=\"description\" content=\"Toalla de algod\u00f3n duradera, elegante y de f\u00e1cil cuidado, suave y de alta calidad. La toalla de algod\u00f3n est\u00e1 hecha de 100% algod\u00f3n, es suave y absorbente.\" \/>\n<meta name=\"robots\" content=\"index, follow, max-snippet:-1, max-image-preview:large, max-video-preview:-1\" \/>\n<link rel=\"canonical\" href=\"https:\/\/aztex.ee\/es\/pood\/toallas-y-toallas-de-bano\/toalla-de-algodon\/\" \/>\n<meta property=\"og:locale\" content=\"es_ES\" \/>\n<meta property=\"og:type\" content=\"article\" \/>\n<meta property=\"og:title\" content=\"Toalla 100% algod\u00f3n | Natural y Suave - AZTEX\" \/>\n<meta property=\"og:description\" content=\"Toalla de algod\u00f3n duradera, elegante y de f\u00e1cil cuidado, suave y de alta calidad. La toalla de algod\u00f3n est\u00e1 hecha de 100% algod\u00f3n, es suave y absorbente.\" \/>\n<meta property=\"og:url\" content=\"https:\/\/aztex.ee\/es\/pood\/toallas-y-toallas-de-bano\/toalla-de-algodon\/\" \/>\n<meta property=\"og:site_name\" content=\"AZTEX\" \/>\n<meta property=\"article:publisher\" content=\"https:\/\/www.facebook.com\/AztexEE\" \/>\n<meta property=\"article:modified_time\" content=\"2026-04-18T10:59:19+00:00\" \/>\n<meta property=\"og:image\" content=\"https:\/\/aztex.ee\/wp-content\/uploads\/2025\/01\/Puuvillane-ratik.jpg\" \/>\n\t<meta property=\"og:image:width\" content=\"800\" \/>\n\t<meta property=\"og:image:height\" content=\"800\" \/>\n\t<meta property=\"og:image:type\" content=\"image\/jpeg\" \/>\n<meta name=\"twitter:card\" content=\"summary_large_image\" \/>\n<meta name=\"twitter:label1\" content=\"Tiempo de lectura\" \/>\n\t<meta name=\"twitter:data1\" content=\"2 minutos\" \/>\n<script type=\"application\/ld+json\" class=\"yoast-schema-graph\">{\"@context\":\"https:\\\/\\\/schema.org\",\"@graph\":[{\"@type\":[\"WebPage\",\"ItemPage\"],\"@id\":\"https:\\\/\\\/aztex.ee\\\/es\\\/pood\\\/toallas-y-toallas-de-bano\\\/toalla-de-algodon\\\/\",\"url\":\"https:\\\/\\\/aztex.ee\\\/es\\\/pood\\\/toallas-y-toallas-de-bano\\\/toalla-de-algodon\\\/\",\"name\":\"Toalla 100% algod\u00f3n | Natural y Suave - AZTEX\",\"isPartOf\":{\"@id\":\"https:\\\/\\\/aztex.ee\\\/es\\\/#website\"},\"primaryImageOfPage\":{\"@id\":\"https:\\\/\\\/aztex.ee\\\/es\\\/pood\\\/toallas-y-toallas-de-bano\\\/toalla-de-algodon\\\/#primaryimage\"},\"image\":{\"@id\":\"https:\\\/\\\/aztex.ee\\\/es\\\/pood\\\/toallas-y-toallas-de-bano\\\/toalla-de-algodon\\\/#primaryimage\"},\"thumbnailUrl\":\"https:\\\/\\\/aztex.ee\\\/wp-content\\\/uploads\\\/2025\\\/01\\\/Puuvillane-ratik.jpg\",\"datePublished\":\"2025-01-28T08:48:05+00:00\",\"dateModified\":\"2026-04-18T10:59:19+00:00\",\"description\":\"Toalla de algod\u00f3n duradera, elegante y de f\u00e1cil cuidado, suave y de alta calidad. La toalla de algod\u00f3n est\u00e1 hecha de 100% algod\u00f3n, es suave y absorbente.\",\"breadcrumb\":{\"@id\":\"https:\\\/\\\/aztex.ee\\\/es\\\/pood\\\/toallas-y-toallas-de-bano\\\/toalla-de-algodon\\\/#breadcrumb\"},\"inLanguage\":\"es\",\"potentialAction\":[{\"@type\":\"ReadAction\",\"target\":[\"https:\\\/\\\/aztex.ee\\\/es\\\/pood\\\/toallas-y-toallas-de-bano\\\/toalla-de-algodon\\\/\"]}]},{\"@type\":\"ImageObject\",\"inLanguage\":\"es\",\"@id\":\"https:\\\/\\\/aztex.ee\\\/es\\\/pood\\\/toallas-y-toallas-de-bano\\\/toalla-de-algodon\\\/#primaryimage\",\"url\":\"https:\\\/\\\/aztex.ee\\\/wp-content\\\/uploads\\\/2025\\\/01\\\/Puuvillane-ratik.jpg\",\"contentUrl\":\"https:\\\/\\\/aztex.ee\\\/wp-content\\\/uploads\\\/2025\\\/01\\\/Puuvillane-ratik.jpg\",\"width\":800,\"height\":800,\"caption\":\"Puuvillane r\u00e4tik\"},{\"@type\":\"BreadcrumbList\",\"@id\":\"https:\\\/\\\/aztex.ee\\\/es\\\/pood\\\/toallas-y-toallas-de-bano\\\/toalla-de-algodon\\\/#breadcrumb\",\"itemListElement\":[{\"@type\":\"ListItem\",\"position\":1,\"name\":\"Inicio\",\"item\":\"https:\\\/\\\/aztex.ee\\\/es\\\/\"},{\"@type\":\"ListItem\",\"position\":2,\"name\":\"Tienda\",\"item\":\"https:\\\/\\\/aztex.ee\\\/es\\\/tienda\\\/\"},{\"@type\":\"ListItem\",\"position\":3,\"name\":\"Toalla 100% algod\u00f3n\"}]},{\"@type\":\"WebSite\",\"@id\":\"https:\\\/\\\/aztex.ee\\\/es\\\/#website\",\"url\":\"https:\\\/\\\/aztex.ee\\\/es\\\/\",\"name\":\"AZTEX\",\"description\":\"\",\"publisher\":{\"@id\":\"https:\\\/\\\/aztex.ee\\\/es\\\/#organization\"},\"potentialAction\":[{\"@type\":\"SearchAction\",\"target\":{\"@type\":\"EntryPoint\",\"urlTemplate\":\"https:\\\/\\\/aztex.ee\\\/es\\\/?s={search_term_string}\"},\"query-input\":{\"@type\":\"PropertyValueSpecification\",\"valueRequired\":true,\"valueName\":\"search_term_string\"}}],\"inLanguage\":\"es\"},{\"@type\":\"Organization\",\"@id\":\"https:\\\/\\\/aztex.ee\\\/es\\\/#organization\",\"name\":\"AZTEX\",\"url\":\"https:\\\/\\\/aztex.ee\\\/es\\\/\",\"logo\":{\"@type\":\"ImageObject\",\"inLanguage\":\"es\",\"@id\":\"https:\\\/\\\/aztex.ee\\\/es\\\/#\\\/schema\\\/logo\\\/image\\\/\",\"url\":\"https:\\\/\\\/aztex.ee\\\/wp-content\\\/uploads\\\/2026\\\/01\\\/AZTEX.png\",\"contentUrl\":\"https:\\\/\\\/aztex.ee\\\/wp-content\\\/uploads\\\/2026\\\/01\\\/AZTEX.png\",\"width\":500,\"height\":500,\"caption\":\"AZTEX\"},\"image\":{\"@id\":\"https:\\\/\\\/aztex.ee\\\/es\\\/#\\\/schema\\\/logo\\\/image\\\/\"},\"sameAs\":[\"https:\\\/\\\/www.facebook.com\\\/AztexEE\",\"https:\\\/\\\/www.instagram.com\\\/aztexeesti\\\/\",\"https:\\\/\\\/www.youtube.com\\\/@AZTEXEE\",\"https:\\\/\\\/www.pinterest.com\\\/aztex_eesti\\\/\",\"https:\\\/\\\/www.tiktok.com\\\/@aztexeesti\",\"https:\\\/\\\/www.trustpilot.com\\\/review\\\/aztex.ee\",\"https:\\\/\\\/www.linkedin.com\\\/company\\\/aztex-ee\\\/\",\"https:\\\/\\\/www.wikidata.org\\\/wiki\\\/Q137560182\"]}]}<\/script>\n<!-- \/ Yoast SEO plugin. -->","yoast_head_json":{"title":"Toalla 100% algod\u00f3n | Natural y Suave - AZTEX","description":"Toalla de algod\u00f3n duradera, elegante y de f\u00e1cil cuidado, suave y de alta calidad. La toalla de algod\u00f3n est\u00e1 hecha de 100% algod\u00f3n, es suave y absorbente.","robots":{"index":"index","follow":"follow","max-snippet":"max-snippet:-1","max-image-preview":"max-image-preview:large","max-video-preview":"max-video-preview:-1"},"canonical":"https:\/\/aztex.ee\/es\/pood\/toallas-y-toallas-de-bano\/toalla-de-algodon\/","og_locale":"es_ES","og_type":"article","og_title":"Toalla 100% algod\u00f3n | Natural y Suave - AZTEX","og_description":"Toalla de algod\u00f3n duradera, elegante y de f\u00e1cil cuidado, suave y de alta calidad. La toalla de algod\u00f3n est\u00e1 hecha de 100% algod\u00f3n, es suave y absorbente.","og_url":"https:\/\/aztex.ee\/es\/pood\/toallas-y-toallas-de-bano\/toalla-de-algodon\/","og_site_name":"AZTEX","article_publisher":"https:\/\/www.facebook.com\/AztexEE","article_modified_time":"2026-04-18T10:59:19+00:00","og_image":[{"width":800,"height":800,"url":"https:\/\/aztex.ee\/wp-content\/uploads\/2025\/01\/Puuvillane-ratik.jpg","type":"image\/jpeg"}],"twitter_card":"summary_large_image","twitter_misc":{"Tiempo de lectura":"2 minutos"},"schema":{"@context":"https:\/\/schema.org","@graph":[{"@type":["WebPage","ItemPage"],"@id":"https:\/\/aztex.ee\/es\/pood\/toallas-y-toallas-de-bano\/toalla-de-algodon\/","url":"https:\/\/aztex.ee\/es\/pood\/toallas-y-toallas-de-bano\/toalla-de-algodon\/","name":"Toalla 100% algod\u00f3n | Natural y Suave - AZTEX","isPartOf":{"@id":"https:\/\/aztex.ee\/es\/#website"},"primaryImageOfPage":{"@id":"https:\/\/aztex.ee\/es\/pood\/toallas-y-toallas-de-bano\/toalla-de-algodon\/#primaryimage"},"image":{"@id":"https:\/\/aztex.ee\/es\/pood\/toallas-y-toallas-de-bano\/toalla-de-algodon\/#primaryimage"},"thumbnailUrl":"https:\/\/aztex.ee\/wp-content\/uploads\/2025\/01\/Puuvillane-ratik.jpg","datePublished":"2025-01-28T08:48:05+00:00","dateModified":"2026-04-18T10:59:19+00:00","description":"Toalla de algod\u00f3n duradera, elegante y de f\u00e1cil cuidado, suave y de alta calidad. La toalla de algod\u00f3n est\u00e1 hecha de 100% algod\u00f3n, es suave y absorbente.","breadcrumb":{"@id":"https:\/\/aztex.ee\/es\/pood\/toallas-y-toallas-de-bano\/toalla-de-algodon\/#breadcrumb"},"inLanguage":"es","potentialAction":[{"@type":"ReadAction","target":["https:\/\/aztex.ee\/es\/pood\/toallas-y-toallas-de-bano\/toalla-de-algodon\/"]}]},{"@type":"ImageObject","inLanguage":"es","@id":"https:\/\/aztex.ee\/es\/pood\/toallas-y-toallas-de-bano\/toalla-de-algodon\/#primaryimage","url":"https:\/\/aztex.ee\/wp-content\/uploads\/2025\/01\/Puuvillane-ratik.jpg","contentUrl":"https:\/\/aztex.ee\/wp-content\/uploads\/2025\/01\/Puuvillane-ratik.jpg","width":800,"height":800,"caption":"Puuvillane r\u00e4tik"},{"@type":"BreadcrumbList","@id":"https:\/\/aztex.ee\/es\/pood\/toallas-y-toallas-de-bano\/toalla-de-algodon\/#breadcrumb","itemListElement":[{"@type":"ListItem","position":1,"name":"Inicio","item":"https:\/\/aztex.ee\/es\/"},{"@type":"ListItem","position":2,"name":"Tienda","item":"https:\/\/aztex.ee\/es\/tienda\/"},{"@type":"ListItem","position":3,"name":"Toalla 100% algod\u00f3n"}]},{"@type":"WebSite","@id":"https:\/\/aztex.ee\/es\/#website","url":"https:\/\/aztex.ee\/es\/","name":"AZTEX","description":"","publisher":{"@id":"https:\/\/aztex.ee\/es\/#organization"},"potentialAction":[{"@type":"SearchAction","target":{"@type":"EntryPoint","urlTemplate":"https:\/\/aztex.ee\/es\/?s={search_term_string}"},"query-input":{"@type":"PropertyValueSpecification","valueRequired":true,"valueName":"search_term_string"}}],"inLanguage":"es"},{"@type":"Organization","@id":"https:\/\/aztex.ee\/es\/#organization","name":"AZTEX","url":"https:\/\/aztex.ee\/es\/","logo":{"@type":"ImageObject","inLanguage":"es","@id":"https:\/\/aztex.ee\/es\/#\/schema\/logo\/image\/","url":"https:\/\/aztex.ee\/wp-content\/uploads\/2026\/01\/AZTEX.png","contentUrl":"https:\/\/aztex.ee\/wp-content\/uploads\/2026\/01\/AZTEX.png","width":500,"height":500,"caption":"AZTEX"},"image":{"@id":"https:\/\/aztex.ee\/es\/#\/schema\/logo\/image\/"},"sameAs":["https:\/\/www.facebook.com\/AztexEE","https:\/\/www.instagram.com\/aztexeesti\/","https:\/\/www.youtube.com\/@AZTEXEE","https:\/\/www.pinterest.com\/aztex_eesti\/","https:\/\/www.tiktok.com\/@aztexeesti","https:\/\/www.trustpilot.com\/review\/aztex.ee","https:\/\/www.linkedin.com\/company\/aztex-ee\/","https:\/\/www.wikidata.org\/wiki\/Q137560182"]}]}},"_links":{"self":[{"href":"https:\/\/aztex.ee\/es\/wp-json\/wp\/v2\/product\/47654","targetHints":{"allow":["GET"]}}],"collection":[{"href":"https:\/\/aztex.ee\/es\/wp-json\/wp\/v2\/product"}],"about":[{"href":"https:\/\/aztex.ee\/es\/wp-json\/wp\/v2\/types\/product"}],"replies":[{"embeddable":true,"href":"https:\/\/aztex.ee\/es\/wp-json\/wp\/v2\/comments?post=47654"}],"version-history":[{"count":0,"href":"https:\/\/aztex.ee\/es\/wp-json\/wp\/v2\/product\/47654\/revisions"}],"wp:featuredmedia":[{"embeddable":true,"href":"https:\/\/aztex.ee\/es\/wp-json\/wp\/v2\/media\/47984"}],"wp:attachment":[{"href":"https:\/\/aztex.ee\/es\/wp-json\/wp\/v2\/media?parent=47654"}],"wp:term":[{"taxonomy":"product_brand","embeddable":true,"href":"https:\/\/aztex.ee\/es\/wp-json\/wp\/v2\/product_brand?post=47654"},{"taxonomy":"product_cat","embeddable":true,"href":"https:\/\/aztex.ee\/es\/wp-json\/wp\/v2\/product_cat?post=47654"},{"taxonomy":"product_tag","embeddable":true,"href":"https:\/\/aztex.ee\/es\/wp-json\/wp\/v2\/product_tag?post=47654"}],"curies":[{"name":"wp","href":"https:\/\/api.w.org\/{rel}","templated":true}]}}