{"id":46982,"date":"2025-01-25T18:05:42","date_gmt":"2025-01-25T18:05:42","guid":{"rendered":"https:\/\/aztex.ee\/?post_type=product&#038;p=46982"},"modified":"2026-01-06T15:33:45","modified_gmt":"2026-01-06T15:33:45","slug":"toalla-de-bano-de-bambu-suave","status":"publish","type":"product","link":"https:\/\/aztex.ee\/es\/pood\/toallas-y-toallas-de-bano\/toalla-de-bano-de-bambu-suave\/","title":{"rendered":"Toalla de ba\u00f1o de bamb\u00fa 70&#215;140 cm"},"content":{"rendered":"<p><strong>Toalla de ba\u00f1o de bamb\u00fa: suavidad natural<\/strong><\/p>\n<p>La toalla de ba\u00f1o de bamb\u00fa es la elecci\u00f3n perfecta si buscas una alternativa ecol\u00f3gica y de alta calidad para el uso diario. El bamb\u00fa ofrece el lujo de la naturaleza: suavidad, capacidad de absorci\u00f3n y propiedades antibacterianas que cuidan la piel y el medio ambiente. Esta toalla de ba\u00f1o est\u00e1 dise\u00f1ada para durar, proporcionando comodidad y frescura en cada uso.<\/p>\n<p><strong>Elecci\u00f3n natural y respetuosa con el medio ambiente<\/strong><br \/>\nLa toalla de ba\u00f1o de bamb\u00fa est\u00e1 hecha teniendo en cuenta el respeto al medio ambiente. El bamb\u00fa es un material sostenible, que es la elecci\u00f3n perfecta para cuidar la naturaleza.<\/p>\n<p><strong>Suavidad y capacidad de absorci\u00f3n excepcionales<\/strong><br \/>\nLa toalla de ba\u00f1o hecha de bamb\u00fa es extremadamente suave y absorbente, proporcionando un tacto lujoso a la piel y un secado r\u00e1pido. El bamb\u00fa es naturalmente transpirable, lo que garantiza la comodidad en todas las condiciones.<\/p>\n<p><strong>Durabilidad y calidad<\/strong><br \/>\nLa toalla de ba\u00f1o de bamb\u00fa es duradera y duradera, dise\u00f1ada para soportar el uso y el lavado diarios. El bamb\u00fa conserva sus propiedades durante mucho tiempo, proporcionando una soluci\u00f3n fiable y de alta calidad para el uso diario.<\/p>\n<p><strong>Suave con la piel sensible<\/strong><br \/>\nEl bamb\u00fa es naturalmente hipoalerg\u00e9nico y suave con la piel, lo que hace que una toalla de ba\u00f1o de bamb\u00fa sea una excelente opci\u00f3n incluso para las pieles m\u00e1s sensibles. El bamb\u00fa suaviza la piel, evitando la irritaci\u00f3n y garantizando una experiencia agradable.<\/p>\n<p><strong>Estilo natural y adecuado para cualquier interior<\/strong><br \/>\nLa toalla de ba\u00f1o de bamb\u00fa agrega calidez natural y elegancia al ba\u00f1o. Diferentes colores y texturas se adaptan a cualquier dise\u00f1o de interior, creando un ambiente tranquilo y acogedor.<\/p>\n<p><strong>Cuida tu piel y la naturaleza<\/strong><br \/>\nAl elegir una toalla de ba\u00f1o de bamb\u00fa, cuidas tanto tu piel como la naturaleza. El bamb\u00fa es un regalo de la naturaleza que brinda comodidad y frescura diarias, a la vez que es una opci\u00f3n ecol\u00f3gicamente responsable.<\/p>\n","protected":false},"excerpt":{"rendered":"<ul>\n<li>Material: 100% bamb\u00fa<\/li>\n<li>Tama\u00f1o: 70\u00d7140 cm \u00b13<\/li>\n<li>Peso: 420 g\/m2<\/li>\n<\/ul>\n","protected":false},"featured_media":47037,"comment_status":"open","ping_status":"closed","template":"","meta":[],"product_brand":[],"product_cat":[996,1602,1719,1653,489],"product_tag":[],"class_list":{"0":"post-46982","1":"product","2":"type-product","3":"status-publish","4":"has-post-thumbnail","6":"product_cat-toallas-de-bambu","7":"product_cat-toallas-de-bano","8":"product_cat-toallas-de-bano-70x140-cm","9":"product_cat-toallas-de-bano-de-bambu","10":"product_cat-toallas-y-toallas-de-bano","12":"first","13":"instock","14":"shipping-taxable","15":"purchasable","16":"product-type-variable"},"yoast_head":"<!-- This site is optimized with the Yoast SEO plugin v27.4 - https:\/\/yoast.com\/product\/yoast-seo-wordpress\/ -->\n<title>Toalla de ba\u00f1o de bamb\u00fa 70x140 cm | Natural y Suave - AZTEX<\/title>\n<meta name=\"description\" content=\"Toalla de ba\u00f1o de bamb\u00fa suave elaborada con materiales naturales. Proporciona comodidad y frescura duradera para uso diario. Ecol\u00f3gica y duradera.\" \/>\n<meta name=\"robots\" content=\"index, follow, max-snippet:-1, max-image-preview:large, max-video-preview:-1\" \/>\n<link rel=\"canonical\" href=\"https:\/\/aztex.ee\/es\/pood\/toallas-y-toallas-de-bano\/toalla-de-bano-de-bambu-suave\/\" \/>\n<meta property=\"og:locale\" content=\"es_ES\" \/>\n<meta property=\"og:type\" content=\"article\" \/>\n<meta property=\"og:title\" content=\"Toalla de ba\u00f1o de bamb\u00fa 70x140 cm | Natural y Suave - AZTEX\" \/>\n<meta property=\"og:description\" content=\"Toalla de ba\u00f1o de bamb\u00fa suave elaborada con materiales naturales. Proporciona comodidad y frescura duradera para uso diario. Ecol\u00f3gica y duradera.\" \/>\n<meta property=\"og:url\" content=\"https:\/\/aztex.ee\/es\/pood\/toallas-y-toallas-de-bano\/toalla-de-bano-de-bambu-suave\/\" \/>\n<meta property=\"og:site_name\" content=\"AZTEX\" \/>\n<meta property=\"article:publisher\" content=\"https:\/\/www.facebook.com\/AztexEE\" \/>\n<meta property=\"article:modified_time\" content=\"2026-01-06T15:33:45+00:00\" \/>\n<meta property=\"og:image\" content=\"https:\/\/aztex.ee\/wp-content\/uploads\/2025\/01\/Bambusest-vanniratik-70x140-cm.jpg\" \/>\n\t<meta property=\"og:image:width\" content=\"800\" \/>\n\t<meta property=\"og:image:height\" content=\"800\" \/>\n\t<meta property=\"og:image:type\" content=\"image\/jpeg\" \/>\n<meta name=\"twitter:card\" content=\"summary_large_image\" \/>\n<meta name=\"twitter:label1\" content=\"Tiempo de lectura\" \/>\n\t<meta name=\"twitter:data1\" content=\"2 minutos\" \/>\n<script type=\"application\/ld+json\" class=\"yoast-schema-graph\">{\"@context\":\"https:\\\/\\\/schema.org\",\"@graph\":[{\"@type\":[\"WebPage\",\"ItemPage\"],\"@id\":\"https:\\\/\\\/aztex.ee\\\/es\\\/pood\\\/toallas-y-toallas-de-bano\\\/toalla-de-bano-de-bambu-suave\\\/\",\"url\":\"https:\\\/\\\/aztex.ee\\\/es\\\/pood\\\/toallas-y-toallas-de-bano\\\/toalla-de-bano-de-bambu-suave\\\/\",\"name\":\"Toalla de ba\u00f1o de bamb\u00fa 70x140 cm | Natural y Suave - AZTEX\",\"isPartOf\":{\"@id\":\"https:\\\/\\\/aztex.ee\\\/es\\\/#website\"},\"primaryImageOfPage\":{\"@id\":\"https:\\\/\\\/aztex.ee\\\/es\\\/pood\\\/toallas-y-toallas-de-bano\\\/toalla-de-bano-de-bambu-suave\\\/#primaryimage\"},\"image\":{\"@id\":\"https:\\\/\\\/aztex.ee\\\/es\\\/pood\\\/toallas-y-toallas-de-bano\\\/toalla-de-bano-de-bambu-suave\\\/#primaryimage\"},\"thumbnailUrl\":\"https:\\\/\\\/aztex.ee\\\/wp-content\\\/uploads\\\/2025\\\/01\\\/Bambusest-vanniratik-70x140-cm.jpg\",\"datePublished\":\"2025-01-25T18:05:42+00:00\",\"dateModified\":\"2026-01-06T15:33:45+00:00\",\"description\":\"Toalla de ba\u00f1o de bamb\u00fa suave elaborada con materiales naturales. Proporciona comodidad y frescura duradera para uso diario. Ecol\u00f3gica y duradera.\",\"breadcrumb\":{\"@id\":\"https:\\\/\\\/aztex.ee\\\/es\\\/pood\\\/toallas-y-toallas-de-bano\\\/toalla-de-bano-de-bambu-suave\\\/#breadcrumb\"},\"inLanguage\":\"es\",\"potentialAction\":[{\"@type\":\"ReadAction\",\"target\":[\"https:\\\/\\\/aztex.ee\\\/es\\\/pood\\\/toallas-y-toallas-de-bano\\\/toalla-de-bano-de-bambu-suave\\\/\"]}]},{\"@type\":\"ImageObject\",\"inLanguage\":\"es\",\"@id\":\"https:\\\/\\\/aztex.ee\\\/es\\\/pood\\\/toallas-y-toallas-de-bano\\\/toalla-de-bano-de-bambu-suave\\\/#primaryimage\",\"url\":\"https:\\\/\\\/aztex.ee\\\/wp-content\\\/uploads\\\/2025\\\/01\\\/Bambusest-vanniratik-70x140-cm.jpg\",\"contentUrl\":\"https:\\\/\\\/aztex.ee\\\/wp-content\\\/uploads\\\/2025\\\/01\\\/Bambusest-vanniratik-70x140-cm.jpg\",\"width\":800,\"height\":800,\"caption\":\"Bambusest vannir\u00e4tik 70x140 cm\"},{\"@type\":\"BreadcrumbList\",\"@id\":\"https:\\\/\\\/aztex.ee\\\/es\\\/pood\\\/toallas-y-toallas-de-bano\\\/toalla-de-bano-de-bambu-suave\\\/#breadcrumb\",\"itemListElement\":[{\"@type\":\"ListItem\",\"position\":1,\"name\":\"Inicio\",\"item\":\"https:\\\/\\\/aztex.ee\\\/es\\\/\"},{\"@type\":\"ListItem\",\"position\":2,\"name\":\"Tienda\",\"item\":\"https:\\\/\\\/aztex.ee\\\/es\\\/tienda\\\/\"},{\"@type\":\"ListItem\",\"position\":3,\"name\":\"Toalla de ba\u00f1o de bamb\u00fa 70&#215;140 cm\"}]},{\"@type\":\"WebSite\",\"@id\":\"https:\\\/\\\/aztex.ee\\\/es\\\/#website\",\"url\":\"https:\\\/\\\/aztex.ee\\\/es\\\/\",\"name\":\"AZTEX\",\"description\":\"\",\"publisher\":{\"@id\":\"https:\\\/\\\/aztex.ee\\\/es\\\/#organization\"},\"potentialAction\":[{\"@type\":\"SearchAction\",\"target\":{\"@type\":\"EntryPoint\",\"urlTemplate\":\"https:\\\/\\\/aztex.ee\\\/es\\\/?s={search_term_string}\"},\"query-input\":{\"@type\":\"PropertyValueSpecification\",\"valueRequired\":true,\"valueName\":\"search_term_string\"}}],\"inLanguage\":\"es\"},{\"@type\":\"Organization\",\"@id\":\"https:\\\/\\\/aztex.ee\\\/es\\\/#organization\",\"name\":\"AZTEX\",\"url\":\"https:\\\/\\\/aztex.ee\\\/es\\\/\",\"logo\":{\"@type\":\"ImageObject\",\"inLanguage\":\"es\",\"@id\":\"https:\\\/\\\/aztex.ee\\\/es\\\/#\\\/schema\\\/logo\\\/image\\\/\",\"url\":\"https:\\\/\\\/aztex.ee\\\/wp-content\\\/uploads\\\/2026\\\/01\\\/AZTEX.png\",\"contentUrl\":\"https:\\\/\\\/aztex.ee\\\/wp-content\\\/uploads\\\/2026\\\/01\\\/AZTEX.png\",\"width\":500,\"height\":500,\"caption\":\"AZTEX\"},\"image\":{\"@id\":\"https:\\\/\\\/aztex.ee\\\/es\\\/#\\\/schema\\\/logo\\\/image\\\/\"},\"sameAs\":[\"https:\\\/\\\/www.facebook.com\\\/AztexEE\",\"https:\\\/\\\/www.instagram.com\\\/aztexeesti\\\/\",\"https:\\\/\\\/www.youtube.com\\\/@AZTEXEE\",\"https:\\\/\\\/www.pinterest.com\\\/aztex_eesti\\\/\",\"https:\\\/\\\/www.tiktok.com\\\/@aztexeesti\",\"https:\\\/\\\/www.trustpilot.com\\\/review\\\/aztex.ee\",\"https:\\\/\\\/www.linkedin.com\\\/company\\\/aztex-ee\\\/\",\"https:\\\/\\\/www.wikidata.org\\\/wiki\\\/Q137560182\"]}]}<\/script>\n<!-- \/ Yoast SEO plugin. -->","yoast_head_json":{"title":"Toalla de ba\u00f1o de bamb\u00fa 70x140 cm | Natural y Suave - AZTEX","description":"Toalla de ba\u00f1o de bamb\u00fa suave elaborada con materiales naturales. Proporciona comodidad y frescura duradera para uso diario. Ecol\u00f3gica y duradera.","robots":{"index":"index","follow":"follow","max-snippet":"max-snippet:-1","max-image-preview":"max-image-preview:large","max-video-preview":"max-video-preview:-1"},"canonical":"https:\/\/aztex.ee\/es\/pood\/toallas-y-toallas-de-bano\/toalla-de-bano-de-bambu-suave\/","og_locale":"es_ES","og_type":"article","og_title":"Toalla de ba\u00f1o de bamb\u00fa 70x140 cm | Natural y Suave - AZTEX","og_description":"Toalla de ba\u00f1o de bamb\u00fa suave elaborada con materiales naturales. Proporciona comodidad y frescura duradera para uso diario. Ecol\u00f3gica y duradera.","og_url":"https:\/\/aztex.ee\/es\/pood\/toallas-y-toallas-de-bano\/toalla-de-bano-de-bambu-suave\/","og_site_name":"AZTEX","article_publisher":"https:\/\/www.facebook.com\/AztexEE","article_modified_time":"2026-01-06T15:33:45+00:00","og_image":[{"width":800,"height":800,"url":"https:\/\/aztex.ee\/wp-content\/uploads\/2025\/01\/Bambusest-vanniratik-70x140-cm.jpg","type":"image\/jpeg"}],"twitter_card":"summary_large_image","twitter_misc":{"Tiempo de lectura":"2 minutos"},"schema":{"@context":"https:\/\/schema.org","@graph":[{"@type":["WebPage","ItemPage"],"@id":"https:\/\/aztex.ee\/es\/pood\/toallas-y-toallas-de-bano\/toalla-de-bano-de-bambu-suave\/","url":"https:\/\/aztex.ee\/es\/pood\/toallas-y-toallas-de-bano\/toalla-de-bano-de-bambu-suave\/","name":"Toalla de ba\u00f1o de bamb\u00fa 70x140 cm | Natural y Suave - AZTEX","isPartOf":{"@id":"https:\/\/aztex.ee\/es\/#website"},"primaryImageOfPage":{"@id":"https:\/\/aztex.ee\/es\/pood\/toallas-y-toallas-de-bano\/toalla-de-bano-de-bambu-suave\/#primaryimage"},"image":{"@id":"https:\/\/aztex.ee\/es\/pood\/toallas-y-toallas-de-bano\/toalla-de-bano-de-bambu-suave\/#primaryimage"},"thumbnailUrl":"https:\/\/aztex.ee\/wp-content\/uploads\/2025\/01\/Bambusest-vanniratik-70x140-cm.jpg","datePublished":"2025-01-25T18:05:42+00:00","dateModified":"2026-01-06T15:33:45+00:00","description":"Toalla de ba\u00f1o de bamb\u00fa suave elaborada con materiales naturales. Proporciona comodidad y frescura duradera para uso diario. Ecol\u00f3gica y duradera.","breadcrumb":{"@id":"https:\/\/aztex.ee\/es\/pood\/toallas-y-toallas-de-bano\/toalla-de-bano-de-bambu-suave\/#breadcrumb"},"inLanguage":"es","potentialAction":[{"@type":"ReadAction","target":["https:\/\/aztex.ee\/es\/pood\/toallas-y-toallas-de-bano\/toalla-de-bano-de-bambu-suave\/"]}]},{"@type":"ImageObject","inLanguage":"es","@id":"https:\/\/aztex.ee\/es\/pood\/toallas-y-toallas-de-bano\/toalla-de-bano-de-bambu-suave\/#primaryimage","url":"https:\/\/aztex.ee\/wp-content\/uploads\/2025\/01\/Bambusest-vanniratik-70x140-cm.jpg","contentUrl":"https:\/\/aztex.ee\/wp-content\/uploads\/2025\/01\/Bambusest-vanniratik-70x140-cm.jpg","width":800,"height":800,"caption":"Bambusest vannir\u00e4tik 70x140 cm"},{"@type":"BreadcrumbList","@id":"https:\/\/aztex.ee\/es\/pood\/toallas-y-toallas-de-bano\/toalla-de-bano-de-bambu-suave\/#breadcrumb","itemListElement":[{"@type":"ListItem","position":1,"name":"Inicio","item":"https:\/\/aztex.ee\/es\/"},{"@type":"ListItem","position":2,"name":"Tienda","item":"https:\/\/aztex.ee\/es\/tienda\/"},{"@type":"ListItem","position":3,"name":"Toalla de ba\u00f1o de bamb\u00fa 70&#215;140 cm"}]},{"@type":"WebSite","@id":"https:\/\/aztex.ee\/es\/#website","url":"https:\/\/aztex.ee\/es\/","name":"AZTEX","description":"","publisher":{"@id":"https:\/\/aztex.ee\/es\/#organization"},"potentialAction":[{"@type":"SearchAction","target":{"@type":"EntryPoint","urlTemplate":"https:\/\/aztex.ee\/es\/?s={search_term_string}"},"query-input":{"@type":"PropertyValueSpecification","valueRequired":true,"valueName":"search_term_string"}}],"inLanguage":"es"},{"@type":"Organization","@id":"https:\/\/aztex.ee\/es\/#organization","name":"AZTEX","url":"https:\/\/aztex.ee\/es\/","logo":{"@type":"ImageObject","inLanguage":"es","@id":"https:\/\/aztex.ee\/es\/#\/schema\/logo\/image\/","url":"https:\/\/aztex.ee\/wp-content\/uploads\/2026\/01\/AZTEX.png","contentUrl":"https:\/\/aztex.ee\/wp-content\/uploads\/2026\/01\/AZTEX.png","width":500,"height":500,"caption":"AZTEX"},"image":{"@id":"https:\/\/aztex.ee\/es\/#\/schema\/logo\/image\/"},"sameAs":["https:\/\/www.facebook.com\/AztexEE","https:\/\/www.instagram.com\/aztexeesti\/","https:\/\/www.youtube.com\/@AZTEXEE","https:\/\/www.pinterest.com\/aztex_eesti\/","https:\/\/www.tiktok.com\/@aztexeesti","https:\/\/www.trustpilot.com\/review\/aztex.ee","https:\/\/www.linkedin.com\/company\/aztex-ee\/","https:\/\/www.wikidata.org\/wiki\/Q137560182"]}]}},"_links":{"self":[{"href":"https:\/\/aztex.ee\/es\/wp-json\/wp\/v2\/product\/46982","targetHints":{"allow":["GET"]}}],"collection":[{"href":"https:\/\/aztex.ee\/es\/wp-json\/wp\/v2\/product"}],"about":[{"href":"https:\/\/aztex.ee\/es\/wp-json\/wp\/v2\/types\/product"}],"replies":[{"embeddable":true,"href":"https:\/\/aztex.ee\/es\/wp-json\/wp\/v2\/comments?post=46982"}],"version-history":[{"count":0,"href":"https:\/\/aztex.ee\/es\/wp-json\/wp\/v2\/product\/46982\/revisions"}],"wp:featuredmedia":[{"embeddable":true,"href":"https:\/\/aztex.ee\/es\/wp-json\/wp\/v2\/media\/47037"}],"wp:attachment":[{"href":"https:\/\/aztex.ee\/es\/wp-json\/wp\/v2\/media?parent=46982"}],"wp:term":[{"taxonomy":"product_brand","embeddable":true,"href":"https:\/\/aztex.ee\/es\/wp-json\/wp\/v2\/product_brand?post=46982"},{"taxonomy":"product_cat","embeddable":true,"href":"https:\/\/aztex.ee\/es\/wp-json\/wp\/v2\/product_cat?post=46982"},{"taxonomy":"product_tag","embeddable":true,"href":"https:\/\/aztex.ee\/es\/wp-json\/wp\/v2\/product_tag?post=46982"}],"curies":[{"name":"wp","href":"https:\/\/api.w.org\/{rel}","templated":true}]}}