{"id":46070,"date":"2025-01-25T10:24:23","date_gmt":"2025-01-25T10:24:23","guid":{"rendered":"https:\/\/aztex.ee\/?post_type=product&#038;p=46070"},"modified":"2026-04-11T12:19:51","modified_gmt":"2026-04-11T12:19:51","slug":"toalla-de-bano-de-bambu-70x140-cm","status":"publish","type":"product","link":"https:\/\/aztex.ee\/es\/pood\/toallas-y-toallas-de-bano\/toalla-de-bano-de-bambu-70x140-cm\/","title":{"rendered":"Toalla de ba\u00f1o de bamb\u00fa 70&#215;140 cm"},"content":{"rendered":"<p><strong>Toalla de ba\u00f1o de bamb\u00fa: lujo y practicidad en tu vida diaria<\/strong><\/p>\n<p>Una toalla de ba\u00f1o de bamb\u00fa es la combinaci\u00f3n perfecta de practicidad y lujo, ofreciendo m\u00e1s que solo suavidad. El tama\u00f1o de 70&#215;140 cm hace que esta toalla de ba\u00f1o sea una opci\u00f3n ideal para el uso diario, brindando una comodidad agradable, al mismo tiempo que es un complemento elegante y funcional para tu ba\u00f1o.<\/p>\n<p><strong>\u00bfPor qu\u00e9 elegir una toalla de bamb\u00fa?<\/strong><\/p>\n<p><strong>S\u00faper absorbente y de secado r\u00e1pido:<\/strong><br \/>\nLas fibras de bamb\u00fa son conocidas por su excepcional capacidad de absorci\u00f3n. La toalla absorbe la humedad al instante, dejando la piel seca y fresca, mientras que la toalla en s\u00ed se seca m\u00e1s r\u00e1pido que las toallas de algod\u00f3n normales. Esta caracter\u00edstica tambi\u00e9n la convierte en una excelente opci\u00f3n para estilos de vida activos y uso frecuente.<\/p>\n<p><strong>Naturalmente antibacteriana:<\/strong><br \/>\nLas propiedades antibacterianas naturales de las fibras de bamb\u00fa mantienen la toalla fresca durante m\u00e1s tiempo, evitando la formaci\u00f3n de olores desagradables y garantizando la higiene incluso despu\u00e9s de un uso prolongado. Una toalla de ba\u00f1o de bamb\u00fa tambi\u00e9n es una excelente opci\u00f3n para personas con piel sensible.<\/p>\n<p><strong>Suavidad y comodidad:<\/strong><br \/>\nLa textura sedosa de las fibras de bamb\u00fa mima la piel con cada toque. La toalla de ba\u00f1o es ideal para quienes aprecian una sensaci\u00f3n de lujo todos los d\u00edas y se preocupan por el bienestar de su piel.<\/p>\n<p><strong>Dise\u00f1o atemporal y elegante:<\/strong><br \/>\nEl aspecto natural y el dise\u00f1o minimalista hacen que esta toalla de ba\u00f1o sea adecuada para cualquier ba\u00f1o, ya sea moderno, cl\u00e1sico o inspirado en la naturaleza.<\/p>\n<p><strong>Durabilidad y sostenibilidad:<\/strong><br \/>\nUna toalla de ba\u00f1o de bamb\u00fa no solo es hermosa y pr\u00e1ctica, sino tambi\u00e9n una opci\u00f3n ecol\u00f3gica. El bamb\u00fa es un recurso r\u00e1pidamente renovable que utiliza menos agua y productos qu\u00edmicos para crecer en comparaci\u00f3n con las fibras tradicionales. As\u00ed que puede disfrutar del lujo de una toalla, sabiendo que est\u00e1 haciendo algo bueno por la naturaleza.<\/p>\n<p>Esta toalla no es solo un art\u00edculo de consumo: es un placer diario que combina comodidad, calidad y cuidado de la naturaleza. Una vez que la pruebe, nunca querr\u00e1 volver a las toallas normales. \u00a1Pida hoy y agregue suavidad a su ba\u00f1o que durar\u00e1 a\u00f1os!<\/p>\n","protected":false},"excerpt":{"rendered":"<ul>\n<li>Material: 100% bamb\u00fa<\/li>\n<li>Tama\u00f1o: 70\u00d7140 cm \u00b13<\/li>\n<li>Peso: 520 g\/m2<\/li>\n<\/ul>\n","protected":false},"featured_media":46121,"comment_status":"open","ping_status":"closed","template":"","meta":[],"product_brand":[],"product_cat":[996,1602,1719,1653,489],"product_tag":[],"class_list":{"0":"post-46070","1":"product","2":"type-product","3":"status-publish","4":"has-post-thumbnail","6":"product_cat-toallas-de-bambu","7":"product_cat-toallas-de-bano","8":"product_cat-toallas-de-bano-70x140-cm","9":"product_cat-toallas-de-bano-de-bambu","10":"product_cat-toallas-y-toallas-de-bano","12":"first","13":"instock","14":"shipping-taxable","15":"purchasable","16":"product-type-variable"},"yoast_head":"<!-- This site is optimized with the Yoast SEO plugin v27.4 - https:\/\/yoast.com\/product\/yoast-seo-wordpress\/ -->\n<title>Toalla de ba\u00f1o de bamb\u00fa 70x140 cm | 100% bamb\u00fa - AZTEX<\/title>\n<meta name=\"description\" content=\"Toalla de ba\u00f1o de bamb\u00fa lujosa y suave en tama\u00f1o 70x140 cm que ofrece m\u00e1xima comodidad, excelente capacidad de absorci\u00f3n y es suave para la piel.\" \/>\n<meta name=\"robots\" content=\"index, follow, max-snippet:-1, max-image-preview:large, max-video-preview:-1\" \/>\n<link rel=\"canonical\" href=\"https:\/\/aztex.ee\/es\/pood\/toallas-y-toallas-de-bano\/toalla-de-bano-de-bambu-70x140-cm\/\" \/>\n<meta property=\"og:locale\" content=\"es_ES\" \/>\n<meta property=\"og:type\" content=\"article\" \/>\n<meta property=\"og:title\" content=\"Toalla de ba\u00f1o de bamb\u00fa 70x140 cm | 100% bamb\u00fa - AZTEX\" \/>\n<meta property=\"og:description\" content=\"Toalla de ba\u00f1o de bamb\u00fa lujosa y suave en tama\u00f1o 70x140 cm que ofrece m\u00e1xima comodidad, excelente capacidad de absorci\u00f3n y es suave para la piel.\" \/>\n<meta property=\"og:url\" content=\"https:\/\/aztex.ee\/es\/pood\/toallas-y-toallas-de-bano\/toalla-de-bano-de-bambu-70x140-cm\/\" \/>\n<meta property=\"og:site_name\" content=\"AZTEX\" \/>\n<meta property=\"article:publisher\" content=\"https:\/\/www.facebook.com\/AztexEE\" \/>\n<meta property=\"article:modified_time\" content=\"2026-04-11T12:19:51+00:00\" \/>\n<meta property=\"og:image\" content=\"https:\/\/aztex.ee\/wp-content\/uploads\/2025\/01\/Bambusest-vanniratikud.jpg\" \/>\n\t<meta property=\"og:image:width\" content=\"800\" \/>\n\t<meta property=\"og:image:height\" content=\"800\" \/>\n\t<meta property=\"og:image:type\" content=\"image\/jpeg\" \/>\n<meta name=\"twitter:card\" content=\"summary_large_image\" \/>\n<meta name=\"twitter:label1\" content=\"Tiempo de lectura\" \/>\n\t<meta name=\"twitter:data1\" content=\"3 minutos\" \/>\n<script type=\"application\/ld+json\" class=\"yoast-schema-graph\">{\"@context\":\"https:\\\/\\\/schema.org\",\"@graph\":[{\"@type\":[\"WebPage\",\"ItemPage\"],\"@id\":\"https:\\\/\\\/aztex.ee\\\/es\\\/pood\\\/toallas-y-toallas-de-bano\\\/toalla-de-bano-de-bambu-70x140-cm\\\/\",\"url\":\"https:\\\/\\\/aztex.ee\\\/es\\\/pood\\\/toallas-y-toallas-de-bano\\\/toalla-de-bano-de-bambu-70x140-cm\\\/\",\"name\":\"Toalla de ba\u00f1o de bamb\u00fa 70x140 cm | 100% bamb\u00fa - AZTEX\",\"isPartOf\":{\"@id\":\"https:\\\/\\\/aztex.ee\\\/es\\\/#website\"},\"primaryImageOfPage\":{\"@id\":\"https:\\\/\\\/aztex.ee\\\/es\\\/pood\\\/toallas-y-toallas-de-bano\\\/toalla-de-bano-de-bambu-70x140-cm\\\/#primaryimage\"},\"image\":{\"@id\":\"https:\\\/\\\/aztex.ee\\\/es\\\/pood\\\/toallas-y-toallas-de-bano\\\/toalla-de-bano-de-bambu-70x140-cm\\\/#primaryimage\"},\"thumbnailUrl\":\"https:\\\/\\\/aztex.ee\\\/wp-content\\\/uploads\\\/2025\\\/01\\\/Bambusest-vanniratikud.jpg\",\"datePublished\":\"2025-01-25T10:24:23+00:00\",\"dateModified\":\"2026-04-11T12:19:51+00:00\",\"description\":\"Toalla de ba\u00f1o de bamb\u00fa lujosa y suave en tama\u00f1o 70x140 cm que ofrece m\u00e1xima comodidad, excelente capacidad de absorci\u00f3n y es suave para la piel.\",\"breadcrumb\":{\"@id\":\"https:\\\/\\\/aztex.ee\\\/es\\\/pood\\\/toallas-y-toallas-de-bano\\\/toalla-de-bano-de-bambu-70x140-cm\\\/#breadcrumb\"},\"inLanguage\":\"es\",\"potentialAction\":[{\"@type\":\"ReadAction\",\"target\":[\"https:\\\/\\\/aztex.ee\\\/es\\\/pood\\\/toallas-y-toallas-de-bano\\\/toalla-de-bano-de-bambu-70x140-cm\\\/\"]}]},{\"@type\":\"ImageObject\",\"inLanguage\":\"es\",\"@id\":\"https:\\\/\\\/aztex.ee\\\/es\\\/pood\\\/toallas-y-toallas-de-bano\\\/toalla-de-bano-de-bambu-70x140-cm\\\/#primaryimage\",\"url\":\"https:\\\/\\\/aztex.ee\\\/wp-content\\\/uploads\\\/2025\\\/01\\\/Bambusest-vanniratikud.jpg\",\"contentUrl\":\"https:\\\/\\\/aztex.ee\\\/wp-content\\\/uploads\\\/2025\\\/01\\\/Bambusest-vanniratikud.jpg\",\"width\":800,\"height\":800,\"caption\":\"Bambusest vannir\u00e4tikud\"},{\"@type\":\"BreadcrumbList\",\"@id\":\"https:\\\/\\\/aztex.ee\\\/es\\\/pood\\\/toallas-y-toallas-de-bano\\\/toalla-de-bano-de-bambu-70x140-cm\\\/#breadcrumb\",\"itemListElement\":[{\"@type\":\"ListItem\",\"position\":1,\"name\":\"Inicio\",\"item\":\"https:\\\/\\\/aztex.ee\\\/es\\\/\"},{\"@type\":\"ListItem\",\"position\":2,\"name\":\"Tienda\",\"item\":\"https:\\\/\\\/aztex.ee\\\/es\\\/tienda\\\/\"},{\"@type\":\"ListItem\",\"position\":3,\"name\":\"Toalla de ba\u00f1o de bamb\u00fa 70&#215;140 cm\"}]},{\"@type\":\"WebSite\",\"@id\":\"https:\\\/\\\/aztex.ee\\\/es\\\/#website\",\"url\":\"https:\\\/\\\/aztex.ee\\\/es\\\/\",\"name\":\"AZTEX\",\"description\":\"\",\"publisher\":{\"@id\":\"https:\\\/\\\/aztex.ee\\\/es\\\/#organization\"},\"potentialAction\":[{\"@type\":\"SearchAction\",\"target\":{\"@type\":\"EntryPoint\",\"urlTemplate\":\"https:\\\/\\\/aztex.ee\\\/es\\\/?s={search_term_string}\"},\"query-input\":{\"@type\":\"PropertyValueSpecification\",\"valueRequired\":true,\"valueName\":\"search_term_string\"}}],\"inLanguage\":\"es\"},{\"@type\":\"Organization\",\"@id\":\"https:\\\/\\\/aztex.ee\\\/es\\\/#organization\",\"name\":\"AZTEX\",\"url\":\"https:\\\/\\\/aztex.ee\\\/es\\\/\",\"logo\":{\"@type\":\"ImageObject\",\"inLanguage\":\"es\",\"@id\":\"https:\\\/\\\/aztex.ee\\\/es\\\/#\\\/schema\\\/logo\\\/image\\\/\",\"url\":\"https:\\\/\\\/aztex.ee\\\/wp-content\\\/uploads\\\/2026\\\/01\\\/AZTEX.png\",\"contentUrl\":\"https:\\\/\\\/aztex.ee\\\/wp-content\\\/uploads\\\/2026\\\/01\\\/AZTEX.png\",\"width\":500,\"height\":500,\"caption\":\"AZTEX\"},\"image\":{\"@id\":\"https:\\\/\\\/aztex.ee\\\/es\\\/#\\\/schema\\\/logo\\\/image\\\/\"},\"sameAs\":[\"https:\\\/\\\/www.facebook.com\\\/AztexEE\",\"https:\\\/\\\/www.instagram.com\\\/aztexeesti\\\/\",\"https:\\\/\\\/www.youtube.com\\\/@AZTEXEE\",\"https:\\\/\\\/www.pinterest.com\\\/aztex_eesti\\\/\",\"https:\\\/\\\/www.tiktok.com\\\/@aztexeesti\",\"https:\\\/\\\/www.trustpilot.com\\\/review\\\/aztex.ee\",\"https:\\\/\\\/www.linkedin.com\\\/company\\\/aztex-ee\\\/\",\"https:\\\/\\\/www.wikidata.org\\\/wiki\\\/Q137560182\"]}]}<\/script>\n<!-- \/ Yoast SEO plugin. -->","yoast_head_json":{"title":"Toalla de ba\u00f1o de bamb\u00fa 70x140 cm | 100% bamb\u00fa - AZTEX","description":"Toalla de ba\u00f1o de bamb\u00fa lujosa y suave en tama\u00f1o 70x140 cm que ofrece m\u00e1xima comodidad, excelente capacidad de absorci\u00f3n y es suave para la piel.","robots":{"index":"index","follow":"follow","max-snippet":"max-snippet:-1","max-image-preview":"max-image-preview:large","max-video-preview":"max-video-preview:-1"},"canonical":"https:\/\/aztex.ee\/es\/pood\/toallas-y-toallas-de-bano\/toalla-de-bano-de-bambu-70x140-cm\/","og_locale":"es_ES","og_type":"article","og_title":"Toalla de ba\u00f1o de bamb\u00fa 70x140 cm | 100% bamb\u00fa - AZTEX","og_description":"Toalla de ba\u00f1o de bamb\u00fa lujosa y suave en tama\u00f1o 70x140 cm que ofrece m\u00e1xima comodidad, excelente capacidad de absorci\u00f3n y es suave para la piel.","og_url":"https:\/\/aztex.ee\/es\/pood\/toallas-y-toallas-de-bano\/toalla-de-bano-de-bambu-70x140-cm\/","og_site_name":"AZTEX","article_publisher":"https:\/\/www.facebook.com\/AztexEE","article_modified_time":"2026-04-11T12:19:51+00:00","og_image":[{"width":800,"height":800,"url":"https:\/\/aztex.ee\/wp-content\/uploads\/2025\/01\/Bambusest-vanniratikud.jpg","type":"image\/jpeg"}],"twitter_card":"summary_large_image","twitter_misc":{"Tiempo de lectura":"3 minutos"},"schema":{"@context":"https:\/\/schema.org","@graph":[{"@type":["WebPage","ItemPage"],"@id":"https:\/\/aztex.ee\/es\/pood\/toallas-y-toallas-de-bano\/toalla-de-bano-de-bambu-70x140-cm\/","url":"https:\/\/aztex.ee\/es\/pood\/toallas-y-toallas-de-bano\/toalla-de-bano-de-bambu-70x140-cm\/","name":"Toalla de ba\u00f1o de bamb\u00fa 70x140 cm | 100% bamb\u00fa - AZTEX","isPartOf":{"@id":"https:\/\/aztex.ee\/es\/#website"},"primaryImageOfPage":{"@id":"https:\/\/aztex.ee\/es\/pood\/toallas-y-toallas-de-bano\/toalla-de-bano-de-bambu-70x140-cm\/#primaryimage"},"image":{"@id":"https:\/\/aztex.ee\/es\/pood\/toallas-y-toallas-de-bano\/toalla-de-bano-de-bambu-70x140-cm\/#primaryimage"},"thumbnailUrl":"https:\/\/aztex.ee\/wp-content\/uploads\/2025\/01\/Bambusest-vanniratikud.jpg","datePublished":"2025-01-25T10:24:23+00:00","dateModified":"2026-04-11T12:19:51+00:00","description":"Toalla de ba\u00f1o de bamb\u00fa lujosa y suave en tama\u00f1o 70x140 cm que ofrece m\u00e1xima comodidad, excelente capacidad de absorci\u00f3n y es suave para la piel.","breadcrumb":{"@id":"https:\/\/aztex.ee\/es\/pood\/toallas-y-toallas-de-bano\/toalla-de-bano-de-bambu-70x140-cm\/#breadcrumb"},"inLanguage":"es","potentialAction":[{"@type":"ReadAction","target":["https:\/\/aztex.ee\/es\/pood\/toallas-y-toallas-de-bano\/toalla-de-bano-de-bambu-70x140-cm\/"]}]},{"@type":"ImageObject","inLanguage":"es","@id":"https:\/\/aztex.ee\/es\/pood\/toallas-y-toallas-de-bano\/toalla-de-bano-de-bambu-70x140-cm\/#primaryimage","url":"https:\/\/aztex.ee\/wp-content\/uploads\/2025\/01\/Bambusest-vanniratikud.jpg","contentUrl":"https:\/\/aztex.ee\/wp-content\/uploads\/2025\/01\/Bambusest-vanniratikud.jpg","width":800,"height":800,"caption":"Bambusest vannir\u00e4tikud"},{"@type":"BreadcrumbList","@id":"https:\/\/aztex.ee\/es\/pood\/toallas-y-toallas-de-bano\/toalla-de-bano-de-bambu-70x140-cm\/#breadcrumb","itemListElement":[{"@type":"ListItem","position":1,"name":"Inicio","item":"https:\/\/aztex.ee\/es\/"},{"@type":"ListItem","position":2,"name":"Tienda","item":"https:\/\/aztex.ee\/es\/tienda\/"},{"@type":"ListItem","position":3,"name":"Toalla de ba\u00f1o de bamb\u00fa 70&#215;140 cm"}]},{"@type":"WebSite","@id":"https:\/\/aztex.ee\/es\/#website","url":"https:\/\/aztex.ee\/es\/","name":"AZTEX","description":"","publisher":{"@id":"https:\/\/aztex.ee\/es\/#organization"},"potentialAction":[{"@type":"SearchAction","target":{"@type":"EntryPoint","urlTemplate":"https:\/\/aztex.ee\/es\/?s={search_term_string}"},"query-input":{"@type":"PropertyValueSpecification","valueRequired":true,"valueName":"search_term_string"}}],"inLanguage":"es"},{"@type":"Organization","@id":"https:\/\/aztex.ee\/es\/#organization","name":"AZTEX","url":"https:\/\/aztex.ee\/es\/","logo":{"@type":"ImageObject","inLanguage":"es","@id":"https:\/\/aztex.ee\/es\/#\/schema\/logo\/image\/","url":"https:\/\/aztex.ee\/wp-content\/uploads\/2026\/01\/AZTEX.png","contentUrl":"https:\/\/aztex.ee\/wp-content\/uploads\/2026\/01\/AZTEX.png","width":500,"height":500,"caption":"AZTEX"},"image":{"@id":"https:\/\/aztex.ee\/es\/#\/schema\/logo\/image\/"},"sameAs":["https:\/\/www.facebook.com\/AztexEE","https:\/\/www.instagram.com\/aztexeesti\/","https:\/\/www.youtube.com\/@AZTEXEE","https:\/\/www.pinterest.com\/aztex_eesti\/","https:\/\/www.tiktok.com\/@aztexeesti","https:\/\/www.trustpilot.com\/review\/aztex.ee","https:\/\/www.linkedin.com\/company\/aztex-ee\/","https:\/\/www.wikidata.org\/wiki\/Q137560182"]}]}},"_links":{"self":[{"href":"https:\/\/aztex.ee\/es\/wp-json\/wp\/v2\/product\/46070","targetHints":{"allow":["GET"]}}],"collection":[{"href":"https:\/\/aztex.ee\/es\/wp-json\/wp\/v2\/product"}],"about":[{"href":"https:\/\/aztex.ee\/es\/wp-json\/wp\/v2\/types\/product"}],"replies":[{"embeddable":true,"href":"https:\/\/aztex.ee\/es\/wp-json\/wp\/v2\/comments?post=46070"}],"version-history":[{"count":0,"href":"https:\/\/aztex.ee\/es\/wp-json\/wp\/v2\/product\/46070\/revisions"}],"wp:featuredmedia":[{"embeddable":true,"href":"https:\/\/aztex.ee\/es\/wp-json\/wp\/v2\/media\/46121"}],"wp:attachment":[{"href":"https:\/\/aztex.ee\/es\/wp-json\/wp\/v2\/media?parent=46070"}],"wp:term":[{"taxonomy":"product_brand","embeddable":true,"href":"https:\/\/aztex.ee\/es\/wp-json\/wp\/v2\/product_brand?post=46070"},{"taxonomy":"product_cat","embeddable":true,"href":"https:\/\/aztex.ee\/es\/wp-json\/wp\/v2\/product_cat?post=46070"},{"taxonomy":"product_tag","embeddable":true,"href":"https:\/\/aztex.ee\/es\/wp-json\/wp\/v2\/product_tag?post=46070"}],"curies":[{"name":"wp","href":"https:\/\/api.w.org\/{rel}","templated":true}]}}