{"id":45837,"date":"2025-01-24T10:19:54","date_gmt":"2025-01-24T10:19:54","guid":{"rendered":"https:\/\/aztex.ee\/pood\/sin%20categor\u00eda\/vanniratik-80x160-cm\/"},"modified":"2026-04-09T15:47:42","modified_gmt":"2026-04-09T15:47:42","slug":"toalla-de-bano-80x160-cm","status":"publish","type":"product","link":"https:\/\/aztex.ee\/es\/pood\/toallas-y-toallas-de-bano\/toalla-de-bano-80x160-cm\/","title":{"rendered":"Toalla de ba\u00f1o 80&#215;160 cm"},"content":{"rendered":"<p><strong>Toalla de ba\u00f1o de algod\u00f3n 80\u00d7160 cm: el equilibrio perfecto entre calidad y comodidad.<\/strong><\/p>\n<p>Experimente el verdadero lujo y la comodidad diaria con una toalla de ba\u00f1o 100% algod\u00f3n. Fabricada con algod\u00f3n de alta calidad, esta toalla de ba\u00f1o combina durabilidad, suavidad y excelente capacidad de absorci\u00f3n, proporcionando la soluci\u00f3n perfecta para cada momento, ya sea para el uso diario o para disfrutar de momentos m\u00e1s especiales.<\/p>\n<p><strong>Material de primera clase:<\/strong> la toalla de ba\u00f1o est\u00e1 hecha de 100% algod\u00f3n, lo que garantiza una absorci\u00f3n excepcional, a la vez que es suave y agradable para la piel. El tejido de algod\u00f3n absorbe la humedad de forma r\u00e1pida y eficaz.<\/p>\n<p><strong>F\u00e1cil de cuidar, durabilidad duradera:<\/strong> el material duradero y lavable a m\u00e1quina garantiza que la toalla de ba\u00f1o mantenga su calidad y apariencia incluso despu\u00e9s de repetidos lavados. Su longevidad y suavidad la convierten en una compa\u00f1era confiable en la vida cotidiana.<\/p>\n<p><strong>Tama\u00f1o y comodidad perfectos:<\/strong> el tama\u00f1o de 80\u00d7160 cm es ideal para el uso diario en casa, en el spa o incluso cuando viaja, brindando comodidad en cualquier situaci\u00f3n.<\/p>\n<p><strong>Elegancia y estilo:<\/strong> El dise\u00f1o sencillo y atemporal de la toalla de ba\u00f1o se adapta a cualquier ba\u00f1o, aportando calidez y elegancia a la estancia. Es un detalle que realzar\u00e1 el interior de tu hogar, a la vez que aporta practicidad y comodidad.<\/p>\n<p>La toalla de ba\u00f1o de algod\u00f3n es la opci\u00f3n ideal para el uso diario y como regalo. Su equilibrio entre alta calidad y estilo la convierte en un valioso complemento para cualquier ba\u00f1o, siendo a la vez pr\u00e1ctica y lujosa.<\/p>\n","protected":false},"excerpt":{"rendered":"<ul>\n<li>Material: 100% algod\u00f3n<\/li>\n<li>Tama\u00f1o: 80\u00d7160 cm \u00b13<\/li>\n<li>Peso: 750 g\/m2<\/li>\n<\/ul>\n","protected":false},"featured_media":44922,"comment_status":"open","ping_status":"closed","template":"","meta":[],"product_brand":[],"product_cat":[1602,1762,489],"product_tag":[],"class_list":{"0":"post-45837","1":"product","2":"type-product","3":"status-publish","4":"has-post-thumbnail","6":"product_cat-toallas-de-bano","7":"product_cat-toallas-de-bano-80x160-cm","8":"product_cat-toallas-y-toallas-de-bano","10":"first","11":"instock","12":"shipping-taxable","13":"purchasable","14":"product-type-variable"},"yoast_head":"<!-- This site is optimized with the Yoast SEO plugin v27.4 - https:\/\/yoast.com\/product\/yoast-seo-wordpress\/ -->\n<title>Toalla de ba\u00f1o 80x160 cm | 100% algod\u00f3n - AZTEX<\/title>\n<meta name=\"description\" content=\"Toalla de ba\u00f1o 100% algod\u00f3n tama\u00f1o 80x160 cm, es suave con la piel y crea una sensaci\u00f3n confortable con su textura suave y material natural.\" \/>\n<meta name=\"robots\" content=\"index, follow, max-snippet:-1, max-image-preview:large, max-video-preview:-1\" \/>\n<link rel=\"canonical\" href=\"https:\/\/aztex.ee\/es\/pood\/toallas-y-toallas-de-bano\/toalla-de-bano-80x160-cm\/\" \/>\n<meta property=\"og:locale\" content=\"es_ES\" \/>\n<meta property=\"og:type\" content=\"article\" \/>\n<meta property=\"og:title\" content=\"Toalla de ba\u00f1o 80x160 cm | 100% algod\u00f3n - AZTEX\" \/>\n<meta property=\"og:description\" content=\"Toalla de ba\u00f1o 100% algod\u00f3n tama\u00f1o 80x160 cm, es suave con la piel y crea una sensaci\u00f3n confortable con su textura suave y material natural.\" \/>\n<meta property=\"og:url\" content=\"https:\/\/aztex.ee\/es\/pood\/toallas-y-toallas-de-bano\/toalla-de-bano-80x160-cm\/\" \/>\n<meta property=\"og:site_name\" content=\"AZTEX\" \/>\n<meta property=\"article:publisher\" content=\"https:\/\/www.facebook.com\/AztexEE\" \/>\n<meta property=\"article:modified_time\" content=\"2026-04-09T15:47:42+00:00\" \/>\n<meta property=\"og:image\" content=\"https:\/\/aztex.ee\/wp-content\/uploads\/2025\/01\/Vanniratikud-80x160-cm-1.jpg\" \/>\n\t<meta property=\"og:image:width\" content=\"800\" \/>\n\t<meta property=\"og:image:height\" content=\"800\" \/>\n\t<meta property=\"og:image:type\" content=\"image\/jpeg\" \/>\n<meta name=\"twitter:card\" content=\"summary_large_image\" \/>\n<meta name=\"twitter:label1\" content=\"Tiempo de lectura\" \/>\n\t<meta name=\"twitter:data1\" content=\"2 minutos\" \/>\n<script type=\"application\/ld+json\" class=\"yoast-schema-graph\">{\"@context\":\"https:\\\/\\\/schema.org\",\"@graph\":[{\"@type\":[\"WebPage\",\"ItemPage\"],\"@id\":\"https:\\\/\\\/aztex.ee\\\/es\\\/pood\\\/toallas-y-toallas-de-bano\\\/toalla-de-bano-80x160-cm\\\/\",\"url\":\"https:\\\/\\\/aztex.ee\\\/es\\\/pood\\\/toallas-y-toallas-de-bano\\\/toalla-de-bano-80x160-cm\\\/\",\"name\":\"Toalla de ba\u00f1o 80x160 cm | 100% algod\u00f3n - AZTEX\",\"isPartOf\":{\"@id\":\"https:\\\/\\\/aztex.ee\\\/es\\\/#website\"},\"primaryImageOfPage\":{\"@id\":\"https:\\\/\\\/aztex.ee\\\/es\\\/pood\\\/toallas-y-toallas-de-bano\\\/toalla-de-bano-80x160-cm\\\/#primaryimage\"},\"image\":{\"@id\":\"https:\\\/\\\/aztex.ee\\\/es\\\/pood\\\/toallas-y-toallas-de-bano\\\/toalla-de-bano-80x160-cm\\\/#primaryimage\"},\"thumbnailUrl\":\"https:\\\/\\\/aztex.ee\\\/wp-content\\\/uploads\\\/2025\\\/01\\\/Vanniratikud-80x160-cm-1.jpg\",\"datePublished\":\"2025-01-24T10:19:54+00:00\",\"dateModified\":\"2026-04-09T15:47:42+00:00\",\"description\":\"Toalla de ba\u00f1o 100% algod\u00f3n tama\u00f1o 80x160 cm, es suave con la piel y crea una sensaci\u00f3n confortable con su textura suave y material natural.\",\"breadcrumb\":{\"@id\":\"https:\\\/\\\/aztex.ee\\\/es\\\/pood\\\/toallas-y-toallas-de-bano\\\/toalla-de-bano-80x160-cm\\\/#breadcrumb\"},\"inLanguage\":\"es\",\"potentialAction\":[{\"@type\":\"ReadAction\",\"target\":[\"https:\\\/\\\/aztex.ee\\\/es\\\/pood\\\/toallas-y-toallas-de-bano\\\/toalla-de-bano-80x160-cm\\\/\"]}]},{\"@type\":\"ImageObject\",\"inLanguage\":\"es\",\"@id\":\"https:\\\/\\\/aztex.ee\\\/es\\\/pood\\\/toallas-y-toallas-de-bano\\\/toalla-de-bano-80x160-cm\\\/#primaryimage\",\"url\":\"https:\\\/\\\/aztex.ee\\\/wp-content\\\/uploads\\\/2025\\\/01\\\/Vanniratikud-80x160-cm-1.jpg\",\"contentUrl\":\"https:\\\/\\\/aztex.ee\\\/wp-content\\\/uploads\\\/2025\\\/01\\\/Vanniratikud-80x160-cm-1.jpg\",\"width\":800,\"height\":800,\"caption\":\"Vannir\u00e4tikud 80x160 cm\"},{\"@type\":\"BreadcrumbList\",\"@id\":\"https:\\\/\\\/aztex.ee\\\/es\\\/pood\\\/toallas-y-toallas-de-bano\\\/toalla-de-bano-80x160-cm\\\/#breadcrumb\",\"itemListElement\":[{\"@type\":\"ListItem\",\"position\":1,\"name\":\"Inicio\",\"item\":\"https:\\\/\\\/aztex.ee\\\/es\\\/\"},{\"@type\":\"ListItem\",\"position\":2,\"name\":\"Tienda\",\"item\":\"https:\\\/\\\/aztex.ee\\\/es\\\/tienda\\\/\"},{\"@type\":\"ListItem\",\"position\":3,\"name\":\"Toalla de ba\u00f1o 80&#215;160 cm\"}]},{\"@type\":\"WebSite\",\"@id\":\"https:\\\/\\\/aztex.ee\\\/es\\\/#website\",\"url\":\"https:\\\/\\\/aztex.ee\\\/es\\\/\",\"name\":\"AZTEX\",\"description\":\"\",\"publisher\":{\"@id\":\"https:\\\/\\\/aztex.ee\\\/es\\\/#organization\"},\"potentialAction\":[{\"@type\":\"SearchAction\",\"target\":{\"@type\":\"EntryPoint\",\"urlTemplate\":\"https:\\\/\\\/aztex.ee\\\/es\\\/?s={search_term_string}\"},\"query-input\":{\"@type\":\"PropertyValueSpecification\",\"valueRequired\":true,\"valueName\":\"search_term_string\"}}],\"inLanguage\":\"es\"},{\"@type\":\"Organization\",\"@id\":\"https:\\\/\\\/aztex.ee\\\/es\\\/#organization\",\"name\":\"AZTEX\",\"url\":\"https:\\\/\\\/aztex.ee\\\/es\\\/\",\"logo\":{\"@type\":\"ImageObject\",\"inLanguage\":\"es\",\"@id\":\"https:\\\/\\\/aztex.ee\\\/es\\\/#\\\/schema\\\/logo\\\/image\\\/\",\"url\":\"https:\\\/\\\/aztex.ee\\\/wp-content\\\/uploads\\\/2026\\\/01\\\/AZTEX.png\",\"contentUrl\":\"https:\\\/\\\/aztex.ee\\\/wp-content\\\/uploads\\\/2026\\\/01\\\/AZTEX.png\",\"width\":500,\"height\":500,\"caption\":\"AZTEX\"},\"image\":{\"@id\":\"https:\\\/\\\/aztex.ee\\\/es\\\/#\\\/schema\\\/logo\\\/image\\\/\"},\"sameAs\":[\"https:\\\/\\\/www.facebook.com\\\/AztexEE\",\"https:\\\/\\\/www.instagram.com\\\/aztexeesti\\\/\",\"https:\\\/\\\/www.youtube.com\\\/@AZTEXEE\",\"https:\\\/\\\/www.pinterest.com\\\/aztex_eesti\\\/\",\"https:\\\/\\\/www.tiktok.com\\\/@aztexeesti\",\"https:\\\/\\\/www.trustpilot.com\\\/review\\\/aztex.ee\",\"https:\\\/\\\/www.linkedin.com\\\/company\\\/aztex-ee\\\/\",\"https:\\\/\\\/www.wikidata.org\\\/wiki\\\/Q137560182\"]}]}<\/script>\n<!-- \/ Yoast SEO plugin. -->","yoast_head_json":{"title":"Toalla de ba\u00f1o 80x160 cm | 100% algod\u00f3n - AZTEX","description":"Toalla de ba\u00f1o 100% algod\u00f3n tama\u00f1o 80x160 cm, es suave con la piel y crea una sensaci\u00f3n confortable con su textura suave y material natural.","robots":{"index":"index","follow":"follow","max-snippet":"max-snippet:-1","max-image-preview":"max-image-preview:large","max-video-preview":"max-video-preview:-1"},"canonical":"https:\/\/aztex.ee\/es\/pood\/toallas-y-toallas-de-bano\/toalla-de-bano-80x160-cm\/","og_locale":"es_ES","og_type":"article","og_title":"Toalla de ba\u00f1o 80x160 cm | 100% algod\u00f3n - AZTEX","og_description":"Toalla de ba\u00f1o 100% algod\u00f3n tama\u00f1o 80x160 cm, es suave con la piel y crea una sensaci\u00f3n confortable con su textura suave y material natural.","og_url":"https:\/\/aztex.ee\/es\/pood\/toallas-y-toallas-de-bano\/toalla-de-bano-80x160-cm\/","og_site_name":"AZTEX","article_publisher":"https:\/\/www.facebook.com\/AztexEE","article_modified_time":"2026-04-09T15:47:42+00:00","og_image":[{"width":800,"height":800,"url":"https:\/\/aztex.ee\/wp-content\/uploads\/2025\/01\/Vanniratikud-80x160-cm-1.jpg","type":"image\/jpeg"}],"twitter_card":"summary_large_image","twitter_misc":{"Tiempo de lectura":"2 minutos"},"schema":{"@context":"https:\/\/schema.org","@graph":[{"@type":["WebPage","ItemPage"],"@id":"https:\/\/aztex.ee\/es\/pood\/toallas-y-toallas-de-bano\/toalla-de-bano-80x160-cm\/","url":"https:\/\/aztex.ee\/es\/pood\/toallas-y-toallas-de-bano\/toalla-de-bano-80x160-cm\/","name":"Toalla de ba\u00f1o 80x160 cm | 100% algod\u00f3n - AZTEX","isPartOf":{"@id":"https:\/\/aztex.ee\/es\/#website"},"primaryImageOfPage":{"@id":"https:\/\/aztex.ee\/es\/pood\/toallas-y-toallas-de-bano\/toalla-de-bano-80x160-cm\/#primaryimage"},"image":{"@id":"https:\/\/aztex.ee\/es\/pood\/toallas-y-toallas-de-bano\/toalla-de-bano-80x160-cm\/#primaryimage"},"thumbnailUrl":"https:\/\/aztex.ee\/wp-content\/uploads\/2025\/01\/Vanniratikud-80x160-cm-1.jpg","datePublished":"2025-01-24T10:19:54+00:00","dateModified":"2026-04-09T15:47:42+00:00","description":"Toalla de ba\u00f1o 100% algod\u00f3n tama\u00f1o 80x160 cm, es suave con la piel y crea una sensaci\u00f3n confortable con su textura suave y material natural.","breadcrumb":{"@id":"https:\/\/aztex.ee\/es\/pood\/toallas-y-toallas-de-bano\/toalla-de-bano-80x160-cm\/#breadcrumb"},"inLanguage":"es","potentialAction":[{"@type":"ReadAction","target":["https:\/\/aztex.ee\/es\/pood\/toallas-y-toallas-de-bano\/toalla-de-bano-80x160-cm\/"]}]},{"@type":"ImageObject","inLanguage":"es","@id":"https:\/\/aztex.ee\/es\/pood\/toallas-y-toallas-de-bano\/toalla-de-bano-80x160-cm\/#primaryimage","url":"https:\/\/aztex.ee\/wp-content\/uploads\/2025\/01\/Vanniratikud-80x160-cm-1.jpg","contentUrl":"https:\/\/aztex.ee\/wp-content\/uploads\/2025\/01\/Vanniratikud-80x160-cm-1.jpg","width":800,"height":800,"caption":"Vannir\u00e4tikud 80x160 cm"},{"@type":"BreadcrumbList","@id":"https:\/\/aztex.ee\/es\/pood\/toallas-y-toallas-de-bano\/toalla-de-bano-80x160-cm\/#breadcrumb","itemListElement":[{"@type":"ListItem","position":1,"name":"Inicio","item":"https:\/\/aztex.ee\/es\/"},{"@type":"ListItem","position":2,"name":"Tienda","item":"https:\/\/aztex.ee\/es\/tienda\/"},{"@type":"ListItem","position":3,"name":"Toalla de ba\u00f1o 80&#215;160 cm"}]},{"@type":"WebSite","@id":"https:\/\/aztex.ee\/es\/#website","url":"https:\/\/aztex.ee\/es\/","name":"AZTEX","description":"","publisher":{"@id":"https:\/\/aztex.ee\/es\/#organization"},"potentialAction":[{"@type":"SearchAction","target":{"@type":"EntryPoint","urlTemplate":"https:\/\/aztex.ee\/es\/?s={search_term_string}"},"query-input":{"@type":"PropertyValueSpecification","valueRequired":true,"valueName":"search_term_string"}}],"inLanguage":"es"},{"@type":"Organization","@id":"https:\/\/aztex.ee\/es\/#organization","name":"AZTEX","url":"https:\/\/aztex.ee\/es\/","logo":{"@type":"ImageObject","inLanguage":"es","@id":"https:\/\/aztex.ee\/es\/#\/schema\/logo\/image\/","url":"https:\/\/aztex.ee\/wp-content\/uploads\/2026\/01\/AZTEX.png","contentUrl":"https:\/\/aztex.ee\/wp-content\/uploads\/2026\/01\/AZTEX.png","width":500,"height":500,"caption":"AZTEX"},"image":{"@id":"https:\/\/aztex.ee\/es\/#\/schema\/logo\/image\/"},"sameAs":["https:\/\/www.facebook.com\/AztexEE","https:\/\/www.instagram.com\/aztexeesti\/","https:\/\/www.youtube.com\/@AZTEXEE","https:\/\/www.pinterest.com\/aztex_eesti\/","https:\/\/www.tiktok.com\/@aztexeesti","https:\/\/www.trustpilot.com\/review\/aztex.ee","https:\/\/www.linkedin.com\/company\/aztex-ee\/","https:\/\/www.wikidata.org\/wiki\/Q137560182"]}]}},"_links":{"self":[{"href":"https:\/\/aztex.ee\/es\/wp-json\/wp\/v2\/product\/45837","targetHints":{"allow":["GET"]}}],"collection":[{"href":"https:\/\/aztex.ee\/es\/wp-json\/wp\/v2\/product"}],"about":[{"href":"https:\/\/aztex.ee\/es\/wp-json\/wp\/v2\/types\/product"}],"replies":[{"embeddable":true,"href":"https:\/\/aztex.ee\/es\/wp-json\/wp\/v2\/comments?post=45837"}],"version-history":[{"count":0,"href":"https:\/\/aztex.ee\/es\/wp-json\/wp\/v2\/product\/45837\/revisions"}],"wp:featuredmedia":[{"embeddable":true,"href":"https:\/\/aztex.ee\/es\/wp-json\/wp\/v2\/media\/44922"}],"wp:attachment":[{"href":"https:\/\/aztex.ee\/es\/wp-json\/wp\/v2\/media?parent=45837"}],"wp:term":[{"taxonomy":"product_brand","embeddable":true,"href":"https:\/\/aztex.ee\/es\/wp-json\/wp\/v2\/product_brand?post=45837"},{"taxonomy":"product_cat","embeddable":true,"href":"https:\/\/aztex.ee\/es\/wp-json\/wp\/v2\/product_cat?post=45837"},{"taxonomy":"product_tag","embeddable":true,"href":"https:\/\/aztex.ee\/es\/wp-json\/wp\/v2\/product_tag?post=45837"}],"curies":[{"name":"wp","href":"https:\/\/api.w.org\/{rel}","templated":true}]}}