{"id":44176,"date":"2025-01-22T18:25:30","date_gmt":"2025-01-22T18:25:30","guid":{"rendered":"https:\/\/aztex.ee\/?post_type=product&#038;p=44176"},"modified":"2026-04-17T12:53:11","modified_gmt":"2026-04-17T12:53:11","slug":"juego-de-toallas-de-bambu-3piezas","status":"publish","type":"product","link":"https:\/\/aztex.ee\/es\/pood\/toallas-y-toallas-de-bano\/juego-de-toallas-de-bambu-3piezas\/","title":{"rendered":"Juego de toallas de bamb\u00fa"},"content":{"rendered":"<p>El juego de toallas de bamb\u00fa, que incluye 1 toalla de ba\u00f1o y 2 toallas de manos, es ideal para quienes buscan suavidad y practicidad.<\/p>\n<p>El juego incluye:<br \/>\n1 toalla de ba\u00f1o grande (70\u00d7140 cm), que proporciona comodidad y cobertura total.<br \/>\n2 toallas m\u00e1s peque\u00f1as (35\u00d775 cm), perfectas para secar la cara o las manos.<\/p>\n<p>Las toallas de fibra de bamb\u00fa son excepcionalmente suaves, delicadas con la piel y tienen un tacto lujoso. Gracias a la estructura natural del bamb\u00fa, tienen una excelente capacidad de absorci\u00f3n y se secan r\u00e1pidamente.<\/p>\n<p>Las toallas tambi\u00e9n son antibacterianas y duraderas, manteniendo su calidad incluso despu\u00e9s de repetidos lavados. El dise\u00f1o atemporal y cl\u00e1sico combina con cualquier decoraci\u00f3n de ba\u00f1o, a\u00f1adi\u00e9ndole estilo y elegancia.<\/p>\n<p>Este juego de toallas de bamb\u00fa es una gran opci\u00f3n tanto para el uso diario como para regalar.<\/p>\n","protected":false},"excerpt":{"rendered":"<ul>\n<li>Material: 100% bamb\u00fa<\/li>\n<li>Tama\u00f1o: (70\u00d7140 cm 1 piezas) + (35\u00d775 cm 2 piezas)<\/li>\n<li>Peso: 420g\/m2<\/li>\n<li>El juego incluye: 3 piezas<\/li>\n<\/ul>\n","protected":false},"featured_media":44231,"comment_status":"open","ping_status":"closed","template":"","meta":[],"product_brand":[],"product_cat":[1579,1675,996,489],"product_tag":[],"class_list":{"0":"post-44176","1":"product","2":"type-product","3":"status-publish","4":"has-post-thumbnail","6":"product_cat-juegos-de-toallas","7":"product_cat-juegos-de-toallas-de-bambu","8":"product_cat-toallas-de-bambu","9":"product_cat-toallas-y-toallas-de-bano","11":"first","12":"instock","13":"shipping-taxable","14":"purchasable","15":"product-type-variable"},"yoast_head":"<!-- This site is optimized with the Yoast SEO plugin v27.4 - https:\/\/yoast.com\/product\/yoast-seo-wordpress\/ -->\n<title>Juego De Toallas Fibras De Bamb\u00fa 3 Piezas | AZTEX<\/title>\n<meta name=\"description\" content=\"El juego de toallas de bamb\u00fa org\u00e1nico incluye 1 pieza de 70x140 cm y 2 piezas de toallas de 35x75 cm con una textura suave y excelente absorci\u00f3n.\" \/>\n<meta name=\"robots\" content=\"index, follow, max-snippet:-1, max-image-preview:large, max-video-preview:-1\" \/>\n<link rel=\"canonical\" href=\"https:\/\/aztex.ee\/es\/pood\/toallas-y-toallas-de-bano\/juego-de-toallas-de-bambu-3piezas\/\" \/>\n<meta property=\"og:locale\" content=\"es_ES\" \/>\n<meta property=\"og:type\" content=\"article\" \/>\n<meta property=\"og:title\" content=\"Juego De Toallas Fibras De Bamb\u00fa 3 Piezas | AZTEX\" \/>\n<meta property=\"og:description\" content=\"El juego de toallas de bamb\u00fa org\u00e1nico incluye 1 pieza de 70x140 cm y 2 piezas de toallas de 35x75 cm con una textura suave y excelente absorci\u00f3n.\" \/>\n<meta property=\"og:url\" content=\"https:\/\/aztex.ee\/es\/pood\/toallas-y-toallas-de-bano\/juego-de-toallas-de-bambu-3piezas\/\" \/>\n<meta property=\"og:site_name\" content=\"AZTEX\" \/>\n<meta property=\"article:publisher\" content=\"https:\/\/www.facebook.com\/AztexEE\" \/>\n<meta property=\"article:modified_time\" content=\"2026-04-17T12:53:11+00:00\" \/>\n<meta property=\"og:image\" content=\"https:\/\/aztex.ee\/wp-content\/uploads\/2025\/01\/Bambusest-ratikute-komplekt-1.jpg\" \/>\n\t<meta property=\"og:image:width\" content=\"800\" \/>\n\t<meta property=\"og:image:height\" content=\"800\" \/>\n\t<meta property=\"og:image:type\" content=\"image\/jpeg\" \/>\n<meta name=\"twitter:card\" content=\"summary_large_image\" \/>\n<meta name=\"twitter:label1\" content=\"Tiempo de lectura\" \/>\n\t<meta name=\"twitter:data1\" content=\"1 minuto\" \/>\n<script type=\"application\/ld+json\" class=\"yoast-schema-graph\">{\"@context\":\"https:\\\/\\\/schema.org\",\"@graph\":[{\"@type\":[\"WebPage\",\"ItemPage\"],\"@id\":\"https:\\\/\\\/aztex.ee\\\/es\\\/pood\\\/toallas-y-toallas-de-bano\\\/juego-de-toallas-de-bambu-3piezas\\\/\",\"url\":\"https:\\\/\\\/aztex.ee\\\/es\\\/pood\\\/toallas-y-toallas-de-bano\\\/juego-de-toallas-de-bambu-3piezas\\\/\",\"name\":\"Juego De Toallas Fibras De Bamb\u00fa 3 Piezas | AZTEX\",\"isPartOf\":{\"@id\":\"https:\\\/\\\/aztex.ee\\\/es\\\/#website\"},\"primaryImageOfPage\":{\"@id\":\"https:\\\/\\\/aztex.ee\\\/es\\\/pood\\\/toallas-y-toallas-de-bano\\\/juego-de-toallas-de-bambu-3piezas\\\/#primaryimage\"},\"image\":{\"@id\":\"https:\\\/\\\/aztex.ee\\\/es\\\/pood\\\/toallas-y-toallas-de-bano\\\/juego-de-toallas-de-bambu-3piezas\\\/#primaryimage\"},\"thumbnailUrl\":\"https:\\\/\\\/aztex.ee\\\/wp-content\\\/uploads\\\/2025\\\/01\\\/Bambusest-ratikute-komplekt-1.jpg\",\"datePublished\":\"2025-01-22T18:25:30+00:00\",\"dateModified\":\"2026-04-17T12:53:11+00:00\",\"description\":\"El juego de toallas de bamb\u00fa org\u00e1nico incluye 1 pieza de 70x140 cm y 2 piezas de toallas de 35x75 cm con una textura suave y excelente absorci\u00f3n.\",\"breadcrumb\":{\"@id\":\"https:\\\/\\\/aztex.ee\\\/es\\\/pood\\\/toallas-y-toallas-de-bano\\\/juego-de-toallas-de-bambu-3piezas\\\/#breadcrumb\"},\"inLanguage\":\"es\",\"potentialAction\":[{\"@type\":\"ReadAction\",\"target\":[\"https:\\\/\\\/aztex.ee\\\/es\\\/pood\\\/toallas-y-toallas-de-bano\\\/juego-de-toallas-de-bambu-3piezas\\\/\"]}]},{\"@type\":\"ImageObject\",\"inLanguage\":\"es\",\"@id\":\"https:\\\/\\\/aztex.ee\\\/es\\\/pood\\\/toallas-y-toallas-de-bano\\\/juego-de-toallas-de-bambu-3piezas\\\/#primaryimage\",\"url\":\"https:\\\/\\\/aztex.ee\\\/wp-content\\\/uploads\\\/2025\\\/01\\\/Bambusest-ratikute-komplekt-1.jpg\",\"contentUrl\":\"https:\\\/\\\/aztex.ee\\\/wp-content\\\/uploads\\\/2025\\\/01\\\/Bambusest-ratikute-komplekt-1.jpg\",\"width\":800,\"height\":800,\"caption\":\"Bambusest r\u00e4tikute komplekt\"},{\"@type\":\"BreadcrumbList\",\"@id\":\"https:\\\/\\\/aztex.ee\\\/es\\\/pood\\\/toallas-y-toallas-de-bano\\\/juego-de-toallas-de-bambu-3piezas\\\/#breadcrumb\",\"itemListElement\":[{\"@type\":\"ListItem\",\"position\":1,\"name\":\"Inicio\",\"item\":\"https:\\\/\\\/aztex.ee\\\/es\\\/\"},{\"@type\":\"ListItem\",\"position\":2,\"name\":\"Tienda\",\"item\":\"https:\\\/\\\/aztex.ee\\\/es\\\/tienda\\\/\"},{\"@type\":\"ListItem\",\"position\":3,\"name\":\"Juego de toallas de bamb\u00fa\"}]},{\"@type\":\"WebSite\",\"@id\":\"https:\\\/\\\/aztex.ee\\\/es\\\/#website\",\"url\":\"https:\\\/\\\/aztex.ee\\\/es\\\/\",\"name\":\"AZTEX\",\"description\":\"\",\"publisher\":{\"@id\":\"https:\\\/\\\/aztex.ee\\\/es\\\/#organization\"},\"potentialAction\":[{\"@type\":\"SearchAction\",\"target\":{\"@type\":\"EntryPoint\",\"urlTemplate\":\"https:\\\/\\\/aztex.ee\\\/es\\\/?s={search_term_string}\"},\"query-input\":{\"@type\":\"PropertyValueSpecification\",\"valueRequired\":true,\"valueName\":\"search_term_string\"}}],\"inLanguage\":\"es\"},{\"@type\":\"Organization\",\"@id\":\"https:\\\/\\\/aztex.ee\\\/es\\\/#organization\",\"name\":\"AZTEX\",\"url\":\"https:\\\/\\\/aztex.ee\\\/es\\\/\",\"logo\":{\"@type\":\"ImageObject\",\"inLanguage\":\"es\",\"@id\":\"https:\\\/\\\/aztex.ee\\\/es\\\/#\\\/schema\\\/logo\\\/image\\\/\",\"url\":\"https:\\\/\\\/aztex.ee\\\/wp-content\\\/uploads\\\/2026\\\/01\\\/AZTEX.png\",\"contentUrl\":\"https:\\\/\\\/aztex.ee\\\/wp-content\\\/uploads\\\/2026\\\/01\\\/AZTEX.png\",\"width\":500,\"height\":500,\"caption\":\"AZTEX\"},\"image\":{\"@id\":\"https:\\\/\\\/aztex.ee\\\/es\\\/#\\\/schema\\\/logo\\\/image\\\/\"},\"sameAs\":[\"https:\\\/\\\/www.facebook.com\\\/AztexEE\",\"https:\\\/\\\/www.instagram.com\\\/aztexeesti\\\/\",\"https:\\\/\\\/www.youtube.com\\\/@AZTEXEE\",\"https:\\\/\\\/www.pinterest.com\\\/aztex_eesti\\\/\",\"https:\\\/\\\/www.tiktok.com\\\/@aztexeesti\",\"https:\\\/\\\/www.trustpilot.com\\\/review\\\/aztex.ee\",\"https:\\\/\\\/www.linkedin.com\\\/company\\\/aztex-ee\\\/\",\"https:\\\/\\\/www.wikidata.org\\\/wiki\\\/Q137560182\"]}]}<\/script>\n<!-- \/ Yoast SEO plugin. -->","yoast_head_json":{"title":"Juego De Toallas Fibras De Bamb\u00fa 3 Piezas | AZTEX","description":"El juego de toallas de bamb\u00fa org\u00e1nico incluye 1 pieza de 70x140 cm y 2 piezas de toallas de 35x75 cm con una textura suave y excelente absorci\u00f3n.","robots":{"index":"index","follow":"follow","max-snippet":"max-snippet:-1","max-image-preview":"max-image-preview:large","max-video-preview":"max-video-preview:-1"},"canonical":"https:\/\/aztex.ee\/es\/pood\/toallas-y-toallas-de-bano\/juego-de-toallas-de-bambu-3piezas\/","og_locale":"es_ES","og_type":"article","og_title":"Juego De Toallas Fibras De Bamb\u00fa 3 Piezas | AZTEX","og_description":"El juego de toallas de bamb\u00fa org\u00e1nico incluye 1 pieza de 70x140 cm y 2 piezas de toallas de 35x75 cm con una textura suave y excelente absorci\u00f3n.","og_url":"https:\/\/aztex.ee\/es\/pood\/toallas-y-toallas-de-bano\/juego-de-toallas-de-bambu-3piezas\/","og_site_name":"AZTEX","article_publisher":"https:\/\/www.facebook.com\/AztexEE","article_modified_time":"2026-04-17T12:53:11+00:00","og_image":[{"width":800,"height":800,"url":"https:\/\/aztex.ee\/wp-content\/uploads\/2025\/01\/Bambusest-ratikute-komplekt-1.jpg","type":"image\/jpeg"}],"twitter_card":"summary_large_image","twitter_misc":{"Tiempo de lectura":"1 minuto"},"schema":{"@context":"https:\/\/schema.org","@graph":[{"@type":["WebPage","ItemPage"],"@id":"https:\/\/aztex.ee\/es\/pood\/toallas-y-toallas-de-bano\/juego-de-toallas-de-bambu-3piezas\/","url":"https:\/\/aztex.ee\/es\/pood\/toallas-y-toallas-de-bano\/juego-de-toallas-de-bambu-3piezas\/","name":"Juego De Toallas Fibras De Bamb\u00fa 3 Piezas | AZTEX","isPartOf":{"@id":"https:\/\/aztex.ee\/es\/#website"},"primaryImageOfPage":{"@id":"https:\/\/aztex.ee\/es\/pood\/toallas-y-toallas-de-bano\/juego-de-toallas-de-bambu-3piezas\/#primaryimage"},"image":{"@id":"https:\/\/aztex.ee\/es\/pood\/toallas-y-toallas-de-bano\/juego-de-toallas-de-bambu-3piezas\/#primaryimage"},"thumbnailUrl":"https:\/\/aztex.ee\/wp-content\/uploads\/2025\/01\/Bambusest-ratikute-komplekt-1.jpg","datePublished":"2025-01-22T18:25:30+00:00","dateModified":"2026-04-17T12:53:11+00:00","description":"El juego de toallas de bamb\u00fa org\u00e1nico incluye 1 pieza de 70x140 cm y 2 piezas de toallas de 35x75 cm con una textura suave y excelente absorci\u00f3n.","breadcrumb":{"@id":"https:\/\/aztex.ee\/es\/pood\/toallas-y-toallas-de-bano\/juego-de-toallas-de-bambu-3piezas\/#breadcrumb"},"inLanguage":"es","potentialAction":[{"@type":"ReadAction","target":["https:\/\/aztex.ee\/es\/pood\/toallas-y-toallas-de-bano\/juego-de-toallas-de-bambu-3piezas\/"]}]},{"@type":"ImageObject","inLanguage":"es","@id":"https:\/\/aztex.ee\/es\/pood\/toallas-y-toallas-de-bano\/juego-de-toallas-de-bambu-3piezas\/#primaryimage","url":"https:\/\/aztex.ee\/wp-content\/uploads\/2025\/01\/Bambusest-ratikute-komplekt-1.jpg","contentUrl":"https:\/\/aztex.ee\/wp-content\/uploads\/2025\/01\/Bambusest-ratikute-komplekt-1.jpg","width":800,"height":800,"caption":"Bambusest r\u00e4tikute komplekt"},{"@type":"BreadcrumbList","@id":"https:\/\/aztex.ee\/es\/pood\/toallas-y-toallas-de-bano\/juego-de-toallas-de-bambu-3piezas\/#breadcrumb","itemListElement":[{"@type":"ListItem","position":1,"name":"Inicio","item":"https:\/\/aztex.ee\/es\/"},{"@type":"ListItem","position":2,"name":"Tienda","item":"https:\/\/aztex.ee\/es\/tienda\/"},{"@type":"ListItem","position":3,"name":"Juego de toallas de bamb\u00fa"}]},{"@type":"WebSite","@id":"https:\/\/aztex.ee\/es\/#website","url":"https:\/\/aztex.ee\/es\/","name":"AZTEX","description":"","publisher":{"@id":"https:\/\/aztex.ee\/es\/#organization"},"potentialAction":[{"@type":"SearchAction","target":{"@type":"EntryPoint","urlTemplate":"https:\/\/aztex.ee\/es\/?s={search_term_string}"},"query-input":{"@type":"PropertyValueSpecification","valueRequired":true,"valueName":"search_term_string"}}],"inLanguage":"es"},{"@type":"Organization","@id":"https:\/\/aztex.ee\/es\/#organization","name":"AZTEX","url":"https:\/\/aztex.ee\/es\/","logo":{"@type":"ImageObject","inLanguage":"es","@id":"https:\/\/aztex.ee\/es\/#\/schema\/logo\/image\/","url":"https:\/\/aztex.ee\/wp-content\/uploads\/2026\/01\/AZTEX.png","contentUrl":"https:\/\/aztex.ee\/wp-content\/uploads\/2026\/01\/AZTEX.png","width":500,"height":500,"caption":"AZTEX"},"image":{"@id":"https:\/\/aztex.ee\/es\/#\/schema\/logo\/image\/"},"sameAs":["https:\/\/www.facebook.com\/AztexEE","https:\/\/www.instagram.com\/aztexeesti\/","https:\/\/www.youtube.com\/@AZTEXEE","https:\/\/www.pinterest.com\/aztex_eesti\/","https:\/\/www.tiktok.com\/@aztexeesti","https:\/\/www.trustpilot.com\/review\/aztex.ee","https:\/\/www.linkedin.com\/company\/aztex-ee\/","https:\/\/www.wikidata.org\/wiki\/Q137560182"]}]}},"_links":{"self":[{"href":"https:\/\/aztex.ee\/es\/wp-json\/wp\/v2\/product\/44176","targetHints":{"allow":["GET"]}}],"collection":[{"href":"https:\/\/aztex.ee\/es\/wp-json\/wp\/v2\/product"}],"about":[{"href":"https:\/\/aztex.ee\/es\/wp-json\/wp\/v2\/types\/product"}],"replies":[{"embeddable":true,"href":"https:\/\/aztex.ee\/es\/wp-json\/wp\/v2\/comments?post=44176"}],"version-history":[{"count":0,"href":"https:\/\/aztex.ee\/es\/wp-json\/wp\/v2\/product\/44176\/revisions"}],"wp:featuredmedia":[{"embeddable":true,"href":"https:\/\/aztex.ee\/es\/wp-json\/wp\/v2\/media\/44231"}],"wp:attachment":[{"href":"https:\/\/aztex.ee\/es\/wp-json\/wp\/v2\/media?parent=44176"}],"wp:term":[{"taxonomy":"product_brand","embeddable":true,"href":"https:\/\/aztex.ee\/es\/wp-json\/wp\/v2\/product_brand?post=44176"},{"taxonomy":"product_cat","embeddable":true,"href":"https:\/\/aztex.ee\/es\/wp-json\/wp\/v2\/product_cat?post=44176"},{"taxonomy":"product_tag","embeddable":true,"href":"https:\/\/aztex.ee\/es\/wp-json\/wp\/v2\/product_tag?post=44176"}],"curies":[{"name":"wp","href":"https:\/\/api.w.org\/{rel}","templated":true}]}}