{"id":42788,"date":"2025-01-13T10:15:39","date_gmt":"2025-01-13T10:15:39","guid":{"rendered":"https:\/\/aztex.ee\/?post_type=product&#038;p=42788"},"modified":"2026-03-22T17:46:22","modified_gmt":"2026-03-22T17:46:22","slug":"juego-de-toallas-de-bambu-6-piezas","status":"publish","type":"product","link":"https:\/\/aztex.ee\/es\/pood\/toallas-y-toallas-de-bano\/juego-de-toallas-de-bambu-6-piezas\/","title":{"rendered":"Juego de toallas de bamb\u00fa 6 piezas"},"content":{"rendered":"<p>El juego de toallas de bamb\u00fa, que incluye 6 toallas de 35\u00d775 cm, es una gran opci\u00f3n para el uso diario o como regalo. Estas toallas est\u00e1n hechas de fibra de bamb\u00fa, que es conocida por su excepcional suavidad y respeto por la piel. Gracias a sus propiedades hipoalerg\u00e9nicas y antibacterianas naturales, son adecuadas incluso para las pieles m\u00e1s sensibles, incluidas las de los beb\u00e9s y los ni\u00f1os peque\u00f1os, proporcionando un cuidado suave y comodidad.<\/p>\n<p>La capacidad de absorci\u00f3n de humedad de las toallas de bamb\u00fa es impresionante: pueden absorber varias veces m\u00e1s agua que las toallas de algod\u00f3n tradicionales. Adem\u00e1s, se secan m\u00e1s r\u00e1pido, lo que ayuda a mantenerlas frescas y agradables incluso en el uso diario. La ligereza y la eficiencia de las toallas las convierten en una gran opci\u00f3n tanto para el hogar como para viajar.<\/p>\n<p>F\u00e1ciles de cuidar: se pueden lavar en la lavadora a bajas temperaturas y las toallas conservan su suavidad y su aspecto agradable incluso despu\u00e9s de varios lavados. Su dise\u00f1o vers\u00e1til se adapta a una variedad de estilos de ba\u00f1o, ya sea una soluci\u00f3n monocrom\u00e1tica cl\u00e1sica o esquemas de colores modernos que agregan personalidad y atractivo visual.<\/p>\n<p>Este conjunto ofrece la combinaci\u00f3n perfecta de calidad y facilidad de uso, adem\u00e1s de ser duradero y est\u00e9tico. Las toallas de bamb\u00fa no solo son pr\u00e1cticas, sino tambi\u00e9n agradables de usar, lo que hace que las rutinas diarias sean m\u00e1s agradables. Est\u00e1n dise\u00f1adas para personas que valoran tanto la funcionalidad como el estilo.<\/p>\n","protected":false},"excerpt":{"rendered":"<ul>\n<li>Material: 100% bamb\u00fa<\/li>\n<li>Tama\u00f1o: 35\u00d775 cm \u00b13<\/li>\n<li>Peso: 420g\/m2<\/li>\n<li>El juego incluye: 6 piezas<\/li>\n<\/ul>\n","protected":false},"featured_media":42843,"comment_status":"open","ping_status":"closed","template":"","meta":[],"product_brand":[],"product_cat":[1579,1675,1741,785,996,1631,489],"product_tag":[],"class_list":{"0":"post-42788","1":"product","2":"type-product","3":"status-publish","4":"has-post-thumbnail","6":"product_cat-juegos-de-toallas","7":"product_cat-juegos-de-toallas-de-bambu","8":"product_cat-toallas","9":"product_cat-toallas-35x75-cm","10":"product_cat-toallas-de-bambu","11":"product_cat-toallas-de-mano-de-bambu","12":"product_cat-toallas-y-toallas-de-bano","14":"first","15":"instock","16":"shipping-taxable","17":"purchasable","18":"product-type-variable"},"yoast_head":"<!-- This site is optimized with the Yoast SEO plugin v27.6 - https:\/\/yoast.com\/product\/yoast-seo-wordpress\/ -->\n<title>Juego de toallas de bamb\u00fa 6 piezas | AZTEX<\/title>\n<meta name=\"description\" content=\"El juego de toallas de bamb\u00fa de 6 piezas es suave, duradero, pr\u00e1ctico y elegante y es ideal para el secado diario de manos, cara y cuerpo.\" \/>\n<meta name=\"robots\" content=\"index, follow, max-snippet:-1, max-image-preview:large, max-video-preview:-1\" \/>\n<link rel=\"canonical\" href=\"https:\/\/aztex.ee\/es\/pood\/toallas-y-toallas-de-bano\/juego-de-toallas-de-bambu-6-piezas\/\" \/>\n<meta property=\"og:locale\" content=\"es_ES\" \/>\n<meta property=\"og:type\" content=\"article\" \/>\n<meta property=\"og:title\" content=\"Juego de toallas de bamb\u00fa 6 piezas | AZTEX\" \/>\n<meta property=\"og:description\" content=\"El juego de toallas de bamb\u00fa de 6 piezas es suave, duradero, pr\u00e1ctico y elegante y es ideal para el secado diario de manos, cara y cuerpo.\" \/>\n<meta property=\"og:url\" content=\"https:\/\/aztex.ee\/es\/pood\/toallas-y-toallas-de-bano\/juego-de-toallas-de-bambu-6-piezas\/\" \/>\n<meta property=\"og:site_name\" content=\"AZTEX\" \/>\n<meta property=\"article:publisher\" content=\"https:\/\/www.facebook.com\/AztexEE\" \/>\n<meta property=\"article:modified_time\" content=\"2026-03-22T17:46:22+00:00\" \/>\n<meta property=\"og:image\" content=\"https:\/\/aztex.ee\/wp-content\/uploads\/2025\/01\/Bambusest-kateratikute-komplekt.jpg\" \/>\n\t<meta property=\"og:image:width\" content=\"800\" \/>\n\t<meta property=\"og:image:height\" content=\"800\" \/>\n\t<meta property=\"og:image:type\" content=\"image\/jpeg\" \/>\n<meta name=\"twitter:card\" content=\"summary_large_image\" \/>\n<meta name=\"twitter:label1\" content=\"Tiempo de lectura\" \/>\n\t<meta name=\"twitter:data1\" content=\"2 minutos\" \/>\n<script type=\"application\/ld+json\" class=\"yoast-schema-graph\">{\"@context\":\"https:\\\/\\\/schema.org\",\"@graph\":[{\"@type\":[\"WebPage\",\"ItemPage\"],\"@id\":\"https:\\\/\\\/aztex.ee\\\/es\\\/pood\\\/toallas-y-toallas-de-bano\\\/juego-de-toallas-de-bambu-6-piezas\\\/\",\"url\":\"https:\\\/\\\/aztex.ee\\\/es\\\/pood\\\/toallas-y-toallas-de-bano\\\/juego-de-toallas-de-bambu-6-piezas\\\/\",\"name\":\"Juego de toallas de bamb\u00fa 6 piezas | AZTEX\",\"isPartOf\":{\"@id\":\"https:\\\/\\\/aztex.ee\\\/es\\\/#website\"},\"primaryImageOfPage\":{\"@id\":\"https:\\\/\\\/aztex.ee\\\/es\\\/pood\\\/toallas-y-toallas-de-bano\\\/juego-de-toallas-de-bambu-6-piezas\\\/#primaryimage\"},\"image\":{\"@id\":\"https:\\\/\\\/aztex.ee\\\/es\\\/pood\\\/toallas-y-toallas-de-bano\\\/juego-de-toallas-de-bambu-6-piezas\\\/#primaryimage\"},\"thumbnailUrl\":\"https:\\\/\\\/aztex.ee\\\/wp-content\\\/uploads\\\/2025\\\/01\\\/Bambusest-kateratikute-komplekt.jpg\",\"datePublished\":\"2025-01-13T10:15:39+00:00\",\"dateModified\":\"2026-03-22T17:46:22+00:00\",\"description\":\"El juego de toallas de bamb\u00fa de 6 piezas es suave, duradero, pr\u00e1ctico y elegante y es ideal para el secado diario de manos, cara y cuerpo.\",\"breadcrumb\":{\"@id\":\"https:\\\/\\\/aztex.ee\\\/es\\\/pood\\\/toallas-y-toallas-de-bano\\\/juego-de-toallas-de-bambu-6-piezas\\\/#breadcrumb\"},\"inLanguage\":\"es\",\"potentialAction\":[{\"@type\":\"ReadAction\",\"target\":[\"https:\\\/\\\/aztex.ee\\\/es\\\/pood\\\/toallas-y-toallas-de-bano\\\/juego-de-toallas-de-bambu-6-piezas\\\/\"]}]},{\"@type\":\"ImageObject\",\"inLanguage\":\"es\",\"@id\":\"https:\\\/\\\/aztex.ee\\\/es\\\/pood\\\/toallas-y-toallas-de-bano\\\/juego-de-toallas-de-bambu-6-piezas\\\/#primaryimage\",\"url\":\"https:\\\/\\\/aztex.ee\\\/wp-content\\\/uploads\\\/2025\\\/01\\\/Bambusest-kateratikute-komplekt.jpg\",\"contentUrl\":\"https:\\\/\\\/aztex.ee\\\/wp-content\\\/uploads\\\/2025\\\/01\\\/Bambusest-kateratikute-komplekt.jpg\",\"width\":800,\"height\":800,\"caption\":\"Bambusest k\u00e4ter\u00e4tikute komplekt 6 tk\"},{\"@type\":\"BreadcrumbList\",\"@id\":\"https:\\\/\\\/aztex.ee\\\/es\\\/pood\\\/toallas-y-toallas-de-bano\\\/juego-de-toallas-de-bambu-6-piezas\\\/#breadcrumb\",\"itemListElement\":[{\"@type\":\"ListItem\",\"position\":1,\"name\":\"Inicio\",\"item\":\"https:\\\/\\\/aztex.ee\\\/es\\\/\"},{\"@type\":\"ListItem\",\"position\":2,\"name\":\"Tienda\",\"item\":\"https:\\\/\\\/aztex.ee\\\/es\\\/tienda\\\/\"},{\"@type\":\"ListItem\",\"position\":3,\"name\":\"Juego de toallas de bamb\u00fa 6 piezas\"}]},{\"@type\":\"WebSite\",\"@id\":\"https:\\\/\\\/aztex.ee\\\/es\\\/#website\",\"url\":\"https:\\\/\\\/aztex.ee\\\/es\\\/\",\"name\":\"AZTEX\",\"description\":\"\",\"publisher\":{\"@id\":\"https:\\\/\\\/aztex.ee\\\/es\\\/#organization\"},\"potentialAction\":[{\"@type\":\"SearchAction\",\"target\":{\"@type\":\"EntryPoint\",\"urlTemplate\":\"https:\\\/\\\/aztex.ee\\\/es\\\/?s={search_term_string}\"},\"query-input\":{\"@type\":\"PropertyValueSpecification\",\"valueRequired\":true,\"valueName\":\"search_term_string\"}}],\"inLanguage\":\"es\"},{\"@type\":\"Organization\",\"@id\":\"https:\\\/\\\/aztex.ee\\\/es\\\/#organization\",\"name\":\"AZTEX\",\"url\":\"https:\\\/\\\/aztex.ee\\\/es\\\/\",\"logo\":{\"@type\":\"ImageObject\",\"inLanguage\":\"es\",\"@id\":\"https:\\\/\\\/aztex.ee\\\/es\\\/#\\\/schema\\\/logo\\\/image\\\/\",\"url\":\"https:\\\/\\\/aztex.ee\\\/wp-content\\\/uploads\\\/2026\\\/01\\\/AZTEX.png\",\"contentUrl\":\"https:\\\/\\\/aztex.ee\\\/wp-content\\\/uploads\\\/2026\\\/01\\\/AZTEX.png\",\"width\":500,\"height\":500,\"caption\":\"AZTEX\"},\"image\":{\"@id\":\"https:\\\/\\\/aztex.ee\\\/es\\\/#\\\/schema\\\/logo\\\/image\\\/\"},\"sameAs\":[\"https:\\\/\\\/www.facebook.com\\\/AztexEE\",\"https:\\\/\\\/www.instagram.com\\\/aztexeesti\\\/\",\"https:\\\/\\\/www.youtube.com\\\/@AZTEXEE\",\"https:\\\/\\\/www.pinterest.com\\\/aztex_eesti\\\/\",\"https:\\\/\\\/www.tiktok.com\\\/@aztexeesti\",\"https:\\\/\\\/www.trustpilot.com\\\/review\\\/aztex.ee\",\"https:\\\/\\\/www.linkedin.com\\\/company\\\/aztex-ee\\\/\",\"https:\\\/\\\/www.wikidata.org\\\/wiki\\\/Q137560182\"]}]}<\/script>\n<!-- \/ Yoast SEO plugin. -->","yoast_head_json":{"title":"Juego de toallas de bamb\u00fa 6 piezas | AZTEX","description":"El juego de toallas de bamb\u00fa de 6 piezas es suave, duradero, pr\u00e1ctico y elegante y es ideal para el secado diario de manos, cara y cuerpo.","robots":{"index":"index","follow":"follow","max-snippet":"max-snippet:-1","max-image-preview":"max-image-preview:large","max-video-preview":"max-video-preview:-1"},"canonical":"https:\/\/aztex.ee\/es\/pood\/toallas-y-toallas-de-bano\/juego-de-toallas-de-bambu-6-piezas\/","og_locale":"es_ES","og_type":"article","og_title":"Juego de toallas de bamb\u00fa 6 piezas | AZTEX","og_description":"El juego de toallas de bamb\u00fa de 6 piezas es suave, duradero, pr\u00e1ctico y elegante y es ideal para el secado diario de manos, cara y cuerpo.","og_url":"https:\/\/aztex.ee\/es\/pood\/toallas-y-toallas-de-bano\/juego-de-toallas-de-bambu-6-piezas\/","og_site_name":"AZTEX","article_publisher":"https:\/\/www.facebook.com\/AztexEE","article_modified_time":"2026-03-22T17:46:22+00:00","og_image":[{"width":800,"height":800,"url":"https:\/\/aztex.ee\/wp-content\/uploads\/2025\/01\/Bambusest-kateratikute-komplekt.jpg","type":"image\/jpeg"}],"twitter_card":"summary_large_image","twitter_misc":{"Tiempo de lectura":"2 minutos"},"schema":{"@context":"https:\/\/schema.org","@graph":[{"@type":["WebPage","ItemPage"],"@id":"https:\/\/aztex.ee\/es\/pood\/toallas-y-toallas-de-bano\/juego-de-toallas-de-bambu-6-piezas\/","url":"https:\/\/aztex.ee\/es\/pood\/toallas-y-toallas-de-bano\/juego-de-toallas-de-bambu-6-piezas\/","name":"Juego de toallas de bamb\u00fa 6 piezas | AZTEX","isPartOf":{"@id":"https:\/\/aztex.ee\/es\/#website"},"primaryImageOfPage":{"@id":"https:\/\/aztex.ee\/es\/pood\/toallas-y-toallas-de-bano\/juego-de-toallas-de-bambu-6-piezas\/#primaryimage"},"image":{"@id":"https:\/\/aztex.ee\/es\/pood\/toallas-y-toallas-de-bano\/juego-de-toallas-de-bambu-6-piezas\/#primaryimage"},"thumbnailUrl":"https:\/\/aztex.ee\/wp-content\/uploads\/2025\/01\/Bambusest-kateratikute-komplekt.jpg","datePublished":"2025-01-13T10:15:39+00:00","dateModified":"2026-03-22T17:46:22+00:00","description":"El juego de toallas de bamb\u00fa de 6 piezas es suave, duradero, pr\u00e1ctico y elegante y es ideal para el secado diario de manos, cara y cuerpo.","breadcrumb":{"@id":"https:\/\/aztex.ee\/es\/pood\/toallas-y-toallas-de-bano\/juego-de-toallas-de-bambu-6-piezas\/#breadcrumb"},"inLanguage":"es","potentialAction":[{"@type":"ReadAction","target":["https:\/\/aztex.ee\/es\/pood\/toallas-y-toallas-de-bano\/juego-de-toallas-de-bambu-6-piezas\/"]}]},{"@type":"ImageObject","inLanguage":"es","@id":"https:\/\/aztex.ee\/es\/pood\/toallas-y-toallas-de-bano\/juego-de-toallas-de-bambu-6-piezas\/#primaryimage","url":"https:\/\/aztex.ee\/wp-content\/uploads\/2025\/01\/Bambusest-kateratikute-komplekt.jpg","contentUrl":"https:\/\/aztex.ee\/wp-content\/uploads\/2025\/01\/Bambusest-kateratikute-komplekt.jpg","width":800,"height":800,"caption":"Bambusest k\u00e4ter\u00e4tikute komplekt 6 tk"},{"@type":"BreadcrumbList","@id":"https:\/\/aztex.ee\/es\/pood\/toallas-y-toallas-de-bano\/juego-de-toallas-de-bambu-6-piezas\/#breadcrumb","itemListElement":[{"@type":"ListItem","position":1,"name":"Inicio","item":"https:\/\/aztex.ee\/es\/"},{"@type":"ListItem","position":2,"name":"Tienda","item":"https:\/\/aztex.ee\/es\/tienda\/"},{"@type":"ListItem","position":3,"name":"Juego de toallas de bamb\u00fa 6 piezas"}]},{"@type":"WebSite","@id":"https:\/\/aztex.ee\/es\/#website","url":"https:\/\/aztex.ee\/es\/","name":"AZTEX","description":"","publisher":{"@id":"https:\/\/aztex.ee\/es\/#organization"},"potentialAction":[{"@type":"SearchAction","target":{"@type":"EntryPoint","urlTemplate":"https:\/\/aztex.ee\/es\/?s={search_term_string}"},"query-input":{"@type":"PropertyValueSpecification","valueRequired":true,"valueName":"search_term_string"}}],"inLanguage":"es"},{"@type":"Organization","@id":"https:\/\/aztex.ee\/es\/#organization","name":"AZTEX","url":"https:\/\/aztex.ee\/es\/","logo":{"@type":"ImageObject","inLanguage":"es","@id":"https:\/\/aztex.ee\/es\/#\/schema\/logo\/image\/","url":"https:\/\/aztex.ee\/wp-content\/uploads\/2026\/01\/AZTEX.png","contentUrl":"https:\/\/aztex.ee\/wp-content\/uploads\/2026\/01\/AZTEX.png","width":500,"height":500,"caption":"AZTEX"},"image":{"@id":"https:\/\/aztex.ee\/es\/#\/schema\/logo\/image\/"},"sameAs":["https:\/\/www.facebook.com\/AztexEE","https:\/\/www.instagram.com\/aztexeesti\/","https:\/\/www.youtube.com\/@AZTEXEE","https:\/\/www.pinterest.com\/aztex_eesti\/","https:\/\/www.tiktok.com\/@aztexeesti","https:\/\/www.trustpilot.com\/review\/aztex.ee","https:\/\/www.linkedin.com\/company\/aztex-ee\/","https:\/\/www.wikidata.org\/wiki\/Q137560182"]}]}},"_links":{"self":[{"href":"https:\/\/aztex.ee\/es\/wp-json\/wp\/v2\/product\/42788","targetHints":{"allow":["GET"]}}],"collection":[{"href":"https:\/\/aztex.ee\/es\/wp-json\/wp\/v2\/product"}],"about":[{"href":"https:\/\/aztex.ee\/es\/wp-json\/wp\/v2\/types\/product"}],"replies":[{"embeddable":true,"href":"https:\/\/aztex.ee\/es\/wp-json\/wp\/v2\/comments?post=42788"}],"version-history":[{"count":0,"href":"https:\/\/aztex.ee\/es\/wp-json\/wp\/v2\/product\/42788\/revisions"}],"wp:featuredmedia":[{"embeddable":true,"href":"https:\/\/aztex.ee\/es\/wp-json\/wp\/v2\/media\/42843"}],"wp:attachment":[{"href":"https:\/\/aztex.ee\/es\/wp-json\/wp\/v2\/media?parent=42788"}],"wp:term":[{"taxonomy":"product_brand","embeddable":true,"href":"https:\/\/aztex.ee\/es\/wp-json\/wp\/v2\/product_brand?post=42788"},{"taxonomy":"product_cat","embeddable":true,"href":"https:\/\/aztex.ee\/es\/wp-json\/wp\/v2\/product_cat?post=42788"},{"taxonomy":"product_tag","embeddable":true,"href":"https:\/\/aztex.ee\/es\/wp-json\/wp\/v2\/product_tag?post=42788"}],"curies":[{"name":"wp","href":"https:\/\/api.w.org\/{rel}","templated":true}]}}