{"id":31571,"date":"2024-11-11T15:15:25","date_gmt":"2024-11-11T15:15:25","guid":{"rendered":"https:\/\/aztex.ee\/?post_type=product&#038;p=31571"},"modified":"2026-01-27T17:54:16","modified_gmt":"2026-01-27T17:54:16","slug":"juego-de-funda-nordica-wild-rose","status":"publish","type":"product","link":"https:\/\/aztex.ee\/es\/pood\/ropa-de-cama\/juego-de-funda-nordica-wild-rose\/","title":{"rendered":"Juego de funda n\u00f3rdica | Wild rose"},"content":{"rendered":"<p>El juego de cama 100 % algod\u00f3n aporta suavidad y comodidad naturales a tu dormitorio, algo que realmente disfrutar\u00e1s. Esta ropa de cama est\u00e1 hecha de algod\u00f3n genuino y transpirable, que ayuda al cuerpo a mantener la temperatura ideal durante la noche, proporcionando frescura en las noches c\u00e1lidas y calidez en las m\u00e1s fr\u00edas. Es una gran opci\u00f3n para quienes buscan un material natural que sea suave incluso para la piel sensible.<\/p>\n<p>El dise\u00f1o atemporal y elegante de la ropa de cama realzar\u00e1 cualquier dormitorio, aportando suavidad y serenidad a la habitaci\u00f3n. El algod\u00f3n de alta calidad sigue siendo duradero y se vuelve a\u00fan m\u00e1s suave con cada lavado, lo que proporciona una sensaci\u00f3n de lujo que perdura. Disfruta de unas vacaciones verdaderamente acogedoras y cercanas a la naturaleza todas las noches con ropa de cama 100 % algod\u00f3n.<\/p>\n","protected":false},"excerpt":{"rendered":"<p>Juego de cama 100% algod\u00f3n naturalmente suave y transpirable que garantiza un sue\u00f1o confortable y reparador.<\/p>\n<ul>\n<li>Material: 100% algod\u00f3n<\/li>\n<li>Tejido: Sat\u00edn<\/li>\n<li>N\u00famero de hilos: 255 TC<\/li>\n<li>Funda n\u00f3rdica: 200\u00d7230 cm<\/li>\n<li>Funda de almohada: 50\u00d775 cm (2 piezas)<\/li>\n<li>S\u00e1bana: No incluida<\/li>\n<li>Comodidad: Transpirable y textura suave<\/li>\n<\/ul>\n<p><img loading=\"lazy\" decoding=\"async\" class=\"alignnone size-full wp-image-30420\" src=\"https:\/\/aztex.ee\/wp-content\/uploads\/2024\/11\/100puuvilll.png\" alt=\"\" width=\"275\" height=\"76\" srcset=\"https:\/\/aztex.ee\/wp-content\/uploads\/2024\/11\/100puuvilll.png 275w, https:\/\/aztex.ee\/wp-content\/uploads\/2024\/11\/100puuvilll-150x41.png 150w\" sizes=\"auto, (max-width: 275px) 100vw, 275px\" \/><\/p>\n","protected":false},"featured_media":31593,"comment_status":"open","ping_status":"closed","template":"","meta":[],"product_brand":[],"product_cat":[506,305,607,112,172,390],"product_tag":[],"class_list":{"0":"post-31571","1":"product","2":"type-product","3":"status-publish","4":"has-post-thumbnail","6":"product_cat-juegos-de-cama","7":"product_cat-juegos-de-cama-de-algodon-200-230","8":"product_cat-juegos-de-cama-de-saten","9":"product_cat-ropa-de-cama","10":"product_cat-ropa-de-cama-de-algodon","11":"product_cat-ropa-de-cama-de-saten","13":"first","14":"instock","15":"shipping-taxable","16":"purchasable","17":"product-type-simple"},"yoast_head":"<!-- This site is optimized with the Yoast SEO plugin v27.3 - https:\/\/yoast.com\/product\/yoast-seo-wordpress\/ -->\n<title>Juego de funda n\u00f3rdica | Wild rose | AZTEX<\/title>\n<meta name=\"description\" content=\"Wild rose Juego de s\u00e1banas de algod\u00f3n 200x230 cm, la elecci\u00f3n perfecta para un sue\u00f1o suave y confortable. Ofrece una experiencia de sue\u00f1o de calidad con...\" \/>\n<meta name=\"robots\" content=\"index, follow, max-snippet:-1, max-image-preview:large, max-video-preview:-1\" \/>\n<link rel=\"canonical\" href=\"https:\/\/aztex.ee\/es\/pood\/ropa-de-cama\/juego-de-funda-nordica-wild-rose\/\" \/>\n<meta property=\"og:locale\" content=\"es_ES\" \/>\n<meta property=\"og:type\" content=\"article\" \/>\n<meta property=\"og:title\" content=\"Juego de funda n\u00f3rdica | Wild rose | AZTEX\" \/>\n<meta property=\"og:description\" content=\"Wild rose Juego de s\u00e1banas de algod\u00f3n 200x230 cm, la elecci\u00f3n perfecta para un sue\u00f1o suave y confortable. Ofrece una experiencia de sue\u00f1o de calidad con...\" \/>\n<meta property=\"og:url\" content=\"https:\/\/aztex.ee\/es\/pood\/ropa-de-cama\/juego-de-funda-nordica-wild-rose\/\" \/>\n<meta property=\"og:site_name\" content=\"AZTEX\" \/>\n<meta property=\"article:publisher\" content=\"https:\/\/www.facebook.com\/AztexEE\" \/>\n<meta property=\"article:modified_time\" content=\"2026-01-27T17:54:16+00:00\" \/>\n<meta property=\"og:image\" content=\"https:\/\/aztex.ee\/wp-content\/uploads\/2024\/11\/Voodipesukomplekt-3-1.jpg\" \/>\n\t<meta property=\"og:image:width\" content=\"800\" \/>\n\t<meta property=\"og:image:height\" content=\"800\" \/>\n\t<meta property=\"og:image:type\" content=\"image\/jpeg\" \/>\n<meta name=\"twitter:card\" content=\"summary_large_image\" \/>\n<meta name=\"twitter:label1\" content=\"Tiempo de lectura\" \/>\n\t<meta name=\"twitter:data1\" content=\"1 minuto\" \/>\n<script type=\"application\/ld+json\" class=\"yoast-schema-graph\">{\"@context\":\"https:\\\/\\\/schema.org\",\"@graph\":[{\"@type\":[\"WebPage\",\"ItemPage\"],\"@id\":\"https:\\\/\\\/aztex.ee\\\/es\\\/pood\\\/ropa-de-cama\\\/juego-de-funda-nordica-wild-rose\\\/\",\"url\":\"https:\\\/\\\/aztex.ee\\\/es\\\/pood\\\/ropa-de-cama\\\/juego-de-funda-nordica-wild-rose\\\/\",\"name\":\"Juego de funda n\u00f3rdica | Wild rose | AZTEX\",\"isPartOf\":{\"@id\":\"https:\\\/\\\/aztex.ee\\\/es\\\/#website\"},\"primaryImageOfPage\":{\"@id\":\"https:\\\/\\\/aztex.ee\\\/es\\\/pood\\\/ropa-de-cama\\\/juego-de-funda-nordica-wild-rose\\\/#primaryimage\"},\"image\":{\"@id\":\"https:\\\/\\\/aztex.ee\\\/es\\\/pood\\\/ropa-de-cama\\\/juego-de-funda-nordica-wild-rose\\\/#primaryimage\"},\"thumbnailUrl\":\"https:\\\/\\\/aztex.ee\\\/wp-content\\\/uploads\\\/2024\\\/11\\\/Voodipesukomplekt-3-1.jpg\",\"datePublished\":\"2024-11-11T15:15:25+00:00\",\"dateModified\":\"2026-01-27T17:54:16+00:00\",\"description\":\"Wild rose Juego de s\u00e1banas de algod\u00f3n 200x230 cm, la elecci\u00f3n perfecta para un sue\u00f1o suave y confortable. Ofrece una experiencia de sue\u00f1o de calidad con...\",\"breadcrumb\":{\"@id\":\"https:\\\/\\\/aztex.ee\\\/es\\\/pood\\\/ropa-de-cama\\\/juego-de-funda-nordica-wild-rose\\\/#breadcrumb\"},\"inLanguage\":\"es\",\"potentialAction\":[{\"@type\":\"ReadAction\",\"target\":[\"https:\\\/\\\/aztex.ee\\\/es\\\/pood\\\/ropa-de-cama\\\/juego-de-funda-nordica-wild-rose\\\/\"]}]},{\"@type\":\"ImageObject\",\"inLanguage\":\"es\",\"@id\":\"https:\\\/\\\/aztex.ee\\\/es\\\/pood\\\/ropa-de-cama\\\/juego-de-funda-nordica-wild-rose\\\/#primaryimage\",\"url\":\"https:\\\/\\\/aztex.ee\\\/wp-content\\\/uploads\\\/2024\\\/11\\\/Voodipesukomplekt-3-1.jpg\",\"contentUrl\":\"https:\\\/\\\/aztex.ee\\\/wp-content\\\/uploads\\\/2024\\\/11\\\/Voodipesukomplekt-3-1.jpg\",\"width\":800,\"height\":800,\"caption\":\"Voodipesukomplekt\"},{\"@type\":\"BreadcrumbList\",\"@id\":\"https:\\\/\\\/aztex.ee\\\/es\\\/pood\\\/ropa-de-cama\\\/juego-de-funda-nordica-wild-rose\\\/#breadcrumb\",\"itemListElement\":[{\"@type\":\"ListItem\",\"position\":1,\"name\":\"Inicio\",\"item\":\"https:\\\/\\\/aztex.ee\\\/es\\\/\"},{\"@type\":\"ListItem\",\"position\":2,\"name\":\"Tienda\",\"item\":\"https:\\\/\\\/aztex.ee\\\/es\\\/tienda\\\/\"},{\"@type\":\"ListItem\",\"position\":3,\"name\":\"Juego de funda n\u00f3rdica | Wild rose\"}]},{\"@type\":\"WebSite\",\"@id\":\"https:\\\/\\\/aztex.ee\\\/es\\\/#website\",\"url\":\"https:\\\/\\\/aztex.ee\\\/es\\\/\",\"name\":\"AZTEX\",\"description\":\"\",\"publisher\":{\"@id\":\"https:\\\/\\\/aztex.ee\\\/es\\\/#organization\"},\"potentialAction\":[{\"@type\":\"SearchAction\",\"target\":{\"@type\":\"EntryPoint\",\"urlTemplate\":\"https:\\\/\\\/aztex.ee\\\/es\\\/?s={search_term_string}\"},\"query-input\":{\"@type\":\"PropertyValueSpecification\",\"valueRequired\":true,\"valueName\":\"search_term_string\"}}],\"inLanguage\":\"es\"},{\"@type\":\"Organization\",\"@id\":\"https:\\\/\\\/aztex.ee\\\/es\\\/#organization\",\"name\":\"AZTEX\",\"url\":\"https:\\\/\\\/aztex.ee\\\/es\\\/\",\"logo\":{\"@type\":\"ImageObject\",\"inLanguage\":\"es\",\"@id\":\"https:\\\/\\\/aztex.ee\\\/es\\\/#\\\/schema\\\/logo\\\/image\\\/\",\"url\":\"https:\\\/\\\/aztex.ee\\\/wp-content\\\/uploads\\\/2026\\\/01\\\/AZTEX.png\",\"contentUrl\":\"https:\\\/\\\/aztex.ee\\\/wp-content\\\/uploads\\\/2026\\\/01\\\/AZTEX.png\",\"width\":500,\"height\":500,\"caption\":\"AZTEX\"},\"image\":{\"@id\":\"https:\\\/\\\/aztex.ee\\\/es\\\/#\\\/schema\\\/logo\\\/image\\\/\"},\"sameAs\":[\"https:\\\/\\\/www.facebook.com\\\/AztexEE\",\"https:\\\/\\\/www.instagram.com\\\/aztexeesti\\\/\",\"https:\\\/\\\/www.youtube.com\\\/@AZTEXEE\",\"https:\\\/\\\/www.pinterest.com\\\/aztex_eesti\\\/\",\"https:\\\/\\\/www.tiktok.com\\\/@aztexeesti\",\"https:\\\/\\\/www.trustpilot.com\\\/review\\\/aztex.ee\",\"https:\\\/\\\/www.linkedin.com\\\/company\\\/aztex-ee\\\/\",\"https:\\\/\\\/www.wikidata.org\\\/wiki\\\/Q137560182\"]}]}<\/script>\n<!-- \/ Yoast SEO plugin. -->","yoast_head_json":{"title":"Juego de funda n\u00f3rdica | Wild rose | AZTEX","description":"Wild rose Juego de s\u00e1banas de algod\u00f3n 200x230 cm, la elecci\u00f3n perfecta para un sue\u00f1o suave y confortable. Ofrece una experiencia de sue\u00f1o de calidad con...","robots":{"index":"index","follow":"follow","max-snippet":"max-snippet:-1","max-image-preview":"max-image-preview:large","max-video-preview":"max-video-preview:-1"},"canonical":"https:\/\/aztex.ee\/es\/pood\/ropa-de-cama\/juego-de-funda-nordica-wild-rose\/","og_locale":"es_ES","og_type":"article","og_title":"Juego de funda n\u00f3rdica | Wild rose | AZTEX","og_description":"Wild rose Juego de s\u00e1banas de algod\u00f3n 200x230 cm, la elecci\u00f3n perfecta para un sue\u00f1o suave y confortable. Ofrece una experiencia de sue\u00f1o de calidad con...","og_url":"https:\/\/aztex.ee\/es\/pood\/ropa-de-cama\/juego-de-funda-nordica-wild-rose\/","og_site_name":"AZTEX","article_publisher":"https:\/\/www.facebook.com\/AztexEE","article_modified_time":"2026-01-27T17:54:16+00:00","og_image":[{"width":800,"height":800,"url":"https:\/\/aztex.ee\/wp-content\/uploads\/2024\/11\/Voodipesukomplekt-3-1.jpg","type":"image\/jpeg"}],"twitter_card":"summary_large_image","twitter_misc":{"Tiempo de lectura":"1 minuto"},"schema":{"@context":"https:\/\/schema.org","@graph":[{"@type":["WebPage","ItemPage"],"@id":"https:\/\/aztex.ee\/es\/pood\/ropa-de-cama\/juego-de-funda-nordica-wild-rose\/","url":"https:\/\/aztex.ee\/es\/pood\/ropa-de-cama\/juego-de-funda-nordica-wild-rose\/","name":"Juego de funda n\u00f3rdica | Wild rose | AZTEX","isPartOf":{"@id":"https:\/\/aztex.ee\/es\/#website"},"primaryImageOfPage":{"@id":"https:\/\/aztex.ee\/es\/pood\/ropa-de-cama\/juego-de-funda-nordica-wild-rose\/#primaryimage"},"image":{"@id":"https:\/\/aztex.ee\/es\/pood\/ropa-de-cama\/juego-de-funda-nordica-wild-rose\/#primaryimage"},"thumbnailUrl":"https:\/\/aztex.ee\/wp-content\/uploads\/2024\/11\/Voodipesukomplekt-3-1.jpg","datePublished":"2024-11-11T15:15:25+00:00","dateModified":"2026-01-27T17:54:16+00:00","description":"Wild rose Juego de s\u00e1banas de algod\u00f3n 200x230 cm, la elecci\u00f3n perfecta para un sue\u00f1o suave y confortable. Ofrece una experiencia de sue\u00f1o de calidad con...","breadcrumb":{"@id":"https:\/\/aztex.ee\/es\/pood\/ropa-de-cama\/juego-de-funda-nordica-wild-rose\/#breadcrumb"},"inLanguage":"es","potentialAction":[{"@type":"ReadAction","target":["https:\/\/aztex.ee\/es\/pood\/ropa-de-cama\/juego-de-funda-nordica-wild-rose\/"]}]},{"@type":"ImageObject","inLanguage":"es","@id":"https:\/\/aztex.ee\/es\/pood\/ropa-de-cama\/juego-de-funda-nordica-wild-rose\/#primaryimage","url":"https:\/\/aztex.ee\/wp-content\/uploads\/2024\/11\/Voodipesukomplekt-3-1.jpg","contentUrl":"https:\/\/aztex.ee\/wp-content\/uploads\/2024\/11\/Voodipesukomplekt-3-1.jpg","width":800,"height":800,"caption":"Voodipesukomplekt"},{"@type":"BreadcrumbList","@id":"https:\/\/aztex.ee\/es\/pood\/ropa-de-cama\/juego-de-funda-nordica-wild-rose\/#breadcrumb","itemListElement":[{"@type":"ListItem","position":1,"name":"Inicio","item":"https:\/\/aztex.ee\/es\/"},{"@type":"ListItem","position":2,"name":"Tienda","item":"https:\/\/aztex.ee\/es\/tienda\/"},{"@type":"ListItem","position":3,"name":"Juego de funda n\u00f3rdica | Wild rose"}]},{"@type":"WebSite","@id":"https:\/\/aztex.ee\/es\/#website","url":"https:\/\/aztex.ee\/es\/","name":"AZTEX","description":"","publisher":{"@id":"https:\/\/aztex.ee\/es\/#organization"},"potentialAction":[{"@type":"SearchAction","target":{"@type":"EntryPoint","urlTemplate":"https:\/\/aztex.ee\/es\/?s={search_term_string}"},"query-input":{"@type":"PropertyValueSpecification","valueRequired":true,"valueName":"search_term_string"}}],"inLanguage":"es"},{"@type":"Organization","@id":"https:\/\/aztex.ee\/es\/#organization","name":"AZTEX","url":"https:\/\/aztex.ee\/es\/","logo":{"@type":"ImageObject","inLanguage":"es","@id":"https:\/\/aztex.ee\/es\/#\/schema\/logo\/image\/","url":"https:\/\/aztex.ee\/wp-content\/uploads\/2026\/01\/AZTEX.png","contentUrl":"https:\/\/aztex.ee\/wp-content\/uploads\/2026\/01\/AZTEX.png","width":500,"height":500,"caption":"AZTEX"},"image":{"@id":"https:\/\/aztex.ee\/es\/#\/schema\/logo\/image\/"},"sameAs":["https:\/\/www.facebook.com\/AztexEE","https:\/\/www.instagram.com\/aztexeesti\/","https:\/\/www.youtube.com\/@AZTEXEE","https:\/\/www.pinterest.com\/aztex_eesti\/","https:\/\/www.tiktok.com\/@aztexeesti","https:\/\/www.trustpilot.com\/review\/aztex.ee","https:\/\/www.linkedin.com\/company\/aztex-ee\/","https:\/\/www.wikidata.org\/wiki\/Q137560182"]}]}},"_links":{"self":[{"href":"https:\/\/aztex.ee\/es\/wp-json\/wp\/v2\/product\/31571","targetHints":{"allow":["GET"]}}],"collection":[{"href":"https:\/\/aztex.ee\/es\/wp-json\/wp\/v2\/product"}],"about":[{"href":"https:\/\/aztex.ee\/es\/wp-json\/wp\/v2\/types\/product"}],"replies":[{"embeddable":true,"href":"https:\/\/aztex.ee\/es\/wp-json\/wp\/v2\/comments?post=31571"}],"version-history":[{"count":0,"href":"https:\/\/aztex.ee\/es\/wp-json\/wp\/v2\/product\/31571\/revisions"}],"wp:featuredmedia":[{"embeddable":true,"href":"https:\/\/aztex.ee\/es\/wp-json\/wp\/v2\/media\/31593"}],"wp:attachment":[{"href":"https:\/\/aztex.ee\/es\/wp-json\/wp\/v2\/media?parent=31571"}],"wp:term":[{"taxonomy":"product_brand","embeddable":true,"href":"https:\/\/aztex.ee\/es\/wp-json\/wp\/v2\/product_brand?post=31571"},{"taxonomy":"product_cat","embeddable":true,"href":"https:\/\/aztex.ee\/es\/wp-json\/wp\/v2\/product_cat?post=31571"},{"taxonomy":"product_tag","embeddable":true,"href":"https:\/\/aztex.ee\/es\/wp-json\/wp\/v2\/product_tag?post=31571"}],"curies":[{"name":"wp","href":"https:\/\/api.w.org\/{rel}","templated":true}]}}