{"id":21615,"date":"2024-09-16T20:11:59","date_gmt":"2024-09-16T20:11:59","guid":{"rendered":"https:\/\/aztex.ee\/pood\/sin%20categor\u00eda\/voodipesukomplekt-sultan\/"},"modified":"2026-04-01T14:29:29","modified_gmt":"2026-04-01T14:29:29","slug":"juego-de-funda-nordica-sultan","status":"publish","type":"product","link":"https:\/\/aztex.ee\/es\/pood\/ropa-de-cama\/juego-de-funda-nordica-sultan\/","title":{"rendered":"Juego de funda n\u00f3rdica | Sultan"},"content":{"rendered":"<p>El juego de cama de algod\u00f3n egipcio aporta lujo y comodidad a tu dormitorio. Fabricado con 100% algod\u00f3n egipcio, conocido por su excepcional calidad y durabilidad, este juego te garantizar\u00e1 la mejor experiencia de sue\u00f1o.<br \/>\nEl juego de cama de algod\u00f3n egipcio ofrece lo \u00faltimo en lujo y comodidad, haciendo que cada noche sea especial. Su tejido suave y transpirable garantiza un sue\u00f1o reparador y su aspecto elegante a\u00f1ade estilo a tu dormitorio. Elige el algod\u00f3n egipcio y disfruta de una calidad que durar\u00e1 a\u00f1os.<\/p>\n","protected":false},"excerpt":{"rendered":"<p>Este juego de cama enriquecer su dormitorio con elegancia y comodidad.<\/p>\n<ul>\n<li>Material: 100% Algod\u00f3n Egipcio<\/li>\n<li>Tejido: Sat\u00e9n mako<\/li>\n<li>N\u00famero de hilos: 300 TC<\/li>\n<li>Funda n\u00f3rdica: 200\u00d7220 cm<\/li>\n<li>Funda de almohada: 50\u00d775 cm (2 piezas)<\/li>\n<li>S\u00e1bana: No incluida<\/li>\n<li>Comodidad: Transpirable y textura suave<\/li>\n<\/ul>\n<p><img loading=\"lazy\" decoding=\"async\" class=\"alignnone wp-image-21477\" src=\"https:\/\/aztex.ee\/wp-content\/uploads\/2024\/09\/cotton-sertifika.png\" alt=\"\" width=\"196\" height=\"67\" srcset=\"https:\/\/aztex.ee\/wp-content\/uploads\/2024\/09\/cotton-sertifika.png 250w, https:\/\/aztex.ee\/wp-content\/uploads\/2024\/09\/cotton-sertifika-150x51.png 150w\" sizes=\"auto, (max-width: 196px) 100vw, 196px\" \/><\/p>\n","protected":false},"featured_media":21543,"comment_status":"open","ping_status":"closed","template":"","meta":[],"product_brand":[],"product_cat":[506,304,607,112,172,390,325],"product_tag":[],"class_list":{"0":"post-21615","1":"product","2":"type-product","3":"status-publish","4":"has-post-thumbnail","6":"product_cat-juegos-de-cama","7":"product_cat-juegos-de-cama-de-algodon-200-220","8":"product_cat-juegos-de-cama-de-saten","9":"product_cat-ropa-de-cama","10":"product_cat-ropa-de-cama-de-algodon","11":"product_cat-ropa-de-cama-de-saten","12":"product_cat-ropa-de-cama-de-saten-mako","14":"first","15":"instock","16":"shipping-taxable","17":"purchasable","18":"product-type-simple"},"yoast_head":"<!-- This site is optimized with the Yoast SEO plugin v27.3 - https:\/\/yoast.com\/product\/yoast-seo-wordpress\/ -->\n<title>Juego de funda n\u00f3rdica | Sultan | AZTEX<\/title>\n<meta name=\"description\" content=\"El juego de cama de algod\u00f3n egipcio aporta lujo y comodidad a tu dormitorio. Fabricado con 100 % algod\u00f3n egipcio, conocido por su excepcional...\" \/>\n<meta name=\"robots\" content=\"index, follow, max-snippet:-1, max-image-preview:large, max-video-preview:-1\" \/>\n<link rel=\"canonical\" href=\"https:\/\/aztex.ee\/es\/pood\/ropa-de-cama\/juego-de-funda-nordica-sultan\/\" \/>\n<meta property=\"og:locale\" content=\"es_ES\" \/>\n<meta property=\"og:type\" content=\"article\" \/>\n<meta property=\"og:title\" content=\"Juego de funda n\u00f3rdica | Sultan | AZTEX\" \/>\n<meta property=\"og:description\" content=\"El juego de cama de algod\u00f3n egipcio aporta lujo y comodidad a tu dormitorio. Fabricado con 100 % algod\u00f3n egipcio, conocido por su excepcional...\" \/>\n<meta property=\"og:url\" content=\"https:\/\/aztex.ee\/es\/pood\/ropa-de-cama\/juego-de-funda-nordica-sultan\/\" \/>\n<meta property=\"og:site_name\" content=\"AZTEX\" \/>\n<meta property=\"article:publisher\" content=\"https:\/\/www.facebook.com\/AztexEE\" \/>\n<meta property=\"article:modified_time\" content=\"2026-04-01T14:29:29+00:00\" \/>\n<meta property=\"og:image\" content=\"https:\/\/aztex.ee\/wp-content\/uploads\/2024\/09\/Voodipesukomplekt-12.jpg\" \/>\n\t<meta property=\"og:image:width\" content=\"800\" \/>\n\t<meta property=\"og:image:height\" content=\"800\" \/>\n\t<meta property=\"og:image:type\" content=\"image\/jpeg\" \/>\n<meta name=\"twitter:card\" content=\"summary_large_image\" \/>\n<meta name=\"twitter:label1\" content=\"Tiempo de lectura\" \/>\n\t<meta name=\"twitter:data1\" content=\"1 minuto\" \/>\n<script type=\"application\/ld+json\" class=\"yoast-schema-graph\">{\"@context\":\"https:\\\/\\\/schema.org\",\"@graph\":[{\"@type\":[\"WebPage\",\"ItemPage\"],\"@id\":\"https:\\\/\\\/aztex.ee\\\/es\\\/pood\\\/ropa-de-cama\\\/juego-de-funda-nordica-sultan\\\/\",\"url\":\"https:\\\/\\\/aztex.ee\\\/es\\\/pood\\\/ropa-de-cama\\\/juego-de-funda-nordica-sultan\\\/\",\"name\":\"Juego de funda n\u00f3rdica | Sultan | AZTEX\",\"isPartOf\":{\"@id\":\"https:\\\/\\\/aztex.ee\\\/es\\\/#website\"},\"primaryImageOfPage\":{\"@id\":\"https:\\\/\\\/aztex.ee\\\/es\\\/pood\\\/ropa-de-cama\\\/juego-de-funda-nordica-sultan\\\/#primaryimage\"},\"image\":{\"@id\":\"https:\\\/\\\/aztex.ee\\\/es\\\/pood\\\/ropa-de-cama\\\/juego-de-funda-nordica-sultan\\\/#primaryimage\"},\"thumbnailUrl\":\"https:\\\/\\\/aztex.ee\\\/wp-content\\\/uploads\\\/2024\\\/09\\\/Voodipesukomplekt-12.jpg\",\"datePublished\":\"2024-09-16T20:11:59+00:00\",\"dateModified\":\"2026-04-01T14:29:29+00:00\",\"description\":\"El juego de cama de algod\u00f3n egipcio aporta lujo y comodidad a tu dormitorio. Fabricado con 100 % algod\u00f3n egipcio, conocido por su excepcional...\",\"breadcrumb\":{\"@id\":\"https:\\\/\\\/aztex.ee\\\/es\\\/pood\\\/ropa-de-cama\\\/juego-de-funda-nordica-sultan\\\/#breadcrumb\"},\"inLanguage\":\"es\",\"potentialAction\":[{\"@type\":\"ReadAction\",\"target\":[\"https:\\\/\\\/aztex.ee\\\/es\\\/pood\\\/ropa-de-cama\\\/juego-de-funda-nordica-sultan\\\/\"]}]},{\"@type\":\"ImageObject\",\"inLanguage\":\"es\",\"@id\":\"https:\\\/\\\/aztex.ee\\\/es\\\/pood\\\/ropa-de-cama\\\/juego-de-funda-nordica-sultan\\\/#primaryimage\",\"url\":\"https:\\\/\\\/aztex.ee\\\/wp-content\\\/uploads\\\/2024\\\/09\\\/Voodipesukomplekt-12.jpg\",\"contentUrl\":\"https:\\\/\\\/aztex.ee\\\/wp-content\\\/uploads\\\/2024\\\/09\\\/Voodipesukomplekt-12.jpg\",\"width\":800,\"height\":800},{\"@type\":\"BreadcrumbList\",\"@id\":\"https:\\\/\\\/aztex.ee\\\/es\\\/pood\\\/ropa-de-cama\\\/juego-de-funda-nordica-sultan\\\/#breadcrumb\",\"itemListElement\":[{\"@type\":\"ListItem\",\"position\":1,\"name\":\"Inicio\",\"item\":\"https:\\\/\\\/aztex.ee\\\/es\\\/\"},{\"@type\":\"ListItem\",\"position\":2,\"name\":\"Tienda\",\"item\":\"https:\\\/\\\/aztex.ee\\\/es\\\/tienda\\\/\"},{\"@type\":\"ListItem\",\"position\":3,\"name\":\"Juego de funda n\u00f3rdica | Sultan\"}]},{\"@type\":\"WebSite\",\"@id\":\"https:\\\/\\\/aztex.ee\\\/es\\\/#website\",\"url\":\"https:\\\/\\\/aztex.ee\\\/es\\\/\",\"name\":\"AZTEX\",\"description\":\"\",\"publisher\":{\"@id\":\"https:\\\/\\\/aztex.ee\\\/es\\\/#organization\"},\"potentialAction\":[{\"@type\":\"SearchAction\",\"target\":{\"@type\":\"EntryPoint\",\"urlTemplate\":\"https:\\\/\\\/aztex.ee\\\/es\\\/?s={search_term_string}\"},\"query-input\":{\"@type\":\"PropertyValueSpecification\",\"valueRequired\":true,\"valueName\":\"search_term_string\"}}],\"inLanguage\":\"es\"},{\"@type\":\"Organization\",\"@id\":\"https:\\\/\\\/aztex.ee\\\/es\\\/#organization\",\"name\":\"AZTEX\",\"url\":\"https:\\\/\\\/aztex.ee\\\/es\\\/\",\"logo\":{\"@type\":\"ImageObject\",\"inLanguage\":\"es\",\"@id\":\"https:\\\/\\\/aztex.ee\\\/es\\\/#\\\/schema\\\/logo\\\/image\\\/\",\"url\":\"https:\\\/\\\/aztex.ee\\\/wp-content\\\/uploads\\\/2026\\\/01\\\/AZTEX.png\",\"contentUrl\":\"https:\\\/\\\/aztex.ee\\\/wp-content\\\/uploads\\\/2026\\\/01\\\/AZTEX.png\",\"width\":500,\"height\":500,\"caption\":\"AZTEX\"},\"image\":{\"@id\":\"https:\\\/\\\/aztex.ee\\\/es\\\/#\\\/schema\\\/logo\\\/image\\\/\"},\"sameAs\":[\"https:\\\/\\\/www.facebook.com\\\/AztexEE\",\"https:\\\/\\\/www.instagram.com\\\/aztexeesti\\\/\",\"https:\\\/\\\/www.youtube.com\\\/@AZTEXEE\",\"https:\\\/\\\/www.pinterest.com\\\/aztex_eesti\\\/\",\"https:\\\/\\\/www.tiktok.com\\\/@aztexeesti\",\"https:\\\/\\\/www.trustpilot.com\\\/review\\\/aztex.ee\",\"https:\\\/\\\/www.linkedin.com\\\/company\\\/aztex-ee\\\/\",\"https:\\\/\\\/www.wikidata.org\\\/wiki\\\/Q137560182\"]}]}<\/script>\n<!-- \/ Yoast SEO plugin. -->","yoast_head_json":{"title":"Juego de funda n\u00f3rdica | Sultan | AZTEX","description":"El juego de cama de algod\u00f3n egipcio aporta lujo y comodidad a tu dormitorio. Fabricado con 100 % algod\u00f3n egipcio, conocido por su excepcional...","robots":{"index":"index","follow":"follow","max-snippet":"max-snippet:-1","max-image-preview":"max-image-preview:large","max-video-preview":"max-video-preview:-1"},"canonical":"https:\/\/aztex.ee\/es\/pood\/ropa-de-cama\/juego-de-funda-nordica-sultan\/","og_locale":"es_ES","og_type":"article","og_title":"Juego de funda n\u00f3rdica | Sultan | AZTEX","og_description":"El juego de cama de algod\u00f3n egipcio aporta lujo y comodidad a tu dormitorio. Fabricado con 100 % algod\u00f3n egipcio, conocido por su excepcional...","og_url":"https:\/\/aztex.ee\/es\/pood\/ropa-de-cama\/juego-de-funda-nordica-sultan\/","og_site_name":"AZTEX","article_publisher":"https:\/\/www.facebook.com\/AztexEE","article_modified_time":"2026-04-01T14:29:29+00:00","og_image":[{"width":800,"height":800,"url":"https:\/\/aztex.ee\/wp-content\/uploads\/2024\/09\/Voodipesukomplekt-12.jpg","type":"image\/jpeg"}],"twitter_card":"summary_large_image","twitter_misc":{"Tiempo de lectura":"1 minuto"},"schema":{"@context":"https:\/\/schema.org","@graph":[{"@type":["WebPage","ItemPage"],"@id":"https:\/\/aztex.ee\/es\/pood\/ropa-de-cama\/juego-de-funda-nordica-sultan\/","url":"https:\/\/aztex.ee\/es\/pood\/ropa-de-cama\/juego-de-funda-nordica-sultan\/","name":"Juego de funda n\u00f3rdica | Sultan | AZTEX","isPartOf":{"@id":"https:\/\/aztex.ee\/es\/#website"},"primaryImageOfPage":{"@id":"https:\/\/aztex.ee\/es\/pood\/ropa-de-cama\/juego-de-funda-nordica-sultan\/#primaryimage"},"image":{"@id":"https:\/\/aztex.ee\/es\/pood\/ropa-de-cama\/juego-de-funda-nordica-sultan\/#primaryimage"},"thumbnailUrl":"https:\/\/aztex.ee\/wp-content\/uploads\/2024\/09\/Voodipesukomplekt-12.jpg","datePublished":"2024-09-16T20:11:59+00:00","dateModified":"2026-04-01T14:29:29+00:00","description":"El juego de cama de algod\u00f3n egipcio aporta lujo y comodidad a tu dormitorio. Fabricado con 100 % algod\u00f3n egipcio, conocido por su excepcional...","breadcrumb":{"@id":"https:\/\/aztex.ee\/es\/pood\/ropa-de-cama\/juego-de-funda-nordica-sultan\/#breadcrumb"},"inLanguage":"es","potentialAction":[{"@type":"ReadAction","target":["https:\/\/aztex.ee\/es\/pood\/ropa-de-cama\/juego-de-funda-nordica-sultan\/"]}]},{"@type":"ImageObject","inLanguage":"es","@id":"https:\/\/aztex.ee\/es\/pood\/ropa-de-cama\/juego-de-funda-nordica-sultan\/#primaryimage","url":"https:\/\/aztex.ee\/wp-content\/uploads\/2024\/09\/Voodipesukomplekt-12.jpg","contentUrl":"https:\/\/aztex.ee\/wp-content\/uploads\/2024\/09\/Voodipesukomplekt-12.jpg","width":800,"height":800},{"@type":"BreadcrumbList","@id":"https:\/\/aztex.ee\/es\/pood\/ropa-de-cama\/juego-de-funda-nordica-sultan\/#breadcrumb","itemListElement":[{"@type":"ListItem","position":1,"name":"Inicio","item":"https:\/\/aztex.ee\/es\/"},{"@type":"ListItem","position":2,"name":"Tienda","item":"https:\/\/aztex.ee\/es\/tienda\/"},{"@type":"ListItem","position":3,"name":"Juego de funda n\u00f3rdica | Sultan"}]},{"@type":"WebSite","@id":"https:\/\/aztex.ee\/es\/#website","url":"https:\/\/aztex.ee\/es\/","name":"AZTEX","description":"","publisher":{"@id":"https:\/\/aztex.ee\/es\/#organization"},"potentialAction":[{"@type":"SearchAction","target":{"@type":"EntryPoint","urlTemplate":"https:\/\/aztex.ee\/es\/?s={search_term_string}"},"query-input":{"@type":"PropertyValueSpecification","valueRequired":true,"valueName":"search_term_string"}}],"inLanguage":"es"},{"@type":"Organization","@id":"https:\/\/aztex.ee\/es\/#organization","name":"AZTEX","url":"https:\/\/aztex.ee\/es\/","logo":{"@type":"ImageObject","inLanguage":"es","@id":"https:\/\/aztex.ee\/es\/#\/schema\/logo\/image\/","url":"https:\/\/aztex.ee\/wp-content\/uploads\/2026\/01\/AZTEX.png","contentUrl":"https:\/\/aztex.ee\/wp-content\/uploads\/2026\/01\/AZTEX.png","width":500,"height":500,"caption":"AZTEX"},"image":{"@id":"https:\/\/aztex.ee\/es\/#\/schema\/logo\/image\/"},"sameAs":["https:\/\/www.facebook.com\/AztexEE","https:\/\/www.instagram.com\/aztexeesti\/","https:\/\/www.youtube.com\/@AZTEXEE","https:\/\/www.pinterest.com\/aztex_eesti\/","https:\/\/www.tiktok.com\/@aztexeesti","https:\/\/www.trustpilot.com\/review\/aztex.ee","https:\/\/www.linkedin.com\/company\/aztex-ee\/","https:\/\/www.wikidata.org\/wiki\/Q137560182"]}]}},"_links":{"self":[{"href":"https:\/\/aztex.ee\/es\/wp-json\/wp\/v2\/product\/21615","targetHints":{"allow":["GET"]}}],"collection":[{"href":"https:\/\/aztex.ee\/es\/wp-json\/wp\/v2\/product"}],"about":[{"href":"https:\/\/aztex.ee\/es\/wp-json\/wp\/v2\/types\/product"}],"replies":[{"embeddable":true,"href":"https:\/\/aztex.ee\/es\/wp-json\/wp\/v2\/comments?post=21615"}],"version-history":[{"count":0,"href":"https:\/\/aztex.ee\/es\/wp-json\/wp\/v2\/product\/21615\/revisions"}],"wp:featuredmedia":[{"embeddable":true,"href":"https:\/\/aztex.ee\/es\/wp-json\/wp\/v2\/media\/21543"}],"wp:attachment":[{"href":"https:\/\/aztex.ee\/es\/wp-json\/wp\/v2\/media?parent=21615"}],"wp:term":[{"taxonomy":"product_brand","embeddable":true,"href":"https:\/\/aztex.ee\/es\/wp-json\/wp\/v2\/product_brand?post=21615"},{"taxonomy":"product_cat","embeddable":true,"href":"https:\/\/aztex.ee\/es\/wp-json\/wp\/v2\/product_cat?post=21615"},{"taxonomy":"product_tag","embeddable":true,"href":"https:\/\/aztex.ee\/es\/wp-json\/wp\/v2\/product_tag?post=21615"}],"curies":[{"name":"wp","href":"https:\/\/api.w.org\/{rel}","templated":true}]}}