{"id":108462,"date":"2026-03-28T20:24:37","date_gmt":"2026-03-28T20:24:37","guid":{"rendered":"https:\/\/aztex.ee\/?post_type=product&#038;p=108462"},"modified":"2026-03-28T21:58:45","modified_gmt":"2026-03-28T21:58:45","slug":"sabana-de-bambu-color-nude","status":"publish","type":"product","link":"https:\/\/aztex.ee\/es\/pood\/sabanas-de-bambu\/sabana-de-bambu-color-nude\/","title":{"rendered":"S\u00e1bana de bamb\u00fa \u2013 Color nude"},"content":{"rendered":"<p>El bamb\u00fa es naturalmente suave, transpirable y duradero, lo que lo convierte en una opci\u00f3n ideal para textiles del hogar. Sus fibras son sedosas y se adaptan delicadamente a la piel, proporcionando una comodidad excepcional en el uso diario. Adem\u00e1s, este material tiene una excelente absorci\u00f3n de la humedad, ayudando a mantener la piel seca y garantizando una sensaci\u00f3n de frescura durante toda la noche.<\/p>\n<p>Una de las propiedades especiales del bamb\u00fa son sus propiedades antibacterianas e hipoalerg\u00e9nicas naturales. Esto ayuda a reducir la propagaci\u00f3n de olores desagradables y bacterias, lo que hace que los productos de bamb\u00fa sean especialmente adecuados para personas con piel sensible. Adem\u00e1s, las fibras de bamb\u00fa pueden regular la temperatura, proporcionando frescor en verano y calidez en invierno.<\/p>\n<p>El bamb\u00fa tambi\u00e9n es un material sostenible que crece r\u00e1pidamente y requiere mucha menos agua para crecer que muchas otras fibras. Esto convierte a los textiles de bamb\u00fa en una opci\u00f3n ecol\u00f3gica que combina un estilo de vida cercano a la naturaleza con una comodidad superior.<\/p>\n","protected":false},"excerpt":{"rendered":"<p>Las s\u00e1banas de bamb\u00fa garantizan un sue\u00f1o fresco, siendo antibacterianas y suaves como la seda.<\/p>\n<ul>\n<li>Color: Color nude<\/li>\n<li>Material: 100% bamb\u00fa<\/li>\n<li>N\u00famero de hilos: 300 TC<\/li>\n<li>Tama\u00f1o: 220&#215;240 cm \u00b13<\/li>\n<\/ul>\n<p><img loading=\"lazy\" decoding=\"async\" class=\"alignnone wp-image-20226\" src=\"https:\/\/aztex.ee\/wp-content\/uploads\/2024\/09\/oekotex100.png\" alt=\"\" width=\"196\" height=\"69\" srcset=\"https:\/\/aztex.ee\/wp-content\/uploads\/2024\/09\/oekotex100.png 204w, https:\/\/aztex.ee\/wp-content\/uploads\/2024\/09\/oekotex100-150x53.png 150w\" sizes=\"auto, (max-width: 196px) 100vw, 196px\" \/><img loading=\"lazy\" decoding=\"async\" class=\"alignnone wp-image-20260\" src=\"https:\/\/aztex.ee\/wp-content\/uploads\/2024\/09\/bambuuss.png\" alt=\"\" width=\"75\" height=\"75\" srcset=\"https:\/\/aztex.ee\/wp-content\/uploads\/2024\/09\/bambuuss.png 204w, https:\/\/aztex.ee\/wp-content\/uploads\/2024\/09\/bambuuss-150x150.png 150w\" sizes=\"auto, (max-width: 75px) 100vw, 75px\" \/><\/p>\n","protected":false},"featured_media":108483,"comment_status":"open","ping_status":"closed","template":"","meta":[],"product_brand":[],"product_cat":[1808,546],"product_tag":[],"class_list":{"0":"post-108462","1":"product","2":"type-product","3":"status-publish","4":"has-post-thumbnail","6":"product_cat-sabanas","7":"product_cat-sabanas-de-bambu","9":"first","10":"instock","11":"shipping-taxable","12":"purchasable","13":"product-type-simple"},"yoast_head":"<!-- This site is optimized with the Yoast SEO plugin v27.6 - https:\/\/yoast.com\/product\/yoast-seo-wordpress\/ -->\n<title>S\u00e1bana de lyocell de bamb\u00fa | AZTEX<\/title>\n<meta name=\"description\" content=\"S\u00e1bana de lyocell de bamb\u00fa, suave y lisa, que permite que la piel respire. Proporciona un sue\u00f1o tranquilo, frescura duradera y aporta un aspecto elegante a la cama.\" \/>\n<meta name=\"robots\" content=\"index, follow, max-snippet:-1, max-image-preview:large, max-video-preview:-1\" \/>\n<link rel=\"canonical\" href=\"https:\/\/aztex.ee\/es\/pood\/sabanas-de-bambu\/sabana-de-bambu-color-nude\/\" \/>\n<meta property=\"og:locale\" content=\"es_ES\" \/>\n<meta property=\"og:type\" content=\"article\" \/>\n<meta property=\"og:title\" content=\"S\u00e1bana de lyocell de bamb\u00fa | AZTEX\" \/>\n<meta property=\"og:description\" content=\"S\u00e1bana de lyocell de bamb\u00fa, suave y lisa, que permite que la piel respire. Proporciona un sue\u00f1o tranquilo, frescura duradera y aporta un aspecto elegante a la cama.\" \/>\n<meta property=\"og:url\" content=\"https:\/\/aztex.ee\/es\/pood\/sabanas-de-bambu\/sabana-de-bambu-color-nude\/\" \/>\n<meta property=\"og:site_name\" content=\"AZTEX\" \/>\n<meta property=\"article:publisher\" content=\"https:\/\/www.facebook.com\/AztexEE\" \/>\n<meta property=\"article:modified_time\" content=\"2026-03-28T21:58:45+00:00\" \/>\n<meta property=\"og:image\" content=\"https:\/\/aztex.ee\/wp-content\/uploads\/2026\/03\/Bambusest-lyocell-voodilina.jpg\" \/>\n\t<meta property=\"og:image:width\" content=\"800\" \/>\n\t<meta property=\"og:image:height\" content=\"800\" \/>\n\t<meta property=\"og:image:type\" content=\"image\/jpeg\" \/>\n<meta name=\"twitter:card\" content=\"summary_large_image\" \/>\n<meta name=\"twitter:label1\" content=\"Tiempo de lectura\" \/>\n\t<meta name=\"twitter:data1\" content=\"2 minutos\" \/>\n<script type=\"application\/ld+json\" class=\"yoast-schema-graph\">{\"@context\":\"https:\\\/\\\/schema.org\",\"@graph\":[{\"@type\":[\"WebPage\",\"ItemPage\"],\"@id\":\"https:\\\/\\\/aztex.ee\\\/es\\\/pood\\\/sabanas-de-bambu\\\/sabana-de-bambu-color-nude\\\/\",\"url\":\"https:\\\/\\\/aztex.ee\\\/es\\\/pood\\\/sabanas-de-bambu\\\/sabana-de-bambu-color-nude\\\/\",\"name\":\"S\u00e1bana de lyocell de bamb\u00fa | AZTEX\",\"isPartOf\":{\"@id\":\"https:\\\/\\\/aztex.ee\\\/es\\\/#website\"},\"primaryImageOfPage\":{\"@id\":\"https:\\\/\\\/aztex.ee\\\/es\\\/pood\\\/sabanas-de-bambu\\\/sabana-de-bambu-color-nude\\\/#primaryimage\"},\"image\":{\"@id\":\"https:\\\/\\\/aztex.ee\\\/es\\\/pood\\\/sabanas-de-bambu\\\/sabana-de-bambu-color-nude\\\/#primaryimage\"},\"thumbnailUrl\":\"https:\\\/\\\/aztex.ee\\\/wp-content\\\/uploads\\\/2026\\\/03\\\/Bambusest-lyocell-voodilina.jpg\",\"datePublished\":\"2026-03-28T20:24:37+00:00\",\"dateModified\":\"2026-03-28T21:58:45+00:00\",\"description\":\"S\u00e1bana de lyocell de bamb\u00fa, suave y lisa, que permite que la piel respire. Proporciona un sue\u00f1o tranquilo, frescura duradera y aporta un aspecto elegante a la cama.\",\"breadcrumb\":{\"@id\":\"https:\\\/\\\/aztex.ee\\\/es\\\/pood\\\/sabanas-de-bambu\\\/sabana-de-bambu-color-nude\\\/#breadcrumb\"},\"inLanguage\":\"es\",\"potentialAction\":[{\"@type\":\"ReadAction\",\"target\":[\"https:\\\/\\\/aztex.ee\\\/es\\\/pood\\\/sabanas-de-bambu\\\/sabana-de-bambu-color-nude\\\/\"]}]},{\"@type\":\"ImageObject\",\"inLanguage\":\"es\",\"@id\":\"https:\\\/\\\/aztex.ee\\\/es\\\/pood\\\/sabanas-de-bambu\\\/sabana-de-bambu-color-nude\\\/#primaryimage\",\"url\":\"https:\\\/\\\/aztex.ee\\\/wp-content\\\/uploads\\\/2026\\\/03\\\/Bambusest-lyocell-voodilina.jpg\",\"contentUrl\":\"https:\\\/\\\/aztex.ee\\\/wp-content\\\/uploads\\\/2026\\\/03\\\/Bambusest-lyocell-voodilina.jpg\",\"width\":800,\"height\":800,\"caption\":\"Bambusest lyocell voodilina\"},{\"@type\":\"BreadcrumbList\",\"@id\":\"https:\\\/\\\/aztex.ee\\\/es\\\/pood\\\/sabanas-de-bambu\\\/sabana-de-bambu-color-nude\\\/#breadcrumb\",\"itemListElement\":[{\"@type\":\"ListItem\",\"position\":1,\"name\":\"Inicio\",\"item\":\"https:\\\/\\\/aztex.ee\\\/es\\\/\"},{\"@type\":\"ListItem\",\"position\":2,\"name\":\"Tienda\",\"item\":\"https:\\\/\\\/aztex.ee\\\/es\\\/tienda\\\/\"},{\"@type\":\"ListItem\",\"position\":3,\"name\":\"S\u00e1bana de bamb\u00fa \u2013 Color nude\"}]},{\"@type\":\"WebSite\",\"@id\":\"https:\\\/\\\/aztex.ee\\\/es\\\/#website\",\"url\":\"https:\\\/\\\/aztex.ee\\\/es\\\/\",\"name\":\"AZTEX\",\"description\":\"\",\"publisher\":{\"@id\":\"https:\\\/\\\/aztex.ee\\\/es\\\/#organization\"},\"potentialAction\":[{\"@type\":\"SearchAction\",\"target\":{\"@type\":\"EntryPoint\",\"urlTemplate\":\"https:\\\/\\\/aztex.ee\\\/es\\\/?s={search_term_string}\"},\"query-input\":{\"@type\":\"PropertyValueSpecification\",\"valueRequired\":true,\"valueName\":\"search_term_string\"}}],\"inLanguage\":\"es\"},{\"@type\":\"Organization\",\"@id\":\"https:\\\/\\\/aztex.ee\\\/es\\\/#organization\",\"name\":\"AZTEX\",\"url\":\"https:\\\/\\\/aztex.ee\\\/es\\\/\",\"logo\":{\"@type\":\"ImageObject\",\"inLanguage\":\"es\",\"@id\":\"https:\\\/\\\/aztex.ee\\\/es\\\/#\\\/schema\\\/logo\\\/image\\\/\",\"url\":\"https:\\\/\\\/aztex.ee\\\/wp-content\\\/uploads\\\/2026\\\/01\\\/AZTEX.png\",\"contentUrl\":\"https:\\\/\\\/aztex.ee\\\/wp-content\\\/uploads\\\/2026\\\/01\\\/AZTEX.png\",\"width\":500,\"height\":500,\"caption\":\"AZTEX\"},\"image\":{\"@id\":\"https:\\\/\\\/aztex.ee\\\/es\\\/#\\\/schema\\\/logo\\\/image\\\/\"},\"sameAs\":[\"https:\\\/\\\/www.facebook.com\\\/AztexEE\",\"https:\\\/\\\/www.instagram.com\\\/aztexeesti\\\/\",\"https:\\\/\\\/www.youtube.com\\\/@AZTEXEE\",\"https:\\\/\\\/www.pinterest.com\\\/aztex_eesti\\\/\",\"https:\\\/\\\/www.tiktok.com\\\/@aztexeesti\",\"https:\\\/\\\/www.trustpilot.com\\\/review\\\/aztex.ee\",\"https:\\\/\\\/www.linkedin.com\\\/company\\\/aztex-ee\\\/\",\"https:\\\/\\\/www.wikidata.org\\\/wiki\\\/Q137560182\"]}]}<\/script>\n<!-- \/ Yoast SEO plugin. -->","yoast_head_json":{"title":"S\u00e1bana de lyocell de bamb\u00fa | AZTEX","description":"S\u00e1bana de lyocell de bamb\u00fa, suave y lisa, que permite que la piel respire. Proporciona un sue\u00f1o tranquilo, frescura duradera y aporta un aspecto elegante a la cama.","robots":{"index":"index","follow":"follow","max-snippet":"max-snippet:-1","max-image-preview":"max-image-preview:large","max-video-preview":"max-video-preview:-1"},"canonical":"https:\/\/aztex.ee\/es\/pood\/sabanas-de-bambu\/sabana-de-bambu-color-nude\/","og_locale":"es_ES","og_type":"article","og_title":"S\u00e1bana de lyocell de bamb\u00fa | AZTEX","og_description":"S\u00e1bana de lyocell de bamb\u00fa, suave y lisa, que permite que la piel respire. Proporciona un sue\u00f1o tranquilo, frescura duradera y aporta un aspecto elegante a la cama.","og_url":"https:\/\/aztex.ee\/es\/pood\/sabanas-de-bambu\/sabana-de-bambu-color-nude\/","og_site_name":"AZTEX","article_publisher":"https:\/\/www.facebook.com\/AztexEE","article_modified_time":"2026-03-28T21:58:45+00:00","og_image":[{"width":800,"height":800,"url":"https:\/\/aztex.ee\/wp-content\/uploads\/2026\/03\/Bambusest-lyocell-voodilina.jpg","type":"image\/jpeg"}],"twitter_card":"summary_large_image","twitter_misc":{"Tiempo de lectura":"2 minutos"},"schema":{"@context":"https:\/\/schema.org","@graph":[{"@type":["WebPage","ItemPage"],"@id":"https:\/\/aztex.ee\/es\/pood\/sabanas-de-bambu\/sabana-de-bambu-color-nude\/","url":"https:\/\/aztex.ee\/es\/pood\/sabanas-de-bambu\/sabana-de-bambu-color-nude\/","name":"S\u00e1bana de lyocell de bamb\u00fa | AZTEX","isPartOf":{"@id":"https:\/\/aztex.ee\/es\/#website"},"primaryImageOfPage":{"@id":"https:\/\/aztex.ee\/es\/pood\/sabanas-de-bambu\/sabana-de-bambu-color-nude\/#primaryimage"},"image":{"@id":"https:\/\/aztex.ee\/es\/pood\/sabanas-de-bambu\/sabana-de-bambu-color-nude\/#primaryimage"},"thumbnailUrl":"https:\/\/aztex.ee\/wp-content\/uploads\/2026\/03\/Bambusest-lyocell-voodilina.jpg","datePublished":"2026-03-28T20:24:37+00:00","dateModified":"2026-03-28T21:58:45+00:00","description":"S\u00e1bana de lyocell de bamb\u00fa, suave y lisa, que permite que la piel respire. Proporciona un sue\u00f1o tranquilo, frescura duradera y aporta un aspecto elegante a la cama.","breadcrumb":{"@id":"https:\/\/aztex.ee\/es\/pood\/sabanas-de-bambu\/sabana-de-bambu-color-nude\/#breadcrumb"},"inLanguage":"es","potentialAction":[{"@type":"ReadAction","target":["https:\/\/aztex.ee\/es\/pood\/sabanas-de-bambu\/sabana-de-bambu-color-nude\/"]}]},{"@type":"ImageObject","inLanguage":"es","@id":"https:\/\/aztex.ee\/es\/pood\/sabanas-de-bambu\/sabana-de-bambu-color-nude\/#primaryimage","url":"https:\/\/aztex.ee\/wp-content\/uploads\/2026\/03\/Bambusest-lyocell-voodilina.jpg","contentUrl":"https:\/\/aztex.ee\/wp-content\/uploads\/2026\/03\/Bambusest-lyocell-voodilina.jpg","width":800,"height":800,"caption":"Bambusest lyocell voodilina"},{"@type":"BreadcrumbList","@id":"https:\/\/aztex.ee\/es\/pood\/sabanas-de-bambu\/sabana-de-bambu-color-nude\/#breadcrumb","itemListElement":[{"@type":"ListItem","position":1,"name":"Inicio","item":"https:\/\/aztex.ee\/es\/"},{"@type":"ListItem","position":2,"name":"Tienda","item":"https:\/\/aztex.ee\/es\/tienda\/"},{"@type":"ListItem","position":3,"name":"S\u00e1bana de bamb\u00fa \u2013 Color nude"}]},{"@type":"WebSite","@id":"https:\/\/aztex.ee\/es\/#website","url":"https:\/\/aztex.ee\/es\/","name":"AZTEX","description":"","publisher":{"@id":"https:\/\/aztex.ee\/es\/#organization"},"potentialAction":[{"@type":"SearchAction","target":{"@type":"EntryPoint","urlTemplate":"https:\/\/aztex.ee\/es\/?s={search_term_string}"},"query-input":{"@type":"PropertyValueSpecification","valueRequired":true,"valueName":"search_term_string"}}],"inLanguage":"es"},{"@type":"Organization","@id":"https:\/\/aztex.ee\/es\/#organization","name":"AZTEX","url":"https:\/\/aztex.ee\/es\/","logo":{"@type":"ImageObject","inLanguage":"es","@id":"https:\/\/aztex.ee\/es\/#\/schema\/logo\/image\/","url":"https:\/\/aztex.ee\/wp-content\/uploads\/2026\/01\/AZTEX.png","contentUrl":"https:\/\/aztex.ee\/wp-content\/uploads\/2026\/01\/AZTEX.png","width":500,"height":500,"caption":"AZTEX"},"image":{"@id":"https:\/\/aztex.ee\/es\/#\/schema\/logo\/image\/"},"sameAs":["https:\/\/www.facebook.com\/AztexEE","https:\/\/www.instagram.com\/aztexeesti\/","https:\/\/www.youtube.com\/@AZTEXEE","https:\/\/www.pinterest.com\/aztex_eesti\/","https:\/\/www.tiktok.com\/@aztexeesti","https:\/\/www.trustpilot.com\/review\/aztex.ee","https:\/\/www.linkedin.com\/company\/aztex-ee\/","https:\/\/www.wikidata.org\/wiki\/Q137560182"]}]}},"_links":{"self":[{"href":"https:\/\/aztex.ee\/es\/wp-json\/wp\/v2\/product\/108462","targetHints":{"allow":["GET"]}}],"collection":[{"href":"https:\/\/aztex.ee\/es\/wp-json\/wp\/v2\/product"}],"about":[{"href":"https:\/\/aztex.ee\/es\/wp-json\/wp\/v2\/types\/product"}],"replies":[{"embeddable":true,"href":"https:\/\/aztex.ee\/es\/wp-json\/wp\/v2\/comments?post=108462"}],"version-history":[{"count":2,"href":"https:\/\/aztex.ee\/es\/wp-json\/wp\/v2\/product\/108462\/revisions"}],"predecessor-version":[{"id":108571,"href":"https:\/\/aztex.ee\/es\/wp-json\/wp\/v2\/product\/108462\/revisions\/108571"}],"wp:featuredmedia":[{"embeddable":true,"href":"https:\/\/aztex.ee\/es\/wp-json\/wp\/v2\/media\/108483"}],"wp:attachment":[{"href":"https:\/\/aztex.ee\/es\/wp-json\/wp\/v2\/media?parent=108462"}],"wp:term":[{"taxonomy":"product_brand","embeddable":true,"href":"https:\/\/aztex.ee\/es\/wp-json\/wp\/v2\/product_brand?post=108462"},{"taxonomy":"product_cat","embeddable":true,"href":"https:\/\/aztex.ee\/es\/wp-json\/wp\/v2\/product_cat?post=108462"},{"taxonomy":"product_tag","embeddable":true,"href":"https:\/\/aztex.ee\/es\/wp-json\/wp\/v2\/product_tag?post=108462"}],"curies":[{"name":"wp","href":"https:\/\/api.w.org\/{rel}","templated":true}]}}