{"id":101914,"date":"2026-02-07T18:59:24","date_gmt":"2026-02-07T18:59:24","guid":{"rendered":"https:\/\/aztex.ee\/?post_type=product&#038;p=101914"},"modified":"2026-04-10T13:00:54","modified_gmt":"2026-04-10T13:00:54","slug":"toalla-de-rizo-de-algodon","status":"publish","type":"product","link":"https:\/\/aztex.ee\/es\/pood\/toallas-y-toallas-de-bano\/toalla-de-rizo-de-algodon\/","title":{"rendered":"Toalla de rizo de algod\u00f3n"},"content":{"rendered":"<p><strong>Toalla de rizo de algod\u00f3n: suavidad y lujo para el d\u00eda a d\u00eda<\/strong><\/p>\n<p><strong>Suave y lujosa<\/strong><\/p>\n<p>Cada toalla de rizo de algod\u00f3n est\u00e1 hecha de algod\u00f3n de alta calidad cuidadosamente seleccionado, excepcionalmente suave y que mima la piel con cada roce. Su delicado tejido de rizo convierte la ducha o el ba\u00f1o en una experiencia relajante y placentera, ofreciendo un verdadero momento de lujo a diario. Tambi\u00e9n es ideal para personas con piel sensible que buscan suavidad, comodidad y una agradable suavidad en cada uso.<\/p>\n<p><strong>Absorci\u00f3n eficiente y secado r\u00e1pido<\/strong><\/p>\n<p>La toalla de rizo est\u00e1 dise\u00f1ada para un secado r\u00e1pido y eficiente. Gracias a su fibra de algod\u00f3n densa y de alta calidad, absorbe la humedad al instante, manteniendo la piel seca y fresca. Cada capa est\u00e1 dise\u00f1ada para lograr la m\u00e1xima absorci\u00f3n, lo que la convierte en la compa\u00f1era ideal para el d\u00eda a d\u00eda. Combina practicidad y lujo, ofreciendo una experiencia placentera en cada uso.<\/p>\n<p><strong>Calidad duradera<\/strong><\/p>\n<p>La toalla de rizo de algod\u00f3n est\u00e1 dise\u00f1ada para durar. Las resistentes fibras de algod\u00f3n mantienen la forma, la suavidad y el color de la toalla incluso despu\u00e9s de repetidos lavados. La toalla se mantendr\u00e1 como nueva durante a\u00f1os, ofreciendo la misma sensaci\u00f3n de comodidad y lujo. Su calidad duradera la convierte en una opci\u00f3n confiable para cualquier hogar que valore la comodidad, la durabilidad y el lujo diario.<\/p>\n<p><strong>Lujo elegante y pr\u00e1ctico para el d\u00eda a d\u00eda<\/strong><\/p>\n<p>La toalla de rizo de algod\u00f3n a\u00f1ade estilo y lujo a cualquier ba\u00f1o. Su dise\u00f1o atemporal, su agradable textura y su material cuidadosamente seleccionado la convierten en un regalo ideal o para el uso diario. Su tama\u00f1o y peso son ideales: espaciosa y f\u00e1cil de manejar, brindando un cuidado lujoso y una experiencia placentera en todo momento.<\/p>\n<p><strong>Cuidado pr\u00e1ctico y uso diario<\/strong><\/p>\n<p>Esta toalla es f\u00e1cil y r\u00e1pida de cuidar: un lavado regular a m\u00e1quina a la temperatura adecuada es suficiente para que est\u00e9 lista para usar. Su tejido de secado r\u00e1pido garantiza que la toalla est\u00e9 siempre a mano y lista para cualquier situaci\u00f3n. Ideal para personas con un ritmo de vida acelerado y un estilo de vida activo que buscan comodidad, calidad y lujo en cada detalle.<\/p>\n<p>Si esta toalla no cumple tus expectativas, revisar otras <a href=\"https:\/\/aztex.ee\/es\/categoria-producto\/toallas-y-toallas-de-bano\/\">Toallas<\/a> ayuda a comparar materiales, tama\u00f1os y caracter\u00edsticas para encontrar la mejor opci\u00f3n.<\/p>\n","protected":false},"excerpt":{"rendered":"<ul>\n<li>Material: 100% algod\u00f3n<\/li>\n<li>Tama\u00f1o: 35\u00d775 cm \u00b13<\/li>\n<li>Peso: 500g\/m2<\/li>\n<\/ul>\n","protected":false},"featured_media":102250,"comment_status":"open","ping_status":"closed","template":"","meta":[],"product_brand":[],"product_cat":[1741,785,489],"product_tag":[],"class_list":{"0":"post-101914","1":"product","2":"type-product","3":"status-publish","4":"has-post-thumbnail","6":"product_cat-toallas","7":"product_cat-toallas-35x75-cm","8":"product_cat-toallas-y-toallas-de-bano","10":"first","11":"instock","12":"sale","13":"shipping-taxable","14":"purchasable","15":"product-type-variable"},"yoast_head":"<!-- This site is optimized with the Yoast SEO plugin v27.3 - https:\/\/yoast.com\/product\/yoast-seo-wordpress\/ -->\n<title>Toalla de rizo 100% algod\u00f3n | AZTEX<\/title>\n<meta name=\"description\" content=\"Esta toalla de rizo de algod\u00f3n de alta calidad es suave, muy absorbente y duradera. Adecuada para uso diario y conserva su forma incluso despu\u00e9s de varios lavados.\" \/>\n<meta name=\"robots\" content=\"index, follow, max-snippet:-1, max-image-preview:large, max-video-preview:-1\" \/>\n<link rel=\"canonical\" href=\"https:\/\/aztex.ee\/es\/pood\/toallas-y-toallas-de-bano\/toalla-de-rizo-de-algodon\/\" \/>\n<meta property=\"og:locale\" content=\"es_ES\" \/>\n<meta property=\"og:type\" content=\"article\" \/>\n<meta property=\"og:title\" content=\"Toalla de rizo 100% algod\u00f3n | AZTEX\" \/>\n<meta property=\"og:description\" content=\"Esta toalla de rizo de algod\u00f3n de alta calidad es suave, muy absorbente y duradera. Adecuada para uso diario y conserva su forma incluso despu\u00e9s de varios lavados.\" \/>\n<meta property=\"og:url\" content=\"https:\/\/aztex.ee\/es\/pood\/toallas-y-toallas-de-bano\/toalla-de-rizo-de-algodon\/\" \/>\n<meta property=\"og:site_name\" content=\"AZTEX\" \/>\n<meta property=\"article:publisher\" content=\"https:\/\/www.facebook.com\/AztexEE\" \/>\n<meta property=\"article:modified_time\" content=\"2026-04-10T13:00:54+00:00\" \/>\n<meta property=\"og:image\" content=\"https:\/\/aztex.ee\/wp-content\/uploads\/2026\/02\/Puuvillane-froteeratik.jpg\" \/>\n\t<meta property=\"og:image:width\" content=\"800\" \/>\n\t<meta property=\"og:image:height\" content=\"800\" \/>\n\t<meta property=\"og:image:type\" content=\"image\/jpeg\" \/>\n<meta name=\"twitter:card\" content=\"summary_large_image\" \/>\n<meta name=\"twitter:label1\" content=\"Tiempo de lectura\" \/>\n\t<meta name=\"twitter:data1\" content=\"3 minutos\" \/>\n<script type=\"application\/ld+json\" class=\"yoast-schema-graph\">{\"@context\":\"https:\\\/\\\/schema.org\",\"@graph\":[{\"@type\":[\"WebPage\",\"ItemPage\"],\"@id\":\"https:\\\/\\\/aztex.ee\\\/es\\\/pood\\\/toallas-y-toallas-de-bano\\\/toalla-de-rizo-de-algodon\\\/\",\"url\":\"https:\\\/\\\/aztex.ee\\\/es\\\/pood\\\/toallas-y-toallas-de-bano\\\/toalla-de-rizo-de-algodon\\\/\",\"name\":\"Toalla de rizo 100% algod\u00f3n | AZTEX\",\"isPartOf\":{\"@id\":\"https:\\\/\\\/aztex.ee\\\/es\\\/#website\"},\"primaryImageOfPage\":{\"@id\":\"https:\\\/\\\/aztex.ee\\\/es\\\/pood\\\/toallas-y-toallas-de-bano\\\/toalla-de-rizo-de-algodon\\\/#primaryimage\"},\"image\":{\"@id\":\"https:\\\/\\\/aztex.ee\\\/es\\\/pood\\\/toallas-y-toallas-de-bano\\\/toalla-de-rizo-de-algodon\\\/#primaryimage\"},\"thumbnailUrl\":\"https:\\\/\\\/aztex.ee\\\/wp-content\\\/uploads\\\/2026\\\/02\\\/Puuvillane-froteeratik.jpg\",\"datePublished\":\"2026-02-07T18:59:24+00:00\",\"dateModified\":\"2026-04-10T13:00:54+00:00\",\"description\":\"Esta toalla de rizo de algod\u00f3n de alta calidad es suave, muy absorbente y duradera. Adecuada para uso diario y conserva su forma incluso despu\u00e9s de varios lavados.\",\"breadcrumb\":{\"@id\":\"https:\\\/\\\/aztex.ee\\\/es\\\/pood\\\/toallas-y-toallas-de-bano\\\/toalla-de-rizo-de-algodon\\\/#breadcrumb\"},\"inLanguage\":\"es\",\"potentialAction\":[{\"@type\":\"ReadAction\",\"target\":[\"https:\\\/\\\/aztex.ee\\\/es\\\/pood\\\/toallas-y-toallas-de-bano\\\/toalla-de-rizo-de-algodon\\\/\"]}]},{\"@type\":\"ImageObject\",\"inLanguage\":\"es\",\"@id\":\"https:\\\/\\\/aztex.ee\\\/es\\\/pood\\\/toallas-y-toallas-de-bano\\\/toalla-de-rizo-de-algodon\\\/#primaryimage\",\"url\":\"https:\\\/\\\/aztex.ee\\\/wp-content\\\/uploads\\\/2026\\\/02\\\/Puuvillane-froteeratik.jpg\",\"contentUrl\":\"https:\\\/\\\/aztex.ee\\\/wp-content\\\/uploads\\\/2026\\\/02\\\/Puuvillane-froteeratik.jpg\",\"width\":800,\"height\":800,\"caption\":\"Puuvillane froteer\u00e4tik\"},{\"@type\":\"BreadcrumbList\",\"@id\":\"https:\\\/\\\/aztex.ee\\\/es\\\/pood\\\/toallas-y-toallas-de-bano\\\/toalla-de-rizo-de-algodon\\\/#breadcrumb\",\"itemListElement\":[{\"@type\":\"ListItem\",\"position\":1,\"name\":\"Inicio\",\"item\":\"https:\\\/\\\/aztex.ee\\\/es\\\/\"},{\"@type\":\"ListItem\",\"position\":2,\"name\":\"Tienda\",\"item\":\"https:\\\/\\\/aztex.ee\\\/es\\\/tienda\\\/\"},{\"@type\":\"ListItem\",\"position\":3,\"name\":\"Toalla de rizo de algod\u00f3n\"}]},{\"@type\":\"WebSite\",\"@id\":\"https:\\\/\\\/aztex.ee\\\/es\\\/#website\",\"url\":\"https:\\\/\\\/aztex.ee\\\/es\\\/\",\"name\":\"AZTEX\",\"description\":\"\",\"publisher\":{\"@id\":\"https:\\\/\\\/aztex.ee\\\/es\\\/#organization\"},\"potentialAction\":[{\"@type\":\"SearchAction\",\"target\":{\"@type\":\"EntryPoint\",\"urlTemplate\":\"https:\\\/\\\/aztex.ee\\\/es\\\/?s={search_term_string}\"},\"query-input\":{\"@type\":\"PropertyValueSpecification\",\"valueRequired\":true,\"valueName\":\"search_term_string\"}}],\"inLanguage\":\"es\"},{\"@type\":\"Organization\",\"@id\":\"https:\\\/\\\/aztex.ee\\\/es\\\/#organization\",\"name\":\"AZTEX\",\"url\":\"https:\\\/\\\/aztex.ee\\\/es\\\/\",\"logo\":{\"@type\":\"ImageObject\",\"inLanguage\":\"es\",\"@id\":\"https:\\\/\\\/aztex.ee\\\/es\\\/#\\\/schema\\\/logo\\\/image\\\/\",\"url\":\"https:\\\/\\\/aztex.ee\\\/wp-content\\\/uploads\\\/2026\\\/01\\\/AZTEX.png\",\"contentUrl\":\"https:\\\/\\\/aztex.ee\\\/wp-content\\\/uploads\\\/2026\\\/01\\\/AZTEX.png\",\"width\":500,\"height\":500,\"caption\":\"AZTEX\"},\"image\":{\"@id\":\"https:\\\/\\\/aztex.ee\\\/es\\\/#\\\/schema\\\/logo\\\/image\\\/\"},\"sameAs\":[\"https:\\\/\\\/www.facebook.com\\\/AztexEE\",\"https:\\\/\\\/www.instagram.com\\\/aztexeesti\\\/\",\"https:\\\/\\\/www.youtube.com\\\/@AZTEXEE\",\"https:\\\/\\\/www.pinterest.com\\\/aztex_eesti\\\/\",\"https:\\\/\\\/www.tiktok.com\\\/@aztexeesti\",\"https:\\\/\\\/www.trustpilot.com\\\/review\\\/aztex.ee\",\"https:\\\/\\\/www.linkedin.com\\\/company\\\/aztex-ee\\\/\",\"https:\\\/\\\/www.wikidata.org\\\/wiki\\\/Q137560182\"]}]}<\/script>\n<!-- \/ Yoast SEO plugin. -->","yoast_head_json":{"title":"Toalla de rizo 100% algod\u00f3n | AZTEX","description":"Esta toalla de rizo de algod\u00f3n de alta calidad es suave, muy absorbente y duradera. Adecuada para uso diario y conserva su forma incluso despu\u00e9s de varios lavados.","robots":{"index":"index","follow":"follow","max-snippet":"max-snippet:-1","max-image-preview":"max-image-preview:large","max-video-preview":"max-video-preview:-1"},"canonical":"https:\/\/aztex.ee\/es\/pood\/toallas-y-toallas-de-bano\/toalla-de-rizo-de-algodon\/","og_locale":"es_ES","og_type":"article","og_title":"Toalla de rizo 100% algod\u00f3n | AZTEX","og_description":"Esta toalla de rizo de algod\u00f3n de alta calidad es suave, muy absorbente y duradera. Adecuada para uso diario y conserva su forma incluso despu\u00e9s de varios lavados.","og_url":"https:\/\/aztex.ee\/es\/pood\/toallas-y-toallas-de-bano\/toalla-de-rizo-de-algodon\/","og_site_name":"AZTEX","article_publisher":"https:\/\/www.facebook.com\/AztexEE","article_modified_time":"2026-04-10T13:00:54+00:00","og_image":[{"width":800,"height":800,"url":"https:\/\/aztex.ee\/wp-content\/uploads\/2026\/02\/Puuvillane-froteeratik.jpg","type":"image\/jpeg"}],"twitter_card":"summary_large_image","twitter_misc":{"Tiempo de lectura":"3 minutos"},"schema":{"@context":"https:\/\/schema.org","@graph":[{"@type":["WebPage","ItemPage"],"@id":"https:\/\/aztex.ee\/es\/pood\/toallas-y-toallas-de-bano\/toalla-de-rizo-de-algodon\/","url":"https:\/\/aztex.ee\/es\/pood\/toallas-y-toallas-de-bano\/toalla-de-rizo-de-algodon\/","name":"Toalla de rizo 100% algod\u00f3n | AZTEX","isPartOf":{"@id":"https:\/\/aztex.ee\/es\/#website"},"primaryImageOfPage":{"@id":"https:\/\/aztex.ee\/es\/pood\/toallas-y-toallas-de-bano\/toalla-de-rizo-de-algodon\/#primaryimage"},"image":{"@id":"https:\/\/aztex.ee\/es\/pood\/toallas-y-toallas-de-bano\/toalla-de-rizo-de-algodon\/#primaryimage"},"thumbnailUrl":"https:\/\/aztex.ee\/wp-content\/uploads\/2026\/02\/Puuvillane-froteeratik.jpg","datePublished":"2026-02-07T18:59:24+00:00","dateModified":"2026-04-10T13:00:54+00:00","description":"Esta toalla de rizo de algod\u00f3n de alta calidad es suave, muy absorbente y duradera. Adecuada para uso diario y conserva su forma incluso despu\u00e9s de varios lavados.","breadcrumb":{"@id":"https:\/\/aztex.ee\/es\/pood\/toallas-y-toallas-de-bano\/toalla-de-rizo-de-algodon\/#breadcrumb"},"inLanguage":"es","potentialAction":[{"@type":"ReadAction","target":["https:\/\/aztex.ee\/es\/pood\/toallas-y-toallas-de-bano\/toalla-de-rizo-de-algodon\/"]}]},{"@type":"ImageObject","inLanguage":"es","@id":"https:\/\/aztex.ee\/es\/pood\/toallas-y-toallas-de-bano\/toalla-de-rizo-de-algodon\/#primaryimage","url":"https:\/\/aztex.ee\/wp-content\/uploads\/2026\/02\/Puuvillane-froteeratik.jpg","contentUrl":"https:\/\/aztex.ee\/wp-content\/uploads\/2026\/02\/Puuvillane-froteeratik.jpg","width":800,"height":800,"caption":"Puuvillane froteer\u00e4tik"},{"@type":"BreadcrumbList","@id":"https:\/\/aztex.ee\/es\/pood\/toallas-y-toallas-de-bano\/toalla-de-rizo-de-algodon\/#breadcrumb","itemListElement":[{"@type":"ListItem","position":1,"name":"Inicio","item":"https:\/\/aztex.ee\/es\/"},{"@type":"ListItem","position":2,"name":"Tienda","item":"https:\/\/aztex.ee\/es\/tienda\/"},{"@type":"ListItem","position":3,"name":"Toalla de rizo de algod\u00f3n"}]},{"@type":"WebSite","@id":"https:\/\/aztex.ee\/es\/#website","url":"https:\/\/aztex.ee\/es\/","name":"AZTEX","description":"","publisher":{"@id":"https:\/\/aztex.ee\/es\/#organization"},"potentialAction":[{"@type":"SearchAction","target":{"@type":"EntryPoint","urlTemplate":"https:\/\/aztex.ee\/es\/?s={search_term_string}"},"query-input":{"@type":"PropertyValueSpecification","valueRequired":true,"valueName":"search_term_string"}}],"inLanguage":"es"},{"@type":"Organization","@id":"https:\/\/aztex.ee\/es\/#organization","name":"AZTEX","url":"https:\/\/aztex.ee\/es\/","logo":{"@type":"ImageObject","inLanguage":"es","@id":"https:\/\/aztex.ee\/es\/#\/schema\/logo\/image\/","url":"https:\/\/aztex.ee\/wp-content\/uploads\/2026\/01\/AZTEX.png","contentUrl":"https:\/\/aztex.ee\/wp-content\/uploads\/2026\/01\/AZTEX.png","width":500,"height":500,"caption":"AZTEX"},"image":{"@id":"https:\/\/aztex.ee\/es\/#\/schema\/logo\/image\/"},"sameAs":["https:\/\/www.facebook.com\/AztexEE","https:\/\/www.instagram.com\/aztexeesti\/","https:\/\/www.youtube.com\/@AZTEXEE","https:\/\/www.pinterest.com\/aztex_eesti\/","https:\/\/www.tiktok.com\/@aztexeesti","https:\/\/www.trustpilot.com\/review\/aztex.ee","https:\/\/www.linkedin.com\/company\/aztex-ee\/","https:\/\/www.wikidata.org\/wiki\/Q137560182"]}]}},"_links":{"self":[{"href":"https:\/\/aztex.ee\/es\/wp-json\/wp\/v2\/product\/101914","targetHints":{"allow":["GET"]}}],"collection":[{"href":"https:\/\/aztex.ee\/es\/wp-json\/wp\/v2\/product"}],"about":[{"href":"https:\/\/aztex.ee\/es\/wp-json\/wp\/v2\/types\/product"}],"replies":[{"embeddable":true,"href":"https:\/\/aztex.ee\/es\/wp-json\/wp\/v2\/comments?post=101914"}],"version-history":[{"count":3,"href":"https:\/\/aztex.ee\/es\/wp-json\/wp\/v2\/product\/101914\/revisions"}],"predecessor-version":[{"id":102479,"href":"https:\/\/aztex.ee\/es\/wp-json\/wp\/v2\/product\/101914\/revisions\/102479"}],"wp:featuredmedia":[{"embeddable":true,"href":"https:\/\/aztex.ee\/es\/wp-json\/wp\/v2\/media\/102250"}],"wp:attachment":[{"href":"https:\/\/aztex.ee\/es\/wp-json\/wp\/v2\/media?parent=101914"}],"wp:term":[{"taxonomy":"product_brand","embeddable":true,"href":"https:\/\/aztex.ee\/es\/wp-json\/wp\/v2\/product_brand?post=101914"},{"taxonomy":"product_cat","embeddable":true,"href":"https:\/\/aztex.ee\/es\/wp-json\/wp\/v2\/product_cat?post=101914"},{"taxonomy":"product_tag","embeddable":true,"href":"https:\/\/aztex.ee\/es\/wp-json\/wp\/v2\/product_tag?post=101914"}],"curies":[{"name":"wp","href":"https:\/\/api.w.org\/{rel}","templated":true}]}}