{"id":19037,"date":"2024-08-15T14:44:36","date_gmt":"2024-08-15T14:44:36","guid":{"rendered":"https:\/\/aztex.ee\/info\/"},"modified":"2024-08-20T09:43:09","modified_gmt":"2024-08-20T09:43:09","slug":"informacion","status":"publish","type":"page","link":"https:\/\/aztex.ee\/es\/informacion\/","title":{"rendered":"Informaci\u00f3n"},"content":{"rendered":"\n<p><strong>AZTEX<\/strong> \u2013 calidad, confort y elegancia en tu d\u00eda a d\u00eda<\/p>\n\n\n\n<p>\u00a1Bienvenido al maravilloso mundo de <strong>AZTEX<\/strong>, donde creamos el hogar que siempre has so\u00f1ado! Estamos orgullosos de presentar nuestra empresa, dedicada a la venta de textiles de calidad.<\/p>\n\n\n\n<p>Nuestra gama de mantas, mantas infantiles, toallas y ropa de cama es rica y diversa, y todos nuestros productos tienen en com\u00fan la calidad. Las mantas te calientan en las noches fr\u00edas y a\u00f1aden color y estilo a tu dormitorio. Las mantas infantiles son agradables y suaves, proporcion\u00e1ndoles el confort que necesitan para sentirse lo mejor posible. Las toallas son suaves y muy absorbentes, convirtiendo cada rutina de la ma\u00f1ana y la noche en un momento de felicidad. La ropa de cama es suave y duradera, creando una atm\u00f3sfera \u00fanica en tu dormitorio.<\/p>\n\n\n\n<p>La misi\u00f3n de <strong>AZTEX<\/strong> es ofrecerte m\u00e1s que solo textiles. Queremos aportar comodidad, calidez y estilo a tu vida. Queremos ayudarte a crear un hogar que refleje tu personalidad y tus gustos, donde siempre te sentir\u00e1s bienvenido y c\u00f3modo.<\/p>\n\n\n\n<p>Adem\u00e1s de nuestros productos, tambi\u00e9n contamos con un equipo atento que siempre est\u00e1 dispuesto a ayudarte y asesorarte. Estamos aqu\u00ed para compartir nuestro conocimiento y experiencia contigo para ayudarte a encontrar los textiles perfectos que se adapten a tus necesidades y deseos.<\/p>\n\n\n\n<p>Gracias por elegirnos como tu socio de dise\u00f1o y nos comprometemos a seguir superando tus expectativas en todos los sentidos. Gracias por ser parte de nuestra familia y permitirnos ser parte de tu hogar.<\/p>\n","protected":false},"excerpt":{"rendered":"<p>AZTEX \u2013 calidad, confort y elegancia en tu d\u00eda a d\u00eda \u00a1Bienvenido al maravilloso mundo de AZTEX, donde creamos el<\/p>\n","protected":false},"author":1,"featured_media":0,"parent":0,"menu_order":0,"comment_status":"closed","ping_status":"closed","template":"","meta":{"footnotes":""},"class_list":["post-19037","page","type-page","status-publish","hentry"],"yoast_head":"<!-- This site is optimized with the Yoast SEO plugin v27.4 - https:\/\/yoast.com\/product\/yoast-seo-wordpress\/ -->\n<title>Informaci\u00f3n | AZTEX<\/title>\n<meta name=\"description\" content=\"Nuestra gama de mantas, mantas infantiles, toallas y ropa de cama es rica y diversa, y todos nuestros productos tienen en com\u00fan la calidad.\" \/>\n<meta name=\"robots\" content=\"index, follow, max-snippet:-1, max-image-preview:large, max-video-preview:-1\" \/>\n<link rel=\"canonical\" href=\"https:\/\/aztex.ee\/es\/informacion\/\" \/>\n<meta property=\"og:locale\" content=\"es_ES\" \/>\n<meta property=\"og:type\" content=\"article\" \/>\n<meta property=\"og:title\" content=\"Informaci\u00f3n | AZTEX\" \/>\n<meta property=\"og:description\" content=\"Nuestra gama de mantas, mantas infantiles, toallas y ropa de cama es rica y diversa, y todos nuestros productos tienen en com\u00fan la calidad.\" \/>\n<meta property=\"og:url\" content=\"https:\/\/aztex.ee\/es\/informacion\/\" \/>\n<meta property=\"og:site_name\" content=\"AZTEX\" \/>\n<meta property=\"article:publisher\" content=\"https:\/\/www.facebook.com\/AztexEE\" \/>\n<meta property=\"article:modified_time\" content=\"2024-08-20T09:43:09+00:00\" \/>\n<meta name=\"twitter:card\" content=\"summary_large_image\" \/>\n<meta name=\"twitter:label1\" content=\"Tiempo de lectura\" \/>\n\t<meta name=\"twitter:data1\" content=\"2 minutos\" \/>\n<script type=\"application\/ld+json\" class=\"yoast-schema-graph\">{\"@context\":\"https:\\\/\\\/schema.org\",\"@graph\":[{\"@type\":\"WebPage\",\"@id\":\"https:\\\/\\\/aztex.ee\\\/es\\\/informacion\\\/\",\"url\":\"https:\\\/\\\/aztex.ee\\\/es\\\/informacion\\\/\",\"name\":\"Informaci\u00f3n | AZTEX\",\"isPartOf\":{\"@id\":\"https:\\\/\\\/aztex.ee\\\/es\\\/#website\"},\"datePublished\":\"2024-08-15T14:44:36+00:00\",\"dateModified\":\"2024-08-20T09:43:09+00:00\",\"description\":\"Nuestra gama de mantas, mantas infantiles, toallas y ropa de cama es rica y diversa, y todos nuestros productos tienen en com\u00fan la calidad.\",\"breadcrumb\":{\"@id\":\"https:\\\/\\\/aztex.ee\\\/es\\\/informacion\\\/#breadcrumb\"},\"inLanguage\":\"es\",\"potentialAction\":[{\"@type\":\"ReadAction\",\"target\":[\"https:\\\/\\\/aztex.ee\\\/es\\\/informacion\\\/\"]}]},{\"@type\":\"BreadcrumbList\",\"@id\":\"https:\\\/\\\/aztex.ee\\\/es\\\/informacion\\\/#breadcrumb\",\"itemListElement\":[{\"@type\":\"ListItem\",\"position\":1,\"name\":\"Inicio\",\"item\":\"https:\\\/\\\/aztex.ee\\\/es\\\/\"},{\"@type\":\"ListItem\",\"position\":2,\"name\":\"Informaci\u00f3n\"}]},{\"@type\":\"WebSite\",\"@id\":\"https:\\\/\\\/aztex.ee\\\/es\\\/#website\",\"url\":\"https:\\\/\\\/aztex.ee\\\/es\\\/\",\"name\":\"AZTEX\",\"description\":\"\",\"publisher\":{\"@id\":\"https:\\\/\\\/aztex.ee\\\/es\\\/#organization\"},\"potentialAction\":[{\"@type\":\"SearchAction\",\"target\":{\"@type\":\"EntryPoint\",\"urlTemplate\":\"https:\\\/\\\/aztex.ee\\\/es\\\/?s={search_term_string}\"},\"query-input\":{\"@type\":\"PropertyValueSpecification\",\"valueRequired\":true,\"valueName\":\"search_term_string\"}}],\"inLanguage\":\"es\"},{\"@type\":\"Organization\",\"@id\":\"https:\\\/\\\/aztex.ee\\\/es\\\/#organization\",\"name\":\"AZTEX\",\"url\":\"https:\\\/\\\/aztex.ee\\\/es\\\/\",\"logo\":{\"@type\":\"ImageObject\",\"inLanguage\":\"es\",\"@id\":\"https:\\\/\\\/aztex.ee\\\/es\\\/#\\\/schema\\\/logo\\\/image\\\/\",\"url\":\"https:\\\/\\\/aztex.ee\\\/wp-content\\\/uploads\\\/2026\\\/01\\\/AZTEX.png\",\"contentUrl\":\"https:\\\/\\\/aztex.ee\\\/wp-content\\\/uploads\\\/2026\\\/01\\\/AZTEX.png\",\"width\":500,\"height\":500,\"caption\":\"AZTEX\"},\"image\":{\"@id\":\"https:\\\/\\\/aztex.ee\\\/es\\\/#\\\/schema\\\/logo\\\/image\\\/\"},\"sameAs\":[\"https:\\\/\\\/www.facebook.com\\\/AztexEE\",\"https:\\\/\\\/www.instagram.com\\\/aztexeesti\\\/\",\"https:\\\/\\\/www.youtube.com\\\/@AZTEXEE\",\"https:\\\/\\\/www.pinterest.com\\\/aztex_eesti\\\/\",\"https:\\\/\\\/www.tiktok.com\\\/@aztexeesti\",\"https:\\\/\\\/www.trustpilot.com\\\/review\\\/aztex.ee\",\"https:\\\/\\\/www.linkedin.com\\\/company\\\/aztex-ee\\\/\",\"https:\\\/\\\/www.wikidata.org\\\/wiki\\\/Q137560182\"]}]}<\/script>\n<!-- \/ Yoast SEO plugin. -->","yoast_head_json":{"title":"Informaci\u00f3n | AZTEX","description":"Nuestra gama de mantas, mantas infantiles, toallas y ropa de cama es rica y diversa, y todos nuestros productos tienen en com\u00fan la calidad.","robots":{"index":"index","follow":"follow","max-snippet":"max-snippet:-1","max-image-preview":"max-image-preview:large","max-video-preview":"max-video-preview:-1"},"canonical":"https:\/\/aztex.ee\/es\/informacion\/","og_locale":"es_ES","og_type":"article","og_title":"Informaci\u00f3n | AZTEX","og_description":"Nuestra gama de mantas, mantas infantiles, toallas y ropa de cama es rica y diversa, y todos nuestros productos tienen en com\u00fan la calidad.","og_url":"https:\/\/aztex.ee\/es\/informacion\/","og_site_name":"AZTEX","article_publisher":"https:\/\/www.facebook.com\/AztexEE","article_modified_time":"2024-08-20T09:43:09+00:00","twitter_card":"summary_large_image","twitter_misc":{"Tiempo de lectura":"2 minutos"},"schema":{"@context":"https:\/\/schema.org","@graph":[{"@type":"WebPage","@id":"https:\/\/aztex.ee\/es\/informacion\/","url":"https:\/\/aztex.ee\/es\/informacion\/","name":"Informaci\u00f3n | AZTEX","isPartOf":{"@id":"https:\/\/aztex.ee\/es\/#website"},"datePublished":"2024-08-15T14:44:36+00:00","dateModified":"2024-08-20T09:43:09+00:00","description":"Nuestra gama de mantas, mantas infantiles, toallas y ropa de cama es rica y diversa, y todos nuestros productos tienen en com\u00fan la calidad.","breadcrumb":{"@id":"https:\/\/aztex.ee\/es\/informacion\/#breadcrumb"},"inLanguage":"es","potentialAction":[{"@type":"ReadAction","target":["https:\/\/aztex.ee\/es\/informacion\/"]}]},{"@type":"BreadcrumbList","@id":"https:\/\/aztex.ee\/es\/informacion\/#breadcrumb","itemListElement":[{"@type":"ListItem","position":1,"name":"Inicio","item":"https:\/\/aztex.ee\/es\/"},{"@type":"ListItem","position":2,"name":"Informaci\u00f3n"}]},{"@type":"WebSite","@id":"https:\/\/aztex.ee\/es\/#website","url":"https:\/\/aztex.ee\/es\/","name":"AZTEX","description":"","publisher":{"@id":"https:\/\/aztex.ee\/es\/#organization"},"potentialAction":[{"@type":"SearchAction","target":{"@type":"EntryPoint","urlTemplate":"https:\/\/aztex.ee\/es\/?s={search_term_string}"},"query-input":{"@type":"PropertyValueSpecification","valueRequired":true,"valueName":"search_term_string"}}],"inLanguage":"es"},{"@type":"Organization","@id":"https:\/\/aztex.ee\/es\/#organization","name":"AZTEX","url":"https:\/\/aztex.ee\/es\/","logo":{"@type":"ImageObject","inLanguage":"es","@id":"https:\/\/aztex.ee\/es\/#\/schema\/logo\/image\/","url":"https:\/\/aztex.ee\/wp-content\/uploads\/2026\/01\/AZTEX.png","contentUrl":"https:\/\/aztex.ee\/wp-content\/uploads\/2026\/01\/AZTEX.png","width":500,"height":500,"caption":"AZTEX"},"image":{"@id":"https:\/\/aztex.ee\/es\/#\/schema\/logo\/image\/"},"sameAs":["https:\/\/www.facebook.com\/AztexEE","https:\/\/www.instagram.com\/aztexeesti\/","https:\/\/www.youtube.com\/@AZTEXEE","https:\/\/www.pinterest.com\/aztex_eesti\/","https:\/\/www.tiktok.com\/@aztexeesti","https:\/\/www.trustpilot.com\/review\/aztex.ee","https:\/\/www.linkedin.com\/company\/aztex-ee\/","https:\/\/www.wikidata.org\/wiki\/Q137560182"]}]}},"_links":{"self":[{"href":"https:\/\/aztex.ee\/es\/wp-json\/wp\/v2\/pages\/19037","targetHints":{"allow":["GET"]}}],"collection":[{"href":"https:\/\/aztex.ee\/es\/wp-json\/wp\/v2\/pages"}],"about":[{"href":"https:\/\/aztex.ee\/es\/wp-json\/wp\/v2\/types\/page"}],"author":[{"embeddable":true,"href":"https:\/\/aztex.ee\/es\/wp-json\/wp\/v2\/users\/1"}],"replies":[{"embeddable":true,"href":"https:\/\/aztex.ee\/es\/wp-json\/wp\/v2\/comments?post=19037"}],"version-history":[{"count":0,"href":"https:\/\/aztex.ee\/es\/wp-json\/wp\/v2\/pages\/19037\/revisions"}],"wp:attachment":[{"href":"https:\/\/aztex.ee\/es\/wp-json\/wp\/v2\/media?parent=19037"}],"curies":[{"name":"wp","href":"https:\/\/api.w.org\/{rel}","templated":true}]}}