{"id":107179,"date":"2026-03-16T07:17:40","date_gmt":"2026-03-16T07:17:40","guid":{"rendered":"https:\/\/aztex.ee\/meist\/"},"modified":"2026-03-16T11:39:44","modified_gmt":"2026-03-16T11:39:44","slug":"sobre-aztex","status":"publish","type":"page","link":"https:\/\/aztex.ee\/es\/sobre-aztex\/","title":{"rendered":"Sobre AZTEX"},"content":{"rendered":"\n<p class=\"wp-block-wd-paragraph wd-2bb725c6\"><strong>AZTEX<\/strong> es una <strong>marca internacional de textiles para el hogar<\/strong> que ofrece ropa de cama y productos textiles de alta calidad a clientes de todo el mundo. La marca opera bajo <strong>AZTEX Eesti O\u00dc<\/strong>, una subsidiaria de <strong>Minu Baltic O\u00dc<\/strong>. AZTEX fue fundada por el emprendedor <strong>Farid Ismayilov<\/strong>.<\/p>\n\n\n\n<p class=\"wp-block-wd-paragraph wd-e9f9b9ec\">Nuestro objetivo es proporcionar textiles para el hogar fiables y de calidad superior que ayuden a crear un <strong>ambiente dom\u00e9stico c\u00f3modo y saludable<\/strong>. Creemos que un buen descanso y un hogar acogedor comienzan con materiales de primera calidad y productos cuidadosamente seleccionados.<\/p>\n\n\n\n<p class=\"wp-block-wd-paragraph wd-5c4e8464\">Hoy en d\u00eda, AZTEX vende sus productos en <strong>m\u00e1s de 35 pa\u00edses<\/strong> en todo el mundo, incluyendo: <strong>Espa\u00f1a, M\u00e9xico, Estados Unidos, Estonia, Suecia, Dinamarca, Noruega, Finlandia, Polonia, Chequia, Hungr\u00eda, Pa\u00edses Bajos, Eslovaquia, Alemania, Austria, Suiza, Islandia, Islas Feroe, Letonia, Lituania, Kosovo, Bulgaria, Ruman\u00eda, Francia, Reino Unido, Eslovenia, Macedonia del Norte, Croacia, Italia, Bosnia y Herzegovina, Serbia, Montenegro, Grecia, Albania, Malta, Portugal e Irlanda.<\/strong><\/p>\n\n\n\n<p class=\"wp-block-wd-paragraph wd-e711c038\">AZTEX se centra en la calidad, el confort y los materiales naturales. Nuestra gama incluye tejidos seleccionados minuciosamente como <strong>algod\u00f3n, lino, bamb\u00fa, Tencel (Lyocell), c\u00e1\u00f1amo y seda.<\/strong> Estos materiales son transpirables, respetuosos con la piel y duraderos, lo que garantiza una experiencia de sue\u00f1o confortable y de alta calidad.<\/p>\n\n\n\n<p class=\"wp-block-wd-paragraph wd-cc476eed\">Para nosotros es fundamental que los textiles para el hogar no solo sean pr\u00e1cticos, sino tambi\u00e9n est\u00e9ticos y duraderos. Por ello, prestamos gran atenci\u00f3n tanto a la calidad de los materiales como al dise\u00f1o de nuestros productos.<\/p>\n\n\n\n<h3 class=\"wp-block-wd-title title wd-775fb4d1\"><strong>\u00bfPor qu\u00e9 los clientes conf\u00edan en nosotros?<\/strong><\/h3>\n\n\n\n<p class=\"wp-block-wd-paragraph wd-9454b497\"><strong>Materiales de alta calidad<\/strong> Seleccionamos nuestros productos con gran esmero para garantizar su durabilidad y confort.<\/p>\n\n\n\n<p class=\"wp-block-wd-paragraph wd-c4d72f32\"><strong>Experiencia internacional<\/strong> Atendemos a clientes en todo el mundo y ofrecemos soporte en <strong>19 idiomas diferentes<\/strong>.<\/p>\n\n\n\n<p class=\"wp-block-wd-paragraph wd-1b8ce9b6\"><strong>Satisfacci\u00f3n del cliente<\/strong> Nuestra valoraci\u00f3n de <strong><a href=\"https:\/\/www.trustpilot.com\/review\/aztex.ee\" type=\"link\" id=\"https:\/\/www.trustpilot.com\/review\/aztex.ee\" target=\"_blank\" rel=\"noreferrer noopener\">4.8 \/ 5 en Trustpilot<\/a><\/strong> demuestra que nuestros clientes valoran la calidad de nuestros productos y nuestro servicio.<\/p>\n\n\n\n<p class=\"wp-block-wd-paragraph wd-05a3c399\">Gracias por elegir <strong>AZTEX<\/strong> para su hogar. Nuestra misi\u00f3n es ofrecer una opci\u00f3n fiable y de calidad en el mundo de los textiles para el hogar.<\/p>\n","protected":false},"excerpt":{"rendered":"","protected":false},"author":1,"featured_media":0,"parent":0,"menu_order":0,"comment_status":"closed","ping_status":"closed","template":"","meta":{"footnotes":""},"class_list":["post-107179","page","type-page","status-publish","hentry"],"yoast_head":"<!-- This site is optimized with the Yoast SEO plugin v27.6 - https:\/\/yoast.com\/product\/yoast-seo-wordpress\/ -->\n<title>Sobre AZTEX | Textiles para el hogar y ropa de cama de calidad<\/title>\n<meta name=\"description\" content=\"AZTEX es una marca internacional de textiles para el hogar que ofrece ropa de cama y productos textiles de alta calidad a clientes de todo el mundo. La marca opera bajo AZTEX Eesti O\u00dc, una subsidiaria de Minu Baltic O\u00dc. AZTEX fue fundada por el emprendedor Farid Ismayilov.\" \/>\n<meta name=\"robots\" content=\"index, follow, max-snippet:-1, max-image-preview:large, max-video-preview:-1\" \/>\n<link rel=\"canonical\" href=\"https:\/\/aztex.ee\/es\/sobre-aztex\/\" \/>\n<meta property=\"og:locale\" content=\"es_ES\" \/>\n<meta property=\"og:type\" content=\"article\" \/>\n<meta property=\"og:title\" content=\"Sobre AZTEX | Textiles para el hogar y ropa de cama de calidad\" \/>\n<meta property=\"og:description\" content=\"AZTEX es una marca internacional de textiles para el hogar que ofrece ropa de cama y productos textiles de alta calidad a clientes de todo el mundo. La marca opera bajo AZTEX Eesti O\u00dc, una subsidiaria de Minu Baltic O\u00dc. AZTEX fue fundada por el emprendedor Farid Ismayilov.\" \/>\n<meta property=\"og:url\" content=\"https:\/\/aztex.ee\/es\/sobre-aztex\/\" \/>\n<meta property=\"og:site_name\" content=\"AZTEX\" \/>\n<meta property=\"article:publisher\" content=\"https:\/\/www.facebook.com\/AztexEE\" \/>\n<meta property=\"article:modified_time\" content=\"2026-03-16T11:39:44+00:00\" \/>\n<meta name=\"twitter:card\" content=\"summary_large_image\" \/>\n<meta name=\"twitter:label1\" content=\"Tiempo de lectura\" \/>\n\t<meta name=\"twitter:data1\" content=\"2 minutos\" \/>\n<script type=\"application\/ld+json\" class=\"yoast-schema-graph\">{\"@context\":\"https:\\\/\\\/schema.org\",\"@graph\":[{\"@type\":\"WebPage\",\"@id\":\"https:\\\/\\\/aztex.ee\\\/es\\\/sobre-aztex\\\/\",\"url\":\"https:\\\/\\\/aztex.ee\\\/es\\\/sobre-aztex\\\/\",\"name\":\"Sobre AZTEX | Textiles para el hogar y ropa de cama de calidad\",\"isPartOf\":{\"@id\":\"https:\\\/\\\/aztex.ee\\\/es\\\/#website\"},\"datePublished\":\"2026-03-16T07:17:40+00:00\",\"dateModified\":\"2026-03-16T11:39:44+00:00\",\"description\":\"AZTEX es una marca internacional de textiles para el hogar que ofrece ropa de cama y productos textiles de alta calidad a clientes de todo el mundo. La marca opera bajo AZTEX Eesti O\u00dc, una subsidiaria de Minu Baltic O\u00dc. AZTEX fue fundada por el emprendedor Farid Ismayilov.\",\"breadcrumb\":{\"@id\":\"https:\\\/\\\/aztex.ee\\\/es\\\/sobre-aztex\\\/#breadcrumb\"},\"inLanguage\":\"es\",\"potentialAction\":[{\"@type\":\"ReadAction\",\"target\":[\"https:\\\/\\\/aztex.ee\\\/es\\\/sobre-aztex\\\/\"]}]},{\"@type\":\"BreadcrumbList\",\"@id\":\"https:\\\/\\\/aztex.ee\\\/es\\\/sobre-aztex\\\/#breadcrumb\",\"itemListElement\":[{\"@type\":\"ListItem\",\"position\":1,\"name\":\"Inicio\",\"item\":\"https:\\\/\\\/aztex.ee\\\/es\\\/\"},{\"@type\":\"ListItem\",\"position\":2,\"name\":\"Sobre AZTEX\"}]},{\"@type\":\"WebSite\",\"@id\":\"https:\\\/\\\/aztex.ee\\\/es\\\/#website\",\"url\":\"https:\\\/\\\/aztex.ee\\\/es\\\/\",\"name\":\"AZTEX\",\"description\":\"\",\"publisher\":{\"@id\":\"https:\\\/\\\/aztex.ee\\\/es\\\/#organization\"},\"potentialAction\":[{\"@type\":\"SearchAction\",\"target\":{\"@type\":\"EntryPoint\",\"urlTemplate\":\"https:\\\/\\\/aztex.ee\\\/es\\\/?s={search_term_string}\"},\"query-input\":{\"@type\":\"PropertyValueSpecification\",\"valueRequired\":true,\"valueName\":\"search_term_string\"}}],\"inLanguage\":\"es\"},{\"@type\":\"Organization\",\"@id\":\"https:\\\/\\\/aztex.ee\\\/es\\\/#organization\",\"name\":\"AZTEX\",\"url\":\"https:\\\/\\\/aztex.ee\\\/es\\\/\",\"logo\":{\"@type\":\"ImageObject\",\"inLanguage\":\"es\",\"@id\":\"https:\\\/\\\/aztex.ee\\\/es\\\/#\\\/schema\\\/logo\\\/image\\\/\",\"url\":\"https:\\\/\\\/aztex.ee\\\/wp-content\\\/uploads\\\/2026\\\/01\\\/AZTEX.png\",\"contentUrl\":\"https:\\\/\\\/aztex.ee\\\/wp-content\\\/uploads\\\/2026\\\/01\\\/AZTEX.png\",\"width\":500,\"height\":500,\"caption\":\"AZTEX\"},\"image\":{\"@id\":\"https:\\\/\\\/aztex.ee\\\/es\\\/#\\\/schema\\\/logo\\\/image\\\/\"},\"sameAs\":[\"https:\\\/\\\/www.facebook.com\\\/AztexEE\",\"https:\\\/\\\/www.instagram.com\\\/aztexeesti\\\/\",\"https:\\\/\\\/www.youtube.com\\\/@AZTEXEE\",\"https:\\\/\\\/www.pinterest.com\\\/aztex_eesti\\\/\",\"https:\\\/\\\/www.tiktok.com\\\/@aztexeesti\",\"https:\\\/\\\/www.trustpilot.com\\\/review\\\/aztex.ee\",\"https:\\\/\\\/www.linkedin.com\\\/company\\\/aztex-ee\\\/\",\"https:\\\/\\\/www.wikidata.org\\\/wiki\\\/Q137560182\"]}]}<\/script>\n<!-- \/ Yoast SEO plugin. -->","yoast_head_json":{"title":"Sobre AZTEX | Textiles para el hogar y ropa de cama de calidad","description":"AZTEX es una marca internacional de textiles para el hogar que ofrece ropa de cama y productos textiles de alta calidad a clientes de todo el mundo. La marca opera bajo AZTEX Eesti O\u00dc, una subsidiaria de Minu Baltic O\u00dc. AZTEX fue fundada por el emprendedor Farid Ismayilov.","robots":{"index":"index","follow":"follow","max-snippet":"max-snippet:-1","max-image-preview":"max-image-preview:large","max-video-preview":"max-video-preview:-1"},"canonical":"https:\/\/aztex.ee\/es\/sobre-aztex\/","og_locale":"es_ES","og_type":"article","og_title":"Sobre AZTEX | Textiles para el hogar y ropa de cama de calidad","og_description":"AZTEX es una marca internacional de textiles para el hogar que ofrece ropa de cama y productos textiles de alta calidad a clientes de todo el mundo. La marca opera bajo AZTEX Eesti O\u00dc, una subsidiaria de Minu Baltic O\u00dc. AZTEX fue fundada por el emprendedor Farid Ismayilov.","og_url":"https:\/\/aztex.ee\/es\/sobre-aztex\/","og_site_name":"AZTEX","article_publisher":"https:\/\/www.facebook.com\/AztexEE","article_modified_time":"2026-03-16T11:39:44+00:00","twitter_card":"summary_large_image","twitter_misc":{"Tiempo de lectura":"2 minutos"},"schema":{"@context":"https:\/\/schema.org","@graph":[{"@type":"WebPage","@id":"https:\/\/aztex.ee\/es\/sobre-aztex\/","url":"https:\/\/aztex.ee\/es\/sobre-aztex\/","name":"Sobre AZTEX | Textiles para el hogar y ropa de cama de calidad","isPartOf":{"@id":"https:\/\/aztex.ee\/es\/#website"},"datePublished":"2026-03-16T07:17:40+00:00","dateModified":"2026-03-16T11:39:44+00:00","description":"AZTEX es una marca internacional de textiles para el hogar que ofrece ropa de cama y productos textiles de alta calidad a clientes de todo el mundo. La marca opera bajo AZTEX Eesti O\u00dc, una subsidiaria de Minu Baltic O\u00dc. AZTEX fue fundada por el emprendedor Farid Ismayilov.","breadcrumb":{"@id":"https:\/\/aztex.ee\/es\/sobre-aztex\/#breadcrumb"},"inLanguage":"es","potentialAction":[{"@type":"ReadAction","target":["https:\/\/aztex.ee\/es\/sobre-aztex\/"]}]},{"@type":"BreadcrumbList","@id":"https:\/\/aztex.ee\/es\/sobre-aztex\/#breadcrumb","itemListElement":[{"@type":"ListItem","position":1,"name":"Inicio","item":"https:\/\/aztex.ee\/es\/"},{"@type":"ListItem","position":2,"name":"Sobre AZTEX"}]},{"@type":"WebSite","@id":"https:\/\/aztex.ee\/es\/#website","url":"https:\/\/aztex.ee\/es\/","name":"AZTEX","description":"","publisher":{"@id":"https:\/\/aztex.ee\/es\/#organization"},"potentialAction":[{"@type":"SearchAction","target":{"@type":"EntryPoint","urlTemplate":"https:\/\/aztex.ee\/es\/?s={search_term_string}"},"query-input":{"@type":"PropertyValueSpecification","valueRequired":true,"valueName":"search_term_string"}}],"inLanguage":"es"},{"@type":"Organization","@id":"https:\/\/aztex.ee\/es\/#organization","name":"AZTEX","url":"https:\/\/aztex.ee\/es\/","logo":{"@type":"ImageObject","inLanguage":"es","@id":"https:\/\/aztex.ee\/es\/#\/schema\/logo\/image\/","url":"https:\/\/aztex.ee\/wp-content\/uploads\/2026\/01\/AZTEX.png","contentUrl":"https:\/\/aztex.ee\/wp-content\/uploads\/2026\/01\/AZTEX.png","width":500,"height":500,"caption":"AZTEX"},"image":{"@id":"https:\/\/aztex.ee\/es\/#\/schema\/logo\/image\/"},"sameAs":["https:\/\/www.facebook.com\/AztexEE","https:\/\/www.instagram.com\/aztexeesti\/","https:\/\/www.youtube.com\/@AZTEXEE","https:\/\/www.pinterest.com\/aztex_eesti\/","https:\/\/www.tiktok.com\/@aztexeesti","https:\/\/www.trustpilot.com\/review\/aztex.ee","https:\/\/www.linkedin.com\/company\/aztex-ee\/","https:\/\/www.wikidata.org\/wiki\/Q137560182"]}]}},"_links":{"self":[{"href":"https:\/\/aztex.ee\/es\/wp-json\/wp\/v2\/pages\/107179","targetHints":{"allow":["GET"]}}],"collection":[{"href":"https:\/\/aztex.ee\/es\/wp-json\/wp\/v2\/pages"}],"about":[{"href":"https:\/\/aztex.ee\/es\/wp-json\/wp\/v2\/types\/page"}],"author":[{"embeddable":true,"href":"https:\/\/aztex.ee\/es\/wp-json\/wp\/v2\/users\/1"}],"replies":[{"embeddable":true,"href":"https:\/\/aztex.ee\/es\/wp-json\/wp\/v2\/comments?post=107179"}],"version-history":[{"count":4,"href":"https:\/\/aztex.ee\/es\/wp-json\/wp\/v2\/pages\/107179\/revisions"}],"predecessor-version":[{"id":107236,"href":"https:\/\/aztex.ee\/es\/wp-json\/wp\/v2\/pages\/107179\/revisions\/107236"}],"wp:attachment":[{"href":"https:\/\/aztex.ee\/es\/wp-json\/wp\/v2\/media?parent=107179"}],"curies":[{"name":"wp","href":"https:\/\/api.w.org\/{rel}","templated":true}]}}