{"id":99471,"date":"2026-01-17T09:02:15","date_gmt":"2026-01-17T09:02:15","guid":{"rendered":"https:\/\/aztex.ee\/?post_type=product&#038;p=99471"},"modified":"2026-01-17T09:50:04","modified_gmt":"2026-01-17T09:50:04","slug":"hanf-kissenbezug-natuerlicher-farbton","status":"publish","type":"product","link":"https:\/\/aztex.ee\/de\/pood\/hanf-kopfkissenbezuge\/hanf-kissenbezug-natuerlicher-farbton\/","title":{"rendered":"Hanf Kissenbezug | Nat\u00fcrlicher Farbton"},"content":{"rendered":"<p>Ein Kissenbezug aus Hanf verleiht jedem Schlafzimmer dank der Nat\u00fcrlichkeit des Hanfs einen luxuri\u00f6sen und modernen Look. Dieses Material sorgt f\u00fcr Haltbarkeit und Langlebigkeit des Kissenbezugs und ist daher eine gro\u00dfartige Wahl f\u00fcr alle, die einen umweltfreundlichen Lebensstil bevorzugen.<\/p>\n<p>Die Verwendung eines Kissenbezugs aus Hanf f\u00f6rdert einen guten Schlaf und verbessert das allgemeine Wohlbefinden. Die antibakteriellen und allergiefreien Eigenschaften von Hanf machen ihn zu einer idealen Wahl f\u00fcr Allergiker und Asthmatiker, da Hanf Bakterien abweist und den Kissenbezug l\u00e4nger sauber h\u00e4lt.<\/p>\n","protected":false},"excerpt":{"rendered":"<p>Ein Kissenbezug aus Hanf ist eine langlebige, atmungsaktive und hautfreundliche Wahl f\u00fcr einen angenehmen Schlaf.<\/p>\n<ul>\n<li>Farbe: Nat\u00fcrlicher Farbton<\/li>\n<li>Material: 100% Hanf, 180 g\/m2<\/li>\n<\/ul>\n<p><img loading=\"lazy\" decoding=\"async\" class=\"alignnone size-full wp-image-20226\" src=\"https:\/\/aztex.ee\/wp-content\/uploads\/2024\/09\/oekotex100.png\" alt=\"\" width=\"204\" height=\"72\" srcset=\"https:\/\/aztex.ee\/wp-content\/uploads\/2024\/09\/oekotex100.png 204w, https:\/\/aztex.ee\/wp-content\/uploads\/2024\/09\/oekotex100-150x53.png 150w\" sizes=\"auto, (max-width: 204px) 100vw, 204px\" \/><img loading=\"lazy\" decoding=\"async\" class=\"alignnone wp-image-20896\" src=\"https:\/\/aztex.ee\/wp-content\/uploads\/2024\/09\/NATURALHEMP.png\" alt=\"\" width=\"79\" height=\"79\" srcset=\"https:\/\/aztex.ee\/wp-content\/uploads\/2024\/09\/NATURALHEMP.png 300w, https:\/\/aztex.ee\/wp-content\/uploads\/2024\/09\/NATURALHEMP-150x150.png 150w\" sizes=\"auto, (max-width: 79px) 100vw, 79px\" \/><\/p>\n","protected":false},"featured_media":99628,"comment_status":"open","ping_status":"closed","template":"","meta":[],"product_brand":[],"product_cat":[459,1774],"product_tag":[],"class_list":{"0":"post-99471","1":"product","2":"type-product","3":"status-publish","4":"has-post-thumbnail","6":"product_cat-hanf-kopfkissenbezuge","7":"product_cat-kissenbezuge","9":"first","10":"instock","11":"shipping-taxable","12":"purchasable","13":"product-type-variable"},"yoast_head":"<!-- This site is optimized with the Yoast SEO plugin v27.4 - https:\/\/yoast.com\/product\/yoast-seo-wordpress\/ -->\n<title>Hochwertiger Hanf-Kissenbezug - Nat\u00fcrlicher Farbton | AZTEX<\/title>\n<meta name=\"description\" content=\"Hochwertiger Hanf-Kissenbezug aus 100% nat\u00fcrlichem Hanfstoff. Atmungsaktive und langlebige Struktur mit nat\u00fcrlicher Textur und sauberem Finish.\" \/>\n<meta name=\"robots\" content=\"index, follow, max-snippet:-1, max-image-preview:large, max-video-preview:-1\" \/>\n<link rel=\"canonical\" href=\"https:\/\/aztex.ee\/de\/pood\/hanf-kopfkissenbezuge\/hanf-kissenbezug-natuerlicher-farbton\/\" \/>\n<meta property=\"og:locale\" content=\"de_DE\" \/>\n<meta property=\"og:type\" content=\"article\" \/>\n<meta property=\"og:title\" content=\"Hochwertiger Hanf-Kissenbezug - Nat\u00fcrlicher Farbton | AZTEX\" \/>\n<meta property=\"og:description\" content=\"Hochwertiger Hanf-Kissenbezug aus 100% nat\u00fcrlichem Hanfstoff. Atmungsaktive und langlebige Struktur mit nat\u00fcrlicher Textur und sauberem Finish.\" \/>\n<meta property=\"og:url\" content=\"https:\/\/aztex.ee\/de\/pood\/hanf-kopfkissenbezuge\/hanf-kissenbezug-natuerlicher-farbton\/\" \/>\n<meta property=\"og:site_name\" content=\"AZTEX\" \/>\n<meta property=\"article:publisher\" content=\"https:\/\/www.facebook.com\/AztexEE\" \/>\n<meta property=\"article:modified_time\" content=\"2026-01-17T09:50:04+00:00\" \/>\n<meta property=\"og:image\" content=\"https:\/\/aztex.ee\/wp-content\/uploads\/2026\/01\/Kanepist-padjapuur-Naturaalne.jpg\" \/>\n\t<meta property=\"og:image:width\" content=\"800\" \/>\n\t<meta property=\"og:image:height\" content=\"800\" \/>\n\t<meta property=\"og:image:type\" content=\"image\/jpeg\" \/>\n<meta name=\"twitter:card\" content=\"summary_large_image\" \/>\n<meta name=\"twitter:label1\" content=\"Gesch\u00e4tzte Lesezeit\" \/>\n\t<meta name=\"twitter:data1\" content=\"1\u00a0Minute\" \/>\n<script type=\"application\/ld+json\" class=\"yoast-schema-graph\">{\"@context\":\"https:\\\/\\\/schema.org\",\"@graph\":[{\"@type\":[\"WebPage\",\"ItemPage\"],\"@id\":\"https:\\\/\\\/aztex.ee\\\/de\\\/pood\\\/hanf-kopfkissenbezuge\\\/hanf-kissenbezug-natuerlicher-farbton\\\/\",\"url\":\"https:\\\/\\\/aztex.ee\\\/de\\\/pood\\\/hanf-kopfkissenbezuge\\\/hanf-kissenbezug-natuerlicher-farbton\\\/\",\"name\":\"Hochwertiger Hanf-Kissenbezug - Nat\u00fcrlicher Farbton | AZTEX\",\"isPartOf\":{\"@id\":\"https:\\\/\\\/aztex.ee\\\/de\\\/#website\"},\"primaryImageOfPage\":{\"@id\":\"https:\\\/\\\/aztex.ee\\\/de\\\/pood\\\/hanf-kopfkissenbezuge\\\/hanf-kissenbezug-natuerlicher-farbton\\\/#primaryimage\"},\"image\":{\"@id\":\"https:\\\/\\\/aztex.ee\\\/de\\\/pood\\\/hanf-kopfkissenbezuge\\\/hanf-kissenbezug-natuerlicher-farbton\\\/#primaryimage\"},\"thumbnailUrl\":\"https:\\\/\\\/aztex.ee\\\/wp-content\\\/uploads\\\/2026\\\/01\\\/Kanepist-padjapuur-Naturaalne.jpg\",\"datePublished\":\"2026-01-17T09:02:15+00:00\",\"dateModified\":\"2026-01-17T09:50:04+00:00\",\"description\":\"Hochwertiger Hanf-Kissenbezug aus 100% nat\u00fcrlichem Hanfstoff. Atmungsaktive und langlebige Struktur mit nat\u00fcrlicher Textur und sauberem Finish.\",\"breadcrumb\":{\"@id\":\"https:\\\/\\\/aztex.ee\\\/de\\\/pood\\\/hanf-kopfkissenbezuge\\\/hanf-kissenbezug-natuerlicher-farbton\\\/#breadcrumb\"},\"inLanguage\":\"de\",\"potentialAction\":[{\"@type\":\"ReadAction\",\"target\":[\"https:\\\/\\\/aztex.ee\\\/de\\\/pood\\\/hanf-kopfkissenbezuge\\\/hanf-kissenbezug-natuerlicher-farbton\\\/\"]}]},{\"@type\":\"ImageObject\",\"inLanguage\":\"de\",\"@id\":\"https:\\\/\\\/aztex.ee\\\/de\\\/pood\\\/hanf-kopfkissenbezuge\\\/hanf-kissenbezug-natuerlicher-farbton\\\/#primaryimage\",\"url\":\"https:\\\/\\\/aztex.ee\\\/wp-content\\\/uploads\\\/2026\\\/01\\\/Kanepist-padjapuur-Naturaalne.jpg\",\"contentUrl\":\"https:\\\/\\\/aztex.ee\\\/wp-content\\\/uploads\\\/2026\\\/01\\\/Kanepist-padjapuur-Naturaalne.jpg\",\"width\":800,\"height\":800,\"caption\":\"Kanepist padjap\u00fc\u00fcr Naturaalne\"},{\"@type\":\"BreadcrumbList\",\"@id\":\"https:\\\/\\\/aztex.ee\\\/de\\\/pood\\\/hanf-kopfkissenbezuge\\\/hanf-kissenbezug-natuerlicher-farbton\\\/#breadcrumb\",\"itemListElement\":[{\"@type\":\"ListItem\",\"position\":1,\"name\":\"Startseite\",\"item\":\"https:\\\/\\\/aztex.ee\\\/de\\\/\"},{\"@type\":\"ListItem\",\"position\":2,\"name\":\"Shop\",\"item\":\"https:\\\/\\\/aztex.ee\\\/de\\\/shop\\\/\"},{\"@type\":\"ListItem\",\"position\":3,\"name\":\"Hanf Kissenbezug | Nat\u00fcrlicher Farbton\"}]},{\"@type\":\"WebSite\",\"@id\":\"https:\\\/\\\/aztex.ee\\\/de\\\/#website\",\"url\":\"https:\\\/\\\/aztex.ee\\\/de\\\/\",\"name\":\"AZTEX\",\"description\":\"\",\"publisher\":{\"@id\":\"https:\\\/\\\/aztex.ee\\\/de\\\/#organization\"},\"potentialAction\":[{\"@type\":\"SearchAction\",\"target\":{\"@type\":\"EntryPoint\",\"urlTemplate\":\"https:\\\/\\\/aztex.ee\\\/de\\\/?s={search_term_string}\"},\"query-input\":{\"@type\":\"PropertyValueSpecification\",\"valueRequired\":true,\"valueName\":\"search_term_string\"}}],\"inLanguage\":\"de\"},{\"@type\":\"Organization\",\"@id\":\"https:\\\/\\\/aztex.ee\\\/de\\\/#organization\",\"name\":\"AZTEX\",\"url\":\"https:\\\/\\\/aztex.ee\\\/de\\\/\",\"logo\":{\"@type\":\"ImageObject\",\"inLanguage\":\"de\",\"@id\":\"https:\\\/\\\/aztex.ee\\\/de\\\/#\\\/schema\\\/logo\\\/image\\\/\",\"url\":\"https:\\\/\\\/aztex.ee\\\/wp-content\\\/uploads\\\/2026\\\/01\\\/AZTEX.png\",\"contentUrl\":\"https:\\\/\\\/aztex.ee\\\/wp-content\\\/uploads\\\/2026\\\/01\\\/AZTEX.png\",\"width\":500,\"height\":500,\"caption\":\"AZTEX\"},\"image\":{\"@id\":\"https:\\\/\\\/aztex.ee\\\/de\\\/#\\\/schema\\\/logo\\\/image\\\/\"},\"sameAs\":[\"https:\\\/\\\/www.facebook.com\\\/AztexEE\",\"https:\\\/\\\/www.instagram.com\\\/aztexeesti\\\/\",\"https:\\\/\\\/www.youtube.com\\\/@AZTEXEE\",\"https:\\\/\\\/www.pinterest.com\\\/aztex_eesti\\\/\",\"https:\\\/\\\/www.tiktok.com\\\/@aztexeesti\",\"https:\\\/\\\/www.trustpilot.com\\\/review\\\/aztex.ee\",\"https:\\\/\\\/www.linkedin.com\\\/company\\\/aztex-ee\\\/\",\"https:\\\/\\\/www.wikidata.org\\\/wiki\\\/Q137560182\"]}]}<\/script>\n<!-- \/ Yoast SEO plugin. -->","yoast_head_json":{"title":"Hochwertiger Hanf-Kissenbezug - Nat\u00fcrlicher Farbton | AZTEX","description":"Hochwertiger Hanf-Kissenbezug aus 100% nat\u00fcrlichem Hanfstoff. Atmungsaktive und langlebige Struktur mit nat\u00fcrlicher Textur und sauberem Finish.","robots":{"index":"index","follow":"follow","max-snippet":"max-snippet:-1","max-image-preview":"max-image-preview:large","max-video-preview":"max-video-preview:-1"},"canonical":"https:\/\/aztex.ee\/de\/pood\/hanf-kopfkissenbezuge\/hanf-kissenbezug-natuerlicher-farbton\/","og_locale":"de_DE","og_type":"article","og_title":"Hochwertiger Hanf-Kissenbezug - Nat\u00fcrlicher Farbton | AZTEX","og_description":"Hochwertiger Hanf-Kissenbezug aus 100% nat\u00fcrlichem Hanfstoff. Atmungsaktive und langlebige Struktur mit nat\u00fcrlicher Textur und sauberem Finish.","og_url":"https:\/\/aztex.ee\/de\/pood\/hanf-kopfkissenbezuge\/hanf-kissenbezug-natuerlicher-farbton\/","og_site_name":"AZTEX","article_publisher":"https:\/\/www.facebook.com\/AztexEE","article_modified_time":"2026-01-17T09:50:04+00:00","og_image":[{"width":800,"height":800,"url":"https:\/\/aztex.ee\/wp-content\/uploads\/2026\/01\/Kanepist-padjapuur-Naturaalne.jpg","type":"image\/jpeg"}],"twitter_card":"summary_large_image","twitter_misc":{"Gesch\u00e4tzte Lesezeit":"1\u00a0Minute"},"schema":{"@context":"https:\/\/schema.org","@graph":[{"@type":["WebPage","ItemPage"],"@id":"https:\/\/aztex.ee\/de\/pood\/hanf-kopfkissenbezuge\/hanf-kissenbezug-natuerlicher-farbton\/","url":"https:\/\/aztex.ee\/de\/pood\/hanf-kopfkissenbezuge\/hanf-kissenbezug-natuerlicher-farbton\/","name":"Hochwertiger Hanf-Kissenbezug - Nat\u00fcrlicher Farbton | AZTEX","isPartOf":{"@id":"https:\/\/aztex.ee\/de\/#website"},"primaryImageOfPage":{"@id":"https:\/\/aztex.ee\/de\/pood\/hanf-kopfkissenbezuge\/hanf-kissenbezug-natuerlicher-farbton\/#primaryimage"},"image":{"@id":"https:\/\/aztex.ee\/de\/pood\/hanf-kopfkissenbezuge\/hanf-kissenbezug-natuerlicher-farbton\/#primaryimage"},"thumbnailUrl":"https:\/\/aztex.ee\/wp-content\/uploads\/2026\/01\/Kanepist-padjapuur-Naturaalne.jpg","datePublished":"2026-01-17T09:02:15+00:00","dateModified":"2026-01-17T09:50:04+00:00","description":"Hochwertiger Hanf-Kissenbezug aus 100% nat\u00fcrlichem Hanfstoff. Atmungsaktive und langlebige Struktur mit nat\u00fcrlicher Textur und sauberem Finish.","breadcrumb":{"@id":"https:\/\/aztex.ee\/de\/pood\/hanf-kopfkissenbezuge\/hanf-kissenbezug-natuerlicher-farbton\/#breadcrumb"},"inLanguage":"de","potentialAction":[{"@type":"ReadAction","target":["https:\/\/aztex.ee\/de\/pood\/hanf-kopfkissenbezuge\/hanf-kissenbezug-natuerlicher-farbton\/"]}]},{"@type":"ImageObject","inLanguage":"de","@id":"https:\/\/aztex.ee\/de\/pood\/hanf-kopfkissenbezuge\/hanf-kissenbezug-natuerlicher-farbton\/#primaryimage","url":"https:\/\/aztex.ee\/wp-content\/uploads\/2026\/01\/Kanepist-padjapuur-Naturaalne.jpg","contentUrl":"https:\/\/aztex.ee\/wp-content\/uploads\/2026\/01\/Kanepist-padjapuur-Naturaalne.jpg","width":800,"height":800,"caption":"Kanepist padjap\u00fc\u00fcr Naturaalne"},{"@type":"BreadcrumbList","@id":"https:\/\/aztex.ee\/de\/pood\/hanf-kopfkissenbezuge\/hanf-kissenbezug-natuerlicher-farbton\/#breadcrumb","itemListElement":[{"@type":"ListItem","position":1,"name":"Startseite","item":"https:\/\/aztex.ee\/de\/"},{"@type":"ListItem","position":2,"name":"Shop","item":"https:\/\/aztex.ee\/de\/shop\/"},{"@type":"ListItem","position":3,"name":"Hanf Kissenbezug | Nat\u00fcrlicher Farbton"}]},{"@type":"WebSite","@id":"https:\/\/aztex.ee\/de\/#website","url":"https:\/\/aztex.ee\/de\/","name":"AZTEX","description":"","publisher":{"@id":"https:\/\/aztex.ee\/de\/#organization"},"potentialAction":[{"@type":"SearchAction","target":{"@type":"EntryPoint","urlTemplate":"https:\/\/aztex.ee\/de\/?s={search_term_string}"},"query-input":{"@type":"PropertyValueSpecification","valueRequired":true,"valueName":"search_term_string"}}],"inLanguage":"de"},{"@type":"Organization","@id":"https:\/\/aztex.ee\/de\/#organization","name":"AZTEX","url":"https:\/\/aztex.ee\/de\/","logo":{"@type":"ImageObject","inLanguage":"de","@id":"https:\/\/aztex.ee\/de\/#\/schema\/logo\/image\/","url":"https:\/\/aztex.ee\/wp-content\/uploads\/2026\/01\/AZTEX.png","contentUrl":"https:\/\/aztex.ee\/wp-content\/uploads\/2026\/01\/AZTEX.png","width":500,"height":500,"caption":"AZTEX"},"image":{"@id":"https:\/\/aztex.ee\/de\/#\/schema\/logo\/image\/"},"sameAs":["https:\/\/www.facebook.com\/AztexEE","https:\/\/www.instagram.com\/aztexeesti\/","https:\/\/www.youtube.com\/@AZTEXEE","https:\/\/www.pinterest.com\/aztex_eesti\/","https:\/\/www.tiktok.com\/@aztexeesti","https:\/\/www.trustpilot.com\/review\/aztex.ee","https:\/\/www.linkedin.com\/company\/aztex-ee\/","https:\/\/www.wikidata.org\/wiki\/Q137560182"]}]}},"_links":{"self":[{"href":"https:\/\/aztex.ee\/de\/wp-json\/wp\/v2\/product\/99471","targetHints":{"allow":["GET"]}}],"collection":[{"href":"https:\/\/aztex.ee\/de\/wp-json\/wp\/v2\/product"}],"about":[{"href":"https:\/\/aztex.ee\/de\/wp-json\/wp\/v2\/types\/product"}],"replies":[{"embeddable":true,"href":"https:\/\/aztex.ee\/de\/wp-json\/wp\/v2\/comments?post=99471"}],"version-history":[{"count":2,"href":"https:\/\/aztex.ee\/de\/wp-json\/wp\/v2\/product\/99471\/revisions"}],"predecessor-version":[{"id":99706,"href":"https:\/\/aztex.ee\/de\/wp-json\/wp\/v2\/product\/99471\/revisions\/99706"}],"wp:featuredmedia":[{"embeddable":true,"href":"https:\/\/aztex.ee\/de\/wp-json\/wp\/v2\/media\/99628"}],"wp:attachment":[{"href":"https:\/\/aztex.ee\/de\/wp-json\/wp\/v2\/media?parent=99471"}],"wp:term":[{"taxonomy":"product_brand","embeddable":true,"href":"https:\/\/aztex.ee\/de\/wp-json\/wp\/v2\/product_brand?post=99471"},{"taxonomy":"product_cat","embeddable":true,"href":"https:\/\/aztex.ee\/de\/wp-json\/wp\/v2\/product_cat?post=99471"},{"taxonomy":"product_tag","embeddable":true,"href":"https:\/\/aztex.ee\/de\/wp-json\/wp\/v2\/product_tag?post=99471"}],"curies":[{"name":"wp","href":"https:\/\/api.w.org\/{rel}","templated":true}]}}