{"id":98684,"date":"2026-01-13T08:40:10","date_gmt":"2026-01-13T08:40:10","guid":{"rendered":"https:\/\/aztex.ee\/?post_type=product&#038;p=98684"},"modified":"2026-01-13T09:05:44","modified_gmt":"2026-01-13T09:05:44","slug":"hanf-bettwaesche-sets-weiss","status":"publish","type":"product","link":"https:\/\/aztex.ee\/de\/pood\/bettwaesche\/hanf-bettwaesche-sets-weiss\/","title":{"rendered":"Hanf Bettw\u00e4sche-Sets | Wei\u00df"},"content":{"rendered":"<p>Hanf bettw\u00e4sche ist eine umweltfreundliche und langlebige Wahl. Es wird aus den Naturfasern der Hanfpflanze hergestellt, die verschiedene Vorteile haben. Hanffasern sind sehr stark und langlebig, sodass Bettbez\u00fcge aus Hanf l\u00e4nger halten als die meisten anderen Stoffe und mit jeder W\u00e4sche weicher und bequemer werden.<\/p>\n<p>Hanf hat nat\u00fcrliche antibakterielle Eigenschaften, die die Bettw\u00e4sche hygienisch machen und dazu beitragen, die Menge an Bakterien und Allergenen in Ihrer Bettw\u00e4sche zu reduzieren. Diese Bettw\u00e4sche ist perfekt bei Allergien oder Hautkrankheiten und sorgt f\u00fcr einen hygienischeren Schlaf. Da Hanf als hypoallergenes Material gilt, l\u00f6st Hanfbettw\u00e4sche im Allgemeinen keine allergischen Reaktionen aus.<\/p>\n<p>-Hanf-Bettw\u00e4sche-Set ist pflegeleicht, Hanf ist maschinenwaschbar und trocknet schnell.<br \/>\n&#8211; Am besten waschen Sie Hanfbettw\u00e4sche in warmem Wasser, damit die Bettw\u00e4sche l\u00e4nger frisch und sch\u00f6n bleibt. Die Wassertemperatur sollte 30\u201340 \u00b0C betragen.<br \/>\n-Es wird empfohlen, bei niedriger Geschwindigkeit zu trocknen, um ein Rei\u00dfen des Stoffes zu verhindern.<br \/>\n-Das nat\u00fcrliche Aussehen von Hanf ist leicht faltig. Wenn Sie jedoch m\u00f6chten, dass die Laken glatt sind, k\u00f6nnen Sie sie bei schwacher Hitze b\u00fcgeln.<\/p>\n<p>Hanf-Bettw\u00e4sche-Sets sind in einer Tasche aus dem gleichen Stoff verpackt.<\/p>\n","protected":false},"excerpt":{"rendered":"<p>Das Bettw\u00e4scheset aus 100% Hanf ist hypoallergen und antibakteriell.<\/p>\n<ul>\n<li>Farbe: Wei\u00df<\/li>\n<li>Material: 100% Hanf, 180 g\/m2<\/li>\n<li>Bettbezug: 200\u00d7220 cm<\/li>\n<li>Kissenbezug: 50\u00d770 cm (2 St\u00fcck)<\/li>\n<\/ul>\n<p><img loading=\"lazy\" decoding=\"async\" class=\"alignnone size-full wp-image-20226\" src=\"https:\/\/aztex.ee\/wp-content\/uploads\/2024\/09\/oekotex100.png\" alt=\"\" width=\"204\" height=\"72\" srcset=\"https:\/\/aztex.ee\/wp-content\/uploads\/2024\/09\/oekotex100.png 204w, https:\/\/aztex.ee\/wp-content\/uploads\/2024\/09\/oekotex100-150x53.png 150w\" sizes=\"auto, (max-width: 204px) 100vw, 204px\" \/><img loading=\"lazy\" decoding=\"async\" class=\"alignnone wp-image-20896\" src=\"https:\/\/aztex.ee\/wp-content\/uploads\/2024\/09\/NATURALHEMP.png\" alt=\"\" width=\"79\" height=\"79\" srcset=\"https:\/\/aztex.ee\/wp-content\/uploads\/2024\/09\/NATURALHEMP.png 300w, https:\/\/aztex.ee\/wp-content\/uploads\/2024\/09\/NATURALHEMP-150x150.png 150w\" sizes=\"auto, (max-width: 79px) 100vw, 79px\" \/><\/p>\n","protected":false},"featured_media":98706,"comment_status":"open","ping_status":"closed","template":"","meta":[],"product_brand":[],"product_cat":[108,509,422,154],"product_tag":[],"class_list":{"0":"post-98684","1":"product","2":"type-product","3":"status-publish","4":"has-post-thumbnail","6":"product_cat-bettwaesche","7":"product_cat-bettwasche-sets","8":"product_cat-hanf-bettwasche-sets","9":"product_cat-hanf-bettwasche","11":"first","12":"instock","13":"sale","14":"shipping-taxable","15":"purchasable","16":"product-type-simple"},"yoast_head":"<!-- This site is optimized with the Yoast SEO plugin v27.4 - https:\/\/yoast.com\/product\/yoast-seo-wordpress\/ -->\n<title>Nat\u00fcrliches Hanf Bettw\u00e4sche Set - Wei\u00df | AZTEX<\/title>\n<meta name=\"description\" content=\"Das wei\u00dfe Hanf-Bettw\u00e4sche set besteht aus nat\u00fcrlichem und atmungsaktivem Material. Der strapazierf\u00e4hige und antibakterielle Stoff sorgt f\u00fcr lange Haltbarkeit und ein frisches Gef\u00fchl.\" \/>\n<meta name=\"robots\" content=\"index, follow, max-snippet:-1, max-image-preview:large, max-video-preview:-1\" \/>\n<link rel=\"canonical\" href=\"https:\/\/aztex.ee\/de\/pood\/bettwaesche\/hanf-bettwaesche-sets-weiss\/\" \/>\n<meta property=\"og:locale\" content=\"de_DE\" \/>\n<meta property=\"og:type\" content=\"article\" \/>\n<meta property=\"og:title\" content=\"Nat\u00fcrliches Hanf Bettw\u00e4sche Set - Wei\u00df | AZTEX\" \/>\n<meta property=\"og:description\" content=\"Das wei\u00dfe Hanf-Bettw\u00e4sche set besteht aus nat\u00fcrlichem und atmungsaktivem Material. Der strapazierf\u00e4hige und antibakterielle Stoff sorgt f\u00fcr lange Haltbarkeit und ein frisches Gef\u00fchl.\" \/>\n<meta property=\"og:url\" content=\"https:\/\/aztex.ee\/de\/pood\/bettwaesche\/hanf-bettwaesche-sets-weiss\/\" \/>\n<meta property=\"og:site_name\" content=\"AZTEX\" \/>\n<meta property=\"article:publisher\" content=\"https:\/\/www.facebook.com\/AztexEE\" \/>\n<meta property=\"article:modified_time\" content=\"2026-01-13T09:05:44+00:00\" \/>\n<meta property=\"og:image\" content=\"https:\/\/aztex.ee\/wp-content\/uploads\/2026\/01\/Kanepist-voodipesukomplekt-Valge.jpg\" \/>\n\t<meta property=\"og:image:width\" content=\"800\" \/>\n\t<meta property=\"og:image:height\" content=\"800\" \/>\n\t<meta property=\"og:image:type\" content=\"image\/jpeg\" \/>\n<meta name=\"twitter:card\" content=\"summary_large_image\" \/>\n<meta name=\"twitter:label1\" content=\"Gesch\u00e4tzte Lesezeit\" \/>\n\t<meta name=\"twitter:data1\" content=\"2\u00a0Minuten\" \/>\n<script type=\"application\/ld+json\" class=\"yoast-schema-graph\">{\"@context\":\"https:\\\/\\\/schema.org\",\"@graph\":[{\"@type\":[\"WebPage\",\"ItemPage\"],\"@id\":\"https:\\\/\\\/aztex.ee\\\/de\\\/pood\\\/bettwaesche\\\/hanf-bettwaesche-sets-weiss\\\/\",\"url\":\"https:\\\/\\\/aztex.ee\\\/de\\\/pood\\\/bettwaesche\\\/hanf-bettwaesche-sets-weiss\\\/\",\"name\":\"Nat\u00fcrliches Hanf Bettw\u00e4sche Set - Wei\u00df | AZTEX\",\"isPartOf\":{\"@id\":\"https:\\\/\\\/aztex.ee\\\/de\\\/#website\"},\"primaryImageOfPage\":{\"@id\":\"https:\\\/\\\/aztex.ee\\\/de\\\/pood\\\/bettwaesche\\\/hanf-bettwaesche-sets-weiss\\\/#primaryimage\"},\"image\":{\"@id\":\"https:\\\/\\\/aztex.ee\\\/de\\\/pood\\\/bettwaesche\\\/hanf-bettwaesche-sets-weiss\\\/#primaryimage\"},\"thumbnailUrl\":\"https:\\\/\\\/aztex.ee\\\/wp-content\\\/uploads\\\/2026\\\/01\\\/Kanepist-voodipesukomplekt-Valge.jpg\",\"datePublished\":\"2026-01-13T08:40:10+00:00\",\"dateModified\":\"2026-01-13T09:05:44+00:00\",\"description\":\"Das wei\u00dfe Hanf-Bettw\u00e4sche set besteht aus nat\u00fcrlichem und atmungsaktivem Material. Der strapazierf\u00e4hige und antibakterielle Stoff sorgt f\u00fcr lange Haltbarkeit und ein frisches Gef\u00fchl.\",\"breadcrumb\":{\"@id\":\"https:\\\/\\\/aztex.ee\\\/de\\\/pood\\\/bettwaesche\\\/hanf-bettwaesche-sets-weiss\\\/#breadcrumb\"},\"inLanguage\":\"de\",\"potentialAction\":[{\"@type\":\"ReadAction\",\"target\":[\"https:\\\/\\\/aztex.ee\\\/de\\\/pood\\\/bettwaesche\\\/hanf-bettwaesche-sets-weiss\\\/\"]}]},{\"@type\":\"ImageObject\",\"inLanguage\":\"de\",\"@id\":\"https:\\\/\\\/aztex.ee\\\/de\\\/pood\\\/bettwaesche\\\/hanf-bettwaesche-sets-weiss\\\/#primaryimage\",\"url\":\"https:\\\/\\\/aztex.ee\\\/wp-content\\\/uploads\\\/2026\\\/01\\\/Kanepist-voodipesukomplekt-Valge.jpg\",\"contentUrl\":\"https:\\\/\\\/aztex.ee\\\/wp-content\\\/uploads\\\/2026\\\/01\\\/Kanepist-voodipesukomplekt-Valge.jpg\",\"width\":800,\"height\":800,\"caption\":\"Kanepist voodipesukomplekt Valge\"},{\"@type\":\"BreadcrumbList\",\"@id\":\"https:\\\/\\\/aztex.ee\\\/de\\\/pood\\\/bettwaesche\\\/hanf-bettwaesche-sets-weiss\\\/#breadcrumb\",\"itemListElement\":[{\"@type\":\"ListItem\",\"position\":1,\"name\":\"Startseite\",\"item\":\"https:\\\/\\\/aztex.ee\\\/de\\\/\"},{\"@type\":\"ListItem\",\"position\":2,\"name\":\"Shop\",\"item\":\"https:\\\/\\\/aztex.ee\\\/de\\\/shop\\\/\"},{\"@type\":\"ListItem\",\"position\":3,\"name\":\"Hanf Bettw\u00e4sche-Sets | Wei\u00df\"}]},{\"@type\":\"WebSite\",\"@id\":\"https:\\\/\\\/aztex.ee\\\/de\\\/#website\",\"url\":\"https:\\\/\\\/aztex.ee\\\/de\\\/\",\"name\":\"AZTEX\",\"description\":\"\",\"publisher\":{\"@id\":\"https:\\\/\\\/aztex.ee\\\/de\\\/#organization\"},\"potentialAction\":[{\"@type\":\"SearchAction\",\"target\":{\"@type\":\"EntryPoint\",\"urlTemplate\":\"https:\\\/\\\/aztex.ee\\\/de\\\/?s={search_term_string}\"},\"query-input\":{\"@type\":\"PropertyValueSpecification\",\"valueRequired\":true,\"valueName\":\"search_term_string\"}}],\"inLanguage\":\"de\"},{\"@type\":\"Organization\",\"@id\":\"https:\\\/\\\/aztex.ee\\\/de\\\/#organization\",\"name\":\"AZTEX\",\"url\":\"https:\\\/\\\/aztex.ee\\\/de\\\/\",\"logo\":{\"@type\":\"ImageObject\",\"inLanguage\":\"de\",\"@id\":\"https:\\\/\\\/aztex.ee\\\/de\\\/#\\\/schema\\\/logo\\\/image\\\/\",\"url\":\"https:\\\/\\\/aztex.ee\\\/wp-content\\\/uploads\\\/2026\\\/01\\\/AZTEX.png\",\"contentUrl\":\"https:\\\/\\\/aztex.ee\\\/wp-content\\\/uploads\\\/2026\\\/01\\\/AZTEX.png\",\"width\":500,\"height\":500,\"caption\":\"AZTEX\"},\"image\":{\"@id\":\"https:\\\/\\\/aztex.ee\\\/de\\\/#\\\/schema\\\/logo\\\/image\\\/\"},\"sameAs\":[\"https:\\\/\\\/www.facebook.com\\\/AztexEE\",\"https:\\\/\\\/www.instagram.com\\\/aztexeesti\\\/\",\"https:\\\/\\\/www.youtube.com\\\/@AZTEXEE\",\"https:\\\/\\\/www.pinterest.com\\\/aztex_eesti\\\/\",\"https:\\\/\\\/www.tiktok.com\\\/@aztexeesti\",\"https:\\\/\\\/www.trustpilot.com\\\/review\\\/aztex.ee\",\"https:\\\/\\\/www.linkedin.com\\\/company\\\/aztex-ee\\\/\",\"https:\\\/\\\/www.wikidata.org\\\/wiki\\\/Q137560182\"]}]}<\/script>\n<!-- \/ Yoast SEO plugin. -->","yoast_head_json":{"title":"Nat\u00fcrliches Hanf Bettw\u00e4sche Set - Wei\u00df | AZTEX","description":"Das wei\u00dfe Hanf-Bettw\u00e4sche set besteht aus nat\u00fcrlichem und atmungsaktivem Material. Der strapazierf\u00e4hige und antibakterielle Stoff sorgt f\u00fcr lange Haltbarkeit und ein frisches Gef\u00fchl.","robots":{"index":"index","follow":"follow","max-snippet":"max-snippet:-1","max-image-preview":"max-image-preview:large","max-video-preview":"max-video-preview:-1"},"canonical":"https:\/\/aztex.ee\/de\/pood\/bettwaesche\/hanf-bettwaesche-sets-weiss\/","og_locale":"de_DE","og_type":"article","og_title":"Nat\u00fcrliches Hanf Bettw\u00e4sche Set - Wei\u00df | AZTEX","og_description":"Das wei\u00dfe Hanf-Bettw\u00e4sche set besteht aus nat\u00fcrlichem und atmungsaktivem Material. Der strapazierf\u00e4hige und antibakterielle Stoff sorgt f\u00fcr lange Haltbarkeit und ein frisches Gef\u00fchl.","og_url":"https:\/\/aztex.ee\/de\/pood\/bettwaesche\/hanf-bettwaesche-sets-weiss\/","og_site_name":"AZTEX","article_publisher":"https:\/\/www.facebook.com\/AztexEE","article_modified_time":"2026-01-13T09:05:44+00:00","og_image":[{"width":800,"height":800,"url":"https:\/\/aztex.ee\/wp-content\/uploads\/2026\/01\/Kanepist-voodipesukomplekt-Valge.jpg","type":"image\/jpeg"}],"twitter_card":"summary_large_image","twitter_misc":{"Gesch\u00e4tzte Lesezeit":"2\u00a0Minuten"},"schema":{"@context":"https:\/\/schema.org","@graph":[{"@type":["WebPage","ItemPage"],"@id":"https:\/\/aztex.ee\/de\/pood\/bettwaesche\/hanf-bettwaesche-sets-weiss\/","url":"https:\/\/aztex.ee\/de\/pood\/bettwaesche\/hanf-bettwaesche-sets-weiss\/","name":"Nat\u00fcrliches Hanf Bettw\u00e4sche Set - Wei\u00df | AZTEX","isPartOf":{"@id":"https:\/\/aztex.ee\/de\/#website"},"primaryImageOfPage":{"@id":"https:\/\/aztex.ee\/de\/pood\/bettwaesche\/hanf-bettwaesche-sets-weiss\/#primaryimage"},"image":{"@id":"https:\/\/aztex.ee\/de\/pood\/bettwaesche\/hanf-bettwaesche-sets-weiss\/#primaryimage"},"thumbnailUrl":"https:\/\/aztex.ee\/wp-content\/uploads\/2026\/01\/Kanepist-voodipesukomplekt-Valge.jpg","datePublished":"2026-01-13T08:40:10+00:00","dateModified":"2026-01-13T09:05:44+00:00","description":"Das wei\u00dfe Hanf-Bettw\u00e4sche set besteht aus nat\u00fcrlichem und atmungsaktivem Material. Der strapazierf\u00e4hige und antibakterielle Stoff sorgt f\u00fcr lange Haltbarkeit und ein frisches Gef\u00fchl.","breadcrumb":{"@id":"https:\/\/aztex.ee\/de\/pood\/bettwaesche\/hanf-bettwaesche-sets-weiss\/#breadcrumb"},"inLanguage":"de","potentialAction":[{"@type":"ReadAction","target":["https:\/\/aztex.ee\/de\/pood\/bettwaesche\/hanf-bettwaesche-sets-weiss\/"]}]},{"@type":"ImageObject","inLanguage":"de","@id":"https:\/\/aztex.ee\/de\/pood\/bettwaesche\/hanf-bettwaesche-sets-weiss\/#primaryimage","url":"https:\/\/aztex.ee\/wp-content\/uploads\/2026\/01\/Kanepist-voodipesukomplekt-Valge.jpg","contentUrl":"https:\/\/aztex.ee\/wp-content\/uploads\/2026\/01\/Kanepist-voodipesukomplekt-Valge.jpg","width":800,"height":800,"caption":"Kanepist voodipesukomplekt Valge"},{"@type":"BreadcrumbList","@id":"https:\/\/aztex.ee\/de\/pood\/bettwaesche\/hanf-bettwaesche-sets-weiss\/#breadcrumb","itemListElement":[{"@type":"ListItem","position":1,"name":"Startseite","item":"https:\/\/aztex.ee\/de\/"},{"@type":"ListItem","position":2,"name":"Shop","item":"https:\/\/aztex.ee\/de\/shop\/"},{"@type":"ListItem","position":3,"name":"Hanf Bettw\u00e4sche-Sets | Wei\u00df"}]},{"@type":"WebSite","@id":"https:\/\/aztex.ee\/de\/#website","url":"https:\/\/aztex.ee\/de\/","name":"AZTEX","description":"","publisher":{"@id":"https:\/\/aztex.ee\/de\/#organization"},"potentialAction":[{"@type":"SearchAction","target":{"@type":"EntryPoint","urlTemplate":"https:\/\/aztex.ee\/de\/?s={search_term_string}"},"query-input":{"@type":"PropertyValueSpecification","valueRequired":true,"valueName":"search_term_string"}}],"inLanguage":"de"},{"@type":"Organization","@id":"https:\/\/aztex.ee\/de\/#organization","name":"AZTEX","url":"https:\/\/aztex.ee\/de\/","logo":{"@type":"ImageObject","inLanguage":"de","@id":"https:\/\/aztex.ee\/de\/#\/schema\/logo\/image\/","url":"https:\/\/aztex.ee\/wp-content\/uploads\/2026\/01\/AZTEX.png","contentUrl":"https:\/\/aztex.ee\/wp-content\/uploads\/2026\/01\/AZTEX.png","width":500,"height":500,"caption":"AZTEX"},"image":{"@id":"https:\/\/aztex.ee\/de\/#\/schema\/logo\/image\/"},"sameAs":["https:\/\/www.facebook.com\/AztexEE","https:\/\/www.instagram.com\/aztexeesti\/","https:\/\/www.youtube.com\/@AZTEXEE","https:\/\/www.pinterest.com\/aztex_eesti\/","https:\/\/www.tiktok.com\/@aztexeesti","https:\/\/www.trustpilot.com\/review\/aztex.ee","https:\/\/www.linkedin.com\/company\/aztex-ee\/","https:\/\/www.wikidata.org\/wiki\/Q137560182"]}]}},"_links":{"self":[{"href":"https:\/\/aztex.ee\/de\/wp-json\/wp\/v2\/product\/98684","targetHints":{"allow":["GET"]}}],"collection":[{"href":"https:\/\/aztex.ee\/de\/wp-json\/wp\/v2\/product"}],"about":[{"href":"https:\/\/aztex.ee\/de\/wp-json\/wp\/v2\/types\/product"}],"replies":[{"embeddable":true,"href":"https:\/\/aztex.ee\/de\/wp-json\/wp\/v2\/comments?post=98684"}],"version-history":[{"count":2,"href":"https:\/\/aztex.ee\/de\/wp-json\/wp\/v2\/product\/98684\/revisions"}],"predecessor-version":[{"id":98801,"href":"https:\/\/aztex.ee\/de\/wp-json\/wp\/v2\/product\/98684\/revisions\/98801"}],"wp:featuredmedia":[{"embeddable":true,"href":"https:\/\/aztex.ee\/de\/wp-json\/wp\/v2\/media\/98706"}],"wp:attachment":[{"href":"https:\/\/aztex.ee\/de\/wp-json\/wp\/v2\/media?parent=98684"}],"wp:term":[{"taxonomy":"product_brand","embeddable":true,"href":"https:\/\/aztex.ee\/de\/wp-json\/wp\/v2\/product_brand?post=98684"},{"taxonomy":"product_cat","embeddable":true,"href":"https:\/\/aztex.ee\/de\/wp-json\/wp\/v2\/product_cat?post=98684"},{"taxonomy":"product_tag","embeddable":true,"href":"https:\/\/aztex.ee\/de\/wp-json\/wp\/v2\/product_tag?post=98684"}],"curies":[{"name":"wp","href":"https:\/\/api.w.org\/{rel}","templated":true}]}}