{"id":95930,"date":"2025-11-02T11:59:43","date_gmt":"2025-11-02T11:59:43","guid":{"rendered":"https:\/\/aztex.ee\/?post_type=product&#038;p=95930"},"modified":"2026-02-03T22:34:10","modified_gmt":"2026-02-03T22:34:10","slug":"bambus-kopfkissenbezug-blau","status":"publish","type":"product","link":"https:\/\/aztex.ee\/de\/pood\/bambus-kissenbezuge\/bambus-kopfkissenbezug-blau\/","title":{"rendered":"Bambus Kopfkissenbezug \u2013 Blau"},"content":{"rendered":"<p>Der Bambus Kissenbezug ist atmungsaktiv und hautfreundlich und sorgt f\u00fcr einen angenehmen und erholsamen Schlaf. Die nat\u00fcrlichen Eigenschaften der Bambusfasern regulieren die Temperatur und absorbieren Feuchtigkeit, wodurch der Kissenbezug trocken und sauber bleibt. Dar\u00fcber hinaus ist er antibakteriell und hypoallergen und somit ideal f\u00fcr empfindliche Haut.<\/p>\n<p>Der glatte und zarte Stoff f\u00fchlt sich angenehm an und ist pflegeleicht \u2013 maschinenwaschbar und langlebig. Die weiche Textur beh\u00e4lt auch nach mehrmaligem Waschen ihre Qualit\u00e4t und sorgt jede Nacht f\u00fcr eine angenehme Ruhe.<\/p>\n<p>Der Bambus Kissenbezug ist perfekt f\u00fcr jedes Schlafzimmer und bietet sowohl Funktionalit\u00e4t als auch eine elegante Optik. Seine neutralen und nat\u00fcrlichen Farbt\u00f6ne schaffen eine ruhige und gem\u00fctliche Atmosph\u00e4re und passen perfekt zu verschiedenen Bettw\u00e4sche-Sets. Genie\u00dfen Sie jede Nacht ein weiches und frisches Gef\u00fchl f\u00fcr erholsamen Schlaf.<\/p>\n","protected":false},"excerpt":{"rendered":"<p>Der Kissenbezug aus Bambus ist nat\u00fcrlich, weich und atmungsaktiv und sorgt f\u00fcr einen erholsamen Schlaf.<\/p>\n<ul>\n<li>Farbe: Blau<\/li>\n<li>Material: 100% Bambus<\/li>\n<li>Fadenzahl: 300 TC<\/li>\n<\/ul>\n<p><img loading=\"lazy\" decoding=\"async\" class=\"alignnone wp-image-20226\" src=\"https:\/\/aztex.ee\/wp-content\/uploads\/2024\/09\/oekotex100.png\" alt=\"\" width=\"196\" height=\"69\" srcset=\"https:\/\/aztex.ee\/wp-content\/uploads\/2024\/09\/oekotex100.png 204w, https:\/\/aztex.ee\/wp-content\/uploads\/2024\/09\/oekotex100-150x53.png 150w\" sizes=\"auto, (max-width: 196px) 100vw, 196px\" \/><img loading=\"lazy\" decoding=\"async\" class=\"alignnone wp-image-20260\" src=\"https:\/\/aztex.ee\/wp-content\/uploads\/2024\/09\/bambuuss.png\" alt=\"\" width=\"75\" height=\"75\" srcset=\"https:\/\/aztex.ee\/wp-content\/uploads\/2024\/09\/bambuuss.png 204w, https:\/\/aztex.ee\/wp-content\/uploads\/2024\/09\/bambuuss-150x150.png 150w\" sizes=\"auto, (max-width: 75px) 100vw, 75px\" \/><\/p>\n","protected":false},"featured_media":96020,"comment_status":"open","ping_status":"closed","template":"","meta":[],"product_brand":[],"product_cat":[530,1774],"product_tag":[],"class_list":{"0":"post-95930","1":"product","2":"type-product","3":"status-publish","4":"has-post-thumbnail","6":"product_cat-bambus-kissenbezuge","7":"product_cat-kissenbezuge","9":"first","10":"instock","11":"shipping-taxable","12":"purchasable","13":"product-type-variable"},"yoast_head":"<!-- This site is optimized with the Yoast SEO plugin v27.6 - https:\/\/yoast.com\/product\/yoast-seo-wordpress\/ -->\n<title>Kissenbezug aus nat\u00fcrlichem Bambus - Blau | AZTEX<\/title>\n<meta name=\"description\" content=\"Der Kissenbezug aus Bambusfaser ist glatt, strapazierf\u00e4hig und atmungsaktiv. Das nat\u00fcrliche Material sorgt f\u00fcr Luftzirkulation und h\u00e4lt das Kissen trocken und frisch \u2013 f\u00fcr einen erholsamen Schlaf.\" \/>\n<meta name=\"robots\" content=\"index, follow, max-snippet:-1, max-image-preview:large, max-video-preview:-1\" \/>\n<link rel=\"canonical\" href=\"https:\/\/aztex.ee\/de\/pood\/bambus-kissenbezuge\/bambus-kopfkissenbezug-blau\/\" \/>\n<meta property=\"og:locale\" content=\"de_DE\" \/>\n<meta property=\"og:type\" content=\"article\" \/>\n<meta property=\"og:title\" content=\"Kissenbezug aus nat\u00fcrlichem Bambus - Blau | AZTEX\" \/>\n<meta property=\"og:description\" content=\"Der Kissenbezug aus Bambusfaser ist glatt, strapazierf\u00e4hig und atmungsaktiv. Das nat\u00fcrliche Material sorgt f\u00fcr Luftzirkulation und h\u00e4lt das Kissen trocken und frisch \u2013 f\u00fcr einen erholsamen Schlaf.\" \/>\n<meta property=\"og:url\" content=\"https:\/\/aztex.ee\/de\/pood\/bambus-kissenbezuge\/bambus-kopfkissenbezug-blau\/\" \/>\n<meta property=\"og:site_name\" content=\"AZTEX\" \/>\n<meta property=\"article:publisher\" content=\"https:\/\/www.facebook.com\/AztexEE\" \/>\n<meta property=\"article:modified_time\" content=\"2026-02-03T22:34:10+00:00\" \/>\n<meta property=\"og:image\" content=\"https:\/\/aztex.ee\/wp-content\/uploads\/2025\/11\/Bambusest-padjapuur-Sinine.jpg\" \/>\n\t<meta property=\"og:image:width\" content=\"800\" \/>\n\t<meta property=\"og:image:height\" content=\"800\" \/>\n\t<meta property=\"og:image:type\" content=\"image\/jpeg\" \/>\n<meta name=\"twitter:card\" content=\"summary_large_image\" \/>\n<meta name=\"twitter:label1\" content=\"Gesch\u00e4tzte Lesezeit\" \/>\n\t<meta name=\"twitter:data1\" content=\"1\u00a0Minute\" \/>\n<script type=\"application\/ld+json\" class=\"yoast-schema-graph\">{\"@context\":\"https:\\\/\\\/schema.org\",\"@graph\":[{\"@type\":[\"WebPage\",\"ItemPage\"],\"@id\":\"https:\\\/\\\/aztex.ee\\\/de\\\/pood\\\/bambus-kissenbezuge\\\/bambus-kopfkissenbezug-blau\\\/\",\"url\":\"https:\\\/\\\/aztex.ee\\\/de\\\/pood\\\/bambus-kissenbezuge\\\/bambus-kopfkissenbezug-blau\\\/\",\"name\":\"Kissenbezug aus nat\u00fcrlichem Bambus - Blau | AZTEX\",\"isPartOf\":{\"@id\":\"https:\\\/\\\/aztex.ee\\\/de\\\/#website\"},\"primaryImageOfPage\":{\"@id\":\"https:\\\/\\\/aztex.ee\\\/de\\\/pood\\\/bambus-kissenbezuge\\\/bambus-kopfkissenbezug-blau\\\/#primaryimage\"},\"image\":{\"@id\":\"https:\\\/\\\/aztex.ee\\\/de\\\/pood\\\/bambus-kissenbezuge\\\/bambus-kopfkissenbezug-blau\\\/#primaryimage\"},\"thumbnailUrl\":\"https:\\\/\\\/aztex.ee\\\/wp-content\\\/uploads\\\/2025\\\/11\\\/Bambusest-padjapuur-Sinine.jpg\",\"datePublished\":\"2025-11-02T11:59:43+00:00\",\"dateModified\":\"2026-02-03T22:34:10+00:00\",\"description\":\"Der Kissenbezug aus Bambusfaser ist glatt, strapazierf\u00e4hig und atmungsaktiv. Das nat\u00fcrliche Material sorgt f\u00fcr Luftzirkulation und h\u00e4lt das Kissen trocken und frisch \u2013 f\u00fcr einen erholsamen Schlaf.\",\"breadcrumb\":{\"@id\":\"https:\\\/\\\/aztex.ee\\\/de\\\/pood\\\/bambus-kissenbezuge\\\/bambus-kopfkissenbezug-blau\\\/#breadcrumb\"},\"inLanguage\":\"de\",\"potentialAction\":[{\"@type\":\"ReadAction\",\"target\":[\"https:\\\/\\\/aztex.ee\\\/de\\\/pood\\\/bambus-kissenbezuge\\\/bambus-kopfkissenbezug-blau\\\/\"]}]},{\"@type\":\"ImageObject\",\"inLanguage\":\"de\",\"@id\":\"https:\\\/\\\/aztex.ee\\\/de\\\/pood\\\/bambus-kissenbezuge\\\/bambus-kopfkissenbezug-blau\\\/#primaryimage\",\"url\":\"https:\\\/\\\/aztex.ee\\\/wp-content\\\/uploads\\\/2025\\\/11\\\/Bambusest-padjapuur-Sinine.jpg\",\"contentUrl\":\"https:\\\/\\\/aztex.ee\\\/wp-content\\\/uploads\\\/2025\\\/11\\\/Bambusest-padjapuur-Sinine.jpg\",\"width\":800,\"height\":800,\"caption\":\"Bambusest padjap\u00fc\u00fcr Sinine\"},{\"@type\":\"BreadcrumbList\",\"@id\":\"https:\\\/\\\/aztex.ee\\\/de\\\/pood\\\/bambus-kissenbezuge\\\/bambus-kopfkissenbezug-blau\\\/#breadcrumb\",\"itemListElement\":[{\"@type\":\"ListItem\",\"position\":1,\"name\":\"Startseite\",\"item\":\"https:\\\/\\\/aztex.ee\\\/de\\\/\"},{\"@type\":\"ListItem\",\"position\":2,\"name\":\"Shop\",\"item\":\"https:\\\/\\\/aztex.ee\\\/de\\\/shop\\\/\"},{\"@type\":\"ListItem\",\"position\":3,\"name\":\"Bambus Kopfkissenbezug \u2013 Blau\"}]},{\"@type\":\"WebSite\",\"@id\":\"https:\\\/\\\/aztex.ee\\\/de\\\/#website\",\"url\":\"https:\\\/\\\/aztex.ee\\\/de\\\/\",\"name\":\"AZTEX\",\"description\":\"\",\"publisher\":{\"@id\":\"https:\\\/\\\/aztex.ee\\\/de\\\/#organization\"},\"potentialAction\":[{\"@type\":\"SearchAction\",\"target\":{\"@type\":\"EntryPoint\",\"urlTemplate\":\"https:\\\/\\\/aztex.ee\\\/de\\\/?s={search_term_string}\"},\"query-input\":{\"@type\":\"PropertyValueSpecification\",\"valueRequired\":true,\"valueName\":\"search_term_string\"}}],\"inLanguage\":\"de\"},{\"@type\":\"Organization\",\"@id\":\"https:\\\/\\\/aztex.ee\\\/de\\\/#organization\",\"name\":\"AZTEX\",\"url\":\"https:\\\/\\\/aztex.ee\\\/de\\\/\",\"logo\":{\"@type\":\"ImageObject\",\"inLanguage\":\"de\",\"@id\":\"https:\\\/\\\/aztex.ee\\\/de\\\/#\\\/schema\\\/logo\\\/image\\\/\",\"url\":\"https:\\\/\\\/aztex.ee\\\/wp-content\\\/uploads\\\/2026\\\/01\\\/AZTEX.png\",\"contentUrl\":\"https:\\\/\\\/aztex.ee\\\/wp-content\\\/uploads\\\/2026\\\/01\\\/AZTEX.png\",\"width\":500,\"height\":500,\"caption\":\"AZTEX\"},\"image\":{\"@id\":\"https:\\\/\\\/aztex.ee\\\/de\\\/#\\\/schema\\\/logo\\\/image\\\/\"},\"sameAs\":[\"https:\\\/\\\/www.facebook.com\\\/AztexEE\",\"https:\\\/\\\/www.instagram.com\\\/aztexeesti\\\/\",\"https:\\\/\\\/www.youtube.com\\\/@AZTEXEE\",\"https:\\\/\\\/www.pinterest.com\\\/aztex_eesti\\\/\",\"https:\\\/\\\/www.tiktok.com\\\/@aztexeesti\",\"https:\\\/\\\/www.trustpilot.com\\\/review\\\/aztex.ee\",\"https:\\\/\\\/www.linkedin.com\\\/company\\\/aztex-ee\\\/\",\"https:\\\/\\\/www.wikidata.org\\\/wiki\\\/Q137560182\"]}]}<\/script>\n<!-- \/ Yoast SEO plugin. -->","yoast_head_json":{"title":"Kissenbezug aus nat\u00fcrlichem Bambus - Blau | AZTEX","description":"Der Kissenbezug aus Bambusfaser ist glatt, strapazierf\u00e4hig und atmungsaktiv. Das nat\u00fcrliche Material sorgt f\u00fcr Luftzirkulation und h\u00e4lt das Kissen trocken und frisch \u2013 f\u00fcr einen erholsamen Schlaf.","robots":{"index":"index","follow":"follow","max-snippet":"max-snippet:-1","max-image-preview":"max-image-preview:large","max-video-preview":"max-video-preview:-1"},"canonical":"https:\/\/aztex.ee\/de\/pood\/bambus-kissenbezuge\/bambus-kopfkissenbezug-blau\/","og_locale":"de_DE","og_type":"article","og_title":"Kissenbezug aus nat\u00fcrlichem Bambus - Blau | AZTEX","og_description":"Der Kissenbezug aus Bambusfaser ist glatt, strapazierf\u00e4hig und atmungsaktiv. Das nat\u00fcrliche Material sorgt f\u00fcr Luftzirkulation und h\u00e4lt das Kissen trocken und frisch \u2013 f\u00fcr einen erholsamen Schlaf.","og_url":"https:\/\/aztex.ee\/de\/pood\/bambus-kissenbezuge\/bambus-kopfkissenbezug-blau\/","og_site_name":"AZTEX","article_publisher":"https:\/\/www.facebook.com\/AztexEE","article_modified_time":"2026-02-03T22:34:10+00:00","og_image":[{"width":800,"height":800,"url":"https:\/\/aztex.ee\/wp-content\/uploads\/2025\/11\/Bambusest-padjapuur-Sinine.jpg","type":"image\/jpeg"}],"twitter_card":"summary_large_image","twitter_misc":{"Gesch\u00e4tzte Lesezeit":"1\u00a0Minute"},"schema":{"@context":"https:\/\/schema.org","@graph":[{"@type":["WebPage","ItemPage"],"@id":"https:\/\/aztex.ee\/de\/pood\/bambus-kissenbezuge\/bambus-kopfkissenbezug-blau\/","url":"https:\/\/aztex.ee\/de\/pood\/bambus-kissenbezuge\/bambus-kopfkissenbezug-blau\/","name":"Kissenbezug aus nat\u00fcrlichem Bambus - Blau | AZTEX","isPartOf":{"@id":"https:\/\/aztex.ee\/de\/#website"},"primaryImageOfPage":{"@id":"https:\/\/aztex.ee\/de\/pood\/bambus-kissenbezuge\/bambus-kopfkissenbezug-blau\/#primaryimage"},"image":{"@id":"https:\/\/aztex.ee\/de\/pood\/bambus-kissenbezuge\/bambus-kopfkissenbezug-blau\/#primaryimage"},"thumbnailUrl":"https:\/\/aztex.ee\/wp-content\/uploads\/2025\/11\/Bambusest-padjapuur-Sinine.jpg","datePublished":"2025-11-02T11:59:43+00:00","dateModified":"2026-02-03T22:34:10+00:00","description":"Der Kissenbezug aus Bambusfaser ist glatt, strapazierf\u00e4hig und atmungsaktiv. Das nat\u00fcrliche Material sorgt f\u00fcr Luftzirkulation und h\u00e4lt das Kissen trocken und frisch \u2013 f\u00fcr einen erholsamen Schlaf.","breadcrumb":{"@id":"https:\/\/aztex.ee\/de\/pood\/bambus-kissenbezuge\/bambus-kopfkissenbezug-blau\/#breadcrumb"},"inLanguage":"de","potentialAction":[{"@type":"ReadAction","target":["https:\/\/aztex.ee\/de\/pood\/bambus-kissenbezuge\/bambus-kopfkissenbezug-blau\/"]}]},{"@type":"ImageObject","inLanguage":"de","@id":"https:\/\/aztex.ee\/de\/pood\/bambus-kissenbezuge\/bambus-kopfkissenbezug-blau\/#primaryimage","url":"https:\/\/aztex.ee\/wp-content\/uploads\/2025\/11\/Bambusest-padjapuur-Sinine.jpg","contentUrl":"https:\/\/aztex.ee\/wp-content\/uploads\/2025\/11\/Bambusest-padjapuur-Sinine.jpg","width":800,"height":800,"caption":"Bambusest padjap\u00fc\u00fcr Sinine"},{"@type":"BreadcrumbList","@id":"https:\/\/aztex.ee\/de\/pood\/bambus-kissenbezuge\/bambus-kopfkissenbezug-blau\/#breadcrumb","itemListElement":[{"@type":"ListItem","position":1,"name":"Startseite","item":"https:\/\/aztex.ee\/de\/"},{"@type":"ListItem","position":2,"name":"Shop","item":"https:\/\/aztex.ee\/de\/shop\/"},{"@type":"ListItem","position":3,"name":"Bambus Kopfkissenbezug \u2013 Blau"}]},{"@type":"WebSite","@id":"https:\/\/aztex.ee\/de\/#website","url":"https:\/\/aztex.ee\/de\/","name":"AZTEX","description":"","publisher":{"@id":"https:\/\/aztex.ee\/de\/#organization"},"potentialAction":[{"@type":"SearchAction","target":{"@type":"EntryPoint","urlTemplate":"https:\/\/aztex.ee\/de\/?s={search_term_string}"},"query-input":{"@type":"PropertyValueSpecification","valueRequired":true,"valueName":"search_term_string"}}],"inLanguage":"de"},{"@type":"Organization","@id":"https:\/\/aztex.ee\/de\/#organization","name":"AZTEX","url":"https:\/\/aztex.ee\/de\/","logo":{"@type":"ImageObject","inLanguage":"de","@id":"https:\/\/aztex.ee\/de\/#\/schema\/logo\/image\/","url":"https:\/\/aztex.ee\/wp-content\/uploads\/2026\/01\/AZTEX.png","contentUrl":"https:\/\/aztex.ee\/wp-content\/uploads\/2026\/01\/AZTEX.png","width":500,"height":500,"caption":"AZTEX"},"image":{"@id":"https:\/\/aztex.ee\/de\/#\/schema\/logo\/image\/"},"sameAs":["https:\/\/www.facebook.com\/AztexEE","https:\/\/www.instagram.com\/aztexeesti\/","https:\/\/www.youtube.com\/@AZTEXEE","https:\/\/www.pinterest.com\/aztex_eesti\/","https:\/\/www.tiktok.com\/@aztexeesti","https:\/\/www.trustpilot.com\/review\/aztex.ee","https:\/\/www.linkedin.com\/company\/aztex-ee\/","https:\/\/www.wikidata.org\/wiki\/Q137560182"]}]}},"_links":{"self":[{"href":"https:\/\/aztex.ee\/de\/wp-json\/wp\/v2\/product\/95930","targetHints":{"allow":["GET"]}}],"collection":[{"href":"https:\/\/aztex.ee\/de\/wp-json\/wp\/v2\/product"}],"about":[{"href":"https:\/\/aztex.ee\/de\/wp-json\/wp\/v2\/types\/product"}],"replies":[{"embeddable":true,"href":"https:\/\/aztex.ee\/de\/wp-json\/wp\/v2\/comments?post=95930"}],"version-history":[{"count":3,"href":"https:\/\/aztex.ee\/de\/wp-json\/wp\/v2\/product\/95930\/revisions"}],"predecessor-version":[{"id":96121,"href":"https:\/\/aztex.ee\/de\/wp-json\/wp\/v2\/product\/95930\/revisions\/96121"}],"wp:featuredmedia":[{"embeddable":true,"href":"https:\/\/aztex.ee\/de\/wp-json\/wp\/v2\/media\/96020"}],"wp:attachment":[{"href":"https:\/\/aztex.ee\/de\/wp-json\/wp\/v2\/media?parent=95930"}],"wp:term":[{"taxonomy":"product_brand","embeddable":true,"href":"https:\/\/aztex.ee\/de\/wp-json\/wp\/v2\/product_brand?post=95930"},{"taxonomy":"product_cat","embeddable":true,"href":"https:\/\/aztex.ee\/de\/wp-json\/wp\/v2\/product_cat?post=95930"},{"taxonomy":"product_tag","embeddable":true,"href":"https:\/\/aztex.ee\/de\/wp-json\/wp\/v2\/product_tag?post=95930"}],"curies":[{"name":"wp","href":"https:\/\/api.w.org\/{rel}","templated":true}]}}