{"id":95329,"date":"2025-10-07T06:07:07","date_gmt":"2025-10-07T06:07:07","guid":{"rendered":"https:\/\/aztex.ee\/?post_type=product&#038;p=95329"},"modified":"2026-04-12T12:51:08","modified_gmt":"2026-04-12T12:51:08","slug":"bettwaesche-set-baumwollsatin-perlengarten","status":"publish","type":"product","link":"https:\/\/aztex.ee\/de\/pood\/bettwaesche\/bettwaesche-set-baumwollsatin-perlengarten\/","title":{"rendered":"Bettw\u00e4sche Set Baumwollsatin | Perlengarten"},"content":{"rendered":"<p>Baumwollsatin-Bettw\u00e4sche bringt Weichheit und Komfort in Ihr Schlafzimmer. Sie kombiniert die Nat\u00fcrlichkeit von Baumwolle mit der Gl\u00e4tte von Satin und bietet ein atmungsaktives und hautfreundliches Material, das sich ideal f\u00fcr den t\u00e4glichen Gebrauch eignet. Der Stoff ist langlebig und pflegeleicht und beh\u00e4lt seine Weichheit auch nach mehreren W\u00e4schen. Baumwollsatin-Bettw\u00e4sche ist eine gute Wahl, wenn Sie Wert auf guten Schlaf und ein angenehmes Gef\u00fchl in der Nacht legen.<\/p>\n","protected":false},"excerpt":{"rendered":"<p>Das Bettw\u00e4scheset aus Baumwollsatin sorgt f\u00fcr Komfort und erholsamen Schlaf.<\/p>\n<ul>\n<li>Material: 100% Baumwolle<\/li>\n<li>Stoff: Satin<\/li>\n<li>Fadenzahl: 300 TC<\/li>\n<li>Bettbezug: 200\u00d7220 cm<\/li>\n<li>Kissenbezug: 50\u00d775 cm (2 St\u00fcck)<\/li>\n<li>Bettlaken: Nicht enthalten<\/li>\n<li>Komfort: Atmungsaktiv und weiche Textur<\/li>\n<\/ul>\n<p><img loading=\"lazy\" decoding=\"async\" class=\"alignnone size-full wp-image-25955\" src=\"https:\/\/aztex.ee\/wp-content\/uploads\/2024\/09\/cotton87.png\" alt=\"\" width=\"188\" height=\"71\" srcset=\"https:\/\/aztex.ee\/wp-content\/uploads\/2024\/09\/cotton87.png 188w, https:\/\/aztex.ee\/wp-content\/uploads\/2024\/09\/cotton87-150x57.png 150w\" sizes=\"auto, (max-width: 188px) 100vw, 188px\" \/><\/p>\n","protected":false},"featured_media":95351,"comment_status":"open","ping_status":"closed","template":"","meta":[],"product_brand":[],"product_cat":[167,272,108,509,609,380],"product_tag":[],"class_list":{"0":"post-95329","1":"product","2":"type-product","3":"status-publish","4":"has-post-thumbnail","6":"product_cat-baumwoll-bettwasche","7":"product_cat-baumwoll-bettwasche-200-220","8":"product_cat-bettwaesche","9":"product_cat-bettwasche-sets","10":"product_cat-satin-bettwasche-sets","11":"product_cat-satin-bettwasche","13":"first","14":"instock","15":"shipping-taxable","16":"purchasable","17":"product-type-simple"},"yoast_head":"<!-- This site is optimized with the Yoast SEO plugin v27.3 - https:\/\/yoast.com\/product\/yoast-seo-wordpress\/ -->\n<title>200x220 Bettw\u00e4sche Set Baumwollsatin - Perlengarten | AZTEX<\/title>\n<meta name=\"description\" content=\"Bettw\u00e4sche Set 200x220 - luxuri\u00f6se Baumwollsatin-Bettw\u00e4sche. Hergestellt aus 100% hochwertigem Baumwollsatin, um einen angenehmen Schlaf und ein elegantes Schlafzimmer zu gew\u00e4hrleisten.\" \/>\n<meta name=\"robots\" content=\"index, follow, max-snippet:-1, max-image-preview:large, max-video-preview:-1\" \/>\n<link rel=\"canonical\" href=\"https:\/\/aztex.ee\/de\/pood\/bettwaesche\/bettwaesche-set-baumwollsatin-perlengarten\/\" \/>\n<meta property=\"og:locale\" content=\"de_DE\" \/>\n<meta property=\"og:type\" content=\"article\" \/>\n<meta property=\"og:title\" content=\"200x220 Bettw\u00e4sche Set Baumwollsatin - Perlengarten | AZTEX\" \/>\n<meta property=\"og:description\" content=\"Bettw\u00e4sche Set 200x220 - luxuri\u00f6se Baumwollsatin-Bettw\u00e4sche. Hergestellt aus 100% hochwertigem Baumwollsatin, um einen angenehmen Schlaf und ein elegantes Schlafzimmer zu gew\u00e4hrleisten.\" \/>\n<meta property=\"og:url\" content=\"https:\/\/aztex.ee\/de\/pood\/bettwaesche\/bettwaesche-set-baumwollsatin-perlengarten\/\" \/>\n<meta property=\"og:site_name\" content=\"AZTEX\" \/>\n<meta property=\"article:publisher\" content=\"https:\/\/www.facebook.com\/AztexEE\" \/>\n<meta property=\"article:modified_time\" content=\"2026-04-12T12:51:08+00:00\" \/>\n<meta property=\"og:image\" content=\"https:\/\/aztex.ee\/wp-content\/uploads\/2025\/10\/Voodipesukomplekt-200x220-Parliaed.jpg\" \/>\n\t<meta property=\"og:image:width\" content=\"800\" \/>\n\t<meta property=\"og:image:height\" content=\"800\" \/>\n\t<meta property=\"og:image:type\" content=\"image\/jpeg\" \/>\n<meta name=\"twitter:card\" content=\"summary_large_image\" \/>\n<meta name=\"twitter:label1\" content=\"Gesch\u00e4tzte Lesezeit\" \/>\n\t<meta name=\"twitter:data1\" content=\"1\u00a0Minute\" \/>\n<script type=\"application\/ld+json\" class=\"yoast-schema-graph\">{\"@context\":\"https:\\\/\\\/schema.org\",\"@graph\":[{\"@type\":[\"WebPage\",\"ItemPage\"],\"@id\":\"https:\\\/\\\/aztex.ee\\\/de\\\/pood\\\/bettwaesche\\\/bettwaesche-set-baumwollsatin-perlengarten\\\/\",\"url\":\"https:\\\/\\\/aztex.ee\\\/de\\\/pood\\\/bettwaesche\\\/bettwaesche-set-baumwollsatin-perlengarten\\\/\",\"name\":\"200x220 Bettw\u00e4sche Set Baumwollsatin - Perlengarten | AZTEX\",\"isPartOf\":{\"@id\":\"https:\\\/\\\/aztex.ee\\\/de\\\/#website\"},\"primaryImageOfPage\":{\"@id\":\"https:\\\/\\\/aztex.ee\\\/de\\\/pood\\\/bettwaesche\\\/bettwaesche-set-baumwollsatin-perlengarten\\\/#primaryimage\"},\"image\":{\"@id\":\"https:\\\/\\\/aztex.ee\\\/de\\\/pood\\\/bettwaesche\\\/bettwaesche-set-baumwollsatin-perlengarten\\\/#primaryimage\"},\"thumbnailUrl\":\"https:\\\/\\\/aztex.ee\\\/wp-content\\\/uploads\\\/2025\\\/10\\\/Voodipesukomplekt-200x220-Parliaed.jpg\",\"datePublished\":\"2025-10-07T06:07:07+00:00\",\"dateModified\":\"2026-04-12T12:51:08+00:00\",\"description\":\"Bettw\u00e4sche Set 200x220 - luxuri\u00f6se Baumwollsatin-Bettw\u00e4sche. Hergestellt aus 100% hochwertigem Baumwollsatin, um einen angenehmen Schlaf und ein elegantes Schlafzimmer zu gew\u00e4hrleisten.\",\"breadcrumb\":{\"@id\":\"https:\\\/\\\/aztex.ee\\\/de\\\/pood\\\/bettwaesche\\\/bettwaesche-set-baumwollsatin-perlengarten\\\/#breadcrumb\"},\"inLanguage\":\"de\",\"potentialAction\":[{\"@type\":\"ReadAction\",\"target\":[\"https:\\\/\\\/aztex.ee\\\/de\\\/pood\\\/bettwaesche\\\/bettwaesche-set-baumwollsatin-perlengarten\\\/\"]}]},{\"@type\":\"ImageObject\",\"inLanguage\":\"de\",\"@id\":\"https:\\\/\\\/aztex.ee\\\/de\\\/pood\\\/bettwaesche\\\/bettwaesche-set-baumwollsatin-perlengarten\\\/#primaryimage\",\"url\":\"https:\\\/\\\/aztex.ee\\\/wp-content\\\/uploads\\\/2025\\\/10\\\/Voodipesukomplekt-200x220-Parliaed.jpg\",\"contentUrl\":\"https:\\\/\\\/aztex.ee\\\/wp-content\\\/uploads\\\/2025\\\/10\\\/Voodipesukomplekt-200x220-Parliaed.jpg\",\"width\":800,\"height\":800,\"caption\":\"Voodipesukomplekt 200x220 P\u00e4rliaed\"},{\"@type\":\"BreadcrumbList\",\"@id\":\"https:\\\/\\\/aztex.ee\\\/de\\\/pood\\\/bettwaesche\\\/bettwaesche-set-baumwollsatin-perlengarten\\\/#breadcrumb\",\"itemListElement\":[{\"@type\":\"ListItem\",\"position\":1,\"name\":\"Startseite\",\"item\":\"https:\\\/\\\/aztex.ee\\\/de\\\/\"},{\"@type\":\"ListItem\",\"position\":2,\"name\":\"Shop\",\"item\":\"https:\\\/\\\/aztex.ee\\\/de\\\/shop\\\/\"},{\"@type\":\"ListItem\",\"position\":3,\"name\":\"Bettw\u00e4sche Set Baumwollsatin | Perlengarten\"}]},{\"@type\":\"WebSite\",\"@id\":\"https:\\\/\\\/aztex.ee\\\/de\\\/#website\",\"url\":\"https:\\\/\\\/aztex.ee\\\/de\\\/\",\"name\":\"AZTEX\",\"description\":\"\",\"publisher\":{\"@id\":\"https:\\\/\\\/aztex.ee\\\/de\\\/#organization\"},\"potentialAction\":[{\"@type\":\"SearchAction\",\"target\":{\"@type\":\"EntryPoint\",\"urlTemplate\":\"https:\\\/\\\/aztex.ee\\\/de\\\/?s={search_term_string}\"},\"query-input\":{\"@type\":\"PropertyValueSpecification\",\"valueRequired\":true,\"valueName\":\"search_term_string\"}}],\"inLanguage\":\"de\"},{\"@type\":\"Organization\",\"@id\":\"https:\\\/\\\/aztex.ee\\\/de\\\/#organization\",\"name\":\"AZTEX\",\"url\":\"https:\\\/\\\/aztex.ee\\\/de\\\/\",\"logo\":{\"@type\":\"ImageObject\",\"inLanguage\":\"de\",\"@id\":\"https:\\\/\\\/aztex.ee\\\/de\\\/#\\\/schema\\\/logo\\\/image\\\/\",\"url\":\"https:\\\/\\\/aztex.ee\\\/wp-content\\\/uploads\\\/2026\\\/01\\\/AZTEX.png\",\"contentUrl\":\"https:\\\/\\\/aztex.ee\\\/wp-content\\\/uploads\\\/2026\\\/01\\\/AZTEX.png\",\"width\":500,\"height\":500,\"caption\":\"AZTEX\"},\"image\":{\"@id\":\"https:\\\/\\\/aztex.ee\\\/de\\\/#\\\/schema\\\/logo\\\/image\\\/\"},\"sameAs\":[\"https:\\\/\\\/www.facebook.com\\\/AztexEE\",\"https:\\\/\\\/www.instagram.com\\\/aztexeesti\\\/\",\"https:\\\/\\\/www.youtube.com\\\/@AZTEXEE\",\"https:\\\/\\\/www.pinterest.com\\\/aztex_eesti\\\/\",\"https:\\\/\\\/www.tiktok.com\\\/@aztexeesti\",\"https:\\\/\\\/www.trustpilot.com\\\/review\\\/aztex.ee\",\"https:\\\/\\\/www.linkedin.com\\\/company\\\/aztex-ee\\\/\",\"https:\\\/\\\/www.wikidata.org\\\/wiki\\\/Q137560182\"]}]}<\/script>\n<!-- \/ Yoast SEO plugin. -->","yoast_head_json":{"title":"200x220 Bettw\u00e4sche Set Baumwollsatin - Perlengarten | AZTEX","description":"Bettw\u00e4sche Set 200x220 - luxuri\u00f6se Baumwollsatin-Bettw\u00e4sche. Hergestellt aus 100% hochwertigem Baumwollsatin, um einen angenehmen Schlaf und ein elegantes Schlafzimmer zu gew\u00e4hrleisten.","robots":{"index":"index","follow":"follow","max-snippet":"max-snippet:-1","max-image-preview":"max-image-preview:large","max-video-preview":"max-video-preview:-1"},"canonical":"https:\/\/aztex.ee\/de\/pood\/bettwaesche\/bettwaesche-set-baumwollsatin-perlengarten\/","og_locale":"de_DE","og_type":"article","og_title":"200x220 Bettw\u00e4sche Set Baumwollsatin - Perlengarten | AZTEX","og_description":"Bettw\u00e4sche Set 200x220 - luxuri\u00f6se Baumwollsatin-Bettw\u00e4sche. Hergestellt aus 100% hochwertigem Baumwollsatin, um einen angenehmen Schlaf und ein elegantes Schlafzimmer zu gew\u00e4hrleisten.","og_url":"https:\/\/aztex.ee\/de\/pood\/bettwaesche\/bettwaesche-set-baumwollsatin-perlengarten\/","og_site_name":"AZTEX","article_publisher":"https:\/\/www.facebook.com\/AztexEE","article_modified_time":"2026-04-12T12:51:08+00:00","og_image":[{"width":800,"height":800,"url":"https:\/\/aztex.ee\/wp-content\/uploads\/2025\/10\/Voodipesukomplekt-200x220-Parliaed.jpg","type":"image\/jpeg"}],"twitter_card":"summary_large_image","twitter_misc":{"Gesch\u00e4tzte Lesezeit":"1\u00a0Minute"},"schema":{"@context":"https:\/\/schema.org","@graph":[{"@type":["WebPage","ItemPage"],"@id":"https:\/\/aztex.ee\/de\/pood\/bettwaesche\/bettwaesche-set-baumwollsatin-perlengarten\/","url":"https:\/\/aztex.ee\/de\/pood\/bettwaesche\/bettwaesche-set-baumwollsatin-perlengarten\/","name":"200x220 Bettw\u00e4sche Set Baumwollsatin - Perlengarten | AZTEX","isPartOf":{"@id":"https:\/\/aztex.ee\/de\/#website"},"primaryImageOfPage":{"@id":"https:\/\/aztex.ee\/de\/pood\/bettwaesche\/bettwaesche-set-baumwollsatin-perlengarten\/#primaryimage"},"image":{"@id":"https:\/\/aztex.ee\/de\/pood\/bettwaesche\/bettwaesche-set-baumwollsatin-perlengarten\/#primaryimage"},"thumbnailUrl":"https:\/\/aztex.ee\/wp-content\/uploads\/2025\/10\/Voodipesukomplekt-200x220-Parliaed.jpg","datePublished":"2025-10-07T06:07:07+00:00","dateModified":"2026-04-12T12:51:08+00:00","description":"Bettw\u00e4sche Set 200x220 - luxuri\u00f6se Baumwollsatin-Bettw\u00e4sche. Hergestellt aus 100% hochwertigem Baumwollsatin, um einen angenehmen Schlaf und ein elegantes Schlafzimmer zu gew\u00e4hrleisten.","breadcrumb":{"@id":"https:\/\/aztex.ee\/de\/pood\/bettwaesche\/bettwaesche-set-baumwollsatin-perlengarten\/#breadcrumb"},"inLanguage":"de","potentialAction":[{"@type":"ReadAction","target":["https:\/\/aztex.ee\/de\/pood\/bettwaesche\/bettwaesche-set-baumwollsatin-perlengarten\/"]}]},{"@type":"ImageObject","inLanguage":"de","@id":"https:\/\/aztex.ee\/de\/pood\/bettwaesche\/bettwaesche-set-baumwollsatin-perlengarten\/#primaryimage","url":"https:\/\/aztex.ee\/wp-content\/uploads\/2025\/10\/Voodipesukomplekt-200x220-Parliaed.jpg","contentUrl":"https:\/\/aztex.ee\/wp-content\/uploads\/2025\/10\/Voodipesukomplekt-200x220-Parliaed.jpg","width":800,"height":800,"caption":"Voodipesukomplekt 200x220 P\u00e4rliaed"},{"@type":"BreadcrumbList","@id":"https:\/\/aztex.ee\/de\/pood\/bettwaesche\/bettwaesche-set-baumwollsatin-perlengarten\/#breadcrumb","itemListElement":[{"@type":"ListItem","position":1,"name":"Startseite","item":"https:\/\/aztex.ee\/de\/"},{"@type":"ListItem","position":2,"name":"Shop","item":"https:\/\/aztex.ee\/de\/shop\/"},{"@type":"ListItem","position":3,"name":"Bettw\u00e4sche Set Baumwollsatin | Perlengarten"}]},{"@type":"WebSite","@id":"https:\/\/aztex.ee\/de\/#website","url":"https:\/\/aztex.ee\/de\/","name":"AZTEX","description":"","publisher":{"@id":"https:\/\/aztex.ee\/de\/#organization"},"potentialAction":[{"@type":"SearchAction","target":{"@type":"EntryPoint","urlTemplate":"https:\/\/aztex.ee\/de\/?s={search_term_string}"},"query-input":{"@type":"PropertyValueSpecification","valueRequired":true,"valueName":"search_term_string"}}],"inLanguage":"de"},{"@type":"Organization","@id":"https:\/\/aztex.ee\/de\/#organization","name":"AZTEX","url":"https:\/\/aztex.ee\/de\/","logo":{"@type":"ImageObject","inLanguage":"de","@id":"https:\/\/aztex.ee\/de\/#\/schema\/logo\/image\/","url":"https:\/\/aztex.ee\/wp-content\/uploads\/2026\/01\/AZTEX.png","contentUrl":"https:\/\/aztex.ee\/wp-content\/uploads\/2026\/01\/AZTEX.png","width":500,"height":500,"caption":"AZTEX"},"image":{"@id":"https:\/\/aztex.ee\/de\/#\/schema\/logo\/image\/"},"sameAs":["https:\/\/www.facebook.com\/AztexEE","https:\/\/www.instagram.com\/aztexeesti\/","https:\/\/www.youtube.com\/@AZTEXEE","https:\/\/www.pinterest.com\/aztex_eesti\/","https:\/\/www.tiktok.com\/@aztexeesti","https:\/\/www.trustpilot.com\/review\/aztex.ee","https:\/\/www.linkedin.com\/company\/aztex-ee\/","https:\/\/www.wikidata.org\/wiki\/Q137560182"]}]}},"_links":{"self":[{"href":"https:\/\/aztex.ee\/de\/wp-json\/wp\/v2\/product\/95329","targetHints":{"allow":["GET"]}}],"collection":[{"href":"https:\/\/aztex.ee\/de\/wp-json\/wp\/v2\/product"}],"about":[{"href":"https:\/\/aztex.ee\/de\/wp-json\/wp\/v2\/types\/product"}],"replies":[{"embeddable":true,"href":"https:\/\/aztex.ee\/de\/wp-json\/wp\/v2\/comments?post=95329"}],"version-history":[{"count":2,"href":"https:\/\/aztex.ee\/de\/wp-json\/wp\/v2\/product\/95329\/revisions"}],"predecessor-version":[{"id":95452,"href":"https:\/\/aztex.ee\/de\/wp-json\/wp\/v2\/product\/95329\/revisions\/95452"}],"wp:featuredmedia":[{"embeddable":true,"href":"https:\/\/aztex.ee\/de\/wp-json\/wp\/v2\/media\/95351"}],"wp:attachment":[{"href":"https:\/\/aztex.ee\/de\/wp-json\/wp\/v2\/media?parent=95329"}],"wp:term":[{"taxonomy":"product_brand","embeddable":true,"href":"https:\/\/aztex.ee\/de\/wp-json\/wp\/v2\/product_brand?post=95329"},{"taxonomy":"product_cat","embeddable":true,"href":"https:\/\/aztex.ee\/de\/wp-json\/wp\/v2\/product_cat?post=95329"},{"taxonomy":"product_tag","embeddable":true,"href":"https:\/\/aztex.ee\/de\/wp-json\/wp\/v2\/product_tag?post=95329"}],"curies":[{"name":"wp","href":"https:\/\/api.w.org\/{rel}","templated":true}]}}