{"id":87171,"date":"2025-05-17T20:18:23","date_gmt":"2025-05-17T20:18:23","guid":{"rendered":"https:\/\/aztex.ee\/?post_type=product&#038;p=87171"},"modified":"2025-11-12T12:16:37","modified_gmt":"2025-11-12T12:16:37","slug":"premium-bettwaesche-set-bambus-kobaltblau","status":"publish","type":"product","link":"https:\/\/aztex.ee\/de\/pood\/bettwaesche\/premium-bettwaesche-set-bambus-kobaltblau\/","title":{"rendered":"Premium Bettw\u00e4sche-Set 100% Bambus | Kobaltblau"},"content":{"rendered":"<p>Bambus Bettw\u00e4sche-Sets sind hochwertige, weiche und atmungsaktive Textilprodukte aus nat\u00fcrlichen Bambusfasern. Diese Sets wurden speziell entwickelt, um einen angenehmen Schlaf zu gew\u00e4hrleisten. Bambusfasern sind von Natur aus atmungsaktiv und haben die F\u00e4higkeit, Feuchtigkeit abzuleiten, was Schwitzen verhindert und Sie l\u00e4nger sauber und frisch h\u00e4lt.<\/p>\n<p>Bei Bambus-Bettw\u00e4schesets werden in der Regel umweltfreundliche und nachhaltige Materialien verwendet. Die Bambuspflanze ist f\u00fcr ihr schnelles Wachstum und ihren geringen Wasserverbrauch bekannt, wodurch die Umweltbelastung durch den Produktionsprozess verringert wird. Dar\u00fcber hinaus sorgt die Bambusfaser mit ihrer weichen Textur f\u00fcr ein luxuri\u00f6ses Gef\u00fchl und ist sanft zur Haut, ohne sie zu sch\u00e4digen.<\/p>\n<p>Bettw\u00e4schesets aus Bambus verf\u00fcgen \u00fcber nat\u00fcrliche antibakterielle und antiallergische Eigenschaften, die f\u00fcr Hygiene sorgen und f\u00fcr Komfort beim Schlafen sorgen. Sie sind f\u00fcr ihre erfrischende und k\u00fchlende Wirkung bei hei\u00dfem Wetter bekannt.<\/p>\n<p>Daher sind Bambus bettw\u00e4sche-Sets umweltfreundliche und komfortable Produkte, die ihren Benutzern einen guten Schlaf bieten.<\/p>\n","protected":false},"excerpt":{"rendered":"<p>Bettw\u00e4sche aus 100% nachhaltig angebautem Bambus ist hypoallergen und antibakteriell.<\/p>\n<ul>\n<li>Farbe: Kobaltblau<\/li>\n<li>Material: 100% Bambus<\/li>\n<li>Fadenzahl: 300 TC<\/li>\n<li>Bettbezug: 200\u00d7220 cm<\/li>\n<li>Kissenbezug: 50\u00d770 cm (2 St\u00fcck)<\/li>\n<li>Bettlaken: 220\u00d7240 cm<\/li>\n<\/ul>\n<p><img loading=\"lazy\" decoding=\"async\" class=\"alignnone wp-image-20226\" src=\"https:\/\/aztex.ee\/wp-content\/uploads\/2024\/09\/oekotex100.png\" alt=\"\" width=\"196\" height=\"69\" srcset=\"https:\/\/aztex.ee\/wp-content\/uploads\/2024\/09\/oekotex100.png 204w, https:\/\/aztex.ee\/wp-content\/uploads\/2024\/09\/oekotex100-150x53.png 150w\" sizes=\"auto, (max-width: 196px) 100vw, 196px\" \/><img loading=\"lazy\" decoding=\"async\" class=\"alignnone wp-image-20260\" src=\"https:\/\/aztex.ee\/wp-content\/uploads\/2024\/09\/bambuuss.png\" alt=\"\" width=\"75\" height=\"75\" srcset=\"https:\/\/aztex.ee\/wp-content\/uploads\/2024\/09\/bambuuss.png 204w, https:\/\/aztex.ee\/wp-content\/uploads\/2024\/09\/bambuuss-150x150.png 150w\" sizes=\"auto, (max-width: 75px) 100vw, 75px\" \/><\/p>\n<p>Hypoallergen und feuchtigkeitstransportierend.<br \/>\nEine ideale Wahl f\u00fcr empfindliche Haut oder Ekzeme, insbesondere f\u00fcr Menschen, die nachts zum Schwitzen neigen. Bambus-Bettw\u00e4sche-Sets sind in einer Tasche aus dem gleichen Stoff verpackt.<\/p>\n","protected":false},"featured_media":87189,"comment_status":"open","ping_status":"closed","template":"","meta":[],"product_brand":[],"product_cat":[141,400,108,509],"product_tag":[],"class_list":{"0":"post-87171","1":"product","2":"type-product","3":"status-publish","4":"has-post-thumbnail","6":"product_cat-bambus-bettwasche","7":"product_cat-bambus-bettwasche-sets","8":"product_cat-bettwaesche","9":"product_cat-bettwasche-sets","11":"first","12":"instock","13":"sale","14":"shipping-taxable","15":"purchasable","16":"product-type-simple"},"yoast_head":"<!-- This site is optimized with the Yoast SEO plugin v27.3 - https:\/\/yoast.com\/product\/yoast-seo-wordpress\/ -->\n<title>Bettw\u00e4sche Set 100% Bambus - Kobaltblau | AZTEX<\/title>\n<meta name=\"description\" content=\"Dieses antibakterielle und langlebige Bettw\u00e4scheset aus Bambus ist eine gro\u00dfartige Wahl f\u00fcr alle, die Wert auf Qualit\u00e4t, Langlebigkeit und ein weiches Tragegef\u00fchl legen.\" \/>\n<meta name=\"robots\" content=\"index, follow, max-snippet:-1, max-image-preview:large, max-video-preview:-1\" \/>\n<link rel=\"canonical\" href=\"https:\/\/aztex.ee\/de\/pood\/bettwaesche\/premium-bettwaesche-set-bambus-kobaltblau\/\" \/>\n<meta property=\"og:locale\" content=\"de_DE\" \/>\n<meta property=\"og:type\" content=\"article\" \/>\n<meta property=\"og:title\" content=\"Bettw\u00e4sche Set 100% Bambus - Kobaltblau | AZTEX\" \/>\n<meta property=\"og:description\" content=\"Dieses antibakterielle und langlebige Bettw\u00e4scheset aus Bambus ist eine gro\u00dfartige Wahl f\u00fcr alle, die Wert auf Qualit\u00e4t, Langlebigkeit und ein weiches Tragegef\u00fchl legen.\" \/>\n<meta property=\"og:url\" content=\"https:\/\/aztex.ee\/de\/pood\/bettwaesche\/premium-bettwaesche-set-bambus-kobaltblau\/\" \/>\n<meta property=\"og:site_name\" content=\"AZTEX\" \/>\n<meta property=\"article:publisher\" content=\"https:\/\/www.facebook.com\/AztexEE\" \/>\n<meta property=\"article:modified_time\" content=\"2025-11-12T12:16:37+00:00\" \/>\n<meta property=\"og:image\" content=\"https:\/\/aztex.ee\/wp-content\/uploads\/2025\/05\/Voodipesukomplekt-bambus-Koobaltsinine.jpg\" \/>\n\t<meta property=\"og:image:width\" content=\"800\" \/>\n\t<meta property=\"og:image:height\" content=\"800\" \/>\n\t<meta property=\"og:image:type\" content=\"image\/jpeg\" \/>\n<meta name=\"twitter:card\" content=\"summary_large_image\" \/>\n<meta name=\"twitter:label1\" content=\"Gesch\u00e4tzte Lesezeit\" \/>\n\t<meta name=\"twitter:data1\" content=\"1\u00a0Minute\" \/>\n<script type=\"application\/ld+json\" class=\"yoast-schema-graph\">{\"@context\":\"https:\\\/\\\/schema.org\",\"@graph\":[{\"@type\":[\"WebPage\",\"ItemPage\"],\"@id\":\"https:\\\/\\\/aztex.ee\\\/de\\\/pood\\\/bettwaesche\\\/premium-bettwaesche-set-bambus-kobaltblau\\\/\",\"url\":\"https:\\\/\\\/aztex.ee\\\/de\\\/pood\\\/bettwaesche\\\/premium-bettwaesche-set-bambus-kobaltblau\\\/\",\"name\":\"Bettw\u00e4sche Set 100% Bambus - Kobaltblau | AZTEX\",\"isPartOf\":{\"@id\":\"https:\\\/\\\/aztex.ee\\\/de\\\/#website\"},\"primaryImageOfPage\":{\"@id\":\"https:\\\/\\\/aztex.ee\\\/de\\\/pood\\\/bettwaesche\\\/premium-bettwaesche-set-bambus-kobaltblau\\\/#primaryimage\"},\"image\":{\"@id\":\"https:\\\/\\\/aztex.ee\\\/de\\\/pood\\\/bettwaesche\\\/premium-bettwaesche-set-bambus-kobaltblau\\\/#primaryimage\"},\"thumbnailUrl\":\"https:\\\/\\\/aztex.ee\\\/wp-content\\\/uploads\\\/2025\\\/05\\\/Voodipesukomplekt-bambus-Koobaltsinine.jpg\",\"datePublished\":\"2025-05-17T20:18:23+00:00\",\"dateModified\":\"2025-11-12T12:16:37+00:00\",\"description\":\"Dieses antibakterielle und langlebige Bettw\u00e4scheset aus Bambus ist eine gro\u00dfartige Wahl f\u00fcr alle, die Wert auf Qualit\u00e4t, Langlebigkeit und ein weiches Tragegef\u00fchl legen.\",\"breadcrumb\":{\"@id\":\"https:\\\/\\\/aztex.ee\\\/de\\\/pood\\\/bettwaesche\\\/premium-bettwaesche-set-bambus-kobaltblau\\\/#breadcrumb\"},\"inLanguage\":\"de\",\"potentialAction\":[{\"@type\":\"ReadAction\",\"target\":[\"https:\\\/\\\/aztex.ee\\\/de\\\/pood\\\/bettwaesche\\\/premium-bettwaesche-set-bambus-kobaltblau\\\/\"]}]},{\"@type\":\"ImageObject\",\"inLanguage\":\"de\",\"@id\":\"https:\\\/\\\/aztex.ee\\\/de\\\/pood\\\/bettwaesche\\\/premium-bettwaesche-set-bambus-kobaltblau\\\/#primaryimage\",\"url\":\"https:\\\/\\\/aztex.ee\\\/wp-content\\\/uploads\\\/2025\\\/05\\\/Voodipesukomplekt-bambus-Koobaltsinine.jpg\",\"contentUrl\":\"https:\\\/\\\/aztex.ee\\\/wp-content\\\/uploads\\\/2025\\\/05\\\/Voodipesukomplekt-bambus-Koobaltsinine.jpg\",\"width\":800,\"height\":800,\"caption\":\"Voodipesukomplekt bambus Koobaltsinine\"},{\"@type\":\"BreadcrumbList\",\"@id\":\"https:\\\/\\\/aztex.ee\\\/de\\\/pood\\\/bettwaesche\\\/premium-bettwaesche-set-bambus-kobaltblau\\\/#breadcrumb\",\"itemListElement\":[{\"@type\":\"ListItem\",\"position\":1,\"name\":\"Startseite\",\"item\":\"https:\\\/\\\/aztex.ee\\\/de\\\/\"},{\"@type\":\"ListItem\",\"position\":2,\"name\":\"Shop\",\"item\":\"https:\\\/\\\/aztex.ee\\\/de\\\/shop\\\/\"},{\"@type\":\"ListItem\",\"position\":3,\"name\":\"Premium Bettw\u00e4sche-Set 100% Bambus | Kobaltblau\"}]},{\"@type\":\"WebSite\",\"@id\":\"https:\\\/\\\/aztex.ee\\\/de\\\/#website\",\"url\":\"https:\\\/\\\/aztex.ee\\\/de\\\/\",\"name\":\"AZTEX\",\"description\":\"\",\"publisher\":{\"@id\":\"https:\\\/\\\/aztex.ee\\\/de\\\/#organization\"},\"potentialAction\":[{\"@type\":\"SearchAction\",\"target\":{\"@type\":\"EntryPoint\",\"urlTemplate\":\"https:\\\/\\\/aztex.ee\\\/de\\\/?s={search_term_string}\"},\"query-input\":{\"@type\":\"PropertyValueSpecification\",\"valueRequired\":true,\"valueName\":\"search_term_string\"}}],\"inLanguage\":\"de\"},{\"@type\":\"Organization\",\"@id\":\"https:\\\/\\\/aztex.ee\\\/de\\\/#organization\",\"name\":\"AZTEX\",\"url\":\"https:\\\/\\\/aztex.ee\\\/de\\\/\",\"logo\":{\"@type\":\"ImageObject\",\"inLanguage\":\"de\",\"@id\":\"https:\\\/\\\/aztex.ee\\\/de\\\/#\\\/schema\\\/logo\\\/image\\\/\",\"url\":\"https:\\\/\\\/aztex.ee\\\/wp-content\\\/uploads\\\/2026\\\/01\\\/AZTEX.png\",\"contentUrl\":\"https:\\\/\\\/aztex.ee\\\/wp-content\\\/uploads\\\/2026\\\/01\\\/AZTEX.png\",\"width\":500,\"height\":500,\"caption\":\"AZTEX\"},\"image\":{\"@id\":\"https:\\\/\\\/aztex.ee\\\/de\\\/#\\\/schema\\\/logo\\\/image\\\/\"},\"sameAs\":[\"https:\\\/\\\/www.facebook.com\\\/AztexEE\",\"https:\\\/\\\/www.instagram.com\\\/aztexeesti\\\/\",\"https:\\\/\\\/www.youtube.com\\\/@AZTEXEE\",\"https:\\\/\\\/www.pinterest.com\\\/aztex_eesti\\\/\",\"https:\\\/\\\/www.tiktok.com\\\/@aztexeesti\",\"https:\\\/\\\/www.trustpilot.com\\\/review\\\/aztex.ee\",\"https:\\\/\\\/www.linkedin.com\\\/company\\\/aztex-ee\\\/\",\"https:\\\/\\\/www.wikidata.org\\\/wiki\\\/Q137560182\"]}]}<\/script>\n<!-- \/ Yoast SEO plugin. -->","yoast_head_json":{"title":"Bettw\u00e4sche Set 100% Bambus - Kobaltblau | AZTEX","description":"Dieses antibakterielle und langlebige Bettw\u00e4scheset aus Bambus ist eine gro\u00dfartige Wahl f\u00fcr alle, die Wert auf Qualit\u00e4t, Langlebigkeit und ein weiches Tragegef\u00fchl legen.","robots":{"index":"index","follow":"follow","max-snippet":"max-snippet:-1","max-image-preview":"max-image-preview:large","max-video-preview":"max-video-preview:-1"},"canonical":"https:\/\/aztex.ee\/de\/pood\/bettwaesche\/premium-bettwaesche-set-bambus-kobaltblau\/","og_locale":"de_DE","og_type":"article","og_title":"Bettw\u00e4sche Set 100% Bambus - Kobaltblau | AZTEX","og_description":"Dieses antibakterielle und langlebige Bettw\u00e4scheset aus Bambus ist eine gro\u00dfartige Wahl f\u00fcr alle, die Wert auf Qualit\u00e4t, Langlebigkeit und ein weiches Tragegef\u00fchl legen.","og_url":"https:\/\/aztex.ee\/de\/pood\/bettwaesche\/premium-bettwaesche-set-bambus-kobaltblau\/","og_site_name":"AZTEX","article_publisher":"https:\/\/www.facebook.com\/AztexEE","article_modified_time":"2025-11-12T12:16:37+00:00","og_image":[{"width":800,"height":800,"url":"https:\/\/aztex.ee\/wp-content\/uploads\/2025\/05\/Voodipesukomplekt-bambus-Koobaltsinine.jpg","type":"image\/jpeg"}],"twitter_card":"summary_large_image","twitter_misc":{"Gesch\u00e4tzte Lesezeit":"1\u00a0Minute"},"schema":{"@context":"https:\/\/schema.org","@graph":[{"@type":["WebPage","ItemPage"],"@id":"https:\/\/aztex.ee\/de\/pood\/bettwaesche\/premium-bettwaesche-set-bambus-kobaltblau\/","url":"https:\/\/aztex.ee\/de\/pood\/bettwaesche\/premium-bettwaesche-set-bambus-kobaltblau\/","name":"Bettw\u00e4sche Set 100% Bambus - Kobaltblau | AZTEX","isPartOf":{"@id":"https:\/\/aztex.ee\/de\/#website"},"primaryImageOfPage":{"@id":"https:\/\/aztex.ee\/de\/pood\/bettwaesche\/premium-bettwaesche-set-bambus-kobaltblau\/#primaryimage"},"image":{"@id":"https:\/\/aztex.ee\/de\/pood\/bettwaesche\/premium-bettwaesche-set-bambus-kobaltblau\/#primaryimage"},"thumbnailUrl":"https:\/\/aztex.ee\/wp-content\/uploads\/2025\/05\/Voodipesukomplekt-bambus-Koobaltsinine.jpg","datePublished":"2025-05-17T20:18:23+00:00","dateModified":"2025-11-12T12:16:37+00:00","description":"Dieses antibakterielle und langlebige Bettw\u00e4scheset aus Bambus ist eine gro\u00dfartige Wahl f\u00fcr alle, die Wert auf Qualit\u00e4t, Langlebigkeit und ein weiches Tragegef\u00fchl legen.","breadcrumb":{"@id":"https:\/\/aztex.ee\/de\/pood\/bettwaesche\/premium-bettwaesche-set-bambus-kobaltblau\/#breadcrumb"},"inLanguage":"de","potentialAction":[{"@type":"ReadAction","target":["https:\/\/aztex.ee\/de\/pood\/bettwaesche\/premium-bettwaesche-set-bambus-kobaltblau\/"]}]},{"@type":"ImageObject","inLanguage":"de","@id":"https:\/\/aztex.ee\/de\/pood\/bettwaesche\/premium-bettwaesche-set-bambus-kobaltblau\/#primaryimage","url":"https:\/\/aztex.ee\/wp-content\/uploads\/2025\/05\/Voodipesukomplekt-bambus-Koobaltsinine.jpg","contentUrl":"https:\/\/aztex.ee\/wp-content\/uploads\/2025\/05\/Voodipesukomplekt-bambus-Koobaltsinine.jpg","width":800,"height":800,"caption":"Voodipesukomplekt bambus Koobaltsinine"},{"@type":"BreadcrumbList","@id":"https:\/\/aztex.ee\/de\/pood\/bettwaesche\/premium-bettwaesche-set-bambus-kobaltblau\/#breadcrumb","itemListElement":[{"@type":"ListItem","position":1,"name":"Startseite","item":"https:\/\/aztex.ee\/de\/"},{"@type":"ListItem","position":2,"name":"Shop","item":"https:\/\/aztex.ee\/de\/shop\/"},{"@type":"ListItem","position":3,"name":"Premium Bettw\u00e4sche-Set 100% Bambus | Kobaltblau"}]},{"@type":"WebSite","@id":"https:\/\/aztex.ee\/de\/#website","url":"https:\/\/aztex.ee\/de\/","name":"AZTEX","description":"","publisher":{"@id":"https:\/\/aztex.ee\/de\/#organization"},"potentialAction":[{"@type":"SearchAction","target":{"@type":"EntryPoint","urlTemplate":"https:\/\/aztex.ee\/de\/?s={search_term_string}"},"query-input":{"@type":"PropertyValueSpecification","valueRequired":true,"valueName":"search_term_string"}}],"inLanguage":"de"},{"@type":"Organization","@id":"https:\/\/aztex.ee\/de\/#organization","name":"AZTEX","url":"https:\/\/aztex.ee\/de\/","logo":{"@type":"ImageObject","inLanguage":"de","@id":"https:\/\/aztex.ee\/de\/#\/schema\/logo\/image\/","url":"https:\/\/aztex.ee\/wp-content\/uploads\/2026\/01\/AZTEX.png","contentUrl":"https:\/\/aztex.ee\/wp-content\/uploads\/2026\/01\/AZTEX.png","width":500,"height":500,"caption":"AZTEX"},"image":{"@id":"https:\/\/aztex.ee\/de\/#\/schema\/logo\/image\/"},"sameAs":["https:\/\/www.facebook.com\/AztexEE","https:\/\/www.instagram.com\/aztexeesti\/","https:\/\/www.youtube.com\/@AZTEXEE","https:\/\/www.pinterest.com\/aztex_eesti\/","https:\/\/www.tiktok.com\/@aztexeesti","https:\/\/www.trustpilot.com\/review\/aztex.ee","https:\/\/www.linkedin.com\/company\/aztex-ee\/","https:\/\/www.wikidata.org\/wiki\/Q137560182"]}]}},"_links":{"self":[{"href":"https:\/\/aztex.ee\/de\/wp-json\/wp\/v2\/product\/87171","targetHints":{"allow":["GET"]}}],"collection":[{"href":"https:\/\/aztex.ee\/de\/wp-json\/wp\/v2\/product"}],"about":[{"href":"https:\/\/aztex.ee\/de\/wp-json\/wp\/v2\/types\/product"}],"replies":[{"embeddable":true,"href":"https:\/\/aztex.ee\/de\/wp-json\/wp\/v2\/comments?post=87171"}],"version-history":[{"count":0,"href":"https:\/\/aztex.ee\/de\/wp-json\/wp\/v2\/product\/87171\/revisions"}],"wp:featuredmedia":[{"embeddable":true,"href":"https:\/\/aztex.ee\/de\/wp-json\/wp\/v2\/media\/87189"}],"wp:attachment":[{"href":"https:\/\/aztex.ee\/de\/wp-json\/wp\/v2\/media?parent=87171"}],"wp:term":[{"taxonomy":"product_brand","embeddable":true,"href":"https:\/\/aztex.ee\/de\/wp-json\/wp\/v2\/product_brand?post=87171"},{"taxonomy":"product_cat","embeddable":true,"href":"https:\/\/aztex.ee\/de\/wp-json\/wp\/v2\/product_cat?post=87171"},{"taxonomy":"product_tag","embeddable":true,"href":"https:\/\/aztex.ee\/de\/wp-json\/wp\/v2\/product_tag?post=87171"}],"curies":[{"name":"wp","href":"https:\/\/api.w.org\/{rel}","templated":true}]}}