{"id":81792,"date":"2025-04-27T12:40:39","date_gmt":"2025-04-27T12:40:39","guid":{"rendered":"https:\/\/aztex.ee\/?post_type=product&#038;p=81792"},"modified":"2025-04-27T13:17:32","modified_gmt":"2025-04-27T13:17:32","slug":"tencel-kissenbezug-kirschrosa","status":"publish","type":"product","link":"https:\/\/aztex.ee\/de\/pood\/kissenbezuge\/tencel-kissenbezug-kirschrosa\/","title":{"rendered":"Tencel Kissenbezug \u2013 Kirschrosa"},"content":{"rendered":"<p><strong>Nat\u00fcrlich weich<\/strong><\/p>\n<p>Tencel-Stoff wird aus Eukalyptuszellulose hergestellt, die im umweltfreundlichen Lyocell-Verfahren verarbeitet wird. Die Zellulose wird in einem ungiftigen L\u00f6sungsmittel gel\u00f6st, zu Fasern gepresst und zu Garn verarbeitet. Das macht den Stoff weich, atmungsaktiv, robust und \u00f6kologisch nachhaltig.<\/p>\n<p><strong>Hautfreundlich<\/strong><\/p>\n<p>Tencel ist ideal f\u00fcr empfindliche Haut, da es hypoallergen ist. Seine glatte Oberfl\u00e4che reduziert Reibungsreizungen und tr\u00e4gt zum nat\u00fcrlichen Feuchtigkeitshaushalt der Haut bei. Ein Tencel-Kissenbezug sorgt f\u00fcr erholsamen Schlaf und pflegt gleichzeitig die Haut.<\/p>\n<p><strong>Elegante Optik<\/strong><\/p>\n<p>Ein Tencel-Kissenbezug passt zu allen Bettw\u00e4sche-Sets und verleiht dem Schlafzimmer einen schlichten und eleganten Look, der jedes Einrichtungsdesign erg\u00e4nzt. Sein klassisches und stilvolles Design passt zu allen Einrichtungsstilen \u2013 von modernen bis hin zu traditionellen Schlafzimmern. Ein Tencel-Kissenbezug besticht durch sein luxuri\u00f6ses und elegantes Aussehen und macht jeden Schlafmoment angenehmer.<\/p>\n<p><strong>Pflege<\/strong><\/p>\n<p>Pflegeleicht \u2013 Maschinenw\u00e4sche bei niedriger Temperatur erh\u00e4lt die Eigenschaften des Stoffes. Wir empfehlen Lufttrocknen f\u00fcr lange Haltbarkeit und Weichheit.<\/p>\n","protected":false},"excerpt":{"rendered":"<p>Tencel-Kissenbez\u00fcge werden aus Eukalyptusfasern hergestellt.<\/p>\n<ul>\n<li>Farbe: Kirschrosa<\/li>\n<li>Material: 100% Tencel<\/li>\n<li>Fadenzahl: 60S \/ 300TC<\/li>\n<\/ul>\n<p><img loading=\"lazy\" decoding=\"async\" class=\"alignnone wp-image-63145\" src=\"https:\/\/aztex.ee\/wp-content\/uploads\/2025\/03\/tencel-certified-400x129.png\" alt=\"\" width=\"131\" height=\"42\" srcset=\"https:\/\/aztex.ee\/wp-content\/uploads\/2025\/03\/tencel-certified-400x129.png 400w, https:\/\/aztex.ee\/wp-content\/uploads\/2025\/03\/tencel-certified-430x139.png 430w, https:\/\/aztex.ee\/wp-content\/uploads\/2025\/03\/tencel-certified-150x49.png 150w, https:\/\/aztex.ee\/wp-content\/uploads\/2025\/03\/tencel-certified.png 516w\" sizes=\"auto, (max-width: 131px) 100vw, 131px\" \/><img loading=\"lazy\" decoding=\"async\" class=\"alignnone wp-image-63168\" src=\"https:\/\/aztex.ee\/wp-content\/uploads\/2025\/03\/oeko-tex-standard-100.png\" alt=\"\" width=\"130\" height=\"43\" srcset=\"https:\/\/aztex.ee\/wp-content\/uploads\/2025\/03\/oeko-tex-standard-100.png 200w, https:\/\/aztex.ee\/wp-content\/uploads\/2025\/03\/oeko-tex-standard-100-150x50.png 150w\" sizes=\"auto, (max-width: 130px) 100vw, 130px\" \/><\/p>\n","protected":false},"featured_media":81898,"comment_status":"open","ping_status":"closed","template":"","meta":[],"product_brand":[],"product_cat":[1774,6029],"product_tag":[],"class_list":{"0":"post-81792","1":"product","2":"type-product","3":"status-publish","4":"has-post-thumbnail","6":"product_cat-kissenbezuge","7":"product_cat-tencel-kissenbezuge","9":"first","10":"instock","11":"shipping-taxable","12":"purchasable","13":"product-type-variable"},"yoast_head":"<!-- This site is optimized with the Yoast SEO plugin v27.6 - https:\/\/yoast.com\/product\/yoast-seo-wordpress\/ -->\n<title>Tencel Kissenbezug - Kirschrosa | AZTEX<\/title>\n<meta name=\"description\" content=\"Der Kirschrosa TENCEL\u2122 Kissenbezug ist eine hautfreundliche und langlebige Wahl, die beim Schlafen ein angenehmes K\u00fchlgef\u00fchl vermittelt und dem Schlafzimmer ein elegantes Aussehen verleiht.\" \/>\n<meta name=\"robots\" content=\"index, follow, max-snippet:-1, max-image-preview:large, max-video-preview:-1\" \/>\n<link rel=\"canonical\" href=\"https:\/\/aztex.ee\/de\/pood\/kissenbezuge\/tencel-kissenbezug-kirschrosa\/\" \/>\n<meta property=\"og:locale\" content=\"de_DE\" \/>\n<meta property=\"og:type\" content=\"article\" \/>\n<meta property=\"og:title\" content=\"Tencel Kissenbezug - Kirschrosa | AZTEX\" \/>\n<meta property=\"og:description\" content=\"Der Kirschrosa TENCEL\u2122 Kissenbezug ist eine hautfreundliche und langlebige Wahl, die beim Schlafen ein angenehmes K\u00fchlgef\u00fchl vermittelt und dem Schlafzimmer ein elegantes Aussehen verleiht.\" \/>\n<meta property=\"og:url\" content=\"https:\/\/aztex.ee\/de\/pood\/kissenbezuge\/tencel-kissenbezug-kirschrosa\/\" \/>\n<meta property=\"og:site_name\" content=\"AZTEX\" \/>\n<meta property=\"article:publisher\" content=\"https:\/\/www.facebook.com\/AztexEE\" \/>\n<meta property=\"article:modified_time\" content=\"2025-04-27T13:17:32+00:00\" \/>\n<meta property=\"og:image\" content=\"https:\/\/aztex.ee\/wp-content\/uploads\/2025\/04\/Tencel-padjapuur-Kirsiroosa.jpg\" \/>\n\t<meta property=\"og:image:width\" content=\"800\" \/>\n\t<meta property=\"og:image:height\" content=\"800\" \/>\n\t<meta property=\"og:image:type\" content=\"image\/jpeg\" \/>\n<meta name=\"twitter:card\" content=\"summary_large_image\" \/>\n<meta name=\"twitter:label1\" content=\"Gesch\u00e4tzte Lesezeit\" \/>\n\t<meta name=\"twitter:data1\" content=\"1\u00a0Minute\" \/>\n<script type=\"application\/ld+json\" class=\"yoast-schema-graph\">{\"@context\":\"https:\\\/\\\/schema.org\",\"@graph\":[{\"@type\":[\"WebPage\",\"ItemPage\"],\"@id\":\"https:\\\/\\\/aztex.ee\\\/de\\\/pood\\\/kissenbezuge\\\/tencel-kissenbezug-kirschrosa\\\/\",\"url\":\"https:\\\/\\\/aztex.ee\\\/de\\\/pood\\\/kissenbezuge\\\/tencel-kissenbezug-kirschrosa\\\/\",\"name\":\"Tencel Kissenbezug - Kirschrosa | AZTEX\",\"isPartOf\":{\"@id\":\"https:\\\/\\\/aztex.ee\\\/de\\\/#website\"},\"primaryImageOfPage\":{\"@id\":\"https:\\\/\\\/aztex.ee\\\/de\\\/pood\\\/kissenbezuge\\\/tencel-kissenbezug-kirschrosa\\\/#primaryimage\"},\"image\":{\"@id\":\"https:\\\/\\\/aztex.ee\\\/de\\\/pood\\\/kissenbezuge\\\/tencel-kissenbezug-kirschrosa\\\/#primaryimage\"},\"thumbnailUrl\":\"https:\\\/\\\/aztex.ee\\\/wp-content\\\/uploads\\\/2025\\\/04\\\/Tencel-padjapuur-Kirsiroosa.jpg\",\"datePublished\":\"2025-04-27T12:40:39+00:00\",\"dateModified\":\"2025-04-27T13:17:32+00:00\",\"description\":\"Der Kirschrosa TENCEL\u2122 Kissenbezug ist eine hautfreundliche und langlebige Wahl, die beim Schlafen ein angenehmes K\u00fchlgef\u00fchl vermittelt und dem Schlafzimmer ein elegantes Aussehen verleiht.\",\"breadcrumb\":{\"@id\":\"https:\\\/\\\/aztex.ee\\\/de\\\/pood\\\/kissenbezuge\\\/tencel-kissenbezug-kirschrosa\\\/#breadcrumb\"},\"inLanguage\":\"de\",\"potentialAction\":[{\"@type\":\"ReadAction\",\"target\":[\"https:\\\/\\\/aztex.ee\\\/de\\\/pood\\\/kissenbezuge\\\/tencel-kissenbezug-kirschrosa\\\/\"]}]},{\"@type\":\"ImageObject\",\"inLanguage\":\"de\",\"@id\":\"https:\\\/\\\/aztex.ee\\\/de\\\/pood\\\/kissenbezuge\\\/tencel-kissenbezug-kirschrosa\\\/#primaryimage\",\"url\":\"https:\\\/\\\/aztex.ee\\\/wp-content\\\/uploads\\\/2025\\\/04\\\/Tencel-padjapuur-Kirsiroosa.jpg\",\"contentUrl\":\"https:\\\/\\\/aztex.ee\\\/wp-content\\\/uploads\\\/2025\\\/04\\\/Tencel-padjapuur-Kirsiroosa.jpg\",\"width\":800,\"height\":800,\"caption\":\"Tencel padjap\u00fc\u00fcr Kirsiroosa\"},{\"@type\":\"BreadcrumbList\",\"@id\":\"https:\\\/\\\/aztex.ee\\\/de\\\/pood\\\/kissenbezuge\\\/tencel-kissenbezug-kirschrosa\\\/#breadcrumb\",\"itemListElement\":[{\"@type\":\"ListItem\",\"position\":1,\"name\":\"Startseite\",\"item\":\"https:\\\/\\\/aztex.ee\\\/de\\\/\"},{\"@type\":\"ListItem\",\"position\":2,\"name\":\"Shop\",\"item\":\"https:\\\/\\\/aztex.ee\\\/de\\\/shop\\\/\"},{\"@type\":\"ListItem\",\"position\":3,\"name\":\"Tencel Kissenbezug \u2013 Kirschrosa\"}]},{\"@type\":\"WebSite\",\"@id\":\"https:\\\/\\\/aztex.ee\\\/de\\\/#website\",\"url\":\"https:\\\/\\\/aztex.ee\\\/de\\\/\",\"name\":\"AZTEX\",\"description\":\"\",\"publisher\":{\"@id\":\"https:\\\/\\\/aztex.ee\\\/de\\\/#organization\"},\"potentialAction\":[{\"@type\":\"SearchAction\",\"target\":{\"@type\":\"EntryPoint\",\"urlTemplate\":\"https:\\\/\\\/aztex.ee\\\/de\\\/?s={search_term_string}\"},\"query-input\":{\"@type\":\"PropertyValueSpecification\",\"valueRequired\":true,\"valueName\":\"search_term_string\"}}],\"inLanguage\":\"de\"},{\"@type\":\"Organization\",\"@id\":\"https:\\\/\\\/aztex.ee\\\/de\\\/#organization\",\"name\":\"AZTEX\",\"url\":\"https:\\\/\\\/aztex.ee\\\/de\\\/\",\"logo\":{\"@type\":\"ImageObject\",\"inLanguage\":\"de\",\"@id\":\"https:\\\/\\\/aztex.ee\\\/de\\\/#\\\/schema\\\/logo\\\/image\\\/\",\"url\":\"https:\\\/\\\/aztex.ee\\\/wp-content\\\/uploads\\\/2026\\\/01\\\/AZTEX.png\",\"contentUrl\":\"https:\\\/\\\/aztex.ee\\\/wp-content\\\/uploads\\\/2026\\\/01\\\/AZTEX.png\",\"width\":500,\"height\":500,\"caption\":\"AZTEX\"},\"image\":{\"@id\":\"https:\\\/\\\/aztex.ee\\\/de\\\/#\\\/schema\\\/logo\\\/image\\\/\"},\"sameAs\":[\"https:\\\/\\\/www.facebook.com\\\/AztexEE\",\"https:\\\/\\\/www.instagram.com\\\/aztexeesti\\\/\",\"https:\\\/\\\/www.youtube.com\\\/@AZTEXEE\",\"https:\\\/\\\/www.pinterest.com\\\/aztex_eesti\\\/\",\"https:\\\/\\\/www.tiktok.com\\\/@aztexeesti\",\"https:\\\/\\\/www.trustpilot.com\\\/review\\\/aztex.ee\",\"https:\\\/\\\/www.linkedin.com\\\/company\\\/aztex-ee\\\/\",\"https:\\\/\\\/www.wikidata.org\\\/wiki\\\/Q137560182\"]}]}<\/script>\n<!-- \/ Yoast SEO plugin. -->","yoast_head_json":{"title":"Tencel Kissenbezug - Kirschrosa | AZTEX","description":"Der Kirschrosa TENCEL\u2122 Kissenbezug ist eine hautfreundliche und langlebige Wahl, die beim Schlafen ein angenehmes K\u00fchlgef\u00fchl vermittelt und dem Schlafzimmer ein elegantes Aussehen verleiht.","robots":{"index":"index","follow":"follow","max-snippet":"max-snippet:-1","max-image-preview":"max-image-preview:large","max-video-preview":"max-video-preview:-1"},"canonical":"https:\/\/aztex.ee\/de\/pood\/kissenbezuge\/tencel-kissenbezug-kirschrosa\/","og_locale":"de_DE","og_type":"article","og_title":"Tencel Kissenbezug - Kirschrosa | AZTEX","og_description":"Der Kirschrosa TENCEL\u2122 Kissenbezug ist eine hautfreundliche und langlebige Wahl, die beim Schlafen ein angenehmes K\u00fchlgef\u00fchl vermittelt und dem Schlafzimmer ein elegantes Aussehen verleiht.","og_url":"https:\/\/aztex.ee\/de\/pood\/kissenbezuge\/tencel-kissenbezug-kirschrosa\/","og_site_name":"AZTEX","article_publisher":"https:\/\/www.facebook.com\/AztexEE","article_modified_time":"2025-04-27T13:17:32+00:00","og_image":[{"width":800,"height":800,"url":"https:\/\/aztex.ee\/wp-content\/uploads\/2025\/04\/Tencel-padjapuur-Kirsiroosa.jpg","type":"image\/jpeg"}],"twitter_card":"summary_large_image","twitter_misc":{"Gesch\u00e4tzte Lesezeit":"1\u00a0Minute"},"schema":{"@context":"https:\/\/schema.org","@graph":[{"@type":["WebPage","ItemPage"],"@id":"https:\/\/aztex.ee\/de\/pood\/kissenbezuge\/tencel-kissenbezug-kirschrosa\/","url":"https:\/\/aztex.ee\/de\/pood\/kissenbezuge\/tencel-kissenbezug-kirschrosa\/","name":"Tencel Kissenbezug - Kirschrosa | AZTEX","isPartOf":{"@id":"https:\/\/aztex.ee\/de\/#website"},"primaryImageOfPage":{"@id":"https:\/\/aztex.ee\/de\/pood\/kissenbezuge\/tencel-kissenbezug-kirschrosa\/#primaryimage"},"image":{"@id":"https:\/\/aztex.ee\/de\/pood\/kissenbezuge\/tencel-kissenbezug-kirschrosa\/#primaryimage"},"thumbnailUrl":"https:\/\/aztex.ee\/wp-content\/uploads\/2025\/04\/Tencel-padjapuur-Kirsiroosa.jpg","datePublished":"2025-04-27T12:40:39+00:00","dateModified":"2025-04-27T13:17:32+00:00","description":"Der Kirschrosa TENCEL\u2122 Kissenbezug ist eine hautfreundliche und langlebige Wahl, die beim Schlafen ein angenehmes K\u00fchlgef\u00fchl vermittelt und dem Schlafzimmer ein elegantes Aussehen verleiht.","breadcrumb":{"@id":"https:\/\/aztex.ee\/de\/pood\/kissenbezuge\/tencel-kissenbezug-kirschrosa\/#breadcrumb"},"inLanguage":"de","potentialAction":[{"@type":"ReadAction","target":["https:\/\/aztex.ee\/de\/pood\/kissenbezuge\/tencel-kissenbezug-kirschrosa\/"]}]},{"@type":"ImageObject","inLanguage":"de","@id":"https:\/\/aztex.ee\/de\/pood\/kissenbezuge\/tencel-kissenbezug-kirschrosa\/#primaryimage","url":"https:\/\/aztex.ee\/wp-content\/uploads\/2025\/04\/Tencel-padjapuur-Kirsiroosa.jpg","contentUrl":"https:\/\/aztex.ee\/wp-content\/uploads\/2025\/04\/Tencel-padjapuur-Kirsiroosa.jpg","width":800,"height":800,"caption":"Tencel padjap\u00fc\u00fcr Kirsiroosa"},{"@type":"BreadcrumbList","@id":"https:\/\/aztex.ee\/de\/pood\/kissenbezuge\/tencel-kissenbezug-kirschrosa\/#breadcrumb","itemListElement":[{"@type":"ListItem","position":1,"name":"Startseite","item":"https:\/\/aztex.ee\/de\/"},{"@type":"ListItem","position":2,"name":"Shop","item":"https:\/\/aztex.ee\/de\/shop\/"},{"@type":"ListItem","position":3,"name":"Tencel Kissenbezug \u2013 Kirschrosa"}]},{"@type":"WebSite","@id":"https:\/\/aztex.ee\/de\/#website","url":"https:\/\/aztex.ee\/de\/","name":"AZTEX","description":"","publisher":{"@id":"https:\/\/aztex.ee\/de\/#organization"},"potentialAction":[{"@type":"SearchAction","target":{"@type":"EntryPoint","urlTemplate":"https:\/\/aztex.ee\/de\/?s={search_term_string}"},"query-input":{"@type":"PropertyValueSpecification","valueRequired":true,"valueName":"search_term_string"}}],"inLanguage":"de"},{"@type":"Organization","@id":"https:\/\/aztex.ee\/de\/#organization","name":"AZTEX","url":"https:\/\/aztex.ee\/de\/","logo":{"@type":"ImageObject","inLanguage":"de","@id":"https:\/\/aztex.ee\/de\/#\/schema\/logo\/image\/","url":"https:\/\/aztex.ee\/wp-content\/uploads\/2026\/01\/AZTEX.png","contentUrl":"https:\/\/aztex.ee\/wp-content\/uploads\/2026\/01\/AZTEX.png","width":500,"height":500,"caption":"AZTEX"},"image":{"@id":"https:\/\/aztex.ee\/de\/#\/schema\/logo\/image\/"},"sameAs":["https:\/\/www.facebook.com\/AztexEE","https:\/\/www.instagram.com\/aztexeesti\/","https:\/\/www.youtube.com\/@AZTEXEE","https:\/\/www.pinterest.com\/aztex_eesti\/","https:\/\/www.tiktok.com\/@aztexeesti","https:\/\/www.trustpilot.com\/review\/aztex.ee","https:\/\/www.linkedin.com\/company\/aztex-ee\/","https:\/\/www.wikidata.org\/wiki\/Q137560182"]}]}},"_links":{"self":[{"href":"https:\/\/aztex.ee\/de\/wp-json\/wp\/v2\/product\/81792","targetHints":{"allow":["GET"]}}],"collection":[{"href":"https:\/\/aztex.ee\/de\/wp-json\/wp\/v2\/product"}],"about":[{"href":"https:\/\/aztex.ee\/de\/wp-json\/wp\/v2\/types\/product"}],"replies":[{"embeddable":true,"href":"https:\/\/aztex.ee\/de\/wp-json\/wp\/v2\/comments?post=81792"}],"version-history":[{"count":0,"href":"https:\/\/aztex.ee\/de\/wp-json\/wp\/v2\/product\/81792\/revisions"}],"wp:featuredmedia":[{"embeddable":true,"href":"https:\/\/aztex.ee\/de\/wp-json\/wp\/v2\/media\/81898"}],"wp:attachment":[{"href":"https:\/\/aztex.ee\/de\/wp-json\/wp\/v2\/media?parent=81792"}],"wp:term":[{"taxonomy":"product_brand","embeddable":true,"href":"https:\/\/aztex.ee\/de\/wp-json\/wp\/v2\/product_brand?post=81792"},{"taxonomy":"product_cat","embeddable":true,"href":"https:\/\/aztex.ee\/de\/wp-json\/wp\/v2\/product_cat?post=81792"},{"taxonomy":"product_tag","embeddable":true,"href":"https:\/\/aztex.ee\/de\/wp-json\/wp\/v2\/product_tag?post=81792"}],"curies":[{"name":"wp","href":"https:\/\/api.w.org\/{rel}","templated":true}]}}