{"id":74549,"date":"2025-03-29T16:14:25","date_gmt":"2025-03-29T16:14:25","guid":{"rendered":"https:\/\/aztex.ee\/?post_type=product&#038;p=74549"},"modified":"2026-04-13T10:06:27","modified_gmt":"2026-04-13T10:06:27","slug":"badetuch-aus-baumwolle","status":"publish","type":"product","link":"https:\/\/aztex.ee\/de\/pood\/handtuecher-und-badetuecher\/badetuch-aus-baumwolle\/","title":{"rendered":"Badetuch 70&#215;140 cm"},"content":{"rendered":"<p><strong>Baumwoll badetuch \u2013 Weichheit und Funktionalit\u00e4t vereint<\/strong><\/p>\n<p>Ein Baumwoll badetuch besteht aus Naturfasern, die hautfreundlich und atmungsaktiv sind. Die weiche und zarte Textur macht es selbst f\u00fcr empfindliche Haut geeignet und sorgt bei jedem Gebrauch f\u00fcr ein angenehmes Tragegef\u00fchl. Dank der nat\u00fcrlichen Luftdurchl\u00e4ssigkeit der Baumwolle trocknet das Handtuch schnell und bleibt l\u00e4nger frisch.<\/p>\n<p><strong>Gute Feuchtigkeitsaufnahme<\/strong><\/p>\n<p>Ein hochwertiges und dicht gewebtes Badetuch nimmt Feuchtigkeit effektiv auf und hilft dem K\u00f6rper, nach dem Duschen, Baden oder der Sauna schnell zu trocknen. Weiche Baumwollfasern sorgen f\u00fcr eine hervorragende Aufnahme und schnelles Trocknen und machen es somit perfekt f\u00fcr den t\u00e4glichen Gebrauch sowie f\u00fcr Reisen oder den Wellness-Besuch.<\/p>\n<p><strong>Langlebig und pflegeleicht<\/strong><\/p>\n<p>Baumwolle ist ein strapazierf\u00e4higes und langlebiges Material, das h\u00e4ufigem Waschen standh\u00e4lt und auch nach Jahren seine Weichheit und Qualit\u00e4t beh\u00e4lt. Das Badetuch ist maschinenwaschbar und pflegeleicht \u2013 bei richtiger W\u00e4sche und Trocknung bleibt es lange frisch und flauschig. Der hochwertige Stoff beh\u00e4lt seine Form und Farbe und sorgt f\u00fcr lange Freude.<\/p>\n<p><strong>Ein Klassiker f\u00fcr jedes Badezimmer<\/strong><\/p>\n<p>Ein Baumwoll badetuch vereint Funktionalit\u00e4t und zeitlosen Stil. Seine nat\u00fcrlichen Farbt\u00f6ne und das klassische Design passen perfekt zu verschiedenen Badezimmereinrichtungen und verleihen dem Raum Gem\u00fctlichkeit und Eleganz. Dank der verschiedenen Farbt\u00f6ne findet jeder den passenden Farbton.<\/p>\n<p>Ein Baumwoll badetuch ist die ideale Wahl f\u00fcr alle, die Wert auf Komfort, Qualit\u00e4t und Langlebigkeit legen. Seine nat\u00fcrliche Zusammensetzung sorgt f\u00fcr sanfte Pflege, w\u00e4hrend die hervorragende Saugf\u00e4higkeit und die einfache Pflege es zu einem praktischen Begleiter im Alltag machen. Ob als Geschenk oder zur Versch\u00f6nerung Ihres eigenen Badezimmers \u2013 ein hochwertiges Baumwoll badetuch bietet stets ein luxuri\u00f6ses Gef\u00fchl und maximalen Komfort.<\/p>\n","protected":false},"excerpt":{"rendered":"<ul>\n<li>Material: 100% Baumwolle<\/li>\n<li>Gr\u00f6\u00dfe: 70&#215;140 cm \u00b13<\/li>\n<li>Gewicht: 400 g\/m2<\/li>\n<\/ul>\n","protected":false},"featured_media":74647,"comment_status":"open","ping_status":"closed","template":"","meta":[],"product_brand":[],"product_cat":[1585,1707,479],"product_tag":[],"class_list":{"0":"post-74549","1":"product","2":"type-product","3":"status-publish","4":"has-post-thumbnail","6":"product_cat-badetucher","7":"product_cat-badetucher-70x140-cm","8":"product_cat-handtuecher-und-badetuecher","10":"first","11":"instock","12":"shipping-taxable","13":"purchasable","14":"product-type-variable"},"yoast_head":"<!-- This site is optimized with the Yoast SEO plugin v27.3 - https:\/\/yoast.com\/product\/yoast-seo-wordpress\/ -->\n<title>Badetuch aus 100% Baumwolle - Hochwertig und weich | AZTEX<\/title>\n<meta name=\"description\" content=\"Das Badetuch aus Baumwolle ist weich, saugf\u00e4hig, strapazierf\u00e4hig und perfekt nach einer warmen Dusche oder einem entspannenden Bad.\" \/>\n<meta name=\"robots\" content=\"index, follow, max-snippet:-1, max-image-preview:large, max-video-preview:-1\" \/>\n<link rel=\"canonical\" href=\"https:\/\/aztex.ee\/de\/pood\/handtuecher-und-badetuecher\/badetuch-aus-baumwolle\/\" \/>\n<meta property=\"og:locale\" content=\"de_DE\" \/>\n<meta property=\"og:type\" content=\"article\" \/>\n<meta property=\"og:title\" content=\"Badetuch aus 100% Baumwolle - Hochwertig und weich | AZTEX\" \/>\n<meta property=\"og:description\" content=\"Das Badetuch aus Baumwolle ist weich, saugf\u00e4hig, strapazierf\u00e4hig und perfekt nach einer warmen Dusche oder einem entspannenden Bad.\" \/>\n<meta property=\"og:url\" content=\"https:\/\/aztex.ee\/de\/pood\/handtuecher-und-badetuecher\/badetuch-aus-baumwolle\/\" \/>\n<meta property=\"og:site_name\" content=\"AZTEX\" \/>\n<meta property=\"article:publisher\" content=\"https:\/\/www.facebook.com\/AztexEE\" \/>\n<meta property=\"article:modified_time\" content=\"2026-04-13T10:06:27+00:00\" \/>\n<meta property=\"og:image\" content=\"https:\/\/aztex.ee\/wp-content\/uploads\/2025\/03\/Vanniratik-70x140-cm-2.jpg\" \/>\n\t<meta property=\"og:image:width\" content=\"800\" \/>\n\t<meta property=\"og:image:height\" content=\"800\" \/>\n\t<meta property=\"og:image:type\" content=\"image\/jpeg\" \/>\n<meta name=\"twitter:card\" content=\"summary_large_image\" \/>\n<meta name=\"twitter:label1\" content=\"Gesch\u00e4tzte Lesezeit\" \/>\n\t<meta name=\"twitter:data1\" content=\"2\u00a0Minuten\" \/>\n<script type=\"application\/ld+json\" class=\"yoast-schema-graph\">{\"@context\":\"https:\\\/\\\/schema.org\",\"@graph\":[{\"@type\":[\"WebPage\",\"ItemPage\"],\"@id\":\"https:\\\/\\\/aztex.ee\\\/de\\\/pood\\\/handtuecher-und-badetuecher\\\/badetuch-aus-baumwolle\\\/\",\"url\":\"https:\\\/\\\/aztex.ee\\\/de\\\/pood\\\/handtuecher-und-badetuecher\\\/badetuch-aus-baumwolle\\\/\",\"name\":\"Badetuch aus 100% Baumwolle - Hochwertig und weich | AZTEX\",\"isPartOf\":{\"@id\":\"https:\\\/\\\/aztex.ee\\\/de\\\/#website\"},\"primaryImageOfPage\":{\"@id\":\"https:\\\/\\\/aztex.ee\\\/de\\\/pood\\\/handtuecher-und-badetuecher\\\/badetuch-aus-baumwolle\\\/#primaryimage\"},\"image\":{\"@id\":\"https:\\\/\\\/aztex.ee\\\/de\\\/pood\\\/handtuecher-und-badetuecher\\\/badetuch-aus-baumwolle\\\/#primaryimage\"},\"thumbnailUrl\":\"https:\\\/\\\/aztex.ee\\\/wp-content\\\/uploads\\\/2025\\\/03\\\/Vanniratik-70x140-cm-2.jpg\",\"datePublished\":\"2025-03-29T16:14:25+00:00\",\"dateModified\":\"2026-04-13T10:06:27+00:00\",\"description\":\"Das Badetuch aus Baumwolle ist weich, saugf\u00e4hig, strapazierf\u00e4hig und perfekt nach einer warmen Dusche oder einem entspannenden Bad.\",\"breadcrumb\":{\"@id\":\"https:\\\/\\\/aztex.ee\\\/de\\\/pood\\\/handtuecher-und-badetuecher\\\/badetuch-aus-baumwolle\\\/#breadcrumb\"},\"inLanguage\":\"de\",\"potentialAction\":[{\"@type\":\"ReadAction\",\"target\":[\"https:\\\/\\\/aztex.ee\\\/de\\\/pood\\\/handtuecher-und-badetuecher\\\/badetuch-aus-baumwolle\\\/\"]}]},{\"@type\":\"ImageObject\",\"inLanguage\":\"de\",\"@id\":\"https:\\\/\\\/aztex.ee\\\/de\\\/pood\\\/handtuecher-und-badetuecher\\\/badetuch-aus-baumwolle\\\/#primaryimage\",\"url\":\"https:\\\/\\\/aztex.ee\\\/wp-content\\\/uploads\\\/2025\\\/03\\\/Vanniratik-70x140-cm-2.jpg\",\"contentUrl\":\"https:\\\/\\\/aztex.ee\\\/wp-content\\\/uploads\\\/2025\\\/03\\\/Vanniratik-70x140-cm-2.jpg\",\"width\":800,\"height\":800,\"caption\":\"Vannir\u00e4tik 70x140 cm\"},{\"@type\":\"BreadcrumbList\",\"@id\":\"https:\\\/\\\/aztex.ee\\\/de\\\/pood\\\/handtuecher-und-badetuecher\\\/badetuch-aus-baumwolle\\\/#breadcrumb\",\"itemListElement\":[{\"@type\":\"ListItem\",\"position\":1,\"name\":\"Startseite\",\"item\":\"https:\\\/\\\/aztex.ee\\\/de\\\/\"},{\"@type\":\"ListItem\",\"position\":2,\"name\":\"Shop\",\"item\":\"https:\\\/\\\/aztex.ee\\\/de\\\/shop\\\/\"},{\"@type\":\"ListItem\",\"position\":3,\"name\":\"Badetuch 70&#215;140 cm\"}]},{\"@type\":\"WebSite\",\"@id\":\"https:\\\/\\\/aztex.ee\\\/de\\\/#website\",\"url\":\"https:\\\/\\\/aztex.ee\\\/de\\\/\",\"name\":\"AZTEX\",\"description\":\"\",\"publisher\":{\"@id\":\"https:\\\/\\\/aztex.ee\\\/de\\\/#organization\"},\"potentialAction\":[{\"@type\":\"SearchAction\",\"target\":{\"@type\":\"EntryPoint\",\"urlTemplate\":\"https:\\\/\\\/aztex.ee\\\/de\\\/?s={search_term_string}\"},\"query-input\":{\"@type\":\"PropertyValueSpecification\",\"valueRequired\":true,\"valueName\":\"search_term_string\"}}],\"inLanguage\":\"de\"},{\"@type\":\"Organization\",\"@id\":\"https:\\\/\\\/aztex.ee\\\/de\\\/#organization\",\"name\":\"AZTEX\",\"url\":\"https:\\\/\\\/aztex.ee\\\/de\\\/\",\"logo\":{\"@type\":\"ImageObject\",\"inLanguage\":\"de\",\"@id\":\"https:\\\/\\\/aztex.ee\\\/de\\\/#\\\/schema\\\/logo\\\/image\\\/\",\"url\":\"https:\\\/\\\/aztex.ee\\\/wp-content\\\/uploads\\\/2026\\\/01\\\/AZTEX.png\",\"contentUrl\":\"https:\\\/\\\/aztex.ee\\\/wp-content\\\/uploads\\\/2026\\\/01\\\/AZTEX.png\",\"width\":500,\"height\":500,\"caption\":\"AZTEX\"},\"image\":{\"@id\":\"https:\\\/\\\/aztex.ee\\\/de\\\/#\\\/schema\\\/logo\\\/image\\\/\"},\"sameAs\":[\"https:\\\/\\\/www.facebook.com\\\/AztexEE\",\"https:\\\/\\\/www.instagram.com\\\/aztexeesti\\\/\",\"https:\\\/\\\/www.youtube.com\\\/@AZTEXEE\",\"https:\\\/\\\/www.pinterest.com\\\/aztex_eesti\\\/\",\"https:\\\/\\\/www.tiktok.com\\\/@aztexeesti\",\"https:\\\/\\\/www.trustpilot.com\\\/review\\\/aztex.ee\",\"https:\\\/\\\/www.linkedin.com\\\/company\\\/aztex-ee\\\/\",\"https:\\\/\\\/www.wikidata.org\\\/wiki\\\/Q137560182\"]}]}<\/script>\n<!-- \/ Yoast SEO plugin. -->","yoast_head_json":{"title":"Badetuch aus 100% Baumwolle - Hochwertig und weich | AZTEX","description":"Das Badetuch aus Baumwolle ist weich, saugf\u00e4hig, strapazierf\u00e4hig und perfekt nach einer warmen Dusche oder einem entspannenden Bad.","robots":{"index":"index","follow":"follow","max-snippet":"max-snippet:-1","max-image-preview":"max-image-preview:large","max-video-preview":"max-video-preview:-1"},"canonical":"https:\/\/aztex.ee\/de\/pood\/handtuecher-und-badetuecher\/badetuch-aus-baumwolle\/","og_locale":"de_DE","og_type":"article","og_title":"Badetuch aus 100% Baumwolle - Hochwertig und weich | AZTEX","og_description":"Das Badetuch aus Baumwolle ist weich, saugf\u00e4hig, strapazierf\u00e4hig und perfekt nach einer warmen Dusche oder einem entspannenden Bad.","og_url":"https:\/\/aztex.ee\/de\/pood\/handtuecher-und-badetuecher\/badetuch-aus-baumwolle\/","og_site_name":"AZTEX","article_publisher":"https:\/\/www.facebook.com\/AztexEE","article_modified_time":"2026-04-13T10:06:27+00:00","og_image":[{"width":800,"height":800,"url":"https:\/\/aztex.ee\/wp-content\/uploads\/2025\/03\/Vanniratik-70x140-cm-2.jpg","type":"image\/jpeg"}],"twitter_card":"summary_large_image","twitter_misc":{"Gesch\u00e4tzte Lesezeit":"2\u00a0Minuten"},"schema":{"@context":"https:\/\/schema.org","@graph":[{"@type":["WebPage","ItemPage"],"@id":"https:\/\/aztex.ee\/de\/pood\/handtuecher-und-badetuecher\/badetuch-aus-baumwolle\/","url":"https:\/\/aztex.ee\/de\/pood\/handtuecher-und-badetuecher\/badetuch-aus-baumwolle\/","name":"Badetuch aus 100% Baumwolle - Hochwertig und weich | AZTEX","isPartOf":{"@id":"https:\/\/aztex.ee\/de\/#website"},"primaryImageOfPage":{"@id":"https:\/\/aztex.ee\/de\/pood\/handtuecher-und-badetuecher\/badetuch-aus-baumwolle\/#primaryimage"},"image":{"@id":"https:\/\/aztex.ee\/de\/pood\/handtuecher-und-badetuecher\/badetuch-aus-baumwolle\/#primaryimage"},"thumbnailUrl":"https:\/\/aztex.ee\/wp-content\/uploads\/2025\/03\/Vanniratik-70x140-cm-2.jpg","datePublished":"2025-03-29T16:14:25+00:00","dateModified":"2026-04-13T10:06:27+00:00","description":"Das Badetuch aus Baumwolle ist weich, saugf\u00e4hig, strapazierf\u00e4hig und perfekt nach einer warmen Dusche oder einem entspannenden Bad.","breadcrumb":{"@id":"https:\/\/aztex.ee\/de\/pood\/handtuecher-und-badetuecher\/badetuch-aus-baumwolle\/#breadcrumb"},"inLanguage":"de","potentialAction":[{"@type":"ReadAction","target":["https:\/\/aztex.ee\/de\/pood\/handtuecher-und-badetuecher\/badetuch-aus-baumwolle\/"]}]},{"@type":"ImageObject","inLanguage":"de","@id":"https:\/\/aztex.ee\/de\/pood\/handtuecher-und-badetuecher\/badetuch-aus-baumwolle\/#primaryimage","url":"https:\/\/aztex.ee\/wp-content\/uploads\/2025\/03\/Vanniratik-70x140-cm-2.jpg","contentUrl":"https:\/\/aztex.ee\/wp-content\/uploads\/2025\/03\/Vanniratik-70x140-cm-2.jpg","width":800,"height":800,"caption":"Vannir\u00e4tik 70x140 cm"},{"@type":"BreadcrumbList","@id":"https:\/\/aztex.ee\/de\/pood\/handtuecher-und-badetuecher\/badetuch-aus-baumwolle\/#breadcrumb","itemListElement":[{"@type":"ListItem","position":1,"name":"Startseite","item":"https:\/\/aztex.ee\/de\/"},{"@type":"ListItem","position":2,"name":"Shop","item":"https:\/\/aztex.ee\/de\/shop\/"},{"@type":"ListItem","position":3,"name":"Badetuch 70&#215;140 cm"}]},{"@type":"WebSite","@id":"https:\/\/aztex.ee\/de\/#website","url":"https:\/\/aztex.ee\/de\/","name":"AZTEX","description":"","publisher":{"@id":"https:\/\/aztex.ee\/de\/#organization"},"potentialAction":[{"@type":"SearchAction","target":{"@type":"EntryPoint","urlTemplate":"https:\/\/aztex.ee\/de\/?s={search_term_string}"},"query-input":{"@type":"PropertyValueSpecification","valueRequired":true,"valueName":"search_term_string"}}],"inLanguage":"de"},{"@type":"Organization","@id":"https:\/\/aztex.ee\/de\/#organization","name":"AZTEX","url":"https:\/\/aztex.ee\/de\/","logo":{"@type":"ImageObject","inLanguage":"de","@id":"https:\/\/aztex.ee\/de\/#\/schema\/logo\/image\/","url":"https:\/\/aztex.ee\/wp-content\/uploads\/2026\/01\/AZTEX.png","contentUrl":"https:\/\/aztex.ee\/wp-content\/uploads\/2026\/01\/AZTEX.png","width":500,"height":500,"caption":"AZTEX"},"image":{"@id":"https:\/\/aztex.ee\/de\/#\/schema\/logo\/image\/"},"sameAs":["https:\/\/www.facebook.com\/AztexEE","https:\/\/www.instagram.com\/aztexeesti\/","https:\/\/www.youtube.com\/@AZTEXEE","https:\/\/www.pinterest.com\/aztex_eesti\/","https:\/\/www.tiktok.com\/@aztexeesti","https:\/\/www.trustpilot.com\/review\/aztex.ee","https:\/\/www.linkedin.com\/company\/aztex-ee\/","https:\/\/www.wikidata.org\/wiki\/Q137560182"]}]}},"_links":{"self":[{"href":"https:\/\/aztex.ee\/de\/wp-json\/wp\/v2\/product\/74549","targetHints":{"allow":["GET"]}}],"collection":[{"href":"https:\/\/aztex.ee\/de\/wp-json\/wp\/v2\/product"}],"about":[{"href":"https:\/\/aztex.ee\/de\/wp-json\/wp\/v2\/types\/product"}],"replies":[{"embeddable":true,"href":"https:\/\/aztex.ee\/de\/wp-json\/wp\/v2\/comments?post=74549"}],"version-history":[{"count":0,"href":"https:\/\/aztex.ee\/de\/wp-json\/wp\/v2\/product\/74549\/revisions"}],"wp:featuredmedia":[{"embeddable":true,"href":"https:\/\/aztex.ee\/de\/wp-json\/wp\/v2\/media\/74647"}],"wp:attachment":[{"href":"https:\/\/aztex.ee\/de\/wp-json\/wp\/v2\/media?parent=74549"}],"wp:term":[{"taxonomy":"product_brand","embeddable":true,"href":"https:\/\/aztex.ee\/de\/wp-json\/wp\/v2\/product_brand?post=74549"},{"taxonomy":"product_cat","embeddable":true,"href":"https:\/\/aztex.ee\/de\/wp-json\/wp\/v2\/product_cat?post=74549"},{"taxonomy":"product_tag","embeddable":true,"href":"https:\/\/aztex.ee\/de\/wp-json\/wp\/v2\/product_tag?post=74549"}],"curies":[{"name":"wp","href":"https:\/\/api.w.org\/{rel}","templated":true}]}}