{"id":73675,"date":"2025-03-28T22:57:25","date_gmt":"2025-03-28T22:57:25","guid":{"rendered":"https:\/\/aztex.ee\/?post_type=product&#038;p=73675"},"modified":"2026-04-12T18:52:29","modified_gmt":"2026-04-12T18:52:29","slug":"badetuch","status":"publish","type":"product","link":"https:\/\/aztex.ee\/de\/pood\/handtuecher-und-badetuecher\/badetuch\/","title":{"rendered":"Badetuch 70&#215;140 cm"},"content":{"rendered":"<p><strong>Baumwoll badetuch \u2013 weiches und hautfreundliches Material<\/strong><\/p>\n<p>Das Baumwoll badetuch besteht aus 100% hochwertiger Baumwolle und bietet au\u00dfergew\u00f6hnlichen Komfort und Weichheit. Bei jedem Gebrauch f\u00fchlt es sich sanft auf der Haut an und macht jedes Waschen zu einem angenehmen Erlebnis. Baumwolle ist hautfreundlich und auch f\u00fcr empfindliche Haut geeignet und bietet effektiven Schutz vor Irritationen.<\/p>\n<p><strong>Hervorragende Saugf\u00e4higkeit und schnelles Trocknen<\/strong><\/p>\n<p>Die dichte Webart des Badetuchs sorgt f\u00fcr eine hervorragende Saugf\u00e4higkeit, die Feuchtigkeit schnell aufnimmt und den K\u00f6rper trocknet. Das ist besonders wichtig f\u00fcr ein frisches und trockenes Gef\u00fchl. Dar\u00fcber hinaus trocknet das Badetuch schnell und ist in kurzer Zeit wieder einsatzbereit, ohne seine Weichheit zu verlieren.<\/p>\n<p><strong>Langlebig und strapazierf\u00e4hig<\/strong><\/p>\n<p>Dank der hochwertigen Baumwolle ist dieses Badetuch extrem strapazierf\u00e4hig und beh\u00e4lt auch nach mehreren W\u00e4schen sein Aussehen und seine Eigenschaften. Auch bei h\u00e4ufigem Gebrauch und Waschen verliert das Badetuch weder seine Weichheit noch seine Saugf\u00e4higkeit. Es ist eine wertvolle Investition f\u00fcr lang anhaltenden Komfort und Langlebigkeit.<\/p>\n<p><strong>Vielseitig einsetzbar<\/strong><\/p>\n<p>Ein Baumwoll badetuch eignet sich perfekt f\u00fcr jedes Badezimmer, aber auch hervorragend f\u00fcr Spa, Sauna oder Strand. Ob morgens duschen, abends baden oder einen freien Tag genie\u00dfen \u2013 dieses Badetuch verleiht jedem Moment zus\u00e4tzliche Weichheit und W\u00e4rme.<\/p>\n<p><strong>Pflegeleicht<\/strong><\/p>\n<p>Das Badetuch ist pflegeleicht \u2013 es ist maschinenwaschbar und trocknet schnell. So bleibt seine Qualit\u00e4t und Frische auch nach jedem Gebrauch erhalten. Dank der nat\u00fcrlichen Eigenschaften von Baumwolle ist es waschbest\u00e4ndig und jederzeit einsatzbereit. Sie m\u00fcssen sich keine Sorgen um Farbverblassungen machen, denn es ist auf Langlebigkeit ausgelegt und bietet Ihnen lange Freude.<\/p>\n<p>Ein Baumwoll badetuch ist die perfekte Erg\u00e4nzung f\u00fcr jedes Badezimmer. Sein elegantes Design und das hochwertige Material machen den Alltag zu etwas Besonderem und sorgen bei jedem Gebrauch f\u00fcr W\u00e4rme und Weichheit. Die Strapazierf\u00e4higkeit und Pflegeleichtigkeit des Badetuchs sorgen f\u00fcr lange Freude und Komfort im Alltag.<\/p>\n","protected":false},"excerpt":{"rendered":"<ul>\n<li>Material: 100% Baumwolle<\/li>\n<li>Gr\u00f6\u00dfe: 70&#215;140 cm \u00b13<\/li>\n<li>Gewicht: 450 g\/m2<\/li>\n<\/ul>\n","protected":false},"featured_media":73773,"comment_status":"open","ping_status":"closed","template":"","meta":[],"product_brand":[],"product_cat":[1585,1707,479],"product_tag":[],"class_list":{"0":"post-73675","1":"product","2":"type-product","3":"status-publish","4":"has-post-thumbnail","6":"product_cat-badetucher","7":"product_cat-badetucher-70x140-cm","8":"product_cat-handtuecher-und-badetuecher","10":"first","11":"instock","12":"shipping-taxable","13":"purchasable","14":"product-type-variable"},"yoast_head":"<!-- This site is optimized with the Yoast SEO plugin v27.3 - https:\/\/yoast.com\/product\/yoast-seo-wordpress\/ -->\n<title>Badetuch Bio-Baumwolle - Nat\u00fcrlich und Weich | AZTEX<\/title>\n<meta name=\"description\" content=\"Luxuri\u00f6ses, weiches und saugstarkes Badetuch aus Baumwolle, das schnell trocknet. Langlebig und angenehm anzufassen, perfekt f\u00fcr den t\u00e4glichen Gebrauch.\" \/>\n<meta name=\"robots\" content=\"index, follow, max-snippet:-1, max-image-preview:large, max-video-preview:-1\" \/>\n<link rel=\"canonical\" href=\"https:\/\/aztex.ee\/de\/pood\/handtuecher-und-badetuecher\/badetuch\/\" \/>\n<meta property=\"og:locale\" content=\"de_DE\" \/>\n<meta property=\"og:type\" content=\"article\" \/>\n<meta property=\"og:title\" content=\"Badetuch Bio-Baumwolle - Nat\u00fcrlich und Weich | AZTEX\" \/>\n<meta property=\"og:description\" content=\"Luxuri\u00f6ses, weiches und saugstarkes Badetuch aus Baumwolle, das schnell trocknet. Langlebig und angenehm anzufassen, perfekt f\u00fcr den t\u00e4glichen Gebrauch.\" \/>\n<meta property=\"og:url\" content=\"https:\/\/aztex.ee\/de\/pood\/handtuecher-und-badetuecher\/badetuch\/\" \/>\n<meta property=\"og:site_name\" content=\"AZTEX\" \/>\n<meta property=\"article:publisher\" content=\"https:\/\/www.facebook.com\/AztexEE\" \/>\n<meta property=\"article:modified_time\" content=\"2026-04-12T18:52:29+00:00\" \/>\n<meta property=\"og:image\" content=\"https:\/\/aztex.ee\/wp-content\/uploads\/2025\/03\/Vanniratik-70x140-2.jpg\" \/>\n\t<meta property=\"og:image:width\" content=\"800\" \/>\n\t<meta property=\"og:image:height\" content=\"800\" \/>\n\t<meta property=\"og:image:type\" content=\"image\/jpeg\" \/>\n<meta name=\"twitter:card\" content=\"summary_large_image\" \/>\n<meta name=\"twitter:label1\" content=\"Gesch\u00e4tzte Lesezeit\" \/>\n\t<meta name=\"twitter:data1\" content=\"2\u00a0Minuten\" \/>\n<script type=\"application\/ld+json\" class=\"yoast-schema-graph\">{\"@context\":\"https:\\\/\\\/schema.org\",\"@graph\":[{\"@type\":[\"WebPage\",\"ItemPage\"],\"@id\":\"https:\\\/\\\/aztex.ee\\\/de\\\/pood\\\/handtuecher-und-badetuecher\\\/badetuch\\\/\",\"url\":\"https:\\\/\\\/aztex.ee\\\/de\\\/pood\\\/handtuecher-und-badetuecher\\\/badetuch\\\/\",\"name\":\"Badetuch Bio-Baumwolle - Nat\u00fcrlich und Weich | AZTEX\",\"isPartOf\":{\"@id\":\"https:\\\/\\\/aztex.ee\\\/de\\\/#website\"},\"primaryImageOfPage\":{\"@id\":\"https:\\\/\\\/aztex.ee\\\/de\\\/pood\\\/handtuecher-und-badetuecher\\\/badetuch\\\/#primaryimage\"},\"image\":{\"@id\":\"https:\\\/\\\/aztex.ee\\\/de\\\/pood\\\/handtuecher-und-badetuecher\\\/badetuch\\\/#primaryimage\"},\"thumbnailUrl\":\"https:\\\/\\\/aztex.ee\\\/wp-content\\\/uploads\\\/2025\\\/03\\\/Vanniratik-70x140-2.jpg\",\"datePublished\":\"2025-03-28T22:57:25+00:00\",\"dateModified\":\"2026-04-12T18:52:29+00:00\",\"description\":\"Luxuri\u00f6ses, weiches und saugstarkes Badetuch aus Baumwolle, das schnell trocknet. Langlebig und angenehm anzufassen, perfekt f\u00fcr den t\u00e4glichen Gebrauch.\",\"breadcrumb\":{\"@id\":\"https:\\\/\\\/aztex.ee\\\/de\\\/pood\\\/handtuecher-und-badetuecher\\\/badetuch\\\/#breadcrumb\"},\"inLanguage\":\"de\",\"potentialAction\":[{\"@type\":\"ReadAction\",\"target\":[\"https:\\\/\\\/aztex.ee\\\/de\\\/pood\\\/handtuecher-und-badetuecher\\\/badetuch\\\/\"]}]},{\"@type\":\"ImageObject\",\"inLanguage\":\"de\",\"@id\":\"https:\\\/\\\/aztex.ee\\\/de\\\/pood\\\/handtuecher-und-badetuecher\\\/badetuch\\\/#primaryimage\",\"url\":\"https:\\\/\\\/aztex.ee\\\/wp-content\\\/uploads\\\/2025\\\/03\\\/Vanniratik-70x140-2.jpg\",\"contentUrl\":\"https:\\\/\\\/aztex.ee\\\/wp-content\\\/uploads\\\/2025\\\/03\\\/Vanniratik-70x140-2.jpg\",\"width\":800,\"height\":800,\"caption\":\"Vannir\u00e4tik 70x140\"},{\"@type\":\"BreadcrumbList\",\"@id\":\"https:\\\/\\\/aztex.ee\\\/de\\\/pood\\\/handtuecher-und-badetuecher\\\/badetuch\\\/#breadcrumb\",\"itemListElement\":[{\"@type\":\"ListItem\",\"position\":1,\"name\":\"Startseite\",\"item\":\"https:\\\/\\\/aztex.ee\\\/de\\\/\"},{\"@type\":\"ListItem\",\"position\":2,\"name\":\"Shop\",\"item\":\"https:\\\/\\\/aztex.ee\\\/de\\\/shop\\\/\"},{\"@type\":\"ListItem\",\"position\":3,\"name\":\"Badetuch 70&#215;140 cm\"}]},{\"@type\":\"WebSite\",\"@id\":\"https:\\\/\\\/aztex.ee\\\/de\\\/#website\",\"url\":\"https:\\\/\\\/aztex.ee\\\/de\\\/\",\"name\":\"AZTEX\",\"description\":\"\",\"publisher\":{\"@id\":\"https:\\\/\\\/aztex.ee\\\/de\\\/#organization\"},\"potentialAction\":[{\"@type\":\"SearchAction\",\"target\":{\"@type\":\"EntryPoint\",\"urlTemplate\":\"https:\\\/\\\/aztex.ee\\\/de\\\/?s={search_term_string}\"},\"query-input\":{\"@type\":\"PropertyValueSpecification\",\"valueRequired\":true,\"valueName\":\"search_term_string\"}}],\"inLanguage\":\"de\"},{\"@type\":\"Organization\",\"@id\":\"https:\\\/\\\/aztex.ee\\\/de\\\/#organization\",\"name\":\"AZTEX\",\"url\":\"https:\\\/\\\/aztex.ee\\\/de\\\/\",\"logo\":{\"@type\":\"ImageObject\",\"inLanguage\":\"de\",\"@id\":\"https:\\\/\\\/aztex.ee\\\/de\\\/#\\\/schema\\\/logo\\\/image\\\/\",\"url\":\"https:\\\/\\\/aztex.ee\\\/wp-content\\\/uploads\\\/2026\\\/01\\\/AZTEX.png\",\"contentUrl\":\"https:\\\/\\\/aztex.ee\\\/wp-content\\\/uploads\\\/2026\\\/01\\\/AZTEX.png\",\"width\":500,\"height\":500,\"caption\":\"AZTEX\"},\"image\":{\"@id\":\"https:\\\/\\\/aztex.ee\\\/de\\\/#\\\/schema\\\/logo\\\/image\\\/\"},\"sameAs\":[\"https:\\\/\\\/www.facebook.com\\\/AztexEE\",\"https:\\\/\\\/www.instagram.com\\\/aztexeesti\\\/\",\"https:\\\/\\\/www.youtube.com\\\/@AZTEXEE\",\"https:\\\/\\\/www.pinterest.com\\\/aztex_eesti\\\/\",\"https:\\\/\\\/www.tiktok.com\\\/@aztexeesti\",\"https:\\\/\\\/www.trustpilot.com\\\/review\\\/aztex.ee\",\"https:\\\/\\\/www.linkedin.com\\\/company\\\/aztex-ee\\\/\",\"https:\\\/\\\/www.wikidata.org\\\/wiki\\\/Q137560182\"]}]}<\/script>\n<!-- \/ Yoast SEO plugin. -->","yoast_head_json":{"title":"Badetuch Bio-Baumwolle - Nat\u00fcrlich und Weich | AZTEX","description":"Luxuri\u00f6ses, weiches und saugstarkes Badetuch aus Baumwolle, das schnell trocknet. Langlebig und angenehm anzufassen, perfekt f\u00fcr den t\u00e4glichen Gebrauch.","robots":{"index":"index","follow":"follow","max-snippet":"max-snippet:-1","max-image-preview":"max-image-preview:large","max-video-preview":"max-video-preview:-1"},"canonical":"https:\/\/aztex.ee\/de\/pood\/handtuecher-und-badetuecher\/badetuch\/","og_locale":"de_DE","og_type":"article","og_title":"Badetuch Bio-Baumwolle - Nat\u00fcrlich und Weich | AZTEX","og_description":"Luxuri\u00f6ses, weiches und saugstarkes Badetuch aus Baumwolle, das schnell trocknet. Langlebig und angenehm anzufassen, perfekt f\u00fcr den t\u00e4glichen Gebrauch.","og_url":"https:\/\/aztex.ee\/de\/pood\/handtuecher-und-badetuecher\/badetuch\/","og_site_name":"AZTEX","article_publisher":"https:\/\/www.facebook.com\/AztexEE","article_modified_time":"2026-04-12T18:52:29+00:00","og_image":[{"width":800,"height":800,"url":"https:\/\/aztex.ee\/wp-content\/uploads\/2025\/03\/Vanniratik-70x140-2.jpg","type":"image\/jpeg"}],"twitter_card":"summary_large_image","twitter_misc":{"Gesch\u00e4tzte Lesezeit":"2\u00a0Minuten"},"schema":{"@context":"https:\/\/schema.org","@graph":[{"@type":["WebPage","ItemPage"],"@id":"https:\/\/aztex.ee\/de\/pood\/handtuecher-und-badetuecher\/badetuch\/","url":"https:\/\/aztex.ee\/de\/pood\/handtuecher-und-badetuecher\/badetuch\/","name":"Badetuch Bio-Baumwolle - Nat\u00fcrlich und Weich | AZTEX","isPartOf":{"@id":"https:\/\/aztex.ee\/de\/#website"},"primaryImageOfPage":{"@id":"https:\/\/aztex.ee\/de\/pood\/handtuecher-und-badetuecher\/badetuch\/#primaryimage"},"image":{"@id":"https:\/\/aztex.ee\/de\/pood\/handtuecher-und-badetuecher\/badetuch\/#primaryimage"},"thumbnailUrl":"https:\/\/aztex.ee\/wp-content\/uploads\/2025\/03\/Vanniratik-70x140-2.jpg","datePublished":"2025-03-28T22:57:25+00:00","dateModified":"2026-04-12T18:52:29+00:00","description":"Luxuri\u00f6ses, weiches und saugstarkes Badetuch aus Baumwolle, das schnell trocknet. Langlebig und angenehm anzufassen, perfekt f\u00fcr den t\u00e4glichen Gebrauch.","breadcrumb":{"@id":"https:\/\/aztex.ee\/de\/pood\/handtuecher-und-badetuecher\/badetuch\/#breadcrumb"},"inLanguage":"de","potentialAction":[{"@type":"ReadAction","target":["https:\/\/aztex.ee\/de\/pood\/handtuecher-und-badetuecher\/badetuch\/"]}]},{"@type":"ImageObject","inLanguage":"de","@id":"https:\/\/aztex.ee\/de\/pood\/handtuecher-und-badetuecher\/badetuch\/#primaryimage","url":"https:\/\/aztex.ee\/wp-content\/uploads\/2025\/03\/Vanniratik-70x140-2.jpg","contentUrl":"https:\/\/aztex.ee\/wp-content\/uploads\/2025\/03\/Vanniratik-70x140-2.jpg","width":800,"height":800,"caption":"Vannir\u00e4tik 70x140"},{"@type":"BreadcrumbList","@id":"https:\/\/aztex.ee\/de\/pood\/handtuecher-und-badetuecher\/badetuch\/#breadcrumb","itemListElement":[{"@type":"ListItem","position":1,"name":"Startseite","item":"https:\/\/aztex.ee\/de\/"},{"@type":"ListItem","position":2,"name":"Shop","item":"https:\/\/aztex.ee\/de\/shop\/"},{"@type":"ListItem","position":3,"name":"Badetuch 70&#215;140 cm"}]},{"@type":"WebSite","@id":"https:\/\/aztex.ee\/de\/#website","url":"https:\/\/aztex.ee\/de\/","name":"AZTEX","description":"","publisher":{"@id":"https:\/\/aztex.ee\/de\/#organization"},"potentialAction":[{"@type":"SearchAction","target":{"@type":"EntryPoint","urlTemplate":"https:\/\/aztex.ee\/de\/?s={search_term_string}"},"query-input":{"@type":"PropertyValueSpecification","valueRequired":true,"valueName":"search_term_string"}}],"inLanguage":"de"},{"@type":"Organization","@id":"https:\/\/aztex.ee\/de\/#organization","name":"AZTEX","url":"https:\/\/aztex.ee\/de\/","logo":{"@type":"ImageObject","inLanguage":"de","@id":"https:\/\/aztex.ee\/de\/#\/schema\/logo\/image\/","url":"https:\/\/aztex.ee\/wp-content\/uploads\/2026\/01\/AZTEX.png","contentUrl":"https:\/\/aztex.ee\/wp-content\/uploads\/2026\/01\/AZTEX.png","width":500,"height":500,"caption":"AZTEX"},"image":{"@id":"https:\/\/aztex.ee\/de\/#\/schema\/logo\/image\/"},"sameAs":["https:\/\/www.facebook.com\/AztexEE","https:\/\/www.instagram.com\/aztexeesti\/","https:\/\/www.youtube.com\/@AZTEXEE","https:\/\/www.pinterest.com\/aztex_eesti\/","https:\/\/www.tiktok.com\/@aztexeesti","https:\/\/www.trustpilot.com\/review\/aztex.ee","https:\/\/www.linkedin.com\/company\/aztex-ee\/","https:\/\/www.wikidata.org\/wiki\/Q137560182"]}]}},"_links":{"self":[{"href":"https:\/\/aztex.ee\/de\/wp-json\/wp\/v2\/product\/73675","targetHints":{"allow":["GET"]}}],"collection":[{"href":"https:\/\/aztex.ee\/de\/wp-json\/wp\/v2\/product"}],"about":[{"href":"https:\/\/aztex.ee\/de\/wp-json\/wp\/v2\/types\/product"}],"replies":[{"embeddable":true,"href":"https:\/\/aztex.ee\/de\/wp-json\/wp\/v2\/comments?post=73675"}],"version-history":[{"count":0,"href":"https:\/\/aztex.ee\/de\/wp-json\/wp\/v2\/product\/73675\/revisions"}],"wp:featuredmedia":[{"embeddable":true,"href":"https:\/\/aztex.ee\/de\/wp-json\/wp\/v2\/media\/73773"}],"wp:attachment":[{"href":"https:\/\/aztex.ee\/de\/wp-json\/wp\/v2\/media?parent=73675"}],"wp:term":[{"taxonomy":"product_brand","embeddable":true,"href":"https:\/\/aztex.ee\/de\/wp-json\/wp\/v2\/product_brand?post=73675"},{"taxonomy":"product_cat","embeddable":true,"href":"https:\/\/aztex.ee\/de\/wp-json\/wp\/v2\/product_cat?post=73675"},{"taxonomy":"product_tag","embeddable":true,"href":"https:\/\/aztex.ee\/de\/wp-json\/wp\/v2\/product_tag?post=73675"}],"curies":[{"name":"wp","href":"https:\/\/api.w.org\/{rel}","templated":true}]}}