{"id":73133,"date":"2025-03-26T23:20:05","date_gmt":"2025-03-26T23:20:05","guid":{"rendered":"https:\/\/aztex.ee\/?post_type=product&#038;p=73133"},"modified":"2026-04-08T10:48:37","modified_gmt":"2026-04-08T10:48:37","slug":"baumwollhandtuch-35x75-cm","status":"publish","type":"product","link":"https:\/\/aztex.ee\/de\/pood\/handtuecher-und-badetuecher\/baumwollhandtuch-35x75-cm\/","title":{"rendered":"Baumwollhandtuch 35&#215;75 cm"},"content":{"rendered":"<p><strong>Baumwollhandtuch \u2013 Weichheit und langlebige Qualit\u00e4t<\/strong><\/p>\n<p>Baumwolle ist eines der beliebtesten Materialien f\u00fcr Handt\u00fccher, da sie von Natur aus weich, atmungsaktiv und hautfreundlich ist. Dieses Handtuch besteht aus hochwertiger Baumwolle, die sich angenehm weich auf der Haut anf\u00fchlt und auch f\u00fcr empfindliche Haut geeignet ist. Die Naturfaser ist luftdurchl\u00e4ssig, wodurch das Handtuch schnell trocknet und maximalen Komfort im Alltag bietet.<\/p>\n<p><strong>Hervorragende Saugf\u00e4higkeit und schnelles Trocknen<\/strong><\/p>\n<p>Ein Baumwollhandtuch nimmt Feuchtigkeit schnell und effizient auf und macht das Abtrocknen besonders angenehm. Dadurch eignet es sich perfekt f\u00fcr Bad, Sauna und Strand. Au\u00dferdem trocknet ein Baumwollhandtuch schnell, wodurch unangenehme Ger\u00fcche vermieden werden und es lange frisch bleibt.<\/p>\n<p><strong>Langlebig und hochwertig<\/strong><\/p>\n<p>Sorgf\u00e4ltig ausgew\u00e4hltes Material und robuste N\u00e4hte sorgen daf\u00fcr, dass das Handtuch auch h\u00e4ufigem Waschen standh\u00e4lt und seine Weichheit und Saugf\u00e4higkeit lange beh\u00e4lt. Dank der hochwertigen Webtechnik trocknet das Handtuch nicht schnell und verliert nicht seine urspr\u00fcngliche Form. So bleibt es jahrelang weich und ein zuverl\u00e4ssiger Begleiter.<\/p>\n<p><strong>Stilvoll und vielseitig<\/strong><\/p>\n<p>Das Baumwollhandtuch ist in verschiedenen sch\u00f6nen Farben erh\u00e4ltlich und passt perfekt in jedes Badezimmer. Das klassische und zeitlose Design l\u00e4sst sich leicht mit anderen Badtextilien kombinieren.<\/p>\n<p><strong>Pflegeleicht und langanhaltend frisch<\/strong><\/p>\n<p>Das Baumwollhandtuch ist pflegeleicht, maschinenwaschbar und beh\u00e4lt auch nach mehreren W\u00e4schen seine Farbe und Weichheit. F\u00fcr optimale Ergebnisse empfehlen wir, das Handtuch bei niedriger Temperatur zu waschen und \u00fcberm\u00e4\u00dfigen Weichsp\u00fcler zu vermeiden, da dieser die Saugf\u00e4higkeit beeintr\u00e4chtigen kann. Bei richtiger Pflege bleibt das Handtuch lange weich, saugf\u00e4hig und angenehm frisch.<\/p>\n<p>Das Baumwollhandtuch bietet nat\u00fcrliche Weichheit, hervorragende Saugf\u00e4higkeit und Strapazierf\u00e4higkeit und ist somit eine zuverl\u00e4ssige und langlebige Wahl f\u00fcr den t\u00e4glichen Gebrauch.<\/p>\n","protected":false},"excerpt":{"rendered":"<ul>\n<li>Material: 100% Baumwolle<\/li>\n<li>Gr\u00f6\u00dfe: 35\u00d775 cm \u00b13<\/li>\n<li>Gewicht: 450 g\/m2<\/li>\n<\/ul>\n","protected":false},"featured_media":73267,"comment_status":"open","ping_status":"closed","template":"","meta":[],"product_brand":[],"product_cat":[1725,774,479],"product_tag":[],"class_list":{"0":"post-73133","1":"product","2":"type-product","3":"status-publish","4":"has-post-thumbnail","6":"product_cat-handtucher","7":"product_cat-handtucher-35x75-cm","8":"product_cat-handtuecher-und-badetuecher","10":"first","11":"instock","12":"shipping-taxable","13":"purchasable","14":"product-type-variable"},"yoast_head":"<!-- This site is optimized with the Yoast SEO plugin v27.3 - https:\/\/yoast.com\/product\/yoast-seo-wordpress\/ -->\n<title>Baumwollhandtuch 100% Bio Baumwolle | AZTEX<\/title>\n<meta name=\"description\" content=\"Das weiche und saugstarke Baumwollhandtuch ist die perfekte Wahl f\u00fcr den t\u00e4glichen Gebrauch und bietet au\u00dfergew\u00f6hnliche Qualit\u00e4t, lang anhaltenden Komfort\" \/>\n<meta name=\"robots\" content=\"index, follow, max-snippet:-1, max-image-preview:large, max-video-preview:-1\" \/>\n<link rel=\"canonical\" href=\"https:\/\/aztex.ee\/de\/pood\/handtuecher-und-badetuecher\/baumwollhandtuch-35x75-cm\/\" \/>\n<meta property=\"og:locale\" content=\"de_DE\" \/>\n<meta property=\"og:type\" content=\"article\" \/>\n<meta property=\"og:title\" content=\"Baumwollhandtuch 100% Bio Baumwolle | AZTEX\" \/>\n<meta property=\"og:description\" content=\"Das weiche und saugstarke Baumwollhandtuch ist die perfekte Wahl f\u00fcr den t\u00e4glichen Gebrauch und bietet au\u00dfergew\u00f6hnliche Qualit\u00e4t, lang anhaltenden Komfort\" \/>\n<meta property=\"og:url\" content=\"https:\/\/aztex.ee\/de\/pood\/handtuecher-und-badetuecher\/baumwollhandtuch-35x75-cm\/\" \/>\n<meta property=\"og:site_name\" content=\"AZTEX\" \/>\n<meta property=\"article:publisher\" content=\"https:\/\/www.facebook.com\/AztexEE\" \/>\n<meta property=\"article:modified_time\" content=\"2026-04-08T10:48:37+00:00\" \/>\n<meta property=\"og:image\" content=\"https:\/\/aztex.ee\/wp-content\/uploads\/2025\/03\/Puuvillane-ratik-35x75-cm.jpg\" \/>\n\t<meta property=\"og:image:width\" content=\"800\" \/>\n\t<meta property=\"og:image:height\" content=\"800\" \/>\n\t<meta property=\"og:image:type\" content=\"image\/jpeg\" \/>\n<meta name=\"twitter:card\" content=\"summary_large_image\" \/>\n<meta name=\"twitter:label1\" content=\"Gesch\u00e4tzte Lesezeit\" \/>\n\t<meta name=\"twitter:data1\" content=\"2\u00a0Minuten\" \/>\n<script type=\"application\/ld+json\" class=\"yoast-schema-graph\">{\"@context\":\"https:\\\/\\\/schema.org\",\"@graph\":[{\"@type\":[\"WebPage\",\"ItemPage\"],\"@id\":\"https:\\\/\\\/aztex.ee\\\/de\\\/pood\\\/handtuecher-und-badetuecher\\\/baumwollhandtuch-35x75-cm\\\/\",\"url\":\"https:\\\/\\\/aztex.ee\\\/de\\\/pood\\\/handtuecher-und-badetuecher\\\/baumwollhandtuch-35x75-cm\\\/\",\"name\":\"Baumwollhandtuch 100% Bio Baumwolle | AZTEX\",\"isPartOf\":{\"@id\":\"https:\\\/\\\/aztex.ee\\\/de\\\/#website\"},\"primaryImageOfPage\":{\"@id\":\"https:\\\/\\\/aztex.ee\\\/de\\\/pood\\\/handtuecher-und-badetuecher\\\/baumwollhandtuch-35x75-cm\\\/#primaryimage\"},\"image\":{\"@id\":\"https:\\\/\\\/aztex.ee\\\/de\\\/pood\\\/handtuecher-und-badetuecher\\\/baumwollhandtuch-35x75-cm\\\/#primaryimage\"},\"thumbnailUrl\":\"https:\\\/\\\/aztex.ee\\\/wp-content\\\/uploads\\\/2025\\\/03\\\/Puuvillane-ratik-35x75-cm.jpg\",\"datePublished\":\"2025-03-26T23:20:05+00:00\",\"dateModified\":\"2026-04-08T10:48:37+00:00\",\"description\":\"Das weiche und saugstarke Baumwollhandtuch ist die perfekte Wahl f\u00fcr den t\u00e4glichen Gebrauch und bietet au\u00dfergew\u00f6hnliche Qualit\u00e4t, lang anhaltenden Komfort\",\"breadcrumb\":{\"@id\":\"https:\\\/\\\/aztex.ee\\\/de\\\/pood\\\/handtuecher-und-badetuecher\\\/baumwollhandtuch-35x75-cm\\\/#breadcrumb\"},\"inLanguage\":\"de\",\"potentialAction\":[{\"@type\":\"ReadAction\",\"target\":[\"https:\\\/\\\/aztex.ee\\\/de\\\/pood\\\/handtuecher-und-badetuecher\\\/baumwollhandtuch-35x75-cm\\\/\"]}]},{\"@type\":\"ImageObject\",\"inLanguage\":\"de\",\"@id\":\"https:\\\/\\\/aztex.ee\\\/de\\\/pood\\\/handtuecher-und-badetuecher\\\/baumwollhandtuch-35x75-cm\\\/#primaryimage\",\"url\":\"https:\\\/\\\/aztex.ee\\\/wp-content\\\/uploads\\\/2025\\\/03\\\/Puuvillane-ratik-35x75-cm.jpg\",\"contentUrl\":\"https:\\\/\\\/aztex.ee\\\/wp-content\\\/uploads\\\/2025\\\/03\\\/Puuvillane-ratik-35x75-cm.jpg\",\"width\":800,\"height\":800,\"caption\":\"Puuvillane r\u00e4tik 35x75 cm\"},{\"@type\":\"BreadcrumbList\",\"@id\":\"https:\\\/\\\/aztex.ee\\\/de\\\/pood\\\/handtuecher-und-badetuecher\\\/baumwollhandtuch-35x75-cm\\\/#breadcrumb\",\"itemListElement\":[{\"@type\":\"ListItem\",\"position\":1,\"name\":\"Startseite\",\"item\":\"https:\\\/\\\/aztex.ee\\\/de\\\/\"},{\"@type\":\"ListItem\",\"position\":2,\"name\":\"Shop\",\"item\":\"https:\\\/\\\/aztex.ee\\\/de\\\/shop\\\/\"},{\"@type\":\"ListItem\",\"position\":3,\"name\":\"Baumwollhandtuch 35&#215;75 cm\"}]},{\"@type\":\"WebSite\",\"@id\":\"https:\\\/\\\/aztex.ee\\\/de\\\/#website\",\"url\":\"https:\\\/\\\/aztex.ee\\\/de\\\/\",\"name\":\"AZTEX\",\"description\":\"\",\"publisher\":{\"@id\":\"https:\\\/\\\/aztex.ee\\\/de\\\/#organization\"},\"potentialAction\":[{\"@type\":\"SearchAction\",\"target\":{\"@type\":\"EntryPoint\",\"urlTemplate\":\"https:\\\/\\\/aztex.ee\\\/de\\\/?s={search_term_string}\"},\"query-input\":{\"@type\":\"PropertyValueSpecification\",\"valueRequired\":true,\"valueName\":\"search_term_string\"}}],\"inLanguage\":\"de\"},{\"@type\":\"Organization\",\"@id\":\"https:\\\/\\\/aztex.ee\\\/de\\\/#organization\",\"name\":\"AZTEX\",\"url\":\"https:\\\/\\\/aztex.ee\\\/de\\\/\",\"logo\":{\"@type\":\"ImageObject\",\"inLanguage\":\"de\",\"@id\":\"https:\\\/\\\/aztex.ee\\\/de\\\/#\\\/schema\\\/logo\\\/image\\\/\",\"url\":\"https:\\\/\\\/aztex.ee\\\/wp-content\\\/uploads\\\/2026\\\/01\\\/AZTEX.png\",\"contentUrl\":\"https:\\\/\\\/aztex.ee\\\/wp-content\\\/uploads\\\/2026\\\/01\\\/AZTEX.png\",\"width\":500,\"height\":500,\"caption\":\"AZTEX\"},\"image\":{\"@id\":\"https:\\\/\\\/aztex.ee\\\/de\\\/#\\\/schema\\\/logo\\\/image\\\/\"},\"sameAs\":[\"https:\\\/\\\/www.facebook.com\\\/AztexEE\",\"https:\\\/\\\/www.instagram.com\\\/aztexeesti\\\/\",\"https:\\\/\\\/www.youtube.com\\\/@AZTEXEE\",\"https:\\\/\\\/www.pinterest.com\\\/aztex_eesti\\\/\",\"https:\\\/\\\/www.tiktok.com\\\/@aztexeesti\",\"https:\\\/\\\/www.trustpilot.com\\\/review\\\/aztex.ee\",\"https:\\\/\\\/www.linkedin.com\\\/company\\\/aztex-ee\\\/\",\"https:\\\/\\\/www.wikidata.org\\\/wiki\\\/Q137560182\"]}]}<\/script>\n<!-- \/ Yoast SEO plugin. -->","yoast_head_json":{"title":"Baumwollhandtuch 100% Bio Baumwolle | AZTEX","description":"Das weiche und saugstarke Baumwollhandtuch ist die perfekte Wahl f\u00fcr den t\u00e4glichen Gebrauch und bietet au\u00dfergew\u00f6hnliche Qualit\u00e4t, lang anhaltenden Komfort","robots":{"index":"index","follow":"follow","max-snippet":"max-snippet:-1","max-image-preview":"max-image-preview:large","max-video-preview":"max-video-preview:-1"},"canonical":"https:\/\/aztex.ee\/de\/pood\/handtuecher-und-badetuecher\/baumwollhandtuch-35x75-cm\/","og_locale":"de_DE","og_type":"article","og_title":"Baumwollhandtuch 100% Bio Baumwolle | AZTEX","og_description":"Das weiche und saugstarke Baumwollhandtuch ist die perfekte Wahl f\u00fcr den t\u00e4glichen Gebrauch und bietet au\u00dfergew\u00f6hnliche Qualit\u00e4t, lang anhaltenden Komfort","og_url":"https:\/\/aztex.ee\/de\/pood\/handtuecher-und-badetuecher\/baumwollhandtuch-35x75-cm\/","og_site_name":"AZTEX","article_publisher":"https:\/\/www.facebook.com\/AztexEE","article_modified_time":"2026-04-08T10:48:37+00:00","og_image":[{"width":800,"height":800,"url":"https:\/\/aztex.ee\/wp-content\/uploads\/2025\/03\/Puuvillane-ratik-35x75-cm.jpg","type":"image\/jpeg"}],"twitter_card":"summary_large_image","twitter_misc":{"Gesch\u00e4tzte Lesezeit":"2\u00a0Minuten"},"schema":{"@context":"https:\/\/schema.org","@graph":[{"@type":["WebPage","ItemPage"],"@id":"https:\/\/aztex.ee\/de\/pood\/handtuecher-und-badetuecher\/baumwollhandtuch-35x75-cm\/","url":"https:\/\/aztex.ee\/de\/pood\/handtuecher-und-badetuecher\/baumwollhandtuch-35x75-cm\/","name":"Baumwollhandtuch 100% Bio Baumwolle | AZTEX","isPartOf":{"@id":"https:\/\/aztex.ee\/de\/#website"},"primaryImageOfPage":{"@id":"https:\/\/aztex.ee\/de\/pood\/handtuecher-und-badetuecher\/baumwollhandtuch-35x75-cm\/#primaryimage"},"image":{"@id":"https:\/\/aztex.ee\/de\/pood\/handtuecher-und-badetuecher\/baumwollhandtuch-35x75-cm\/#primaryimage"},"thumbnailUrl":"https:\/\/aztex.ee\/wp-content\/uploads\/2025\/03\/Puuvillane-ratik-35x75-cm.jpg","datePublished":"2025-03-26T23:20:05+00:00","dateModified":"2026-04-08T10:48:37+00:00","description":"Das weiche und saugstarke Baumwollhandtuch ist die perfekte Wahl f\u00fcr den t\u00e4glichen Gebrauch und bietet au\u00dfergew\u00f6hnliche Qualit\u00e4t, lang anhaltenden Komfort","breadcrumb":{"@id":"https:\/\/aztex.ee\/de\/pood\/handtuecher-und-badetuecher\/baumwollhandtuch-35x75-cm\/#breadcrumb"},"inLanguage":"de","potentialAction":[{"@type":"ReadAction","target":["https:\/\/aztex.ee\/de\/pood\/handtuecher-und-badetuecher\/baumwollhandtuch-35x75-cm\/"]}]},{"@type":"ImageObject","inLanguage":"de","@id":"https:\/\/aztex.ee\/de\/pood\/handtuecher-und-badetuecher\/baumwollhandtuch-35x75-cm\/#primaryimage","url":"https:\/\/aztex.ee\/wp-content\/uploads\/2025\/03\/Puuvillane-ratik-35x75-cm.jpg","contentUrl":"https:\/\/aztex.ee\/wp-content\/uploads\/2025\/03\/Puuvillane-ratik-35x75-cm.jpg","width":800,"height":800,"caption":"Puuvillane r\u00e4tik 35x75 cm"},{"@type":"BreadcrumbList","@id":"https:\/\/aztex.ee\/de\/pood\/handtuecher-und-badetuecher\/baumwollhandtuch-35x75-cm\/#breadcrumb","itemListElement":[{"@type":"ListItem","position":1,"name":"Startseite","item":"https:\/\/aztex.ee\/de\/"},{"@type":"ListItem","position":2,"name":"Shop","item":"https:\/\/aztex.ee\/de\/shop\/"},{"@type":"ListItem","position":3,"name":"Baumwollhandtuch 35&#215;75 cm"}]},{"@type":"WebSite","@id":"https:\/\/aztex.ee\/de\/#website","url":"https:\/\/aztex.ee\/de\/","name":"AZTEX","description":"","publisher":{"@id":"https:\/\/aztex.ee\/de\/#organization"},"potentialAction":[{"@type":"SearchAction","target":{"@type":"EntryPoint","urlTemplate":"https:\/\/aztex.ee\/de\/?s={search_term_string}"},"query-input":{"@type":"PropertyValueSpecification","valueRequired":true,"valueName":"search_term_string"}}],"inLanguage":"de"},{"@type":"Organization","@id":"https:\/\/aztex.ee\/de\/#organization","name":"AZTEX","url":"https:\/\/aztex.ee\/de\/","logo":{"@type":"ImageObject","inLanguage":"de","@id":"https:\/\/aztex.ee\/de\/#\/schema\/logo\/image\/","url":"https:\/\/aztex.ee\/wp-content\/uploads\/2026\/01\/AZTEX.png","contentUrl":"https:\/\/aztex.ee\/wp-content\/uploads\/2026\/01\/AZTEX.png","width":500,"height":500,"caption":"AZTEX"},"image":{"@id":"https:\/\/aztex.ee\/de\/#\/schema\/logo\/image\/"},"sameAs":["https:\/\/www.facebook.com\/AztexEE","https:\/\/www.instagram.com\/aztexeesti\/","https:\/\/www.youtube.com\/@AZTEXEE","https:\/\/www.pinterest.com\/aztex_eesti\/","https:\/\/www.tiktok.com\/@aztexeesti","https:\/\/www.trustpilot.com\/review\/aztex.ee","https:\/\/www.linkedin.com\/company\/aztex-ee\/","https:\/\/www.wikidata.org\/wiki\/Q137560182"]}]}},"_links":{"self":[{"href":"https:\/\/aztex.ee\/de\/wp-json\/wp\/v2\/product\/73133","targetHints":{"allow":["GET"]}}],"collection":[{"href":"https:\/\/aztex.ee\/de\/wp-json\/wp\/v2\/product"}],"about":[{"href":"https:\/\/aztex.ee\/de\/wp-json\/wp\/v2\/types\/product"}],"replies":[{"embeddable":true,"href":"https:\/\/aztex.ee\/de\/wp-json\/wp\/v2\/comments?post=73133"}],"version-history":[{"count":0,"href":"https:\/\/aztex.ee\/de\/wp-json\/wp\/v2\/product\/73133\/revisions"}],"wp:featuredmedia":[{"embeddable":true,"href":"https:\/\/aztex.ee\/de\/wp-json\/wp\/v2\/media\/73267"}],"wp:attachment":[{"href":"https:\/\/aztex.ee\/de\/wp-json\/wp\/v2\/media?parent=73133"}],"wp:term":[{"taxonomy":"product_brand","embeddable":true,"href":"https:\/\/aztex.ee\/de\/wp-json\/wp\/v2\/product_brand?post=73133"},{"taxonomy":"product_cat","embeddable":true,"href":"https:\/\/aztex.ee\/de\/wp-json\/wp\/v2\/product_cat?post=73133"},{"taxonomy":"product_tag","embeddable":true,"href":"https:\/\/aztex.ee\/de\/wp-json\/wp\/v2\/product_tag?post=73133"}],"curies":[{"name":"wp","href":"https:\/\/api.w.org\/{rel}","templated":true}]}}