{"id":63410,"date":"2025-03-08T21:56:28","date_gmt":"2025-03-08T21:56:28","guid":{"rendered":"https:\/\/aztex.ee\/?post_type=product&#038;p=63410"},"modified":"2026-02-27T20:28:58","modified_gmt":"2026-02-27T20:28:58","slug":"tencel-bettwaesche-set-mondgelb","status":"publish","type":"product","link":"https:\/\/aztex.ee\/de\/pood\/bettwaesche\/tencel-bettwaesche-set-mondgelb\/","title":{"rendered":"Tencel Bettw\u00e4sche Set | Mondgelb"},"content":{"rendered":"<p><strong>Luxuri\u00f6ses Eukalyptus Tencel Bettw\u00e4sche Set \u2013 seidig weich, atmungsaktiv und au\u00dfergew\u00f6hnlich bequem<\/strong><\/p>\n<p><strong>Au\u00dfergew\u00f6hnlicher Komfort und Qualit\u00e4t<\/strong><br \/>\nDas Tencel Bettw\u00e4sche Set wurde entwickelt, um den erholsamsten und erholsamsten Schlaf zu gew\u00e4hrleisten und bietet au\u00dfergew\u00f6hnlichen Komfort und Qualit\u00e4t. Es besteht aus Tencel-Stoff, der aus dem Eukalyptusbaum gewonnen wird, der f\u00fcr seine seidige Weichheit, Atmungsaktivit\u00e4t und feuchtigkeitsableitenden Eigenschaften bekannt ist. Tencel Bettw\u00e4sche h\u00e4lt Sie im Sommer k\u00fchl und im Winter warm, sodass Ihr Schlaf jederzeit erfrischend und erholsam ist.<\/p>\n<p><strong>Luxuri\u00f6se Textur und elegantes Aussehen<\/strong><br \/>\nDer Stoff ist glatt, zart und angenehm auf der Haut und bietet ein wahrhaft luxuri\u00f6ses Schlaferlebnis. Tencel Bettw\u00e4sche f\u00e4llt wundersch\u00f6n und verleiht dem Bett ein elegantes und einladendes Aussehen, wodurch das Schlafzimmer zu einem stilvollen Ort wird. Die Luftigkeit und Leichtigkeit sorgen f\u00fcr eine konstante Luftbewegung, um Nachtschwei\u00df zu verhindern und die Bettw\u00e4sche immer frisch zu halten.<\/p>\n<p><strong>Haltbarkeit und Strapazierf\u00e4higkeit<\/strong><br \/>\nTencel Bettw\u00e4sche ist strapazierf\u00e4hig und langlebig \u2013 selbst nach mehreren W\u00e4schen beh\u00e4lt sie ihre Weichheit, ihren sch\u00f6nen Fall und ihre Qualit\u00e4t. Das Zubettgehen wird jeden Abend zu einem echten Vergn\u00fcgen, da die Bettw\u00e4sche frisch und angenehm bleibt und das beste Schlaferlebnis bietet.<\/p>\n<p><strong>Die ideale Wahl f\u00fcr Liebhaber von Natur und Komfort<\/strong><br \/>\nTencel Bettw\u00e4sche ist die ideale Wahl f\u00fcr diejenigen, die nat\u00fcrliche Materialien sch\u00e4tzen und h\u00f6here Qualit\u00e4t, luxuri\u00f6sen Komfort und perfekten Schlaf genie\u00dfen m\u00f6chten.<\/p>\n","protected":false},"excerpt":{"rendered":"<p>Das Bettw\u00e4scheset aus 100% \u00f6kologischem Eukalyptus Tencel ist au\u00dfergew\u00f6hnlich weich, atmungsaktiv und luxuri\u00f6s.<\/p>\n<ul>\n<li>Material: 100% Tencel<\/li>\n<li>Fadenzahl: 60S \/ 300TC<\/li>\n<li>Bettbezug: 200\u00d7220 cm<\/li>\n<li>Kissenbezug: 50\u00d770 cm (2 St\u00fcck)<\/li>\n<li>Bettlaken: 220\u00d7240 cm<\/li>\n<\/ul>\n<p><img loading=\"lazy\" decoding=\"async\" class=\"alignnone wp-image-63145\" src=\"https:\/\/aztex.ee\/wp-content\/uploads\/2025\/03\/tencel-certified-400x129.png\" alt=\"\" width=\"131\" height=\"42\" srcset=\"https:\/\/aztex.ee\/wp-content\/uploads\/2025\/03\/tencel-certified-400x129.png 400w, https:\/\/aztex.ee\/wp-content\/uploads\/2025\/03\/tencel-certified-430x139.png 430w, https:\/\/aztex.ee\/wp-content\/uploads\/2025\/03\/tencel-certified-150x49.png 150w, https:\/\/aztex.ee\/wp-content\/uploads\/2025\/03\/tencel-certified.png 516w\" sizes=\"auto, (max-width: 131px) 100vw, 131px\" \/><img loading=\"lazy\" decoding=\"async\" class=\"alignnone wp-image-63168\" src=\"https:\/\/aztex.ee\/wp-content\/uploads\/2025\/03\/oeko-tex-standard-100.png\" alt=\"\" width=\"130\" height=\"43\" srcset=\"https:\/\/aztex.ee\/wp-content\/uploads\/2025\/03\/oeko-tex-standard-100.png 200w, https:\/\/aztex.ee\/wp-content\/uploads\/2025\/03\/oeko-tex-standard-100-150x50.png 150w\" sizes=\"auto, (max-width: 130px) 100vw, 130px\" \/><\/p>\n<p>Das Tencel Bettw\u00e4sche Set ist in einer Tasche aus dem gleichen Tencel-Stoff verpackt, die dem Produkt zus\u00e4tzliche Eleganz verleiht und es noch spezieller macht.<\/p>\n","protected":false},"featured_media":63435,"comment_status":"open","ping_status":"closed","template":"","meta":[],"product_brand":[],"product_cat":[108,509,4559,181],"product_tag":[],"class_list":{"0":"post-63410","1":"product","2":"type-product","3":"status-publish","4":"has-post-thumbnail","6":"product_cat-bettwaesche","7":"product_cat-bettwasche-sets","8":"product_cat-tencel-bettwasche-sets","9":"product_cat-tencel-bettwaesche","11":"first","12":"instock","13":"shipping-taxable","14":"purchasable","15":"product-type-simple"},"yoast_head":"<!-- This site is optimized with the Yoast SEO plugin v27.4 - https:\/\/yoast.com\/product\/yoast-seo-wordpress\/ -->\n<title>Tencel Bettw\u00e4sche Set - Mondgelb | AZTEX<\/title>\n<meta name=\"description\" content=\"Das luxuri\u00f6se Mondgelb Tencel Bettw\u00e4sche Set ist seidig weich, atmungsaktiv und sanft zur Haut. Seine leichte und glatte Textur sorgt f\u00fcr ein frisches\" \/>\n<meta name=\"robots\" content=\"index, follow, max-snippet:-1, max-image-preview:large, max-video-preview:-1\" \/>\n<link rel=\"canonical\" href=\"https:\/\/aztex.ee\/de\/pood\/bettwaesche\/tencel-bettwaesche-set-mondgelb\/\" \/>\n<meta property=\"og:locale\" content=\"de_DE\" \/>\n<meta property=\"og:type\" content=\"article\" \/>\n<meta property=\"og:title\" content=\"Tencel Bettw\u00e4sche Set - Mondgelb | AZTEX\" \/>\n<meta property=\"og:description\" content=\"Das luxuri\u00f6se Mondgelb Tencel Bettw\u00e4sche Set ist seidig weich, atmungsaktiv und sanft zur Haut. Seine leichte und glatte Textur sorgt f\u00fcr ein frisches\" \/>\n<meta property=\"og:url\" content=\"https:\/\/aztex.ee\/de\/pood\/bettwaesche\/tencel-bettwaesche-set-mondgelb\/\" \/>\n<meta property=\"og:site_name\" content=\"AZTEX\" \/>\n<meta property=\"article:publisher\" content=\"https:\/\/www.facebook.com\/AztexEE\" \/>\n<meta property=\"article:modified_time\" content=\"2026-02-27T20:28:58+00:00\" \/>\n<meta property=\"og:image\" content=\"https:\/\/aztex.ee\/wp-content\/uploads\/2025\/03\/Tencel-voodipesukomplekt-Kuukollane.jpg\" \/>\n\t<meta property=\"og:image:width\" content=\"800\" \/>\n\t<meta property=\"og:image:height\" content=\"800\" \/>\n\t<meta property=\"og:image:type\" content=\"image\/jpeg\" \/>\n<meta name=\"twitter:card\" content=\"summary_large_image\" \/>\n<meta name=\"twitter:label1\" content=\"Gesch\u00e4tzte Lesezeit\" \/>\n\t<meta name=\"twitter:data1\" content=\"2\u00a0Minuten\" \/>\n<script type=\"application\/ld+json\" class=\"yoast-schema-graph\">{\"@context\":\"https:\\\/\\\/schema.org\",\"@graph\":[{\"@type\":[\"WebPage\",\"ItemPage\"],\"@id\":\"https:\\\/\\\/aztex.ee\\\/de\\\/pood\\\/bettwaesche\\\/tencel-bettwaesche-set-mondgelb\\\/\",\"url\":\"https:\\\/\\\/aztex.ee\\\/de\\\/pood\\\/bettwaesche\\\/tencel-bettwaesche-set-mondgelb\\\/\",\"name\":\"Tencel Bettw\u00e4sche Set - Mondgelb | AZTEX\",\"isPartOf\":{\"@id\":\"https:\\\/\\\/aztex.ee\\\/de\\\/#website\"},\"primaryImageOfPage\":{\"@id\":\"https:\\\/\\\/aztex.ee\\\/de\\\/pood\\\/bettwaesche\\\/tencel-bettwaesche-set-mondgelb\\\/#primaryimage\"},\"image\":{\"@id\":\"https:\\\/\\\/aztex.ee\\\/de\\\/pood\\\/bettwaesche\\\/tencel-bettwaesche-set-mondgelb\\\/#primaryimage\"},\"thumbnailUrl\":\"https:\\\/\\\/aztex.ee\\\/wp-content\\\/uploads\\\/2025\\\/03\\\/Tencel-voodipesukomplekt-Kuukollane.jpg\",\"datePublished\":\"2025-03-08T21:56:28+00:00\",\"dateModified\":\"2026-02-27T20:28:58+00:00\",\"description\":\"Das luxuri\u00f6se Mondgelb Tencel Bettw\u00e4sche Set ist seidig weich, atmungsaktiv und sanft zur Haut. Seine leichte und glatte Textur sorgt f\u00fcr ein frisches\",\"breadcrumb\":{\"@id\":\"https:\\\/\\\/aztex.ee\\\/de\\\/pood\\\/bettwaesche\\\/tencel-bettwaesche-set-mondgelb\\\/#breadcrumb\"},\"inLanguage\":\"de\",\"potentialAction\":[{\"@type\":\"ReadAction\",\"target\":[\"https:\\\/\\\/aztex.ee\\\/de\\\/pood\\\/bettwaesche\\\/tencel-bettwaesche-set-mondgelb\\\/\"]}]},{\"@type\":\"ImageObject\",\"inLanguage\":\"de\",\"@id\":\"https:\\\/\\\/aztex.ee\\\/de\\\/pood\\\/bettwaesche\\\/tencel-bettwaesche-set-mondgelb\\\/#primaryimage\",\"url\":\"https:\\\/\\\/aztex.ee\\\/wp-content\\\/uploads\\\/2025\\\/03\\\/Tencel-voodipesukomplekt-Kuukollane.jpg\",\"contentUrl\":\"https:\\\/\\\/aztex.ee\\\/wp-content\\\/uploads\\\/2025\\\/03\\\/Tencel-voodipesukomplekt-Kuukollane.jpg\",\"width\":800,\"height\":800,\"caption\":\"Tencel voodipesukomplekt Kuukollane\"},{\"@type\":\"BreadcrumbList\",\"@id\":\"https:\\\/\\\/aztex.ee\\\/de\\\/pood\\\/bettwaesche\\\/tencel-bettwaesche-set-mondgelb\\\/#breadcrumb\",\"itemListElement\":[{\"@type\":\"ListItem\",\"position\":1,\"name\":\"Startseite\",\"item\":\"https:\\\/\\\/aztex.ee\\\/de\\\/\"},{\"@type\":\"ListItem\",\"position\":2,\"name\":\"Shop\",\"item\":\"https:\\\/\\\/aztex.ee\\\/de\\\/shop\\\/\"},{\"@type\":\"ListItem\",\"position\":3,\"name\":\"Tencel Bettw\u00e4sche Set | Mondgelb\"}]},{\"@type\":\"WebSite\",\"@id\":\"https:\\\/\\\/aztex.ee\\\/de\\\/#website\",\"url\":\"https:\\\/\\\/aztex.ee\\\/de\\\/\",\"name\":\"AZTEX\",\"description\":\"\",\"publisher\":{\"@id\":\"https:\\\/\\\/aztex.ee\\\/de\\\/#organization\"},\"potentialAction\":[{\"@type\":\"SearchAction\",\"target\":{\"@type\":\"EntryPoint\",\"urlTemplate\":\"https:\\\/\\\/aztex.ee\\\/de\\\/?s={search_term_string}\"},\"query-input\":{\"@type\":\"PropertyValueSpecification\",\"valueRequired\":true,\"valueName\":\"search_term_string\"}}],\"inLanguage\":\"de\"},{\"@type\":\"Organization\",\"@id\":\"https:\\\/\\\/aztex.ee\\\/de\\\/#organization\",\"name\":\"AZTEX\",\"url\":\"https:\\\/\\\/aztex.ee\\\/de\\\/\",\"logo\":{\"@type\":\"ImageObject\",\"inLanguage\":\"de\",\"@id\":\"https:\\\/\\\/aztex.ee\\\/de\\\/#\\\/schema\\\/logo\\\/image\\\/\",\"url\":\"https:\\\/\\\/aztex.ee\\\/wp-content\\\/uploads\\\/2026\\\/01\\\/AZTEX.png\",\"contentUrl\":\"https:\\\/\\\/aztex.ee\\\/wp-content\\\/uploads\\\/2026\\\/01\\\/AZTEX.png\",\"width\":500,\"height\":500,\"caption\":\"AZTEX\"},\"image\":{\"@id\":\"https:\\\/\\\/aztex.ee\\\/de\\\/#\\\/schema\\\/logo\\\/image\\\/\"},\"sameAs\":[\"https:\\\/\\\/www.facebook.com\\\/AztexEE\",\"https:\\\/\\\/www.instagram.com\\\/aztexeesti\\\/\",\"https:\\\/\\\/www.youtube.com\\\/@AZTEXEE\",\"https:\\\/\\\/www.pinterest.com\\\/aztex_eesti\\\/\",\"https:\\\/\\\/www.tiktok.com\\\/@aztexeesti\",\"https:\\\/\\\/www.trustpilot.com\\\/review\\\/aztex.ee\",\"https:\\\/\\\/www.linkedin.com\\\/company\\\/aztex-ee\\\/\",\"https:\\\/\\\/www.wikidata.org\\\/wiki\\\/Q137560182\"]}]}<\/script>\n<!-- \/ Yoast SEO plugin. -->","yoast_head_json":{"title":"Tencel Bettw\u00e4sche Set - Mondgelb | AZTEX","description":"Das luxuri\u00f6se Mondgelb Tencel Bettw\u00e4sche Set ist seidig weich, atmungsaktiv und sanft zur Haut. Seine leichte und glatte Textur sorgt f\u00fcr ein frisches","robots":{"index":"index","follow":"follow","max-snippet":"max-snippet:-1","max-image-preview":"max-image-preview:large","max-video-preview":"max-video-preview:-1"},"canonical":"https:\/\/aztex.ee\/de\/pood\/bettwaesche\/tencel-bettwaesche-set-mondgelb\/","og_locale":"de_DE","og_type":"article","og_title":"Tencel Bettw\u00e4sche Set - Mondgelb | AZTEX","og_description":"Das luxuri\u00f6se Mondgelb Tencel Bettw\u00e4sche Set ist seidig weich, atmungsaktiv und sanft zur Haut. Seine leichte und glatte Textur sorgt f\u00fcr ein frisches","og_url":"https:\/\/aztex.ee\/de\/pood\/bettwaesche\/tencel-bettwaesche-set-mondgelb\/","og_site_name":"AZTEX","article_publisher":"https:\/\/www.facebook.com\/AztexEE","article_modified_time":"2026-02-27T20:28:58+00:00","og_image":[{"width":800,"height":800,"url":"https:\/\/aztex.ee\/wp-content\/uploads\/2025\/03\/Tencel-voodipesukomplekt-Kuukollane.jpg","type":"image\/jpeg"}],"twitter_card":"summary_large_image","twitter_misc":{"Gesch\u00e4tzte Lesezeit":"2\u00a0Minuten"},"schema":{"@context":"https:\/\/schema.org","@graph":[{"@type":["WebPage","ItemPage"],"@id":"https:\/\/aztex.ee\/de\/pood\/bettwaesche\/tencel-bettwaesche-set-mondgelb\/","url":"https:\/\/aztex.ee\/de\/pood\/bettwaesche\/tencel-bettwaesche-set-mondgelb\/","name":"Tencel Bettw\u00e4sche Set - Mondgelb | AZTEX","isPartOf":{"@id":"https:\/\/aztex.ee\/de\/#website"},"primaryImageOfPage":{"@id":"https:\/\/aztex.ee\/de\/pood\/bettwaesche\/tencel-bettwaesche-set-mondgelb\/#primaryimage"},"image":{"@id":"https:\/\/aztex.ee\/de\/pood\/bettwaesche\/tencel-bettwaesche-set-mondgelb\/#primaryimage"},"thumbnailUrl":"https:\/\/aztex.ee\/wp-content\/uploads\/2025\/03\/Tencel-voodipesukomplekt-Kuukollane.jpg","datePublished":"2025-03-08T21:56:28+00:00","dateModified":"2026-02-27T20:28:58+00:00","description":"Das luxuri\u00f6se Mondgelb Tencel Bettw\u00e4sche Set ist seidig weich, atmungsaktiv und sanft zur Haut. Seine leichte und glatte Textur sorgt f\u00fcr ein frisches","breadcrumb":{"@id":"https:\/\/aztex.ee\/de\/pood\/bettwaesche\/tencel-bettwaesche-set-mondgelb\/#breadcrumb"},"inLanguage":"de","potentialAction":[{"@type":"ReadAction","target":["https:\/\/aztex.ee\/de\/pood\/bettwaesche\/tencel-bettwaesche-set-mondgelb\/"]}]},{"@type":"ImageObject","inLanguage":"de","@id":"https:\/\/aztex.ee\/de\/pood\/bettwaesche\/tencel-bettwaesche-set-mondgelb\/#primaryimage","url":"https:\/\/aztex.ee\/wp-content\/uploads\/2025\/03\/Tencel-voodipesukomplekt-Kuukollane.jpg","contentUrl":"https:\/\/aztex.ee\/wp-content\/uploads\/2025\/03\/Tencel-voodipesukomplekt-Kuukollane.jpg","width":800,"height":800,"caption":"Tencel voodipesukomplekt Kuukollane"},{"@type":"BreadcrumbList","@id":"https:\/\/aztex.ee\/de\/pood\/bettwaesche\/tencel-bettwaesche-set-mondgelb\/#breadcrumb","itemListElement":[{"@type":"ListItem","position":1,"name":"Startseite","item":"https:\/\/aztex.ee\/de\/"},{"@type":"ListItem","position":2,"name":"Shop","item":"https:\/\/aztex.ee\/de\/shop\/"},{"@type":"ListItem","position":3,"name":"Tencel Bettw\u00e4sche Set | Mondgelb"}]},{"@type":"WebSite","@id":"https:\/\/aztex.ee\/de\/#website","url":"https:\/\/aztex.ee\/de\/","name":"AZTEX","description":"","publisher":{"@id":"https:\/\/aztex.ee\/de\/#organization"},"potentialAction":[{"@type":"SearchAction","target":{"@type":"EntryPoint","urlTemplate":"https:\/\/aztex.ee\/de\/?s={search_term_string}"},"query-input":{"@type":"PropertyValueSpecification","valueRequired":true,"valueName":"search_term_string"}}],"inLanguage":"de"},{"@type":"Organization","@id":"https:\/\/aztex.ee\/de\/#organization","name":"AZTEX","url":"https:\/\/aztex.ee\/de\/","logo":{"@type":"ImageObject","inLanguage":"de","@id":"https:\/\/aztex.ee\/de\/#\/schema\/logo\/image\/","url":"https:\/\/aztex.ee\/wp-content\/uploads\/2026\/01\/AZTEX.png","contentUrl":"https:\/\/aztex.ee\/wp-content\/uploads\/2026\/01\/AZTEX.png","width":500,"height":500,"caption":"AZTEX"},"image":{"@id":"https:\/\/aztex.ee\/de\/#\/schema\/logo\/image\/"},"sameAs":["https:\/\/www.facebook.com\/AztexEE","https:\/\/www.instagram.com\/aztexeesti\/","https:\/\/www.youtube.com\/@AZTEXEE","https:\/\/www.pinterest.com\/aztex_eesti\/","https:\/\/www.tiktok.com\/@aztexeesti","https:\/\/www.trustpilot.com\/review\/aztex.ee","https:\/\/www.linkedin.com\/company\/aztex-ee\/","https:\/\/www.wikidata.org\/wiki\/Q137560182"]}]}},"_links":{"self":[{"href":"https:\/\/aztex.ee\/de\/wp-json\/wp\/v2\/product\/63410","targetHints":{"allow":["GET"]}}],"collection":[{"href":"https:\/\/aztex.ee\/de\/wp-json\/wp\/v2\/product"}],"about":[{"href":"https:\/\/aztex.ee\/de\/wp-json\/wp\/v2\/types\/product"}],"replies":[{"embeddable":true,"href":"https:\/\/aztex.ee\/de\/wp-json\/wp\/v2\/comments?post=63410"}],"version-history":[{"count":0,"href":"https:\/\/aztex.ee\/de\/wp-json\/wp\/v2\/product\/63410\/revisions"}],"wp:featuredmedia":[{"embeddable":true,"href":"https:\/\/aztex.ee\/de\/wp-json\/wp\/v2\/media\/63435"}],"wp:attachment":[{"href":"https:\/\/aztex.ee\/de\/wp-json\/wp\/v2\/media?parent=63410"}],"wp:term":[{"taxonomy":"product_brand","embeddable":true,"href":"https:\/\/aztex.ee\/de\/wp-json\/wp\/v2\/product_brand?post=63410"},{"taxonomy":"product_cat","embeddable":true,"href":"https:\/\/aztex.ee\/de\/wp-json\/wp\/v2\/product_cat?post=63410"},{"taxonomy":"product_tag","embeddable":true,"href":"https:\/\/aztex.ee\/de\/wp-json\/wp\/v2\/product_tag?post=63410"}],"curies":[{"name":"wp","href":"https:\/\/api.w.org\/{rel}","templated":true}]}}