{"id":60946,"date":"2025-02-26T10:54:14","date_gmt":"2025-02-26T10:54:14","guid":{"rendered":"https:\/\/aztex.ee\/?post_type=product&#038;p=60946"},"modified":"2026-04-30T16:47:05","modified_gmt":"2026-04-30T16:47:05","slug":"sherpa-fleece-decke","status":"publish","type":"product","link":"https:\/\/aztex.ee\/de\/pood\/decken-ueberwuerfe\/sherpa-fleece-decke\/","title":{"rendered":"Sherpa fleece decke 180&#215;200 cm"},"content":{"rendered":"<p><strong>Sherpa Fleece decke 180\u00d7200 cm \u2013 Weichheit und Komfort f\u00fcr jeden Moment<\/strong><\/p>\n<p>Die Sherpa Fleece decke 180\u00d7200 cm bietet au\u00dfergew\u00f6hnliche Weichheit und W\u00e4rme und macht den Alltag viel angenehmer. Ihre flauschige Textur und das weiche Material schaffen die perfekte Gem\u00fctlichkeit, um entspannende Momente zu genie\u00dfen. Die Decke ist sowohl f\u00fcr das Schlafzimmer als auch f\u00fcr das Wohnzimmer perfekt geeignet und bietet unter allen Bedingungen ein warmes und komfortables Erlebnis.<\/p>\n<p><strong>Stil und Funktionalit\u00e4t<\/strong><br \/>\nDie Sherpa-Fleece decke kann als elegante Erg\u00e4nzung der Inneneinrichtung oder als praktische Decke verwendet werden und bietet die perfekte Balance zwischen Stil und Komfort. Die Decke hat einen klassischen und stilvollen Look, der zu jedem Innendesign passt.<\/p>\n<p><strong>Vielseitig und praktisch<\/strong><br \/>\nDie Sherpa Fleece decke ist eine gro\u00dfartige Wahl f\u00fcr den t\u00e4glichen Gebrauch, da sie gro\u00df genug ist, um das Bett abzudecken oder sie auf dem Sofa zu verwenden. Sherpa Fleece decken sind pflegeleicht und behalten ihre Weichheit auch nach mehreren W\u00e4schen, was sie zu einer praktischen Wahl f\u00fcr den t\u00e4glichen Gebrauch macht.<\/p>\n<p><strong>Perfekte Geschenkauswahl<\/strong><br \/>\nWenn Sie nach dem perfekten Geschenk f\u00fcr Ihre Lieben suchen, ist eine Sherpa Fleece decke eine gro\u00dfartige Wahl. Ihre luxuri\u00f6se Weichheit und Funktionalit\u00e4t machen sie zum perfekten Geschenk f\u00fcr jeden Anlass \u2013 sei es ein Geburtstag oder einfach nur eine sch\u00f6ne \u00dcberraschung.<\/p>\n","protected":false},"excerpt":{"rendered":"<ul>\n<li>Material: Korallenfleece<\/li>\n<li>Gr\u00f6\u00dfe: 180&#215;200 cm \u00b13<\/li>\n<li>Gewicht: 1,4 kg<\/li>\n<\/ul>\n","protected":false},"featured_media":61089,"comment_status":"open","ping_status":"closed","template":"","meta":[],"product_brand":[],"product_cat":[1866,4467,4510],"product_tag":[],"class_list":{"0":"post-60946","1":"product","2":"type-product","3":"status-publish","4":"has-post-thumbnail","6":"product_cat-decken-ueberwuerfe","7":"product_cat-sherpa-fleece-decken","8":"product_cat-sherpa-fleece-decken-180x200-cm","10":"first","11":"instock","12":"shipping-taxable","13":"purchasable","14":"product-type-variable"},"yoast_head":"<!-- This site is optimized with the Yoast SEO plugin v27.6 - https:\/\/yoast.com\/product\/yoast-seo-wordpress\/ -->\n<title>Sherpa fleece decke 180x200 cm | AZTEX<\/title>\n<meta name=\"description\" content=\"Sherpa Fleece decke 180x200 cm ist au\u00dfergew\u00f6hnlich weich, angenehm warm und flauschig. Ein stilvolles und praktisches Wohnelement, das W\u00e4rme ...\" \/>\n<meta name=\"robots\" content=\"index, follow, max-snippet:-1, max-image-preview:large, max-video-preview:-1\" \/>\n<link rel=\"canonical\" href=\"https:\/\/aztex.ee\/de\/pood\/decken-ueberwuerfe\/sherpa-fleece-decke\/\" \/>\n<meta property=\"og:locale\" content=\"de_DE\" \/>\n<meta property=\"og:type\" content=\"article\" \/>\n<meta property=\"og:title\" content=\"Sherpa fleece decke 180x200 cm | AZTEX\" \/>\n<meta property=\"og:description\" content=\"Sherpa Fleece decke 180x200 cm ist au\u00dfergew\u00f6hnlich weich, angenehm warm und flauschig. Ein stilvolles und praktisches Wohnelement, das W\u00e4rme ...\" \/>\n<meta property=\"og:url\" content=\"https:\/\/aztex.ee\/de\/pood\/decken-ueberwuerfe\/sherpa-fleece-decke\/\" \/>\n<meta property=\"og:site_name\" content=\"AZTEX\" \/>\n<meta property=\"article:publisher\" content=\"https:\/\/www.facebook.com\/AztexEE\" \/>\n<meta property=\"article:modified_time\" content=\"2026-04-30T16:47:05+00:00\" \/>\n<meta property=\"og:image\" content=\"https:\/\/aztex.ee\/wp-content\/uploads\/2025\/02\/Sherpa-fliis-tekk-180x200-1.jpg\" \/>\n\t<meta property=\"og:image:width\" content=\"800\" \/>\n\t<meta property=\"og:image:height\" content=\"800\" \/>\n\t<meta property=\"og:image:type\" content=\"image\/jpeg\" \/>\n<meta name=\"twitter:card\" content=\"summary_large_image\" \/>\n<meta name=\"twitter:label1\" content=\"Gesch\u00e4tzte Lesezeit\" \/>\n\t<meta name=\"twitter:data1\" content=\"2\u00a0Minuten\" \/>\n<script type=\"application\/ld+json\" class=\"yoast-schema-graph\">{\"@context\":\"https:\\\/\\\/schema.org\",\"@graph\":[{\"@type\":[\"WebPage\",\"ItemPage\"],\"@id\":\"https:\\\/\\\/aztex.ee\\\/de\\\/pood\\\/decken-ueberwuerfe\\\/sherpa-fleece-decke\\\/\",\"url\":\"https:\\\/\\\/aztex.ee\\\/de\\\/pood\\\/decken-ueberwuerfe\\\/sherpa-fleece-decke\\\/\",\"name\":\"Sherpa fleece decke 180x200 cm | AZTEX\",\"isPartOf\":{\"@id\":\"https:\\\/\\\/aztex.ee\\\/de\\\/#website\"},\"primaryImageOfPage\":{\"@id\":\"https:\\\/\\\/aztex.ee\\\/de\\\/pood\\\/decken-ueberwuerfe\\\/sherpa-fleece-decke\\\/#primaryimage\"},\"image\":{\"@id\":\"https:\\\/\\\/aztex.ee\\\/de\\\/pood\\\/decken-ueberwuerfe\\\/sherpa-fleece-decke\\\/#primaryimage\"},\"thumbnailUrl\":\"https:\\\/\\\/aztex.ee\\\/wp-content\\\/uploads\\\/2025\\\/02\\\/Sherpa-fliis-tekk-180x200-1.jpg\",\"datePublished\":\"2025-02-26T10:54:14+00:00\",\"dateModified\":\"2026-04-30T16:47:05+00:00\",\"description\":\"Sherpa Fleece decke 180x200 cm ist au\u00dfergew\u00f6hnlich weich, angenehm warm und flauschig. Ein stilvolles und praktisches Wohnelement, das W\u00e4rme ...\",\"breadcrumb\":{\"@id\":\"https:\\\/\\\/aztex.ee\\\/de\\\/pood\\\/decken-ueberwuerfe\\\/sherpa-fleece-decke\\\/#breadcrumb\"},\"inLanguage\":\"de\",\"potentialAction\":[{\"@type\":\"ReadAction\",\"target\":[\"https:\\\/\\\/aztex.ee\\\/de\\\/pood\\\/decken-ueberwuerfe\\\/sherpa-fleece-decke\\\/\"]}]},{\"@type\":\"ImageObject\",\"inLanguage\":\"de\",\"@id\":\"https:\\\/\\\/aztex.ee\\\/de\\\/pood\\\/decken-ueberwuerfe\\\/sherpa-fleece-decke\\\/#primaryimage\",\"url\":\"https:\\\/\\\/aztex.ee\\\/wp-content\\\/uploads\\\/2025\\\/02\\\/Sherpa-fliis-tekk-180x200-1.jpg\",\"contentUrl\":\"https:\\\/\\\/aztex.ee\\\/wp-content\\\/uploads\\\/2025\\\/02\\\/Sherpa-fliis-tekk-180x200-1.jpg\",\"width\":800,\"height\":800,\"caption\":\"Sherpa fliis tekk 180x200\"},{\"@type\":\"BreadcrumbList\",\"@id\":\"https:\\\/\\\/aztex.ee\\\/de\\\/pood\\\/decken-ueberwuerfe\\\/sherpa-fleece-decke\\\/#breadcrumb\",\"itemListElement\":[{\"@type\":\"ListItem\",\"position\":1,\"name\":\"Startseite\",\"item\":\"https:\\\/\\\/aztex.ee\\\/de\\\/\"},{\"@type\":\"ListItem\",\"position\":2,\"name\":\"Shop\",\"item\":\"https:\\\/\\\/aztex.ee\\\/de\\\/shop\\\/\"},{\"@type\":\"ListItem\",\"position\":3,\"name\":\"Sherpa fleece decke 180&#215;200 cm\"}]},{\"@type\":\"WebSite\",\"@id\":\"https:\\\/\\\/aztex.ee\\\/de\\\/#website\",\"url\":\"https:\\\/\\\/aztex.ee\\\/de\\\/\",\"name\":\"AZTEX\",\"description\":\"\",\"publisher\":{\"@id\":\"https:\\\/\\\/aztex.ee\\\/de\\\/#organization\"},\"potentialAction\":[{\"@type\":\"SearchAction\",\"target\":{\"@type\":\"EntryPoint\",\"urlTemplate\":\"https:\\\/\\\/aztex.ee\\\/de\\\/?s={search_term_string}\"},\"query-input\":{\"@type\":\"PropertyValueSpecification\",\"valueRequired\":true,\"valueName\":\"search_term_string\"}}],\"inLanguage\":\"de\"},{\"@type\":\"Organization\",\"@id\":\"https:\\\/\\\/aztex.ee\\\/de\\\/#organization\",\"name\":\"AZTEX\",\"url\":\"https:\\\/\\\/aztex.ee\\\/de\\\/\",\"logo\":{\"@type\":\"ImageObject\",\"inLanguage\":\"de\",\"@id\":\"https:\\\/\\\/aztex.ee\\\/de\\\/#\\\/schema\\\/logo\\\/image\\\/\",\"url\":\"https:\\\/\\\/aztex.ee\\\/wp-content\\\/uploads\\\/2026\\\/01\\\/AZTEX.png\",\"contentUrl\":\"https:\\\/\\\/aztex.ee\\\/wp-content\\\/uploads\\\/2026\\\/01\\\/AZTEX.png\",\"width\":500,\"height\":500,\"caption\":\"AZTEX\"},\"image\":{\"@id\":\"https:\\\/\\\/aztex.ee\\\/de\\\/#\\\/schema\\\/logo\\\/image\\\/\"},\"sameAs\":[\"https:\\\/\\\/www.facebook.com\\\/AztexEE\",\"https:\\\/\\\/www.instagram.com\\\/aztexeesti\\\/\",\"https:\\\/\\\/www.youtube.com\\\/@AZTEXEE\",\"https:\\\/\\\/www.pinterest.com\\\/aztex_eesti\\\/\",\"https:\\\/\\\/www.tiktok.com\\\/@aztexeesti\",\"https:\\\/\\\/www.trustpilot.com\\\/review\\\/aztex.ee\",\"https:\\\/\\\/www.linkedin.com\\\/company\\\/aztex-ee\\\/\",\"https:\\\/\\\/www.wikidata.org\\\/wiki\\\/Q137560182\"]}]}<\/script>\n<!-- \/ Yoast SEO plugin. -->","yoast_head_json":{"title":"Sherpa fleece decke 180x200 cm | AZTEX","description":"Sherpa Fleece decke 180x200 cm ist au\u00dfergew\u00f6hnlich weich, angenehm warm und flauschig. Ein stilvolles und praktisches Wohnelement, das W\u00e4rme ...","robots":{"index":"index","follow":"follow","max-snippet":"max-snippet:-1","max-image-preview":"max-image-preview:large","max-video-preview":"max-video-preview:-1"},"canonical":"https:\/\/aztex.ee\/de\/pood\/decken-ueberwuerfe\/sherpa-fleece-decke\/","og_locale":"de_DE","og_type":"article","og_title":"Sherpa fleece decke 180x200 cm | AZTEX","og_description":"Sherpa Fleece decke 180x200 cm ist au\u00dfergew\u00f6hnlich weich, angenehm warm und flauschig. Ein stilvolles und praktisches Wohnelement, das W\u00e4rme ...","og_url":"https:\/\/aztex.ee\/de\/pood\/decken-ueberwuerfe\/sherpa-fleece-decke\/","og_site_name":"AZTEX","article_publisher":"https:\/\/www.facebook.com\/AztexEE","article_modified_time":"2026-04-30T16:47:05+00:00","og_image":[{"width":800,"height":800,"url":"https:\/\/aztex.ee\/wp-content\/uploads\/2025\/02\/Sherpa-fliis-tekk-180x200-1.jpg","type":"image\/jpeg"}],"twitter_card":"summary_large_image","twitter_misc":{"Gesch\u00e4tzte Lesezeit":"2\u00a0Minuten"},"schema":{"@context":"https:\/\/schema.org","@graph":[{"@type":["WebPage","ItemPage"],"@id":"https:\/\/aztex.ee\/de\/pood\/decken-ueberwuerfe\/sherpa-fleece-decke\/","url":"https:\/\/aztex.ee\/de\/pood\/decken-ueberwuerfe\/sherpa-fleece-decke\/","name":"Sherpa fleece decke 180x200 cm | AZTEX","isPartOf":{"@id":"https:\/\/aztex.ee\/de\/#website"},"primaryImageOfPage":{"@id":"https:\/\/aztex.ee\/de\/pood\/decken-ueberwuerfe\/sherpa-fleece-decke\/#primaryimage"},"image":{"@id":"https:\/\/aztex.ee\/de\/pood\/decken-ueberwuerfe\/sherpa-fleece-decke\/#primaryimage"},"thumbnailUrl":"https:\/\/aztex.ee\/wp-content\/uploads\/2025\/02\/Sherpa-fliis-tekk-180x200-1.jpg","datePublished":"2025-02-26T10:54:14+00:00","dateModified":"2026-04-30T16:47:05+00:00","description":"Sherpa Fleece decke 180x200 cm ist au\u00dfergew\u00f6hnlich weich, angenehm warm und flauschig. Ein stilvolles und praktisches Wohnelement, das W\u00e4rme ...","breadcrumb":{"@id":"https:\/\/aztex.ee\/de\/pood\/decken-ueberwuerfe\/sherpa-fleece-decke\/#breadcrumb"},"inLanguage":"de","potentialAction":[{"@type":"ReadAction","target":["https:\/\/aztex.ee\/de\/pood\/decken-ueberwuerfe\/sherpa-fleece-decke\/"]}]},{"@type":"ImageObject","inLanguage":"de","@id":"https:\/\/aztex.ee\/de\/pood\/decken-ueberwuerfe\/sherpa-fleece-decke\/#primaryimage","url":"https:\/\/aztex.ee\/wp-content\/uploads\/2025\/02\/Sherpa-fliis-tekk-180x200-1.jpg","contentUrl":"https:\/\/aztex.ee\/wp-content\/uploads\/2025\/02\/Sherpa-fliis-tekk-180x200-1.jpg","width":800,"height":800,"caption":"Sherpa fliis tekk 180x200"},{"@type":"BreadcrumbList","@id":"https:\/\/aztex.ee\/de\/pood\/decken-ueberwuerfe\/sherpa-fleece-decke\/#breadcrumb","itemListElement":[{"@type":"ListItem","position":1,"name":"Startseite","item":"https:\/\/aztex.ee\/de\/"},{"@type":"ListItem","position":2,"name":"Shop","item":"https:\/\/aztex.ee\/de\/shop\/"},{"@type":"ListItem","position":3,"name":"Sherpa fleece decke 180&#215;200 cm"}]},{"@type":"WebSite","@id":"https:\/\/aztex.ee\/de\/#website","url":"https:\/\/aztex.ee\/de\/","name":"AZTEX","description":"","publisher":{"@id":"https:\/\/aztex.ee\/de\/#organization"},"potentialAction":[{"@type":"SearchAction","target":{"@type":"EntryPoint","urlTemplate":"https:\/\/aztex.ee\/de\/?s={search_term_string}"},"query-input":{"@type":"PropertyValueSpecification","valueRequired":true,"valueName":"search_term_string"}}],"inLanguage":"de"},{"@type":"Organization","@id":"https:\/\/aztex.ee\/de\/#organization","name":"AZTEX","url":"https:\/\/aztex.ee\/de\/","logo":{"@type":"ImageObject","inLanguage":"de","@id":"https:\/\/aztex.ee\/de\/#\/schema\/logo\/image\/","url":"https:\/\/aztex.ee\/wp-content\/uploads\/2026\/01\/AZTEX.png","contentUrl":"https:\/\/aztex.ee\/wp-content\/uploads\/2026\/01\/AZTEX.png","width":500,"height":500,"caption":"AZTEX"},"image":{"@id":"https:\/\/aztex.ee\/de\/#\/schema\/logo\/image\/"},"sameAs":["https:\/\/www.facebook.com\/AztexEE","https:\/\/www.instagram.com\/aztexeesti\/","https:\/\/www.youtube.com\/@AZTEXEE","https:\/\/www.pinterest.com\/aztex_eesti\/","https:\/\/www.tiktok.com\/@aztexeesti","https:\/\/www.trustpilot.com\/review\/aztex.ee","https:\/\/www.linkedin.com\/company\/aztex-ee\/","https:\/\/www.wikidata.org\/wiki\/Q137560182"]}]}},"_links":{"self":[{"href":"https:\/\/aztex.ee\/de\/wp-json\/wp\/v2\/product\/60946","targetHints":{"allow":["GET"]}}],"collection":[{"href":"https:\/\/aztex.ee\/de\/wp-json\/wp\/v2\/product"}],"about":[{"href":"https:\/\/aztex.ee\/de\/wp-json\/wp\/v2\/types\/product"}],"replies":[{"embeddable":true,"href":"https:\/\/aztex.ee\/de\/wp-json\/wp\/v2\/comments?post=60946"}],"version-history":[{"count":0,"href":"https:\/\/aztex.ee\/de\/wp-json\/wp\/v2\/product\/60946\/revisions"}],"wp:featuredmedia":[{"embeddable":true,"href":"https:\/\/aztex.ee\/de\/wp-json\/wp\/v2\/media\/61089"}],"wp:attachment":[{"href":"https:\/\/aztex.ee\/de\/wp-json\/wp\/v2\/media?parent=60946"}],"wp:term":[{"taxonomy":"product_brand","embeddable":true,"href":"https:\/\/aztex.ee\/de\/wp-json\/wp\/v2\/product_brand?post=60946"},{"taxonomy":"product_cat","embeddable":true,"href":"https:\/\/aztex.ee\/de\/wp-json\/wp\/v2\/product_cat?post=60946"},{"taxonomy":"product_tag","embeddable":true,"href":"https:\/\/aztex.ee\/de\/wp-json\/wp\/v2\/product_tag?post=60946"}],"curies":[{"name":"wp","href":"https:\/\/api.w.org\/{rel}","templated":true}]}}