{"id":56026,"date":"2025-02-16T10:44:55","date_gmt":"2025-02-16T10:44:55","guid":{"rendered":"https:\/\/aztex.ee\/?post_type=product&#038;p=56026"},"modified":"2026-01-31T17:14:36","modified_gmt":"2026-01-31T17:14:36","slug":"kinderdecke-105x110-cm","status":"publish","type":"product","link":"https:\/\/aztex.ee\/de\/pood\/kinderwelt\/kinderdecke-105x110-cm\/","title":{"rendered":"Kinderdecke 105&#215;110 cm"},"content":{"rendered":"<p><strong>Weiche und warme Babydecke mit lustigen Bildern<\/strong><\/p>\n<p><strong>Eine Traumdecke f\u00fcr jedes Kind<\/strong><br \/>\nDiese s\u00fc\u00dfe Babydecke bietet kleinen Tr\u00e4umern in jedem Moment W\u00e4rme und ein Gef\u00fchl der Geborgenheit. Bunte und lustige Bilder machen die Schlafenszeit zu etwas ganz Besonderem und bringen Freude in jeden Tag.<\/p>\n<p><strong>Komfort und Qualit\u00e4t<\/strong><br \/>\nDie Decke besteht aus weichem Material, das sich angenehm anf\u00fchlt und f\u00fcr den t\u00e4glichen Gebrauch robust ist. Perfekt zum Schlafen oder Genie\u00dfen in der Spielecke \u2013 die lustigen Bilder machen diese Decke in jeder Situation zum Liebling der Kinder.<\/p>\n<p><strong>Pflegeleicht<\/strong><br \/>\nMaschinenwaschbare Decke, die auch nach mehreren W\u00e4schen ihre Weichheit und Farbenpracht beh\u00e4lt. So ist sie immer frisch, weich und bereit, in jedem Moment W\u00e4rme und Geborgenheit zu spenden.<\/p>\n<p><strong>Perfekte Geschenkidee<\/strong><br \/>\nDiese s\u00fc\u00dfe Decke ist ein tolles Geschenk f\u00fcr Babys und Kleinkinder \u2013 egal, ob f\u00fcr eine Katze, zum Geburtstag oder einfach nur, um Freude zu bereiten. Die Decke schafft eine warme und gem\u00fctliche Atmosph\u00e4re im Haus und bringt Freude in jeden Tag.<\/p>\n<p>Machen Sie Ihrem Kind das beste Geschenk \u2013 eine warme, weiche und lustige Decke, die es bei allen m\u00f6glichen Abenteuern begleitet!<\/p>\n","protected":false},"excerpt":{"rendered":"<ul>\n<li>Material: Polyester<\/li>\n<li>Gr\u00f6\u00dfe: 105&#215;110 cm \u00b13<\/li>\n<li>Gewicht: 0,7 kg<\/li>\n<\/ul>\n","protected":false},"featured_media":56139,"comment_status":"open","ping_status":"closed","template":"","meta":[],"product_brand":[],"product_cat":[2234,2212],"product_tag":[],"class_list":{"0":"post-56026","1":"product","2":"type-product","3":"status-publish","4":"has-post-thumbnail","6":"product_cat-kinderdecken","7":"product_cat-kinderwelt","9":"first","10":"instock","11":"sale","12":"shipping-taxable","13":"purchasable","14":"product-type-variable"},"yoast_head":"<!-- This site is optimized with the Yoast SEO plugin v27.3 - https:\/\/yoast.com\/product\/yoast-seo-wordpress\/ -->\n<title>Kinderdecke 105x110 cm | AZTEX<\/title>\n<meta name=\"description\" content=\"Weiche und warme Babydecke mit lustigen Motiven! Der perfekte Begleiter zum Schlafen, Kuscheln und Spielen. Bringt jedem Kind Freude!\" \/>\n<meta name=\"robots\" content=\"index, follow, max-snippet:-1, max-image-preview:large, max-video-preview:-1\" \/>\n<link rel=\"canonical\" href=\"https:\/\/aztex.ee\/de\/pood\/kinderwelt\/kinderdecke-105x110-cm\/\" \/>\n<meta property=\"og:locale\" content=\"de_DE\" \/>\n<meta property=\"og:type\" content=\"article\" \/>\n<meta property=\"og:title\" content=\"Kinderdecke 105x110 cm | AZTEX\" \/>\n<meta property=\"og:description\" content=\"Weiche und warme Babydecke mit lustigen Motiven! Der perfekte Begleiter zum Schlafen, Kuscheln und Spielen. Bringt jedem Kind Freude!\" \/>\n<meta property=\"og:url\" content=\"https:\/\/aztex.ee\/de\/pood\/kinderwelt\/kinderdecke-105x110-cm\/\" \/>\n<meta property=\"og:site_name\" content=\"AZTEX\" \/>\n<meta property=\"article:publisher\" content=\"https:\/\/www.facebook.com\/AztexEE\" \/>\n<meta property=\"article:modified_time\" content=\"2026-01-31T17:14:36+00:00\" \/>\n<meta property=\"og:image\" content=\"https:\/\/aztex.ee\/wp-content\/uploads\/2025\/02\/Laste-tekid.jpg\" \/>\n\t<meta property=\"og:image:width\" content=\"800\" \/>\n\t<meta property=\"og:image:height\" content=\"800\" \/>\n\t<meta property=\"og:image:type\" content=\"image\/jpeg\" \/>\n<meta name=\"twitter:card\" content=\"summary_large_image\" \/>\n<meta name=\"twitter:label1\" content=\"Gesch\u00e4tzte Lesezeit\" \/>\n\t<meta name=\"twitter:data1\" content=\"2\u00a0Minuten\" \/>\n<script type=\"application\/ld+json\" class=\"yoast-schema-graph\">{\"@context\":\"https:\\\/\\\/schema.org\",\"@graph\":[{\"@type\":[\"WebPage\",\"ItemPage\"],\"@id\":\"https:\\\/\\\/aztex.ee\\\/de\\\/pood\\\/kinderwelt\\\/kinderdecke-105x110-cm\\\/\",\"url\":\"https:\\\/\\\/aztex.ee\\\/de\\\/pood\\\/kinderwelt\\\/kinderdecke-105x110-cm\\\/\",\"name\":\"Kinderdecke 105x110 cm | AZTEX\",\"isPartOf\":{\"@id\":\"https:\\\/\\\/aztex.ee\\\/de\\\/#website\"},\"primaryImageOfPage\":{\"@id\":\"https:\\\/\\\/aztex.ee\\\/de\\\/pood\\\/kinderwelt\\\/kinderdecke-105x110-cm\\\/#primaryimage\"},\"image\":{\"@id\":\"https:\\\/\\\/aztex.ee\\\/de\\\/pood\\\/kinderwelt\\\/kinderdecke-105x110-cm\\\/#primaryimage\"},\"thumbnailUrl\":\"https:\\\/\\\/aztex.ee\\\/wp-content\\\/uploads\\\/2025\\\/02\\\/Laste-tekid.jpg\",\"datePublished\":\"2025-02-16T10:44:55+00:00\",\"dateModified\":\"2026-01-31T17:14:36+00:00\",\"description\":\"Weiche und warme Babydecke mit lustigen Motiven! Der perfekte Begleiter zum Schlafen, Kuscheln und Spielen. Bringt jedem Kind Freude!\",\"breadcrumb\":{\"@id\":\"https:\\\/\\\/aztex.ee\\\/de\\\/pood\\\/kinderwelt\\\/kinderdecke-105x110-cm\\\/#breadcrumb\"},\"inLanguage\":\"de\",\"potentialAction\":[{\"@type\":\"ReadAction\",\"target\":[\"https:\\\/\\\/aztex.ee\\\/de\\\/pood\\\/kinderwelt\\\/kinderdecke-105x110-cm\\\/\"]}]},{\"@type\":\"ImageObject\",\"inLanguage\":\"de\",\"@id\":\"https:\\\/\\\/aztex.ee\\\/de\\\/pood\\\/kinderwelt\\\/kinderdecke-105x110-cm\\\/#primaryimage\",\"url\":\"https:\\\/\\\/aztex.ee\\\/wp-content\\\/uploads\\\/2025\\\/02\\\/Laste-tekid.jpg\",\"contentUrl\":\"https:\\\/\\\/aztex.ee\\\/wp-content\\\/uploads\\\/2025\\\/02\\\/Laste-tekid.jpg\",\"width\":800,\"height\":800,\"caption\":\"Laste tekid\"},{\"@type\":\"BreadcrumbList\",\"@id\":\"https:\\\/\\\/aztex.ee\\\/de\\\/pood\\\/kinderwelt\\\/kinderdecke-105x110-cm\\\/#breadcrumb\",\"itemListElement\":[{\"@type\":\"ListItem\",\"position\":1,\"name\":\"Startseite\",\"item\":\"https:\\\/\\\/aztex.ee\\\/de\\\/\"},{\"@type\":\"ListItem\",\"position\":2,\"name\":\"Shop\",\"item\":\"https:\\\/\\\/aztex.ee\\\/de\\\/shop\\\/\"},{\"@type\":\"ListItem\",\"position\":3,\"name\":\"Kinderdecke 105&#215;110 cm\"}]},{\"@type\":\"WebSite\",\"@id\":\"https:\\\/\\\/aztex.ee\\\/de\\\/#website\",\"url\":\"https:\\\/\\\/aztex.ee\\\/de\\\/\",\"name\":\"AZTEX\",\"description\":\"\",\"publisher\":{\"@id\":\"https:\\\/\\\/aztex.ee\\\/de\\\/#organization\"},\"potentialAction\":[{\"@type\":\"SearchAction\",\"target\":{\"@type\":\"EntryPoint\",\"urlTemplate\":\"https:\\\/\\\/aztex.ee\\\/de\\\/?s={search_term_string}\"},\"query-input\":{\"@type\":\"PropertyValueSpecification\",\"valueRequired\":true,\"valueName\":\"search_term_string\"}}],\"inLanguage\":\"de\"},{\"@type\":\"Organization\",\"@id\":\"https:\\\/\\\/aztex.ee\\\/de\\\/#organization\",\"name\":\"AZTEX\",\"url\":\"https:\\\/\\\/aztex.ee\\\/de\\\/\",\"logo\":{\"@type\":\"ImageObject\",\"inLanguage\":\"de\",\"@id\":\"https:\\\/\\\/aztex.ee\\\/de\\\/#\\\/schema\\\/logo\\\/image\\\/\",\"url\":\"https:\\\/\\\/aztex.ee\\\/wp-content\\\/uploads\\\/2026\\\/01\\\/AZTEX.png\",\"contentUrl\":\"https:\\\/\\\/aztex.ee\\\/wp-content\\\/uploads\\\/2026\\\/01\\\/AZTEX.png\",\"width\":500,\"height\":500,\"caption\":\"AZTEX\"},\"image\":{\"@id\":\"https:\\\/\\\/aztex.ee\\\/de\\\/#\\\/schema\\\/logo\\\/image\\\/\"},\"sameAs\":[\"https:\\\/\\\/www.facebook.com\\\/AztexEE\",\"https:\\\/\\\/www.instagram.com\\\/aztexeesti\\\/\",\"https:\\\/\\\/www.youtube.com\\\/@AZTEXEE\",\"https:\\\/\\\/www.pinterest.com\\\/aztex_eesti\\\/\",\"https:\\\/\\\/www.tiktok.com\\\/@aztexeesti\",\"https:\\\/\\\/www.trustpilot.com\\\/review\\\/aztex.ee\",\"https:\\\/\\\/www.linkedin.com\\\/company\\\/aztex-ee\\\/\",\"https:\\\/\\\/www.wikidata.org\\\/wiki\\\/Q137560182\"]}]}<\/script>\n<!-- \/ Yoast SEO plugin. -->","yoast_head_json":{"title":"Kinderdecke 105x110 cm | AZTEX","description":"Weiche und warme Babydecke mit lustigen Motiven! Der perfekte Begleiter zum Schlafen, Kuscheln und Spielen. Bringt jedem Kind Freude!","robots":{"index":"index","follow":"follow","max-snippet":"max-snippet:-1","max-image-preview":"max-image-preview:large","max-video-preview":"max-video-preview:-1"},"canonical":"https:\/\/aztex.ee\/de\/pood\/kinderwelt\/kinderdecke-105x110-cm\/","og_locale":"de_DE","og_type":"article","og_title":"Kinderdecke 105x110 cm | AZTEX","og_description":"Weiche und warme Babydecke mit lustigen Motiven! Der perfekte Begleiter zum Schlafen, Kuscheln und Spielen. Bringt jedem Kind Freude!","og_url":"https:\/\/aztex.ee\/de\/pood\/kinderwelt\/kinderdecke-105x110-cm\/","og_site_name":"AZTEX","article_publisher":"https:\/\/www.facebook.com\/AztexEE","article_modified_time":"2026-01-31T17:14:36+00:00","og_image":[{"width":800,"height":800,"url":"https:\/\/aztex.ee\/wp-content\/uploads\/2025\/02\/Laste-tekid.jpg","type":"image\/jpeg"}],"twitter_card":"summary_large_image","twitter_misc":{"Gesch\u00e4tzte Lesezeit":"2\u00a0Minuten"},"schema":{"@context":"https:\/\/schema.org","@graph":[{"@type":["WebPage","ItemPage"],"@id":"https:\/\/aztex.ee\/de\/pood\/kinderwelt\/kinderdecke-105x110-cm\/","url":"https:\/\/aztex.ee\/de\/pood\/kinderwelt\/kinderdecke-105x110-cm\/","name":"Kinderdecke 105x110 cm | AZTEX","isPartOf":{"@id":"https:\/\/aztex.ee\/de\/#website"},"primaryImageOfPage":{"@id":"https:\/\/aztex.ee\/de\/pood\/kinderwelt\/kinderdecke-105x110-cm\/#primaryimage"},"image":{"@id":"https:\/\/aztex.ee\/de\/pood\/kinderwelt\/kinderdecke-105x110-cm\/#primaryimage"},"thumbnailUrl":"https:\/\/aztex.ee\/wp-content\/uploads\/2025\/02\/Laste-tekid.jpg","datePublished":"2025-02-16T10:44:55+00:00","dateModified":"2026-01-31T17:14:36+00:00","description":"Weiche und warme Babydecke mit lustigen Motiven! Der perfekte Begleiter zum Schlafen, Kuscheln und Spielen. Bringt jedem Kind Freude!","breadcrumb":{"@id":"https:\/\/aztex.ee\/de\/pood\/kinderwelt\/kinderdecke-105x110-cm\/#breadcrumb"},"inLanguage":"de","potentialAction":[{"@type":"ReadAction","target":["https:\/\/aztex.ee\/de\/pood\/kinderwelt\/kinderdecke-105x110-cm\/"]}]},{"@type":"ImageObject","inLanguage":"de","@id":"https:\/\/aztex.ee\/de\/pood\/kinderwelt\/kinderdecke-105x110-cm\/#primaryimage","url":"https:\/\/aztex.ee\/wp-content\/uploads\/2025\/02\/Laste-tekid.jpg","contentUrl":"https:\/\/aztex.ee\/wp-content\/uploads\/2025\/02\/Laste-tekid.jpg","width":800,"height":800,"caption":"Laste tekid"},{"@type":"BreadcrumbList","@id":"https:\/\/aztex.ee\/de\/pood\/kinderwelt\/kinderdecke-105x110-cm\/#breadcrumb","itemListElement":[{"@type":"ListItem","position":1,"name":"Startseite","item":"https:\/\/aztex.ee\/de\/"},{"@type":"ListItem","position":2,"name":"Shop","item":"https:\/\/aztex.ee\/de\/shop\/"},{"@type":"ListItem","position":3,"name":"Kinderdecke 105&#215;110 cm"}]},{"@type":"WebSite","@id":"https:\/\/aztex.ee\/de\/#website","url":"https:\/\/aztex.ee\/de\/","name":"AZTEX","description":"","publisher":{"@id":"https:\/\/aztex.ee\/de\/#organization"},"potentialAction":[{"@type":"SearchAction","target":{"@type":"EntryPoint","urlTemplate":"https:\/\/aztex.ee\/de\/?s={search_term_string}"},"query-input":{"@type":"PropertyValueSpecification","valueRequired":true,"valueName":"search_term_string"}}],"inLanguage":"de"},{"@type":"Organization","@id":"https:\/\/aztex.ee\/de\/#organization","name":"AZTEX","url":"https:\/\/aztex.ee\/de\/","logo":{"@type":"ImageObject","inLanguage":"de","@id":"https:\/\/aztex.ee\/de\/#\/schema\/logo\/image\/","url":"https:\/\/aztex.ee\/wp-content\/uploads\/2026\/01\/AZTEX.png","contentUrl":"https:\/\/aztex.ee\/wp-content\/uploads\/2026\/01\/AZTEX.png","width":500,"height":500,"caption":"AZTEX"},"image":{"@id":"https:\/\/aztex.ee\/de\/#\/schema\/logo\/image\/"},"sameAs":["https:\/\/www.facebook.com\/AztexEE","https:\/\/www.instagram.com\/aztexeesti\/","https:\/\/www.youtube.com\/@AZTEXEE","https:\/\/www.pinterest.com\/aztex_eesti\/","https:\/\/www.tiktok.com\/@aztexeesti","https:\/\/www.trustpilot.com\/review\/aztex.ee","https:\/\/www.linkedin.com\/company\/aztex-ee\/","https:\/\/www.wikidata.org\/wiki\/Q137560182"]}]}},"_links":{"self":[{"href":"https:\/\/aztex.ee\/de\/wp-json\/wp\/v2\/product\/56026","targetHints":{"allow":["GET"]}}],"collection":[{"href":"https:\/\/aztex.ee\/de\/wp-json\/wp\/v2\/product"}],"about":[{"href":"https:\/\/aztex.ee\/de\/wp-json\/wp\/v2\/types\/product"}],"replies":[{"embeddable":true,"href":"https:\/\/aztex.ee\/de\/wp-json\/wp\/v2\/comments?post=56026"}],"version-history":[{"count":0,"href":"https:\/\/aztex.ee\/de\/wp-json\/wp\/v2\/product\/56026\/revisions"}],"wp:featuredmedia":[{"embeddable":true,"href":"https:\/\/aztex.ee\/de\/wp-json\/wp\/v2\/media\/56139"}],"wp:attachment":[{"href":"https:\/\/aztex.ee\/de\/wp-json\/wp\/v2\/media?parent=56026"}],"wp:term":[{"taxonomy":"product_brand","embeddable":true,"href":"https:\/\/aztex.ee\/de\/wp-json\/wp\/v2\/product_brand?post=56026"},{"taxonomy":"product_cat","embeddable":true,"href":"https:\/\/aztex.ee\/de\/wp-json\/wp\/v2\/product_cat?post=56026"},{"taxonomy":"product_tag","embeddable":true,"href":"https:\/\/aztex.ee\/de\/wp-json\/wp\/v2\/product_tag?post=56026"}],"curies":[{"name":"wp","href":"https:\/\/api.w.org\/{rel}","templated":true}]}}