{"id":55191,"date":"2025-02-13T18:53:53","date_gmt":"2025-02-13T18:53:53","guid":{"rendered":"https:\/\/aztex.ee\/?post_type=product&#038;p=55191"},"modified":"2026-04-24T09:14:55","modified_gmt":"2026-04-24T09:14:55","slug":"weiche-fleecedecke-180x200-cm","status":"publish","type":"product","link":"https:\/\/aztex.ee\/de\/pood\/decken-ueberwuerfe\/weiche-fleecedecke-180x200-cm\/","title":{"rendered":"Weiche Fleecedecke 180&#215;200 cm"},"content":{"rendered":"<p><strong>Weiche und warme Fleecedecke 180\u00d7200 cm \u2013 Gem\u00fctlichkeit f\u00fcr jeden Tag<\/strong><\/p>\n<p>Genie\u00dfen Sie maximalen Komfort mit einer hochwertigen und weichen Fleecedecke! Die gro\u00dfe Decke 180\u00d7200 cm ist perfekt f\u00fcr Bett und Sofa und sorgt zu jeder Jahreszeit f\u00fcr W\u00e4rme und Gem\u00fctlichkeit. Ihr leichtes, atmungsaktives und strapazierf\u00e4higes Material macht jeden Moment der Ruhe noch angenehmer.<\/p>\n<p><strong>Hochwertiges und strapazierf\u00e4higes Material<\/strong><br \/>\nDas Fleecematerial sorgt f\u00fcr die perfekte Balance zwischen W\u00e4rme und Luftbewegung. Die Decke ist leicht, aber dennoch warm und sorgt auch an k\u00fchleren Abenden f\u00fcr Komfort. Der strapazierf\u00e4hige Stoff beh\u00e4lt auch nach mehrmaligem Waschen seine Form und Farbe und ist somit eine langlebige Wahl.<\/p>\n<p><strong>Pflegeleicht und praktisch<\/strong><br \/>\nDie Fleecedecke ist f\u00fcr den t\u00e4glichen Gebrauch konzipiert und pflegeleicht. Das maschinenwaschbare Material verliert auch nach mehreren W\u00e4schen weder seine Weichheit noch seine Farbe. Dar\u00fcber hinaus trocknet die Decke schnell und ist daher ideal f\u00fcr alle, die Wert auf Funktionalit\u00e4t und Komfort legen.<\/p>\n<p><strong>Vielseitig einsetzbar<\/strong><br \/>\nDie Decke ist perfekt f\u00fcr Bett und Sofa und sorgt f\u00fcr zus\u00e4tzliche W\u00e4rme und Weichheit. Dank ihrer Leichtigkeit ist sie ein toller Begleiter f\u00fcr Ausfl\u00fcge, Camping und Picknicks \u2013 sie l\u00e4sst sich einfach zusammenfalten und mitnehmen. An k\u00fchlen Abenden spendet die Decke auch W\u00e4rme beim Sitzen auf der Terrasse oder dem Balkon.<\/p>\n<p><strong>Tolle Geschenkidee<\/strong><br \/>\nEine Fleecedecke ist das perfekte Geschenk f\u00fcr geliebte Menschen, die gerne Gem\u00fctlichkeit und W\u00e4rme genie\u00dfen. Ihr weiches und luxuri\u00f6ses Material macht sie zu einem beliebten Begleiter in jedem Zuhause.<\/p>\n<p>Bringen Sie mit dieser weichen Fleecedecke mehr Komfort und W\u00e4rme in Ihr Leben und genie\u00dfen Sie gem\u00fctliche Momente zu jeder Jahreszeit!<\/p>\n","protected":false},"excerpt":{"rendered":"<ul>\n<li>Material: Korallenfleece<\/li>\n<li>Gr\u00f6\u00dfe: 180&#215;200 cm \u00b13<\/li>\n<li>Gewicht: 1,2 kg<\/li>\n<\/ul>\n","protected":false},"featured_media":55357,"comment_status":"open","ping_status":"closed","template":"","meta":[],"product_brand":[],"product_cat":[1866,3131,3423],"product_tag":[],"class_list":{"0":"post-55191","1":"product","2":"type-product","3":"status-publish","4":"has-post-thumbnail","6":"product_cat-decken-ueberwuerfe","7":"product_cat-fleecedecken","8":"product_cat-fleecedecken-180x200-cm","10":"first","11":"instock","12":"shipping-taxable","13":"purchasable","14":"product-type-variable"},"yoast_head":"<!-- This site is optimized with the Yoast SEO plugin v27.6 - https:\/\/yoast.com\/product\/yoast-seo-wordpress\/ -->\n<title>Weiche Fleecedecke 180x200 cm | AZTEX<\/title>\n<meta name=\"description\" content=\"Bequeme und warme Fleecedecke in der Gr\u00f6\u00dfe 180x200 cm. Ideal f\u00fcr den t\u00e4glichen Gebrauch, bietet eine angenehme Weichheit auf der Haut\" \/>\n<meta name=\"robots\" content=\"index, follow, max-snippet:-1, max-image-preview:large, max-video-preview:-1\" \/>\n<link rel=\"canonical\" href=\"https:\/\/aztex.ee\/de\/pood\/decken-ueberwuerfe\/weiche-fleecedecke-180x200-cm\/\" \/>\n<meta property=\"og:locale\" content=\"de_DE\" \/>\n<meta property=\"og:type\" content=\"article\" \/>\n<meta property=\"og:title\" content=\"Weiche Fleecedecke 180x200 cm | AZTEX\" \/>\n<meta property=\"og:description\" content=\"Bequeme und warme Fleecedecke in der Gr\u00f6\u00dfe 180x200 cm. Ideal f\u00fcr den t\u00e4glichen Gebrauch, bietet eine angenehme Weichheit auf der Haut\" \/>\n<meta property=\"og:url\" content=\"https:\/\/aztex.ee\/de\/pood\/decken-ueberwuerfe\/weiche-fleecedecke-180x200-cm\/\" \/>\n<meta property=\"og:site_name\" content=\"AZTEX\" \/>\n<meta property=\"article:publisher\" content=\"https:\/\/www.facebook.com\/AztexEE\" \/>\n<meta property=\"article:modified_time\" content=\"2026-04-24T09:14:55+00:00\" \/>\n<meta property=\"og:image\" content=\"https:\/\/aztex.ee\/wp-content\/uploads\/2025\/02\/Pehme-fliistekk-180\u00d7200-cm.jpg\" \/>\n\t<meta property=\"og:image:width\" content=\"800\" \/>\n\t<meta property=\"og:image:height\" content=\"800\" \/>\n\t<meta property=\"og:image:type\" content=\"image\/jpeg\" \/>\n<meta name=\"twitter:card\" content=\"summary_large_image\" \/>\n<meta name=\"twitter:label1\" content=\"Gesch\u00e4tzte Lesezeit\" \/>\n\t<meta name=\"twitter:data1\" content=\"2\u00a0Minuten\" \/>\n<script type=\"application\/ld+json\" class=\"yoast-schema-graph\">{\"@context\":\"https:\\\/\\\/schema.org\",\"@graph\":[{\"@type\":[\"WebPage\",\"ItemPage\"],\"@id\":\"https:\\\/\\\/aztex.ee\\\/de\\\/pood\\\/decken-ueberwuerfe\\\/weiche-fleecedecke-180x200-cm\\\/\",\"url\":\"https:\\\/\\\/aztex.ee\\\/de\\\/pood\\\/decken-ueberwuerfe\\\/weiche-fleecedecke-180x200-cm\\\/\",\"name\":\"Weiche Fleecedecke 180x200 cm | AZTEX\",\"isPartOf\":{\"@id\":\"https:\\\/\\\/aztex.ee\\\/de\\\/#website\"},\"primaryImageOfPage\":{\"@id\":\"https:\\\/\\\/aztex.ee\\\/de\\\/pood\\\/decken-ueberwuerfe\\\/weiche-fleecedecke-180x200-cm\\\/#primaryimage\"},\"image\":{\"@id\":\"https:\\\/\\\/aztex.ee\\\/de\\\/pood\\\/decken-ueberwuerfe\\\/weiche-fleecedecke-180x200-cm\\\/#primaryimage\"},\"thumbnailUrl\":\"https:\\\/\\\/aztex.ee\\\/wp-content\\\/uploads\\\/2025\\\/02\\\/Pehme-fliistekk-180\u00d7200-cm.jpg\",\"datePublished\":\"2025-02-13T18:53:53+00:00\",\"dateModified\":\"2026-04-24T09:14:55+00:00\",\"description\":\"Bequeme und warme Fleecedecke in der Gr\u00f6\u00dfe 180x200 cm. Ideal f\u00fcr den t\u00e4glichen Gebrauch, bietet eine angenehme Weichheit auf der Haut\",\"breadcrumb\":{\"@id\":\"https:\\\/\\\/aztex.ee\\\/de\\\/pood\\\/decken-ueberwuerfe\\\/weiche-fleecedecke-180x200-cm\\\/#breadcrumb\"},\"inLanguage\":\"de\",\"potentialAction\":[{\"@type\":\"ReadAction\",\"target\":[\"https:\\\/\\\/aztex.ee\\\/de\\\/pood\\\/decken-ueberwuerfe\\\/weiche-fleecedecke-180x200-cm\\\/\"]}]},{\"@type\":\"ImageObject\",\"inLanguage\":\"de\",\"@id\":\"https:\\\/\\\/aztex.ee\\\/de\\\/pood\\\/decken-ueberwuerfe\\\/weiche-fleecedecke-180x200-cm\\\/#primaryimage\",\"url\":\"https:\\\/\\\/aztex.ee\\\/wp-content\\\/uploads\\\/2025\\\/02\\\/Pehme-fliistekk-180\u00d7200-cm.jpg\",\"contentUrl\":\"https:\\\/\\\/aztex.ee\\\/wp-content\\\/uploads\\\/2025\\\/02\\\/Pehme-fliistekk-180\u00d7200-cm.jpg\",\"width\":800,\"height\":800,\"caption\":\"Pehme fliistekk 180\u00d7200 cm\"},{\"@type\":\"BreadcrumbList\",\"@id\":\"https:\\\/\\\/aztex.ee\\\/de\\\/pood\\\/decken-ueberwuerfe\\\/weiche-fleecedecke-180x200-cm\\\/#breadcrumb\",\"itemListElement\":[{\"@type\":\"ListItem\",\"position\":1,\"name\":\"Startseite\",\"item\":\"https:\\\/\\\/aztex.ee\\\/de\\\/\"},{\"@type\":\"ListItem\",\"position\":2,\"name\":\"Shop\",\"item\":\"https:\\\/\\\/aztex.ee\\\/de\\\/shop\\\/\"},{\"@type\":\"ListItem\",\"position\":3,\"name\":\"Weiche Fleecedecke 180&#215;200 cm\"}]},{\"@type\":\"WebSite\",\"@id\":\"https:\\\/\\\/aztex.ee\\\/de\\\/#website\",\"url\":\"https:\\\/\\\/aztex.ee\\\/de\\\/\",\"name\":\"AZTEX\",\"description\":\"\",\"publisher\":{\"@id\":\"https:\\\/\\\/aztex.ee\\\/de\\\/#organization\"},\"potentialAction\":[{\"@type\":\"SearchAction\",\"target\":{\"@type\":\"EntryPoint\",\"urlTemplate\":\"https:\\\/\\\/aztex.ee\\\/de\\\/?s={search_term_string}\"},\"query-input\":{\"@type\":\"PropertyValueSpecification\",\"valueRequired\":true,\"valueName\":\"search_term_string\"}}],\"inLanguage\":\"de\"},{\"@type\":\"Organization\",\"@id\":\"https:\\\/\\\/aztex.ee\\\/de\\\/#organization\",\"name\":\"AZTEX\",\"url\":\"https:\\\/\\\/aztex.ee\\\/de\\\/\",\"logo\":{\"@type\":\"ImageObject\",\"inLanguage\":\"de\",\"@id\":\"https:\\\/\\\/aztex.ee\\\/de\\\/#\\\/schema\\\/logo\\\/image\\\/\",\"url\":\"https:\\\/\\\/aztex.ee\\\/wp-content\\\/uploads\\\/2026\\\/01\\\/AZTEX.png\",\"contentUrl\":\"https:\\\/\\\/aztex.ee\\\/wp-content\\\/uploads\\\/2026\\\/01\\\/AZTEX.png\",\"width\":500,\"height\":500,\"caption\":\"AZTEX\"},\"image\":{\"@id\":\"https:\\\/\\\/aztex.ee\\\/de\\\/#\\\/schema\\\/logo\\\/image\\\/\"},\"sameAs\":[\"https:\\\/\\\/www.facebook.com\\\/AztexEE\",\"https:\\\/\\\/www.instagram.com\\\/aztexeesti\\\/\",\"https:\\\/\\\/www.youtube.com\\\/@AZTEXEE\",\"https:\\\/\\\/www.pinterest.com\\\/aztex_eesti\\\/\",\"https:\\\/\\\/www.tiktok.com\\\/@aztexeesti\",\"https:\\\/\\\/www.trustpilot.com\\\/review\\\/aztex.ee\",\"https:\\\/\\\/www.linkedin.com\\\/company\\\/aztex-ee\\\/\",\"https:\\\/\\\/www.wikidata.org\\\/wiki\\\/Q137560182\"]}]}<\/script>\n<!-- \/ Yoast SEO plugin. -->","yoast_head_json":{"title":"Weiche Fleecedecke 180x200 cm | AZTEX","description":"Bequeme und warme Fleecedecke in der Gr\u00f6\u00dfe 180x200 cm. Ideal f\u00fcr den t\u00e4glichen Gebrauch, bietet eine angenehme Weichheit auf der Haut","robots":{"index":"index","follow":"follow","max-snippet":"max-snippet:-1","max-image-preview":"max-image-preview:large","max-video-preview":"max-video-preview:-1"},"canonical":"https:\/\/aztex.ee\/de\/pood\/decken-ueberwuerfe\/weiche-fleecedecke-180x200-cm\/","og_locale":"de_DE","og_type":"article","og_title":"Weiche Fleecedecke 180x200 cm | AZTEX","og_description":"Bequeme und warme Fleecedecke in der Gr\u00f6\u00dfe 180x200 cm. Ideal f\u00fcr den t\u00e4glichen Gebrauch, bietet eine angenehme Weichheit auf der Haut","og_url":"https:\/\/aztex.ee\/de\/pood\/decken-ueberwuerfe\/weiche-fleecedecke-180x200-cm\/","og_site_name":"AZTEX","article_publisher":"https:\/\/www.facebook.com\/AztexEE","article_modified_time":"2026-04-24T09:14:55+00:00","og_image":[{"width":800,"height":800,"url":"https:\/\/aztex.ee\/wp-content\/uploads\/2025\/02\/Pehme-fliistekk-180\u00d7200-cm.jpg","type":"image\/jpeg"}],"twitter_card":"summary_large_image","twitter_misc":{"Gesch\u00e4tzte Lesezeit":"2\u00a0Minuten"},"schema":{"@context":"https:\/\/schema.org","@graph":[{"@type":["WebPage","ItemPage"],"@id":"https:\/\/aztex.ee\/de\/pood\/decken-ueberwuerfe\/weiche-fleecedecke-180x200-cm\/","url":"https:\/\/aztex.ee\/de\/pood\/decken-ueberwuerfe\/weiche-fleecedecke-180x200-cm\/","name":"Weiche Fleecedecke 180x200 cm | AZTEX","isPartOf":{"@id":"https:\/\/aztex.ee\/de\/#website"},"primaryImageOfPage":{"@id":"https:\/\/aztex.ee\/de\/pood\/decken-ueberwuerfe\/weiche-fleecedecke-180x200-cm\/#primaryimage"},"image":{"@id":"https:\/\/aztex.ee\/de\/pood\/decken-ueberwuerfe\/weiche-fleecedecke-180x200-cm\/#primaryimage"},"thumbnailUrl":"https:\/\/aztex.ee\/wp-content\/uploads\/2025\/02\/Pehme-fliistekk-180\u00d7200-cm.jpg","datePublished":"2025-02-13T18:53:53+00:00","dateModified":"2026-04-24T09:14:55+00:00","description":"Bequeme und warme Fleecedecke in der Gr\u00f6\u00dfe 180x200 cm. Ideal f\u00fcr den t\u00e4glichen Gebrauch, bietet eine angenehme Weichheit auf der Haut","breadcrumb":{"@id":"https:\/\/aztex.ee\/de\/pood\/decken-ueberwuerfe\/weiche-fleecedecke-180x200-cm\/#breadcrumb"},"inLanguage":"de","potentialAction":[{"@type":"ReadAction","target":["https:\/\/aztex.ee\/de\/pood\/decken-ueberwuerfe\/weiche-fleecedecke-180x200-cm\/"]}]},{"@type":"ImageObject","inLanguage":"de","@id":"https:\/\/aztex.ee\/de\/pood\/decken-ueberwuerfe\/weiche-fleecedecke-180x200-cm\/#primaryimage","url":"https:\/\/aztex.ee\/wp-content\/uploads\/2025\/02\/Pehme-fliistekk-180\u00d7200-cm.jpg","contentUrl":"https:\/\/aztex.ee\/wp-content\/uploads\/2025\/02\/Pehme-fliistekk-180\u00d7200-cm.jpg","width":800,"height":800,"caption":"Pehme fliistekk 180\u00d7200 cm"},{"@type":"BreadcrumbList","@id":"https:\/\/aztex.ee\/de\/pood\/decken-ueberwuerfe\/weiche-fleecedecke-180x200-cm\/#breadcrumb","itemListElement":[{"@type":"ListItem","position":1,"name":"Startseite","item":"https:\/\/aztex.ee\/de\/"},{"@type":"ListItem","position":2,"name":"Shop","item":"https:\/\/aztex.ee\/de\/shop\/"},{"@type":"ListItem","position":3,"name":"Weiche Fleecedecke 180&#215;200 cm"}]},{"@type":"WebSite","@id":"https:\/\/aztex.ee\/de\/#website","url":"https:\/\/aztex.ee\/de\/","name":"AZTEX","description":"","publisher":{"@id":"https:\/\/aztex.ee\/de\/#organization"},"potentialAction":[{"@type":"SearchAction","target":{"@type":"EntryPoint","urlTemplate":"https:\/\/aztex.ee\/de\/?s={search_term_string}"},"query-input":{"@type":"PropertyValueSpecification","valueRequired":true,"valueName":"search_term_string"}}],"inLanguage":"de"},{"@type":"Organization","@id":"https:\/\/aztex.ee\/de\/#organization","name":"AZTEX","url":"https:\/\/aztex.ee\/de\/","logo":{"@type":"ImageObject","inLanguage":"de","@id":"https:\/\/aztex.ee\/de\/#\/schema\/logo\/image\/","url":"https:\/\/aztex.ee\/wp-content\/uploads\/2026\/01\/AZTEX.png","contentUrl":"https:\/\/aztex.ee\/wp-content\/uploads\/2026\/01\/AZTEX.png","width":500,"height":500,"caption":"AZTEX"},"image":{"@id":"https:\/\/aztex.ee\/de\/#\/schema\/logo\/image\/"},"sameAs":["https:\/\/www.facebook.com\/AztexEE","https:\/\/www.instagram.com\/aztexeesti\/","https:\/\/www.youtube.com\/@AZTEXEE","https:\/\/www.pinterest.com\/aztex_eesti\/","https:\/\/www.tiktok.com\/@aztexeesti","https:\/\/www.trustpilot.com\/review\/aztex.ee","https:\/\/www.linkedin.com\/company\/aztex-ee\/","https:\/\/www.wikidata.org\/wiki\/Q137560182"]}]}},"_links":{"self":[{"href":"https:\/\/aztex.ee\/de\/wp-json\/wp\/v2\/product\/55191","targetHints":{"allow":["GET"]}}],"collection":[{"href":"https:\/\/aztex.ee\/de\/wp-json\/wp\/v2\/product"}],"about":[{"href":"https:\/\/aztex.ee\/de\/wp-json\/wp\/v2\/types\/product"}],"replies":[{"embeddable":true,"href":"https:\/\/aztex.ee\/de\/wp-json\/wp\/v2\/comments?post=55191"}],"version-history":[{"count":0,"href":"https:\/\/aztex.ee\/de\/wp-json\/wp\/v2\/product\/55191\/revisions"}],"wp:featuredmedia":[{"embeddable":true,"href":"https:\/\/aztex.ee\/de\/wp-json\/wp\/v2\/media\/55357"}],"wp:attachment":[{"href":"https:\/\/aztex.ee\/de\/wp-json\/wp\/v2\/media?parent=55191"}],"wp:term":[{"taxonomy":"product_brand","embeddable":true,"href":"https:\/\/aztex.ee\/de\/wp-json\/wp\/v2\/product_brand?post=55191"},{"taxonomy":"product_cat","embeddable":true,"href":"https:\/\/aztex.ee\/de\/wp-json\/wp\/v2\/product_cat?post=55191"},{"taxonomy":"product_tag","embeddable":true,"href":"https:\/\/aztex.ee\/de\/wp-json\/wp\/v2\/product_tag?post=55191"}],"curies":[{"name":"wp","href":"https:\/\/api.w.org\/{rel}","templated":true}]}}