{"id":47606,"date":"2025-01-28T08:48:05","date_gmt":"2025-01-28T08:48:05","guid":{"rendered":"https:\/\/aztex.ee\/?post_type=product&#038;p=47606"},"modified":"2026-04-28T11:58:12","modified_gmt":"2026-04-28T11:58:12","slug":"baumwollhandtuch","status":"publish","type":"product","link":"https:\/\/aztex.ee\/de\/pood\/handtuecher-und-badetuecher\/baumwollhandtuch\/","title":{"rendered":"Baumwollhandtuch"},"content":{"rendered":"<p><strong>Baumwollhandtuch \u2013 eine praktische und stilvolle Wahl f\u00fcr den t\u00e4glichen Gebrauch<\/strong><\/p>\n<p>Ein hochwertiges Baumwollhandtuch vereint Komfort, Haltbarkeit und \u00e4sthetisches Erscheinungsbild. Es besteht aus 100 % nat\u00fcrlicher Baumwolle, daher ist das Handtuch weich und saugf\u00e4hig, ideal f\u00fcr den t\u00e4glichen Gebrauch. Das vielseitige Design erg\u00e4nzt das Interieur Ihres Zuhauses und ist eine praktische Wahl f\u00fcr jeden Anlass.<\/p>\n<p><strong>Hauptmerkmale:<\/strong><\/p>\n<p><strong>Material<\/strong><br \/>\nDas Handtuch besteht aus 100 % reiner Baumwolle, was seine besondere Weichheit und Atmungsaktivit\u00e4t gew\u00e4hrleistet. Dank des nat\u00fcrlichen Materials f\u00fchlt es sich angenehm auf der Haut an und ist auch f\u00fcr Menschen mit empfindlicher Haut geeignet.<\/p>\n<p><strong>Saugf\u00e4higkeit<\/strong><br \/>\nBaumwollgewebe nimmt Feuchtigkeit effektiv auf und sorgt f\u00fcr schnelles und bequemes Trocknen. Dadurch ist das Handtuch f\u00fcr den t\u00e4glichen Gebrauch geeignet.<\/p>\n<p><strong>Haltbarkeit<\/strong><br \/>\nEin Baumwollhandtuch ist langlebig und beh\u00e4lt seine Eigenschaften auch nach mehrmaligem Waschen. Seine starken Fasern verhindern Verschlei\u00df und sorgen f\u00fcr eine lange Lebensdauer.<\/p>\n<p><strong>Design<\/strong><br \/>\nDas Handtuch ist in verschiedenen Farben erh\u00e4ltlich und passt zu verschiedenen Stilen und Inneneinrichtungen. Egal, ob minimalistischer oder klassischer Stil, dieses Handtuch wertet jeden Raum auf.<\/p>\n<p><strong>Pflege<\/strong><br \/>\nDas Handtuch ist pflegeleicht \u2013 es ist maschinenwaschbar und trocknet schnell. Das Material beh\u00e4lt auch nach h\u00e4ufigem Waschen seine Weichheit und Farbbrillanz und sorgt so immer f\u00fcr ein angenehmes Erlebnis.<\/p>\n<p>Das Baumwollhandtuch eignet sich sowohl f\u00fcr den t\u00e4glichen Gebrauch als auch als praktisches Geschenk. Sein hochwertiges Material und sein stilvolles Design sorgen f\u00fcr hervorragenden Tragekomfort.<\/p>\n","protected":false},"excerpt":{"rendered":"<ul>\n<li>Material: 100% Baumwolle<\/li>\n<li>Gr\u00f6\u00dfe: 35\u00d775 cm \u00b13<\/li>\n<li>Gewicht: 450 g\/m2<\/li>\n<\/ul>\n","protected":false},"featured_media":47973,"comment_status":"open","ping_status":"closed","template":"","meta":[],"product_brand":[],"product_cat":[1725,774,479],"product_tag":[],"class_list":{"0":"post-47606","1":"product","2":"type-product","3":"status-publish","4":"has-post-thumbnail","6":"product_cat-handtucher","7":"product_cat-handtucher-35x75-cm","8":"product_cat-handtuecher-und-badetuecher","10":"first","11":"instock","12":"sale","13":"shipping-taxable","14":"purchasable","15":"product-type-variable"},"yoast_head":"<!-- This site is optimized with the Yoast SEO plugin v27.5 - https:\/\/yoast.com\/product\/yoast-seo-wordpress\/ -->\n<title>Baumwollhandtuch | Nat\u00fcrlich &amp; Weich - AZTEX<\/title>\n<meta name=\"description\" content=\"Strapazierf\u00e4higes, stylisches und pflegeleichtes, weiches und hochwertiges Baumwollhandtuch. Das Baumwollhandtuch besteht aus 100% Baumwolle, ...\" \/>\n<meta name=\"robots\" content=\"index, follow, max-snippet:-1, max-image-preview:large, max-video-preview:-1\" \/>\n<link rel=\"canonical\" href=\"https:\/\/aztex.ee\/de\/pood\/handtuecher-und-badetuecher\/baumwollhandtuch\/\" \/>\n<meta property=\"og:locale\" content=\"de_DE\" \/>\n<meta property=\"og:type\" content=\"article\" \/>\n<meta property=\"og:title\" content=\"Baumwollhandtuch | Nat\u00fcrlich &amp; Weich - AZTEX\" \/>\n<meta property=\"og:description\" content=\"Strapazierf\u00e4higes, stylisches und pflegeleichtes, weiches und hochwertiges Baumwollhandtuch. Das Baumwollhandtuch besteht aus 100% Baumwolle, ...\" \/>\n<meta property=\"og:url\" content=\"https:\/\/aztex.ee\/de\/pood\/handtuecher-und-badetuecher\/baumwollhandtuch\/\" \/>\n<meta property=\"og:site_name\" content=\"AZTEX\" \/>\n<meta property=\"article:publisher\" content=\"https:\/\/www.facebook.com\/AztexEE\" \/>\n<meta property=\"article:modified_time\" content=\"2026-04-28T11:58:12+00:00\" \/>\n<meta property=\"og:image\" content=\"https:\/\/aztex.ee\/wp-content\/uploads\/2025\/01\/Puuvillane-ratik.jpg\" \/>\n\t<meta property=\"og:image:width\" content=\"800\" \/>\n\t<meta property=\"og:image:height\" content=\"800\" \/>\n\t<meta property=\"og:image:type\" content=\"image\/jpeg\" \/>\n<meta name=\"twitter:card\" content=\"summary_large_image\" \/>\n<meta name=\"twitter:label1\" content=\"Gesch\u00e4tzte Lesezeit\" \/>\n\t<meta name=\"twitter:data1\" content=\"2\u00a0Minuten\" \/>\n<script type=\"application\/ld+json\" class=\"yoast-schema-graph\">{\"@context\":\"https:\\\/\\\/schema.org\",\"@graph\":[{\"@type\":[\"WebPage\",\"ItemPage\"],\"@id\":\"https:\\\/\\\/aztex.ee\\\/de\\\/pood\\\/handtuecher-und-badetuecher\\\/baumwollhandtuch\\\/\",\"url\":\"https:\\\/\\\/aztex.ee\\\/de\\\/pood\\\/handtuecher-und-badetuecher\\\/baumwollhandtuch\\\/\",\"name\":\"Baumwollhandtuch | Nat\u00fcrlich & Weich - AZTEX\",\"isPartOf\":{\"@id\":\"https:\\\/\\\/aztex.ee\\\/de\\\/#website\"},\"primaryImageOfPage\":{\"@id\":\"https:\\\/\\\/aztex.ee\\\/de\\\/pood\\\/handtuecher-und-badetuecher\\\/baumwollhandtuch\\\/#primaryimage\"},\"image\":{\"@id\":\"https:\\\/\\\/aztex.ee\\\/de\\\/pood\\\/handtuecher-und-badetuecher\\\/baumwollhandtuch\\\/#primaryimage\"},\"thumbnailUrl\":\"https:\\\/\\\/aztex.ee\\\/wp-content\\\/uploads\\\/2025\\\/01\\\/Puuvillane-ratik.jpg\",\"datePublished\":\"2025-01-28T08:48:05+00:00\",\"dateModified\":\"2026-04-28T11:58:12+00:00\",\"description\":\"Strapazierf\u00e4higes, stylisches und pflegeleichtes, weiches und hochwertiges Baumwollhandtuch. Das Baumwollhandtuch besteht aus 100% Baumwolle, ...\",\"breadcrumb\":{\"@id\":\"https:\\\/\\\/aztex.ee\\\/de\\\/pood\\\/handtuecher-und-badetuecher\\\/baumwollhandtuch\\\/#breadcrumb\"},\"inLanguage\":\"de\",\"potentialAction\":[{\"@type\":\"ReadAction\",\"target\":[\"https:\\\/\\\/aztex.ee\\\/de\\\/pood\\\/handtuecher-und-badetuecher\\\/baumwollhandtuch\\\/\"]}]},{\"@type\":\"ImageObject\",\"inLanguage\":\"de\",\"@id\":\"https:\\\/\\\/aztex.ee\\\/de\\\/pood\\\/handtuecher-und-badetuecher\\\/baumwollhandtuch\\\/#primaryimage\",\"url\":\"https:\\\/\\\/aztex.ee\\\/wp-content\\\/uploads\\\/2025\\\/01\\\/Puuvillane-ratik.jpg\",\"contentUrl\":\"https:\\\/\\\/aztex.ee\\\/wp-content\\\/uploads\\\/2025\\\/01\\\/Puuvillane-ratik.jpg\",\"width\":800,\"height\":800,\"caption\":\"Puuvillane r\u00e4tik\"},{\"@type\":\"BreadcrumbList\",\"@id\":\"https:\\\/\\\/aztex.ee\\\/de\\\/pood\\\/handtuecher-und-badetuecher\\\/baumwollhandtuch\\\/#breadcrumb\",\"itemListElement\":[{\"@type\":\"ListItem\",\"position\":1,\"name\":\"Startseite\",\"item\":\"https:\\\/\\\/aztex.ee\\\/de\\\/\"},{\"@type\":\"ListItem\",\"position\":2,\"name\":\"Shop\",\"item\":\"https:\\\/\\\/aztex.ee\\\/de\\\/shop\\\/\"},{\"@type\":\"ListItem\",\"position\":3,\"name\":\"Baumwollhandtuch\"}]},{\"@type\":\"WebSite\",\"@id\":\"https:\\\/\\\/aztex.ee\\\/de\\\/#website\",\"url\":\"https:\\\/\\\/aztex.ee\\\/de\\\/\",\"name\":\"AZTEX\",\"description\":\"\",\"publisher\":{\"@id\":\"https:\\\/\\\/aztex.ee\\\/de\\\/#organization\"},\"potentialAction\":[{\"@type\":\"SearchAction\",\"target\":{\"@type\":\"EntryPoint\",\"urlTemplate\":\"https:\\\/\\\/aztex.ee\\\/de\\\/?s={search_term_string}\"},\"query-input\":{\"@type\":\"PropertyValueSpecification\",\"valueRequired\":true,\"valueName\":\"search_term_string\"}}],\"inLanguage\":\"de\"},{\"@type\":\"Organization\",\"@id\":\"https:\\\/\\\/aztex.ee\\\/de\\\/#organization\",\"name\":\"AZTEX\",\"url\":\"https:\\\/\\\/aztex.ee\\\/de\\\/\",\"logo\":{\"@type\":\"ImageObject\",\"inLanguage\":\"de\",\"@id\":\"https:\\\/\\\/aztex.ee\\\/de\\\/#\\\/schema\\\/logo\\\/image\\\/\",\"url\":\"https:\\\/\\\/aztex.ee\\\/wp-content\\\/uploads\\\/2026\\\/01\\\/AZTEX.png\",\"contentUrl\":\"https:\\\/\\\/aztex.ee\\\/wp-content\\\/uploads\\\/2026\\\/01\\\/AZTEX.png\",\"width\":500,\"height\":500,\"caption\":\"AZTEX\"},\"image\":{\"@id\":\"https:\\\/\\\/aztex.ee\\\/de\\\/#\\\/schema\\\/logo\\\/image\\\/\"},\"sameAs\":[\"https:\\\/\\\/www.facebook.com\\\/AztexEE\",\"https:\\\/\\\/www.instagram.com\\\/aztexeesti\\\/\",\"https:\\\/\\\/www.youtube.com\\\/@AZTEXEE\",\"https:\\\/\\\/www.pinterest.com\\\/aztex_eesti\\\/\",\"https:\\\/\\\/www.tiktok.com\\\/@aztexeesti\",\"https:\\\/\\\/www.trustpilot.com\\\/review\\\/aztex.ee\",\"https:\\\/\\\/www.linkedin.com\\\/company\\\/aztex-ee\\\/\",\"https:\\\/\\\/www.wikidata.org\\\/wiki\\\/Q137560182\"]}]}<\/script>\n<!-- \/ Yoast SEO plugin. -->","yoast_head_json":{"title":"Baumwollhandtuch | Nat\u00fcrlich & Weich - AZTEX","description":"Strapazierf\u00e4higes, stylisches und pflegeleichtes, weiches und hochwertiges Baumwollhandtuch. Das Baumwollhandtuch besteht aus 100% Baumwolle, ...","robots":{"index":"index","follow":"follow","max-snippet":"max-snippet:-1","max-image-preview":"max-image-preview:large","max-video-preview":"max-video-preview:-1"},"canonical":"https:\/\/aztex.ee\/de\/pood\/handtuecher-und-badetuecher\/baumwollhandtuch\/","og_locale":"de_DE","og_type":"article","og_title":"Baumwollhandtuch | Nat\u00fcrlich & Weich - AZTEX","og_description":"Strapazierf\u00e4higes, stylisches und pflegeleichtes, weiches und hochwertiges Baumwollhandtuch. Das Baumwollhandtuch besteht aus 100% Baumwolle, ...","og_url":"https:\/\/aztex.ee\/de\/pood\/handtuecher-und-badetuecher\/baumwollhandtuch\/","og_site_name":"AZTEX","article_publisher":"https:\/\/www.facebook.com\/AztexEE","article_modified_time":"2026-04-28T11:58:12+00:00","og_image":[{"width":800,"height":800,"url":"https:\/\/aztex.ee\/wp-content\/uploads\/2025\/01\/Puuvillane-ratik.jpg","type":"image\/jpeg"}],"twitter_card":"summary_large_image","twitter_misc":{"Gesch\u00e4tzte Lesezeit":"2\u00a0Minuten"},"schema":{"@context":"https:\/\/schema.org","@graph":[{"@type":["WebPage","ItemPage"],"@id":"https:\/\/aztex.ee\/de\/pood\/handtuecher-und-badetuecher\/baumwollhandtuch\/","url":"https:\/\/aztex.ee\/de\/pood\/handtuecher-und-badetuecher\/baumwollhandtuch\/","name":"Baumwollhandtuch | Nat\u00fcrlich & Weich - AZTEX","isPartOf":{"@id":"https:\/\/aztex.ee\/de\/#website"},"primaryImageOfPage":{"@id":"https:\/\/aztex.ee\/de\/pood\/handtuecher-und-badetuecher\/baumwollhandtuch\/#primaryimage"},"image":{"@id":"https:\/\/aztex.ee\/de\/pood\/handtuecher-und-badetuecher\/baumwollhandtuch\/#primaryimage"},"thumbnailUrl":"https:\/\/aztex.ee\/wp-content\/uploads\/2025\/01\/Puuvillane-ratik.jpg","datePublished":"2025-01-28T08:48:05+00:00","dateModified":"2026-04-28T11:58:12+00:00","description":"Strapazierf\u00e4higes, stylisches und pflegeleichtes, weiches und hochwertiges Baumwollhandtuch. Das Baumwollhandtuch besteht aus 100% Baumwolle, ...","breadcrumb":{"@id":"https:\/\/aztex.ee\/de\/pood\/handtuecher-und-badetuecher\/baumwollhandtuch\/#breadcrumb"},"inLanguage":"de","potentialAction":[{"@type":"ReadAction","target":["https:\/\/aztex.ee\/de\/pood\/handtuecher-und-badetuecher\/baumwollhandtuch\/"]}]},{"@type":"ImageObject","inLanguage":"de","@id":"https:\/\/aztex.ee\/de\/pood\/handtuecher-und-badetuecher\/baumwollhandtuch\/#primaryimage","url":"https:\/\/aztex.ee\/wp-content\/uploads\/2025\/01\/Puuvillane-ratik.jpg","contentUrl":"https:\/\/aztex.ee\/wp-content\/uploads\/2025\/01\/Puuvillane-ratik.jpg","width":800,"height":800,"caption":"Puuvillane r\u00e4tik"},{"@type":"BreadcrumbList","@id":"https:\/\/aztex.ee\/de\/pood\/handtuecher-und-badetuecher\/baumwollhandtuch\/#breadcrumb","itemListElement":[{"@type":"ListItem","position":1,"name":"Startseite","item":"https:\/\/aztex.ee\/de\/"},{"@type":"ListItem","position":2,"name":"Shop","item":"https:\/\/aztex.ee\/de\/shop\/"},{"@type":"ListItem","position":3,"name":"Baumwollhandtuch"}]},{"@type":"WebSite","@id":"https:\/\/aztex.ee\/de\/#website","url":"https:\/\/aztex.ee\/de\/","name":"AZTEX","description":"","publisher":{"@id":"https:\/\/aztex.ee\/de\/#organization"},"potentialAction":[{"@type":"SearchAction","target":{"@type":"EntryPoint","urlTemplate":"https:\/\/aztex.ee\/de\/?s={search_term_string}"},"query-input":{"@type":"PropertyValueSpecification","valueRequired":true,"valueName":"search_term_string"}}],"inLanguage":"de"},{"@type":"Organization","@id":"https:\/\/aztex.ee\/de\/#organization","name":"AZTEX","url":"https:\/\/aztex.ee\/de\/","logo":{"@type":"ImageObject","inLanguage":"de","@id":"https:\/\/aztex.ee\/de\/#\/schema\/logo\/image\/","url":"https:\/\/aztex.ee\/wp-content\/uploads\/2026\/01\/AZTEX.png","contentUrl":"https:\/\/aztex.ee\/wp-content\/uploads\/2026\/01\/AZTEX.png","width":500,"height":500,"caption":"AZTEX"},"image":{"@id":"https:\/\/aztex.ee\/de\/#\/schema\/logo\/image\/"},"sameAs":["https:\/\/www.facebook.com\/AztexEE","https:\/\/www.instagram.com\/aztexeesti\/","https:\/\/www.youtube.com\/@AZTEXEE","https:\/\/www.pinterest.com\/aztex_eesti\/","https:\/\/www.tiktok.com\/@aztexeesti","https:\/\/www.trustpilot.com\/review\/aztex.ee","https:\/\/www.linkedin.com\/company\/aztex-ee\/","https:\/\/www.wikidata.org\/wiki\/Q137560182"]}]}},"_links":{"self":[{"href":"https:\/\/aztex.ee\/de\/wp-json\/wp\/v2\/product\/47606","targetHints":{"allow":["GET"]}}],"collection":[{"href":"https:\/\/aztex.ee\/de\/wp-json\/wp\/v2\/product"}],"about":[{"href":"https:\/\/aztex.ee\/de\/wp-json\/wp\/v2\/types\/product"}],"replies":[{"embeddable":true,"href":"https:\/\/aztex.ee\/de\/wp-json\/wp\/v2\/comments?post=47606"}],"version-history":[{"count":0,"href":"https:\/\/aztex.ee\/de\/wp-json\/wp\/v2\/product\/47606\/revisions"}],"wp:featuredmedia":[{"embeddable":true,"href":"https:\/\/aztex.ee\/de\/wp-json\/wp\/v2\/media\/47973"}],"wp:attachment":[{"href":"https:\/\/aztex.ee\/de\/wp-json\/wp\/v2\/media?parent=47606"}],"wp:term":[{"taxonomy":"product_brand","embeddable":true,"href":"https:\/\/aztex.ee\/de\/wp-json\/wp\/v2\/product_brand?post=47606"},{"taxonomy":"product_cat","embeddable":true,"href":"https:\/\/aztex.ee\/de\/wp-json\/wp\/v2\/product_cat?post=47606"},{"taxonomy":"product_tag","embeddable":true,"href":"https:\/\/aztex.ee\/de\/wp-json\/wp\/v2\/product_tag?post=47606"}],"curies":[{"name":"wp","href":"https:\/\/api.w.org\/{rel}","templated":true}]}}