{"id":45749,"date":"2025-01-24T10:19:54","date_gmt":"2025-01-24T10:19:54","guid":{"rendered":"https:\/\/aztex.ee\/pood\/unkategorisiert\/vanniraetik-80x160-cm\/"},"modified":"2026-04-09T15:47:41","modified_gmt":"2026-04-09T15:47:41","slug":"badetuch-80x160-cm","status":"publish","type":"product","link":"https:\/\/aztex.ee\/de\/pood\/handtuecher-und-badetuecher\/badetuch-80x160-cm\/","title":{"rendered":"Badetuch 80&#215;160 cm"},"content":{"rendered":"<p><strong>Baumwoll badetuch 80\u00d7160 cm \u2013 die perfekte Balance aus Qualit\u00e4t und Komfort.<\/strong><\/p>\n<p>Erleben Sie echten Luxus und allt\u00e4glichen Komfort in einem Badetuch aus 100% Baumwolle. Dieses aus hochwertiger Baumwolle gefertigte Badetuch vereint Strapazierf\u00e4higkeit, Weichheit und hervorragende Saugf\u00e4higkeit und bietet die perfekte L\u00f6sung f\u00fcr jeden Moment \u2013 \u200b\u200begal, ob Sie es im Alltag verwenden oder besondere Momente genie\u00dfen.<\/p>\n<p><strong>Erstklassiges Material:<\/strong> Das Badetuch besteht aus 100% Baumwolle, was eine au\u00dfergew\u00f6hnliche Saugf\u00e4higkeit gew\u00e4hrleistet und gleichzeitig sanft und hautfreundlich ist. Der Baumwollstoff nimmt Feuchtigkeit schnell und effektiv auf.<\/p>\n<p><strong>Pflegeleicht, lange Haltbarkeit:<\/strong> Das maschinenwaschbare und strapazierf\u00e4hige Material sorgt daf\u00fcr, dass das Badetuch auch nach mehrmaligem Waschen seine Qualit\u00e4t und sein Aussehen beh\u00e4lt. Seine Langlebigkeit und Weichheit machen es zu einem zuverl\u00e4ssigen Begleiter im Alltag.<\/p>\n<p><strong>Perfekte Gr\u00f6\u00dfe und Komfort:<\/strong> Die Gr\u00f6\u00dfe 80\u00d7160 cm ist ideal f\u00fcr den t\u00e4glichen Gebrauch zu Hause, im Spa oder sogar auf Reisen und bietet Komfort in jeder Situation.<\/p>\n<p><strong>Eleganz und Stil:<\/strong> Das schlichte und zeitlose Design des Badetuchs passt in jedes Badezimmer und verleiht dem Raum W\u00e4rme und Eleganz. Es ist ein Detail, das das Interieur Ihres Zuhauses aufwertet und gleichzeitig Zweckm\u00e4\u00dfigkeit und Komfort bietet.<\/p>\n<p>Das Baumwoll badetuch ist die ideale Wahl f\u00fcr den t\u00e4glichen Gebrauch und als Geschenk. Seine Balance aus hoher Qualit\u00e4t und Stil macht es zu einer wertvollen Erg\u00e4nzung f\u00fcr jedes Badezimmer, da es sowohl praktisch als auch luxuri\u00f6s ist.<\/p>\n","protected":false},"excerpt":{"rendered":"<ul>\n<li>Material: 100% Baumwolle<\/li>\n<li>Gr\u00f6\u00dfe: 80\u00d7160 cm \u00b13<\/li>\n<li>Gewicht: 750 g\/m2<\/li>\n<\/ul>\n","protected":false},"featured_media":44911,"comment_status":"open","ping_status":"closed","template":"","meta":[],"product_brand":[],"product_cat":[1585,1750,479],"product_tag":[],"class_list":{"0":"post-45749","1":"product","2":"type-product","3":"status-publish","4":"has-post-thumbnail","6":"product_cat-badetucher","7":"product_cat-badetucher-80x160-cm","8":"product_cat-handtuecher-und-badetuecher","10":"first","11":"instock","12":"shipping-taxable","13":"purchasable","14":"product-type-variable"},"yoast_head":"<!-- This site is optimized with the Yoast SEO plugin v27.4 - https:\/\/yoast.com\/product\/yoast-seo-wordpress\/ -->\n<title>Badetuch 80x160 cm | 100% Baumwolle - AZTEX<\/title>\n<meta name=\"description\" content=\"Badetuch aus 100% Baumwolle in der Gr\u00f6\u00dfe 80 x 160 cm, ist sanft zur Haut und sorgt durch sein weiches Naturmaterial f\u00fcr ein angenehmes Tragegef\u00fchl.\" \/>\n<meta name=\"robots\" content=\"index, follow, max-snippet:-1, max-image-preview:large, max-video-preview:-1\" \/>\n<link rel=\"canonical\" href=\"https:\/\/aztex.ee\/de\/pood\/handtuecher-und-badetuecher\/badetuch-80x160-cm\/\" \/>\n<meta property=\"og:locale\" content=\"de_DE\" \/>\n<meta property=\"og:type\" content=\"article\" \/>\n<meta property=\"og:title\" content=\"Badetuch 80x160 cm | 100% Baumwolle - AZTEX\" \/>\n<meta property=\"og:description\" content=\"Badetuch aus 100% Baumwolle in der Gr\u00f6\u00dfe 80 x 160 cm, ist sanft zur Haut und sorgt durch sein weiches Naturmaterial f\u00fcr ein angenehmes Tragegef\u00fchl.\" \/>\n<meta property=\"og:url\" content=\"https:\/\/aztex.ee\/de\/pood\/handtuecher-und-badetuecher\/badetuch-80x160-cm\/\" \/>\n<meta property=\"og:site_name\" content=\"AZTEX\" \/>\n<meta property=\"article:publisher\" content=\"https:\/\/www.facebook.com\/AztexEE\" \/>\n<meta property=\"article:modified_time\" content=\"2026-04-09T15:47:41+00:00\" \/>\n<meta property=\"og:image\" content=\"https:\/\/aztex.ee\/wp-content\/uploads\/2025\/01\/Vanniratikud-80x160-cm-1.jpg\" \/>\n\t<meta property=\"og:image:width\" content=\"800\" \/>\n\t<meta property=\"og:image:height\" content=\"800\" \/>\n\t<meta property=\"og:image:type\" content=\"image\/jpeg\" \/>\n<meta name=\"twitter:card\" content=\"summary_large_image\" \/>\n<meta name=\"twitter:label1\" content=\"Gesch\u00e4tzte Lesezeit\" \/>\n\t<meta name=\"twitter:data1\" content=\"2\u00a0Minuten\" \/>\n<script type=\"application\/ld+json\" class=\"yoast-schema-graph\">{\"@context\":\"https:\\\/\\\/schema.org\",\"@graph\":[{\"@type\":[\"WebPage\",\"ItemPage\"],\"@id\":\"https:\\\/\\\/aztex.ee\\\/de\\\/pood\\\/handtuecher-und-badetuecher\\\/badetuch-80x160-cm\\\/\",\"url\":\"https:\\\/\\\/aztex.ee\\\/de\\\/pood\\\/handtuecher-und-badetuecher\\\/badetuch-80x160-cm\\\/\",\"name\":\"Badetuch 80x160 cm | 100% Baumwolle - AZTEX\",\"isPartOf\":{\"@id\":\"https:\\\/\\\/aztex.ee\\\/de\\\/#website\"},\"primaryImageOfPage\":{\"@id\":\"https:\\\/\\\/aztex.ee\\\/de\\\/pood\\\/handtuecher-und-badetuecher\\\/badetuch-80x160-cm\\\/#primaryimage\"},\"image\":{\"@id\":\"https:\\\/\\\/aztex.ee\\\/de\\\/pood\\\/handtuecher-und-badetuecher\\\/badetuch-80x160-cm\\\/#primaryimage\"},\"thumbnailUrl\":\"https:\\\/\\\/aztex.ee\\\/wp-content\\\/uploads\\\/2025\\\/01\\\/Vanniratikud-80x160-cm-1.jpg\",\"datePublished\":\"2025-01-24T10:19:54+00:00\",\"dateModified\":\"2026-04-09T15:47:41+00:00\",\"description\":\"Badetuch aus 100% Baumwolle in der Gr\u00f6\u00dfe 80 x 160 cm, ist sanft zur Haut und sorgt durch sein weiches Naturmaterial f\u00fcr ein angenehmes Tragegef\u00fchl.\",\"breadcrumb\":{\"@id\":\"https:\\\/\\\/aztex.ee\\\/de\\\/pood\\\/handtuecher-und-badetuecher\\\/badetuch-80x160-cm\\\/#breadcrumb\"},\"inLanguage\":\"de\",\"potentialAction\":[{\"@type\":\"ReadAction\",\"target\":[\"https:\\\/\\\/aztex.ee\\\/de\\\/pood\\\/handtuecher-und-badetuecher\\\/badetuch-80x160-cm\\\/\"]}]},{\"@type\":\"ImageObject\",\"inLanguage\":\"de\",\"@id\":\"https:\\\/\\\/aztex.ee\\\/de\\\/pood\\\/handtuecher-und-badetuecher\\\/badetuch-80x160-cm\\\/#primaryimage\",\"url\":\"https:\\\/\\\/aztex.ee\\\/wp-content\\\/uploads\\\/2025\\\/01\\\/Vanniratikud-80x160-cm-1.jpg\",\"contentUrl\":\"https:\\\/\\\/aztex.ee\\\/wp-content\\\/uploads\\\/2025\\\/01\\\/Vanniratikud-80x160-cm-1.jpg\",\"width\":800,\"height\":800,\"caption\":\"Vannir\u00e4tikud 80x160 cm\"},{\"@type\":\"BreadcrumbList\",\"@id\":\"https:\\\/\\\/aztex.ee\\\/de\\\/pood\\\/handtuecher-und-badetuecher\\\/badetuch-80x160-cm\\\/#breadcrumb\",\"itemListElement\":[{\"@type\":\"ListItem\",\"position\":1,\"name\":\"Startseite\",\"item\":\"https:\\\/\\\/aztex.ee\\\/de\\\/\"},{\"@type\":\"ListItem\",\"position\":2,\"name\":\"Shop\",\"item\":\"https:\\\/\\\/aztex.ee\\\/de\\\/shop\\\/\"},{\"@type\":\"ListItem\",\"position\":3,\"name\":\"Badetuch 80&#215;160 cm\"}]},{\"@type\":\"WebSite\",\"@id\":\"https:\\\/\\\/aztex.ee\\\/de\\\/#website\",\"url\":\"https:\\\/\\\/aztex.ee\\\/de\\\/\",\"name\":\"AZTEX\",\"description\":\"\",\"publisher\":{\"@id\":\"https:\\\/\\\/aztex.ee\\\/de\\\/#organization\"},\"potentialAction\":[{\"@type\":\"SearchAction\",\"target\":{\"@type\":\"EntryPoint\",\"urlTemplate\":\"https:\\\/\\\/aztex.ee\\\/de\\\/?s={search_term_string}\"},\"query-input\":{\"@type\":\"PropertyValueSpecification\",\"valueRequired\":true,\"valueName\":\"search_term_string\"}}],\"inLanguage\":\"de\"},{\"@type\":\"Organization\",\"@id\":\"https:\\\/\\\/aztex.ee\\\/de\\\/#organization\",\"name\":\"AZTEX\",\"url\":\"https:\\\/\\\/aztex.ee\\\/de\\\/\",\"logo\":{\"@type\":\"ImageObject\",\"inLanguage\":\"de\",\"@id\":\"https:\\\/\\\/aztex.ee\\\/de\\\/#\\\/schema\\\/logo\\\/image\\\/\",\"url\":\"https:\\\/\\\/aztex.ee\\\/wp-content\\\/uploads\\\/2026\\\/01\\\/AZTEX.png\",\"contentUrl\":\"https:\\\/\\\/aztex.ee\\\/wp-content\\\/uploads\\\/2026\\\/01\\\/AZTEX.png\",\"width\":500,\"height\":500,\"caption\":\"AZTEX\"},\"image\":{\"@id\":\"https:\\\/\\\/aztex.ee\\\/de\\\/#\\\/schema\\\/logo\\\/image\\\/\"},\"sameAs\":[\"https:\\\/\\\/www.facebook.com\\\/AztexEE\",\"https:\\\/\\\/www.instagram.com\\\/aztexeesti\\\/\",\"https:\\\/\\\/www.youtube.com\\\/@AZTEXEE\",\"https:\\\/\\\/www.pinterest.com\\\/aztex_eesti\\\/\",\"https:\\\/\\\/www.tiktok.com\\\/@aztexeesti\",\"https:\\\/\\\/www.trustpilot.com\\\/review\\\/aztex.ee\",\"https:\\\/\\\/www.linkedin.com\\\/company\\\/aztex-ee\\\/\",\"https:\\\/\\\/www.wikidata.org\\\/wiki\\\/Q137560182\"]}]}<\/script>\n<!-- \/ Yoast SEO plugin. -->","yoast_head_json":{"title":"Badetuch 80x160 cm | 100% Baumwolle - AZTEX","description":"Badetuch aus 100% Baumwolle in der Gr\u00f6\u00dfe 80 x 160 cm, ist sanft zur Haut und sorgt durch sein weiches Naturmaterial f\u00fcr ein angenehmes Tragegef\u00fchl.","robots":{"index":"index","follow":"follow","max-snippet":"max-snippet:-1","max-image-preview":"max-image-preview:large","max-video-preview":"max-video-preview:-1"},"canonical":"https:\/\/aztex.ee\/de\/pood\/handtuecher-und-badetuecher\/badetuch-80x160-cm\/","og_locale":"de_DE","og_type":"article","og_title":"Badetuch 80x160 cm | 100% Baumwolle - AZTEX","og_description":"Badetuch aus 100% Baumwolle in der Gr\u00f6\u00dfe 80 x 160 cm, ist sanft zur Haut und sorgt durch sein weiches Naturmaterial f\u00fcr ein angenehmes Tragegef\u00fchl.","og_url":"https:\/\/aztex.ee\/de\/pood\/handtuecher-und-badetuecher\/badetuch-80x160-cm\/","og_site_name":"AZTEX","article_publisher":"https:\/\/www.facebook.com\/AztexEE","article_modified_time":"2026-04-09T15:47:41+00:00","og_image":[{"width":800,"height":800,"url":"https:\/\/aztex.ee\/wp-content\/uploads\/2025\/01\/Vanniratikud-80x160-cm-1.jpg","type":"image\/jpeg"}],"twitter_card":"summary_large_image","twitter_misc":{"Gesch\u00e4tzte Lesezeit":"2\u00a0Minuten"},"schema":{"@context":"https:\/\/schema.org","@graph":[{"@type":["WebPage","ItemPage"],"@id":"https:\/\/aztex.ee\/de\/pood\/handtuecher-und-badetuecher\/badetuch-80x160-cm\/","url":"https:\/\/aztex.ee\/de\/pood\/handtuecher-und-badetuecher\/badetuch-80x160-cm\/","name":"Badetuch 80x160 cm | 100% Baumwolle - AZTEX","isPartOf":{"@id":"https:\/\/aztex.ee\/de\/#website"},"primaryImageOfPage":{"@id":"https:\/\/aztex.ee\/de\/pood\/handtuecher-und-badetuecher\/badetuch-80x160-cm\/#primaryimage"},"image":{"@id":"https:\/\/aztex.ee\/de\/pood\/handtuecher-und-badetuecher\/badetuch-80x160-cm\/#primaryimage"},"thumbnailUrl":"https:\/\/aztex.ee\/wp-content\/uploads\/2025\/01\/Vanniratikud-80x160-cm-1.jpg","datePublished":"2025-01-24T10:19:54+00:00","dateModified":"2026-04-09T15:47:41+00:00","description":"Badetuch aus 100% Baumwolle in der Gr\u00f6\u00dfe 80 x 160 cm, ist sanft zur Haut und sorgt durch sein weiches Naturmaterial f\u00fcr ein angenehmes Tragegef\u00fchl.","breadcrumb":{"@id":"https:\/\/aztex.ee\/de\/pood\/handtuecher-und-badetuecher\/badetuch-80x160-cm\/#breadcrumb"},"inLanguage":"de","potentialAction":[{"@type":"ReadAction","target":["https:\/\/aztex.ee\/de\/pood\/handtuecher-und-badetuecher\/badetuch-80x160-cm\/"]}]},{"@type":"ImageObject","inLanguage":"de","@id":"https:\/\/aztex.ee\/de\/pood\/handtuecher-und-badetuecher\/badetuch-80x160-cm\/#primaryimage","url":"https:\/\/aztex.ee\/wp-content\/uploads\/2025\/01\/Vanniratikud-80x160-cm-1.jpg","contentUrl":"https:\/\/aztex.ee\/wp-content\/uploads\/2025\/01\/Vanniratikud-80x160-cm-1.jpg","width":800,"height":800,"caption":"Vannir\u00e4tikud 80x160 cm"},{"@type":"BreadcrumbList","@id":"https:\/\/aztex.ee\/de\/pood\/handtuecher-und-badetuecher\/badetuch-80x160-cm\/#breadcrumb","itemListElement":[{"@type":"ListItem","position":1,"name":"Startseite","item":"https:\/\/aztex.ee\/de\/"},{"@type":"ListItem","position":2,"name":"Shop","item":"https:\/\/aztex.ee\/de\/shop\/"},{"@type":"ListItem","position":3,"name":"Badetuch 80&#215;160 cm"}]},{"@type":"WebSite","@id":"https:\/\/aztex.ee\/de\/#website","url":"https:\/\/aztex.ee\/de\/","name":"AZTEX","description":"","publisher":{"@id":"https:\/\/aztex.ee\/de\/#organization"},"potentialAction":[{"@type":"SearchAction","target":{"@type":"EntryPoint","urlTemplate":"https:\/\/aztex.ee\/de\/?s={search_term_string}"},"query-input":{"@type":"PropertyValueSpecification","valueRequired":true,"valueName":"search_term_string"}}],"inLanguage":"de"},{"@type":"Organization","@id":"https:\/\/aztex.ee\/de\/#organization","name":"AZTEX","url":"https:\/\/aztex.ee\/de\/","logo":{"@type":"ImageObject","inLanguage":"de","@id":"https:\/\/aztex.ee\/de\/#\/schema\/logo\/image\/","url":"https:\/\/aztex.ee\/wp-content\/uploads\/2026\/01\/AZTEX.png","contentUrl":"https:\/\/aztex.ee\/wp-content\/uploads\/2026\/01\/AZTEX.png","width":500,"height":500,"caption":"AZTEX"},"image":{"@id":"https:\/\/aztex.ee\/de\/#\/schema\/logo\/image\/"},"sameAs":["https:\/\/www.facebook.com\/AztexEE","https:\/\/www.instagram.com\/aztexeesti\/","https:\/\/www.youtube.com\/@AZTEXEE","https:\/\/www.pinterest.com\/aztex_eesti\/","https:\/\/www.tiktok.com\/@aztexeesti","https:\/\/www.trustpilot.com\/review\/aztex.ee","https:\/\/www.linkedin.com\/company\/aztex-ee\/","https:\/\/www.wikidata.org\/wiki\/Q137560182"]}]}},"_links":{"self":[{"href":"https:\/\/aztex.ee\/de\/wp-json\/wp\/v2\/product\/45749","targetHints":{"allow":["GET"]}}],"collection":[{"href":"https:\/\/aztex.ee\/de\/wp-json\/wp\/v2\/product"}],"about":[{"href":"https:\/\/aztex.ee\/de\/wp-json\/wp\/v2\/types\/product"}],"replies":[{"embeddable":true,"href":"https:\/\/aztex.ee\/de\/wp-json\/wp\/v2\/comments?post=45749"}],"version-history":[{"count":0,"href":"https:\/\/aztex.ee\/de\/wp-json\/wp\/v2\/product\/45749\/revisions"}],"wp:featuredmedia":[{"embeddable":true,"href":"https:\/\/aztex.ee\/de\/wp-json\/wp\/v2\/media\/44911"}],"wp:attachment":[{"href":"https:\/\/aztex.ee\/de\/wp-json\/wp\/v2\/media?parent=45749"}],"wp:term":[{"taxonomy":"product_brand","embeddable":true,"href":"https:\/\/aztex.ee\/de\/wp-json\/wp\/v2\/product_brand?post=45749"},{"taxonomy":"product_cat","embeddable":true,"href":"https:\/\/aztex.ee\/de\/wp-json\/wp\/v2\/product_cat?post=45749"},{"taxonomy":"product_tag","embeddable":true,"href":"https:\/\/aztex.ee\/de\/wp-json\/wp\/v2\/product_tag?post=45749"}],"curies":[{"name":"wp","href":"https:\/\/api.w.org\/{rel}","templated":true}]}}