{"id":44128,"date":"2025-01-22T18:25:30","date_gmt":"2025-01-22T18:25:30","guid":{"rendered":"https:\/\/aztex.ee\/?post_type=product&#038;p=44128"},"modified":"2026-04-17T12:53:10","modified_gmt":"2026-04-17T12:53:10","slug":"bambus-handtuch-set-3stuck","status":"publish","type":"product","link":"https:\/\/aztex.ee\/de\/pood\/handtuecher-und-badetuecher\/bambus-handtuch-set-3stuck\/","title":{"rendered":"Bambus Handtuch-Set"},"content":{"rendered":"<p>Das Bambus handtuchset, das 1 Badetuch und 2 Handt\u00fccher umfasst, ist ideal f\u00fcr alle, die Weichheit und Zweckm\u00e4\u00dfigkeit suchen.<\/p>\n<p>Das Set umfasst:<br \/>\n1 gro\u00dfes Badetuch (70\u00d7140 cm), das eine bequeme und vollst\u00e4ndige Abdeckung bietet.<br \/>\n2 kleinere Handt\u00fccher (35\u00d775 cm), perfekt zum Abtrocknen des Gesichts oder der H\u00e4nde.<\/p>\n<p>Handt\u00fccher aus Bambusfasern sind au\u00dfergew\u00f6hnlich weich, sanft zur Haut und f\u00fchlen sich luxuri\u00f6s an. Dank der nat\u00fcrlichen Struktur des Bambus haben sie eine hervorragende Saugf\u00e4higkeit und trocknen schnell.<\/p>\n<p>Die Handt\u00fccher sind au\u00dferdem antibakteriell und langlebig und behalten ihre Qualit\u00e4t auch nach mehrmaligem Waschen. Das zeitlose und klassische Design passt zu jeder Badezimmereinrichtung und verleiht ihr Stil und Eleganz.<\/p>\n<p>Dieses Bambus handtuchset ist eine gro\u00dfartige Wahl sowohl f\u00fcr den t\u00e4glichen Gebrauch als auch als Geschenk.<\/p>\n","protected":false},"excerpt":{"rendered":"<ul>\n<li>Material: 100% Bambus<\/li>\n<li>Gr\u00f6\u00dfe: (70\u00d7140 cm 1 St\u00fcck) + (35\u00d775 cm 2 St\u00fcck)<\/li>\n<li>Gewicht: 420 g\/m2<\/li>\n<li>Set beinhaltet: 3 St\u00fcck<\/li>\n<\/ul>\n","protected":false},"featured_media":44220,"comment_status":"open","ping_status":"closed","template":"","meta":[],"product_brand":[],"product_cat":[1662,983,1567,479],"product_tag":[],"class_list":{"0":"post-44128","1":"product","2":"type-product","3":"status-publish","4":"has-post-thumbnail","6":"product_cat-bambus-handtuch-sets","7":"product_cat-bambus-handtucher","8":"product_cat-handtuch-sets","9":"product_cat-handtuecher-und-badetuecher","11":"first","12":"instock","13":"shipping-taxable","14":"purchasable","15":"product-type-variable"},"yoast_head":"<!-- This site is optimized with the Yoast SEO plugin v27.4 - https:\/\/yoast.com\/product\/yoast-seo-wordpress\/ -->\n<title>Handtuchset aus Bio-Bambus | AZTEX<\/title>\n<meta name=\"description\" content=\"Das Handtuch Set aus Bio-Bambus umfasst 1 Handtuch 70 x 140 cm und 2 Handt\u00fccher 35 x 75 cm mit weicher Textur und hervorragender Saugf\u00e4higkeit.\" \/>\n<meta name=\"robots\" content=\"index, follow, max-snippet:-1, max-image-preview:large, max-video-preview:-1\" \/>\n<link rel=\"canonical\" href=\"https:\/\/aztex.ee\/de\/pood\/handtuecher-und-badetuecher\/bambus-handtuch-set-3stuck\/\" \/>\n<meta property=\"og:locale\" content=\"de_DE\" \/>\n<meta property=\"og:type\" content=\"article\" \/>\n<meta property=\"og:title\" content=\"Handtuchset aus Bio-Bambus | AZTEX\" \/>\n<meta property=\"og:description\" content=\"Das Handtuch Set aus Bio-Bambus umfasst 1 Handtuch 70 x 140 cm und 2 Handt\u00fccher 35 x 75 cm mit weicher Textur und hervorragender Saugf\u00e4higkeit.\" \/>\n<meta property=\"og:url\" content=\"https:\/\/aztex.ee\/de\/pood\/handtuecher-und-badetuecher\/bambus-handtuch-set-3stuck\/\" \/>\n<meta property=\"og:site_name\" content=\"AZTEX\" \/>\n<meta property=\"article:publisher\" content=\"https:\/\/www.facebook.com\/AztexEE\" \/>\n<meta property=\"article:modified_time\" content=\"2026-04-17T12:53:10+00:00\" \/>\n<meta property=\"og:image\" content=\"https:\/\/aztex.ee\/wp-content\/uploads\/2025\/01\/Bambusest-ratikute-komplekt-1.jpg\" \/>\n\t<meta property=\"og:image:width\" content=\"800\" \/>\n\t<meta property=\"og:image:height\" content=\"800\" \/>\n\t<meta property=\"og:image:type\" content=\"image\/jpeg\" \/>\n<meta name=\"twitter:card\" content=\"summary_large_image\" \/>\n<meta name=\"twitter:label1\" content=\"Gesch\u00e4tzte Lesezeit\" \/>\n\t<meta name=\"twitter:data1\" content=\"1\u00a0Minute\" \/>\n<script type=\"application\/ld+json\" class=\"yoast-schema-graph\">{\"@context\":\"https:\\\/\\\/schema.org\",\"@graph\":[{\"@type\":[\"WebPage\",\"ItemPage\"],\"@id\":\"https:\\\/\\\/aztex.ee\\\/de\\\/pood\\\/handtuecher-und-badetuecher\\\/bambus-handtuch-set-3stuck\\\/\",\"url\":\"https:\\\/\\\/aztex.ee\\\/de\\\/pood\\\/handtuecher-und-badetuecher\\\/bambus-handtuch-set-3stuck\\\/\",\"name\":\"Handtuchset aus Bio-Bambus | AZTEX\",\"isPartOf\":{\"@id\":\"https:\\\/\\\/aztex.ee\\\/de\\\/#website\"},\"primaryImageOfPage\":{\"@id\":\"https:\\\/\\\/aztex.ee\\\/de\\\/pood\\\/handtuecher-und-badetuecher\\\/bambus-handtuch-set-3stuck\\\/#primaryimage\"},\"image\":{\"@id\":\"https:\\\/\\\/aztex.ee\\\/de\\\/pood\\\/handtuecher-und-badetuecher\\\/bambus-handtuch-set-3stuck\\\/#primaryimage\"},\"thumbnailUrl\":\"https:\\\/\\\/aztex.ee\\\/wp-content\\\/uploads\\\/2025\\\/01\\\/Bambusest-ratikute-komplekt-1.jpg\",\"datePublished\":\"2025-01-22T18:25:30+00:00\",\"dateModified\":\"2026-04-17T12:53:10+00:00\",\"description\":\"Das Handtuch Set aus Bio-Bambus umfasst 1 Handtuch 70 x 140 cm und 2 Handt\u00fccher 35 x 75 cm mit weicher Textur und hervorragender Saugf\u00e4higkeit.\",\"breadcrumb\":{\"@id\":\"https:\\\/\\\/aztex.ee\\\/de\\\/pood\\\/handtuecher-und-badetuecher\\\/bambus-handtuch-set-3stuck\\\/#breadcrumb\"},\"inLanguage\":\"de\",\"potentialAction\":[{\"@type\":\"ReadAction\",\"target\":[\"https:\\\/\\\/aztex.ee\\\/de\\\/pood\\\/handtuecher-und-badetuecher\\\/bambus-handtuch-set-3stuck\\\/\"]}]},{\"@type\":\"ImageObject\",\"inLanguage\":\"de\",\"@id\":\"https:\\\/\\\/aztex.ee\\\/de\\\/pood\\\/handtuecher-und-badetuecher\\\/bambus-handtuch-set-3stuck\\\/#primaryimage\",\"url\":\"https:\\\/\\\/aztex.ee\\\/wp-content\\\/uploads\\\/2025\\\/01\\\/Bambusest-ratikute-komplekt-1.jpg\",\"contentUrl\":\"https:\\\/\\\/aztex.ee\\\/wp-content\\\/uploads\\\/2025\\\/01\\\/Bambusest-ratikute-komplekt-1.jpg\",\"width\":800,\"height\":800,\"caption\":\"Bambusest r\u00e4tikute komplekt\"},{\"@type\":\"BreadcrumbList\",\"@id\":\"https:\\\/\\\/aztex.ee\\\/de\\\/pood\\\/handtuecher-und-badetuecher\\\/bambus-handtuch-set-3stuck\\\/#breadcrumb\",\"itemListElement\":[{\"@type\":\"ListItem\",\"position\":1,\"name\":\"Startseite\",\"item\":\"https:\\\/\\\/aztex.ee\\\/de\\\/\"},{\"@type\":\"ListItem\",\"position\":2,\"name\":\"Shop\",\"item\":\"https:\\\/\\\/aztex.ee\\\/de\\\/shop\\\/\"},{\"@type\":\"ListItem\",\"position\":3,\"name\":\"Bambus Handtuch-Set\"}]},{\"@type\":\"WebSite\",\"@id\":\"https:\\\/\\\/aztex.ee\\\/de\\\/#website\",\"url\":\"https:\\\/\\\/aztex.ee\\\/de\\\/\",\"name\":\"AZTEX\",\"description\":\"\",\"publisher\":{\"@id\":\"https:\\\/\\\/aztex.ee\\\/de\\\/#organization\"},\"potentialAction\":[{\"@type\":\"SearchAction\",\"target\":{\"@type\":\"EntryPoint\",\"urlTemplate\":\"https:\\\/\\\/aztex.ee\\\/de\\\/?s={search_term_string}\"},\"query-input\":{\"@type\":\"PropertyValueSpecification\",\"valueRequired\":true,\"valueName\":\"search_term_string\"}}],\"inLanguage\":\"de\"},{\"@type\":\"Organization\",\"@id\":\"https:\\\/\\\/aztex.ee\\\/de\\\/#organization\",\"name\":\"AZTEX\",\"url\":\"https:\\\/\\\/aztex.ee\\\/de\\\/\",\"logo\":{\"@type\":\"ImageObject\",\"inLanguage\":\"de\",\"@id\":\"https:\\\/\\\/aztex.ee\\\/de\\\/#\\\/schema\\\/logo\\\/image\\\/\",\"url\":\"https:\\\/\\\/aztex.ee\\\/wp-content\\\/uploads\\\/2026\\\/01\\\/AZTEX.png\",\"contentUrl\":\"https:\\\/\\\/aztex.ee\\\/wp-content\\\/uploads\\\/2026\\\/01\\\/AZTEX.png\",\"width\":500,\"height\":500,\"caption\":\"AZTEX\"},\"image\":{\"@id\":\"https:\\\/\\\/aztex.ee\\\/de\\\/#\\\/schema\\\/logo\\\/image\\\/\"},\"sameAs\":[\"https:\\\/\\\/www.facebook.com\\\/AztexEE\",\"https:\\\/\\\/www.instagram.com\\\/aztexeesti\\\/\",\"https:\\\/\\\/www.youtube.com\\\/@AZTEXEE\",\"https:\\\/\\\/www.pinterest.com\\\/aztex_eesti\\\/\",\"https:\\\/\\\/www.tiktok.com\\\/@aztexeesti\",\"https:\\\/\\\/www.trustpilot.com\\\/review\\\/aztex.ee\",\"https:\\\/\\\/www.linkedin.com\\\/company\\\/aztex-ee\\\/\",\"https:\\\/\\\/www.wikidata.org\\\/wiki\\\/Q137560182\"]}]}<\/script>\n<!-- \/ Yoast SEO plugin. -->","yoast_head_json":{"title":"Handtuchset aus Bio-Bambus | AZTEX","description":"Das Handtuch Set aus Bio-Bambus umfasst 1 Handtuch 70 x 140 cm und 2 Handt\u00fccher 35 x 75 cm mit weicher Textur und hervorragender Saugf\u00e4higkeit.","robots":{"index":"index","follow":"follow","max-snippet":"max-snippet:-1","max-image-preview":"max-image-preview:large","max-video-preview":"max-video-preview:-1"},"canonical":"https:\/\/aztex.ee\/de\/pood\/handtuecher-und-badetuecher\/bambus-handtuch-set-3stuck\/","og_locale":"de_DE","og_type":"article","og_title":"Handtuchset aus Bio-Bambus | AZTEX","og_description":"Das Handtuch Set aus Bio-Bambus umfasst 1 Handtuch 70 x 140 cm und 2 Handt\u00fccher 35 x 75 cm mit weicher Textur und hervorragender Saugf\u00e4higkeit.","og_url":"https:\/\/aztex.ee\/de\/pood\/handtuecher-und-badetuecher\/bambus-handtuch-set-3stuck\/","og_site_name":"AZTEX","article_publisher":"https:\/\/www.facebook.com\/AztexEE","article_modified_time":"2026-04-17T12:53:10+00:00","og_image":[{"width":800,"height":800,"url":"https:\/\/aztex.ee\/wp-content\/uploads\/2025\/01\/Bambusest-ratikute-komplekt-1.jpg","type":"image\/jpeg"}],"twitter_card":"summary_large_image","twitter_misc":{"Gesch\u00e4tzte Lesezeit":"1\u00a0Minute"},"schema":{"@context":"https:\/\/schema.org","@graph":[{"@type":["WebPage","ItemPage"],"@id":"https:\/\/aztex.ee\/de\/pood\/handtuecher-und-badetuecher\/bambus-handtuch-set-3stuck\/","url":"https:\/\/aztex.ee\/de\/pood\/handtuecher-und-badetuecher\/bambus-handtuch-set-3stuck\/","name":"Handtuchset aus Bio-Bambus | AZTEX","isPartOf":{"@id":"https:\/\/aztex.ee\/de\/#website"},"primaryImageOfPage":{"@id":"https:\/\/aztex.ee\/de\/pood\/handtuecher-und-badetuecher\/bambus-handtuch-set-3stuck\/#primaryimage"},"image":{"@id":"https:\/\/aztex.ee\/de\/pood\/handtuecher-und-badetuecher\/bambus-handtuch-set-3stuck\/#primaryimage"},"thumbnailUrl":"https:\/\/aztex.ee\/wp-content\/uploads\/2025\/01\/Bambusest-ratikute-komplekt-1.jpg","datePublished":"2025-01-22T18:25:30+00:00","dateModified":"2026-04-17T12:53:10+00:00","description":"Das Handtuch Set aus Bio-Bambus umfasst 1 Handtuch 70 x 140 cm und 2 Handt\u00fccher 35 x 75 cm mit weicher Textur und hervorragender Saugf\u00e4higkeit.","breadcrumb":{"@id":"https:\/\/aztex.ee\/de\/pood\/handtuecher-und-badetuecher\/bambus-handtuch-set-3stuck\/#breadcrumb"},"inLanguage":"de","potentialAction":[{"@type":"ReadAction","target":["https:\/\/aztex.ee\/de\/pood\/handtuecher-und-badetuecher\/bambus-handtuch-set-3stuck\/"]}]},{"@type":"ImageObject","inLanguage":"de","@id":"https:\/\/aztex.ee\/de\/pood\/handtuecher-und-badetuecher\/bambus-handtuch-set-3stuck\/#primaryimage","url":"https:\/\/aztex.ee\/wp-content\/uploads\/2025\/01\/Bambusest-ratikute-komplekt-1.jpg","contentUrl":"https:\/\/aztex.ee\/wp-content\/uploads\/2025\/01\/Bambusest-ratikute-komplekt-1.jpg","width":800,"height":800,"caption":"Bambusest r\u00e4tikute komplekt"},{"@type":"BreadcrumbList","@id":"https:\/\/aztex.ee\/de\/pood\/handtuecher-und-badetuecher\/bambus-handtuch-set-3stuck\/#breadcrumb","itemListElement":[{"@type":"ListItem","position":1,"name":"Startseite","item":"https:\/\/aztex.ee\/de\/"},{"@type":"ListItem","position":2,"name":"Shop","item":"https:\/\/aztex.ee\/de\/shop\/"},{"@type":"ListItem","position":3,"name":"Bambus Handtuch-Set"}]},{"@type":"WebSite","@id":"https:\/\/aztex.ee\/de\/#website","url":"https:\/\/aztex.ee\/de\/","name":"AZTEX","description":"","publisher":{"@id":"https:\/\/aztex.ee\/de\/#organization"},"potentialAction":[{"@type":"SearchAction","target":{"@type":"EntryPoint","urlTemplate":"https:\/\/aztex.ee\/de\/?s={search_term_string}"},"query-input":{"@type":"PropertyValueSpecification","valueRequired":true,"valueName":"search_term_string"}}],"inLanguage":"de"},{"@type":"Organization","@id":"https:\/\/aztex.ee\/de\/#organization","name":"AZTEX","url":"https:\/\/aztex.ee\/de\/","logo":{"@type":"ImageObject","inLanguage":"de","@id":"https:\/\/aztex.ee\/de\/#\/schema\/logo\/image\/","url":"https:\/\/aztex.ee\/wp-content\/uploads\/2026\/01\/AZTEX.png","contentUrl":"https:\/\/aztex.ee\/wp-content\/uploads\/2026\/01\/AZTEX.png","width":500,"height":500,"caption":"AZTEX"},"image":{"@id":"https:\/\/aztex.ee\/de\/#\/schema\/logo\/image\/"},"sameAs":["https:\/\/www.facebook.com\/AztexEE","https:\/\/www.instagram.com\/aztexeesti\/","https:\/\/www.youtube.com\/@AZTEXEE","https:\/\/www.pinterest.com\/aztex_eesti\/","https:\/\/www.tiktok.com\/@aztexeesti","https:\/\/www.trustpilot.com\/review\/aztex.ee","https:\/\/www.linkedin.com\/company\/aztex-ee\/","https:\/\/www.wikidata.org\/wiki\/Q137560182"]}]}},"_links":{"self":[{"href":"https:\/\/aztex.ee\/de\/wp-json\/wp\/v2\/product\/44128","targetHints":{"allow":["GET"]}}],"collection":[{"href":"https:\/\/aztex.ee\/de\/wp-json\/wp\/v2\/product"}],"about":[{"href":"https:\/\/aztex.ee\/de\/wp-json\/wp\/v2\/types\/product"}],"replies":[{"embeddable":true,"href":"https:\/\/aztex.ee\/de\/wp-json\/wp\/v2\/comments?post=44128"}],"version-history":[{"count":0,"href":"https:\/\/aztex.ee\/de\/wp-json\/wp\/v2\/product\/44128\/revisions"}],"wp:featuredmedia":[{"embeddable":true,"href":"https:\/\/aztex.ee\/de\/wp-json\/wp\/v2\/media\/44220"}],"wp:attachment":[{"href":"https:\/\/aztex.ee\/de\/wp-json\/wp\/v2\/media?parent=44128"}],"wp:term":[{"taxonomy":"product_brand","embeddable":true,"href":"https:\/\/aztex.ee\/de\/wp-json\/wp\/v2\/product_brand?post=44128"},{"taxonomy":"product_cat","embeddable":true,"href":"https:\/\/aztex.ee\/de\/wp-json\/wp\/v2\/product_cat?post=44128"},{"taxonomy":"product_tag","embeddable":true,"href":"https:\/\/aztex.ee\/de\/wp-json\/wp\/v2\/product_tag?post=44128"}],"curies":[{"name":"wp","href":"https:\/\/api.w.org\/{rel}","templated":true}]}}