{"id":41400,"date":"2024-12-29T19:21:50","date_gmt":"2024-12-29T19:21:50","guid":{"rendered":"https:\/\/aztex.ee\/?post_type=product&#038;p=41400"},"modified":"2026-03-21T17:22:30","modified_gmt":"2026-03-21T17:22:30","slug":"bio-bambushandtuch","status":"publish","type":"product","link":"https:\/\/aztex.ee\/de\/pood\/handtuecher-und-badetuecher\/bio-bambushandtuch\/","title":{"rendered":"Bambus Handtuch"},"content":{"rendered":"<p>Bambus handtuch \u2013 eine luxuri\u00f6se und umweltfreundliche Wahl<\/p>\n<p>Ein Bambus handtuch ist die perfekte Wahl f\u00fcr alle, die Wert auf Qualit\u00e4t, Weichheit und Nachhaltigkeit legen. Dieses Handtuch aus nat\u00fcrlicher Bambusfaser ist eine umweltfreundliche Alternative zu herk\u00f6mmlichen Materialien. Bambusfasern sind von Natur aus weich und sorgen f\u00fcr ein sanftes und verw\u00f6hnendes Gef\u00fchl auf der Haut. Dadurch eignet sich ein Bambus handtuch hervorragend f\u00fcr empfindliche Haut, da es die Haut nicht reizt oder ein raues Gef\u00fchl hinterl\u00e4sst.<\/p>\n<p>Bambus handt\u00fccher sind f\u00fcr ihre au\u00dfergew\u00f6hnliche Saugf\u00e4higkeit bekannt und k\u00f6nnen bis zu dreimal mehr Feuchtigkeit aufnehmen als Baumwollhandt\u00fccher. Diese Eigenschaft macht sie ideal f\u00fcr den t\u00e4glichen Gebrauch im Badezimmer, im Spa oder sogar am Strand. Dar\u00fcber hinaus trocknen diese Handt\u00fccher schnell, was dazu beitr\u00e4gt, unangenehme Ger\u00fcche durch Feuchtigkeit zu verhindern. Die nat\u00fcrlichen antibakteriellen Eigenschaften der Bambusfasern tragen au\u00dferdem dazu bei, dass das Handtuch auch nach wiederholtem Gebrauch hygienisch und frisch bleibt.<\/p>\n<p>Umweltfreundlichkeit ist einer der gr\u00f6\u00dften Vorteile von Bambus handt\u00fcchern. Bambus ist eine schnell nachwachsende Pflanze, die ohne Pestizide und D\u00fcngemittel w\u00e4chst. Produkte aus Bambusfasern sind biologisch abbaubar und reduzieren die Umweltbelastung. Sie sind daher ideal f\u00fcr Menschen, die mit ihrem Konsumverhalten die Natur sch\u00fctzen m\u00f6chten.<\/p>\n<p>Stilvoll gestaltete Bambus handt\u00fccher passen in jedes Zuhause und bieten sowohl Funktionalit\u00e4t als auch \u00e4sthetischen Genuss. Ein Bambus handtuch ist auch ein tolles Geschenk, das jeden Empf\u00e4nger begeistern wird.<\/p>\n<p>Pflegeleicht \u2013 waschen Sie das Handtuch im Schonwaschgang bis 40 \u00b0C und vermeiden Sie das Trocknen bei hohen Temperaturen, um seine Weichheit und Haltbarkeit zu erhalten. Ein Bambus handtuch verbindet die Sch\u00f6nheit der Natur mit Funktionalit\u00e4t und sorgt f\u00fcr ein unvergessliches Erlebnis.<\/p>\n","protected":false},"excerpt":{"rendered":"<ul>\n<li>Material: 100% Bambus<\/li>\n<li>Gr\u00f6\u00dfe: 35\u00d775 cm \u00b13<\/li>\n<li>Gewicht: 420 g\/m2<\/li>\n<\/ul>\n","protected":false},"featured_media":41621,"comment_status":"open","ping_status":"closed","template":"","meta":[],"product_brand":[],"product_cat":[983,1725,774,1618,479],"product_tag":[],"class_list":{"0":"post-41400","1":"product","2":"type-product","3":"status-publish","4":"has-post-thumbnail","6":"product_cat-bambus-handtucher","7":"product_cat-handtucher","8":"product_cat-handtucher-35x75-cm","9":"product_cat-handtucher-aus-bambus","10":"product_cat-handtuecher-und-badetuecher","12":"first","13":"instock","14":"shipping-taxable","15":"purchasable","16":"product-type-variable"},"yoast_head":"<!-- This site is optimized with the Yoast SEO plugin v27.3 - https:\/\/yoast.com\/product\/yoast-seo-wordpress\/ -->\n<title>Bio-Bambus Handtuch | AZTEX<\/title>\n<meta name=\"description\" content=\"Bambus handt\u00fccher sind weich und hautfreundlich und daher ideal f\u00fcr den t\u00e4glichen Gebrauch. Dank ihrer schnellen Trocknung sind sie eine gute Wahl f\u00fcr ...\" \/>\n<meta name=\"robots\" content=\"index, follow, max-snippet:-1, max-image-preview:large, max-video-preview:-1\" \/>\n<link rel=\"canonical\" href=\"https:\/\/aztex.ee\/de\/pood\/handtuecher-und-badetuecher\/bio-bambushandtuch\/\" \/>\n<meta property=\"og:locale\" content=\"de_DE\" \/>\n<meta property=\"og:type\" content=\"article\" \/>\n<meta property=\"og:title\" content=\"Bio-Bambus Handtuch | AZTEX\" \/>\n<meta property=\"og:description\" content=\"Bambus handt\u00fccher sind weich und hautfreundlich und daher ideal f\u00fcr den t\u00e4glichen Gebrauch. Dank ihrer schnellen Trocknung sind sie eine gute Wahl f\u00fcr ...\" \/>\n<meta property=\"og:url\" content=\"https:\/\/aztex.ee\/de\/pood\/handtuecher-und-badetuecher\/bio-bambushandtuch\/\" \/>\n<meta property=\"og:site_name\" content=\"AZTEX\" \/>\n<meta property=\"article:publisher\" content=\"https:\/\/www.facebook.com\/AztexEE\" \/>\n<meta property=\"article:modified_time\" content=\"2026-03-21T17:22:30+00:00\" \/>\n<meta property=\"og:image\" content=\"https:\/\/aztex.ee\/wp-content\/uploads\/2024\/12\/Ratik-Bambusest.jpg\" \/>\n\t<meta property=\"og:image:width\" content=\"800\" \/>\n\t<meta property=\"og:image:height\" content=\"800\" \/>\n\t<meta property=\"og:image:type\" content=\"image\/jpeg\" \/>\n<meta name=\"twitter:card\" content=\"summary_large_image\" \/>\n<meta name=\"twitter:label1\" content=\"Gesch\u00e4tzte Lesezeit\" \/>\n\t<meta name=\"twitter:data1\" content=\"2\u00a0Minuten\" \/>\n<script type=\"application\/ld+json\" class=\"yoast-schema-graph\">{\"@context\":\"https:\\\/\\\/schema.org\",\"@graph\":[{\"@type\":[\"WebPage\",\"ItemPage\"],\"@id\":\"https:\\\/\\\/aztex.ee\\\/de\\\/pood\\\/handtuecher-und-badetuecher\\\/bio-bambushandtuch\\\/\",\"url\":\"https:\\\/\\\/aztex.ee\\\/de\\\/pood\\\/handtuecher-und-badetuecher\\\/bio-bambushandtuch\\\/\",\"name\":\"Bio-Bambus Handtuch | AZTEX\",\"isPartOf\":{\"@id\":\"https:\\\/\\\/aztex.ee\\\/de\\\/#website\"},\"primaryImageOfPage\":{\"@id\":\"https:\\\/\\\/aztex.ee\\\/de\\\/pood\\\/handtuecher-und-badetuecher\\\/bio-bambushandtuch\\\/#primaryimage\"},\"image\":{\"@id\":\"https:\\\/\\\/aztex.ee\\\/de\\\/pood\\\/handtuecher-und-badetuecher\\\/bio-bambushandtuch\\\/#primaryimage\"},\"thumbnailUrl\":\"https:\\\/\\\/aztex.ee\\\/wp-content\\\/uploads\\\/2024\\\/12\\\/Ratik-Bambusest.jpg\",\"datePublished\":\"2024-12-29T19:21:50+00:00\",\"dateModified\":\"2026-03-21T17:22:30+00:00\",\"description\":\"Bambus handt\u00fccher sind weich und hautfreundlich und daher ideal f\u00fcr den t\u00e4glichen Gebrauch. Dank ihrer schnellen Trocknung sind sie eine gute Wahl f\u00fcr ...\",\"breadcrumb\":{\"@id\":\"https:\\\/\\\/aztex.ee\\\/de\\\/pood\\\/handtuecher-und-badetuecher\\\/bio-bambushandtuch\\\/#breadcrumb\"},\"inLanguage\":\"de\",\"potentialAction\":[{\"@type\":\"ReadAction\",\"target\":[\"https:\\\/\\\/aztex.ee\\\/de\\\/pood\\\/handtuecher-und-badetuecher\\\/bio-bambushandtuch\\\/\"]}]},{\"@type\":\"ImageObject\",\"inLanguage\":\"de\",\"@id\":\"https:\\\/\\\/aztex.ee\\\/de\\\/pood\\\/handtuecher-und-badetuecher\\\/bio-bambushandtuch\\\/#primaryimage\",\"url\":\"https:\\\/\\\/aztex.ee\\\/wp-content\\\/uploads\\\/2024\\\/12\\\/Ratik-Bambusest.jpg\",\"contentUrl\":\"https:\\\/\\\/aztex.ee\\\/wp-content\\\/uploads\\\/2024\\\/12\\\/Ratik-Bambusest.jpg\",\"width\":800,\"height\":800,\"caption\":\"R\u00e4tik Bambusest\"},{\"@type\":\"BreadcrumbList\",\"@id\":\"https:\\\/\\\/aztex.ee\\\/de\\\/pood\\\/handtuecher-und-badetuecher\\\/bio-bambushandtuch\\\/#breadcrumb\",\"itemListElement\":[{\"@type\":\"ListItem\",\"position\":1,\"name\":\"Startseite\",\"item\":\"https:\\\/\\\/aztex.ee\\\/de\\\/\"},{\"@type\":\"ListItem\",\"position\":2,\"name\":\"Shop\",\"item\":\"https:\\\/\\\/aztex.ee\\\/de\\\/shop\\\/\"},{\"@type\":\"ListItem\",\"position\":3,\"name\":\"Bambus Handtuch\"}]},{\"@type\":\"WebSite\",\"@id\":\"https:\\\/\\\/aztex.ee\\\/de\\\/#website\",\"url\":\"https:\\\/\\\/aztex.ee\\\/de\\\/\",\"name\":\"AZTEX\",\"description\":\"\",\"publisher\":{\"@id\":\"https:\\\/\\\/aztex.ee\\\/de\\\/#organization\"},\"potentialAction\":[{\"@type\":\"SearchAction\",\"target\":{\"@type\":\"EntryPoint\",\"urlTemplate\":\"https:\\\/\\\/aztex.ee\\\/de\\\/?s={search_term_string}\"},\"query-input\":{\"@type\":\"PropertyValueSpecification\",\"valueRequired\":true,\"valueName\":\"search_term_string\"}}],\"inLanguage\":\"de\"},{\"@type\":\"Organization\",\"@id\":\"https:\\\/\\\/aztex.ee\\\/de\\\/#organization\",\"name\":\"AZTEX\",\"url\":\"https:\\\/\\\/aztex.ee\\\/de\\\/\",\"logo\":{\"@type\":\"ImageObject\",\"inLanguage\":\"de\",\"@id\":\"https:\\\/\\\/aztex.ee\\\/de\\\/#\\\/schema\\\/logo\\\/image\\\/\",\"url\":\"https:\\\/\\\/aztex.ee\\\/wp-content\\\/uploads\\\/2026\\\/01\\\/AZTEX.png\",\"contentUrl\":\"https:\\\/\\\/aztex.ee\\\/wp-content\\\/uploads\\\/2026\\\/01\\\/AZTEX.png\",\"width\":500,\"height\":500,\"caption\":\"AZTEX\"},\"image\":{\"@id\":\"https:\\\/\\\/aztex.ee\\\/de\\\/#\\\/schema\\\/logo\\\/image\\\/\"},\"sameAs\":[\"https:\\\/\\\/www.facebook.com\\\/AztexEE\",\"https:\\\/\\\/www.instagram.com\\\/aztexeesti\\\/\",\"https:\\\/\\\/www.youtube.com\\\/@AZTEXEE\",\"https:\\\/\\\/www.pinterest.com\\\/aztex_eesti\\\/\",\"https:\\\/\\\/www.tiktok.com\\\/@aztexeesti\",\"https:\\\/\\\/www.trustpilot.com\\\/review\\\/aztex.ee\",\"https:\\\/\\\/www.linkedin.com\\\/company\\\/aztex-ee\\\/\",\"https:\\\/\\\/www.wikidata.org\\\/wiki\\\/Q137560182\"]}]}<\/script>\n<!-- \/ Yoast SEO plugin. -->","yoast_head_json":{"title":"Bio-Bambus Handtuch | AZTEX","description":"Bambus handt\u00fccher sind weich und hautfreundlich und daher ideal f\u00fcr den t\u00e4glichen Gebrauch. Dank ihrer schnellen Trocknung sind sie eine gute Wahl f\u00fcr ...","robots":{"index":"index","follow":"follow","max-snippet":"max-snippet:-1","max-image-preview":"max-image-preview:large","max-video-preview":"max-video-preview:-1"},"canonical":"https:\/\/aztex.ee\/de\/pood\/handtuecher-und-badetuecher\/bio-bambushandtuch\/","og_locale":"de_DE","og_type":"article","og_title":"Bio-Bambus Handtuch | AZTEX","og_description":"Bambus handt\u00fccher sind weich und hautfreundlich und daher ideal f\u00fcr den t\u00e4glichen Gebrauch. Dank ihrer schnellen Trocknung sind sie eine gute Wahl f\u00fcr ...","og_url":"https:\/\/aztex.ee\/de\/pood\/handtuecher-und-badetuecher\/bio-bambushandtuch\/","og_site_name":"AZTEX","article_publisher":"https:\/\/www.facebook.com\/AztexEE","article_modified_time":"2026-03-21T17:22:30+00:00","og_image":[{"width":800,"height":800,"url":"https:\/\/aztex.ee\/wp-content\/uploads\/2024\/12\/Ratik-Bambusest.jpg","type":"image\/jpeg"}],"twitter_card":"summary_large_image","twitter_misc":{"Gesch\u00e4tzte Lesezeit":"2\u00a0Minuten"},"schema":{"@context":"https:\/\/schema.org","@graph":[{"@type":["WebPage","ItemPage"],"@id":"https:\/\/aztex.ee\/de\/pood\/handtuecher-und-badetuecher\/bio-bambushandtuch\/","url":"https:\/\/aztex.ee\/de\/pood\/handtuecher-und-badetuecher\/bio-bambushandtuch\/","name":"Bio-Bambus Handtuch | AZTEX","isPartOf":{"@id":"https:\/\/aztex.ee\/de\/#website"},"primaryImageOfPage":{"@id":"https:\/\/aztex.ee\/de\/pood\/handtuecher-und-badetuecher\/bio-bambushandtuch\/#primaryimage"},"image":{"@id":"https:\/\/aztex.ee\/de\/pood\/handtuecher-und-badetuecher\/bio-bambushandtuch\/#primaryimage"},"thumbnailUrl":"https:\/\/aztex.ee\/wp-content\/uploads\/2024\/12\/Ratik-Bambusest.jpg","datePublished":"2024-12-29T19:21:50+00:00","dateModified":"2026-03-21T17:22:30+00:00","description":"Bambus handt\u00fccher sind weich und hautfreundlich und daher ideal f\u00fcr den t\u00e4glichen Gebrauch. Dank ihrer schnellen Trocknung sind sie eine gute Wahl f\u00fcr ...","breadcrumb":{"@id":"https:\/\/aztex.ee\/de\/pood\/handtuecher-und-badetuecher\/bio-bambushandtuch\/#breadcrumb"},"inLanguage":"de","potentialAction":[{"@type":"ReadAction","target":["https:\/\/aztex.ee\/de\/pood\/handtuecher-und-badetuecher\/bio-bambushandtuch\/"]}]},{"@type":"ImageObject","inLanguage":"de","@id":"https:\/\/aztex.ee\/de\/pood\/handtuecher-und-badetuecher\/bio-bambushandtuch\/#primaryimage","url":"https:\/\/aztex.ee\/wp-content\/uploads\/2024\/12\/Ratik-Bambusest.jpg","contentUrl":"https:\/\/aztex.ee\/wp-content\/uploads\/2024\/12\/Ratik-Bambusest.jpg","width":800,"height":800,"caption":"R\u00e4tik Bambusest"},{"@type":"BreadcrumbList","@id":"https:\/\/aztex.ee\/de\/pood\/handtuecher-und-badetuecher\/bio-bambushandtuch\/#breadcrumb","itemListElement":[{"@type":"ListItem","position":1,"name":"Startseite","item":"https:\/\/aztex.ee\/de\/"},{"@type":"ListItem","position":2,"name":"Shop","item":"https:\/\/aztex.ee\/de\/shop\/"},{"@type":"ListItem","position":3,"name":"Bambus Handtuch"}]},{"@type":"WebSite","@id":"https:\/\/aztex.ee\/de\/#website","url":"https:\/\/aztex.ee\/de\/","name":"AZTEX","description":"","publisher":{"@id":"https:\/\/aztex.ee\/de\/#organization"},"potentialAction":[{"@type":"SearchAction","target":{"@type":"EntryPoint","urlTemplate":"https:\/\/aztex.ee\/de\/?s={search_term_string}"},"query-input":{"@type":"PropertyValueSpecification","valueRequired":true,"valueName":"search_term_string"}}],"inLanguage":"de"},{"@type":"Organization","@id":"https:\/\/aztex.ee\/de\/#organization","name":"AZTEX","url":"https:\/\/aztex.ee\/de\/","logo":{"@type":"ImageObject","inLanguage":"de","@id":"https:\/\/aztex.ee\/de\/#\/schema\/logo\/image\/","url":"https:\/\/aztex.ee\/wp-content\/uploads\/2026\/01\/AZTEX.png","contentUrl":"https:\/\/aztex.ee\/wp-content\/uploads\/2026\/01\/AZTEX.png","width":500,"height":500,"caption":"AZTEX"},"image":{"@id":"https:\/\/aztex.ee\/de\/#\/schema\/logo\/image\/"},"sameAs":["https:\/\/www.facebook.com\/AztexEE","https:\/\/www.instagram.com\/aztexeesti\/","https:\/\/www.youtube.com\/@AZTEXEE","https:\/\/www.pinterest.com\/aztex_eesti\/","https:\/\/www.tiktok.com\/@aztexeesti","https:\/\/www.trustpilot.com\/review\/aztex.ee","https:\/\/www.linkedin.com\/company\/aztex-ee\/","https:\/\/www.wikidata.org\/wiki\/Q137560182"]}]}},"_links":{"self":[{"href":"https:\/\/aztex.ee\/de\/wp-json\/wp\/v2\/product\/41400","targetHints":{"allow":["GET"]}}],"collection":[{"href":"https:\/\/aztex.ee\/de\/wp-json\/wp\/v2\/product"}],"about":[{"href":"https:\/\/aztex.ee\/de\/wp-json\/wp\/v2\/types\/product"}],"replies":[{"embeddable":true,"href":"https:\/\/aztex.ee\/de\/wp-json\/wp\/v2\/comments?post=41400"}],"version-history":[{"count":0,"href":"https:\/\/aztex.ee\/de\/wp-json\/wp\/v2\/product\/41400\/revisions"}],"wp:featuredmedia":[{"embeddable":true,"href":"https:\/\/aztex.ee\/de\/wp-json\/wp\/v2\/media\/41621"}],"wp:attachment":[{"href":"https:\/\/aztex.ee\/de\/wp-json\/wp\/v2\/media?parent=41400"}],"wp:term":[{"taxonomy":"product_brand","embeddable":true,"href":"https:\/\/aztex.ee\/de\/wp-json\/wp\/v2\/product_brand?post=41400"},{"taxonomy":"product_cat","embeddable":true,"href":"https:\/\/aztex.ee\/de\/wp-json\/wp\/v2\/product_cat?post=41400"},{"taxonomy":"product_tag","embeddable":true,"href":"https:\/\/aztex.ee\/de\/wp-json\/wp\/v2\/product_tag?post=41400"}],"curies":[{"name":"wp","href":"https:\/\/api.w.org\/{rel}","templated":true}]}}