{"id":40755,"date":"2024-12-29T01:34:10","date_gmt":"2024-12-29T01:34:10","guid":{"rendered":"https:\/\/aztex.ee\/?post_type=product&#038;p=40755"},"modified":"2026-03-28T22:10:22","modified_gmt":"2026-03-28T22:10:22","slug":"natuerliches-bambus-handtuch","status":"publish","type":"product","link":"https:\/\/aztex.ee\/de\/pood\/handtuecher-und-badetuecher\/natuerliches-bambus-handtuch\/","title":{"rendered":"Bambus Handtuch"},"content":{"rendered":"<p>Ein Bambus handtuch ist die beste Wahl, denn es vereint nat\u00fcrliche Sch\u00f6nheit und Funktionalit\u00e4t und bietet Ihnen luxuri\u00f6se Weichheit und zeitlose Eleganz. Dieses Handtuch aus 100% Bambusfaser bietet ein au\u00dfergew\u00f6hnliches Benutzererlebnis, da es sowohl langlebig als auch \u00e4u\u00dferst sanft zur Haut ist. Die einzigartigen Eigenschaften von Bambusfasern, wie hervorragende Saugf\u00e4higkeit und schnelles Trocknen, machen es zum idealen Begleiter sowohl f\u00fcr den t\u00e4glichen Gebrauch als auch f\u00fcr besondere Momente, in denen Sie mehr als nur ein Handtuch ben\u00f6tigen.<\/p>\n<p>Die nat\u00fcrlichen antibakteriellen und hypoallergenen Eigenschaften von Bambus machen es zu einer ausgezeichneten Wahl f\u00fcr Menschen mit empfindlicher Haut. Dieses Handtuch ist nicht nur praktisch, sondern auch eine gesundheitsfreundliche L\u00f6sung, die hilft, Ihre Haut sauber und frisch zu halten. Egal, ob Sie trockene oder empfindliche Haut haben, ein Bambushandtuch bietet die Pflege, die Sie brauchen, und sorgt gleichzeitig f\u00fcr Weichheit und Komfort.<\/p>\n<p>Neben seiner Benutzerfreundlichkeit zeichnet sich ein Bambushandtuch auch durch seine Haltbarkeit und einfache Pflege aus. Bambusfasern sind f\u00fcr ihre Haltbarkeit bekannt, was bedeutet, dass das Handtuch auch bei h\u00e4ufigem Waschen lange in gutem Zustand bleibt. Auch die Umweltfreundlichkeit ist von Bedeutung \u2013 Bambus ist ein nachhaltiges Material, das ohne den Einsatz sch\u00e4dlicher Chemikalien angebaut wird.<\/p>\n<p>Ein Bambus handtuch ist nicht nur ein praktischer Gegenstand, sondern auch eine stilvolle Erg\u00e4nzung f\u00fcr die Inneneinrichtung Ihres Zuhauses. Sein minimalistisches und elegantes Design erg\u00e4nzt Ihr Badezimmer und verleiht dem Raum eine gem\u00fctliche und luxuri\u00f6se Atmosph\u00e4re. Die weiche Textur und die nat\u00fcrlichen Farben sorgen f\u00fcr Harmonie und Komfort, die jeden Tag zu etwas Besonderem machen.<\/p>\n<p>Wenn Sie nach einem Handtuch suchen, das Weichheit, Haltbarkeit und Umweltfreundlichkeit vereint, dann ist ein Bambushandtuch die perfekte Wahl. K\u00fcmmern Sie sich um Ihre Haut, Ihr Zuhause und die Natur und verleihen Sie Ihrem Alltag Wert und Pflege.<\/p>\n","protected":false},"excerpt":{"rendered":"<ul>\n<li>Material: 100% Bambus<\/li>\n<li>Gr\u00f6\u00dfe: 35\u00d775 cm \u00b13<\/li>\n<li>Gewicht: 420 g\/m2<\/li>\n<\/ul>\n","protected":false},"featured_media":40898,"comment_status":"open","ping_status":"closed","template":"","meta":[],"product_brand":[],"product_cat":[983,1725,774,1618,479],"product_tag":[],"class_list":{"0":"post-40755","1":"product","2":"type-product","3":"status-publish","4":"has-post-thumbnail","6":"product_cat-bambus-handtucher","7":"product_cat-handtucher","8":"product_cat-handtucher-35x75-cm","9":"product_cat-handtucher-aus-bambus","10":"product_cat-handtuecher-und-badetuecher","12":"first","13":"instock","14":"shipping-taxable","15":"purchasable","16":"product-type-variable"},"yoast_head":"<!-- This site is optimized with the Yoast SEO plugin v27.3 - https:\/\/yoast.com\/product\/yoast-seo-wordpress\/ -->\n<title>Bambus Handtuch | AZTEX<\/title>\n<meta name=\"description\" content=\"Bambus handt\u00fccher sind weich und ideal f\u00fcr den t\u00e4glichen Gebrauch. Ihre schnelltrocknenden Eigenschaften machen sie zu einer praktischen Wahl.\" \/>\n<meta name=\"robots\" content=\"index, follow, max-snippet:-1, max-image-preview:large, max-video-preview:-1\" \/>\n<link rel=\"canonical\" href=\"https:\/\/aztex.ee\/de\/pood\/handtuecher-und-badetuecher\/natuerliches-bambus-handtuch\/\" \/>\n<meta property=\"og:locale\" content=\"de_DE\" \/>\n<meta property=\"og:type\" content=\"article\" \/>\n<meta property=\"og:title\" content=\"Bambus Handtuch | AZTEX\" \/>\n<meta property=\"og:description\" content=\"Bambus handt\u00fccher sind weich und ideal f\u00fcr den t\u00e4glichen Gebrauch. Ihre schnelltrocknenden Eigenschaften machen sie zu einer praktischen Wahl.\" \/>\n<meta property=\"og:url\" content=\"https:\/\/aztex.ee\/de\/pood\/handtuecher-und-badetuecher\/natuerliches-bambus-handtuch\/\" \/>\n<meta property=\"og:site_name\" content=\"AZTEX\" \/>\n<meta property=\"article:publisher\" content=\"https:\/\/www.facebook.com\/AztexEE\" \/>\n<meta property=\"article:modified_time\" content=\"2026-03-28T22:10:22+00:00\" \/>\n<meta property=\"og:image\" content=\"https:\/\/aztex.ee\/wp-content\/uploads\/2024\/12\/Bambusest-ratik.jpg\" \/>\n\t<meta property=\"og:image:width\" content=\"800\" \/>\n\t<meta property=\"og:image:height\" content=\"800\" \/>\n\t<meta property=\"og:image:type\" content=\"image\/jpeg\" \/>\n<meta name=\"twitter:card\" content=\"summary_large_image\" \/>\n<meta name=\"twitter:label1\" content=\"Gesch\u00e4tzte Lesezeit\" \/>\n\t<meta name=\"twitter:data1\" content=\"2\u00a0Minuten\" \/>\n<script type=\"application\/ld+json\" class=\"yoast-schema-graph\">{\"@context\":\"https:\\\/\\\/schema.org\",\"@graph\":[{\"@type\":[\"WebPage\",\"ItemPage\"],\"@id\":\"https:\\\/\\\/aztex.ee\\\/de\\\/pood\\\/handtuecher-und-badetuecher\\\/natuerliches-bambus-handtuch\\\/\",\"url\":\"https:\\\/\\\/aztex.ee\\\/de\\\/pood\\\/handtuecher-und-badetuecher\\\/natuerliches-bambus-handtuch\\\/\",\"name\":\"Bambus Handtuch | AZTEX\",\"isPartOf\":{\"@id\":\"https:\\\/\\\/aztex.ee\\\/de\\\/#website\"},\"primaryImageOfPage\":{\"@id\":\"https:\\\/\\\/aztex.ee\\\/de\\\/pood\\\/handtuecher-und-badetuecher\\\/natuerliches-bambus-handtuch\\\/#primaryimage\"},\"image\":{\"@id\":\"https:\\\/\\\/aztex.ee\\\/de\\\/pood\\\/handtuecher-und-badetuecher\\\/natuerliches-bambus-handtuch\\\/#primaryimage\"},\"thumbnailUrl\":\"https:\\\/\\\/aztex.ee\\\/wp-content\\\/uploads\\\/2024\\\/12\\\/Bambusest-ratik.jpg\",\"datePublished\":\"2024-12-29T01:34:10+00:00\",\"dateModified\":\"2026-03-28T22:10:22+00:00\",\"description\":\"Bambus handt\u00fccher sind weich und ideal f\u00fcr den t\u00e4glichen Gebrauch. Ihre schnelltrocknenden Eigenschaften machen sie zu einer praktischen Wahl.\",\"breadcrumb\":{\"@id\":\"https:\\\/\\\/aztex.ee\\\/de\\\/pood\\\/handtuecher-und-badetuecher\\\/natuerliches-bambus-handtuch\\\/#breadcrumb\"},\"inLanguage\":\"de\",\"potentialAction\":[{\"@type\":\"ReadAction\",\"target\":[\"https:\\\/\\\/aztex.ee\\\/de\\\/pood\\\/handtuecher-und-badetuecher\\\/natuerliches-bambus-handtuch\\\/\"]}]},{\"@type\":\"ImageObject\",\"inLanguage\":\"de\",\"@id\":\"https:\\\/\\\/aztex.ee\\\/de\\\/pood\\\/handtuecher-und-badetuecher\\\/natuerliches-bambus-handtuch\\\/#primaryimage\",\"url\":\"https:\\\/\\\/aztex.ee\\\/wp-content\\\/uploads\\\/2024\\\/12\\\/Bambusest-ratik.jpg\",\"contentUrl\":\"https:\\\/\\\/aztex.ee\\\/wp-content\\\/uploads\\\/2024\\\/12\\\/Bambusest-ratik.jpg\",\"width\":800,\"height\":800,\"caption\":\"Bambusest r\u00e4tik\"},{\"@type\":\"BreadcrumbList\",\"@id\":\"https:\\\/\\\/aztex.ee\\\/de\\\/pood\\\/handtuecher-und-badetuecher\\\/natuerliches-bambus-handtuch\\\/#breadcrumb\",\"itemListElement\":[{\"@type\":\"ListItem\",\"position\":1,\"name\":\"Startseite\",\"item\":\"https:\\\/\\\/aztex.ee\\\/de\\\/\"},{\"@type\":\"ListItem\",\"position\":2,\"name\":\"Shop\",\"item\":\"https:\\\/\\\/aztex.ee\\\/de\\\/shop\\\/\"},{\"@type\":\"ListItem\",\"position\":3,\"name\":\"Bambus Handtuch\"}]},{\"@type\":\"WebSite\",\"@id\":\"https:\\\/\\\/aztex.ee\\\/de\\\/#website\",\"url\":\"https:\\\/\\\/aztex.ee\\\/de\\\/\",\"name\":\"AZTEX\",\"description\":\"\",\"publisher\":{\"@id\":\"https:\\\/\\\/aztex.ee\\\/de\\\/#organization\"},\"potentialAction\":[{\"@type\":\"SearchAction\",\"target\":{\"@type\":\"EntryPoint\",\"urlTemplate\":\"https:\\\/\\\/aztex.ee\\\/de\\\/?s={search_term_string}\"},\"query-input\":{\"@type\":\"PropertyValueSpecification\",\"valueRequired\":true,\"valueName\":\"search_term_string\"}}],\"inLanguage\":\"de\"},{\"@type\":\"Organization\",\"@id\":\"https:\\\/\\\/aztex.ee\\\/de\\\/#organization\",\"name\":\"AZTEX\",\"url\":\"https:\\\/\\\/aztex.ee\\\/de\\\/\",\"logo\":{\"@type\":\"ImageObject\",\"inLanguage\":\"de\",\"@id\":\"https:\\\/\\\/aztex.ee\\\/de\\\/#\\\/schema\\\/logo\\\/image\\\/\",\"url\":\"https:\\\/\\\/aztex.ee\\\/wp-content\\\/uploads\\\/2026\\\/01\\\/AZTEX.png\",\"contentUrl\":\"https:\\\/\\\/aztex.ee\\\/wp-content\\\/uploads\\\/2026\\\/01\\\/AZTEX.png\",\"width\":500,\"height\":500,\"caption\":\"AZTEX\"},\"image\":{\"@id\":\"https:\\\/\\\/aztex.ee\\\/de\\\/#\\\/schema\\\/logo\\\/image\\\/\"},\"sameAs\":[\"https:\\\/\\\/www.facebook.com\\\/AztexEE\",\"https:\\\/\\\/www.instagram.com\\\/aztexeesti\\\/\",\"https:\\\/\\\/www.youtube.com\\\/@AZTEXEE\",\"https:\\\/\\\/www.pinterest.com\\\/aztex_eesti\\\/\",\"https:\\\/\\\/www.tiktok.com\\\/@aztexeesti\",\"https:\\\/\\\/www.trustpilot.com\\\/review\\\/aztex.ee\",\"https:\\\/\\\/www.linkedin.com\\\/company\\\/aztex-ee\\\/\",\"https:\\\/\\\/www.wikidata.org\\\/wiki\\\/Q137560182\"]}]}<\/script>\n<!-- \/ Yoast SEO plugin. -->","yoast_head_json":{"title":"Bambus Handtuch | AZTEX","description":"Bambus handt\u00fccher sind weich und ideal f\u00fcr den t\u00e4glichen Gebrauch. Ihre schnelltrocknenden Eigenschaften machen sie zu einer praktischen Wahl.","robots":{"index":"index","follow":"follow","max-snippet":"max-snippet:-1","max-image-preview":"max-image-preview:large","max-video-preview":"max-video-preview:-1"},"canonical":"https:\/\/aztex.ee\/de\/pood\/handtuecher-und-badetuecher\/natuerliches-bambus-handtuch\/","og_locale":"de_DE","og_type":"article","og_title":"Bambus Handtuch | AZTEX","og_description":"Bambus handt\u00fccher sind weich und ideal f\u00fcr den t\u00e4glichen Gebrauch. Ihre schnelltrocknenden Eigenschaften machen sie zu einer praktischen Wahl.","og_url":"https:\/\/aztex.ee\/de\/pood\/handtuecher-und-badetuecher\/natuerliches-bambus-handtuch\/","og_site_name":"AZTEX","article_publisher":"https:\/\/www.facebook.com\/AztexEE","article_modified_time":"2026-03-28T22:10:22+00:00","og_image":[{"width":800,"height":800,"url":"https:\/\/aztex.ee\/wp-content\/uploads\/2024\/12\/Bambusest-ratik.jpg","type":"image\/jpeg"}],"twitter_card":"summary_large_image","twitter_misc":{"Gesch\u00e4tzte Lesezeit":"2\u00a0Minuten"},"schema":{"@context":"https:\/\/schema.org","@graph":[{"@type":["WebPage","ItemPage"],"@id":"https:\/\/aztex.ee\/de\/pood\/handtuecher-und-badetuecher\/natuerliches-bambus-handtuch\/","url":"https:\/\/aztex.ee\/de\/pood\/handtuecher-und-badetuecher\/natuerliches-bambus-handtuch\/","name":"Bambus Handtuch | AZTEX","isPartOf":{"@id":"https:\/\/aztex.ee\/de\/#website"},"primaryImageOfPage":{"@id":"https:\/\/aztex.ee\/de\/pood\/handtuecher-und-badetuecher\/natuerliches-bambus-handtuch\/#primaryimage"},"image":{"@id":"https:\/\/aztex.ee\/de\/pood\/handtuecher-und-badetuecher\/natuerliches-bambus-handtuch\/#primaryimage"},"thumbnailUrl":"https:\/\/aztex.ee\/wp-content\/uploads\/2024\/12\/Bambusest-ratik.jpg","datePublished":"2024-12-29T01:34:10+00:00","dateModified":"2026-03-28T22:10:22+00:00","description":"Bambus handt\u00fccher sind weich und ideal f\u00fcr den t\u00e4glichen Gebrauch. Ihre schnelltrocknenden Eigenschaften machen sie zu einer praktischen Wahl.","breadcrumb":{"@id":"https:\/\/aztex.ee\/de\/pood\/handtuecher-und-badetuecher\/natuerliches-bambus-handtuch\/#breadcrumb"},"inLanguage":"de","potentialAction":[{"@type":"ReadAction","target":["https:\/\/aztex.ee\/de\/pood\/handtuecher-und-badetuecher\/natuerliches-bambus-handtuch\/"]}]},{"@type":"ImageObject","inLanguage":"de","@id":"https:\/\/aztex.ee\/de\/pood\/handtuecher-und-badetuecher\/natuerliches-bambus-handtuch\/#primaryimage","url":"https:\/\/aztex.ee\/wp-content\/uploads\/2024\/12\/Bambusest-ratik.jpg","contentUrl":"https:\/\/aztex.ee\/wp-content\/uploads\/2024\/12\/Bambusest-ratik.jpg","width":800,"height":800,"caption":"Bambusest r\u00e4tik"},{"@type":"BreadcrumbList","@id":"https:\/\/aztex.ee\/de\/pood\/handtuecher-und-badetuecher\/natuerliches-bambus-handtuch\/#breadcrumb","itemListElement":[{"@type":"ListItem","position":1,"name":"Startseite","item":"https:\/\/aztex.ee\/de\/"},{"@type":"ListItem","position":2,"name":"Shop","item":"https:\/\/aztex.ee\/de\/shop\/"},{"@type":"ListItem","position":3,"name":"Bambus Handtuch"}]},{"@type":"WebSite","@id":"https:\/\/aztex.ee\/de\/#website","url":"https:\/\/aztex.ee\/de\/","name":"AZTEX","description":"","publisher":{"@id":"https:\/\/aztex.ee\/de\/#organization"},"potentialAction":[{"@type":"SearchAction","target":{"@type":"EntryPoint","urlTemplate":"https:\/\/aztex.ee\/de\/?s={search_term_string}"},"query-input":{"@type":"PropertyValueSpecification","valueRequired":true,"valueName":"search_term_string"}}],"inLanguage":"de"},{"@type":"Organization","@id":"https:\/\/aztex.ee\/de\/#organization","name":"AZTEX","url":"https:\/\/aztex.ee\/de\/","logo":{"@type":"ImageObject","inLanguage":"de","@id":"https:\/\/aztex.ee\/de\/#\/schema\/logo\/image\/","url":"https:\/\/aztex.ee\/wp-content\/uploads\/2026\/01\/AZTEX.png","contentUrl":"https:\/\/aztex.ee\/wp-content\/uploads\/2026\/01\/AZTEX.png","width":500,"height":500,"caption":"AZTEX"},"image":{"@id":"https:\/\/aztex.ee\/de\/#\/schema\/logo\/image\/"},"sameAs":["https:\/\/www.facebook.com\/AztexEE","https:\/\/www.instagram.com\/aztexeesti\/","https:\/\/www.youtube.com\/@AZTEXEE","https:\/\/www.pinterest.com\/aztex_eesti\/","https:\/\/www.tiktok.com\/@aztexeesti","https:\/\/www.trustpilot.com\/review\/aztex.ee","https:\/\/www.linkedin.com\/company\/aztex-ee\/","https:\/\/www.wikidata.org\/wiki\/Q137560182"]}]}},"_links":{"self":[{"href":"https:\/\/aztex.ee\/de\/wp-json\/wp\/v2\/product\/40755","targetHints":{"allow":["GET"]}}],"collection":[{"href":"https:\/\/aztex.ee\/de\/wp-json\/wp\/v2\/product"}],"about":[{"href":"https:\/\/aztex.ee\/de\/wp-json\/wp\/v2\/types\/product"}],"replies":[{"embeddable":true,"href":"https:\/\/aztex.ee\/de\/wp-json\/wp\/v2\/comments?post=40755"}],"version-history":[{"count":0,"href":"https:\/\/aztex.ee\/de\/wp-json\/wp\/v2\/product\/40755\/revisions"}],"wp:featuredmedia":[{"embeddable":true,"href":"https:\/\/aztex.ee\/de\/wp-json\/wp\/v2\/media\/40898"}],"wp:attachment":[{"href":"https:\/\/aztex.ee\/de\/wp-json\/wp\/v2\/media?parent=40755"}],"wp:term":[{"taxonomy":"product_brand","embeddable":true,"href":"https:\/\/aztex.ee\/de\/wp-json\/wp\/v2\/product_brand?post=40755"},{"taxonomy":"product_cat","embeddable":true,"href":"https:\/\/aztex.ee\/de\/wp-json\/wp\/v2\/product_cat?post=40755"},{"taxonomy":"product_tag","embeddable":true,"href":"https:\/\/aztex.ee\/de\/wp-json\/wp\/v2\/product_tag?post=40755"}],"curies":[{"name":"wp","href":"https:\/\/api.w.org\/{rel}","templated":true}]}}