{"id":31783,"date":"2024-11-11T15:24:24","date_gmt":"2024-11-11T15:24:24","guid":{"rendered":"https:\/\/aztex.ee\/?post_type=product&#038;p=31783"},"modified":"2026-02-17T14:25:28","modified_gmt":"2026-02-17T14:25:28","slug":"bettwaescheset-gold-leaf","status":"publish","type":"product","link":"https:\/\/aztex.ee\/de\/pood\/bettwaesche\/bettwaescheset-gold-leaf\/","title":{"rendered":"Bettw\u00e4scheset | Gold leaf"},"content":{"rendered":"<p>Das Bettw\u00e4scheset aus 100 % Baumwolle bringt nat\u00fcrliche Weichheit und Komfort in Ihr Schlafzimmer, den Sie wirklich genie\u00dfen werden. Diese Bettw\u00e4sche besteht aus atmungsaktiver, echter Baumwolle, die dem K\u00f6rper hilft, die ideale Temperatur w\u00e4hrend der Nacht aufrechtzuerhalten, und sorgt in warmen N\u00e4chten f\u00fcr K\u00fchle und in k\u00fchleren N\u00e4chten f\u00fcr W\u00e4rme. Es ist eine gro\u00dfartige Wahl f\u00fcr alle, die ein nat\u00fcrliches Material suchen, das selbst f\u00fcr empfindliche Haut sanft ist.<\/p>\n<p>Das zeitlose und elegante Design der Bettw\u00e4sche wertet jedes Schlafzimmer auf und verleiht dem Raum Weichheit und Gelassenheit. Die hochwertige Baumwolle bleibt langlebig und wird mit jeder W\u00e4sche noch weicher, wodurch ein luxuri\u00f6ses Gef\u00fchl entsteht, das lange anh\u00e4lt. Genie\u00dfen Sie mit Bettw\u00e4sche aus 100 % Baumwolle jede Nacht einen wirklich gem\u00fctlichen und naturnahen Urlaub.<\/p>\n","protected":false},"excerpt":{"rendered":"<p>Nat\u00fcrlich weiches und atmungsaktives Bettw\u00e4scheset aus 100 % Baumwolle, das f\u00fcr einen bequemen und erholsamen Schlaf sorgt.<\/p>\n<ul>\n<li>Material: 100% Baumwolle<\/li>\n<li>Stoff: Satin<\/li>\n<li>Fadenzahl: 255 TC<\/li>\n<li>Bettbezug: 200\u00d7230 cm<\/li>\n<li>Kissenbezug: 50\u00d775 cm (2 St\u00fcck)<\/li>\n<li>Bettlaken: Nicht enthalten<\/li>\n<li>Komfort: Atmungsaktiv und weiche Textur<\/li>\n<\/ul>\n<p><img loading=\"lazy\" decoding=\"async\" class=\"alignnone size-full wp-image-30411\" src=\"https:\/\/aztex.ee\/wp-content\/uploads\/2024\/11\/100puuvilll.png\" alt=\"\" width=\"275\" height=\"76\" srcset=\"https:\/\/aztex.ee\/wp-content\/uploads\/2024\/11\/100puuvilll.png 275w, https:\/\/aztex.ee\/wp-content\/uploads\/2024\/11\/100puuvilll-150x41.png 150w\" sizes=\"auto, (max-width: 275px) 100vw, 275px\" \/><\/p>\n","protected":false},"featured_media":31804,"comment_status":"open","ping_status":"closed","template":"","meta":[],"product_brand":[],"product_cat":[167,273,108,509,609,380],"product_tag":[],"class_list":{"0":"post-31783","1":"product","2":"type-product","3":"status-publish","4":"has-post-thumbnail","6":"product_cat-baumwoll-bettwasche","7":"product_cat-baumwoll-bettwasche-200-230","8":"product_cat-bettwaesche","9":"product_cat-bettwasche-sets","10":"product_cat-satin-bettwasche-sets","11":"product_cat-satin-bettwasche","13":"first","14":"instock","15":"shipping-taxable","16":"purchasable","17":"product-type-simple"},"yoast_head":"<!-- This site is optimized with the Yoast SEO plugin v27.4 - https:\/\/yoast.com\/product\/yoast-seo-wordpress\/ -->\n<title>Bettw\u00e4scheset | Gold leaf | AZTEX<\/title>\n<meta name=\"description\" content=\"Baumwoll Bettw\u00e4sche Set Gold leaf 200x230 cm, die perfekte Wahl f\u00fcr einen weichen und bequemen Schlaf. Mit seiner Textur aus 100 % Baumwolle bietet es ein\" \/>\n<meta name=\"robots\" content=\"index, follow, max-snippet:-1, max-image-preview:large, max-video-preview:-1\" \/>\n<link rel=\"canonical\" href=\"https:\/\/aztex.ee\/de\/pood\/bettwaesche\/bettwaescheset-gold-leaf\/\" \/>\n<meta property=\"og:locale\" content=\"de_DE\" \/>\n<meta property=\"og:type\" content=\"article\" \/>\n<meta property=\"og:title\" content=\"Bettw\u00e4scheset | Gold leaf | AZTEX\" \/>\n<meta property=\"og:description\" content=\"Baumwoll Bettw\u00e4sche Set Gold leaf 200x230 cm, die perfekte Wahl f\u00fcr einen weichen und bequemen Schlaf. Mit seiner Textur aus 100 % Baumwolle bietet es ein\" \/>\n<meta property=\"og:url\" content=\"https:\/\/aztex.ee\/de\/pood\/bettwaesche\/bettwaescheset-gold-leaf\/\" \/>\n<meta property=\"og:site_name\" content=\"AZTEX\" \/>\n<meta property=\"article:publisher\" content=\"https:\/\/www.facebook.com\/AztexEE\" \/>\n<meta property=\"article:modified_time\" content=\"2026-02-17T14:25:28+00:00\" \/>\n<meta property=\"og:image\" content=\"https:\/\/aztex.ee\/wp-content\/uploads\/2024\/11\/Voodipesukomplekt-10.jpg\" \/>\n\t<meta property=\"og:image:width\" content=\"800\" \/>\n\t<meta property=\"og:image:height\" content=\"800\" \/>\n\t<meta property=\"og:image:type\" content=\"image\/jpeg\" \/>\n<meta name=\"twitter:card\" content=\"summary_large_image\" \/>\n<meta name=\"twitter:label1\" content=\"Gesch\u00e4tzte Lesezeit\" \/>\n\t<meta name=\"twitter:data1\" content=\"1\u00a0Minute\" \/>\n<script type=\"application\/ld+json\" class=\"yoast-schema-graph\">{\"@context\":\"https:\\\/\\\/schema.org\",\"@graph\":[{\"@type\":[\"WebPage\",\"ItemPage\"],\"@id\":\"https:\\\/\\\/aztex.ee\\\/de\\\/pood\\\/bettwaesche\\\/bettwaescheset-gold-leaf\\\/\",\"url\":\"https:\\\/\\\/aztex.ee\\\/de\\\/pood\\\/bettwaesche\\\/bettwaescheset-gold-leaf\\\/\",\"name\":\"Bettw\u00e4scheset | Gold leaf | AZTEX\",\"isPartOf\":{\"@id\":\"https:\\\/\\\/aztex.ee\\\/de\\\/#website\"},\"primaryImageOfPage\":{\"@id\":\"https:\\\/\\\/aztex.ee\\\/de\\\/pood\\\/bettwaesche\\\/bettwaescheset-gold-leaf\\\/#primaryimage\"},\"image\":{\"@id\":\"https:\\\/\\\/aztex.ee\\\/de\\\/pood\\\/bettwaesche\\\/bettwaescheset-gold-leaf\\\/#primaryimage\"},\"thumbnailUrl\":\"https:\\\/\\\/aztex.ee\\\/wp-content\\\/uploads\\\/2024\\\/11\\\/Voodipesukomplekt-10.jpg\",\"datePublished\":\"2024-11-11T15:24:24+00:00\",\"dateModified\":\"2026-02-17T14:25:28+00:00\",\"description\":\"Baumwoll Bettw\u00e4sche Set Gold leaf 200x230 cm, die perfekte Wahl f\u00fcr einen weichen und bequemen Schlaf. Mit seiner Textur aus 100 % Baumwolle bietet es ein\",\"breadcrumb\":{\"@id\":\"https:\\\/\\\/aztex.ee\\\/de\\\/pood\\\/bettwaesche\\\/bettwaescheset-gold-leaf\\\/#breadcrumb\"},\"inLanguage\":\"de\",\"potentialAction\":[{\"@type\":\"ReadAction\",\"target\":[\"https:\\\/\\\/aztex.ee\\\/de\\\/pood\\\/bettwaesche\\\/bettwaescheset-gold-leaf\\\/\"]}]},{\"@type\":\"ImageObject\",\"inLanguage\":\"de\",\"@id\":\"https:\\\/\\\/aztex.ee\\\/de\\\/pood\\\/bettwaesche\\\/bettwaescheset-gold-leaf\\\/#primaryimage\",\"url\":\"https:\\\/\\\/aztex.ee\\\/wp-content\\\/uploads\\\/2024\\\/11\\\/Voodipesukomplekt-10.jpg\",\"contentUrl\":\"https:\\\/\\\/aztex.ee\\\/wp-content\\\/uploads\\\/2024\\\/11\\\/Voodipesukomplekt-10.jpg\",\"width\":800,\"height\":800,\"caption\":\"Voodipesukomplekt\"},{\"@type\":\"BreadcrumbList\",\"@id\":\"https:\\\/\\\/aztex.ee\\\/de\\\/pood\\\/bettwaesche\\\/bettwaescheset-gold-leaf\\\/#breadcrumb\",\"itemListElement\":[{\"@type\":\"ListItem\",\"position\":1,\"name\":\"Startseite\",\"item\":\"https:\\\/\\\/aztex.ee\\\/de\\\/\"},{\"@type\":\"ListItem\",\"position\":2,\"name\":\"Shop\",\"item\":\"https:\\\/\\\/aztex.ee\\\/de\\\/shop\\\/\"},{\"@type\":\"ListItem\",\"position\":3,\"name\":\"Bettw\u00e4scheset | Gold leaf\"}]},{\"@type\":\"WebSite\",\"@id\":\"https:\\\/\\\/aztex.ee\\\/de\\\/#website\",\"url\":\"https:\\\/\\\/aztex.ee\\\/de\\\/\",\"name\":\"AZTEX\",\"description\":\"\",\"publisher\":{\"@id\":\"https:\\\/\\\/aztex.ee\\\/de\\\/#organization\"},\"potentialAction\":[{\"@type\":\"SearchAction\",\"target\":{\"@type\":\"EntryPoint\",\"urlTemplate\":\"https:\\\/\\\/aztex.ee\\\/de\\\/?s={search_term_string}\"},\"query-input\":{\"@type\":\"PropertyValueSpecification\",\"valueRequired\":true,\"valueName\":\"search_term_string\"}}],\"inLanguage\":\"de\"},{\"@type\":\"Organization\",\"@id\":\"https:\\\/\\\/aztex.ee\\\/de\\\/#organization\",\"name\":\"AZTEX\",\"url\":\"https:\\\/\\\/aztex.ee\\\/de\\\/\",\"logo\":{\"@type\":\"ImageObject\",\"inLanguage\":\"de\",\"@id\":\"https:\\\/\\\/aztex.ee\\\/de\\\/#\\\/schema\\\/logo\\\/image\\\/\",\"url\":\"https:\\\/\\\/aztex.ee\\\/wp-content\\\/uploads\\\/2026\\\/01\\\/AZTEX.png\",\"contentUrl\":\"https:\\\/\\\/aztex.ee\\\/wp-content\\\/uploads\\\/2026\\\/01\\\/AZTEX.png\",\"width\":500,\"height\":500,\"caption\":\"AZTEX\"},\"image\":{\"@id\":\"https:\\\/\\\/aztex.ee\\\/de\\\/#\\\/schema\\\/logo\\\/image\\\/\"},\"sameAs\":[\"https:\\\/\\\/www.facebook.com\\\/AztexEE\",\"https:\\\/\\\/www.instagram.com\\\/aztexeesti\\\/\",\"https:\\\/\\\/www.youtube.com\\\/@AZTEXEE\",\"https:\\\/\\\/www.pinterest.com\\\/aztex_eesti\\\/\",\"https:\\\/\\\/www.tiktok.com\\\/@aztexeesti\",\"https:\\\/\\\/www.trustpilot.com\\\/review\\\/aztex.ee\",\"https:\\\/\\\/www.linkedin.com\\\/company\\\/aztex-ee\\\/\",\"https:\\\/\\\/www.wikidata.org\\\/wiki\\\/Q137560182\"]}]}<\/script>\n<!-- \/ Yoast SEO plugin. -->","yoast_head_json":{"title":"Bettw\u00e4scheset | Gold leaf | AZTEX","description":"Baumwoll Bettw\u00e4sche Set Gold leaf 200x230 cm, die perfekte Wahl f\u00fcr einen weichen und bequemen Schlaf. Mit seiner Textur aus 100 % Baumwolle bietet es ein","robots":{"index":"index","follow":"follow","max-snippet":"max-snippet:-1","max-image-preview":"max-image-preview:large","max-video-preview":"max-video-preview:-1"},"canonical":"https:\/\/aztex.ee\/de\/pood\/bettwaesche\/bettwaescheset-gold-leaf\/","og_locale":"de_DE","og_type":"article","og_title":"Bettw\u00e4scheset | Gold leaf | AZTEX","og_description":"Baumwoll Bettw\u00e4sche Set Gold leaf 200x230 cm, die perfekte Wahl f\u00fcr einen weichen und bequemen Schlaf. Mit seiner Textur aus 100 % Baumwolle bietet es ein","og_url":"https:\/\/aztex.ee\/de\/pood\/bettwaesche\/bettwaescheset-gold-leaf\/","og_site_name":"AZTEX","article_publisher":"https:\/\/www.facebook.com\/AztexEE","article_modified_time":"2026-02-17T14:25:28+00:00","og_image":[{"width":800,"height":800,"url":"https:\/\/aztex.ee\/wp-content\/uploads\/2024\/11\/Voodipesukomplekt-10.jpg","type":"image\/jpeg"}],"twitter_card":"summary_large_image","twitter_misc":{"Gesch\u00e4tzte Lesezeit":"1\u00a0Minute"},"schema":{"@context":"https:\/\/schema.org","@graph":[{"@type":["WebPage","ItemPage"],"@id":"https:\/\/aztex.ee\/de\/pood\/bettwaesche\/bettwaescheset-gold-leaf\/","url":"https:\/\/aztex.ee\/de\/pood\/bettwaesche\/bettwaescheset-gold-leaf\/","name":"Bettw\u00e4scheset | Gold leaf | AZTEX","isPartOf":{"@id":"https:\/\/aztex.ee\/de\/#website"},"primaryImageOfPage":{"@id":"https:\/\/aztex.ee\/de\/pood\/bettwaesche\/bettwaescheset-gold-leaf\/#primaryimage"},"image":{"@id":"https:\/\/aztex.ee\/de\/pood\/bettwaesche\/bettwaescheset-gold-leaf\/#primaryimage"},"thumbnailUrl":"https:\/\/aztex.ee\/wp-content\/uploads\/2024\/11\/Voodipesukomplekt-10.jpg","datePublished":"2024-11-11T15:24:24+00:00","dateModified":"2026-02-17T14:25:28+00:00","description":"Baumwoll Bettw\u00e4sche Set Gold leaf 200x230 cm, die perfekte Wahl f\u00fcr einen weichen und bequemen Schlaf. Mit seiner Textur aus 100 % Baumwolle bietet es ein","breadcrumb":{"@id":"https:\/\/aztex.ee\/de\/pood\/bettwaesche\/bettwaescheset-gold-leaf\/#breadcrumb"},"inLanguage":"de","potentialAction":[{"@type":"ReadAction","target":["https:\/\/aztex.ee\/de\/pood\/bettwaesche\/bettwaescheset-gold-leaf\/"]}]},{"@type":"ImageObject","inLanguage":"de","@id":"https:\/\/aztex.ee\/de\/pood\/bettwaesche\/bettwaescheset-gold-leaf\/#primaryimage","url":"https:\/\/aztex.ee\/wp-content\/uploads\/2024\/11\/Voodipesukomplekt-10.jpg","contentUrl":"https:\/\/aztex.ee\/wp-content\/uploads\/2024\/11\/Voodipesukomplekt-10.jpg","width":800,"height":800,"caption":"Voodipesukomplekt"},{"@type":"BreadcrumbList","@id":"https:\/\/aztex.ee\/de\/pood\/bettwaesche\/bettwaescheset-gold-leaf\/#breadcrumb","itemListElement":[{"@type":"ListItem","position":1,"name":"Startseite","item":"https:\/\/aztex.ee\/de\/"},{"@type":"ListItem","position":2,"name":"Shop","item":"https:\/\/aztex.ee\/de\/shop\/"},{"@type":"ListItem","position":3,"name":"Bettw\u00e4scheset | Gold leaf"}]},{"@type":"WebSite","@id":"https:\/\/aztex.ee\/de\/#website","url":"https:\/\/aztex.ee\/de\/","name":"AZTEX","description":"","publisher":{"@id":"https:\/\/aztex.ee\/de\/#organization"},"potentialAction":[{"@type":"SearchAction","target":{"@type":"EntryPoint","urlTemplate":"https:\/\/aztex.ee\/de\/?s={search_term_string}"},"query-input":{"@type":"PropertyValueSpecification","valueRequired":true,"valueName":"search_term_string"}}],"inLanguage":"de"},{"@type":"Organization","@id":"https:\/\/aztex.ee\/de\/#organization","name":"AZTEX","url":"https:\/\/aztex.ee\/de\/","logo":{"@type":"ImageObject","inLanguage":"de","@id":"https:\/\/aztex.ee\/de\/#\/schema\/logo\/image\/","url":"https:\/\/aztex.ee\/wp-content\/uploads\/2026\/01\/AZTEX.png","contentUrl":"https:\/\/aztex.ee\/wp-content\/uploads\/2026\/01\/AZTEX.png","width":500,"height":500,"caption":"AZTEX"},"image":{"@id":"https:\/\/aztex.ee\/de\/#\/schema\/logo\/image\/"},"sameAs":["https:\/\/www.facebook.com\/AztexEE","https:\/\/www.instagram.com\/aztexeesti\/","https:\/\/www.youtube.com\/@AZTEXEE","https:\/\/www.pinterest.com\/aztex_eesti\/","https:\/\/www.tiktok.com\/@aztexeesti","https:\/\/www.trustpilot.com\/review\/aztex.ee","https:\/\/www.linkedin.com\/company\/aztex-ee\/","https:\/\/www.wikidata.org\/wiki\/Q137560182"]}]}},"_links":{"self":[{"href":"https:\/\/aztex.ee\/de\/wp-json\/wp\/v2\/product\/31783","targetHints":{"allow":["GET"]}}],"collection":[{"href":"https:\/\/aztex.ee\/de\/wp-json\/wp\/v2\/product"}],"about":[{"href":"https:\/\/aztex.ee\/de\/wp-json\/wp\/v2\/types\/product"}],"replies":[{"embeddable":true,"href":"https:\/\/aztex.ee\/de\/wp-json\/wp\/v2\/comments?post=31783"}],"version-history":[{"count":0,"href":"https:\/\/aztex.ee\/de\/wp-json\/wp\/v2\/product\/31783\/revisions"}],"wp:featuredmedia":[{"embeddable":true,"href":"https:\/\/aztex.ee\/de\/wp-json\/wp\/v2\/media\/31804"}],"wp:attachment":[{"href":"https:\/\/aztex.ee\/de\/wp-json\/wp\/v2\/media?parent=31783"}],"wp:term":[{"taxonomy":"product_brand","embeddable":true,"href":"https:\/\/aztex.ee\/de\/wp-json\/wp\/v2\/product_brand?post=31783"},{"taxonomy":"product_cat","embeddable":true,"href":"https:\/\/aztex.ee\/de\/wp-json\/wp\/v2\/product_cat?post=31783"},{"taxonomy":"product_tag","embeddable":true,"href":"https:\/\/aztex.ee\/de\/wp-json\/wp\/v2\/product_tag?post=31783"}],"curies":[{"name":"wp","href":"https:\/\/api.w.org\/{rel}","templated":true}]}}