{"id":25105,"date":"2024-09-29T10:00:13","date_gmt":"2024-09-29T10:00:13","guid":{"rendered":"https:\/\/aztex.ee\/?post_type=product&#038;p=25105"},"modified":"2026-01-11T15:54:28","modified_gmt":"2026-01-11T15:54:28","slug":"satin-bettwaesche-set-love","status":"publish","type":"product","link":"https:\/\/aztex.ee\/de\/pood\/bettwaesche\/satin-bettwaesche-set-love\/","title":{"rendered":"Satin Bettw\u00e4sche-Set | Love"},"content":{"rendered":"<p>Satin-Bettw\u00e4sche ist die perfekte Wahl, wenn Sie Weichheit und Eleganz in Ihrem Schlafzimmer suchen. Hergestellt aus hochwertiger Baumwolle, die die Haut streichelt und ein luxuri\u00f6ses Schlaferlebnis schafft. Das atmungsaktive Material reguliert die K\u00f6rpertemperatur und sorgt daf\u00fcr, dass Sie zu jeder Jahreszeit bequem schlafen \u2013 egal, ob es im Sommer k\u00fchler oder im Winter w\u00e4rmer ist. Dar\u00fcber hinaus ist die Bettw\u00e4sche pflegeleicht und maschinenwaschbar, was sie perfekt f\u00fcr den t\u00e4glichen Gebrauch macht. Aktualisieren Sie Ihr Schlafzimmer mit unserem wundersch\u00f6nen Satin-Bettw\u00e4scheset und genie\u00dfen Sie den luxuri\u00f6sen Komfort, den Sie sich immer gew\u00fcnscht haben!<\/p>\n","protected":false},"excerpt":{"rendered":"<p>Satin-Bettw\u00e4sche-Set ist hautvertr\u00e4glich und atmungsaktiv und sorgt so f\u00fcr ein ideales Schlafklima.<\/p>\n<ul>\n<li>Material: 100% Baumwolle<\/li>\n<li>Stoff: Satin<\/li>\n<li>Fadenzahl: 300 TC<\/li>\n<li>Bettbezug: 200\u00d7220 cm<\/li>\n<li>Kissenbezug: 50\u00d775 cm (2 St\u00fcck)<\/li>\n<li>Bettlaken: Nicht enthalten<\/li>\n<li>Komfort: Atmungsaktiv und weiche Textur<\/li>\n<\/ul>\n<p><img loading=\"lazy\" decoding=\"async\" class=\"alignnone size-full wp-image-24731\" src=\"https:\/\/aztex.ee\/wp-content\/uploads\/2024\/09\/cottonlogo33.png\" alt=\"\" width=\"165\" height=\"73\" srcset=\"https:\/\/aztex.ee\/wp-content\/uploads\/2024\/09\/cottonlogo33.png 165w, https:\/\/aztex.ee\/wp-content\/uploads\/2024\/09\/cottonlogo33-150x66.png 150w\" sizes=\"auto, (max-width: 165px) 100vw, 165px\" \/><\/p>\n","protected":false},"featured_media":25126,"comment_status":"open","ping_status":"closed","template":"","meta":[],"product_brand":[],"product_cat":[167,272,108,509,609,380],"product_tag":[],"class_list":{"0":"post-25105","1":"product","2":"type-product","3":"status-publish","4":"has-post-thumbnail","6":"product_cat-baumwoll-bettwasche","7":"product_cat-baumwoll-bettwasche-200-220","8":"product_cat-bettwaesche","9":"product_cat-bettwasche-sets","10":"product_cat-satin-bettwasche-sets","11":"product_cat-satin-bettwasche","13":"first","14":"instock","15":"shipping-taxable","16":"purchasable","17":"product-type-simple"},"yoast_head":"<!-- This site is optimized with the Yoast SEO plugin v27.3 - https:\/\/yoast.com\/product\/yoast-seo-wordpress\/ -->\n<title>Satin Bettw\u00e4sche-Set | Love | AZTEX<\/title>\n<meta name=\"description\" content=\"Bettw\u00e4scheset aus 100 % Baumwollsatin mit eleganten Lavendelmustern bringt eine von der Natur inspirierte Eleganz in Ihr Schlafzimmer. Es sorgt mit ....\" \/>\n<meta name=\"robots\" content=\"index, follow, max-snippet:-1, max-image-preview:large, max-video-preview:-1\" \/>\n<link rel=\"canonical\" href=\"https:\/\/aztex.ee\/de\/pood\/bettwaesche\/satin-bettwaesche-set-love\/\" \/>\n<meta property=\"og:locale\" content=\"de_DE\" \/>\n<meta property=\"og:type\" content=\"article\" \/>\n<meta property=\"og:title\" content=\"Satin Bettw\u00e4sche-Set | Love | AZTEX\" \/>\n<meta property=\"og:description\" content=\"Bettw\u00e4scheset aus 100 % Baumwollsatin mit eleganten Lavendelmustern bringt eine von der Natur inspirierte Eleganz in Ihr Schlafzimmer. Es sorgt mit ....\" \/>\n<meta property=\"og:url\" content=\"https:\/\/aztex.ee\/de\/pood\/bettwaesche\/satin-bettwaesche-set-love\/\" \/>\n<meta property=\"og:site_name\" content=\"AZTEX\" \/>\n<meta property=\"article:publisher\" content=\"https:\/\/www.facebook.com\/AztexEE\" \/>\n<meta property=\"article:modified_time\" content=\"2026-01-11T15:54:28+00:00\" \/>\n<meta property=\"og:image\" content=\"https:\/\/aztex.ee\/wp-content\/uploads\/2024\/09\/Satiinist-voodipesukomplekt-1-2.jpg\" \/>\n\t<meta property=\"og:image:width\" content=\"800\" \/>\n\t<meta property=\"og:image:height\" content=\"800\" \/>\n\t<meta property=\"og:image:type\" content=\"image\/jpeg\" \/>\n<meta name=\"twitter:card\" content=\"summary_large_image\" \/>\n<meta name=\"twitter:label1\" content=\"Gesch\u00e4tzte Lesezeit\" \/>\n\t<meta name=\"twitter:data1\" content=\"1\u00a0Minute\" \/>\n<script type=\"application\/ld+json\" class=\"yoast-schema-graph\">{\"@context\":\"https:\\\/\\\/schema.org\",\"@graph\":[{\"@type\":[\"WebPage\",\"ItemPage\"],\"@id\":\"https:\\\/\\\/aztex.ee\\\/de\\\/pood\\\/bettwaesche\\\/satin-bettwaesche-set-love\\\/\",\"url\":\"https:\\\/\\\/aztex.ee\\\/de\\\/pood\\\/bettwaesche\\\/satin-bettwaesche-set-love\\\/\",\"name\":\"Satin Bettw\u00e4sche-Set | Love | AZTEX\",\"isPartOf\":{\"@id\":\"https:\\\/\\\/aztex.ee\\\/de\\\/#website\"},\"primaryImageOfPage\":{\"@id\":\"https:\\\/\\\/aztex.ee\\\/de\\\/pood\\\/bettwaesche\\\/satin-bettwaesche-set-love\\\/#primaryimage\"},\"image\":{\"@id\":\"https:\\\/\\\/aztex.ee\\\/de\\\/pood\\\/bettwaesche\\\/satin-bettwaesche-set-love\\\/#primaryimage\"},\"thumbnailUrl\":\"https:\\\/\\\/aztex.ee\\\/wp-content\\\/uploads\\\/2024\\\/09\\\/Satiinist-voodipesukomplekt-1-2.jpg\",\"datePublished\":\"2024-09-29T10:00:13+00:00\",\"dateModified\":\"2026-01-11T15:54:28+00:00\",\"description\":\"Bettw\u00e4scheset aus 100 % Baumwollsatin mit eleganten Lavendelmustern bringt eine von der Natur inspirierte Eleganz in Ihr Schlafzimmer. Es sorgt mit ....\",\"breadcrumb\":{\"@id\":\"https:\\\/\\\/aztex.ee\\\/de\\\/pood\\\/bettwaesche\\\/satin-bettwaesche-set-love\\\/#breadcrumb\"},\"inLanguage\":\"de\",\"potentialAction\":[{\"@type\":\"ReadAction\",\"target\":[\"https:\\\/\\\/aztex.ee\\\/de\\\/pood\\\/bettwaesche\\\/satin-bettwaesche-set-love\\\/\"]}]},{\"@type\":\"ImageObject\",\"inLanguage\":\"de\",\"@id\":\"https:\\\/\\\/aztex.ee\\\/de\\\/pood\\\/bettwaesche\\\/satin-bettwaesche-set-love\\\/#primaryimage\",\"url\":\"https:\\\/\\\/aztex.ee\\\/wp-content\\\/uploads\\\/2024\\\/09\\\/Satiinist-voodipesukomplekt-1-2.jpg\",\"contentUrl\":\"https:\\\/\\\/aztex.ee\\\/wp-content\\\/uploads\\\/2024\\\/09\\\/Satiinist-voodipesukomplekt-1-2.jpg\",\"width\":800,\"height\":800},{\"@type\":\"BreadcrumbList\",\"@id\":\"https:\\\/\\\/aztex.ee\\\/de\\\/pood\\\/bettwaesche\\\/satin-bettwaesche-set-love\\\/#breadcrumb\",\"itemListElement\":[{\"@type\":\"ListItem\",\"position\":1,\"name\":\"Startseite\",\"item\":\"https:\\\/\\\/aztex.ee\\\/de\\\/\"},{\"@type\":\"ListItem\",\"position\":2,\"name\":\"Shop\",\"item\":\"https:\\\/\\\/aztex.ee\\\/de\\\/shop\\\/\"},{\"@type\":\"ListItem\",\"position\":3,\"name\":\"Satin Bettw\u00e4sche-Set | Love\"}]},{\"@type\":\"WebSite\",\"@id\":\"https:\\\/\\\/aztex.ee\\\/de\\\/#website\",\"url\":\"https:\\\/\\\/aztex.ee\\\/de\\\/\",\"name\":\"AZTEX\",\"description\":\"\",\"publisher\":{\"@id\":\"https:\\\/\\\/aztex.ee\\\/de\\\/#organization\"},\"potentialAction\":[{\"@type\":\"SearchAction\",\"target\":{\"@type\":\"EntryPoint\",\"urlTemplate\":\"https:\\\/\\\/aztex.ee\\\/de\\\/?s={search_term_string}\"},\"query-input\":{\"@type\":\"PropertyValueSpecification\",\"valueRequired\":true,\"valueName\":\"search_term_string\"}}],\"inLanguage\":\"de\"},{\"@type\":\"Organization\",\"@id\":\"https:\\\/\\\/aztex.ee\\\/de\\\/#organization\",\"name\":\"AZTEX\",\"url\":\"https:\\\/\\\/aztex.ee\\\/de\\\/\",\"logo\":{\"@type\":\"ImageObject\",\"inLanguage\":\"de\",\"@id\":\"https:\\\/\\\/aztex.ee\\\/de\\\/#\\\/schema\\\/logo\\\/image\\\/\",\"url\":\"https:\\\/\\\/aztex.ee\\\/wp-content\\\/uploads\\\/2026\\\/01\\\/AZTEX.png\",\"contentUrl\":\"https:\\\/\\\/aztex.ee\\\/wp-content\\\/uploads\\\/2026\\\/01\\\/AZTEX.png\",\"width\":500,\"height\":500,\"caption\":\"AZTEX\"},\"image\":{\"@id\":\"https:\\\/\\\/aztex.ee\\\/de\\\/#\\\/schema\\\/logo\\\/image\\\/\"},\"sameAs\":[\"https:\\\/\\\/www.facebook.com\\\/AztexEE\",\"https:\\\/\\\/www.instagram.com\\\/aztexeesti\\\/\",\"https:\\\/\\\/www.youtube.com\\\/@AZTEXEE\",\"https:\\\/\\\/www.pinterest.com\\\/aztex_eesti\\\/\",\"https:\\\/\\\/www.tiktok.com\\\/@aztexeesti\",\"https:\\\/\\\/www.trustpilot.com\\\/review\\\/aztex.ee\",\"https:\\\/\\\/www.linkedin.com\\\/company\\\/aztex-ee\\\/\",\"https:\\\/\\\/www.wikidata.org\\\/wiki\\\/Q137560182\"]}]}<\/script>\n<!-- \/ Yoast SEO plugin. -->","yoast_head_json":{"title":"Satin Bettw\u00e4sche-Set | Love | AZTEX","description":"Bettw\u00e4scheset aus 100 % Baumwollsatin mit eleganten Lavendelmustern bringt eine von der Natur inspirierte Eleganz in Ihr Schlafzimmer. Es sorgt mit ....","robots":{"index":"index","follow":"follow","max-snippet":"max-snippet:-1","max-image-preview":"max-image-preview:large","max-video-preview":"max-video-preview:-1"},"canonical":"https:\/\/aztex.ee\/de\/pood\/bettwaesche\/satin-bettwaesche-set-love\/","og_locale":"de_DE","og_type":"article","og_title":"Satin Bettw\u00e4sche-Set | Love | AZTEX","og_description":"Bettw\u00e4scheset aus 100 % Baumwollsatin mit eleganten Lavendelmustern bringt eine von der Natur inspirierte Eleganz in Ihr Schlafzimmer. Es sorgt mit ....","og_url":"https:\/\/aztex.ee\/de\/pood\/bettwaesche\/satin-bettwaesche-set-love\/","og_site_name":"AZTEX","article_publisher":"https:\/\/www.facebook.com\/AztexEE","article_modified_time":"2026-01-11T15:54:28+00:00","og_image":[{"width":800,"height":800,"url":"https:\/\/aztex.ee\/wp-content\/uploads\/2024\/09\/Satiinist-voodipesukomplekt-1-2.jpg","type":"image\/jpeg"}],"twitter_card":"summary_large_image","twitter_misc":{"Gesch\u00e4tzte Lesezeit":"1\u00a0Minute"},"schema":{"@context":"https:\/\/schema.org","@graph":[{"@type":["WebPage","ItemPage"],"@id":"https:\/\/aztex.ee\/de\/pood\/bettwaesche\/satin-bettwaesche-set-love\/","url":"https:\/\/aztex.ee\/de\/pood\/bettwaesche\/satin-bettwaesche-set-love\/","name":"Satin Bettw\u00e4sche-Set | Love | AZTEX","isPartOf":{"@id":"https:\/\/aztex.ee\/de\/#website"},"primaryImageOfPage":{"@id":"https:\/\/aztex.ee\/de\/pood\/bettwaesche\/satin-bettwaesche-set-love\/#primaryimage"},"image":{"@id":"https:\/\/aztex.ee\/de\/pood\/bettwaesche\/satin-bettwaesche-set-love\/#primaryimage"},"thumbnailUrl":"https:\/\/aztex.ee\/wp-content\/uploads\/2024\/09\/Satiinist-voodipesukomplekt-1-2.jpg","datePublished":"2024-09-29T10:00:13+00:00","dateModified":"2026-01-11T15:54:28+00:00","description":"Bettw\u00e4scheset aus 100 % Baumwollsatin mit eleganten Lavendelmustern bringt eine von der Natur inspirierte Eleganz in Ihr Schlafzimmer. Es sorgt mit ....","breadcrumb":{"@id":"https:\/\/aztex.ee\/de\/pood\/bettwaesche\/satin-bettwaesche-set-love\/#breadcrumb"},"inLanguage":"de","potentialAction":[{"@type":"ReadAction","target":["https:\/\/aztex.ee\/de\/pood\/bettwaesche\/satin-bettwaesche-set-love\/"]}]},{"@type":"ImageObject","inLanguage":"de","@id":"https:\/\/aztex.ee\/de\/pood\/bettwaesche\/satin-bettwaesche-set-love\/#primaryimage","url":"https:\/\/aztex.ee\/wp-content\/uploads\/2024\/09\/Satiinist-voodipesukomplekt-1-2.jpg","contentUrl":"https:\/\/aztex.ee\/wp-content\/uploads\/2024\/09\/Satiinist-voodipesukomplekt-1-2.jpg","width":800,"height":800},{"@type":"BreadcrumbList","@id":"https:\/\/aztex.ee\/de\/pood\/bettwaesche\/satin-bettwaesche-set-love\/#breadcrumb","itemListElement":[{"@type":"ListItem","position":1,"name":"Startseite","item":"https:\/\/aztex.ee\/de\/"},{"@type":"ListItem","position":2,"name":"Shop","item":"https:\/\/aztex.ee\/de\/shop\/"},{"@type":"ListItem","position":3,"name":"Satin Bettw\u00e4sche-Set | Love"}]},{"@type":"WebSite","@id":"https:\/\/aztex.ee\/de\/#website","url":"https:\/\/aztex.ee\/de\/","name":"AZTEX","description":"","publisher":{"@id":"https:\/\/aztex.ee\/de\/#organization"},"potentialAction":[{"@type":"SearchAction","target":{"@type":"EntryPoint","urlTemplate":"https:\/\/aztex.ee\/de\/?s={search_term_string}"},"query-input":{"@type":"PropertyValueSpecification","valueRequired":true,"valueName":"search_term_string"}}],"inLanguage":"de"},{"@type":"Organization","@id":"https:\/\/aztex.ee\/de\/#organization","name":"AZTEX","url":"https:\/\/aztex.ee\/de\/","logo":{"@type":"ImageObject","inLanguage":"de","@id":"https:\/\/aztex.ee\/de\/#\/schema\/logo\/image\/","url":"https:\/\/aztex.ee\/wp-content\/uploads\/2026\/01\/AZTEX.png","contentUrl":"https:\/\/aztex.ee\/wp-content\/uploads\/2026\/01\/AZTEX.png","width":500,"height":500,"caption":"AZTEX"},"image":{"@id":"https:\/\/aztex.ee\/de\/#\/schema\/logo\/image\/"},"sameAs":["https:\/\/www.facebook.com\/AztexEE","https:\/\/www.instagram.com\/aztexeesti\/","https:\/\/www.youtube.com\/@AZTEXEE","https:\/\/www.pinterest.com\/aztex_eesti\/","https:\/\/www.tiktok.com\/@aztexeesti","https:\/\/www.trustpilot.com\/review\/aztex.ee","https:\/\/www.linkedin.com\/company\/aztex-ee\/","https:\/\/www.wikidata.org\/wiki\/Q137560182"]}]}},"_links":{"self":[{"href":"https:\/\/aztex.ee\/de\/wp-json\/wp\/v2\/product\/25105","targetHints":{"allow":["GET"]}}],"collection":[{"href":"https:\/\/aztex.ee\/de\/wp-json\/wp\/v2\/product"}],"about":[{"href":"https:\/\/aztex.ee\/de\/wp-json\/wp\/v2\/types\/product"}],"replies":[{"embeddable":true,"href":"https:\/\/aztex.ee\/de\/wp-json\/wp\/v2\/comments?post=25105"}],"version-history":[{"count":0,"href":"https:\/\/aztex.ee\/de\/wp-json\/wp\/v2\/product\/25105\/revisions"}],"wp:featuredmedia":[{"embeddable":true,"href":"https:\/\/aztex.ee\/de\/wp-json\/wp\/v2\/media\/25126"}],"wp:attachment":[{"href":"https:\/\/aztex.ee\/de\/wp-json\/wp\/v2\/media?parent=25105"}],"wp:term":[{"taxonomy":"product_brand","embeddable":true,"href":"https:\/\/aztex.ee\/de\/wp-json\/wp\/v2\/product_brand?post=25105"},{"taxonomy":"product_cat","embeddable":true,"href":"https:\/\/aztex.ee\/de\/wp-json\/wp\/v2\/product_cat?post=25105"},{"taxonomy":"product_tag","embeddable":true,"href":"https:\/\/aztex.ee\/de\/wp-json\/wp\/v2\/product_tag?post=25105"}],"curies":[{"name":"wp","href":"https:\/\/api.w.org\/{rel}","templated":true}]}}